{"id":13538,"date":"2015-11-03T16:09:22","date_gmt":"2015-11-03T15:09:22","guid":{"rendered":"https:\/\/www.itakaescolapios.org\/?page_id=13538"},"modified":"2023-11-28T12:38:35","modified_gmt":"2023-11-28T11:38:35","slug":"juego-de-pistas","status":"publish","type":"page","link":"https:\/\/www.itakaescolapios.org\/es\/juego-de-pistas\/","title":{"rendered":"JUEGO DE PISTAS"},"content":{"rendered":"<p style=\"text-align: justify;\"><a href=\"https:\/\/www.itakaescolapios.org\/wp-content\/uploads\/2015\/11\/LOOK-COLOR-SIN-FONDO.jpg\"><img decoding=\"async\" class=\"size-medium wp-image-13897 alignleft\" alt=\"LOOK COLOR SIN FONDO\" src=\"https:\/\/www.itakaescolapios.org\/wp-content\/uploads\/2015\/11\/LOOK-COLOR-SIN-FONDO-214x300.jpg\" width=\"214\" height=\"300\" srcset=\"https:\/\/www.itakaescolapios.org\/wp-content\/uploads\/2015\/11\/LOOK-COLOR-SIN-FONDO-214x300.jpg 214w, https:\/\/www.itakaescolapios.org\/wp-content\/uploads\/2015\/11\/LOOK-COLOR-SIN-FONDO-731x1024.jpg 731w, https:\/\/www.itakaescolapios.org\/wp-content\/uploads\/2015\/11\/LOOK-COLOR-SIN-FONDO-250x349.jpg 250w, https:\/\/www.itakaescolapios.org\/wp-content\/uploads\/2015\/11\/LOOK-COLOR-SIN-FONDO.jpg 1071w\" sizes=\"(max-width: 214px) 100vw, 214px\" \/><\/a>Esta actividad se debe de realizar previa a la del GRAN MURAL DEL ASRAMA, puesto que nos servir\u00e1 para trabajar en el aula la tem\u00e1tica que nos corresponda por curso.<\/p>\n<p style=\"text-align: justify;\">Una vez buscada la informaci\u00f3n, se dividir\u00e1 la clase por grupos (tres o cuatro grupos) y se les pasar\u00e1 una pregunta que tendr\u00e1n que responder con la informaci\u00f3n que han buscado. Cuando tienen la respuesta, acuden al profesor o profesora que tendr\u00e1 todas las respuestas a las preguntas y les dir\u00e1 si es correcta. Si es as\u00ed, les da una pieza de puzzle (parte de un mapa con la respuesta por detr\u00e1s) y les har\u00e1 otra pregunta. Ganar\u00e1 el equipo de la clase que m\u00e1s r\u00e1pidamente consiga las cuatro piezas del puzzle. Por tanto, cada clase tiene que tener 4 puzzles divididos en cuatro partes, cada una con una respuesta a las preguntas.<\/p>\n<p style=\"text-align: center;\" align=\"center\"><span style=\"color: #aea73c;\"><strong><a href=\"https:\/\/www.itakaescolapios.org\/wp-content\/uploads\/2015\/11\/mapas.pdf\"><span style=\"color: #aea73c;\">Desc\u00e1rgate los puzles para el juego de pistas<\/span><\/a><\/strong><\/span><\/p>\n<p style=\"text-align: justify;\" align=\"center\">Si hay tiempo y el funcionamiento del grupo lo permite, el profesor o profesora habr\u00e1 escondido previamente los trozos de puzzles por el colegio (patio), junto con un sobre con la siguiente pregunta, por lo que, en lugar de hac\u00e9rsela simplemente, al escuchar la respuesta correcta, los env\u00eda a buscar ese sobre. Los m\u00e1s peque\u00f1os de primaria pueden contestar las preguntas despu\u00e9s de la explicaci\u00f3n que les d\u00e9 el profesor sobre su tem\u00e1tica y que vayan todos juntos a buscar la pieza del puzzle, sin dividirse en grupos. Para algunas respuestas se les dar\u00e1 a los alumnos la revista de campa\u00f1as (fotocopiada) de donde podr\u00e1n obtener datos tambi\u00e9n (los concretos de Atamb\u00faa), adem\u00e1s de los que puedan haber buscado ellos.<\/p>\n<p style=\"text-align: center;\"><strong><span style=\"color: #aea73c;\"><a href=\"https:\/\/www.itakaescolapios.org\/wp-content\/uploads\/2015\/11\/JUEGO-DE-PISTAS.pdf\" target=\"_blank\" rel=\"noopener\"><span style=\"color: #aea73c;\">Desc\u00e1rgate las preguntas y respuestas del Juego de Pistas<\/span><\/a><\/span><br \/>\n<\/strong><\/p>\n<p>Para acceder a informaci\u00f3n con la que trabajar en el aula pincha en el siguiente enlace:<\/p>\n<p style=\"text-align: center;\"><span style=\"color: #aea73c;\"><strong><a href=\"https:\/\/www.itakaescolapios.org\/informacion-sobre-indonesia-atambua-el-asrama\/\" target=\"_blank\" rel=\"noopener\"><span style=\"color: #aea73c;\">MAS INFORMACI\u00d3N SOBRE INDONESIA, ATAMBUA, EL ASRAMA, LOS ESCOLAPIOS EN INDONESIA, ..<\/span><\/a><\/strong><\/span><\/p>\n<p><!--more--><\/p>\n","protected":false},"excerpt":{"rendered":"<p>Esta actividad se debe de realizar previa a la del GRAN MURAL DEL ASRAMA, puesto que nos servir\u00e1 para trabajar en el aula la tem\u00e1tica que nos corresponda por curso. [&hellip;]<\/p>\n","protected":false},"author":46,"featured_media":0,"parent":0,"menu_order":0,"comment_status":"closed","ping_status":"closed","template":"","meta":{"_et_pb_use_builder":"","_et_pb_old_content":"","_et_gb_content_width":"","footnotes":""},"class_list":["post-13538","page","type-page","status-publish","hentry"],"yoast_head":"<!-- This site is optimized with the Yoast SEO plugin v27.3 - https:\/\/yoast.com\/product\/yoast-seo-wordpress\/ -->\n<title>JUEGO DE PISTAS - Itaka-Escolapios<\/title>\n<meta name=\"robots\" content=\"index, follow, max-snippet:-1, max-image-preview:large, max-video-preview:-1\" \/>\n<link rel=\"canonical\" href=\"https:\/\/www.itakaescolapios.org\/es\/juego-de-pistas\/\" \/>\n<meta property=\"og:locale\" content=\"es_ES\" \/>\n<meta property=\"og:type\" content=\"article\" \/>\n<meta property=\"og:title\" content=\"JUEGO DE PISTAS - Itaka-Escolapios\" \/>\n<meta property=\"og:description\" content=\"Esta actividad se debe de realizar previa a la del GRAN MURAL DEL ASRAMA, puesto que nos servir\u00e1 para trabajar en el aula la tem\u00e1tica que nos corresponda por curso. [&hellip;]\" \/>\n<meta property=\"og:url\" content=\"https:\/\/www.itakaescolapios.org\/es\/juego-de-pistas\/\" \/>\n<meta property=\"og:site_name\" content=\"Itaka-Escolapios\" \/>\n<meta property=\"article:modified_time\" content=\"2023-11-28T11:38:35+00:00\" \/>\n<meta property=\"og:image\" content=\"https:\/\/www.itakaescolapios.org\/wp-content\/uploads\/2015\/11\/LOOK-COLOR-SIN-FONDO.jpg\" \/>\n\t<meta property=\"og:image:width\" content=\"1071\" \/>\n\t<meta property=\"og:image:height\" content=\"1500\" \/>\n\t<meta property=\"og:image:type\" content=\"image\/jpeg\" \/>\n<meta name=\"twitter:card\" content=\"summary_large_image\" \/>\n<meta name=\"twitter:label1\" content=\"Tiempo de lectura\" \/>\n\t<meta name=\"twitter:data1\" content=\"2 minutos\" \/>\n<script type=\"application\/ld+json\" class=\"yoast-schema-graph\">{\"@context\":\"https:\\\/\\\/schema.org\",\"@graph\":[{\"@type\":\"WebPage\",\"@id\":\"https:\\\/\\\/www.itakaescolapios.org\\\/es\\\/juego-de-pistas\\\/\",\"url\":\"https:\\\/\\\/www.itakaescolapios.org\\\/es\\\/juego-de-pistas\\\/\",\"name\":\"JUEGO DE PISTAS - Itaka-Escolapios\",\"isPartOf\":{\"@id\":\"https:\\\/\\\/www.itakaescolapios.org\\\/es\\\/#website\"},\"primaryImageOfPage\":{\"@id\":\"https:\\\/\\\/www.itakaescolapios.org\\\/es\\\/juego-de-pistas\\\/#primaryimage\"},\"image\":{\"@id\":\"https:\\\/\\\/www.itakaescolapios.org\\\/es\\\/juego-de-pistas\\\/#primaryimage\"},\"thumbnailUrl\":\"https:\\\/\\\/www.itakaescolapios.org\\\/wp-content\\\/uploads\\\/2015\\\/11\\\/LOOK-COLOR-SIN-FONDO-214x300.jpg\",\"datePublished\":\"2015-11-03T15:09:22+00:00\",\"dateModified\":\"2023-11-28T11:38:35+00:00\",\"breadcrumb\":{\"@id\":\"https:\\\/\\\/www.itakaescolapios.org\\\/es\\\/juego-de-pistas\\\/#breadcrumb\"},\"inLanguage\":\"es\",\"potentialAction\":[{\"@type\":\"ReadAction\",\"target\":[\"https:\\\/\\\/www.itakaescolapios.org\\\/es\\\/juego-de-pistas\\\/\"]}]},{\"@type\":\"ImageObject\",\"inLanguage\":\"es\",\"@id\":\"https:\\\/\\\/www.itakaescolapios.org\\\/es\\\/juego-de-pistas\\\/#primaryimage\",\"url\":\"https:\\\/\\\/www.itakaescolapios.org\\\/wp-content\\\/uploads\\\/2015\\\/11\\\/LOOK-COLOR-SIN-FONDO-214x300.jpg\",\"contentUrl\":\"https:\\\/\\\/www.itakaescolapios.org\\\/wp-content\\\/uploads\\\/2015\\\/11\\\/LOOK-COLOR-SIN-FONDO-214x300.jpg\"},{\"@type\":\"BreadcrumbList\",\"@id\":\"https:\\\/\\\/www.itakaescolapios.org\\\/es\\\/juego-de-pistas\\\/#breadcrumb\",\"itemListElement\":[{\"@type\":\"ListItem\",\"position\":1,\"name\":\"Portada\",\"item\":\"https:\\\/\\\/www.itakaescolapios.org\\\/es\\\/\"},{\"@type\":\"ListItem\",\"position\":2,\"name\":\"JUEGO DE PISTAS\"}]},{\"@type\":\"WebSite\",\"@id\":\"https:\\\/\\\/www.itakaescolapios.org\\\/es\\\/#website\",\"url\":\"https:\\\/\\\/www.itakaescolapios.org\\\/es\\\/\",\"name\":\"Itaka-Escolapios\",\"description\":\"Red de Itaka-Escolapios\",\"publisher\":{\"@id\":\"https:\\\/\\\/www.itakaescolapios.org\\\/es\\\/#organization\"},\"potentialAction\":[{\"@type\":\"SearchAction\",\"target\":{\"@type\":\"EntryPoint\",\"urlTemplate\":\"https:\\\/\\\/www.itakaescolapios.org\\\/es\\\/?s={search_term_string}\"},\"query-input\":{\"@type\":\"PropertyValueSpecification\",\"valueRequired\":true,\"valueName\":\"search_term_string\"}}],\"inLanguage\":\"es\"},{\"@type\":\"Organization\",\"@id\":\"https:\\\/\\\/www.itakaescolapios.org\\\/es\\\/#organization\",\"name\":\"Fundaci\u00f3 Itaka-Escolapios\",\"url\":\"https:\\\/\\\/www.itakaescolapios.org\\\/es\\\/\",\"logo\":{\"@type\":\"ImageObject\",\"inLanguage\":\"es\",\"@id\":\"https:\\\/\\\/www.itakaescolapios.org\\\/es\\\/#\\\/schema\\\/logo\\\/image\\\/\",\"url\":\"https:\\\/\\\/www.itakaescolapios.org\\\/wp-content\\\/uploads\\\/2024\\\/04\\\/Logo-itakaescolapios-peque.png\",\"contentUrl\":\"https:\\\/\\\/www.itakaescolapios.org\\\/wp-content\\\/uploads\\\/2024\\\/04\\\/Logo-itakaescolapios-peque.png\",\"width\":500,\"height\":199,\"caption\":\"Fundaci\u00f3 Itaka-Escolapios\"},\"image\":{\"@id\":\"https:\\\/\\\/www.itakaescolapios.org\\\/es\\\/#\\\/schema\\\/logo\\\/image\\\/\"}}]}<\/script>\n<!-- \/ Yoast SEO plugin. -->","yoast_head_json":{"title":"JUEGO DE PISTAS - Itaka-Escolapios","robots":{"index":"index","follow":"follow","max-snippet":"max-snippet:-1","max-image-preview":"max-image-preview:large","max-video-preview":"max-video-preview:-1"},"canonical":"https:\/\/www.itakaescolapios.org\/es\/juego-de-pistas\/","og_locale":"es_ES","og_type":"article","og_title":"JUEGO DE PISTAS - Itaka-Escolapios","og_description":"Esta actividad se debe de realizar previa a la del GRAN MURAL DEL ASRAMA, puesto que nos servir\u00e1 para trabajar en el aula la tem\u00e1tica que nos corresponda por curso. [&hellip;]","og_url":"https:\/\/www.itakaescolapios.org\/es\/juego-de-pistas\/","og_site_name":"Itaka-Escolapios","article_modified_time":"2023-11-28T11:38:35+00:00","og_image":[{"width":1071,"height":1500,"url":"https:\/\/www.itakaescolapios.org\/wp-content\/uploads\/2015\/11\/LOOK-COLOR-SIN-FONDO.jpg","type":"image\/jpeg"}],"twitter_card":"summary_large_image","twitter_misc":{"Tiempo de lectura":"2 minutos"},"schema":{"@context":"https:\/\/schema.org","@graph":[{"@type":"WebPage","@id":"https:\/\/www.itakaescolapios.org\/es\/juego-de-pistas\/","url":"https:\/\/www.itakaescolapios.org\/es\/juego-de-pistas\/","name":"JUEGO DE PISTAS - Itaka-Escolapios","isPartOf":{"@id":"https:\/\/www.itakaescolapios.org\/es\/#website"},"primaryImageOfPage":{"@id":"https:\/\/www.itakaescolapios.org\/es\/juego-de-pistas\/#primaryimage"},"image":{"@id":"https:\/\/www.itakaescolapios.org\/es\/juego-de-pistas\/#primaryimage"},"thumbnailUrl":"https:\/\/www.itakaescolapios.org\/wp-content\/uploads\/2015\/11\/LOOK-COLOR-SIN-FONDO-214x300.jpg","datePublished":"2015-11-03T15:09:22+00:00","dateModified":"2023-11-28T11:38:35+00:00","breadcrumb":{"@id":"https:\/\/www.itakaescolapios.org\/es\/juego-de-pistas\/#breadcrumb"},"inLanguage":"es","potentialAction":[{"@type":"ReadAction","target":["https:\/\/www.itakaescolapios.org\/es\/juego-de-pistas\/"]}]},{"@type":"ImageObject","inLanguage":"es","@id":"https:\/\/www.itakaescolapios.org\/es\/juego-de-pistas\/#primaryimage","url":"https:\/\/www.itakaescolapios.org\/wp-content\/uploads\/2015\/11\/LOOK-COLOR-SIN-FONDO-214x300.jpg","contentUrl":"https:\/\/www.itakaescolapios.org\/wp-content\/uploads\/2015\/11\/LOOK-COLOR-SIN-FONDO-214x300.jpg"},{"@type":"BreadcrumbList","@id":"https:\/\/www.itakaescolapios.org\/es\/juego-de-pistas\/#breadcrumb","itemListElement":[{"@type":"ListItem","position":1,"name":"Portada","item":"https:\/\/www.itakaescolapios.org\/es\/"},{"@type":"ListItem","position":2,"name":"JUEGO DE PISTAS"}]},{"@type":"WebSite","@id":"https:\/\/www.itakaescolapios.org\/es\/#website","url":"https:\/\/www.itakaescolapios.org\/es\/","name":"Itaka-Escolapios","description":"Red de Itaka-Escolapios","publisher":{"@id":"https:\/\/www.itakaescolapios.org\/es\/#organization"},"potentialAction":[{"@type":"SearchAction","target":{"@type":"EntryPoint","urlTemplate":"https:\/\/www.itakaescolapios.org\/es\/?s={search_term_string}"},"query-input":{"@type":"PropertyValueSpecification","valueRequired":true,"valueName":"search_term_string"}}],"inLanguage":"es"},{"@type":"Organization","@id":"https:\/\/www.itakaescolapios.org\/es\/#organization","name":"Fundaci\u00f3 Itaka-Escolapios","url":"https:\/\/www.itakaescolapios.org\/es\/","logo":{"@type":"ImageObject","inLanguage":"es","@id":"https:\/\/www.itakaescolapios.org\/es\/#\/schema\/logo\/image\/","url":"https:\/\/www.itakaescolapios.org\/wp-content\/uploads\/2024\/04\/Logo-itakaescolapios-peque.png","contentUrl":"https:\/\/www.itakaescolapios.org\/wp-content\/uploads\/2024\/04\/Logo-itakaescolapios-peque.png","width":500,"height":199,"caption":"Fundaci\u00f3 Itaka-Escolapios"},"image":{"@id":"https:\/\/www.itakaescolapios.org\/es\/#\/schema\/logo\/image\/"}}]}},"_links":{"self":[{"href":"https:\/\/www.itakaescolapios.org\/es\/wp-json\/wp\/v2\/pages\/13538","targetHints":{"allow":["GET"]}}],"collection":[{"href":"https:\/\/www.itakaescolapios.org\/es\/wp-json\/wp\/v2\/pages"}],"about":[{"href":"https:\/\/www.itakaescolapios.org\/es\/wp-json\/wp\/v2\/types\/page"}],"author":[{"embeddable":true,"href":"https:\/\/www.itakaescolapios.org\/es\/wp-json\/wp\/v2\/users\/46"}],"replies":[{"embeddable":true,"href":"https:\/\/www.itakaescolapios.org\/es\/wp-json\/wp\/v2\/comments?post=13538"}],"version-history":[{"count":23,"href":"https:\/\/www.itakaescolapios.org\/es\/wp-json\/wp\/v2\/pages\/13538\/revisions"}],"predecessor-version":[{"id":48570,"href":"https:\/\/www.itakaescolapios.org\/es\/wp-json\/wp\/v2\/pages\/13538\/revisions\/48570"}],"wp:attachment":[{"href":"https:\/\/www.itakaescolapios.org\/es\/wp-json\/wp\/v2\/media?parent=13538"}],"curies":[{"name":"wp","href":"https:\/\/api.w.org\/{rel}","templated":true}]}}