{"id":13890,"date":"2015-11-12T12:17:39","date_gmt":"2015-11-12T11:17:39","guid":{"rendered":"https:\/\/www.itakaescolapios.org\/?page_id=13890"},"modified":"2023-11-28T12:38:34","modified_gmt":"2023-11-28T11:38:34","slug":"informacion-sobre-indonesia-atambua-el-asrama","status":"publish","type":"page","link":"https:\/\/www.itakaescolapios.org\/es\/informacion-sobre-indonesia-atambua-el-asrama\/","title":{"rendered":"+ INFORMACI\u00d3N SOBRE INDONESIA, ATAMB\u00daA, EL ASRAMA, &#8230;."},"content":{"rendered":"<p>Links que os pueden ser \u00fatiles para la b\u00fasqueda de informaci\u00f3n.<\/p>\n<ul>\n<li>\n<div><strong><a href=\"https:\/\/es.wikipedia.org\/wiki\/Indonesia\" target=\"_blank\" rel=\"noopener\">INDONESIA EN WIKIPEDIA<\/a><\/strong><\/div>\n<\/li>\n<li>\n<div><strong><a href=\"https:\/\/es.wikipedia.org\/wiki\/Timor\" target=\"_blank\" rel=\"noopener\">TIMOR EN WIKIPEDIA<\/a><\/strong><\/div>\n<\/li>\n<li>\n<div><strong><a href=\"http:\/\/escolapiosbetania.wix.com\/indonesia\" target=\"_blank\" rel=\"noopener\">ESCOLAPIOS EN INDONESIA<\/a><\/strong><\/div>\n<\/li>\n<li>\n<div><strong><a href=\"https:\/\/www.google.es\/maps\/place\/Belu+Regency,+East+Nusa+Tenggara,+Indonesia\/@-9.1757576,124.7122895,10z\/data=%213m1%214b1%214m2%213m1%211s0x2cff0a519b0da6d5:0xedb02b9463fda618\" target=\"_blank\" rel=\"noopener\">TIMOR EN GOOGLE MAPS<\/a><\/strong><\/div>\n<\/li>\n<li>\n<div><strong><a href=\"https:\/\/www.google.es\/maps\/place\/Atambua,+Berdao,+Atambua+Bar.,+Belu,+Nusa+Tenggara+Tim.,+Indonesia\/@-9.1010475,124.8822228,15z\/data=%213m1%214b1%214m2%213m1%211s0x2cffbe4019ea4705:0x1c87be0c0edf358f\" target=\"_blank\" rel=\"noopener\">ATAMBUA EN GOOGLE MAPS<\/a><\/strong><\/div>\n<\/li>\n<li>\n<div><strong><a href=\"http:\/\/www.thejakartapost.com\/\" target=\"_blank\" rel=\"noopener\">THE JAKARTA POST <\/a><\/strong><\/div>\n<\/li>\n<\/ul>\n<p>Materiales de la campa\u00f1a:<\/p>\n<ul>\n<li><strong><a href=\"https:\/\/www.itakaescolapios.org\/wp-content\/uploads\/2015\/10\/ficha0.pdf\">INFORMACI\u00d3N: ASRAMA CALASANZ<\/a><br \/>\n<\/strong><\/li>\n<li><strong><a href=\"https:\/\/www.itakaescolapios.org\/wp-content\/uploads\/2015\/10\/ficha03-ATAMBUAINDONESIA.pdf\">LA VIDA EN ATAMBUA<\/a><\/strong><\/li>\n<li><strong><a href=\"https:\/\/www.itakaescolapios.org\/wp-content\/uploads\/2015\/10\/ficha02-trazos-1.pdf\">9 INFORMACIONES CLAVE SOBRE LOS ESCOLAPIOS EN INDONESIA <\/a><\/strong><\/li>\n<li><strong><a href=\"https:\/\/www.itakaescolapios.org\/wp-content\/uploads\/2015\/10\/ficha01-trazos.pdf\">TRAZOS PARA AYUDARTE A DIBUJAR INDONESIA<\/a><\/strong><\/li>\n<\/ul>\n<p>Presentaciones:<\/p>\n<ul>\n<li>POWERPOINT: <a href=\"https:\/\/mega.nz\/#%21p5B2ibxQ%21Q3fqXVPiBdzh1i_RWlgrt9E_GNpTJ7cepkuMt_Xwyx4\" target=\"_blank\" rel=\"noopener\"><strong>AL ENCUENTRO CON ATAMBUA<\/strong><\/a><\/li>\n<li>PREZI<strong>: <a href=\"https:\/\/www.dropbox.com\/sh\/7ry6vmqmpdx5c9u\/AAAAY9hiPPaXeElGbTvJGo_ja?dl=0http:\/\/\" target=\"_blank\" rel=\"noopener\">AL ENCUENTRO DE ATAMBUA <\/a><\/strong><\/li>\n<li>REVISTAS: <strong><a href=\"https:\/\/www.itakaescolapios.org\/wp-content\/uploads\/2015\/11\/boletin-solidaridad-2014-15-impr.pdf\">BOLET\u00cdN DE SOLIDARIDAD \u2013 REVISTA DE CAMPA\u00d1A<\/a><\/strong><\/li>\n<\/ul>\n","protected":false},"excerpt":{"rendered":"<p>Links que os pueden ser \u00fatiles para la b\u00fasqueda de informaci\u00f3n. INDONESIA EN WIKIPEDIA TIMOR EN WIKIPEDIA ESCOLAPIOS EN INDONESIA TIMOR EN GOOGLE MAPS ATAMBUA EN GOOGLE MAPS THE JAKARTA [&hellip;]<\/p>\n","protected":false},"author":46,"featured_media":0,"parent":0,"menu_order":0,"comment_status":"closed","ping_status":"closed","template":"","meta":{"_et_pb_use_builder":"","_et_pb_old_content":"","_et_gb_content_width":"","footnotes":""},"class_list":["post-13890","page","type-page","status-publish","hentry"],"yoast_head":"<!-- This site is optimized with the Yoast SEO plugin v27.5 - https:\/\/yoast.com\/product\/yoast-seo-wordpress\/ -->\n<title>+ INFORMACI\u00d3N SOBRE INDONESIA, ATAMB\u00daA, EL ASRAMA, .... - Itaka-Escolapios<\/title>\n<meta name=\"robots\" content=\"index, follow, max-snippet:-1, max-image-preview:large, max-video-preview:-1\" \/>\n<link rel=\"canonical\" href=\"https:\/\/www.itakaescolapios.org\/es\/informacion-sobre-indonesia-atambua-el-asrama\/\" \/>\n<meta property=\"og:locale\" content=\"es_ES\" \/>\n<meta property=\"og:type\" content=\"article\" \/>\n<meta property=\"og:title\" content=\"+ INFORMACI\u00d3N SOBRE INDONESIA, ATAMB\u00daA, EL ASRAMA, .... - Itaka-Escolapios\" \/>\n<meta property=\"og:description\" content=\"Links que os pueden ser \u00fatiles para la b\u00fasqueda de informaci\u00f3n. INDONESIA EN WIKIPEDIA TIMOR EN WIKIPEDIA ESCOLAPIOS EN INDONESIA TIMOR EN GOOGLE MAPS ATAMBUA EN GOOGLE MAPS THE JAKARTA [&hellip;]\" \/>\n<meta property=\"og:url\" content=\"https:\/\/www.itakaescolapios.org\/es\/informacion-sobre-indonesia-atambua-el-asrama\/\" \/>\n<meta property=\"og:site_name\" content=\"Itaka-Escolapios\" \/>\n<meta property=\"article:modified_time\" content=\"2023-11-28T11:38:34+00:00\" \/>\n<meta name=\"twitter:card\" content=\"summary_large_image\" \/>\n<script type=\"application\/ld+json\" class=\"yoast-schema-graph\">{\"@context\":\"https:\\\/\\\/schema.org\",\"@graph\":[{\"@type\":\"WebPage\",\"@id\":\"https:\\\/\\\/www.itakaescolapios.org\\\/es\\\/informacion-sobre-indonesia-atambua-el-asrama\\\/\",\"url\":\"https:\\\/\\\/www.itakaescolapios.org\\\/es\\\/informacion-sobre-indonesia-atambua-el-asrama\\\/\",\"name\":\"+ INFORMACI\u00d3N SOBRE INDONESIA, ATAMB\u00daA, EL ASRAMA, .... - Itaka-Escolapios\",\"isPartOf\":{\"@id\":\"https:\\\/\\\/www.itakaescolapios.org\\\/es\\\/#website\"},\"datePublished\":\"2015-11-12T11:17:39+00:00\",\"dateModified\":\"2023-11-28T11:38:34+00:00\",\"breadcrumb\":{\"@id\":\"https:\\\/\\\/www.itakaescolapios.org\\\/es\\\/informacion-sobre-indonesia-atambua-el-asrama\\\/#breadcrumb\"},\"inLanguage\":\"es\",\"potentialAction\":[{\"@type\":\"ReadAction\",\"target\":[\"https:\\\/\\\/www.itakaescolapios.org\\\/es\\\/informacion-sobre-indonesia-atambua-el-asrama\\\/\"]}]},{\"@type\":\"BreadcrumbList\",\"@id\":\"https:\\\/\\\/www.itakaescolapios.org\\\/es\\\/informacion-sobre-indonesia-atambua-el-asrama\\\/#breadcrumb\",\"itemListElement\":[{\"@type\":\"ListItem\",\"position\":1,\"name\":\"Portada\",\"item\":\"https:\\\/\\\/www.itakaescolapios.org\\\/es\\\/\"},{\"@type\":\"ListItem\",\"position\":2,\"name\":\"+ INFORMACI\u00d3N SOBRE INDONESIA, ATAMB\u00daA, EL ASRAMA, &#8230;.\"}]},{\"@type\":\"WebSite\",\"@id\":\"https:\\\/\\\/www.itakaescolapios.org\\\/es\\\/#website\",\"url\":\"https:\\\/\\\/www.itakaescolapios.org\\\/es\\\/\",\"name\":\"Itaka-Escolapios\",\"description\":\"Red de Itaka-Escolapios\",\"publisher\":{\"@id\":\"https:\\\/\\\/www.itakaescolapios.org\\\/es\\\/#organization\"},\"potentialAction\":[{\"@type\":\"SearchAction\",\"target\":{\"@type\":\"EntryPoint\",\"urlTemplate\":\"https:\\\/\\\/www.itakaescolapios.org\\\/es\\\/?s={search_term_string}\"},\"query-input\":{\"@type\":\"PropertyValueSpecification\",\"valueRequired\":true,\"valueName\":\"search_term_string\"}}],\"inLanguage\":\"es\"},{\"@type\":\"Organization\",\"@id\":\"https:\\\/\\\/www.itakaescolapios.org\\\/es\\\/#organization\",\"name\":\"Fundaci\u00f3 Itaka-Escolapios\",\"url\":\"https:\\\/\\\/www.itakaescolapios.org\\\/es\\\/\",\"logo\":{\"@type\":\"ImageObject\",\"inLanguage\":\"es\",\"@id\":\"https:\\\/\\\/www.itakaescolapios.org\\\/es\\\/#\\\/schema\\\/logo\\\/image\\\/\",\"url\":\"https:\\\/\\\/www.itakaescolapios.org\\\/wp-content\\\/uploads\\\/2024\\\/04\\\/Logo-itakaescolapios-peque.png\",\"contentUrl\":\"https:\\\/\\\/www.itakaescolapios.org\\\/wp-content\\\/uploads\\\/2024\\\/04\\\/Logo-itakaescolapios-peque.png\",\"width\":500,\"height\":199,\"caption\":\"Fundaci\u00f3 Itaka-Escolapios\"},\"image\":{\"@id\":\"https:\\\/\\\/www.itakaescolapios.org\\\/es\\\/#\\\/schema\\\/logo\\\/image\\\/\"}}]}<\/script>\n<!-- \/ Yoast SEO plugin. -->","yoast_head_json":{"title":"+ INFORMACI\u00d3N SOBRE INDONESIA, ATAMB\u00daA, EL ASRAMA, .... - Itaka-Escolapios","robots":{"index":"index","follow":"follow","max-snippet":"max-snippet:-1","max-image-preview":"max-image-preview:large","max-video-preview":"max-video-preview:-1"},"canonical":"https:\/\/www.itakaescolapios.org\/es\/informacion-sobre-indonesia-atambua-el-asrama\/","og_locale":"es_ES","og_type":"article","og_title":"+ INFORMACI\u00d3N SOBRE INDONESIA, ATAMB\u00daA, EL ASRAMA, .... - Itaka-Escolapios","og_description":"Links que os pueden ser \u00fatiles para la b\u00fasqueda de informaci\u00f3n. INDONESIA EN WIKIPEDIA TIMOR EN WIKIPEDIA ESCOLAPIOS EN INDONESIA TIMOR EN GOOGLE MAPS ATAMBUA EN GOOGLE MAPS THE JAKARTA [&hellip;]","og_url":"https:\/\/www.itakaescolapios.org\/es\/informacion-sobre-indonesia-atambua-el-asrama\/","og_site_name":"Itaka-Escolapios","article_modified_time":"2023-11-28T11:38:34+00:00","twitter_card":"summary_large_image","schema":{"@context":"https:\/\/schema.org","@graph":[{"@type":"WebPage","@id":"https:\/\/www.itakaescolapios.org\/es\/informacion-sobre-indonesia-atambua-el-asrama\/","url":"https:\/\/www.itakaescolapios.org\/es\/informacion-sobre-indonesia-atambua-el-asrama\/","name":"+ INFORMACI\u00d3N SOBRE INDONESIA, ATAMB\u00daA, EL ASRAMA, .... - Itaka-Escolapios","isPartOf":{"@id":"https:\/\/www.itakaescolapios.org\/es\/#website"},"datePublished":"2015-11-12T11:17:39+00:00","dateModified":"2023-11-28T11:38:34+00:00","breadcrumb":{"@id":"https:\/\/www.itakaescolapios.org\/es\/informacion-sobre-indonesia-atambua-el-asrama\/#breadcrumb"},"inLanguage":"es","potentialAction":[{"@type":"ReadAction","target":["https:\/\/www.itakaescolapios.org\/es\/informacion-sobre-indonesia-atambua-el-asrama\/"]}]},{"@type":"BreadcrumbList","@id":"https:\/\/www.itakaescolapios.org\/es\/informacion-sobre-indonesia-atambua-el-asrama\/#breadcrumb","itemListElement":[{"@type":"ListItem","position":1,"name":"Portada","item":"https:\/\/www.itakaescolapios.org\/es\/"},{"@type":"ListItem","position":2,"name":"+ INFORMACI\u00d3N SOBRE INDONESIA, ATAMB\u00daA, EL ASRAMA, &#8230;."}]},{"@type":"WebSite","@id":"https:\/\/www.itakaescolapios.org\/es\/#website","url":"https:\/\/www.itakaescolapios.org\/es\/","name":"Itaka-Escolapios","description":"Red de Itaka-Escolapios","publisher":{"@id":"https:\/\/www.itakaescolapios.org\/es\/#organization"},"potentialAction":[{"@type":"SearchAction","target":{"@type":"EntryPoint","urlTemplate":"https:\/\/www.itakaescolapios.org\/es\/?s={search_term_string}"},"query-input":{"@type":"PropertyValueSpecification","valueRequired":true,"valueName":"search_term_string"}}],"inLanguage":"es"},{"@type":"Organization","@id":"https:\/\/www.itakaescolapios.org\/es\/#organization","name":"Fundaci\u00f3 Itaka-Escolapios","url":"https:\/\/www.itakaescolapios.org\/es\/","logo":{"@type":"ImageObject","inLanguage":"es","@id":"https:\/\/www.itakaescolapios.org\/es\/#\/schema\/logo\/image\/","url":"https:\/\/www.itakaescolapios.org\/wp-content\/uploads\/2024\/04\/Logo-itakaescolapios-peque.png","contentUrl":"https:\/\/www.itakaescolapios.org\/wp-content\/uploads\/2024\/04\/Logo-itakaescolapios-peque.png","width":500,"height":199,"caption":"Fundaci\u00f3 Itaka-Escolapios"},"image":{"@id":"https:\/\/www.itakaescolapios.org\/es\/#\/schema\/logo\/image\/"}}]}},"_links":{"self":[{"href":"https:\/\/www.itakaescolapios.org\/es\/wp-json\/wp\/v2\/pages\/13890","targetHints":{"allow":["GET"]}}],"collection":[{"href":"https:\/\/www.itakaescolapios.org\/es\/wp-json\/wp\/v2\/pages"}],"about":[{"href":"https:\/\/www.itakaescolapios.org\/es\/wp-json\/wp\/v2\/types\/page"}],"author":[{"embeddable":true,"href":"https:\/\/www.itakaescolapios.org\/es\/wp-json\/wp\/v2\/users\/46"}],"replies":[{"embeddable":true,"href":"https:\/\/www.itakaescolapios.org\/es\/wp-json\/wp\/v2\/comments?post=13890"}],"version-history":[{"count":7,"href":"https:\/\/www.itakaescolapios.org\/es\/wp-json\/wp\/v2\/pages\/13890\/revisions"}],"predecessor-version":[{"id":48542,"href":"https:\/\/www.itakaescolapios.org\/es\/wp-json\/wp\/v2\/pages\/13890\/revisions\/48542"}],"wp:attachment":[{"href":"https:\/\/www.itakaescolapios.org\/es\/wp-json\/wp\/v2\/media?parent=13890"}],"curies":[{"name":"wp","href":"https:\/\/api.w.org\/{rel}","templated":true}]}}