{"id":16894,"date":"2016-11-02T10:51:09","date_gmt":"2016-11-02T09:51:09","guid":{"rendered":"https:\/\/www.itakaescolapios.org\/?page_id=16894"},"modified":"2023-11-28T12:38:19","modified_gmt":"2023-11-28T11:38:19","slug":"actividades-centrales-de-la-campana","status":"publish","type":"page","link":"https:\/\/www.itakaescolapios.org\/es\/campanas\/2016-2017-expedicion-kamda-educar-anunciar-transformar\/actividades-centrales-de-la-campana\/","title":{"rendered":"ACTIVIDADES CENTRALES DE LA CAMPA\u00d1A"},"content":{"rendered":"<p><a href=\"https:\/\/www.itakaescolapios.org\/wp-content\/uploads\/2016\/11\/WhatsApp-Image-2016-10-27-at-07.29.17.jpeg\"><img decoding=\"async\" class=\"alignleft  wp-image-16971\" alt=\"whatsapp-image-2016-10-27-at-07-29-17\" src=\"https:\/\/www.itakaescolapios.org\/wp-content\/uploads\/2016\/11\/WhatsApp-Image-2016-10-27-at-07.29.17-1024x316.jpeg\" width=\"518\" height=\"160\" srcset=\"https:\/\/www.itakaescolapios.org\/wp-content\/uploads\/2016\/11\/WhatsApp-Image-2016-10-27-at-07.29.17-1024x316.jpeg 1024w, https:\/\/www.itakaescolapios.org\/wp-content\/uploads\/2016\/11\/WhatsApp-Image-2016-10-27-at-07.29.17-300x92.jpeg 300w, https:\/\/www.itakaescolapios.org\/wp-content\/uploads\/2016\/11\/WhatsApp-Image-2016-10-27-at-07.29.17-250x77.jpeg 250w, https:\/\/www.itakaescolapios.org\/wp-content\/uploads\/2016\/11\/WhatsApp-Image-2016-10-27-at-07.29.17.jpeg 1280w\" sizes=\"(max-width: 518px) 100vw, 518px\" \/><\/a><\/p>\n<p>Los exploradores de Itaka-Escolapios nos han preparado seis actividades centrales que tienen como objetivo presentar la realidad de la India y Kamda, lugar en el que est\u00e1n presentes los escolapios desde hace poco m\u00e1s de veinte a\u00f1os.<\/p>\n<h2>CALASANZ<\/h2>\n<p>Nos invita a rezar por Kamda todas las ma\u00f1anas al iniciar nuestra actividad en el colegio. Nos propone siete oraciones que podremos ir alternado a lo largo de los d\u00edas que dura la campa\u00f1a.<\/p>\n<h3 style=\"text-align: center;\"><a href=\"https:\/\/www.itakaescolapios.org\/oramos-con-kamda\/\" target=\"_blank\" rel=\"noopener\"><span style=\"color: #808000;\"><strong>Oramos con Kamda<\/strong><\/span><\/a><\/h3>\n<p>&#8212;&#8212;&#8212;&#8212;&#8212;&#8212;&#8212;&#8212;&#8212;&#8212;&#8212;&#8212;&#8212;&#8212;&#8212;&#8212;&#8212;&#8212;&#8212;&#8212;&#8212;&#8212;&#8212;&#8212;&#8212;&#8212;&#8212;&#8212;&#8212;&#8212;&#8212;&#8212;&#8212;&#8212;&#8212;&#8212;&#8212;&#8212;&#8212;&#8212;&#8212;&#8212;&#8212;&#8212;-<\/p>\n<h2>MARINE<\/h2>\n<p>Nuestra peque\u00f1a GPS nos entrega un pasaporte recoge los viajes solidarios a lo largo de nuestra vida escolar. Se trata de un pasaporte que ir\u00e1 avanzando con cada aula, que pasar\u00e1 de curso en curso y que recoger\u00e1 al final de nuestra estancia en el colegio (como aula) todas las campa\u00f1as de solidaridad vividas.<\/p>\n<h3 style=\"text-align: center;\"><a href=\"https:\/\/www.itakaescolapios.org\/pasaporte-solidario\/\" target=\"_blank\" rel=\"noopener\"><span style=\"color: #808000;\"><strong>Pasaporte solidario<\/strong><\/span><\/a><\/h3>\n<p>&#8212;&#8212;&#8212;&#8212;&#8212;&#8212;&#8212;&#8212;&#8212;&#8212;&#8212;&#8212;&#8212;&#8212;&#8212;&#8212;&#8212;&#8212;&#8212;&#8212;&#8212;&#8212;&#8212;&#8212;&#8212;&#8212;&#8212;&#8212;&#8212;&#8212;&#8212;&#8212;&#8212;&#8212;&#8212;&#8212;&#8212;&#8212;&#8212;&#8212;&#8212;&#8212;&#8212;&#8212;&#8212;<\/p>\n<h2>SUKAL<\/h2>\n<p>Le gustan las campa\u00f1as de solidaridad, porque le encanta coleccionar recetas con alimentos de todos los lugares que visita con sus compa\u00f1eros de la tripulaci\u00f3n. Nos presenta en esta actividad una colecci\u00f3n de cromos sobre los escolapios y la realidad de Kamda.<\/p>\n<h3 style=\"text-align: center;\"><span style=\"color: #808000;\"><strong><a href=\"https:\/\/www.itakaescolapios.org\/coleccion-expedicion-kamda-educar-anunciar-transformar\/\" target=\"_blank\" rel=\"noopener\"><span style=\"color: #808000;\">Colecci\u00f3n \u00abExpedici\u00f3n Kamda: educar, anunciar, transformar\u00bb<\/span><\/a><\/strong><\/span><\/h3>\n<p>&#8212;&#8212;&#8212;&#8212;&#8212;&#8212;&#8212;&#8212;&#8212;&#8212;&#8212;&#8212;&#8212;&#8212;&#8212;&#8212;&#8212;&#8212;&#8212;&#8212;&#8212;&#8212;&#8212;&#8212;&#8212;&#8212;&#8212;&#8212;&#8212;&#8212;&#8212;&#8212;&#8212;&#8212;&#8212;&#8212;&#8212;&#8212;&#8212;&#8212;&#8212;&#8212;&#8212;&#8212;&#8212;-<\/p>\n<h2>JIWA<\/h2>\n<p>La responsable de mantener a punto el autob\u00fas de la expedici\u00f3n, nos propone construir con una plantilla un autob\u00fas y tras decorarlo con una serie de murales sacarnos una foto de grupo.<\/p>\n<h3 style=\"text-align: center;\"><a href=\"https:\/\/www.itakaescolapios.org\/photocalll\/\" target=\"_blank\" rel=\"noopener\"><span style=\"color: #808000;\"><strong>Photocall<\/strong><\/span><\/a><\/h3>\n<p>&#8212;&#8212;&#8212;&#8212;&#8212;&#8212;&#8212;&#8212;&#8212;&#8212;&#8212;&#8212;&#8212;&#8212;&#8212;&#8212;&#8212;&#8212;&#8212;&#8212;&#8212;&#8212;&#8212;&#8212;&#8212;&#8212;&#8212;&#8212;&#8212;&#8212;&#8212;&#8212;&#8212;&#8212;&#8212;&#8212;&#8212;&#8212;&#8212;&#8212;&#8212;&#8212;&#8212;&#8212;&#8212;&#8212;<\/p>\n<h2>BLA<\/h2>\n<p>Este viaje es una oportunidad para ella por su diversidad cultural. En Kamda ha descubierto una realidad muy interesante relacionada con el pueblo Munda. Nos presenta un baile t\u00edpico, el BAHA PARAB y nos propone aprender a bailarlo.<\/p>\n<h3 style=\"text-align: center;\"><span style=\"color: #808000;\"><strong><a href=\"https:\/\/www.itakaescolapios.org\/certamen-de-baha-parab\/\" target=\"_blank\" rel=\"noopener\"><span style=\"color: #808000;\">Certamen de Baha-parab<\/span><\/a><\/strong><\/span><\/h3>\n<p>&#8212;&#8212;&#8212;&#8212;&#8212;&#8212;&#8212;&#8212;&#8212;&#8212;&#8212;&#8212;&#8212;&#8212;&#8212;&#8212;&#8212;&#8212;&#8212;&#8212;&#8212;&#8212;&#8212;&#8212;&#8212;&#8212;&#8212;&#8212;&#8212;&#8212;&#8212;&#8212;&#8212;&#8212;&#8212;&#8212;&#8212;&#8212;&#8212;&#8212;&#8212;&#8212;&#8212;&#8212;&#8212;&#8212;&#8211;<\/p>\n<h2 style=\"text-align: left;\">QUISAP<\/h2>\n<p>Al igual que al resto de sus compa\u00f1eros y compa\u00f1eras, le gusta mucho andar en bici aunque pasa algo de miedo por los senderos que le llevan de su casa a la escuela. Nos invita en esta actividad a pedalear por Kamda, difundiendo en nuestro entorno la Campa\u00f1a de Solidaridad y nuestra apuesta por la solidaridad, el aprendizaje mutuo y la sostenibilidad.<\/p>\n<h3 style=\"text-align: center;\"><span style=\"color: #808000;\"><strong><a href=\"https:\/\/www.itakaescolapios.org\/pedalea-por-kamda\/\" target=\"_blank\" rel=\"noopener\"><span style=\"color: #808000;\">Pedalea por Kamda<\/span><\/a><\/strong><\/span><\/h3>\n","protected":false},"excerpt":{"rendered":"<p>Los exploradores de Itaka-Escolapios nos han preparado seis actividades centrales que tienen como objetivo presentar la realidad de la India y Kamda, lugar en el que est\u00e1n presentes los escolapios [&hellip;]<\/p>\n","protected":false},"author":46,"featured_media":0,"parent":16881,"menu_order":5,"comment_status":"closed","ping_status":"closed","template":"","meta":{"_et_pb_use_builder":"","_et_pb_old_content":"","_et_gb_content_width":"","footnotes":""},"class_list":["post-16894","page","type-page","status-publish","hentry"],"yoast_head":"<!-- This site is optimized with the Yoast SEO plugin v27.3 - https:\/\/yoast.com\/product\/yoast-seo-wordpress\/ -->\n<title>ACTIVIDADES CENTRALES DE LA CAMPA\u00d1A - Itaka-Escolapios<\/title>\n<meta name=\"robots\" content=\"index, follow, max-snippet:-1, max-image-preview:large, max-video-preview:-1\" \/>\n<link rel=\"canonical\" href=\"https:\/\/www.itakaescolapios.org\/es\/campanas\/2016-2017-expedicion-kamda-educar-anunciar-transformar\/actividades-centrales-de-la-campana\/\" \/>\n<meta property=\"og:locale\" content=\"es_ES\" \/>\n<meta property=\"og:type\" content=\"article\" \/>\n<meta property=\"og:title\" content=\"ACTIVIDADES CENTRALES DE LA CAMPA\u00d1A - Itaka-Escolapios\" \/>\n<meta property=\"og:description\" content=\"Los exploradores de Itaka-Escolapios nos han preparado seis actividades centrales que tienen como objetivo presentar la realidad de la India y Kamda, lugar en el que est\u00e1n presentes los escolapios [&hellip;]\" \/>\n<meta property=\"og:url\" content=\"https:\/\/www.itakaescolapios.org\/es\/campanas\/2016-2017-expedicion-kamda-educar-anunciar-transformar\/actividades-centrales-de-la-campana\/\" \/>\n<meta property=\"og:site_name\" content=\"Itaka-Escolapios\" \/>\n<meta property=\"article:modified_time\" content=\"2023-11-28T11:38:19+00:00\" \/>\n<meta property=\"og:image\" content=\"https:\/\/www.itakaescolapios.org\/wp-content\/uploads\/2016\/11\/WhatsApp-Image-2016-10-27-at-07.29.17.jpeg\" \/>\n\t<meta property=\"og:image:width\" content=\"1280\" \/>\n\t<meta property=\"og:image:height\" content=\"396\" \/>\n\t<meta property=\"og:image:type\" content=\"image\/jpeg\" \/>\n<meta name=\"twitter:card\" content=\"summary_large_image\" \/>\n<meta name=\"twitter:label1\" content=\"Tiempo de lectura\" \/>\n\t<meta name=\"twitter:data1\" content=\"2 minutos\" \/>\n<script type=\"application\/ld+json\" class=\"yoast-schema-graph\">{\"@context\":\"https:\\\/\\\/schema.org\",\"@graph\":[{\"@type\":\"WebPage\",\"@id\":\"https:\\\/\\\/www.itakaescolapios.org\\\/es\\\/campanas\\\/2016-2017-expedicion-kamda-educar-anunciar-transformar\\\/actividades-centrales-de-la-campana\\\/\",\"url\":\"https:\\\/\\\/www.itakaescolapios.org\\\/es\\\/campanas\\\/2016-2017-expedicion-kamda-educar-anunciar-transformar\\\/actividades-centrales-de-la-campana\\\/\",\"name\":\"ACTIVIDADES CENTRALES DE LA CAMPA\u00d1A - Itaka-Escolapios\",\"isPartOf\":{\"@id\":\"https:\\\/\\\/www.itakaescolapios.org\\\/es\\\/#website\"},\"primaryImageOfPage\":{\"@id\":\"https:\\\/\\\/www.itakaescolapios.org\\\/es\\\/campanas\\\/2016-2017-expedicion-kamda-educar-anunciar-transformar\\\/actividades-centrales-de-la-campana\\\/#primaryimage\"},\"image\":{\"@id\":\"https:\\\/\\\/www.itakaescolapios.org\\\/es\\\/campanas\\\/2016-2017-expedicion-kamda-educar-anunciar-transformar\\\/actividades-centrales-de-la-campana\\\/#primaryimage\"},\"thumbnailUrl\":\"https:\\\/\\\/www.itakaescolapios.org\\\/wp-content\\\/uploads\\\/2016\\\/11\\\/WhatsApp-Image-2016-10-27-at-07.29.17-1024x316.jpeg\",\"datePublished\":\"2016-11-02T09:51:09+00:00\",\"dateModified\":\"2023-11-28T11:38:19+00:00\",\"breadcrumb\":{\"@id\":\"https:\\\/\\\/www.itakaescolapios.org\\\/es\\\/campanas\\\/2016-2017-expedicion-kamda-educar-anunciar-transformar\\\/actividades-centrales-de-la-campana\\\/#breadcrumb\"},\"inLanguage\":\"es\",\"potentialAction\":[{\"@type\":\"ReadAction\",\"target\":[\"https:\\\/\\\/www.itakaescolapios.org\\\/es\\\/campanas\\\/2016-2017-expedicion-kamda-educar-anunciar-transformar\\\/actividades-centrales-de-la-campana\\\/\"]}]},{\"@type\":\"ImageObject\",\"inLanguage\":\"es\",\"@id\":\"https:\\\/\\\/www.itakaescolapios.org\\\/es\\\/campanas\\\/2016-2017-expedicion-kamda-educar-anunciar-transformar\\\/actividades-centrales-de-la-campana\\\/#primaryimage\",\"url\":\"https:\\\/\\\/www.itakaescolapios.org\\\/wp-content\\\/uploads\\\/2016\\\/11\\\/WhatsApp-Image-2016-10-27-at-07.29.17-1024x316.jpeg\",\"contentUrl\":\"https:\\\/\\\/www.itakaescolapios.org\\\/wp-content\\\/uploads\\\/2016\\\/11\\\/WhatsApp-Image-2016-10-27-at-07.29.17-1024x316.jpeg\"},{\"@type\":\"BreadcrumbList\",\"@id\":\"https:\\\/\\\/www.itakaescolapios.org\\\/es\\\/campanas\\\/2016-2017-expedicion-kamda-educar-anunciar-transformar\\\/actividades-centrales-de-la-campana\\\/#breadcrumb\",\"itemListElement\":[{\"@type\":\"ListItem\",\"position\":1,\"name\":\"Portada\",\"item\":\"https:\\\/\\\/www.itakaescolapios.org\\\/es\\\/\"},{\"@type\":\"ListItem\",\"position\":2,\"name\":\"Campa\u00f1as\",\"item\":\"https:\\\/\\\/www.itakaescolapios.org\\\/es\\\/campanas\\\/\"},{\"@type\":\"ListItem\",\"position\":3,\"name\":\"2016-2017 EXPEDICI\u00d3N KAMDA: EDUCAR, ANUNCIAR, TRANSFORMAR\",\"item\":\"https:\\\/\\\/www.itakaescolapios.org\\\/es\\\/campanas\\\/2016-2017-expedicion-kamda-educar-anunciar-transformar\\\/\"},{\"@type\":\"ListItem\",\"position\":4,\"name\":\"ACTIVIDADES CENTRALES DE LA CAMPA\u00d1A\"}]},{\"@type\":\"WebSite\",\"@id\":\"https:\\\/\\\/www.itakaescolapios.org\\\/es\\\/#website\",\"url\":\"https:\\\/\\\/www.itakaescolapios.org\\\/es\\\/\",\"name\":\"Itaka-Escolapios\",\"description\":\"Red de Itaka-Escolapios\",\"publisher\":{\"@id\":\"https:\\\/\\\/www.itakaescolapios.org\\\/es\\\/#organization\"},\"potentialAction\":[{\"@type\":\"SearchAction\",\"target\":{\"@type\":\"EntryPoint\",\"urlTemplate\":\"https:\\\/\\\/www.itakaescolapios.org\\\/es\\\/?s={search_term_string}\"},\"query-input\":{\"@type\":\"PropertyValueSpecification\",\"valueRequired\":true,\"valueName\":\"search_term_string\"}}],\"inLanguage\":\"es\"},{\"@type\":\"Organization\",\"@id\":\"https:\\\/\\\/www.itakaescolapios.org\\\/es\\\/#organization\",\"name\":\"Fundaci\u00f3 Itaka-Escolapios\",\"url\":\"https:\\\/\\\/www.itakaescolapios.org\\\/es\\\/\",\"logo\":{\"@type\":\"ImageObject\",\"inLanguage\":\"es\",\"@id\":\"https:\\\/\\\/www.itakaescolapios.org\\\/es\\\/#\\\/schema\\\/logo\\\/image\\\/\",\"url\":\"https:\\\/\\\/www.itakaescolapios.org\\\/wp-content\\\/uploads\\\/2024\\\/04\\\/Logo-itakaescolapios-peque.png\",\"contentUrl\":\"https:\\\/\\\/www.itakaescolapios.org\\\/wp-content\\\/uploads\\\/2024\\\/04\\\/Logo-itakaescolapios-peque.png\",\"width\":500,\"height\":199,\"caption\":\"Fundaci\u00f3 Itaka-Escolapios\"},\"image\":{\"@id\":\"https:\\\/\\\/www.itakaescolapios.org\\\/es\\\/#\\\/schema\\\/logo\\\/image\\\/\"}}]}<\/script>\n<!-- \/ Yoast SEO plugin. -->","yoast_head_json":{"title":"ACTIVIDADES CENTRALES DE LA CAMPA\u00d1A - Itaka-Escolapios","robots":{"index":"index","follow":"follow","max-snippet":"max-snippet:-1","max-image-preview":"max-image-preview:large","max-video-preview":"max-video-preview:-1"},"canonical":"https:\/\/www.itakaescolapios.org\/es\/campanas\/2016-2017-expedicion-kamda-educar-anunciar-transformar\/actividades-centrales-de-la-campana\/","og_locale":"es_ES","og_type":"article","og_title":"ACTIVIDADES CENTRALES DE LA CAMPA\u00d1A - Itaka-Escolapios","og_description":"Los exploradores de Itaka-Escolapios nos han preparado seis actividades centrales que tienen como objetivo presentar la realidad de la India y Kamda, lugar en el que est\u00e1n presentes los escolapios [&hellip;]","og_url":"https:\/\/www.itakaescolapios.org\/es\/campanas\/2016-2017-expedicion-kamda-educar-anunciar-transformar\/actividades-centrales-de-la-campana\/","og_site_name":"Itaka-Escolapios","article_modified_time":"2023-11-28T11:38:19+00:00","og_image":[{"width":1280,"height":396,"url":"https:\/\/www.itakaescolapios.org\/wp-content\/uploads\/2016\/11\/WhatsApp-Image-2016-10-27-at-07.29.17.jpeg","type":"image\/jpeg"}],"twitter_card":"summary_large_image","twitter_misc":{"Tiempo de lectura":"2 minutos"},"schema":{"@context":"https:\/\/schema.org","@graph":[{"@type":"WebPage","@id":"https:\/\/www.itakaescolapios.org\/es\/campanas\/2016-2017-expedicion-kamda-educar-anunciar-transformar\/actividades-centrales-de-la-campana\/","url":"https:\/\/www.itakaescolapios.org\/es\/campanas\/2016-2017-expedicion-kamda-educar-anunciar-transformar\/actividades-centrales-de-la-campana\/","name":"ACTIVIDADES CENTRALES DE LA CAMPA\u00d1A - Itaka-Escolapios","isPartOf":{"@id":"https:\/\/www.itakaescolapios.org\/es\/#website"},"primaryImageOfPage":{"@id":"https:\/\/www.itakaescolapios.org\/es\/campanas\/2016-2017-expedicion-kamda-educar-anunciar-transformar\/actividades-centrales-de-la-campana\/#primaryimage"},"image":{"@id":"https:\/\/www.itakaescolapios.org\/es\/campanas\/2016-2017-expedicion-kamda-educar-anunciar-transformar\/actividades-centrales-de-la-campana\/#primaryimage"},"thumbnailUrl":"https:\/\/www.itakaescolapios.org\/wp-content\/uploads\/2016\/11\/WhatsApp-Image-2016-10-27-at-07.29.17-1024x316.jpeg","datePublished":"2016-11-02T09:51:09+00:00","dateModified":"2023-11-28T11:38:19+00:00","breadcrumb":{"@id":"https:\/\/www.itakaescolapios.org\/es\/campanas\/2016-2017-expedicion-kamda-educar-anunciar-transformar\/actividades-centrales-de-la-campana\/#breadcrumb"},"inLanguage":"es","potentialAction":[{"@type":"ReadAction","target":["https:\/\/www.itakaescolapios.org\/es\/campanas\/2016-2017-expedicion-kamda-educar-anunciar-transformar\/actividades-centrales-de-la-campana\/"]}]},{"@type":"ImageObject","inLanguage":"es","@id":"https:\/\/www.itakaescolapios.org\/es\/campanas\/2016-2017-expedicion-kamda-educar-anunciar-transformar\/actividades-centrales-de-la-campana\/#primaryimage","url":"https:\/\/www.itakaescolapios.org\/wp-content\/uploads\/2016\/11\/WhatsApp-Image-2016-10-27-at-07.29.17-1024x316.jpeg","contentUrl":"https:\/\/www.itakaescolapios.org\/wp-content\/uploads\/2016\/11\/WhatsApp-Image-2016-10-27-at-07.29.17-1024x316.jpeg"},{"@type":"BreadcrumbList","@id":"https:\/\/www.itakaescolapios.org\/es\/campanas\/2016-2017-expedicion-kamda-educar-anunciar-transformar\/actividades-centrales-de-la-campana\/#breadcrumb","itemListElement":[{"@type":"ListItem","position":1,"name":"Portada","item":"https:\/\/www.itakaescolapios.org\/es\/"},{"@type":"ListItem","position":2,"name":"Campa\u00f1as","item":"https:\/\/www.itakaescolapios.org\/es\/campanas\/"},{"@type":"ListItem","position":3,"name":"2016-2017 EXPEDICI\u00d3N KAMDA: EDUCAR, ANUNCIAR, TRANSFORMAR","item":"https:\/\/www.itakaescolapios.org\/es\/campanas\/2016-2017-expedicion-kamda-educar-anunciar-transformar\/"},{"@type":"ListItem","position":4,"name":"ACTIVIDADES CENTRALES DE LA CAMPA\u00d1A"}]},{"@type":"WebSite","@id":"https:\/\/www.itakaescolapios.org\/es\/#website","url":"https:\/\/www.itakaescolapios.org\/es\/","name":"Itaka-Escolapios","description":"Red de Itaka-Escolapios","publisher":{"@id":"https:\/\/www.itakaescolapios.org\/es\/#organization"},"potentialAction":[{"@type":"SearchAction","target":{"@type":"EntryPoint","urlTemplate":"https:\/\/www.itakaescolapios.org\/es\/?s={search_term_string}"},"query-input":{"@type":"PropertyValueSpecification","valueRequired":true,"valueName":"search_term_string"}}],"inLanguage":"es"},{"@type":"Organization","@id":"https:\/\/www.itakaescolapios.org\/es\/#organization","name":"Fundaci\u00f3 Itaka-Escolapios","url":"https:\/\/www.itakaescolapios.org\/es\/","logo":{"@type":"ImageObject","inLanguage":"es","@id":"https:\/\/www.itakaescolapios.org\/es\/#\/schema\/logo\/image\/","url":"https:\/\/www.itakaescolapios.org\/wp-content\/uploads\/2024\/04\/Logo-itakaescolapios-peque.png","contentUrl":"https:\/\/www.itakaescolapios.org\/wp-content\/uploads\/2024\/04\/Logo-itakaescolapios-peque.png","width":500,"height":199,"caption":"Fundaci\u00f3 Itaka-Escolapios"},"image":{"@id":"https:\/\/www.itakaescolapios.org\/es\/#\/schema\/logo\/image\/"}}]}},"_links":{"self":[{"href":"https:\/\/www.itakaescolapios.org\/es\/wp-json\/wp\/v2\/pages\/16894","targetHints":{"allow":["GET"]}}],"collection":[{"href":"https:\/\/www.itakaescolapios.org\/es\/wp-json\/wp\/v2\/pages"}],"about":[{"href":"https:\/\/www.itakaescolapios.org\/es\/wp-json\/wp\/v2\/types\/page"}],"author":[{"embeddable":true,"href":"https:\/\/www.itakaescolapios.org\/es\/wp-json\/wp\/v2\/users\/46"}],"replies":[{"embeddable":true,"href":"https:\/\/www.itakaescolapios.org\/es\/wp-json\/wp\/v2\/comments?post=16894"}],"version-history":[{"count":47,"href":"https:\/\/www.itakaescolapios.org\/es\/wp-json\/wp\/v2\/pages\/16894\/revisions"}],"predecessor-version":[{"id":48129,"href":"https:\/\/www.itakaescolapios.org\/es\/wp-json\/wp\/v2\/pages\/16894\/revisions\/48129"}],"up":[{"embeddable":true,"href":"https:\/\/www.itakaescolapios.org\/es\/wp-json\/wp\/v2\/pages\/16881"}],"wp:attachment":[{"href":"https:\/\/www.itakaescolapios.org\/es\/wp-json\/wp\/v2\/media?parent=16894"}],"curies":[{"name":"wp","href":"https:\/\/api.w.org\/{rel}","templated":true}]}}