{"id":16896,"date":"2016-11-02T10:54:04","date_gmt":"2016-11-02T09:54:04","guid":{"rendered":"https:\/\/www.itakaescolapios.org\/?page_id=16896"},"modified":"2023-11-28T12:38:19","modified_gmt":"2023-11-28T11:38:19","slug":"dossier-de-activiades-para-el-aula","status":"publish","type":"page","link":"https:\/\/www.itakaescolapios.org\/es\/campanas\/2016-2017-expedicion-kamda-educar-anunciar-transformar\/dossier-de-activiades-para-el-aula\/","title":{"rendered":"DOSSIER DE ACTIVIDADES PARA EL AULA"},"content":{"rendered":"<p><span style=\"color: #000000;\"><a href=\"https:\/\/www.itakaescolapios.org\/wp-content\/uploads\/2016\/11\/Fotolia_27229888_Subscription_Monthly_XL.jpg\"><img decoding=\"async\" class=\"wp-image-17072 alignleft\" alt=\"Crayons bien taill\u00e9s\" src=\"https:\/\/www.itakaescolapios.org\/wp-content\/uploads\/2016\/11\/Fotolia_27229888_Subscription_Monthly_XL-904x1024.jpg\" width=\"184\" height=\"209\" srcset=\"https:\/\/www.itakaescolapios.org\/wp-content\/uploads\/2016\/11\/Fotolia_27229888_Subscription_Monthly_XL-904x1024.jpg 904w, https:\/\/www.itakaescolapios.org\/wp-content\/uploads\/2016\/11\/Fotolia_27229888_Subscription_Monthly_XL-264x300.jpg 264w, https:\/\/www.itakaescolapios.org\/wp-content\/uploads\/2016\/11\/Fotolia_27229888_Subscription_Monthly_XL-250x283.jpg 250w, https:\/\/www.itakaescolapios.org\/wp-content\/uploads\/2016\/11\/Fotolia_27229888_Subscription_Monthly_XL.jpg 1325w\" sizes=\"(max-width: 184px) 100vw, 184px\" \/><\/a>A continuaci\u00f3n presentamos una serie de actividades orientativas para trabajar en las aulas (tambi\u00e9n pueden ser trasladadas al \u00e1mbito extraescolar), la importancia de la educaci\u00f3n como elemento de cambio personal y de transformaci\u00f3n social.<\/span><\/p>\n<p><span style=\"color: #000000;\">Hemos intentado hacer una selecci\u00f3n atractiva que complemente a las seis actividades centrales de la campa\u00f1a: pasaporte solidario, coleccion de cromos, photocall, pedalea por Kamda, certamen de baile Baha-parab y oramos con Kamda. Adem\u00e1s podr\u00e9is encontrar todas las actividades de la Campa\u00f1a de Solidaridad en el portal EDUCA de nuestra p\u00e1gina web.<\/span><\/p>\n<table width=\"495\" border=\"0\" cellspacing=\"0\" cellpadding=\"0\">\n<colgroup>\n<col width=\"108\" \/>\n<col width=\"49\" \/>\n<col width=\"52\" \/>\n<col width=\"286\" \/> <\/colgroup>\n<tbody>\n<tr>\n<td width=\"108\" height=\"20\">ETAPA<\/td>\n<td width=\"49\">CURSO<\/td>\n<td width=\"52\">EDAD<\/td>\n<td width=\"286\">ACTIVIDAD<\/td>\n<\/tr>\n<tr>\n<td rowspan=\"3\" width=\"108\" height=\"81\">INFANTIL<\/td>\n<td width=\"49\">1\u00ba<\/td>\n<td width=\"52\">3-4<\/td>\n<td width=\"286\"><a href=\"http:\/\/www.educa.itakaescolapios.org\/cooperacion-norte-sur\/campana-2016-2017-memory-1\/?searchterm=2016-2017*\" target=\"_blank\" rel=\"noopener\">MEMORY<\/a><\/td>\n<\/tr>\n<tr>\n<td width=\"49\" height=\"27\">2\u00ba<\/td>\n<td width=\"52\">4-5<\/td>\n<td width=\"286\"><a href=\"http:\/\/www.educa.itakaescolapios.org\/cooperacion-norte-sur\/campana-2016-2017-complementos\/?searchterm=2016-2017*\" target=\"_blank\" rel=\"noopener\">COMPLEMENTOS<\/a><\/td>\n<\/tr>\n<tr>\n<td width=\"49\" height=\"27\">3\u00ba<\/td>\n<td width=\"52\">5-6<\/td>\n<td width=\"286\"><a href=\"http:\/\/www.educa.itakaescolapios.org\/cooperacion-norte-sur\/campana-2016-2017-expedicion-kamda\/\" target=\"_blank\" rel=\"noopener\">EXPEDICI\u00d3N KAMDA<\/a><\/td>\n<\/tr>\n<tr>\n<td rowspan=\"6\" width=\"108\" height=\"162\">PRIMARIA<\/td>\n<td width=\"49\">1\u00ba<\/td>\n<td width=\"52\">6-7<\/td>\n<td width=\"286\"><a href=\"http:\/\/www.educa.itakaescolapios.org\/cooperacion-norte-sur\/2016-2017-a1descubre-nuestra-aventura-diaria\/?searchterm=2016-2017*\">DESCUBRE NUESTRA AVENTURA DIARIA<\/a><\/td>\n<\/tr>\n<tr>\n<td width=\"49\" height=\"27\">2\u00ba<\/td>\n<td width=\"52\">7-8<\/td>\n<td width=\"286\"><a href=\"http:\/\/www.educa.itakaescolapios.org\/cooperacion-norte-sur\/campana-2016-2017-al-ritmo-de-kamda-1\/?searchterm=2016-2017*\">AL RITMO DE KAMDA<\/a><\/td>\n<\/tr>\n<tr>\n<td width=\"49\" height=\"27\">3\u00ba<\/td>\n<td width=\"52\">8-9<\/td>\n<td width=\"286\"><a href=\"http:\/\/www.educa.itakaescolapios.org\/cooperacion-norte-sur\/campana-2016-2017-descubriendo-kamda\/?searchterm=2016-2017*\">DESCUBRIENDO KAMDA<\/a><\/td>\n<\/tr>\n<tr>\n<td width=\"49\" height=\"27\">4\u00ba<\/td>\n<td width=\"52\">9-10<\/td>\n<td width=\"286\"><a href=\"http:\/\/www.educa.itakaescolapios.org\/cooperacion-norte-sur\/campana-2016-2017-laberinto-en-kamda\/?searchterm=2016-2017*\">LABERINTO EN KAMDA<\/a><\/td>\n<\/tr>\n<tr>\n<td width=\"49\" height=\"27\">5\u00ba<\/td>\n<td width=\"52\">10-11<\/td>\n<td width=\"286\"><a href=\"http:\/\/www.educa.itakaescolapios.org\/cooperacion-norte-sur\/campana-2016-2017-travesia-en-autobus\/?searchterm=2016-2017*\">TRAVES\u00cdA EN AUTOB\u00daS<\/a><\/td>\n<\/tr>\n<tr>\n<td width=\"49\" height=\"27\">6\u00ba<\/td>\n<td width=\"52\">11-12<\/td>\n<td width=\"286\"><a href=\"http:\/\/www.educa.itakaescolapios.org\/cooperacion-norte-sur\/campana-2016-2017-concurso-sobre-kamda-1\/?searchterm=2016-2017*\" target=\"_blank\" rel=\"noopener\">CONCURSO SOBRE KAMDA<\/a><\/td>\n<\/tr>\n<tr>\n<td rowspan=\"4\" width=\"108\" height=\"108\">SECUNDARIA<\/td>\n<td width=\"49\">1\u00ba<\/td>\n<td width=\"52\">12-13<\/td>\n<td width=\"286\"><a href=\"http:\/\/www.educa.itakaescolapios.org\/cooperacion-norte-sur\/campana-2016-2017-imaginacion\/?searchterm=2016-2017*\">IMAGINACI\u00d3N<\/a><\/td>\n<\/tr>\n<tr>\n<td width=\"49\" height=\"27\">2\u00ba<\/td>\n<td width=\"52\">13-14<\/td>\n<td width=\"286\"><a href=\"http:\/\/www.educa.itakaescolapios.org\/cooperacion-norte-sur\/campana-2016-2017-una-comunicacion-diferente\/?searchterm=2016-2017*\">UNA COMUNICACI\u00d3N DIFERENTE<\/a><\/td>\n<\/tr>\n<tr>\n<td width=\"49\" height=\"27\">3\u00ba<\/td>\n<td width=\"52\">14-15<\/td>\n<td width=\"286\"><a href=\"http:\/\/www.educa.itakaescolapios.org\/cooperacion-norte-sur\/campana-2016-2017-absentismo\/?searchterm=2016-2017*\" target=\"_blank\" rel=\"noopener\">ABSENTISMO<\/a><\/td>\n<\/tr>\n<tr>\n<td width=\"49\" height=\"27\">4\u00ba<\/td>\n<td width=\"52\">15-16<\/td>\n<td width=\"286\"><a href=\"http:\/\/www.educa.itakaescolapios.org\/cooperacion-norte-sur\/campana-2016-2017-concurso-de-kamda\/?searchterm=2016-2017*\" target=\"_blank\" rel=\"noopener\">CONCURSO DE KAMDA<\/a><\/td>\n<\/tr>\n<tr>\n<td rowspan=\"2\" width=\"108\" height=\"54\">BACHILLERATO<\/td>\n<td width=\"49\">1\u00ba<\/td>\n<td width=\"52\">16-17<\/td>\n<td width=\"286\"><a href=\"http:\/\/www.educa.itakaescolapios.org\/cooperacion-norte-sur\/campana-2016-2017-informando-para-que-informeis\/?searchterm=2016-2017*\" target=\"_blank\" rel=\"noopener\">INFORMANDO PARA QUE INFORM\u00c9IS<\/a><\/td>\n<\/tr>\n<tr>\n<td width=\"49\" height=\"27\">2\u00ba<\/td>\n<td width=\"52\">17-18<\/td>\n<td width=\"286\"><a href=\"http:\/\/www.educa.itakaescolapios.org\/cooperacion-norte-sur\/campana-2016-2017-robo-en-la-galeria\/?searchterm=2016-2017*\" target=\"_blank\" rel=\"noopener\">ROBO EN LA GALER\u00cdA\u00a0<\/a><\/td>\n<\/tr>\n<\/tbody>\n<\/table>\n<p>A continuaci\u00f3n os apuntamos un posible reparto de actividades para los colegios de la provincia de EMA\u00daS.<\/p>\n<p style=\"text-align: center;\"><strong><span style=\"color: #808000;\"><a href=\"https:\/\/www.itakaescolapios.org\/wp-content\/uploads\/2016\/11\/Distribuci\u00f3n-de-actividades.pdf\" target=\"_blank\" rel=\"noopener\"><span style=\"color: #808000;\">Sugerencia distribuci\u00f3n de actividades para el aula y el movimiento Calasanz en Ema\u00fas<\/span><\/a><\/span><\/strong><\/p>\n","protected":false},"excerpt":{"rendered":"<p>A continuaci\u00f3n presentamos una serie de actividades orientativas para trabajar en las aulas (tambi\u00e9n pueden ser trasladadas al \u00e1mbito extraescolar), la importancia de la educaci\u00f3n como elemento de cambio personal [&hellip;]<\/p>\n","protected":false},"author":46,"featured_media":0,"parent":16881,"menu_order":6,"comment_status":"closed","ping_status":"closed","template":"","meta":{"_et_pb_use_builder":"","_et_pb_old_content":"","_et_gb_content_width":"","footnotes":""},"class_list":["post-16896","page","type-page","status-publish","hentry"],"yoast_head":"<!-- This site is optimized with the Yoast SEO plugin v27.3 - https:\/\/yoast.com\/product\/yoast-seo-wordpress\/ -->\n<title>DOSSIER DE ACTIVIDADES PARA EL AULA - Itaka-Escolapios<\/title>\n<meta name=\"robots\" content=\"index, follow, max-snippet:-1, max-image-preview:large, max-video-preview:-1\" \/>\n<link rel=\"canonical\" href=\"https:\/\/www.itakaescolapios.org\/es\/campanas\/2016-2017-expedicion-kamda-educar-anunciar-transformar\/dossier-de-activiades-para-el-aula\/\" \/>\n<meta property=\"og:locale\" content=\"es_ES\" \/>\n<meta property=\"og:type\" content=\"article\" \/>\n<meta property=\"og:title\" content=\"DOSSIER DE ACTIVIDADES PARA EL AULA - Itaka-Escolapios\" \/>\n<meta property=\"og:description\" content=\"A continuaci\u00f3n presentamos una serie de actividades orientativas para trabajar en las aulas (tambi\u00e9n pueden ser trasladadas al \u00e1mbito extraescolar), la importancia de la educaci\u00f3n como elemento de cambio personal [&hellip;]\" \/>\n<meta property=\"og:url\" content=\"https:\/\/www.itakaescolapios.org\/es\/campanas\/2016-2017-expedicion-kamda-educar-anunciar-transformar\/dossier-de-activiades-para-el-aula\/\" \/>\n<meta property=\"og:site_name\" content=\"Itaka-Escolapios\" \/>\n<meta property=\"article:modified_time\" content=\"2023-11-28T11:38:19+00:00\" \/>\n<meta property=\"og:image\" content=\"https:\/\/www.itakaescolapios.org\/wp-content\/uploads\/2016\/11\/Fotolia_27229888_Subscription_Monthly_XL.jpg\" \/>\n\t<meta property=\"og:image:width\" content=\"1325\" \/>\n\t<meta property=\"og:image:height\" content=\"1500\" \/>\n\t<meta property=\"og:image:type\" content=\"image\/jpeg\" \/>\n<meta name=\"twitter:card\" content=\"summary_large_image\" \/>\n<meta name=\"twitter:label1\" content=\"Tiempo de lectura\" \/>\n\t<meta name=\"twitter:data1\" content=\"1 minuto\" \/>\n<script type=\"application\/ld+json\" class=\"yoast-schema-graph\">{\"@context\":\"https:\\\/\\\/schema.org\",\"@graph\":[{\"@type\":\"WebPage\",\"@id\":\"https:\\\/\\\/www.itakaescolapios.org\\\/es\\\/campanas\\\/2016-2017-expedicion-kamda-educar-anunciar-transformar\\\/dossier-de-activiades-para-el-aula\\\/\",\"url\":\"https:\\\/\\\/www.itakaescolapios.org\\\/es\\\/campanas\\\/2016-2017-expedicion-kamda-educar-anunciar-transformar\\\/dossier-de-activiades-para-el-aula\\\/\",\"name\":\"DOSSIER DE ACTIVIDADES PARA EL AULA - Itaka-Escolapios\",\"isPartOf\":{\"@id\":\"https:\\\/\\\/www.itakaescolapios.org\\\/es\\\/#website\"},\"primaryImageOfPage\":{\"@id\":\"https:\\\/\\\/www.itakaescolapios.org\\\/es\\\/campanas\\\/2016-2017-expedicion-kamda-educar-anunciar-transformar\\\/dossier-de-activiades-para-el-aula\\\/#primaryimage\"},\"image\":{\"@id\":\"https:\\\/\\\/www.itakaescolapios.org\\\/es\\\/campanas\\\/2016-2017-expedicion-kamda-educar-anunciar-transformar\\\/dossier-de-activiades-para-el-aula\\\/#primaryimage\"},\"thumbnailUrl\":\"https:\\\/\\\/www.itakaescolapios.org\\\/wp-content\\\/uploads\\\/2016\\\/11\\\/Fotolia_27229888_Subscription_Monthly_XL-904x1024.jpg\",\"datePublished\":\"2016-11-02T09:54:04+00:00\",\"dateModified\":\"2023-11-28T11:38:19+00:00\",\"breadcrumb\":{\"@id\":\"https:\\\/\\\/www.itakaescolapios.org\\\/es\\\/campanas\\\/2016-2017-expedicion-kamda-educar-anunciar-transformar\\\/dossier-de-activiades-para-el-aula\\\/#breadcrumb\"},\"inLanguage\":\"es\",\"potentialAction\":[{\"@type\":\"ReadAction\",\"target\":[\"https:\\\/\\\/www.itakaescolapios.org\\\/es\\\/campanas\\\/2016-2017-expedicion-kamda-educar-anunciar-transformar\\\/dossier-de-activiades-para-el-aula\\\/\"]}]},{\"@type\":\"ImageObject\",\"inLanguage\":\"es\",\"@id\":\"https:\\\/\\\/www.itakaescolapios.org\\\/es\\\/campanas\\\/2016-2017-expedicion-kamda-educar-anunciar-transformar\\\/dossier-de-activiades-para-el-aula\\\/#primaryimage\",\"url\":\"https:\\\/\\\/www.itakaescolapios.org\\\/wp-content\\\/uploads\\\/2016\\\/11\\\/Fotolia_27229888_Subscription_Monthly_XL-904x1024.jpg\",\"contentUrl\":\"https:\\\/\\\/www.itakaescolapios.org\\\/wp-content\\\/uploads\\\/2016\\\/11\\\/Fotolia_27229888_Subscription_Monthly_XL-904x1024.jpg\"},{\"@type\":\"BreadcrumbList\",\"@id\":\"https:\\\/\\\/www.itakaescolapios.org\\\/es\\\/campanas\\\/2016-2017-expedicion-kamda-educar-anunciar-transformar\\\/dossier-de-activiades-para-el-aula\\\/#breadcrumb\",\"itemListElement\":[{\"@type\":\"ListItem\",\"position\":1,\"name\":\"Portada\",\"item\":\"https:\\\/\\\/www.itakaescolapios.org\\\/es\\\/\"},{\"@type\":\"ListItem\",\"position\":2,\"name\":\"Campa\u00f1as\",\"item\":\"https:\\\/\\\/www.itakaescolapios.org\\\/es\\\/campanas\\\/\"},{\"@type\":\"ListItem\",\"position\":3,\"name\":\"2016-2017 EXPEDICI\u00d3N KAMDA: EDUCAR, ANUNCIAR, TRANSFORMAR\",\"item\":\"https:\\\/\\\/www.itakaescolapios.org\\\/es\\\/campanas\\\/2016-2017-expedicion-kamda-educar-anunciar-transformar\\\/\"},{\"@type\":\"ListItem\",\"position\":4,\"name\":\"DOSSIER DE ACTIVIDADES PARA EL AULA\"}]},{\"@type\":\"WebSite\",\"@id\":\"https:\\\/\\\/www.itakaescolapios.org\\\/es\\\/#website\",\"url\":\"https:\\\/\\\/www.itakaescolapios.org\\\/es\\\/\",\"name\":\"Itaka-Escolapios\",\"description\":\"Red de Itaka-Escolapios\",\"publisher\":{\"@id\":\"https:\\\/\\\/www.itakaescolapios.org\\\/es\\\/#organization\"},\"potentialAction\":[{\"@type\":\"SearchAction\",\"target\":{\"@type\":\"EntryPoint\",\"urlTemplate\":\"https:\\\/\\\/www.itakaescolapios.org\\\/es\\\/?s={search_term_string}\"},\"query-input\":{\"@type\":\"PropertyValueSpecification\",\"valueRequired\":true,\"valueName\":\"search_term_string\"}}],\"inLanguage\":\"es\"},{\"@type\":\"Organization\",\"@id\":\"https:\\\/\\\/www.itakaescolapios.org\\\/es\\\/#organization\",\"name\":\"Fundaci\u00f3 Itaka-Escolapios\",\"url\":\"https:\\\/\\\/www.itakaescolapios.org\\\/es\\\/\",\"logo\":{\"@type\":\"ImageObject\",\"inLanguage\":\"es\",\"@id\":\"https:\\\/\\\/www.itakaescolapios.org\\\/es\\\/#\\\/schema\\\/logo\\\/image\\\/\",\"url\":\"https:\\\/\\\/www.itakaescolapios.org\\\/wp-content\\\/uploads\\\/2024\\\/04\\\/Logo-itakaescolapios-peque.png\",\"contentUrl\":\"https:\\\/\\\/www.itakaescolapios.org\\\/wp-content\\\/uploads\\\/2024\\\/04\\\/Logo-itakaescolapios-peque.png\",\"width\":500,\"height\":199,\"caption\":\"Fundaci\u00f3 Itaka-Escolapios\"},\"image\":{\"@id\":\"https:\\\/\\\/www.itakaescolapios.org\\\/es\\\/#\\\/schema\\\/logo\\\/image\\\/\"}}]}<\/script>\n<!-- \/ Yoast SEO plugin. -->","yoast_head_json":{"title":"DOSSIER DE ACTIVIDADES PARA EL AULA - Itaka-Escolapios","robots":{"index":"index","follow":"follow","max-snippet":"max-snippet:-1","max-image-preview":"max-image-preview:large","max-video-preview":"max-video-preview:-1"},"canonical":"https:\/\/www.itakaescolapios.org\/es\/campanas\/2016-2017-expedicion-kamda-educar-anunciar-transformar\/dossier-de-activiades-para-el-aula\/","og_locale":"es_ES","og_type":"article","og_title":"DOSSIER DE ACTIVIDADES PARA EL AULA - Itaka-Escolapios","og_description":"A continuaci\u00f3n presentamos una serie de actividades orientativas para trabajar en las aulas (tambi\u00e9n pueden ser trasladadas al \u00e1mbito extraescolar), la importancia de la educaci\u00f3n como elemento de cambio personal [&hellip;]","og_url":"https:\/\/www.itakaescolapios.org\/es\/campanas\/2016-2017-expedicion-kamda-educar-anunciar-transformar\/dossier-de-activiades-para-el-aula\/","og_site_name":"Itaka-Escolapios","article_modified_time":"2023-11-28T11:38:19+00:00","og_image":[{"width":1325,"height":1500,"url":"https:\/\/www.itakaescolapios.org\/wp-content\/uploads\/2016\/11\/Fotolia_27229888_Subscription_Monthly_XL.jpg","type":"image\/jpeg"}],"twitter_card":"summary_large_image","twitter_misc":{"Tiempo de lectura":"1 minuto"},"schema":{"@context":"https:\/\/schema.org","@graph":[{"@type":"WebPage","@id":"https:\/\/www.itakaescolapios.org\/es\/campanas\/2016-2017-expedicion-kamda-educar-anunciar-transformar\/dossier-de-activiades-para-el-aula\/","url":"https:\/\/www.itakaescolapios.org\/es\/campanas\/2016-2017-expedicion-kamda-educar-anunciar-transformar\/dossier-de-activiades-para-el-aula\/","name":"DOSSIER DE ACTIVIDADES PARA EL AULA - Itaka-Escolapios","isPartOf":{"@id":"https:\/\/www.itakaescolapios.org\/es\/#website"},"primaryImageOfPage":{"@id":"https:\/\/www.itakaescolapios.org\/es\/campanas\/2016-2017-expedicion-kamda-educar-anunciar-transformar\/dossier-de-activiades-para-el-aula\/#primaryimage"},"image":{"@id":"https:\/\/www.itakaescolapios.org\/es\/campanas\/2016-2017-expedicion-kamda-educar-anunciar-transformar\/dossier-de-activiades-para-el-aula\/#primaryimage"},"thumbnailUrl":"https:\/\/www.itakaescolapios.org\/wp-content\/uploads\/2016\/11\/Fotolia_27229888_Subscription_Monthly_XL-904x1024.jpg","datePublished":"2016-11-02T09:54:04+00:00","dateModified":"2023-11-28T11:38:19+00:00","breadcrumb":{"@id":"https:\/\/www.itakaescolapios.org\/es\/campanas\/2016-2017-expedicion-kamda-educar-anunciar-transformar\/dossier-de-activiades-para-el-aula\/#breadcrumb"},"inLanguage":"es","potentialAction":[{"@type":"ReadAction","target":["https:\/\/www.itakaescolapios.org\/es\/campanas\/2016-2017-expedicion-kamda-educar-anunciar-transformar\/dossier-de-activiades-para-el-aula\/"]}]},{"@type":"ImageObject","inLanguage":"es","@id":"https:\/\/www.itakaescolapios.org\/es\/campanas\/2016-2017-expedicion-kamda-educar-anunciar-transformar\/dossier-de-activiades-para-el-aula\/#primaryimage","url":"https:\/\/www.itakaescolapios.org\/wp-content\/uploads\/2016\/11\/Fotolia_27229888_Subscription_Monthly_XL-904x1024.jpg","contentUrl":"https:\/\/www.itakaescolapios.org\/wp-content\/uploads\/2016\/11\/Fotolia_27229888_Subscription_Monthly_XL-904x1024.jpg"},{"@type":"BreadcrumbList","@id":"https:\/\/www.itakaescolapios.org\/es\/campanas\/2016-2017-expedicion-kamda-educar-anunciar-transformar\/dossier-de-activiades-para-el-aula\/#breadcrumb","itemListElement":[{"@type":"ListItem","position":1,"name":"Portada","item":"https:\/\/www.itakaescolapios.org\/es\/"},{"@type":"ListItem","position":2,"name":"Campa\u00f1as","item":"https:\/\/www.itakaescolapios.org\/es\/campanas\/"},{"@type":"ListItem","position":3,"name":"2016-2017 EXPEDICI\u00d3N KAMDA: EDUCAR, ANUNCIAR, TRANSFORMAR","item":"https:\/\/www.itakaescolapios.org\/es\/campanas\/2016-2017-expedicion-kamda-educar-anunciar-transformar\/"},{"@type":"ListItem","position":4,"name":"DOSSIER DE ACTIVIDADES PARA EL AULA"}]},{"@type":"WebSite","@id":"https:\/\/www.itakaescolapios.org\/es\/#website","url":"https:\/\/www.itakaescolapios.org\/es\/","name":"Itaka-Escolapios","description":"Red de Itaka-Escolapios","publisher":{"@id":"https:\/\/www.itakaescolapios.org\/es\/#organization"},"potentialAction":[{"@type":"SearchAction","target":{"@type":"EntryPoint","urlTemplate":"https:\/\/www.itakaescolapios.org\/es\/?s={search_term_string}"},"query-input":{"@type":"PropertyValueSpecification","valueRequired":true,"valueName":"search_term_string"}}],"inLanguage":"es"},{"@type":"Organization","@id":"https:\/\/www.itakaescolapios.org\/es\/#organization","name":"Fundaci\u00f3 Itaka-Escolapios","url":"https:\/\/www.itakaescolapios.org\/es\/","logo":{"@type":"ImageObject","inLanguage":"es","@id":"https:\/\/www.itakaescolapios.org\/es\/#\/schema\/logo\/image\/","url":"https:\/\/www.itakaescolapios.org\/wp-content\/uploads\/2024\/04\/Logo-itakaescolapios-peque.png","contentUrl":"https:\/\/www.itakaescolapios.org\/wp-content\/uploads\/2024\/04\/Logo-itakaescolapios-peque.png","width":500,"height":199,"caption":"Fundaci\u00f3 Itaka-Escolapios"},"image":{"@id":"https:\/\/www.itakaescolapios.org\/es\/#\/schema\/logo\/image\/"}}]}},"_links":{"self":[{"href":"https:\/\/www.itakaescolapios.org\/es\/wp-json\/wp\/v2\/pages\/16896","targetHints":{"allow":["GET"]}}],"collection":[{"href":"https:\/\/www.itakaescolapios.org\/es\/wp-json\/wp\/v2\/pages"}],"about":[{"href":"https:\/\/www.itakaescolapios.org\/es\/wp-json\/wp\/v2\/types\/page"}],"author":[{"embeddable":true,"href":"https:\/\/www.itakaescolapios.org\/es\/wp-json\/wp\/v2\/users\/46"}],"replies":[{"embeddable":true,"href":"https:\/\/www.itakaescolapios.org\/es\/wp-json\/wp\/v2\/comments?post=16896"}],"version-history":[{"count":27,"href":"https:\/\/www.itakaescolapios.org\/es\/wp-json\/wp\/v2\/pages\/16896\/revisions"}],"predecessor-version":[{"id":48127,"href":"https:\/\/www.itakaescolapios.org\/es\/wp-json\/wp\/v2\/pages\/16896\/revisions\/48127"}],"up":[{"embeddable":true,"href":"https:\/\/www.itakaescolapios.org\/es\/wp-json\/wp\/v2\/pages\/16881"}],"wp:attachment":[{"href":"https:\/\/www.itakaescolapios.org\/es\/wp-json\/wp\/v2\/media?parent=16896"}],"curies":[{"name":"wp","href":"https:\/\/api.w.org\/{rel}","templated":true}]}}