{"id":16898,"date":"2016-11-02T10:54:46","date_gmt":"2016-11-02T09:54:46","guid":{"rendered":"https:\/\/www.itakaescolapios.org\/?page_id=16898"},"modified":"2023-11-28T12:38:18","modified_gmt":"2023-11-28T11:38:18","slug":"carteleria","status":"publish","type":"page","link":"https:\/\/www.itakaescolapios.org\/es\/campanas\/2016-2017-expedicion-kamda-educar-anunciar-transformar\/carteleria\/","title":{"rendered":"CARTELER\u00cdA"},"content":{"rendered":"<p><a href=\"https:\/\/www.itakaescolapios.org\/wp-content\/uploads\/2016\/11\/cartel-campa\u00f1a-1617-ESP.jpg\"><img decoding=\"async\" class=\"alignleft  wp-image-17047\" alt=\"cartel-campana-1617-esp\" src=\"https:\/\/www.itakaescolapios.org\/wp-content\/uploads\/2016\/11\/cartel-campa\u00f1a-1617-ESP-1024x731.jpg\" width=\"517\" height=\"369\" srcset=\"https:\/\/www.itakaescolapios.org\/wp-content\/uploads\/2016\/11\/cartel-campa\u00f1a-1617-ESP-1024x731.jpg 1024w, https:\/\/www.itakaescolapios.org\/wp-content\/uploads\/2016\/11\/cartel-campa\u00f1a-1617-ESP-300x214.jpg 300w, https:\/\/www.itakaescolapios.org\/wp-content\/uploads\/2016\/11\/cartel-campa\u00f1a-1617-ESP-250x178.jpg 250w, https:\/\/www.itakaescolapios.org\/wp-content\/uploads\/2016\/11\/cartel-campa\u00f1a-1617-ESP.jpg 2000w\" sizes=\"(max-width: 517px) 100vw, 517px\" \/><\/a><\/p>\n<p>Desc\u00e1rgate la carteler\u00eda e im\u00e1genes de la campa\u00f1a, pinchado en cada uno de los enlaces:<\/p>\n<table width=\"364\" border=\"0\" cellspacing=\"0\" cellpadding=\"0\">\n<colgroup>\n<col span=\"4\" width=\"91\" \/> <\/colgroup>\n<tbody>\n<tr>\n<td style=\"text-align: center;\" colspan=\"2\" width=\"182\" height=\"20\">CARTEL<\/td>\n<td style=\"text-align: center;\" colspan=\"2\" width=\"182\">PERSONAJES<\/td>\n<\/tr>\n<tr>\n<td style=\"text-align: center;\" width=\"91\" height=\"40\">EXPEDICI\u00d3N KAMDA<\/td>\n<td style=\"text-align: center;\" width=\"91\">GRACIAS ATAMB\u00daA<\/td>\n<td style=\"text-align: center;\" width=\"91\">COLOR<\/td>\n<td style=\"text-align: center;\" width=\"91\">PARA COLOREAR<\/td>\n<\/tr>\n<tr>\n<td height=\"20\"><span style=\"color: #ff6600;\"><strong><a href=\"https:\/\/www.itakaescolapios.org\/wp-content\/uploads\/2016\/11\/cartel-campa\u00f1a-1617-ESP.pdf\"><span style=\"color: #ff6600;\">ESPA\u00d1OL<\/span><\/a><\/strong><\/span><\/td>\n<td><span style=\"color: #993300;\"><strong><a href=\"https:\/\/www.itakaescolapios.org\/wp-content\/uploads\/2016\/11\/CARTEL-GRACIAS-ESPA\u00d1OL.pdf\"><span style=\"color: #993300;\">GRACIAS<\/span><\/a><\/strong><\/span><\/td>\n<td><span style=\"color: #808000;\"><strong><a href=\"https:\/\/www.itakaescolapios.org\/wp-content\/uploads\/2016\/11\/AUTOB\u00daS.pdf\"><span style=\"color: #808000;\">AUTOB\u00daS<\/span><\/a><\/strong><\/span><\/td>\n<td><span style=\"color: #800080;\"><strong><a href=\"https:\/\/www.itakaescolapios.org\/wp-content\/uploads\/2016\/11\/autobus-linea.pdf\"><span style=\"color: #800080;\">AUTOB\u00daS L\u00cdNEA<\/span><\/a><\/strong><\/span><\/td>\n<\/tr>\n<tr>\n<td height=\"20\"><strong><span style=\"color: #ff6600;\"><a href=\"https:\/\/www.itakaescolapios.org\/wp-content\/uploads\/2016\/11\/cartel-campa\u00f1a-1617-ING.pdf\"><span style=\"color: #ff6600;\">INGL\u00c9S<\/span><\/a><\/span><\/strong><\/td>\n<td><\/td>\n<td><span style=\"color: #808000;\"><strong><a href=\"https:\/\/www.itakaescolapios.org\/wp-content\/uploads\/2016\/11\/CALASANZ-EXPEDICI\u00d3N.pdf\"><span style=\"color: #808000;\">CALASANZ<\/span><\/a><\/strong><\/span><\/td>\n<td><span style=\"color: #800080;\"><strong><a href=\"https:\/\/www.itakaescolapios.org\/wp-content\/uploads\/2016\/11\/CALASANZ-linea.pdf\"><span style=\"color: #800080;\">CALASANZ L\u00cdNEA<\/span><\/a><\/strong><\/span><\/td>\n<\/tr>\n<tr>\n<td height=\"20\"><strong><span style=\"color: #ff6600;\">FRANC\u00c9S<\/span><\/strong><\/td>\n<td><\/td>\n<td><span style=\"color: #808000;\"><strong><a href=\"https:\/\/www.itakaescolapios.org\/wp-content\/uploads\/2016\/11\/QUISAP-EXPEDICI\u00d3N.pdf\"><span style=\"color: #808000;\">QUISAP<\/span><\/a><\/strong><\/span><\/td>\n<td><span style=\"color: #800080;\"><strong><a href=\"https:\/\/www.itakaescolapios.org\/wp-content\/uploads\/2016\/11\/quisap-linea.pdf\"><span style=\"color: #800080;\">QUISAP L\u00cdNEA<\/span><\/a><\/strong><\/span><\/td>\n<\/tr>\n<tr>\n<td height=\"20\"><strong><span style=\"color: #ff6600;\"><a href=\"https:\/\/www.itakaescolapios.org\/wp-content\/uploads\/2016\/11\/CARTEL-CAMPA\u00d1A-ITAKA-2016-17-portugues-web.pdf\"><span style=\"color: #ff6600;\">PORTUGU\u00c9S<\/span><\/a><\/span><\/strong><\/td>\n<td><\/td>\n<td><span style=\"color: #808000;\"><strong><a href=\"https:\/\/www.itakaescolapios.org\/wp-content\/uploads\/2016\/11\/MARINE-EXPEDICI\u00d3N.pdf\"><span style=\"color: #808000;\">MARINE<\/span><\/a><\/strong><\/span><\/td>\n<td><strong><span style=\"color: #800080;\"><a href=\"https:\/\/www.itakaescolapios.org\/wp-content\/uploads\/2016\/11\/MARINE-linea.pdf\"><span style=\"color: #800080;\">MARINE L\u00cdNEA<\/span><\/a><\/span><\/strong><\/td>\n<\/tr>\n<tr>\n<td height=\"20\"><span style=\"color: #ff6600;\"><strong><a href=\"https:\/\/www.itakaescolapios.org\/wp-content\/uploads\/2016\/11\/cartel-campa\u00f1a-1617-eusk.pdf\"><span style=\"color: #ff6600;\">EUSKERA<\/span><\/a><\/strong><\/span><\/td>\n<td><span style=\"color: #993300;\"><strong><a href=\"https:\/\/www.itakaescolapios.org\/wp-content\/uploads\/2016\/11\/CARTEL-GRACIAS-EUSKERA.pdf\"><span style=\"color: #993300;\">ESKERRIK ASKO<\/span><\/a><\/strong><\/span><\/td>\n<td><span style=\"color: #808000;\"><strong><a href=\"https:\/\/www.itakaescolapios.org\/wp-content\/uploads\/2016\/11\/JIWA-EXPEDICI\u00d3N.pdf\"><span style=\"color: #808000;\">JIWA<\/span><\/a><\/strong><\/span><\/td>\n<td><span style=\"color: #800080;\"><strong><a href=\"https:\/\/www.itakaescolapios.org\/wp-content\/uploads\/2016\/11\/JIWA-linea.pdf\"><span style=\"color: #800080;\">JIWA L\u00cdNEA<\/span><\/a><\/strong><\/span><\/td>\n<\/tr>\n<tr>\n<td height=\"20\"><span style=\"color: #ff6600;\"><strong><a href=\"https:\/\/www.itakaescolapios.org\/wp-content\/uploads\/2016\/11\/cartel-campa\u00f1a-1617-VAL.pdf\"><span style=\"color: #ff6600;\">VALENCIANO<\/span><\/a><\/strong><\/span><\/td>\n<td><strong><span style=\"color: #993300;\"><a href=\"https:\/\/www.itakaescolapios.org\/wp-content\/uploads\/2016\/11\/CARTEL-GRACIAS-VALENCIANO.pdf\"><span style=\"color: #993300;\">GRACIES<\/span><\/a><\/span><\/strong><\/td>\n<td><span style=\"color: #808000;\"><strong><a href=\"https:\/\/www.itakaescolapios.org\/wp-content\/uploads\/2016\/11\/SUKAL-EXPEDICI\u00d3N.pdf\"><span style=\"color: #808000;\">SUKAL<\/span><\/a><\/strong><\/span><\/td>\n<td><span style=\"color: #800080;\"><strong><a href=\"https:\/\/www.itakaescolapios.org\/wp-content\/uploads\/2016\/11\/sukal-linea.pdf\"><span style=\"color: #800080;\">SUKAL L\u00cdNEA<\/span><\/a><\/strong><\/span><\/td>\n<\/tr>\n<tr>\n<td height=\"20\"><strong><span style=\"color: #ff6600;\"><a href=\"https:\/\/www.itakaescolapios.org\/wp-content\/uploads\/2016\/11\/cartel-campa\u00f1a-1617-GAL.pdf\"><span style=\"color: #ff6600;\">GALLEGO<\/span><\/a><\/span><\/strong><\/td>\n<td><\/td>\n<td><span style=\"color: #808000;\"><strong><a href=\"https:\/\/www.itakaescolapios.org\/wp-content\/uploads\/2016\/11\/BLA-EXPEDICI\u00d3N.pdf\"><span style=\"color: #808000;\">BLA<\/span><\/a><\/strong><\/span><\/td>\n<td><strong><span style=\"color: #800080;\"><a href=\"https:\/\/www.itakaescolapios.org\/wp-content\/uploads\/2016\/11\/BLA_linea.pdf\"><span style=\"color: #800080;\">BLA L\u00cdNEA<\/span><\/a><\/span><\/strong><\/td>\n<\/tr>\n<\/tbody>\n<\/table>\n","protected":false},"excerpt":{"rendered":"<p>Desc\u00e1rgate la carteler\u00eda e im\u00e1genes de la campa\u00f1a, pinchado en cada uno de los enlaces: CARTEL PERSONAJES EXPEDICI\u00d3N KAMDA GRACIAS ATAMB\u00daA COLOR PARA COLOREAR ESPA\u00d1OL GRACIAS AUTOB\u00daS AUTOB\u00daS L\u00cdNEA INGL\u00c9S [&hellip;]<\/p>\n","protected":false},"author":46,"featured_media":0,"parent":16881,"menu_order":7,"comment_status":"closed","ping_status":"closed","template":"","meta":{"_et_pb_use_builder":"","_et_pb_old_content":"","_et_gb_content_width":"","footnotes":""},"class_list":["post-16898","page","type-page","status-publish","hentry"],"yoast_head":"<!-- This site is optimized with the Yoast SEO plugin v27.3 - https:\/\/yoast.com\/product\/yoast-seo-wordpress\/ -->\n<title>CARTELER\u00cdA - Itaka-Escolapios<\/title>\n<meta name=\"robots\" content=\"index, follow, max-snippet:-1, max-image-preview:large, max-video-preview:-1\" \/>\n<link rel=\"canonical\" href=\"https:\/\/www.itakaescolapios.org\/es\/campanas\/2016-2017-expedicion-kamda-educar-anunciar-transformar\/carteleria\/\" \/>\n<meta property=\"og:locale\" content=\"es_ES\" \/>\n<meta property=\"og:type\" content=\"article\" \/>\n<meta property=\"og:title\" content=\"CARTELER\u00cdA - Itaka-Escolapios\" \/>\n<meta property=\"og:description\" content=\"Desc\u00e1rgate la carteler\u00eda e im\u00e1genes de la campa\u00f1a, pinchado en cada uno de los enlaces: CARTEL PERSONAJES EXPEDICI\u00d3N KAMDA GRACIAS ATAMB\u00daA COLOR PARA COLOREAR ESPA\u00d1OL GRACIAS AUTOB\u00daS AUTOB\u00daS L\u00cdNEA INGL\u00c9S [&hellip;]\" \/>\n<meta property=\"og:url\" content=\"https:\/\/www.itakaescolapios.org\/es\/campanas\/2016-2017-expedicion-kamda-educar-anunciar-transformar\/carteleria\/\" \/>\n<meta property=\"og:site_name\" content=\"Itaka-Escolapios\" \/>\n<meta property=\"article:modified_time\" content=\"2023-11-28T11:38:18+00:00\" \/>\n<meta name=\"twitter:card\" content=\"summary_large_image\" \/>\n<script type=\"application\/ld+json\" class=\"yoast-schema-graph\">{\"@context\":\"https:\\\/\\\/schema.org\",\"@graph\":[{\"@type\":\"WebPage\",\"@id\":\"https:\\\/\\\/www.itakaescolapios.org\\\/es\\\/campanas\\\/2016-2017-expedicion-kamda-educar-anunciar-transformar\\\/carteleria\\\/\",\"url\":\"https:\\\/\\\/www.itakaescolapios.org\\\/es\\\/campanas\\\/2016-2017-expedicion-kamda-educar-anunciar-transformar\\\/carteleria\\\/\",\"name\":\"CARTELER\u00cdA - Itaka-Escolapios\",\"isPartOf\":{\"@id\":\"https:\\\/\\\/www.itakaescolapios.org\\\/es\\\/#website\"},\"datePublished\":\"2016-11-02T09:54:46+00:00\",\"dateModified\":\"2023-11-28T11:38:18+00:00\",\"breadcrumb\":{\"@id\":\"https:\\\/\\\/www.itakaescolapios.org\\\/es\\\/campanas\\\/2016-2017-expedicion-kamda-educar-anunciar-transformar\\\/carteleria\\\/#breadcrumb\"},\"inLanguage\":\"es\",\"potentialAction\":[{\"@type\":\"ReadAction\",\"target\":[\"https:\\\/\\\/www.itakaescolapios.org\\\/es\\\/campanas\\\/2016-2017-expedicion-kamda-educar-anunciar-transformar\\\/carteleria\\\/\"]}]},{\"@type\":\"BreadcrumbList\",\"@id\":\"https:\\\/\\\/www.itakaescolapios.org\\\/es\\\/campanas\\\/2016-2017-expedicion-kamda-educar-anunciar-transformar\\\/carteleria\\\/#breadcrumb\",\"itemListElement\":[{\"@type\":\"ListItem\",\"position\":1,\"name\":\"Portada\",\"item\":\"https:\\\/\\\/www.itakaescolapios.org\\\/es\\\/\"},{\"@type\":\"ListItem\",\"position\":2,\"name\":\"Campa\u00f1as\",\"item\":\"https:\\\/\\\/www.itakaescolapios.org\\\/es\\\/campanas\\\/\"},{\"@type\":\"ListItem\",\"position\":3,\"name\":\"2016-2017 EXPEDICI\u00d3N KAMDA: EDUCAR, ANUNCIAR, TRANSFORMAR\",\"item\":\"https:\\\/\\\/www.itakaescolapios.org\\\/es\\\/campanas\\\/2016-2017-expedicion-kamda-educar-anunciar-transformar\\\/\"},{\"@type\":\"ListItem\",\"position\":4,\"name\":\"CARTELER\u00cdA\"}]},{\"@type\":\"WebSite\",\"@id\":\"https:\\\/\\\/www.itakaescolapios.org\\\/es\\\/#website\",\"url\":\"https:\\\/\\\/www.itakaescolapios.org\\\/es\\\/\",\"name\":\"Itaka-Escolapios\",\"description\":\"Red de Itaka-Escolapios\",\"publisher\":{\"@id\":\"https:\\\/\\\/www.itakaescolapios.org\\\/es\\\/#organization\"},\"potentialAction\":[{\"@type\":\"SearchAction\",\"target\":{\"@type\":\"EntryPoint\",\"urlTemplate\":\"https:\\\/\\\/www.itakaescolapios.org\\\/es\\\/?s={search_term_string}\"},\"query-input\":{\"@type\":\"PropertyValueSpecification\",\"valueRequired\":true,\"valueName\":\"search_term_string\"}}],\"inLanguage\":\"es\"},{\"@type\":\"Organization\",\"@id\":\"https:\\\/\\\/www.itakaescolapios.org\\\/es\\\/#organization\",\"name\":\"Fundaci\u00f3 Itaka-Escolapios\",\"url\":\"https:\\\/\\\/www.itakaescolapios.org\\\/es\\\/\",\"logo\":{\"@type\":\"ImageObject\",\"inLanguage\":\"es\",\"@id\":\"https:\\\/\\\/www.itakaescolapios.org\\\/es\\\/#\\\/schema\\\/logo\\\/image\\\/\",\"url\":\"https:\\\/\\\/www.itakaescolapios.org\\\/wp-content\\\/uploads\\\/2024\\\/04\\\/Logo-itakaescolapios-peque.png\",\"contentUrl\":\"https:\\\/\\\/www.itakaescolapios.org\\\/wp-content\\\/uploads\\\/2024\\\/04\\\/Logo-itakaescolapios-peque.png\",\"width\":500,\"height\":199,\"caption\":\"Fundaci\u00f3 Itaka-Escolapios\"},\"image\":{\"@id\":\"https:\\\/\\\/www.itakaescolapios.org\\\/es\\\/#\\\/schema\\\/logo\\\/image\\\/\"}}]}<\/script>\n<!-- \/ Yoast SEO plugin. -->","yoast_head_json":{"title":"CARTELER\u00cdA - Itaka-Escolapios","robots":{"index":"index","follow":"follow","max-snippet":"max-snippet:-1","max-image-preview":"max-image-preview:large","max-video-preview":"max-video-preview:-1"},"canonical":"https:\/\/www.itakaescolapios.org\/es\/campanas\/2016-2017-expedicion-kamda-educar-anunciar-transformar\/carteleria\/","og_locale":"es_ES","og_type":"article","og_title":"CARTELER\u00cdA - Itaka-Escolapios","og_description":"Desc\u00e1rgate la carteler\u00eda e im\u00e1genes de la campa\u00f1a, pinchado en cada uno de los enlaces: CARTEL PERSONAJES EXPEDICI\u00d3N KAMDA GRACIAS ATAMB\u00daA COLOR PARA COLOREAR ESPA\u00d1OL GRACIAS AUTOB\u00daS AUTOB\u00daS L\u00cdNEA INGL\u00c9S [&hellip;]","og_url":"https:\/\/www.itakaescolapios.org\/es\/campanas\/2016-2017-expedicion-kamda-educar-anunciar-transformar\/carteleria\/","og_site_name":"Itaka-Escolapios","article_modified_time":"2023-11-28T11:38:18+00:00","twitter_card":"summary_large_image","schema":{"@context":"https:\/\/schema.org","@graph":[{"@type":"WebPage","@id":"https:\/\/www.itakaescolapios.org\/es\/campanas\/2016-2017-expedicion-kamda-educar-anunciar-transformar\/carteleria\/","url":"https:\/\/www.itakaescolapios.org\/es\/campanas\/2016-2017-expedicion-kamda-educar-anunciar-transformar\/carteleria\/","name":"CARTELER\u00cdA - Itaka-Escolapios","isPartOf":{"@id":"https:\/\/www.itakaescolapios.org\/es\/#website"},"datePublished":"2016-11-02T09:54:46+00:00","dateModified":"2023-11-28T11:38:18+00:00","breadcrumb":{"@id":"https:\/\/www.itakaescolapios.org\/es\/campanas\/2016-2017-expedicion-kamda-educar-anunciar-transformar\/carteleria\/#breadcrumb"},"inLanguage":"es","potentialAction":[{"@type":"ReadAction","target":["https:\/\/www.itakaescolapios.org\/es\/campanas\/2016-2017-expedicion-kamda-educar-anunciar-transformar\/carteleria\/"]}]},{"@type":"BreadcrumbList","@id":"https:\/\/www.itakaescolapios.org\/es\/campanas\/2016-2017-expedicion-kamda-educar-anunciar-transformar\/carteleria\/#breadcrumb","itemListElement":[{"@type":"ListItem","position":1,"name":"Portada","item":"https:\/\/www.itakaescolapios.org\/es\/"},{"@type":"ListItem","position":2,"name":"Campa\u00f1as","item":"https:\/\/www.itakaescolapios.org\/es\/campanas\/"},{"@type":"ListItem","position":3,"name":"2016-2017 EXPEDICI\u00d3N KAMDA: EDUCAR, ANUNCIAR, TRANSFORMAR","item":"https:\/\/www.itakaescolapios.org\/es\/campanas\/2016-2017-expedicion-kamda-educar-anunciar-transformar\/"},{"@type":"ListItem","position":4,"name":"CARTELER\u00cdA"}]},{"@type":"WebSite","@id":"https:\/\/www.itakaescolapios.org\/es\/#website","url":"https:\/\/www.itakaescolapios.org\/es\/","name":"Itaka-Escolapios","description":"Red de Itaka-Escolapios","publisher":{"@id":"https:\/\/www.itakaescolapios.org\/es\/#organization"},"potentialAction":[{"@type":"SearchAction","target":{"@type":"EntryPoint","urlTemplate":"https:\/\/www.itakaescolapios.org\/es\/?s={search_term_string}"},"query-input":{"@type":"PropertyValueSpecification","valueRequired":true,"valueName":"search_term_string"}}],"inLanguage":"es"},{"@type":"Organization","@id":"https:\/\/www.itakaescolapios.org\/es\/#organization","name":"Fundaci\u00f3 Itaka-Escolapios","url":"https:\/\/www.itakaescolapios.org\/es\/","logo":{"@type":"ImageObject","inLanguage":"es","@id":"https:\/\/www.itakaescolapios.org\/es\/#\/schema\/logo\/image\/","url":"https:\/\/www.itakaescolapios.org\/wp-content\/uploads\/2024\/04\/Logo-itakaescolapios-peque.png","contentUrl":"https:\/\/www.itakaescolapios.org\/wp-content\/uploads\/2024\/04\/Logo-itakaescolapios-peque.png","width":500,"height":199,"caption":"Fundaci\u00f3 Itaka-Escolapios"},"image":{"@id":"https:\/\/www.itakaescolapios.org\/es\/#\/schema\/logo\/image\/"}}]}},"_links":{"self":[{"href":"https:\/\/www.itakaescolapios.org\/es\/wp-json\/wp\/v2\/pages\/16898","targetHints":{"allow":["GET"]}}],"collection":[{"href":"https:\/\/www.itakaescolapios.org\/es\/wp-json\/wp\/v2\/pages"}],"about":[{"href":"https:\/\/www.itakaescolapios.org\/es\/wp-json\/wp\/v2\/types\/page"}],"author":[{"embeddable":true,"href":"https:\/\/www.itakaescolapios.org\/es\/wp-json\/wp\/v2\/users\/46"}],"replies":[{"embeddable":true,"href":"https:\/\/www.itakaescolapios.org\/es\/wp-json\/wp\/v2\/comments?post=16898"}],"version-history":[{"count":19,"href":"https:\/\/www.itakaescolapios.org\/es\/wp-json\/wp\/v2\/pages\/16898\/revisions"}],"predecessor-version":[{"id":48125,"href":"https:\/\/www.itakaescolapios.org\/es\/wp-json\/wp\/v2\/pages\/16898\/revisions\/48125"}],"up":[{"embeddable":true,"href":"https:\/\/www.itakaescolapios.org\/es\/wp-json\/wp\/v2\/pages\/16881"}],"wp:attachment":[{"href":"https:\/\/www.itakaescolapios.org\/es\/wp-json\/wp\/v2\/media?parent=16898"}],"curies":[{"name":"wp","href":"https:\/\/api.w.org\/{rel}","templated":true}]}}