{"id":16919,"date":"2016-11-02T16:51:20","date_gmt":"2016-11-02T15:51:20","guid":{"rendered":"https:\/\/www.itakaescolapios.org\/?page_id=16919"},"modified":"2023-11-28T12:38:18","modified_gmt":"2023-11-28T11:38:18","slug":"pedalea-por-kamda","status":"publish","type":"page","link":"https:\/\/www.itakaescolapios.org\/es\/pedalea-por-kamda\/","title":{"rendered":"PEDALEA POR KAMDA"},"content":{"rendered":"<p><a href=\"https:\/\/www.itakaescolapios.org\/wp-content\/uploads\/2016\/11\/WhatsApp-Image-2016-10-13-at-13.37.16.jpeg\"><img decoding=\"async\" class=\"alignleft  wp-image-16983\" alt=\"whatsapp-image-2016-10-13-at-13-37-16\" src=\"https:\/\/www.itakaescolapios.org\/wp-content\/uploads\/2016\/11\/WhatsApp-Image-2016-10-13-at-13.37.16.jpeg\" width=\"311\" height=\"242\" srcset=\"https:\/\/www.itakaescolapios.org\/wp-content\/uploads\/2016\/11\/WhatsApp-Image-2016-10-13-at-13.37.16.jpeg 926w, https:\/\/www.itakaescolapios.org\/wp-content\/uploads\/2016\/11\/WhatsApp-Image-2016-10-13-at-13.37.16-300x233.jpeg 300w, https:\/\/www.itakaescolapios.org\/wp-content\/uploads\/2016\/11\/WhatsApp-Image-2016-10-13-at-13.37.16-250x194.jpeg 250w\" sizes=\"(max-width: 311px) 100vw, 311px\" \/><\/a>Itaka Escolapios plantea la campa\u00f1a de solidaridad como un espacio de intercambio y aprendizaje mutuo, es una oportunidad para demostrar nuestra solidaridad con el otro lado del mundo, pero tambi\u00e9n para aprender.<\/p>\n<p><span style=\"text-decoration: underline;\">Diariamente m\u00e1s de 600 ni\u00f1os y ni\u00f1as acuden a la Escuela de Kamda<\/span>. Muchos viven lejos de la escuela, dispersos por la selva. Por eso <span style=\"text-decoration: underline;\">la gran mayor\u00eda acude a la escuela en bicicleta<\/span>.\u00a0 Las dos ruedas son m\u00e1s que un juguete, se convierten en una divertida herramienta de autonom\u00eda, sostenible, \u201ceco-l\u00f3gica\u201d y sana.<\/p>\n<p>Nuestra realidad probablemente sea muy diferente de la de Kamda, es inevitable compararnos, qu\u00e9 lugares y personas tan distintas\u2026\u00a0 Y, sin embargo, tenemos tanto en com\u00fan, tanto por aprender unas de otras\u2026<\/p>\n<p>Conocer Kamda nos interpela, nos muestra que acudir a la escuela en bicicleta y aprender a usarla para desplazarnos puede ser una gran idea. No la desechemos, reivindiquemos nuestro derecho a llegar a la escuela y movernos por nuestro entorno pedaleando.<\/p>\n<p>Quiz\u00e1s en nuestro centro escolar la mayor\u00eda nos acerquemos caminando, \u00a1qu\u00e9 suerte! O en coche, o en autob\u00fas. \u00bfPor qu\u00e9 no hacerlo en bicicleta?<\/p>\n<p>Te invitamos a aprender de Kamda, a <span style=\"text-decoration: underline;\">celebrar un d\u00eda de la bicicleta<\/span>, a organizar una marcha reivindicativa, un pasacalle. Demandemos nuestro derecho a usar el espacio que nos rodea de una manera diferente, montando en bici \u201d<b><span style=\"text-decoration: underline;\"> PEDALEA POR KAMDA<\/span><\/b>\u201d.<\/p>\n<p>Se trata de <span style=\"text-decoration: underline;\">dise\u00f1ar un peque\u00f1o recorrido partiendo del colegio a realizar un d\u00eda concreto<\/span>, invitando a todo el alumnado, y al resto de la comunidad educativa a acudir en bicicleta, difundiendo en nuestro entorno la Campa\u00f1a de Solidaridad y nuestra apuesta por la solidaridad, el aprendizaje mutuo y la sostenibilidad.<\/p>\n<p>Consideramos que la actividad es ideal para primaria, secundaria y bachillerato. Las caracter\u00edsticas de los centros escolares en los que se desarrolla la campa\u00f1a son tan diversas que requerir\u00e1 una planificaci\u00f3n muy espec\u00edfica, recogemos a continuaci\u00f3n algunas posibilidades o recomendaciones a tener en cuenta:<\/p>\n<ul>\n<li>En algunos lugares ser\u00e1 necesario pedir permiso a las familias y\/o a las autoridades para realizar el recorrido (habla con el centro educativo e inf\u00f3rmate en tu ayuntamiento)<\/li>\n<li>Quiz\u00e1s no todo el mundo disponga de bicicleta, se pueden organizar turnos distintos, pedir prestadas a alg\u00fan colectivo o instituci\u00f3n, etc.<\/li>\n<li>Se puede sortear una bicicleta el d\u00eda de la actividad.<\/li>\n<li>Se puede organizar un recorrido alternativo, dentro del colegio, para los ni\u00f1os y ni\u00f1as m\u00e1s peque\u00f1os con bicicletas sin pedales o triciclos de su talla.<\/li>\n<li>Podemos decorar las bicicletas con carteles, banderas, etc.<\/li>\n<li>Quiz\u00e1s no todo el alumnado sepa o pueda montar en bicicleta, conviene pensar alguna alternativa con distintos modos de participaci\u00f3n para quien no monte en bici.<\/li>\n<li>En algunos lugares hay asociaciones ciclistas o entidades que reivindican el uso de la bicicleta que podr\u00e1n ayudar a organizarlo.<\/li>\n<li>Podemos decorar algunas de las bicicletas con carteles de la campa\u00f1a, o utilizar alg\u00fan tipo de <a href=\"https:\/\/www.google.es\/search?q=carro+de+bicicleta&amp;rlz=1C2OPRB_enES623ES623&amp;biw=1600&amp;bih=770&amp;source=lnms&amp;tbm=isch&amp;sa=X&amp;ved=0ahUKEwiJstzz5OnPAhVMVRQKHbw1AgYQ_AUIBigB#tbm=isch&amp;q=publicidad+en+bicicleta\" target=\"_blank\" rel=\"noopener\">carro<\/a> en el que colocarlos, podemos aprovechar para distribuir panfletos o informaci\u00f3n sobre la campa\u00f1a. Las posibilidades son muchas.<\/li>\n<\/ul>\n","protected":false},"excerpt":{"rendered":"<p>Itaka Escolapios plantea la campa\u00f1a de solidaridad como un espacio de intercambio y aprendizaje mutuo, es una oportunidad para demostrar nuestra solidaridad con el otro lado del mundo, pero tambi\u00e9n [&hellip;]<\/p>\n","protected":false},"author":46,"featured_media":0,"parent":0,"menu_order":0,"comment_status":"closed","ping_status":"closed","template":"","meta":{"_et_pb_use_builder":"","_et_pb_old_content":"","_et_gb_content_width":"","footnotes":""},"class_list":["post-16919","page","type-page","status-publish","hentry"],"yoast_head":"<!-- This site is optimized with the Yoast SEO plugin v27.3 - https:\/\/yoast.com\/product\/yoast-seo-wordpress\/ -->\n<title>PEDALEA POR KAMDA - Itaka-Escolapios<\/title>\n<meta name=\"robots\" content=\"index, follow, max-snippet:-1, max-image-preview:large, max-video-preview:-1\" \/>\n<link rel=\"canonical\" href=\"https:\/\/www.itakaescolapios.org\/es\/pedalea-por-kamda\/\" \/>\n<meta property=\"og:locale\" content=\"es_ES\" \/>\n<meta property=\"og:type\" content=\"article\" \/>\n<meta property=\"og:title\" content=\"PEDALEA POR KAMDA - Itaka-Escolapios\" \/>\n<meta property=\"og:description\" content=\"Itaka Escolapios plantea la campa\u00f1a de solidaridad como un espacio de intercambio y aprendizaje mutuo, es una oportunidad para demostrar nuestra solidaridad con el otro lado del mundo, pero tambi\u00e9n [&hellip;]\" \/>\n<meta property=\"og:url\" content=\"https:\/\/www.itakaescolapios.org\/es\/pedalea-por-kamda\/\" \/>\n<meta property=\"og:site_name\" content=\"Itaka-Escolapios\" \/>\n<meta property=\"article:modified_time\" content=\"2023-11-28T11:38:18+00:00\" \/>\n<meta property=\"og:image\" content=\"https:\/\/www.itakaescolapios.org\/wp-content\/uploads\/2016\/11\/WhatsApp-Image-2016-10-13-at-13.37.16.jpeg\" \/>\n\t<meta property=\"og:image:width\" content=\"926\" \/>\n\t<meta property=\"og:image:height\" content=\"720\" \/>\n\t<meta property=\"og:image:type\" content=\"image\/jpeg\" \/>\n<meta name=\"twitter:card\" content=\"summary_large_image\" \/>\n<meta name=\"twitter:label1\" content=\"Tiempo de lectura\" \/>\n\t<meta name=\"twitter:data1\" content=\"3 minutos\" \/>\n<script type=\"application\/ld+json\" class=\"yoast-schema-graph\">{\"@context\":\"https:\\\/\\\/schema.org\",\"@graph\":[{\"@type\":\"WebPage\",\"@id\":\"https:\\\/\\\/www.itakaescolapios.org\\\/es\\\/pedalea-por-kamda\\\/\",\"url\":\"https:\\\/\\\/www.itakaescolapios.org\\\/es\\\/pedalea-por-kamda\\\/\",\"name\":\"PEDALEA POR KAMDA - Itaka-Escolapios\",\"isPartOf\":{\"@id\":\"https:\\\/\\\/www.itakaescolapios.org\\\/es\\\/#website\"},\"primaryImageOfPage\":{\"@id\":\"https:\\\/\\\/www.itakaescolapios.org\\\/es\\\/pedalea-por-kamda\\\/#primaryimage\"},\"image\":{\"@id\":\"https:\\\/\\\/www.itakaescolapios.org\\\/es\\\/pedalea-por-kamda\\\/#primaryimage\"},\"thumbnailUrl\":\"https:\\\/\\\/www.itakaescolapios.org\\\/wp-content\\\/uploads\\\/2016\\\/11\\\/WhatsApp-Image-2016-10-13-at-13.37.16.jpeg\",\"datePublished\":\"2016-11-02T15:51:20+00:00\",\"dateModified\":\"2023-11-28T11:38:18+00:00\",\"breadcrumb\":{\"@id\":\"https:\\\/\\\/www.itakaescolapios.org\\\/es\\\/pedalea-por-kamda\\\/#breadcrumb\"},\"inLanguage\":\"es\",\"potentialAction\":[{\"@type\":\"ReadAction\",\"target\":[\"https:\\\/\\\/www.itakaescolapios.org\\\/es\\\/pedalea-por-kamda\\\/\"]}]},{\"@type\":\"ImageObject\",\"inLanguage\":\"es\",\"@id\":\"https:\\\/\\\/www.itakaescolapios.org\\\/es\\\/pedalea-por-kamda\\\/#primaryimage\",\"url\":\"https:\\\/\\\/www.itakaescolapios.org\\\/wp-content\\\/uploads\\\/2016\\\/11\\\/WhatsApp-Image-2016-10-13-at-13.37.16.jpeg\",\"contentUrl\":\"https:\\\/\\\/www.itakaescolapios.org\\\/wp-content\\\/uploads\\\/2016\\\/11\\\/WhatsApp-Image-2016-10-13-at-13.37.16.jpeg\"},{\"@type\":\"BreadcrumbList\",\"@id\":\"https:\\\/\\\/www.itakaescolapios.org\\\/es\\\/pedalea-por-kamda\\\/#breadcrumb\",\"itemListElement\":[{\"@type\":\"ListItem\",\"position\":1,\"name\":\"Portada\",\"item\":\"https:\\\/\\\/www.itakaescolapios.org\\\/es\\\/\"},{\"@type\":\"ListItem\",\"position\":2,\"name\":\"PEDALEA POR KAMDA\"}]},{\"@type\":\"WebSite\",\"@id\":\"https:\\\/\\\/www.itakaescolapios.org\\\/es\\\/#website\",\"url\":\"https:\\\/\\\/www.itakaescolapios.org\\\/es\\\/\",\"name\":\"Itaka-Escolapios\",\"description\":\"Red de Itaka-Escolapios\",\"publisher\":{\"@id\":\"https:\\\/\\\/www.itakaescolapios.org\\\/es\\\/#organization\"},\"potentialAction\":[{\"@type\":\"SearchAction\",\"target\":{\"@type\":\"EntryPoint\",\"urlTemplate\":\"https:\\\/\\\/www.itakaescolapios.org\\\/es\\\/?s={search_term_string}\"},\"query-input\":{\"@type\":\"PropertyValueSpecification\",\"valueRequired\":true,\"valueName\":\"search_term_string\"}}],\"inLanguage\":\"es\"},{\"@type\":\"Organization\",\"@id\":\"https:\\\/\\\/www.itakaescolapios.org\\\/es\\\/#organization\",\"name\":\"Fundaci\u00f3 Itaka-Escolapios\",\"url\":\"https:\\\/\\\/www.itakaescolapios.org\\\/es\\\/\",\"logo\":{\"@type\":\"ImageObject\",\"inLanguage\":\"es\",\"@id\":\"https:\\\/\\\/www.itakaescolapios.org\\\/es\\\/#\\\/schema\\\/logo\\\/image\\\/\",\"url\":\"https:\\\/\\\/www.itakaescolapios.org\\\/wp-content\\\/uploads\\\/2024\\\/04\\\/Logo-itakaescolapios-peque.png\",\"contentUrl\":\"https:\\\/\\\/www.itakaescolapios.org\\\/wp-content\\\/uploads\\\/2024\\\/04\\\/Logo-itakaescolapios-peque.png\",\"width\":500,\"height\":199,\"caption\":\"Fundaci\u00f3 Itaka-Escolapios\"},\"image\":{\"@id\":\"https:\\\/\\\/www.itakaescolapios.org\\\/es\\\/#\\\/schema\\\/logo\\\/image\\\/\"}}]}<\/script>\n<!-- \/ Yoast SEO plugin. -->","yoast_head_json":{"title":"PEDALEA POR KAMDA - Itaka-Escolapios","robots":{"index":"index","follow":"follow","max-snippet":"max-snippet:-1","max-image-preview":"max-image-preview:large","max-video-preview":"max-video-preview:-1"},"canonical":"https:\/\/www.itakaescolapios.org\/es\/pedalea-por-kamda\/","og_locale":"es_ES","og_type":"article","og_title":"PEDALEA POR KAMDA - Itaka-Escolapios","og_description":"Itaka Escolapios plantea la campa\u00f1a de solidaridad como un espacio de intercambio y aprendizaje mutuo, es una oportunidad para demostrar nuestra solidaridad con el otro lado del mundo, pero tambi\u00e9n [&hellip;]","og_url":"https:\/\/www.itakaescolapios.org\/es\/pedalea-por-kamda\/","og_site_name":"Itaka-Escolapios","article_modified_time":"2023-11-28T11:38:18+00:00","og_image":[{"width":926,"height":720,"url":"https:\/\/www.itakaescolapios.org\/wp-content\/uploads\/2016\/11\/WhatsApp-Image-2016-10-13-at-13.37.16.jpeg","type":"image\/jpeg"}],"twitter_card":"summary_large_image","twitter_misc":{"Tiempo de lectura":"3 minutos"},"schema":{"@context":"https:\/\/schema.org","@graph":[{"@type":"WebPage","@id":"https:\/\/www.itakaescolapios.org\/es\/pedalea-por-kamda\/","url":"https:\/\/www.itakaescolapios.org\/es\/pedalea-por-kamda\/","name":"PEDALEA POR KAMDA - Itaka-Escolapios","isPartOf":{"@id":"https:\/\/www.itakaescolapios.org\/es\/#website"},"primaryImageOfPage":{"@id":"https:\/\/www.itakaescolapios.org\/es\/pedalea-por-kamda\/#primaryimage"},"image":{"@id":"https:\/\/www.itakaescolapios.org\/es\/pedalea-por-kamda\/#primaryimage"},"thumbnailUrl":"https:\/\/www.itakaescolapios.org\/wp-content\/uploads\/2016\/11\/WhatsApp-Image-2016-10-13-at-13.37.16.jpeg","datePublished":"2016-11-02T15:51:20+00:00","dateModified":"2023-11-28T11:38:18+00:00","breadcrumb":{"@id":"https:\/\/www.itakaescolapios.org\/es\/pedalea-por-kamda\/#breadcrumb"},"inLanguage":"es","potentialAction":[{"@type":"ReadAction","target":["https:\/\/www.itakaescolapios.org\/es\/pedalea-por-kamda\/"]}]},{"@type":"ImageObject","inLanguage":"es","@id":"https:\/\/www.itakaescolapios.org\/es\/pedalea-por-kamda\/#primaryimage","url":"https:\/\/www.itakaescolapios.org\/wp-content\/uploads\/2016\/11\/WhatsApp-Image-2016-10-13-at-13.37.16.jpeg","contentUrl":"https:\/\/www.itakaescolapios.org\/wp-content\/uploads\/2016\/11\/WhatsApp-Image-2016-10-13-at-13.37.16.jpeg"},{"@type":"BreadcrumbList","@id":"https:\/\/www.itakaescolapios.org\/es\/pedalea-por-kamda\/#breadcrumb","itemListElement":[{"@type":"ListItem","position":1,"name":"Portada","item":"https:\/\/www.itakaescolapios.org\/es\/"},{"@type":"ListItem","position":2,"name":"PEDALEA POR KAMDA"}]},{"@type":"WebSite","@id":"https:\/\/www.itakaescolapios.org\/es\/#website","url":"https:\/\/www.itakaescolapios.org\/es\/","name":"Itaka-Escolapios","description":"Red de Itaka-Escolapios","publisher":{"@id":"https:\/\/www.itakaescolapios.org\/es\/#organization"},"potentialAction":[{"@type":"SearchAction","target":{"@type":"EntryPoint","urlTemplate":"https:\/\/www.itakaescolapios.org\/es\/?s={search_term_string}"},"query-input":{"@type":"PropertyValueSpecification","valueRequired":true,"valueName":"search_term_string"}}],"inLanguage":"es"},{"@type":"Organization","@id":"https:\/\/www.itakaescolapios.org\/es\/#organization","name":"Fundaci\u00f3 Itaka-Escolapios","url":"https:\/\/www.itakaescolapios.org\/es\/","logo":{"@type":"ImageObject","inLanguage":"es","@id":"https:\/\/www.itakaescolapios.org\/es\/#\/schema\/logo\/image\/","url":"https:\/\/www.itakaescolapios.org\/wp-content\/uploads\/2024\/04\/Logo-itakaescolapios-peque.png","contentUrl":"https:\/\/www.itakaescolapios.org\/wp-content\/uploads\/2024\/04\/Logo-itakaescolapios-peque.png","width":500,"height":199,"caption":"Fundaci\u00f3 Itaka-Escolapios"},"image":{"@id":"https:\/\/www.itakaescolapios.org\/es\/#\/schema\/logo\/image\/"}}]}},"_links":{"self":[{"href":"https:\/\/www.itakaescolapios.org\/es\/wp-json\/wp\/v2\/pages\/16919","targetHints":{"allow":["GET"]}}],"collection":[{"href":"https:\/\/www.itakaescolapios.org\/es\/wp-json\/wp\/v2\/pages"}],"about":[{"href":"https:\/\/www.itakaescolapios.org\/es\/wp-json\/wp\/v2\/types\/page"}],"author":[{"embeddable":true,"href":"https:\/\/www.itakaescolapios.org\/es\/wp-json\/wp\/v2\/users\/46"}],"replies":[{"embeddable":true,"href":"https:\/\/www.itakaescolapios.org\/es\/wp-json\/wp\/v2\/comments?post=16919"}],"version-history":[{"count":9,"href":"https:\/\/www.itakaescolapios.org\/es\/wp-json\/wp\/v2\/pages\/16919\/revisions"}],"predecessor-version":[{"id":48119,"href":"https:\/\/www.itakaescolapios.org\/es\/wp-json\/wp\/v2\/pages\/16919\/revisions\/48119"}],"wp:attachment":[{"href":"https:\/\/www.itakaescolapios.org\/es\/wp-json\/wp\/v2\/media?parent=16919"}],"curies":[{"name":"wp","href":"https:\/\/api.w.org\/{rel}","templated":true}]}}