{"id":17463,"date":"2016-11-29T12:25:23","date_gmt":"2016-11-29T11:25:23","guid":{"rendered":"https:\/\/www.itakaescolapios.org\/?page_id=17463"},"modified":"2023-11-28T12:38:16","modified_gmt":"2023-11-28T11:38:16","slug":"documentos-internos","status":"publish","type":"page","link":"https:\/\/www.itakaescolapios.org\/es\/documentos-internos\/","title":{"rendered":"DOCUMENTOS INTERNOS"},"content":{"rendered":"<p><span style=\"color: #000000;\">Presentamos algunos documentos que definen a Itaka \u2013 Escolapios en su vida y funcionamiento:<\/span><\/p>\n<ol>\n<li><span style=\"color: #008000;\"><a href=\"http:\/\/www.escolapios21.org\/wp-content\/uploads\/2016\/10\/Gr\u00e1ficos-Itaka.pdf\"><span style=\"color: #008000;\">Gr\u00e1ficos de Itaka \u2013 Escolapios<\/span><\/a>.<\/span><\/li>\n<li><span style=\"color: #008000;\"><a href=\"http:\/\/www.escolapios21.org\/wp-content\/uploads\/2016\/10\/Funciones-coordinar-demarcaci\u00f3n-sede-contacto-pa\u00eds.pdf\"><span style=\"color: #008000;\">Funciones del coordinador de Demarcaci\u00f3n, sede y contacto pa\u00eds<\/span><\/a>.<\/span><\/li>\n<li><span style=\"color: #008000;\"><a href=\"http:\/\/www.escolapios21.org\/wp-content\/uploads\/2016\/10\/111205-Orientaciones-colaboraci\u00f3n-empresarial.pdf\"><span style=\"color: #008000;\">Orientaciones para la colaboraci\u00f3n con empresas<\/span><\/a>.<\/span><\/li>\n<li><span style=\"color: #008000;\"><a href=\"http:\/\/www.escolapios21.org\/wp-content\/uploads\/2016\/10\/Plan-general-de-Voluntariado-de-Itaka-Escolapios.pdf\"><span style=\"color: #008000;\">Plan general del voluntariado en Itaka \u2013 Escolapios<\/span><\/a>.<\/span><\/li>\n<li><span style=\"color: #008000;\"><a href=\"http:\/\/www.escolapios21.org\/wp-content\/uploads\/2016\/10\/Plan-general-de-Socios-colaboradores-Itaka-Escolapios.pdf\"><span style=\"color: #008000;\">Plan general de socios en Itaka \u2013 Escolapios<\/span><\/a>.<\/span><\/li>\n<li><span style=\"color: #008000;\"><a href=\"http:\/\/www.escolapios21.org\/wp-content\/uploads\/2016\/10\/Gu\u00eda-para-planificar-proyectos-Itaka-Escolapios-Ema\u00fas-jun16.pdf\"><span style=\"color: #008000;\">Gu\u00eda para planificar proyectos<\/span><\/a>. Itaka \u2013 Escolapios Ema\u00fas.<\/span><\/li>\n<li><span style=\"color: #008000;\"><a href=\"http:\/\/www.escolapios21.org\/wp-content\/uploads\/2016\/10\/Gesti\u00f3n-y-acompa\u00f1amiento-de-personas-contratadas-de-Itaka-Escolapios-Ema\u00fas-jul16.pdf\"><span style=\"color: #008000;\">Gesti\u00f3n y acompa\u00f1amiento de\u00a0profesionales<\/span><\/a>.\u00a0Itaka \u2013 Escolapios Ema\u00fas.<\/span><\/li>\n<li><span style=\"color: #008000;\"><a href=\"http:\/\/www.escolapios21.org\/wp-content\/uploads\/2016\/10\/140616.Protocolo-de-gesti\u00f3n-de-albergues.pdf\"><span style=\"color: #008000;\">Protocolo de gesti\u00f3n de albergues<\/span><\/a>.\u00a0Itaka \u2013 Escolapios Ema\u00fas.<\/span><\/li>\n<li><span style=\"color: #008000;\"><a href=\"http:\/\/www.escolapios21.org\/wp-content\/uploads\/2016\/10\/CRITERIOS-DE-SOSTENIBILIDAD-Itaka-Escolapios-Ema\u00fas.pdf\"><span style=\"color: #008000;\">Criterios de sostenibilidad<\/span><\/a>. Itaka \u2013 Escolapios Ema\u00fas.<\/span><\/li>\n<li><span style=\"color: #008000;\"><a href=\"http:\/\/www.escolapios21.org\/wp-content\/uploads\/2016\/10\/Proyectos-socio-educativos-Itaka-Escolapios-Ema\u00fas-feb16.pdf\"><span style=\"color: #008000;\">Proyectos socioeducativos<\/span><\/a>. Itaka \u2013 Escolapios Ema\u00fas.<\/span><\/li>\n<li><span style=\"color: #008000;\"><a href=\"http:\/\/www.escolapios21.org\/wp-content\/uploads\/2016\/10\/Proyectos-apoyo-escolar-Itaka-Escolapios-Ema\u00fas-jun16.pdf\"><span style=\"color: #008000;\">Proyectos de apoyo escolar<\/span><\/a>. Itaka \u2013 Escolapios Ema\u00fas.<\/span><\/li>\n<li><span style=\"color: #008000;\"><a href=\"http:\/\/www.escolapios21.org\/wp-content\/uploads\/2016\/10\/Proyectos-de-alfabetizaci\u00f3n-Itaka-Escolapios-Ema\u00fas-jun16.pdf\"><span style=\"color: #008000;\">Proyectos de alfabetizaci\u00f3n<\/span><\/a>. Itaka \u2013 Escolapios Ema\u00fas.<\/span><\/li>\n<li><span style=\"color: #008000;\"><a href=\"http:\/\/www.escolapios21.org\/wp-content\/uploads\/2016\/12\/Campa\u00f1as-y-semanas-de-sensibilizaci\u00f3n-sept16.pdf\"><span style=\"color: #008000;\">Campa\u00f1as y semanas de sensibilizaci\u00f3n<\/span><\/a>. Itaka \u2013 Escolapios\u00a0Ema\u00fas.<\/span><\/li>\n<li><span style=\"color: #008000;\"><a href=\"http:\/\/www.escolapiosemaus.org\/es\/publicaciones\/item\/download\/23_34551cb342f774d08d1696e60b7de1ca\"><span style=\"color: #008000;\">Proyecto educativo del Movimiento Calasanz<\/span><\/a>. Itaka \u2013 Escolapios Ema\u00fas.<\/span><\/li>\n<li><span style=\"color: #008000;\"><a href=\"https:\/\/www.itakaescolapios.org\/wp-content\/uploads\/2017\/04\/Oficinas-de-atenci\u00f3n-Itaka-Escolapios-marzo17.pdf\"><span style=\"color: #008000;\">Oficinas de atenci\u00f3n<\/span><\/a>.\u00a0Itaka \u2013 Escolapios Ema\u00fas.<\/span><\/li>\n<li><span style=\"color: #008000;\"><a href=\"https:\/\/www.itakaescolapios.org\/wp-content\/uploads\/2017\/04\/Escuelas-de-educadores-Itaka-Escolapios-Ema\u00fas-marzo17.pdf\"><span style=\"color: #008000;\">Escuelas de educadores<\/span><\/a>. Itaka \u2013 Escolapios Ema\u00fas.<\/span><\/li>\n<li><span style=\"color: #008000;\"><a href=\"https:\/\/www.itakaescolapios.org\/wp-content\/uploads\/2017\/11\/Hogares-Itaka-Escolapios-Ema\u00fas-oct17.pdf\"><span style=\"color: #008000;\">Hogares. Itaka &#8211; Escolapios Ema\u00fas<\/span><\/a>.<\/span><\/li>\n<li><span style=\"color: #008000;\"><a href=\"https:\/\/www.itakaescolapios.org\/wp-content\/uploads\/2017\/12\/Proyectos-Orientaci\u00f3n-social-Itaka-Escolapios-Ema\u00fas-Dic17.pdf\"><span style=\"color: #008000;\">Proyecto de Orientaci\u00f3n Social<\/span><\/a>. Itaka &#8211; Escolapios Ema\u00fas.<\/span><\/li>\n<\/ol>\n","protected":false},"excerpt":{"rendered":"<p>Presentamos algunos documentos que definen a Itaka \u2013 Escolapios en su vida y funcionamiento: Gr\u00e1ficos de Itaka \u2013 Escolapios. Funciones del coordinador de Demarcaci\u00f3n, sede y contacto pa\u00eds. Orientaciones para [&hellip;]<\/p>\n","protected":false},"author":4,"featured_media":0,"parent":0,"menu_order":0,"comment_status":"closed","ping_status":"closed","template":"","meta":{"_et_pb_use_builder":"","_et_pb_old_content":"","_et_gb_content_width":"","footnotes":""},"class_list":["post-17463","page","type-page","status-publish","hentry"],"yoast_head":"<!-- This site is optimized with the Yoast SEO plugin v27.5 - https:\/\/yoast.com\/product\/yoast-seo-wordpress\/ -->\n<title>DOCUMENTOS INTERNOS - Itaka-Escolapios<\/title>\n<meta name=\"robots\" content=\"index, follow, max-snippet:-1, max-image-preview:large, max-video-preview:-1\" \/>\n<link rel=\"canonical\" href=\"https:\/\/www.itakaescolapios.org\/es\/documentos-internos\/\" \/>\n<meta property=\"og:locale\" content=\"es_ES\" \/>\n<meta property=\"og:type\" content=\"article\" \/>\n<meta property=\"og:title\" content=\"DOCUMENTOS INTERNOS - Itaka-Escolapios\" \/>\n<meta property=\"og:description\" content=\"Presentamos algunos documentos que definen a Itaka \u2013 Escolapios en su vida y funcionamiento: Gr\u00e1ficos de Itaka \u2013 Escolapios. Funciones del coordinador de Demarcaci\u00f3n, sede y contacto pa\u00eds. Orientaciones para [&hellip;]\" \/>\n<meta property=\"og:url\" content=\"https:\/\/www.itakaescolapios.org\/es\/documentos-internos\/\" \/>\n<meta property=\"og:site_name\" content=\"Itaka-Escolapios\" \/>\n<meta property=\"article:modified_time\" content=\"2023-11-28T11:38:16+00:00\" \/>\n<meta name=\"twitter:card\" content=\"summary_large_image\" \/>\n<meta name=\"twitter:label1\" content=\"Tiempo de lectura\" \/>\n\t<meta name=\"twitter:data1\" content=\"1 minuto\" \/>\n<script type=\"application\/ld+json\" class=\"yoast-schema-graph\">{\"@context\":\"https:\\\/\\\/schema.org\",\"@graph\":[{\"@type\":\"WebPage\",\"@id\":\"https:\\\/\\\/www.itakaescolapios.org\\\/es\\\/documentos-internos\\\/\",\"url\":\"https:\\\/\\\/www.itakaescolapios.org\\\/es\\\/documentos-internos\\\/\",\"name\":\"DOCUMENTOS INTERNOS - Itaka-Escolapios\",\"isPartOf\":{\"@id\":\"https:\\\/\\\/www.itakaescolapios.org\\\/es\\\/#website\"},\"datePublished\":\"2016-11-29T11:25:23+00:00\",\"dateModified\":\"2023-11-28T11:38:16+00:00\",\"breadcrumb\":{\"@id\":\"https:\\\/\\\/www.itakaescolapios.org\\\/es\\\/documentos-internos\\\/#breadcrumb\"},\"inLanguage\":\"es\",\"potentialAction\":[{\"@type\":\"ReadAction\",\"target\":[\"https:\\\/\\\/www.itakaescolapios.org\\\/es\\\/documentos-internos\\\/\"]}]},{\"@type\":\"BreadcrumbList\",\"@id\":\"https:\\\/\\\/www.itakaescolapios.org\\\/es\\\/documentos-internos\\\/#breadcrumb\",\"itemListElement\":[{\"@type\":\"ListItem\",\"position\":1,\"name\":\"Portada\",\"item\":\"https:\\\/\\\/www.itakaescolapios.org\\\/es\\\/\"},{\"@type\":\"ListItem\",\"position\":2,\"name\":\"DOCUMENTOS INTERNOS\"}]},{\"@type\":\"WebSite\",\"@id\":\"https:\\\/\\\/www.itakaescolapios.org\\\/es\\\/#website\",\"url\":\"https:\\\/\\\/www.itakaescolapios.org\\\/es\\\/\",\"name\":\"Itaka-Escolapios\",\"description\":\"Red de Itaka-Escolapios\",\"publisher\":{\"@id\":\"https:\\\/\\\/www.itakaescolapios.org\\\/es\\\/#organization\"},\"potentialAction\":[{\"@type\":\"SearchAction\",\"target\":{\"@type\":\"EntryPoint\",\"urlTemplate\":\"https:\\\/\\\/www.itakaescolapios.org\\\/es\\\/?s={search_term_string}\"},\"query-input\":{\"@type\":\"PropertyValueSpecification\",\"valueRequired\":true,\"valueName\":\"search_term_string\"}}],\"inLanguage\":\"es\"},{\"@type\":\"Organization\",\"@id\":\"https:\\\/\\\/www.itakaescolapios.org\\\/es\\\/#organization\",\"name\":\"Fundaci\u00f3 Itaka-Escolapios\",\"url\":\"https:\\\/\\\/www.itakaescolapios.org\\\/es\\\/\",\"logo\":{\"@type\":\"ImageObject\",\"inLanguage\":\"es\",\"@id\":\"https:\\\/\\\/www.itakaescolapios.org\\\/es\\\/#\\\/schema\\\/logo\\\/image\\\/\",\"url\":\"https:\\\/\\\/www.itakaescolapios.org\\\/wp-content\\\/uploads\\\/2024\\\/04\\\/Logo-itakaescolapios-peque.png\",\"contentUrl\":\"https:\\\/\\\/www.itakaescolapios.org\\\/wp-content\\\/uploads\\\/2024\\\/04\\\/Logo-itakaescolapios-peque.png\",\"width\":500,\"height\":199,\"caption\":\"Fundaci\u00f3 Itaka-Escolapios\"},\"image\":{\"@id\":\"https:\\\/\\\/www.itakaescolapios.org\\\/es\\\/#\\\/schema\\\/logo\\\/image\\\/\"}}]}<\/script>\n<!-- \/ Yoast SEO plugin. -->","yoast_head_json":{"title":"DOCUMENTOS INTERNOS - Itaka-Escolapios","robots":{"index":"index","follow":"follow","max-snippet":"max-snippet:-1","max-image-preview":"max-image-preview:large","max-video-preview":"max-video-preview:-1"},"canonical":"https:\/\/www.itakaescolapios.org\/es\/documentos-internos\/","og_locale":"es_ES","og_type":"article","og_title":"DOCUMENTOS INTERNOS - Itaka-Escolapios","og_description":"Presentamos algunos documentos que definen a Itaka \u2013 Escolapios en su vida y funcionamiento: Gr\u00e1ficos de Itaka \u2013 Escolapios. Funciones del coordinador de Demarcaci\u00f3n, sede y contacto pa\u00eds. Orientaciones para [&hellip;]","og_url":"https:\/\/www.itakaescolapios.org\/es\/documentos-internos\/","og_site_name":"Itaka-Escolapios","article_modified_time":"2023-11-28T11:38:16+00:00","twitter_card":"summary_large_image","twitter_misc":{"Tiempo de lectura":"1 minuto"},"schema":{"@context":"https:\/\/schema.org","@graph":[{"@type":"WebPage","@id":"https:\/\/www.itakaescolapios.org\/es\/documentos-internos\/","url":"https:\/\/www.itakaescolapios.org\/es\/documentos-internos\/","name":"DOCUMENTOS INTERNOS - Itaka-Escolapios","isPartOf":{"@id":"https:\/\/www.itakaescolapios.org\/es\/#website"},"datePublished":"2016-11-29T11:25:23+00:00","dateModified":"2023-11-28T11:38:16+00:00","breadcrumb":{"@id":"https:\/\/www.itakaescolapios.org\/es\/documentos-internos\/#breadcrumb"},"inLanguage":"es","potentialAction":[{"@type":"ReadAction","target":["https:\/\/www.itakaescolapios.org\/es\/documentos-internos\/"]}]},{"@type":"BreadcrumbList","@id":"https:\/\/www.itakaescolapios.org\/es\/documentos-internos\/#breadcrumb","itemListElement":[{"@type":"ListItem","position":1,"name":"Portada","item":"https:\/\/www.itakaescolapios.org\/es\/"},{"@type":"ListItem","position":2,"name":"DOCUMENTOS INTERNOS"}]},{"@type":"WebSite","@id":"https:\/\/www.itakaescolapios.org\/es\/#website","url":"https:\/\/www.itakaescolapios.org\/es\/","name":"Itaka-Escolapios","description":"Red de Itaka-Escolapios","publisher":{"@id":"https:\/\/www.itakaescolapios.org\/es\/#organization"},"potentialAction":[{"@type":"SearchAction","target":{"@type":"EntryPoint","urlTemplate":"https:\/\/www.itakaescolapios.org\/es\/?s={search_term_string}"},"query-input":{"@type":"PropertyValueSpecification","valueRequired":true,"valueName":"search_term_string"}}],"inLanguage":"es"},{"@type":"Organization","@id":"https:\/\/www.itakaescolapios.org\/es\/#organization","name":"Fundaci\u00f3 Itaka-Escolapios","url":"https:\/\/www.itakaescolapios.org\/es\/","logo":{"@type":"ImageObject","inLanguage":"es","@id":"https:\/\/www.itakaescolapios.org\/es\/#\/schema\/logo\/image\/","url":"https:\/\/www.itakaescolapios.org\/wp-content\/uploads\/2024\/04\/Logo-itakaescolapios-peque.png","contentUrl":"https:\/\/www.itakaescolapios.org\/wp-content\/uploads\/2024\/04\/Logo-itakaescolapios-peque.png","width":500,"height":199,"caption":"Fundaci\u00f3 Itaka-Escolapios"},"image":{"@id":"https:\/\/www.itakaescolapios.org\/es\/#\/schema\/logo\/image\/"}}]}},"_links":{"self":[{"href":"https:\/\/www.itakaescolapios.org\/es\/wp-json\/wp\/v2\/pages\/17463","targetHints":{"allow":["GET"]}}],"collection":[{"href":"https:\/\/www.itakaescolapios.org\/es\/wp-json\/wp\/v2\/pages"}],"about":[{"href":"https:\/\/www.itakaescolapios.org\/es\/wp-json\/wp\/v2\/types\/page"}],"author":[{"embeddable":true,"href":"https:\/\/www.itakaescolapios.org\/es\/wp-json\/wp\/v2\/users\/4"}],"replies":[{"embeddable":true,"href":"https:\/\/www.itakaescolapios.org\/es\/wp-json\/wp\/v2\/comments?post=17463"}],"version-history":[{"count":12,"href":"https:\/\/www.itakaescolapios.org\/es\/wp-json\/wp\/v2\/pages\/17463\/revisions"}],"predecessor-version":[{"id":48066,"href":"https:\/\/www.itakaescolapios.org\/es\/wp-json\/wp\/v2\/pages\/17463\/revisions\/48066"}],"wp:attachment":[{"href":"https:\/\/www.itakaescolapios.org\/es\/wp-json\/wp\/v2\/media?parent=17463"}],"curies":[{"name":"wp","href":"https:\/\/api.w.org\/{rel}","templated":true}]}}