{"id":17882,"date":"2017-01-16T11:57:58","date_gmt":"2017-01-16T10:57:58","guid":{"rendered":"https:\/\/www.itakaescolapios.org\/?page_id=17882"},"modified":"2023-11-28T12:38:14","modified_gmt":"2023-11-28T11:38:14","slug":"dia-escolar-de-la-no-violencia-y-la-paz","status":"publish","type":"page","link":"https:\/\/www.itakaescolapios.org\/es\/semanas-de-la-paz\/2016-2017-semana-por-la-paz\/dia-escolar-de-la-no-violencia-y-la-paz\/","title":{"rendered":"DIA ESCOLAR DE LA NO VIOLENCIA Y LA PAZ"},"content":{"rendered":"<p><span style=\"color: #000000;\"><a href=\"https:\/\/www.itakaescolapios.org\/wp-content\/uploads\/2017\/01\/gandhi-235487230948236592.gif.jpg\"><img decoding=\"async\" class=\"alignleft  wp-image-17913\" alt=\"gandhi-235487230948236592.gif\" src=\"https:\/\/www.itakaescolapios.org\/wp-content\/uploads\/2017\/01\/gandhi-235487230948236592.gif.jpg\" width=\"213\" height=\"348\" srcset=\"https:\/\/www.itakaescolapios.org\/wp-content\/uploads\/2017\/01\/gandhi-235487230948236592.gif.jpg 333w, https:\/\/www.itakaescolapios.org\/wp-content\/uploads\/2017\/01\/gandhi-235487230948236592.gif-183x300.jpg 183w, https:\/\/www.itakaescolapios.org\/wp-content\/uploads\/2017\/01\/gandhi-235487230948236592.gif-250x408.jpg 250w\" sizes=\"(max-width: 213px) 100vw, 213px\" \/><\/a>El D\u00eda Escolar de la No violencia y la paz, se celebra el 30 de enero de cada a\u00f1o conmemorando la muerte del l\u00edder nacional y espiritual de la India, Mahatma Gandhi, el 30 de enero de 1948. Natural de la India, Gandhi dedic\u00f3 gran parte de su vida a la lucha a favor de los derechos de las personas y los pueblos, siempre a trav\u00e9s de acciones pac\u00edficas, basadas en la No violencia. En 1948 Gandhi mor\u00eda asesinado, v\u00edctima del enfrentamiento entre musulmanes e hind\u00faes que viv\u00eda su pa\u00eds. Su figura, seguida por millones de personas, ha continuado creciendo hasta llegar hasta nuestros d\u00edas como el m\u00e1ximo exponente del pacifismo mundial. Desde 1964, gracias al inspector de ense\u00f1anza andaluz Lorenzo Vidal, se celebra en Espa\u00f1a el D\u00eda Escolar de la No violencia y la Paz (DENIP, reconocido por la Unesco en 1993). Se trata de una jornada educativa, en la que se recuerda la necesidad de la educaci\u00f3n para la tolerancia, la solidaridad, el respeto a los Derechos Humanos, la No violencia y la paz. El lema de este d\u00eda es: \u2018amor universal, no-violencia y paz. El amor universal es mejor que el ego\u00edsmo, la no-violencia es mejor que la violencia y la paz es mejor que la guerra.<\/span><\/p>\n","protected":false},"excerpt":{"rendered":"<p>El D\u00eda Escolar de la No violencia y la paz, se celebra el 30 de enero de cada a\u00f1o conmemorando la muerte del l\u00edder nacional y espiritual de la India, [&hellip;]<\/p>\n","protected":false},"author":4,"featured_media":0,"parent":17874,"menu_order":1,"comment_status":"closed","ping_status":"closed","template":"","meta":{"_et_pb_use_builder":"","_et_pb_old_content":"","_et_gb_content_width":"","footnotes":""},"class_list":["post-17882","page","type-page","status-publish","hentry"],"yoast_head":"<!-- This site is optimized with the Yoast SEO plugin v27.5 - https:\/\/yoast.com\/product\/yoast-seo-wordpress\/ -->\n<title>DIA ESCOLAR DE LA NO VIOLENCIA Y LA PAZ - Itaka-Escolapios<\/title>\n<meta name=\"robots\" content=\"index, follow, max-snippet:-1, max-image-preview:large, max-video-preview:-1\" \/>\n<link rel=\"canonical\" href=\"https:\/\/www.itakaescolapios.org\/es\/semanas-de-la-paz\/2016-2017-semana-por-la-paz\/dia-escolar-de-la-no-violencia-y-la-paz\/\" \/>\n<meta property=\"og:locale\" content=\"es_ES\" \/>\n<meta property=\"og:type\" content=\"article\" \/>\n<meta property=\"og:title\" content=\"DIA ESCOLAR DE LA NO VIOLENCIA Y LA PAZ - Itaka-Escolapios\" \/>\n<meta property=\"og:description\" content=\"El D\u00eda Escolar de la No violencia y la paz, se celebra el 30 de enero de cada a\u00f1o conmemorando la muerte del l\u00edder nacional y espiritual de la India, [&hellip;]\" \/>\n<meta property=\"og:url\" content=\"https:\/\/www.itakaescolapios.org\/es\/semanas-de-la-paz\/2016-2017-semana-por-la-paz\/dia-escolar-de-la-no-violencia-y-la-paz\/\" \/>\n<meta property=\"og:site_name\" content=\"Itaka-Escolapios\" \/>\n<meta property=\"article:modified_time\" content=\"2023-11-28T11:38:14+00:00\" \/>\n<meta property=\"og:image\" content=\"https:\/\/www.itakaescolapios.org\/wp-content\/uploads\/2017\/01\/gandhi-235487230948236592.gif.jpg\" \/>\n\t<meta property=\"og:image:width\" content=\"333\" \/>\n\t<meta property=\"og:image:height\" content=\"544\" \/>\n\t<meta property=\"og:image:type\" content=\"image\/jpeg\" \/>\n<meta name=\"twitter:card\" content=\"summary_large_image\" \/>\n<meta name=\"twitter:label1\" content=\"Tiempo de lectura\" \/>\n\t<meta name=\"twitter:data1\" content=\"1 minuto\" \/>\n<script type=\"application\/ld+json\" class=\"yoast-schema-graph\">{\"@context\":\"https:\\\/\\\/schema.org\",\"@graph\":[{\"@type\":\"WebPage\",\"@id\":\"https:\\\/\\\/www.itakaescolapios.org\\\/es\\\/semanas-de-la-paz\\\/2016-2017-semana-por-la-paz\\\/dia-escolar-de-la-no-violencia-y-la-paz\\\/\",\"url\":\"https:\\\/\\\/www.itakaescolapios.org\\\/es\\\/semanas-de-la-paz\\\/2016-2017-semana-por-la-paz\\\/dia-escolar-de-la-no-violencia-y-la-paz\\\/\",\"name\":\"DIA ESCOLAR DE LA NO VIOLENCIA Y LA PAZ - Itaka-Escolapios\",\"isPartOf\":{\"@id\":\"https:\\\/\\\/www.itakaescolapios.org\\\/es\\\/#website\"},\"primaryImageOfPage\":{\"@id\":\"https:\\\/\\\/www.itakaescolapios.org\\\/es\\\/semanas-de-la-paz\\\/2016-2017-semana-por-la-paz\\\/dia-escolar-de-la-no-violencia-y-la-paz\\\/#primaryimage\"},\"image\":{\"@id\":\"https:\\\/\\\/www.itakaescolapios.org\\\/es\\\/semanas-de-la-paz\\\/2016-2017-semana-por-la-paz\\\/dia-escolar-de-la-no-violencia-y-la-paz\\\/#primaryimage\"},\"thumbnailUrl\":\"https:\\\/\\\/www.itakaescolapios.org\\\/wp-content\\\/uploads\\\/2017\\\/01\\\/gandhi-235487230948236592.gif.jpg\",\"datePublished\":\"2017-01-16T10:57:58+00:00\",\"dateModified\":\"2023-11-28T11:38:14+00:00\",\"breadcrumb\":{\"@id\":\"https:\\\/\\\/www.itakaescolapios.org\\\/es\\\/semanas-de-la-paz\\\/2016-2017-semana-por-la-paz\\\/dia-escolar-de-la-no-violencia-y-la-paz\\\/#breadcrumb\"},\"inLanguage\":\"es\",\"potentialAction\":[{\"@type\":\"ReadAction\",\"target\":[\"https:\\\/\\\/www.itakaescolapios.org\\\/es\\\/semanas-de-la-paz\\\/2016-2017-semana-por-la-paz\\\/dia-escolar-de-la-no-violencia-y-la-paz\\\/\"]}]},{\"@type\":\"ImageObject\",\"inLanguage\":\"es\",\"@id\":\"https:\\\/\\\/www.itakaescolapios.org\\\/es\\\/semanas-de-la-paz\\\/2016-2017-semana-por-la-paz\\\/dia-escolar-de-la-no-violencia-y-la-paz\\\/#primaryimage\",\"url\":\"https:\\\/\\\/www.itakaescolapios.org\\\/wp-content\\\/uploads\\\/2017\\\/01\\\/gandhi-235487230948236592.gif.jpg\",\"contentUrl\":\"https:\\\/\\\/www.itakaescolapios.org\\\/wp-content\\\/uploads\\\/2017\\\/01\\\/gandhi-235487230948236592.gif.jpg\"},{\"@type\":\"BreadcrumbList\",\"@id\":\"https:\\\/\\\/www.itakaescolapios.org\\\/es\\\/semanas-de-la-paz\\\/2016-2017-semana-por-la-paz\\\/dia-escolar-de-la-no-violencia-y-la-paz\\\/#breadcrumb\",\"itemListElement\":[{\"@type\":\"ListItem\",\"position\":1,\"name\":\"Portada\",\"item\":\"https:\\\/\\\/www.itakaescolapios.org\\\/es\\\/\"},{\"@type\":\"ListItem\",\"position\":2,\"name\":\"Semanas de la paz\",\"item\":\"https:\\\/\\\/www.itakaescolapios.org\\\/es\\\/semanas-de-la-paz\\\/\"},{\"@type\":\"ListItem\",\"position\":3,\"name\":\"2016-2017 BUSCANDO LA PAZ\",\"item\":\"https:\\\/\\\/www.itakaescolapios.org\\\/es\\\/semanas-de-la-paz\\\/2016-2017-semana-por-la-paz\\\/\"},{\"@type\":\"ListItem\",\"position\":4,\"name\":\"DIA ESCOLAR DE LA NO VIOLENCIA Y LA PAZ\"}]},{\"@type\":\"WebSite\",\"@id\":\"https:\\\/\\\/www.itakaescolapios.org\\\/es\\\/#website\",\"url\":\"https:\\\/\\\/www.itakaescolapios.org\\\/es\\\/\",\"name\":\"Itaka-Escolapios\",\"description\":\"Red de Itaka-Escolapios\",\"publisher\":{\"@id\":\"https:\\\/\\\/www.itakaescolapios.org\\\/es\\\/#organization\"},\"potentialAction\":[{\"@type\":\"SearchAction\",\"target\":{\"@type\":\"EntryPoint\",\"urlTemplate\":\"https:\\\/\\\/www.itakaescolapios.org\\\/es\\\/?s={search_term_string}\"},\"query-input\":{\"@type\":\"PropertyValueSpecification\",\"valueRequired\":true,\"valueName\":\"search_term_string\"}}],\"inLanguage\":\"es\"},{\"@type\":\"Organization\",\"@id\":\"https:\\\/\\\/www.itakaescolapios.org\\\/es\\\/#organization\",\"name\":\"Fundaci\u00f3 Itaka-Escolapios\",\"url\":\"https:\\\/\\\/www.itakaescolapios.org\\\/es\\\/\",\"logo\":{\"@type\":\"ImageObject\",\"inLanguage\":\"es\",\"@id\":\"https:\\\/\\\/www.itakaescolapios.org\\\/es\\\/#\\\/schema\\\/logo\\\/image\\\/\",\"url\":\"https:\\\/\\\/www.itakaescolapios.org\\\/wp-content\\\/uploads\\\/2024\\\/04\\\/Logo-itakaescolapios-peque.png\",\"contentUrl\":\"https:\\\/\\\/www.itakaescolapios.org\\\/wp-content\\\/uploads\\\/2024\\\/04\\\/Logo-itakaescolapios-peque.png\",\"width\":500,\"height\":199,\"caption\":\"Fundaci\u00f3 Itaka-Escolapios\"},\"image\":{\"@id\":\"https:\\\/\\\/www.itakaescolapios.org\\\/es\\\/#\\\/schema\\\/logo\\\/image\\\/\"}}]}<\/script>\n<!-- \/ Yoast SEO plugin. -->","yoast_head_json":{"title":"DIA ESCOLAR DE LA NO VIOLENCIA Y LA PAZ - Itaka-Escolapios","robots":{"index":"index","follow":"follow","max-snippet":"max-snippet:-1","max-image-preview":"max-image-preview:large","max-video-preview":"max-video-preview:-1"},"canonical":"https:\/\/www.itakaescolapios.org\/es\/semanas-de-la-paz\/2016-2017-semana-por-la-paz\/dia-escolar-de-la-no-violencia-y-la-paz\/","og_locale":"es_ES","og_type":"article","og_title":"DIA ESCOLAR DE LA NO VIOLENCIA Y LA PAZ - Itaka-Escolapios","og_description":"El D\u00eda Escolar de la No violencia y la paz, se celebra el 30 de enero de cada a\u00f1o conmemorando la muerte del l\u00edder nacional y espiritual de la India, [&hellip;]","og_url":"https:\/\/www.itakaescolapios.org\/es\/semanas-de-la-paz\/2016-2017-semana-por-la-paz\/dia-escolar-de-la-no-violencia-y-la-paz\/","og_site_name":"Itaka-Escolapios","article_modified_time":"2023-11-28T11:38:14+00:00","og_image":[{"width":333,"height":544,"url":"https:\/\/www.itakaescolapios.org\/wp-content\/uploads\/2017\/01\/gandhi-235487230948236592.gif.jpg","type":"image\/jpeg"}],"twitter_card":"summary_large_image","twitter_misc":{"Tiempo de lectura":"1 minuto"},"schema":{"@context":"https:\/\/schema.org","@graph":[{"@type":"WebPage","@id":"https:\/\/www.itakaescolapios.org\/es\/semanas-de-la-paz\/2016-2017-semana-por-la-paz\/dia-escolar-de-la-no-violencia-y-la-paz\/","url":"https:\/\/www.itakaescolapios.org\/es\/semanas-de-la-paz\/2016-2017-semana-por-la-paz\/dia-escolar-de-la-no-violencia-y-la-paz\/","name":"DIA ESCOLAR DE LA NO VIOLENCIA Y LA PAZ - Itaka-Escolapios","isPartOf":{"@id":"https:\/\/www.itakaescolapios.org\/es\/#website"},"primaryImageOfPage":{"@id":"https:\/\/www.itakaescolapios.org\/es\/semanas-de-la-paz\/2016-2017-semana-por-la-paz\/dia-escolar-de-la-no-violencia-y-la-paz\/#primaryimage"},"image":{"@id":"https:\/\/www.itakaescolapios.org\/es\/semanas-de-la-paz\/2016-2017-semana-por-la-paz\/dia-escolar-de-la-no-violencia-y-la-paz\/#primaryimage"},"thumbnailUrl":"https:\/\/www.itakaescolapios.org\/wp-content\/uploads\/2017\/01\/gandhi-235487230948236592.gif.jpg","datePublished":"2017-01-16T10:57:58+00:00","dateModified":"2023-11-28T11:38:14+00:00","breadcrumb":{"@id":"https:\/\/www.itakaescolapios.org\/es\/semanas-de-la-paz\/2016-2017-semana-por-la-paz\/dia-escolar-de-la-no-violencia-y-la-paz\/#breadcrumb"},"inLanguage":"es","potentialAction":[{"@type":"ReadAction","target":["https:\/\/www.itakaescolapios.org\/es\/semanas-de-la-paz\/2016-2017-semana-por-la-paz\/dia-escolar-de-la-no-violencia-y-la-paz\/"]}]},{"@type":"ImageObject","inLanguage":"es","@id":"https:\/\/www.itakaescolapios.org\/es\/semanas-de-la-paz\/2016-2017-semana-por-la-paz\/dia-escolar-de-la-no-violencia-y-la-paz\/#primaryimage","url":"https:\/\/www.itakaescolapios.org\/wp-content\/uploads\/2017\/01\/gandhi-235487230948236592.gif.jpg","contentUrl":"https:\/\/www.itakaescolapios.org\/wp-content\/uploads\/2017\/01\/gandhi-235487230948236592.gif.jpg"},{"@type":"BreadcrumbList","@id":"https:\/\/www.itakaescolapios.org\/es\/semanas-de-la-paz\/2016-2017-semana-por-la-paz\/dia-escolar-de-la-no-violencia-y-la-paz\/#breadcrumb","itemListElement":[{"@type":"ListItem","position":1,"name":"Portada","item":"https:\/\/www.itakaescolapios.org\/es\/"},{"@type":"ListItem","position":2,"name":"Semanas de la paz","item":"https:\/\/www.itakaescolapios.org\/es\/semanas-de-la-paz\/"},{"@type":"ListItem","position":3,"name":"2016-2017 BUSCANDO LA PAZ","item":"https:\/\/www.itakaescolapios.org\/es\/semanas-de-la-paz\/2016-2017-semana-por-la-paz\/"},{"@type":"ListItem","position":4,"name":"DIA ESCOLAR DE LA NO VIOLENCIA Y LA PAZ"}]},{"@type":"WebSite","@id":"https:\/\/www.itakaescolapios.org\/es\/#website","url":"https:\/\/www.itakaescolapios.org\/es\/","name":"Itaka-Escolapios","description":"Red de Itaka-Escolapios","publisher":{"@id":"https:\/\/www.itakaescolapios.org\/es\/#organization"},"potentialAction":[{"@type":"SearchAction","target":{"@type":"EntryPoint","urlTemplate":"https:\/\/www.itakaescolapios.org\/es\/?s={search_term_string}"},"query-input":{"@type":"PropertyValueSpecification","valueRequired":true,"valueName":"search_term_string"}}],"inLanguage":"es"},{"@type":"Organization","@id":"https:\/\/www.itakaescolapios.org\/es\/#organization","name":"Fundaci\u00f3 Itaka-Escolapios","url":"https:\/\/www.itakaescolapios.org\/es\/","logo":{"@type":"ImageObject","inLanguage":"es","@id":"https:\/\/www.itakaescolapios.org\/es\/#\/schema\/logo\/image\/","url":"https:\/\/www.itakaescolapios.org\/wp-content\/uploads\/2024\/04\/Logo-itakaescolapios-peque.png","contentUrl":"https:\/\/www.itakaescolapios.org\/wp-content\/uploads\/2024\/04\/Logo-itakaescolapios-peque.png","width":500,"height":199,"caption":"Fundaci\u00f3 Itaka-Escolapios"},"image":{"@id":"https:\/\/www.itakaescolapios.org\/es\/#\/schema\/logo\/image\/"}}]}},"_links":{"self":[{"href":"https:\/\/www.itakaescolapios.org\/es\/wp-json\/wp\/v2\/pages\/17882","targetHints":{"allow":["GET"]}}],"collection":[{"href":"https:\/\/www.itakaescolapios.org\/es\/wp-json\/wp\/v2\/pages"}],"about":[{"href":"https:\/\/www.itakaescolapios.org\/es\/wp-json\/wp\/v2\/types\/page"}],"author":[{"embeddable":true,"href":"https:\/\/www.itakaescolapios.org\/es\/wp-json\/wp\/v2\/users\/4"}],"replies":[{"embeddable":true,"href":"https:\/\/www.itakaescolapios.org\/es\/wp-json\/wp\/v2\/comments?post=17882"}],"version-history":[{"count":5,"href":"https:\/\/www.itakaescolapios.org\/es\/wp-json\/wp\/v2\/pages\/17882\/revisions"}],"predecessor-version":[{"id":47993,"href":"https:\/\/www.itakaescolapios.org\/es\/wp-json\/wp\/v2\/pages\/17882\/revisions\/47993"}],"up":[{"embeddable":true,"href":"https:\/\/www.itakaescolapios.org\/es\/wp-json\/wp\/v2\/pages\/17874"}],"wp:attachment":[{"href":"https:\/\/www.itakaescolapios.org\/es\/wp-json\/wp\/v2\/media?parent=17882"}],"curies":[{"name":"wp","href":"https:\/\/api.w.org\/{rel}","templated":true}]}}