{"id":18004,"date":"2017-01-24T12:47:17","date_gmt":"2017-01-24T11:47:17","guid":{"rendered":"https:\/\/www.itakaescolapios.org\/?page_id=18004"},"modified":"2023-11-28T12:38:13","modified_gmt":"2023-11-28T11:38:13","slug":"internado-calasanz-indonesia","status":"publish","type":"page","link":"https:\/\/www.itakaescolapios.org\/es\/que-hacemos\/internados\/internado-calasanz-indonesia\/","title":{"rendered":"INTERNADO CALASANZ (INDONESIA)"},"content":{"rendered":"<p><span style=\"color: #000000;\">El <\/span><b><span style=\"color: #000000;\">internado (asrama) Calasanz<\/span><\/b><span style=\"color: #000000;\"> comenzar\u00e1 a funcionar a partir de julio del a\u00f1o 2017 y atender\u00e1 a 100 j\u00f3venes. Pretendemos innovar en la gesti\u00f3n de este tipo de instituciones educativas a nivel local, conjugando con acierto en nuestros estudiantes la formaci\u00f3n integral, la evangelizaci\u00f3n, la promoci\u00f3n de la excelencia acad\u00e9mica, el acompa\u00f1amiento personal y el compromiso con la transformaci\u00f3n social.<\/span><\/p>\n<p><span style=\"color: #000000;\">Desde nuestro arribo a Indonesia hemos contado con el invaluable apoyo de <\/span><b><span style=\"color: #000000;\">Itaka-Escolapios <\/span><\/b><span style=\"color: #000000;\">en m\u00faltiples aspectos y esperamos seguir trabajando conjuntamente para brindar el tesoro de la educaci\u00f3n calasancia a muchos ni\u00f1os y j\u00f3venes de esta zona de Asia.<\/span><\/p>\n<p><span style=\"color: #000000;\">El <\/span><b><span style=\"color: #000000;\">internado <\/span><\/b><span style=\"color: #000000;\">(\u201casrama en indonesio)<\/span><b><span style=\"color: #000000;\"> Calasanz<\/span><\/b><span style=\"color: #000000;\"> responder\u00e1 a una de las necesidades m\u00e1s sentidas del contexto: instituciones educativas para atender a la poblaci\u00f3n masculina brind\u00e1ndoles procesos de formaci\u00f3n integral y el acompa\u00f1amiento estudiantil, con miras a disminuir la alta tasa de deserci\u00f3n escolar de los j\u00f3venes y el impulso a sus proyectos de vida.<\/span><\/p>\n<p><span style=\"color: #000000;\">\u00a0<\/span><span style=\"color: #000000;\">Por esta raz\u00f3n, los Padres Escolapios hemos decidido apostar por este tipo de obra, que en nuestro caso atender\u00e1, a partir de julio de 2017, a <\/span><b><span style=\"color: #000000;\">100 j\u00f3venes varones<\/span><\/b><span style=\"color: #000000;\"> que para adelantar sus estudios de secundaria (bachillerato) deben desplazarse de las zonas rurales a la poblaci\u00f3n de Atamb\u00faa (sureste de Indonesia y una de las zonas m\u00e1s pobres del pa\u00eds).<\/span><\/p>\n<p><span style=\"color: #000000;\">\u00a0<\/span><span style=\"color: #000000;\">El proyecto educativo de nuestro asrama Calasanz pretende:<\/span><\/p>\n<ul>\n<li><span style=\"color: #000000;\">Brindar a los j\u00f3venes un apoyo especial para la gesti\u00f3n de sus estudios escolares con <\/span><b><span style=\"color: #000000;\">excelencia acad\u00e9mica<\/span><\/b><span style=\"color: #000000;\">.<\/span><\/li>\n<li><span style=\"color: #000000;\">Garantizar su <\/span><b><span style=\"color: #000000;\">formaci\u00f3n integral<\/span><\/b><span style=\"color: #000000;\">, de manera especial a trav\u00e9s del acompa\u00f1amiento humano y espiritual.<\/span><\/li>\n<li><span style=\"color: #000000;\">Contribuir a la <\/span><b><span style=\"color: #000000;\">potenciaci\u00f3n de sus talentos<\/span><\/b><span style=\"color: #000000;\"> a trav\u00e9s de las actividades extracurriculares (idiomas, inform\u00e1tica, m\u00fasica, artes, deportes, etc.) y las experiencias de trabajo en equipo (gesti\u00f3n de proyectos, huerta, aseo).<\/span><\/li>\n<li><span style=\"color: #000000;\">Cultivar el <\/span><b><span style=\"color: #000000;\">compromiso con la transformaci\u00f3n de la sociedad y de la Iglesia<\/span><\/b><span style=\"color: #000000;\">, a trav\u00e9s de la participaci\u00f3n en los proyectos educativos y pastorales escolapios y los programas de proyecci\u00f3n social a la comunidad.<\/span><\/li>\n<\/ul>\n<p><span style=\"color: #000000;\">Para impulsar nuestro proyecto fuimos destinatarios de la Campa\u00f1a de Solidaridad 2016-2017 de Itaka-Escolapios, recibiendo 200.758 Euros para la construcci\u00f3n del edificio y 24.000 Euros para su equipamiento. Junto con ello, tambi\u00e9n hemos sido beneficiarios de la asesor\u00eda pedag\u00f3gica y del programa de voluntariado de Itaka-Escolapios. Este apoyo nos ha permitido comenzar el sue\u00f1o de Calasanz en esta parte de Asia y a futuro consolidar las Escuelas P\u00edas para los m\u00e1s pobres entre los pobres.<\/span><\/p>\n","protected":false},"excerpt":{"rendered":"<p>El internado (asrama) Calasanz comenzar\u00e1 a funcionar a partir de julio del a\u00f1o 2017 y atender\u00e1 a 100 j\u00f3venes. Pretendemos innovar en la gesti\u00f3n de este tipo de instituciones educativas [&hellip;]<\/p>\n","protected":false},"author":4,"featured_media":18031,"parent":93,"menu_order":6,"comment_status":"closed","ping_status":"closed","template":"","meta":{"_et_pb_use_builder":"","_et_pb_old_content":"","_et_gb_content_width":"","footnotes":""},"class_list":["post-18004","page","type-page","status-publish","has-post-thumbnail","hentry"],"yoast_head":"<!-- This site is optimized with the Yoast SEO plugin v27.3 - https:\/\/yoast.com\/product\/yoast-seo-wordpress\/ -->\n<title>INTERNADO CALASANZ (INDONESIA) - Itaka-Escolapios<\/title>\n<meta name=\"robots\" content=\"index, follow, max-snippet:-1, max-image-preview:large, max-video-preview:-1\" \/>\n<link rel=\"canonical\" href=\"https:\/\/www.itakaescolapios.org\/es\/que-hacemos\/internados\/internado-calasanz-indonesia\/\" \/>\n<meta property=\"og:locale\" content=\"es_ES\" \/>\n<meta property=\"og:type\" content=\"article\" \/>\n<meta property=\"og:title\" content=\"INTERNADO CALASANZ (INDONESIA) - Itaka-Escolapios\" \/>\n<meta property=\"og:description\" content=\"El internado (asrama) Calasanz comenzar\u00e1 a funcionar a partir de julio del a\u00f1o 2017 y atender\u00e1 a 100 j\u00f3venes. Pretendemos innovar en la gesti\u00f3n de este tipo de instituciones educativas [&hellip;]\" \/>\n<meta property=\"og:url\" content=\"https:\/\/www.itakaescolapios.org\/es\/que-hacemos\/internados\/internado-calasanz-indonesia\/\" \/>\n<meta property=\"og:site_name\" content=\"Itaka-Escolapios\" \/>\n<meta property=\"article:modified_time\" content=\"2023-11-28T11:38:13+00:00\" \/>\n<meta property=\"og:image\" content=\"https:\/\/www.itakaescolapios.org\/wp-content\/uploads\/2017\/01\/image5.jpeg\" \/>\n\t<meta property=\"og:image:width\" content=\"2000\" \/>\n\t<meta property=\"og:image:height\" content=\"1474\" \/>\n\t<meta property=\"og:image:type\" content=\"image\/jpeg\" \/>\n<meta name=\"twitter:card\" content=\"summary_large_image\" \/>\n<meta name=\"twitter:label1\" content=\"Tiempo de lectura\" \/>\n\t<meta name=\"twitter:data1\" content=\"2 minutos\" \/>\n<script type=\"application\/ld+json\" class=\"yoast-schema-graph\">{\"@context\":\"https:\\\/\\\/schema.org\",\"@graph\":[{\"@type\":\"WebPage\",\"@id\":\"https:\\\/\\\/www.itakaescolapios.org\\\/es\\\/que-hacemos\\\/internados\\\/internado-calasanz-indonesia\\\/\",\"url\":\"https:\\\/\\\/www.itakaescolapios.org\\\/es\\\/que-hacemos\\\/internados\\\/internado-calasanz-indonesia\\\/\",\"name\":\"INTERNADO CALASANZ (INDONESIA) - Itaka-Escolapios\",\"isPartOf\":{\"@id\":\"https:\\\/\\\/www.itakaescolapios.org\\\/es\\\/#website\"},\"primaryImageOfPage\":{\"@id\":\"https:\\\/\\\/www.itakaescolapios.org\\\/es\\\/que-hacemos\\\/internados\\\/internado-calasanz-indonesia\\\/#primaryimage\"},\"image\":{\"@id\":\"https:\\\/\\\/www.itakaescolapios.org\\\/es\\\/que-hacemos\\\/internados\\\/internado-calasanz-indonesia\\\/#primaryimage\"},\"thumbnailUrl\":\"https:\\\/\\\/www.itakaescolapios.org\\\/wp-content\\\/uploads\\\/2017\\\/01\\\/image5.jpeg\",\"datePublished\":\"2017-01-24T11:47:17+00:00\",\"dateModified\":\"2023-11-28T11:38:13+00:00\",\"breadcrumb\":{\"@id\":\"https:\\\/\\\/www.itakaescolapios.org\\\/es\\\/que-hacemos\\\/internados\\\/internado-calasanz-indonesia\\\/#breadcrumb\"},\"inLanguage\":\"es\",\"potentialAction\":[{\"@type\":\"ReadAction\",\"target\":[\"https:\\\/\\\/www.itakaescolapios.org\\\/es\\\/que-hacemos\\\/internados\\\/internado-calasanz-indonesia\\\/\"]}]},{\"@type\":\"ImageObject\",\"inLanguage\":\"es\",\"@id\":\"https:\\\/\\\/www.itakaescolapios.org\\\/es\\\/que-hacemos\\\/internados\\\/internado-calasanz-indonesia\\\/#primaryimage\",\"url\":\"https:\\\/\\\/www.itakaescolapios.org\\\/wp-content\\\/uploads\\\/2017\\\/01\\\/image5.jpeg\",\"contentUrl\":\"https:\\\/\\\/www.itakaescolapios.org\\\/wp-content\\\/uploads\\\/2017\\\/01\\\/image5.jpeg\",\"width\":2000,\"height\":1474},{\"@type\":\"BreadcrumbList\",\"@id\":\"https:\\\/\\\/www.itakaescolapios.org\\\/es\\\/que-hacemos\\\/internados\\\/internado-calasanz-indonesia\\\/#breadcrumb\",\"itemListElement\":[{\"@type\":\"ListItem\",\"position\":1,\"name\":\"Portada\",\"item\":\"https:\\\/\\\/www.itakaescolapios.org\\\/es\\\/\"},{\"@type\":\"ListItem\",\"position\":2,\"name\":\"Qu\u00e9 hacemos\",\"item\":\"https:\\\/\\\/www.itakaescolapios.org\\\/es\\\/que-hacemos\\\/\"},{\"@type\":\"ListItem\",\"position\":3,\"name\":\"Internados\",\"item\":\"https:\\\/\\\/www.itakaescolapios.org\\\/es\\\/que-hacemos\\\/internados\\\/\"},{\"@type\":\"ListItem\",\"position\":4,\"name\":\"INTERNADO CALASANZ (INDONESIA)\"}]},{\"@type\":\"WebSite\",\"@id\":\"https:\\\/\\\/www.itakaescolapios.org\\\/es\\\/#website\",\"url\":\"https:\\\/\\\/www.itakaescolapios.org\\\/es\\\/\",\"name\":\"Itaka-Escolapios\",\"description\":\"Red de Itaka-Escolapios\",\"publisher\":{\"@id\":\"https:\\\/\\\/www.itakaescolapios.org\\\/es\\\/#organization\"},\"potentialAction\":[{\"@type\":\"SearchAction\",\"target\":{\"@type\":\"EntryPoint\",\"urlTemplate\":\"https:\\\/\\\/www.itakaescolapios.org\\\/es\\\/?s={search_term_string}\"},\"query-input\":{\"@type\":\"PropertyValueSpecification\",\"valueRequired\":true,\"valueName\":\"search_term_string\"}}],\"inLanguage\":\"es\"},{\"@type\":\"Organization\",\"@id\":\"https:\\\/\\\/www.itakaescolapios.org\\\/es\\\/#organization\",\"name\":\"Fundaci\u00f3 Itaka-Escolapios\",\"url\":\"https:\\\/\\\/www.itakaescolapios.org\\\/es\\\/\",\"logo\":{\"@type\":\"ImageObject\",\"inLanguage\":\"es\",\"@id\":\"https:\\\/\\\/www.itakaescolapios.org\\\/es\\\/#\\\/schema\\\/logo\\\/image\\\/\",\"url\":\"https:\\\/\\\/www.itakaescolapios.org\\\/wp-content\\\/uploads\\\/2024\\\/04\\\/Logo-itakaescolapios-peque.png\",\"contentUrl\":\"https:\\\/\\\/www.itakaescolapios.org\\\/wp-content\\\/uploads\\\/2024\\\/04\\\/Logo-itakaescolapios-peque.png\",\"width\":500,\"height\":199,\"caption\":\"Fundaci\u00f3 Itaka-Escolapios\"},\"image\":{\"@id\":\"https:\\\/\\\/www.itakaescolapios.org\\\/es\\\/#\\\/schema\\\/logo\\\/image\\\/\"}}]}<\/script>\n<!-- \/ Yoast SEO plugin. -->","yoast_head_json":{"title":"INTERNADO CALASANZ (INDONESIA) - Itaka-Escolapios","robots":{"index":"index","follow":"follow","max-snippet":"max-snippet:-1","max-image-preview":"max-image-preview:large","max-video-preview":"max-video-preview:-1"},"canonical":"https:\/\/www.itakaescolapios.org\/es\/que-hacemos\/internados\/internado-calasanz-indonesia\/","og_locale":"es_ES","og_type":"article","og_title":"INTERNADO CALASANZ (INDONESIA) - Itaka-Escolapios","og_description":"El internado (asrama) Calasanz comenzar\u00e1 a funcionar a partir de julio del a\u00f1o 2017 y atender\u00e1 a 100 j\u00f3venes. Pretendemos innovar en la gesti\u00f3n de este tipo de instituciones educativas [&hellip;]","og_url":"https:\/\/www.itakaescolapios.org\/es\/que-hacemos\/internados\/internado-calasanz-indonesia\/","og_site_name":"Itaka-Escolapios","article_modified_time":"2023-11-28T11:38:13+00:00","og_image":[{"width":2000,"height":1474,"url":"https:\/\/www.itakaescolapios.org\/wp-content\/uploads\/2017\/01\/image5.jpeg","type":"image\/jpeg"}],"twitter_card":"summary_large_image","twitter_misc":{"Tiempo de lectura":"2 minutos"},"schema":{"@context":"https:\/\/schema.org","@graph":[{"@type":"WebPage","@id":"https:\/\/www.itakaescolapios.org\/es\/que-hacemos\/internados\/internado-calasanz-indonesia\/","url":"https:\/\/www.itakaescolapios.org\/es\/que-hacemos\/internados\/internado-calasanz-indonesia\/","name":"INTERNADO CALASANZ (INDONESIA) - Itaka-Escolapios","isPartOf":{"@id":"https:\/\/www.itakaescolapios.org\/es\/#website"},"primaryImageOfPage":{"@id":"https:\/\/www.itakaescolapios.org\/es\/que-hacemos\/internados\/internado-calasanz-indonesia\/#primaryimage"},"image":{"@id":"https:\/\/www.itakaescolapios.org\/es\/que-hacemos\/internados\/internado-calasanz-indonesia\/#primaryimage"},"thumbnailUrl":"https:\/\/www.itakaescolapios.org\/wp-content\/uploads\/2017\/01\/image5.jpeg","datePublished":"2017-01-24T11:47:17+00:00","dateModified":"2023-11-28T11:38:13+00:00","breadcrumb":{"@id":"https:\/\/www.itakaescolapios.org\/es\/que-hacemos\/internados\/internado-calasanz-indonesia\/#breadcrumb"},"inLanguage":"es","potentialAction":[{"@type":"ReadAction","target":["https:\/\/www.itakaescolapios.org\/es\/que-hacemos\/internados\/internado-calasanz-indonesia\/"]}]},{"@type":"ImageObject","inLanguage":"es","@id":"https:\/\/www.itakaescolapios.org\/es\/que-hacemos\/internados\/internado-calasanz-indonesia\/#primaryimage","url":"https:\/\/www.itakaescolapios.org\/wp-content\/uploads\/2017\/01\/image5.jpeg","contentUrl":"https:\/\/www.itakaescolapios.org\/wp-content\/uploads\/2017\/01\/image5.jpeg","width":2000,"height":1474},{"@type":"BreadcrumbList","@id":"https:\/\/www.itakaescolapios.org\/es\/que-hacemos\/internados\/internado-calasanz-indonesia\/#breadcrumb","itemListElement":[{"@type":"ListItem","position":1,"name":"Portada","item":"https:\/\/www.itakaescolapios.org\/es\/"},{"@type":"ListItem","position":2,"name":"Qu\u00e9 hacemos","item":"https:\/\/www.itakaescolapios.org\/es\/que-hacemos\/"},{"@type":"ListItem","position":3,"name":"Internados","item":"https:\/\/www.itakaescolapios.org\/es\/que-hacemos\/internados\/"},{"@type":"ListItem","position":4,"name":"INTERNADO CALASANZ (INDONESIA)"}]},{"@type":"WebSite","@id":"https:\/\/www.itakaescolapios.org\/es\/#website","url":"https:\/\/www.itakaescolapios.org\/es\/","name":"Itaka-Escolapios","description":"Red de Itaka-Escolapios","publisher":{"@id":"https:\/\/www.itakaescolapios.org\/es\/#organization"},"potentialAction":[{"@type":"SearchAction","target":{"@type":"EntryPoint","urlTemplate":"https:\/\/www.itakaescolapios.org\/es\/?s={search_term_string}"},"query-input":{"@type":"PropertyValueSpecification","valueRequired":true,"valueName":"search_term_string"}}],"inLanguage":"es"},{"@type":"Organization","@id":"https:\/\/www.itakaescolapios.org\/es\/#organization","name":"Fundaci\u00f3 Itaka-Escolapios","url":"https:\/\/www.itakaescolapios.org\/es\/","logo":{"@type":"ImageObject","inLanguage":"es","@id":"https:\/\/www.itakaescolapios.org\/es\/#\/schema\/logo\/image\/","url":"https:\/\/www.itakaescolapios.org\/wp-content\/uploads\/2024\/04\/Logo-itakaescolapios-peque.png","contentUrl":"https:\/\/www.itakaescolapios.org\/wp-content\/uploads\/2024\/04\/Logo-itakaescolapios-peque.png","width":500,"height":199,"caption":"Fundaci\u00f3 Itaka-Escolapios"},"image":{"@id":"https:\/\/www.itakaescolapios.org\/es\/#\/schema\/logo\/image\/"}}]}},"_links":{"self":[{"href":"https:\/\/www.itakaescolapios.org\/es\/wp-json\/wp\/v2\/pages\/18004","targetHints":{"allow":["GET"]}}],"collection":[{"href":"https:\/\/www.itakaescolapios.org\/es\/wp-json\/wp\/v2\/pages"}],"about":[{"href":"https:\/\/www.itakaescolapios.org\/es\/wp-json\/wp\/v2\/types\/page"}],"author":[{"embeddable":true,"href":"https:\/\/www.itakaescolapios.org\/es\/wp-json\/wp\/v2\/users\/4"}],"replies":[{"embeddable":true,"href":"https:\/\/www.itakaescolapios.org\/es\/wp-json\/wp\/v2\/comments?post=18004"}],"version-history":[{"count":6,"href":"https:\/\/www.itakaescolapios.org\/es\/wp-json\/wp\/v2\/pages\/18004\/revisions"}],"predecessor-version":[{"id":47971,"href":"https:\/\/www.itakaescolapios.org\/es\/wp-json\/wp\/v2\/pages\/18004\/revisions\/47971"}],"up":[{"embeddable":true,"href":"https:\/\/www.itakaescolapios.org\/es\/wp-json\/wp\/v2\/pages\/93"}],"wp:featuredmedia":[{"embeddable":true,"href":"https:\/\/www.itakaescolapios.org\/es\/wp-json\/wp\/v2\/media\/18031"}],"wp:attachment":[{"href":"https:\/\/www.itakaescolapios.org\/es\/wp-json\/wp\/v2\/media?parent=18004"}],"curies":[{"name":"wp","href":"https:\/\/api.w.org\/{rel}","templated":true}]}}