{"id":18409,"date":"2017-03-09T10:37:45","date_gmt":"2017-03-09T09:37:45","guid":{"rendered":"https:\/\/www.itakaescolapios.org\/?page_id=18409"},"modified":"2023-11-28T12:38:10","modified_gmt":"2023-11-28T11:38:10","slug":"manifiesto-9-de-marzo-dia-del-voluntariado-en-itaka-escolapios","status":"publish","type":"page","link":"https:\/\/www.itakaescolapios.org\/es\/que-hacemos\/voluntariado\/manifiesto-9-de-marzo-dia-del-voluntariado-en-itaka-escolapios\/","title":{"rendered":"Manifiesto 9 de marzo, D\u00eda del Voluntariado en Itaka-Escolapios"},"content":{"rendered":"<p>El 9 de marzo de 2001 se constitu\u00eda oficialmente la Fundaci\u00f3n Itaka &#8211; Escolapios despu\u00e9s de 16 a\u00f1os de camino como asociaci\u00f3n. Era un salto cualitativo para dar m\u00e1s consistencia al trabajo que se ven\u00eda realizando y tambi\u00e9n para poner m\u00e1s de manifiesto la labor conjunta de la Orden, de la Fraternidad escolapia&#8230; \u00a1y de cientos y miles de personas que colaboraban y siguen colaborando d\u00eda a d\u00eda!<br \/>\nQuiz\u00e1 uno de los rasgos m\u00e1s caracter\u00edsticos de Itaka &#8211; Escolapia sea el voluntariado, las muchas personas que dedican su tiempo, sus bienes, su cari\u00f1o, su conocimiento, a la buena marcha de la misi\u00f3n de Itaka &#8211; Escolapios en el mundo.<\/p>\n<p><a href=\"https:\/\/www.itakaescolapios.org\/wp-content\/uploads\/2017\/03\/Manifiesto-9-de-marzo-D\u00eda-Voluntariado-2017.pdf\">Manifiesto 9 de marzo &#8211; D\u00eda del Voluntariado. Castellano<\/a><\/p>\n<p><a href=\"https:\/\/www.itakaescolapios.org\/wp-content\/uploads\/2017\/03\/Manifest_Itaka-Escolapios-Volunteers-day.pdf\">Manifiesto 9 de marzo &#8211; D\u00eda del Voluntariado. Ingl\u00e9s<\/a><\/p>\n<p><a href=\"https:\/\/www.itakaescolapios.org\/wp-content\/uploads\/2017\/03\/MANIFESTE_Journ\u00e9e-du-Volontariat-Itaka-Escolapios.pdf\">Manifiesto 9 de marzo &#8211; D\u00eda del Voluntariado. Franc\u00e9s<\/a><\/p>\n<p><a href=\"https:\/\/www.itakaescolapios.org\/wp-content\/uploads\/2017\/03\/Manifiesto-9-de-marzo-D\u00eda-Voluntariado-2017_ITA.pdf\">Manifiesto 9 de marzo &#8211; D\u00eda del Voluntariado. Italiano<\/a><\/p>\n<p><a href=\"https:\/\/www.itakaescolapios.org\/wp-content\/uploads\/2017\/03\/Manifiesto-9-de-marzo-Di\u0301a-Voluntariado-2017_PT.pdf\">Manifiesto 9 de marzo &#8211; D\u00eda del Voluntariado. Portugu\u00e9s<\/a><\/p>\n","protected":false},"excerpt":{"rendered":"<p>El 9 de marzo de 2001 se constitu\u00eda oficialmente la Fundaci\u00f3n Itaka &#8211; Escolapios despu\u00e9s de 16 a\u00f1os de camino como asociaci\u00f3n. Era un salto cualitativo para dar m\u00e1s consistencia [&hellip;]<\/p>\n","protected":false},"author":4,"featured_media":18419,"parent":98,"menu_order":0,"comment_status":"closed","ping_status":"closed","template":"","meta":{"_et_pb_use_builder":"","_et_pb_old_content":"","_et_gb_content_width":"","footnotes":""},"class_list":["post-18409","page","type-page","status-publish","has-post-thumbnail","hentry"],"yoast_head":"<!-- This site is optimized with the Yoast SEO plugin v27.3 - https:\/\/yoast.com\/product\/yoast-seo-wordpress\/ -->\n<title>Manifiesto 9 de marzo, D\u00eda del Voluntariado en Itaka-Escolapios - Itaka-Escolapios<\/title>\n<meta name=\"robots\" content=\"index, follow, max-snippet:-1, max-image-preview:large, max-video-preview:-1\" \/>\n<link rel=\"canonical\" href=\"https:\/\/www.itakaescolapios.org\/es\/que-hacemos\/voluntariado\/manifiesto-9-de-marzo-dia-del-voluntariado-en-itaka-escolapios\/\" \/>\n<meta property=\"og:locale\" content=\"es_ES\" \/>\n<meta property=\"og:type\" content=\"article\" \/>\n<meta property=\"og:title\" content=\"Manifiesto 9 de marzo, D\u00eda del Voluntariado en Itaka-Escolapios - Itaka-Escolapios\" \/>\n<meta property=\"og:description\" content=\"El 9 de marzo de 2001 se constitu\u00eda oficialmente la Fundaci\u00f3n Itaka &#8211; Escolapios despu\u00e9s de 16 a\u00f1os de camino como asociaci\u00f3n. Era un salto cualitativo para dar m\u00e1s consistencia [&hellip;]\" \/>\n<meta property=\"og:url\" content=\"https:\/\/www.itakaescolapios.org\/es\/que-hacemos\/voluntariado\/manifiesto-9-de-marzo-dia-del-voluntariado-en-itaka-escolapios\/\" \/>\n<meta property=\"og:site_name\" content=\"Itaka-Escolapios\" \/>\n<meta property=\"article:modified_time\" content=\"2023-11-28T11:38:10+00:00\" \/>\n<meta property=\"og:image\" content=\"https:\/\/www.itakaescolapios.org\/wp-content\/uploads\/2017\/03\/Voluntariado-web.jpg\" \/>\n\t<meta property=\"og:image:width\" content=\"2000\" \/>\n\t<meta property=\"og:image:height\" content=\"1500\" \/>\n\t<meta property=\"og:image:type\" content=\"image\/jpeg\" \/>\n<meta name=\"twitter:card\" content=\"summary_large_image\" \/>\n<meta name=\"twitter:label1\" content=\"Tiempo de lectura\" \/>\n\t<meta name=\"twitter:data1\" content=\"1 minuto\" \/>\n<script type=\"application\/ld+json\" class=\"yoast-schema-graph\">{\"@context\":\"https:\\\/\\\/schema.org\",\"@graph\":[{\"@type\":\"WebPage\",\"@id\":\"https:\\\/\\\/www.itakaescolapios.org\\\/es\\\/que-hacemos\\\/voluntariado\\\/manifiesto-9-de-marzo-dia-del-voluntariado-en-itaka-escolapios\\\/\",\"url\":\"https:\\\/\\\/www.itakaescolapios.org\\\/es\\\/que-hacemos\\\/voluntariado\\\/manifiesto-9-de-marzo-dia-del-voluntariado-en-itaka-escolapios\\\/\",\"name\":\"Manifiesto 9 de marzo, D\u00eda del Voluntariado en Itaka-Escolapios - Itaka-Escolapios\",\"isPartOf\":{\"@id\":\"https:\\\/\\\/www.itakaescolapios.org\\\/es\\\/#website\"},\"primaryImageOfPage\":{\"@id\":\"https:\\\/\\\/www.itakaescolapios.org\\\/es\\\/que-hacemos\\\/voluntariado\\\/manifiesto-9-de-marzo-dia-del-voluntariado-en-itaka-escolapios\\\/#primaryimage\"},\"image\":{\"@id\":\"https:\\\/\\\/www.itakaescolapios.org\\\/es\\\/que-hacemos\\\/voluntariado\\\/manifiesto-9-de-marzo-dia-del-voluntariado-en-itaka-escolapios\\\/#primaryimage\"},\"thumbnailUrl\":\"https:\\\/\\\/www.itakaescolapios.org\\\/wp-content\\\/uploads\\\/2017\\\/03\\\/Voluntariado-web.jpg\",\"datePublished\":\"2017-03-09T09:37:45+00:00\",\"dateModified\":\"2023-11-28T11:38:10+00:00\",\"breadcrumb\":{\"@id\":\"https:\\\/\\\/www.itakaescolapios.org\\\/es\\\/que-hacemos\\\/voluntariado\\\/manifiesto-9-de-marzo-dia-del-voluntariado-en-itaka-escolapios\\\/#breadcrumb\"},\"inLanguage\":\"es\",\"potentialAction\":[{\"@type\":\"ReadAction\",\"target\":[\"https:\\\/\\\/www.itakaescolapios.org\\\/es\\\/que-hacemos\\\/voluntariado\\\/manifiesto-9-de-marzo-dia-del-voluntariado-en-itaka-escolapios\\\/\"]}]},{\"@type\":\"ImageObject\",\"inLanguage\":\"es\",\"@id\":\"https:\\\/\\\/www.itakaescolapios.org\\\/es\\\/que-hacemos\\\/voluntariado\\\/manifiesto-9-de-marzo-dia-del-voluntariado-en-itaka-escolapios\\\/#primaryimage\",\"url\":\"https:\\\/\\\/www.itakaescolapios.org\\\/wp-content\\\/uploads\\\/2017\\\/03\\\/Voluntariado-web.jpg\",\"contentUrl\":\"https:\\\/\\\/www.itakaescolapios.org\\\/wp-content\\\/uploads\\\/2017\\\/03\\\/Voluntariado-web.jpg\",\"width\":2000,\"height\":1500},{\"@type\":\"BreadcrumbList\",\"@id\":\"https:\\\/\\\/www.itakaescolapios.org\\\/es\\\/que-hacemos\\\/voluntariado\\\/manifiesto-9-de-marzo-dia-del-voluntariado-en-itaka-escolapios\\\/#breadcrumb\",\"itemListElement\":[{\"@type\":\"ListItem\",\"position\":1,\"name\":\"Portada\",\"item\":\"https:\\\/\\\/www.itakaescolapios.org\\\/es\\\/\"},{\"@type\":\"ListItem\",\"position\":2,\"name\":\"Qu\u00e9 hacemos\",\"item\":\"https:\\\/\\\/www.itakaescolapios.org\\\/es\\\/que-hacemos\\\/\"},{\"@type\":\"ListItem\",\"position\":3,\"name\":\"Voluntariado\",\"item\":\"https:\\\/\\\/www.itakaescolapios.org\\\/es\\\/que-hacemos\\\/voluntariado\\\/\"},{\"@type\":\"ListItem\",\"position\":4,\"name\":\"Manifiesto 9 de marzo, D\u00eda del Voluntariado en Itaka-Escolapios\"}]},{\"@type\":\"WebSite\",\"@id\":\"https:\\\/\\\/www.itakaescolapios.org\\\/es\\\/#website\",\"url\":\"https:\\\/\\\/www.itakaescolapios.org\\\/es\\\/\",\"name\":\"Itaka-Escolapios\",\"description\":\"Red de Itaka-Escolapios\",\"publisher\":{\"@id\":\"https:\\\/\\\/www.itakaescolapios.org\\\/es\\\/#organization\"},\"potentialAction\":[{\"@type\":\"SearchAction\",\"target\":{\"@type\":\"EntryPoint\",\"urlTemplate\":\"https:\\\/\\\/www.itakaescolapios.org\\\/es\\\/?s={search_term_string}\"},\"query-input\":{\"@type\":\"PropertyValueSpecification\",\"valueRequired\":true,\"valueName\":\"search_term_string\"}}],\"inLanguage\":\"es\"},{\"@type\":\"Organization\",\"@id\":\"https:\\\/\\\/www.itakaescolapios.org\\\/es\\\/#organization\",\"name\":\"Fundaci\u00f3 Itaka-Escolapios\",\"url\":\"https:\\\/\\\/www.itakaescolapios.org\\\/es\\\/\",\"logo\":{\"@type\":\"ImageObject\",\"inLanguage\":\"es\",\"@id\":\"https:\\\/\\\/www.itakaescolapios.org\\\/es\\\/#\\\/schema\\\/logo\\\/image\\\/\",\"url\":\"https:\\\/\\\/www.itakaescolapios.org\\\/wp-content\\\/uploads\\\/2024\\\/04\\\/Logo-itakaescolapios-peque.png\",\"contentUrl\":\"https:\\\/\\\/www.itakaescolapios.org\\\/wp-content\\\/uploads\\\/2024\\\/04\\\/Logo-itakaescolapios-peque.png\",\"width\":500,\"height\":199,\"caption\":\"Fundaci\u00f3 Itaka-Escolapios\"},\"image\":{\"@id\":\"https:\\\/\\\/www.itakaescolapios.org\\\/es\\\/#\\\/schema\\\/logo\\\/image\\\/\"}}]}<\/script>\n<!-- \/ Yoast SEO plugin. -->","yoast_head_json":{"title":"Manifiesto 9 de marzo, D\u00eda del Voluntariado en Itaka-Escolapios - Itaka-Escolapios","robots":{"index":"index","follow":"follow","max-snippet":"max-snippet:-1","max-image-preview":"max-image-preview:large","max-video-preview":"max-video-preview:-1"},"canonical":"https:\/\/www.itakaescolapios.org\/es\/que-hacemos\/voluntariado\/manifiesto-9-de-marzo-dia-del-voluntariado-en-itaka-escolapios\/","og_locale":"es_ES","og_type":"article","og_title":"Manifiesto 9 de marzo, D\u00eda del Voluntariado en Itaka-Escolapios - Itaka-Escolapios","og_description":"El 9 de marzo de 2001 se constitu\u00eda oficialmente la Fundaci\u00f3n Itaka &#8211; Escolapios despu\u00e9s de 16 a\u00f1os de camino como asociaci\u00f3n. Era un salto cualitativo para dar m\u00e1s consistencia [&hellip;]","og_url":"https:\/\/www.itakaescolapios.org\/es\/que-hacemos\/voluntariado\/manifiesto-9-de-marzo-dia-del-voluntariado-en-itaka-escolapios\/","og_site_name":"Itaka-Escolapios","article_modified_time":"2023-11-28T11:38:10+00:00","og_image":[{"width":2000,"height":1500,"url":"https:\/\/www.itakaescolapios.org\/wp-content\/uploads\/2017\/03\/Voluntariado-web.jpg","type":"image\/jpeg"}],"twitter_card":"summary_large_image","twitter_misc":{"Tiempo de lectura":"1 minuto"},"schema":{"@context":"https:\/\/schema.org","@graph":[{"@type":"WebPage","@id":"https:\/\/www.itakaescolapios.org\/es\/que-hacemos\/voluntariado\/manifiesto-9-de-marzo-dia-del-voluntariado-en-itaka-escolapios\/","url":"https:\/\/www.itakaescolapios.org\/es\/que-hacemos\/voluntariado\/manifiesto-9-de-marzo-dia-del-voluntariado-en-itaka-escolapios\/","name":"Manifiesto 9 de marzo, D\u00eda del Voluntariado en Itaka-Escolapios - Itaka-Escolapios","isPartOf":{"@id":"https:\/\/www.itakaescolapios.org\/es\/#website"},"primaryImageOfPage":{"@id":"https:\/\/www.itakaescolapios.org\/es\/que-hacemos\/voluntariado\/manifiesto-9-de-marzo-dia-del-voluntariado-en-itaka-escolapios\/#primaryimage"},"image":{"@id":"https:\/\/www.itakaescolapios.org\/es\/que-hacemos\/voluntariado\/manifiesto-9-de-marzo-dia-del-voluntariado-en-itaka-escolapios\/#primaryimage"},"thumbnailUrl":"https:\/\/www.itakaescolapios.org\/wp-content\/uploads\/2017\/03\/Voluntariado-web.jpg","datePublished":"2017-03-09T09:37:45+00:00","dateModified":"2023-11-28T11:38:10+00:00","breadcrumb":{"@id":"https:\/\/www.itakaescolapios.org\/es\/que-hacemos\/voluntariado\/manifiesto-9-de-marzo-dia-del-voluntariado-en-itaka-escolapios\/#breadcrumb"},"inLanguage":"es","potentialAction":[{"@type":"ReadAction","target":["https:\/\/www.itakaescolapios.org\/es\/que-hacemos\/voluntariado\/manifiesto-9-de-marzo-dia-del-voluntariado-en-itaka-escolapios\/"]}]},{"@type":"ImageObject","inLanguage":"es","@id":"https:\/\/www.itakaescolapios.org\/es\/que-hacemos\/voluntariado\/manifiesto-9-de-marzo-dia-del-voluntariado-en-itaka-escolapios\/#primaryimage","url":"https:\/\/www.itakaescolapios.org\/wp-content\/uploads\/2017\/03\/Voluntariado-web.jpg","contentUrl":"https:\/\/www.itakaescolapios.org\/wp-content\/uploads\/2017\/03\/Voluntariado-web.jpg","width":2000,"height":1500},{"@type":"BreadcrumbList","@id":"https:\/\/www.itakaescolapios.org\/es\/que-hacemos\/voluntariado\/manifiesto-9-de-marzo-dia-del-voluntariado-en-itaka-escolapios\/#breadcrumb","itemListElement":[{"@type":"ListItem","position":1,"name":"Portada","item":"https:\/\/www.itakaescolapios.org\/es\/"},{"@type":"ListItem","position":2,"name":"Qu\u00e9 hacemos","item":"https:\/\/www.itakaescolapios.org\/es\/que-hacemos\/"},{"@type":"ListItem","position":3,"name":"Voluntariado","item":"https:\/\/www.itakaescolapios.org\/es\/que-hacemos\/voluntariado\/"},{"@type":"ListItem","position":4,"name":"Manifiesto 9 de marzo, D\u00eda del Voluntariado en Itaka-Escolapios"}]},{"@type":"WebSite","@id":"https:\/\/www.itakaescolapios.org\/es\/#website","url":"https:\/\/www.itakaescolapios.org\/es\/","name":"Itaka-Escolapios","description":"Red de Itaka-Escolapios","publisher":{"@id":"https:\/\/www.itakaescolapios.org\/es\/#organization"},"potentialAction":[{"@type":"SearchAction","target":{"@type":"EntryPoint","urlTemplate":"https:\/\/www.itakaescolapios.org\/es\/?s={search_term_string}"},"query-input":{"@type":"PropertyValueSpecification","valueRequired":true,"valueName":"search_term_string"}}],"inLanguage":"es"},{"@type":"Organization","@id":"https:\/\/www.itakaescolapios.org\/es\/#organization","name":"Fundaci\u00f3 Itaka-Escolapios","url":"https:\/\/www.itakaescolapios.org\/es\/","logo":{"@type":"ImageObject","inLanguage":"es","@id":"https:\/\/www.itakaescolapios.org\/es\/#\/schema\/logo\/image\/","url":"https:\/\/www.itakaescolapios.org\/wp-content\/uploads\/2024\/04\/Logo-itakaescolapios-peque.png","contentUrl":"https:\/\/www.itakaescolapios.org\/wp-content\/uploads\/2024\/04\/Logo-itakaescolapios-peque.png","width":500,"height":199,"caption":"Fundaci\u00f3 Itaka-Escolapios"},"image":{"@id":"https:\/\/www.itakaescolapios.org\/es\/#\/schema\/logo\/image\/"}}]}},"_links":{"self":[{"href":"https:\/\/www.itakaescolapios.org\/es\/wp-json\/wp\/v2\/pages\/18409","targetHints":{"allow":["GET"]}}],"collection":[{"href":"https:\/\/www.itakaescolapios.org\/es\/wp-json\/wp\/v2\/pages"}],"about":[{"href":"https:\/\/www.itakaescolapios.org\/es\/wp-json\/wp\/v2\/types\/page"}],"author":[{"embeddable":true,"href":"https:\/\/www.itakaescolapios.org\/es\/wp-json\/wp\/v2\/users\/4"}],"replies":[{"embeddable":true,"href":"https:\/\/www.itakaescolapios.org\/es\/wp-json\/wp\/v2\/comments?post=18409"}],"version-history":[{"count":6,"href":"https:\/\/www.itakaescolapios.org\/es\/wp-json\/wp\/v2\/pages\/18409\/revisions"}],"predecessor-version":[{"id":47882,"href":"https:\/\/www.itakaescolapios.org\/es\/wp-json\/wp\/v2\/pages\/18409\/revisions\/47882"}],"up":[{"embeddable":true,"href":"https:\/\/www.itakaescolapios.org\/es\/wp-json\/wp\/v2\/pages\/98"}],"wp:featuredmedia":[{"embeddable":true,"href":"https:\/\/www.itakaescolapios.org\/es\/wp-json\/wp\/v2\/media\/18419"}],"wp:attachment":[{"href":"https:\/\/www.itakaescolapios.org\/es\/wp-json\/wp\/v2\/media?parent=18409"}],"curies":[{"name":"wp","href":"https:\/\/api.w.org\/{rel}","templated":true}]}}