{"id":20704,"date":"2017-10-30T12:01:05","date_gmt":"2017-10-30T11:01:05","guid":{"rendered":"https:\/\/www.itakaescolapios.org\/?page_id=20704"},"modified":"2023-11-28T12:37:48","modified_gmt":"2023-11-28T11:37:48","slug":"actividades-centrales-de-la-campana","status":"publish","type":"page","link":"https:\/\/www.itakaescolapios.org\/es\/campanas\/2017-2018-el-tesoro-de-senegal\/actividades-centrales-de-la-campana\/","title":{"rendered":"ACTIVIDADES CENTRALES DE LA CAMPA\u00d1A"},"content":{"rendered":"<p style=\"text-align: justify;\">Los exploradores de Itaka-Escolapios nos han preparado seis actividades que tienen como objetivo presentar la realidad de Senegal, lugar en el que est\u00e1n presentes los escolapios desde hace m\u00e1s de cincuenta a\u00f1os.<\/p>\n<h2><span style=\"color: #808000;\">CALASANZ<\/span><\/h2>\n<p style=\"text-align: justify;\">Nos invita a rezar por Senegal todas las ma\u00f1anas al iniciar nuestra actividad en el colegio. Nos propone cinco oraciones que podremos ir alternado a lo largo de los d\u00edas que dura la campa\u00f1a.<\/p>\n<table width=\"470\" border=\"0\" cellspacing=\"0\" cellpadding=\"0\">\n<colgroup>\n<col width=\"80\" \/>\n<col width=\"93\" \/>\n<col width=\"87\" \/>\n<col span=\"2\" width=\"105\" \/> <\/colgroup>\n<tbody>\n<tr>\n<td width=\"80\" height=\"80\"><strong>ORAMOS CON SENEGAL<\/strong><\/td>\n<td width=\"93\"><strong>SENEGALEKIN OTOITZ EGITEN DUGU<\/strong><\/td>\n<td width=\"87\"><strong>WE PRAY WITH SENEGAL<\/strong><\/td>\n<td width=\"105\"><strong>NOUS PRIONS AVEC LE S\u00c9N\u00c9GAL<\/strong><\/td>\n<td width=\"105\"><strong>ORAMOS COM SENEGAL<\/strong><\/td>\n<\/tr>\n<tr>\n<td width=\"80\" height=\"20\"><strong><span style=\"color: #993300;\"><a href=\"https:\/\/www.itakaescolapios.org\/wp-content\/uploads\/2017\/10\/LUNRD.pdf\" target=\"_blank\" rel=\"noopener\"><span style=\"color: #993300;\">LUNES<\/span><\/a><\/span><\/strong><\/td>\n<td width=\"93\"><strong><span style=\"color: #808000;\"><a href=\"https:\/\/www.itakaescolapios.org\/wp-content\/uploads\/2017\/10\/ASTELEHENA.pdf\"><span style=\"color: #808000;\">ASTELEHENA<\/span><\/a><\/span><\/strong><\/td>\n<td width=\"87\"><strong><span style=\"color: #0000ff;\"><a href=\"https:\/\/www.itakaescolapios.org\/wp-content\/uploads\/2017\/10\/MONDAY.pdf\"><span style=\"color: #0000ff;\">MONDAY<\/span><\/a><\/span><\/strong><\/td>\n<td width=\"105\"><strong><span style=\"color: #008000;\"><a href=\"https:\/\/www.itakaescolapios.org\/wp-content\/uploads\/2017\/10\/LUNDI.pdf\"><span style=\"color: #008000;\">LUNDI<\/span><\/a><\/span><\/strong><\/td>\n<td><strong><span style=\"color: #ff9900;\"><a href=\"https:\/\/www.itakaescolapios.org\/wp-content\/uploads\/2017\/10\/SEGUNDA-FEIRA.pdf\"><span style=\"color: #ff9900;\">SEGUNDA-FEIRA<\/span><\/a><\/span><\/strong><\/td>\n<\/tr>\n<tr>\n<td width=\"80\" height=\"21\"><strong><span style=\"color: #993300;\"><a href=\"https:\/\/www.itakaescolapios.org\/wp-content\/uploads\/2017\/10\/MARTES.pdf\" target=\"_blank\" rel=\"noopener\"><span style=\"color: #993300;\">MARTES<\/span><\/a><\/span><\/strong><\/td>\n<td width=\"93\"><strong><span style=\"color: #808000;\"><a href=\"https:\/\/www.itakaescolapios.org\/wp-content\/uploads\/2017\/10\/ASTEARTEA.pdf\"><span style=\"color: #808000;\">ASTEARTEA<\/span><\/a><\/span><\/strong><\/td>\n<td width=\"87\"><strong><span style=\"color: #0000ff;\"><a href=\"https:\/\/www.itakaescolapios.org\/wp-content\/uploads\/2017\/10\/TUESDAY.pdf\"><span style=\"color: #0000ff;\">TUESDAY<\/span><\/a><\/span><\/strong><\/td>\n<td width=\"105\"><strong><span style=\"color: #008000;\"><a href=\"https:\/\/www.itakaescolapios.org\/wp-content\/uploads\/2017\/10\/MARTI.pdf\"><span style=\"color: #008000;\">MARTI<\/span><\/a><\/span><\/strong><\/td>\n<td><strong><span style=\"color: #ff9900;\"><a href=\"https:\/\/www.itakaescolapios.org\/wp-content\/uploads\/2017\/10\/TER\u00e7A-FEIRA.pdf\"><span style=\"color: #ff9900;\">TER\u00e7A-FEIRA<\/span><\/a><\/span><\/strong><\/td>\n<\/tr>\n<tr>\n<td width=\"80\" height=\"40\"><strong><span style=\"color: #993300;\"><a href=\"https:\/\/www.itakaescolapios.org\/wp-content\/uploads\/2017\/10\/MIERCOLES.pdf\" target=\"_blank\" rel=\"noopener\"><span style=\"color: #993300;\">MI\u00c9RCOLES<\/span><\/a><\/span><\/strong><\/td>\n<td width=\"93\"><strong><span style=\"color: #808000;\"><a href=\"https:\/\/www.itakaescolapios.org\/wp-content\/uploads\/2017\/10\/ASTEAZKENA.pdf\"><span style=\"color: #808000;\">ASTEAZKENA<\/span><\/a><\/span><\/strong><\/td>\n<td width=\"87\"><strong><span style=\"color: #0000ff;\"><a href=\"https:\/\/www.itakaescolapios.org\/wp-content\/uploads\/2017\/10\/WEDNESDAY.pdf\"><span style=\"color: #0000ff;\">WEDNESDAY<\/span><\/a><\/span><\/strong><\/td>\n<td width=\"105\"><strong><span style=\"color: #008000;\"><a href=\"https:\/\/www.itakaescolapios.org\/wp-content\/uploads\/2017\/10\/MERCREDI.pdf\"><span style=\"color: #008000;\">MERCREDI<\/span><\/a><\/span><\/strong><\/td>\n<td><strong><span style=\"color: #ff9900;\"><a href=\"https:\/\/www.itakaescolapios.org\/wp-content\/uploads\/2017\/10\/QUARTA-FEIRA.pdf\"><span style=\"color: #ff9900;\">QUARTA-FEIRA<\/span><\/a><\/span><\/strong><\/td>\n<\/tr>\n<tr>\n<td width=\"80\" height=\"20\"><strong><span style=\"color: #993300;\"><a href=\"https:\/\/www.itakaescolapios.org\/wp-content\/uploads\/2017\/10\/JUEVES.pdf\" target=\"_blank\" rel=\"noopener\"><span style=\"color: #993300;\">JUEVES<\/span><\/a><\/span><\/strong><\/td>\n<td width=\"93\"><strong><span style=\"color: #808000;\"><a href=\"https:\/\/www.itakaescolapios.org\/wp-content\/uploads\/2017\/10\/OSTEGUNA.pdf\"><span style=\"color: #808000;\">OSTEGUNA<\/span><\/a><\/span><\/strong><\/td>\n<td width=\"87\"><strong><span style=\"color: #0000ff;\"><a href=\"https:\/\/www.itakaescolapios.org\/wp-content\/uploads\/2017\/10\/THURSDAY.pdf\"><span style=\"color: #0000ff;\">THURSDAY<\/span><\/a><\/span><\/strong><\/td>\n<td width=\"105\"><strong><span style=\"color: #008000;\"><a href=\"https:\/\/www.itakaescolapios.org\/wp-content\/uploads\/2017\/10\/JEUDI.pdf\"><span style=\"color: #008000;\">JEUDI<\/span><\/a><\/span><\/strong><\/td>\n<td><strong><span style=\"color: #ff9900;\"><a href=\"https:\/\/www.itakaescolapios.org\/wp-content\/uploads\/2017\/10\/QUINTA-FEIRA.pdf\"><span style=\"color: #ff9900;\">QUINTA-FEIRA<\/span><\/a><\/span><\/strong><\/td>\n<\/tr>\n<tr>\n<td width=\"80\" height=\"20\"><strong><span style=\"color: #993300;\"><a href=\"https:\/\/www.itakaescolapios.org\/wp-content\/uploads\/2017\/10\/VIERNES.pdf\" target=\"_blank\" rel=\"noopener\"><span style=\"color: #993300;\">VIERNES<\/span><\/a><\/span><\/strong><\/td>\n<td width=\"93\"><strong><span style=\"color: #808000;\"><a href=\"https:\/\/www.itakaescolapios.org\/wp-content\/uploads\/2017\/10\/OSTIRALA.pdf\"><span style=\"color: #808000;\">OSTIRALA<\/span><\/a><\/span><\/strong><\/td>\n<td width=\"87\"><strong><span style=\"color: #0000ff;\"><a href=\"https:\/\/www.itakaescolapios.org\/wp-content\/uploads\/2017\/10\/FRIDAY.pdf\"><span style=\"color: #0000ff;\">FRIDAY<\/span><\/a><\/span><\/strong><\/td>\n<td width=\"105\"><strong><span style=\"color: #008000;\"><a href=\"https:\/\/www.itakaescolapios.org\/wp-content\/uploads\/2017\/10\/VENDREDI.pdf\"><span style=\"color: #008000;\">VENDREDI<\/span><\/a><\/span><\/strong><\/td>\n<td><span style=\"color: #ff9900;\"><strong><a href=\"https:\/\/www.itakaescolapios.org\/wp-content\/uploads\/2017\/10\/SEXTA-FEIRA.pdf\"><span style=\"color: #ff9900;\">SEXTA-FEIRA<\/span><\/a><\/strong><\/span><\/td>\n<\/tr>\n<\/tbody>\n<\/table>\n<h2><\/h2>\n<h2><span style=\"color: #808000;\">QUISAP<\/span><\/h2>\n<p style=\"text-align: justify;\">Durante el curso 2016-2017 conocimos la realidad de la India, m\u00e1s en concreto nos acercamos a conocer Kamda el lugar de nacimiento de nuestro personaje.<\/p>\n<p style=\"text-align: justify;\">Una de las actividades que pusimos en marcha fue el PASAPORTE SOLIDARIO, instrumento que pretende hacer visible nuestra identidad como ciudadanos y ciudadanas del mundo. Convertir la solidaridad en uno de los n\u00facleos de nuestra identidad m\u00e1s all\u00e1 de fronteras, nacionalidades y colores. Cada clase cuenta, desde el pasado curso, con un ejemplar personalizado en el que ir a\u00f1adiendo a\u00f1o tras a\u00f1o las campa\u00f1as de solidaridad que vamos desarrollando.<\/p>\n<p style=\"text-align: justify;\">Puedes descargarte a continuaci\u00f3n los visados de la campa\u00f1a de solidaridad del pasado curso para a\u00f1adirlos al pasaporte de tu grupo.<\/p>\n<p style=\"text-align: center;\"><span style=\"color: #808000;\"><strong><a href=\"https:\/\/www.itakaescolapios.org\/wp-content\/uploads\/2017\/10\/VISADO.pdf\" target=\"_blank\" rel=\"noopener\"><span style=\"color: #808000;\">VISADO CAMPA\u00d1A \u00abEXPEDICION KAMDA\u00bb<\/span><\/a><\/strong><\/span><\/p>\n<p><strong>_______________________________________________________________________<\/strong><\/p>\n<h2><span style=\"color: #808000;\">SUKAL<\/span><\/h2>\n<p>Sukal, gran conocedor de las tradiciones y la cultura senegalesa, nos presenta una actividad que conjuga m\u00fasica, baile y moda.<\/p>\n<p>mP3 con ritmos tambores senegaleses:<\/p>\n<audio class=\"wp-audio-shortcode\" id=\"audio-20704-1\" preload=\"none\" style=\"width: 100%;\" controls=\"controls\"><source type=\"audio\/mpeg\" src=\"https:\/\/www.itakaescolapios.org\/wp-content\/uploads\/2017\/10\/Ritmos-africanos.mp3?_=1\" \/><a href=\"https:\/\/www.itakaescolapios.org\/wp-content\/uploads\/2017\/10\/Ritmos-africanos.mp3\">https:\/\/www.itakaescolapios.org\/wp-content\/uploads\/2017\/10\/Ritmos-africanos.mp3<\/a><\/audio>\n<p style=\"text-align: center;\"><strong><span style=\"color: #808000;\"><a href=\"https:\/\/www.itakaescolapios.org\/wp-content\/uploads\/2017\/10\/FIESTA-SENEGALES.pdf\" target=\"_blank\" rel=\"noopener\"><span style=\"color: #808000;\">FIESTA SENEGALESA<\/span><\/a><\/span><\/strong><\/p>\n<p><strong>_________________________________________________________________<\/strong><\/p>\n<h2><span style=\"color: #808000;\">BLA<\/span><\/h2>\n<p style=\"text-align: justify;\">Nuestro personaje, amante del di\u00e1logo y del trabajo colaborativo, nos propone un juego en el que no gana nadie y en el que todas las personas que participan en el hacen por avanzar para alcanzar uno de los proyectos educativos apoyados en la campa\u00f1a.<\/p>\n<p style=\"text-align: center;\"><strong><span style=\"color: #808000;\">Presentaci\u00f3n: <\/span><\/strong><\/p>\n<p style=\"text-align: center;\"><a href=\"https:\/\/mega.nz\/#!jEYj1DhD!UbB3X4RCk9w2kI_IOJLhjRi9qrTFglUewRE7sRkehbk\" target=\"_blank\" rel=\"noopener\"><strong><span style=\"color: #808000;\">JUEGO DE CARTAS \u00abEL TESORO DE LA EDUCACI\u00d3N\u00bb<\/span><\/strong><\/a><\/p>\n<p style=\"text-align: center;\"><strong><span style=\"color: #808000;\"><a href=\"https:\/\/www.itakaescolapios.org\/wp-content\/uploads\/2017\/10\/instrucciones-cartas.pdf\" target=\"_blank\" rel=\"noopener\"><span style=\"color: #808000;\">Instrucciones<\/span><\/a><\/span><\/strong><\/p>\n<p style=\"text-align: center;\"><strong><span style=\"color: #808000;\"><a href=\"https:\/\/www.itakaescolapios.org\/wp-content\/uploads\/2017\/10\/JUEGO-DE-CARTAS-web.pdf\" target=\"_blank\" rel=\"noopener\"><span style=\"color: #808000;\">Baraja de cartas<\/span><\/a><\/span><\/strong><\/p>\n<p style=\"text-align: left;\">_______________________________________________________________________<\/p>\n<h2 style=\"text-align: left;\"><span style=\"color: #808000;\">MARINE <\/span><\/h2>\n<p style=\"text-align: justify;\">Marine, conocedora como nadie de la realidad escolapia, nos invita en \u00e9sta actividad a descubrir cu\u00e1les son nuestros tesoros, los propios y los nuestra familia y amigos. Lo hace a trav\u00e9s de una peque\u00f1a din\u00e1mica que nos obligar\u00e1 a construir un cofre en el que depositar los tesoros descubiertos.<\/p>\n<p style=\"text-align: center;\"><strong><span style=\"color: #808000;\"><a href=\"https:\/\/www.itakaescolapios.org\/wp-content\/uploads\/2017\/10\/Ficha-de-actividad-Nuestro-Tesoro.pdf\" target=\"_blank\" rel=\"noopener\"><span style=\"color: #808000;\">NUESTRO TESORO<\/span><\/a><\/span><\/strong> (Ficha de actividad)<\/p>\n<p style=\"text-align: center;\"><span style=\"color: #808000;\"><strong><a href=\"https:\/\/www.itakaescolapios.org\/wp-content\/uploads\/2017\/10\/Carta-de-Marine-y-cofre-recortable1.pdf\" target=\"_blank\" rel=\"noopener\"><span style=\"color: #808000;\">Carta de MARINE y COFRE recortable<\/span><\/a><\/strong><\/span><\/p>\n<p style=\"text-align: center;\"><strong><span style=\"color: #808000;\"><a href=\"https:\/\/www.itakaescolapios.org\/wp-content\/uploads\/2017\/10\/Anexos-de-actividad-para-mayores-de-14.pdf\" target=\"_blank\" rel=\"noopener\"><span style=\"color: #808000;\">Anexos de actividad PARA MAYORES de 14 A\u00d1OS<\/span><\/a><\/span><\/strong><\/p>\n<p style=\"text-align: left;\">_______________________________________________________________________<\/p>\n<h2 style=\"text-align: left;\"><span style=\"color: #808000;\">JIWA<\/span><\/h2>\n<p style=\"text-align: justify;\">La responsable de mantener a punto la canoa y todos los elementos de la expedici\u00f3n, nos propone construir con una plantilla un photocall\u00a0 con el que adornar nuestro centro educativo y en el que poder sacarnos fotos de grupo.<\/p>\n<p style=\"text-align: justify;\">Puedes descargarte dos formatos, alta y baja resoluci\u00f3n, en funci\u00f3n del tama\u00f1o del photocall que vayas a imprimir. Te invitamos a que recortes las caras de nuestros expedicionarios y puedas sacarte de esta manera las fotos de grupo.<\/p>\n<p style=\"text-align: center;\"><strong><a href=\"https:\/\/www.itakaescolapios.org\/wp-content\/uploads\/2017\/10\/photocall-campa\u00f1a1718-35x2m-TAMA\u00d1O-REDUCIDO.pdf\" target=\"_blank\" rel=\"noopener\"><span style=\"color: #808000;\">PHOTOCALL<\/span> <\/a><\/strong><\/p>\n<p style=\"text-align: center;\"><strong><span style=\"color: #808000;\"><a href=\"https:\/\/mega.nz\/#!7YRRTJ5Y!w2A5pIw4rPwcMPf90X8lF0qu-oP_X1G1cjrt33yqePI\" target=\"_blank\" rel=\"noopener\"><span style=\"color: #808000;\">PHOTOCALL (Alta resoluci\u00f3n)<\/span><\/a><\/span><\/strong><\/p>\n<p><!--more--><\/p>\n","protected":false},"excerpt":{"rendered":"<p>Los exploradores de Itaka-Escolapios nos han preparado seis actividades que tienen como objetivo presentar la realidad de Senegal, lugar en el que est\u00e1n presentes los escolapios desde hace m\u00e1s de [&hellip;]<\/p>\n","protected":false},"author":46,"featured_media":0,"parent":20613,"menu_order":5,"comment_status":"closed","ping_status":"closed","template":"","meta":{"_et_pb_use_builder":"","_et_pb_old_content":"","_et_gb_content_width":"","footnotes":""},"class_list":["post-20704","page","type-page","status-publish","hentry"],"yoast_head":"<!-- This site is optimized with the Yoast SEO plugin v27.3 - https:\/\/yoast.com\/product\/yoast-seo-wordpress\/ -->\n<title>ACTIVIDADES CENTRALES DE LA CAMPA\u00d1A - Itaka-Escolapios<\/title>\n<meta name=\"robots\" content=\"index, follow, max-snippet:-1, max-image-preview:large, max-video-preview:-1\" \/>\n<link rel=\"canonical\" href=\"https:\/\/www.itakaescolapios.org\/es\/campanas\/2017-2018-el-tesoro-de-senegal\/actividades-centrales-de-la-campana\/\" \/>\n<meta property=\"og:locale\" content=\"es_ES\" \/>\n<meta property=\"og:type\" content=\"article\" \/>\n<meta property=\"og:title\" content=\"ACTIVIDADES CENTRALES DE LA CAMPA\u00d1A - Itaka-Escolapios\" \/>\n<meta property=\"og:description\" content=\"Los exploradores de Itaka-Escolapios nos han preparado seis actividades que tienen como objetivo presentar la realidad de Senegal, lugar en el que est\u00e1n presentes los escolapios desde hace m\u00e1s de [&hellip;]\" \/>\n<meta property=\"og:url\" content=\"https:\/\/www.itakaescolapios.org\/es\/campanas\/2017-2018-el-tesoro-de-senegal\/actividades-centrales-de-la-campana\/\" \/>\n<meta property=\"og:site_name\" content=\"Itaka-Escolapios\" \/>\n<meta property=\"article:modified_time\" content=\"2023-11-28T11:37:48+00:00\" \/>\n<meta name=\"twitter:card\" content=\"summary_large_image\" \/>\n<meta name=\"twitter:label1\" content=\"Tiempo de lectura\" \/>\n\t<meta name=\"twitter:data1\" content=\"3 minutos\" \/>\n<script type=\"application\/ld+json\" class=\"yoast-schema-graph\">{\"@context\":\"https:\\\/\\\/schema.org\",\"@graph\":[{\"@type\":\"WebPage\",\"@id\":\"https:\\\/\\\/www.itakaescolapios.org\\\/es\\\/campanas\\\/2017-2018-el-tesoro-de-senegal\\\/actividades-centrales-de-la-campana\\\/\",\"url\":\"https:\\\/\\\/www.itakaescolapios.org\\\/es\\\/campanas\\\/2017-2018-el-tesoro-de-senegal\\\/actividades-centrales-de-la-campana\\\/\",\"name\":\"ACTIVIDADES CENTRALES DE LA CAMPA\u00d1A - Itaka-Escolapios\",\"isPartOf\":{\"@id\":\"https:\\\/\\\/www.itakaescolapios.org\\\/es\\\/#website\"},\"datePublished\":\"2017-10-30T11:01:05+00:00\",\"dateModified\":\"2023-11-28T11:37:48+00:00\",\"breadcrumb\":{\"@id\":\"https:\\\/\\\/www.itakaescolapios.org\\\/es\\\/campanas\\\/2017-2018-el-tesoro-de-senegal\\\/actividades-centrales-de-la-campana\\\/#breadcrumb\"},\"inLanguage\":\"es\",\"potentialAction\":[{\"@type\":\"ReadAction\",\"target\":[\"https:\\\/\\\/www.itakaescolapios.org\\\/es\\\/campanas\\\/2017-2018-el-tesoro-de-senegal\\\/actividades-centrales-de-la-campana\\\/\"]}]},{\"@type\":\"BreadcrumbList\",\"@id\":\"https:\\\/\\\/www.itakaescolapios.org\\\/es\\\/campanas\\\/2017-2018-el-tesoro-de-senegal\\\/actividades-centrales-de-la-campana\\\/#breadcrumb\",\"itemListElement\":[{\"@type\":\"ListItem\",\"position\":1,\"name\":\"Portada\",\"item\":\"https:\\\/\\\/www.itakaescolapios.org\\\/es\\\/\"},{\"@type\":\"ListItem\",\"position\":2,\"name\":\"Campa\u00f1as\",\"item\":\"https:\\\/\\\/www.itakaescolapios.org\\\/es\\\/campanas\\\/\"},{\"@type\":\"ListItem\",\"position\":3,\"name\":\"2017-2018 EL TESORO DE SENEGAL\",\"item\":\"https:\\\/\\\/www.itakaescolapios.org\\\/es\\\/campanas\\\/2017-2018-el-tesoro-de-senegal\\\/\"},{\"@type\":\"ListItem\",\"position\":4,\"name\":\"ACTIVIDADES CENTRALES DE LA CAMPA\u00d1A\"}]},{\"@type\":\"WebSite\",\"@id\":\"https:\\\/\\\/www.itakaescolapios.org\\\/es\\\/#website\",\"url\":\"https:\\\/\\\/www.itakaescolapios.org\\\/es\\\/\",\"name\":\"Itaka-Escolapios\",\"description\":\"Red de Itaka-Escolapios\",\"publisher\":{\"@id\":\"https:\\\/\\\/www.itakaescolapios.org\\\/es\\\/#organization\"},\"potentialAction\":[{\"@type\":\"SearchAction\",\"target\":{\"@type\":\"EntryPoint\",\"urlTemplate\":\"https:\\\/\\\/www.itakaescolapios.org\\\/es\\\/?s={search_term_string}\"},\"query-input\":{\"@type\":\"PropertyValueSpecification\",\"valueRequired\":true,\"valueName\":\"search_term_string\"}}],\"inLanguage\":\"es\"},{\"@type\":\"Organization\",\"@id\":\"https:\\\/\\\/www.itakaescolapios.org\\\/es\\\/#organization\",\"name\":\"Fundaci\u00f3 Itaka-Escolapios\",\"url\":\"https:\\\/\\\/www.itakaescolapios.org\\\/es\\\/\",\"logo\":{\"@type\":\"ImageObject\",\"inLanguage\":\"es\",\"@id\":\"https:\\\/\\\/www.itakaescolapios.org\\\/es\\\/#\\\/schema\\\/logo\\\/image\\\/\",\"url\":\"https:\\\/\\\/www.itakaescolapios.org\\\/wp-content\\\/uploads\\\/2024\\\/04\\\/Logo-itakaescolapios-peque.png\",\"contentUrl\":\"https:\\\/\\\/www.itakaescolapios.org\\\/wp-content\\\/uploads\\\/2024\\\/04\\\/Logo-itakaescolapios-peque.png\",\"width\":500,\"height\":199,\"caption\":\"Fundaci\u00f3 Itaka-Escolapios\"},\"image\":{\"@id\":\"https:\\\/\\\/www.itakaescolapios.org\\\/es\\\/#\\\/schema\\\/logo\\\/image\\\/\"}}]}<\/script>\n<!-- \/ Yoast SEO plugin. -->","yoast_head_json":{"title":"ACTIVIDADES CENTRALES DE LA CAMPA\u00d1A - Itaka-Escolapios","robots":{"index":"index","follow":"follow","max-snippet":"max-snippet:-1","max-image-preview":"max-image-preview:large","max-video-preview":"max-video-preview:-1"},"canonical":"https:\/\/www.itakaescolapios.org\/es\/campanas\/2017-2018-el-tesoro-de-senegal\/actividades-centrales-de-la-campana\/","og_locale":"es_ES","og_type":"article","og_title":"ACTIVIDADES CENTRALES DE LA CAMPA\u00d1A - Itaka-Escolapios","og_description":"Los exploradores de Itaka-Escolapios nos han preparado seis actividades que tienen como objetivo presentar la realidad de Senegal, lugar en el que est\u00e1n presentes los escolapios desde hace m\u00e1s de [&hellip;]","og_url":"https:\/\/www.itakaescolapios.org\/es\/campanas\/2017-2018-el-tesoro-de-senegal\/actividades-centrales-de-la-campana\/","og_site_name":"Itaka-Escolapios","article_modified_time":"2023-11-28T11:37:48+00:00","twitter_card":"summary_large_image","twitter_misc":{"Tiempo de lectura":"3 minutos"},"schema":{"@context":"https:\/\/schema.org","@graph":[{"@type":"WebPage","@id":"https:\/\/www.itakaescolapios.org\/es\/campanas\/2017-2018-el-tesoro-de-senegal\/actividades-centrales-de-la-campana\/","url":"https:\/\/www.itakaescolapios.org\/es\/campanas\/2017-2018-el-tesoro-de-senegal\/actividades-centrales-de-la-campana\/","name":"ACTIVIDADES CENTRALES DE LA CAMPA\u00d1A - Itaka-Escolapios","isPartOf":{"@id":"https:\/\/www.itakaescolapios.org\/es\/#website"},"datePublished":"2017-10-30T11:01:05+00:00","dateModified":"2023-11-28T11:37:48+00:00","breadcrumb":{"@id":"https:\/\/www.itakaescolapios.org\/es\/campanas\/2017-2018-el-tesoro-de-senegal\/actividades-centrales-de-la-campana\/#breadcrumb"},"inLanguage":"es","potentialAction":[{"@type":"ReadAction","target":["https:\/\/www.itakaescolapios.org\/es\/campanas\/2017-2018-el-tesoro-de-senegal\/actividades-centrales-de-la-campana\/"]}]},{"@type":"BreadcrumbList","@id":"https:\/\/www.itakaescolapios.org\/es\/campanas\/2017-2018-el-tesoro-de-senegal\/actividades-centrales-de-la-campana\/#breadcrumb","itemListElement":[{"@type":"ListItem","position":1,"name":"Portada","item":"https:\/\/www.itakaescolapios.org\/es\/"},{"@type":"ListItem","position":2,"name":"Campa\u00f1as","item":"https:\/\/www.itakaescolapios.org\/es\/campanas\/"},{"@type":"ListItem","position":3,"name":"2017-2018 EL TESORO DE SENEGAL","item":"https:\/\/www.itakaescolapios.org\/es\/campanas\/2017-2018-el-tesoro-de-senegal\/"},{"@type":"ListItem","position":4,"name":"ACTIVIDADES CENTRALES DE LA CAMPA\u00d1A"}]},{"@type":"WebSite","@id":"https:\/\/www.itakaescolapios.org\/es\/#website","url":"https:\/\/www.itakaescolapios.org\/es\/","name":"Itaka-Escolapios","description":"Red de Itaka-Escolapios","publisher":{"@id":"https:\/\/www.itakaescolapios.org\/es\/#organization"},"potentialAction":[{"@type":"SearchAction","target":{"@type":"EntryPoint","urlTemplate":"https:\/\/www.itakaescolapios.org\/es\/?s={search_term_string}"},"query-input":{"@type":"PropertyValueSpecification","valueRequired":true,"valueName":"search_term_string"}}],"inLanguage":"es"},{"@type":"Organization","@id":"https:\/\/www.itakaescolapios.org\/es\/#organization","name":"Fundaci\u00f3 Itaka-Escolapios","url":"https:\/\/www.itakaescolapios.org\/es\/","logo":{"@type":"ImageObject","inLanguage":"es","@id":"https:\/\/www.itakaescolapios.org\/es\/#\/schema\/logo\/image\/","url":"https:\/\/www.itakaescolapios.org\/wp-content\/uploads\/2024\/04\/Logo-itakaescolapios-peque.png","contentUrl":"https:\/\/www.itakaescolapios.org\/wp-content\/uploads\/2024\/04\/Logo-itakaescolapios-peque.png","width":500,"height":199,"caption":"Fundaci\u00f3 Itaka-Escolapios"},"image":{"@id":"https:\/\/www.itakaescolapios.org\/es\/#\/schema\/logo\/image\/"}}]}},"_links":{"self":[{"href":"https:\/\/www.itakaescolapios.org\/es\/wp-json\/wp\/v2\/pages\/20704","targetHints":{"allow":["GET"]}}],"collection":[{"href":"https:\/\/www.itakaescolapios.org\/es\/wp-json\/wp\/v2\/pages"}],"about":[{"href":"https:\/\/www.itakaescolapios.org\/es\/wp-json\/wp\/v2\/types\/page"}],"author":[{"embeddable":true,"href":"https:\/\/www.itakaescolapios.org\/es\/wp-json\/wp\/v2\/users\/46"}],"replies":[{"embeddable":true,"href":"https:\/\/www.itakaescolapios.org\/es\/wp-json\/wp\/v2\/comments?post=20704"}],"version-history":[{"count":66,"href":"https:\/\/www.itakaescolapios.org\/es\/wp-json\/wp\/v2\/pages\/20704\/revisions"}],"predecessor-version":[{"id":47290,"href":"https:\/\/www.itakaescolapios.org\/es\/wp-json\/wp\/v2\/pages\/20704\/revisions\/47290"}],"up":[{"embeddable":true,"href":"https:\/\/www.itakaescolapios.org\/es\/wp-json\/wp\/v2\/pages\/20613"}],"wp:attachment":[{"href":"https:\/\/www.itakaescolapios.org\/es\/wp-json\/wp\/v2\/media?parent=20704"}],"curies":[{"name":"wp","href":"https:\/\/api.w.org\/{rel}","templated":true}]}}