{"id":21141,"date":"2017-11-22T12:03:57","date_gmt":"2017-11-22T11:03:57","guid":{"rendered":"https:\/\/www.itakaescolapios.org\/?page_id=21141"},"modified":"2023-11-28T12:37:46","modified_gmt":"2023-11-28T11:37:46","slug":"internado-de-mlomp-senegal","status":"publish","type":"page","link":"https:\/\/www.itakaescolapios.org\/es\/que-hacemos\/internados\/internado-de-mlomp-senegal\/","title":{"rendered":"INTERNADO DE MLOMP (SENEGAL)"},"content":{"rendered":"<p>El internado de Mlomp proporciona una respuesta a las dificultades educativas que algunas familias encuentran en la aldea y sus alrededores. Este internado est\u00e1 a 9 km del de\u00a0<a title=\"INTERNADO DE OUSSOUYE (SENEGAL)\" href=\"https:\/\/www.itakaescolapios.org\/que-hacemos\/internados\/internado-de-oussouye-senegal\/\">Oussouye<\/a>. Apoya a los padres y madres que tienen problemas con el alojamiento de sus hijos que vienen a estudiar de los pueblos y aldeas circundantes de la regi\u00f3n: Elinkine, de las islas, Ziguinchor, Bignona&#8230; Tambi\u00e9n hay que tener en cuenta que muchas familias de otras regiones fuera de Ziguinchor env\u00edan a sus hijos all\u00ed por razones personales o relacionadas con la calidad de la educaci\u00f3n en el territorio.<\/p>\n<p>El mayor reto del internado de Mlomp es ayudar a las familias en su misi\u00f3n educativa. Gracias al clima que ofrece el internado, los internos ganan mucho en valores: solidaridad, fraternidad, respeto al pr\u00f3jimo, convivencia, tolerancia religiosa, interculturalidad, sacrificio escolar, esp\u00edritu de grupo, descubrimiento de las nuevas realidades del pa\u00eds&#8230; Salen con un plus que les permitir\u00e1 luchar a nivel acad\u00e9mico y social para triunfar en la vida profesional e incluso social.<\/p>\n<p>El internado proporciona un n\u00famero reducido de plazas pero propicio para favorecer el desarrollo de los ni\u00f1os en todos los niveles y satisfacer las necesidades de la poblaci\u00f3n rural y urbana.\u00a0Todo este trabajo realizado por los Padres Escolapios responde a su vocaci\u00f3n, que consiste en evangelizar educando a los ni\u00f1os y j\u00f3venes, especialmente a los m\u00e1s pobres, a trav\u00e9s de su lema: piedad y letras. Los padres sienten que son apoyados en su trabajo por los Padres Escolapios. El a\u00f1o escolar 2016-2017, este internado mixto ha alojado a 25 internos y todos est\u00e1n estudiando en el colegio escolapio de Kadjinolle. Todos los candidatos que presentaron su candidatura al BFEM han superado el examen estatal de 100\/100.<\/p>\n","protected":false},"excerpt":{"rendered":"<p>El internado de Mlomp proporciona una respuesta a las dificultades educativas que algunas familias encuentran en la aldea y sus alrededores. Este internado est\u00e1 a 9 km del de\u00a0Oussouye. Apoya [&hellip;]<\/p>\n","protected":false},"author":46,"featured_media":21145,"parent":93,"menu_order":10,"comment_status":"closed","ping_status":"closed","template":"","meta":{"_et_pb_use_builder":"","_et_pb_old_content":"","_et_gb_content_width":"","footnotes":""},"class_list":["post-21141","page","type-page","status-publish","has-post-thumbnail","hentry"],"yoast_head":"<!-- This site is optimized with the Yoast SEO plugin v27.3 - https:\/\/yoast.com\/product\/yoast-seo-wordpress\/ -->\n<title>INTERNADO DE MLOMP (SENEGAL) - Itaka-Escolapios<\/title>\n<meta name=\"robots\" content=\"index, follow, max-snippet:-1, max-image-preview:large, max-video-preview:-1\" \/>\n<link rel=\"canonical\" href=\"https:\/\/www.itakaescolapios.org\/es\/que-hacemos\/internados\/internado-de-mlomp-senegal\/\" \/>\n<meta property=\"og:locale\" content=\"es_ES\" \/>\n<meta property=\"og:type\" content=\"article\" \/>\n<meta property=\"og:title\" content=\"INTERNADO DE MLOMP (SENEGAL) - Itaka-Escolapios\" \/>\n<meta property=\"og:description\" content=\"El internado de Mlomp proporciona una respuesta a las dificultades educativas que algunas familias encuentran en la aldea y sus alrededores. Este internado est\u00e1 a 9 km del de\u00a0Oussouye. Apoya [&hellip;]\" \/>\n<meta property=\"og:url\" content=\"https:\/\/www.itakaescolapios.org\/es\/que-hacemos\/internados\/internado-de-mlomp-senegal\/\" \/>\n<meta property=\"og:site_name\" content=\"Itaka-Escolapios\" \/>\n<meta property=\"article:modified_time\" content=\"2023-11-28T11:37:46+00:00\" \/>\n<meta property=\"og:image\" content=\"https:\/\/www.itakaescolapios.org\/wp-content\/uploads\/2017\/11\/Internat-de-Mlomp-1.jpg\" \/>\n\t<meta property=\"og:image:width\" content=\"1280\" \/>\n\t<meta property=\"og:image:height\" content=\"720\" \/>\n\t<meta property=\"og:image:type\" content=\"image\/jpeg\" \/>\n<meta name=\"twitter:card\" content=\"summary_large_image\" \/>\n<meta name=\"twitter:label1\" content=\"Tiempo de lectura\" \/>\n\t<meta name=\"twitter:data1\" content=\"2 minutos\" \/>\n<script type=\"application\/ld+json\" class=\"yoast-schema-graph\">{\"@context\":\"https:\\\/\\\/schema.org\",\"@graph\":[{\"@type\":\"WebPage\",\"@id\":\"https:\\\/\\\/www.itakaescolapios.org\\\/es\\\/que-hacemos\\\/internados\\\/internado-de-mlomp-senegal\\\/\",\"url\":\"https:\\\/\\\/www.itakaescolapios.org\\\/es\\\/que-hacemos\\\/internados\\\/internado-de-mlomp-senegal\\\/\",\"name\":\"INTERNADO DE MLOMP (SENEGAL) - Itaka-Escolapios\",\"isPartOf\":{\"@id\":\"https:\\\/\\\/www.itakaescolapios.org\\\/es\\\/#website\"},\"primaryImageOfPage\":{\"@id\":\"https:\\\/\\\/www.itakaescolapios.org\\\/es\\\/que-hacemos\\\/internados\\\/internado-de-mlomp-senegal\\\/#primaryimage\"},\"image\":{\"@id\":\"https:\\\/\\\/www.itakaescolapios.org\\\/es\\\/que-hacemos\\\/internados\\\/internado-de-mlomp-senegal\\\/#primaryimage\"},\"thumbnailUrl\":\"https:\\\/\\\/www.itakaescolapios.org\\\/wp-content\\\/uploads\\\/2017\\\/11\\\/Internat-de-Mlomp-1.jpg\",\"datePublished\":\"2017-11-22T11:03:57+00:00\",\"dateModified\":\"2023-11-28T11:37:46+00:00\",\"breadcrumb\":{\"@id\":\"https:\\\/\\\/www.itakaescolapios.org\\\/es\\\/que-hacemos\\\/internados\\\/internado-de-mlomp-senegal\\\/#breadcrumb\"},\"inLanguage\":\"es\",\"potentialAction\":[{\"@type\":\"ReadAction\",\"target\":[\"https:\\\/\\\/www.itakaescolapios.org\\\/es\\\/que-hacemos\\\/internados\\\/internado-de-mlomp-senegal\\\/\"]}]},{\"@type\":\"ImageObject\",\"inLanguage\":\"es\",\"@id\":\"https:\\\/\\\/www.itakaescolapios.org\\\/es\\\/que-hacemos\\\/internados\\\/internado-de-mlomp-senegal\\\/#primaryimage\",\"url\":\"https:\\\/\\\/www.itakaescolapios.org\\\/wp-content\\\/uploads\\\/2017\\\/11\\\/Internat-de-Mlomp-1.jpg\",\"contentUrl\":\"https:\\\/\\\/www.itakaescolapios.org\\\/wp-content\\\/uploads\\\/2017\\\/11\\\/Internat-de-Mlomp-1.jpg\",\"width\":1280,\"height\":720},{\"@type\":\"BreadcrumbList\",\"@id\":\"https:\\\/\\\/www.itakaescolapios.org\\\/es\\\/que-hacemos\\\/internados\\\/internado-de-mlomp-senegal\\\/#breadcrumb\",\"itemListElement\":[{\"@type\":\"ListItem\",\"position\":1,\"name\":\"Portada\",\"item\":\"https:\\\/\\\/www.itakaescolapios.org\\\/es\\\/\"},{\"@type\":\"ListItem\",\"position\":2,\"name\":\"Qu\u00e9 hacemos\",\"item\":\"https:\\\/\\\/www.itakaescolapios.org\\\/es\\\/que-hacemos\\\/\"},{\"@type\":\"ListItem\",\"position\":3,\"name\":\"Internados\",\"item\":\"https:\\\/\\\/www.itakaescolapios.org\\\/es\\\/que-hacemos\\\/internados\\\/\"},{\"@type\":\"ListItem\",\"position\":4,\"name\":\"INTERNADO DE MLOMP (SENEGAL)\"}]},{\"@type\":\"WebSite\",\"@id\":\"https:\\\/\\\/www.itakaescolapios.org\\\/es\\\/#website\",\"url\":\"https:\\\/\\\/www.itakaescolapios.org\\\/es\\\/\",\"name\":\"Itaka-Escolapios\",\"description\":\"Red de Itaka-Escolapios\",\"publisher\":{\"@id\":\"https:\\\/\\\/www.itakaescolapios.org\\\/es\\\/#organization\"},\"potentialAction\":[{\"@type\":\"SearchAction\",\"target\":{\"@type\":\"EntryPoint\",\"urlTemplate\":\"https:\\\/\\\/www.itakaescolapios.org\\\/es\\\/?s={search_term_string}\"},\"query-input\":{\"@type\":\"PropertyValueSpecification\",\"valueRequired\":true,\"valueName\":\"search_term_string\"}}],\"inLanguage\":\"es\"},{\"@type\":\"Organization\",\"@id\":\"https:\\\/\\\/www.itakaescolapios.org\\\/es\\\/#organization\",\"name\":\"Fundaci\u00f3 Itaka-Escolapios\",\"url\":\"https:\\\/\\\/www.itakaescolapios.org\\\/es\\\/\",\"logo\":{\"@type\":\"ImageObject\",\"inLanguage\":\"es\",\"@id\":\"https:\\\/\\\/www.itakaescolapios.org\\\/es\\\/#\\\/schema\\\/logo\\\/image\\\/\",\"url\":\"https:\\\/\\\/www.itakaescolapios.org\\\/wp-content\\\/uploads\\\/2024\\\/04\\\/Logo-itakaescolapios-peque.png\",\"contentUrl\":\"https:\\\/\\\/www.itakaescolapios.org\\\/wp-content\\\/uploads\\\/2024\\\/04\\\/Logo-itakaescolapios-peque.png\",\"width\":500,\"height\":199,\"caption\":\"Fundaci\u00f3 Itaka-Escolapios\"},\"image\":{\"@id\":\"https:\\\/\\\/www.itakaescolapios.org\\\/es\\\/#\\\/schema\\\/logo\\\/image\\\/\"}}]}<\/script>\n<!-- \/ Yoast SEO plugin. -->","yoast_head_json":{"title":"INTERNADO DE MLOMP (SENEGAL) - Itaka-Escolapios","robots":{"index":"index","follow":"follow","max-snippet":"max-snippet:-1","max-image-preview":"max-image-preview:large","max-video-preview":"max-video-preview:-1"},"canonical":"https:\/\/www.itakaescolapios.org\/es\/que-hacemos\/internados\/internado-de-mlomp-senegal\/","og_locale":"es_ES","og_type":"article","og_title":"INTERNADO DE MLOMP (SENEGAL) - Itaka-Escolapios","og_description":"El internado de Mlomp proporciona una respuesta a las dificultades educativas que algunas familias encuentran en la aldea y sus alrededores. Este internado est\u00e1 a 9 km del de\u00a0Oussouye. Apoya [&hellip;]","og_url":"https:\/\/www.itakaescolapios.org\/es\/que-hacemos\/internados\/internado-de-mlomp-senegal\/","og_site_name":"Itaka-Escolapios","article_modified_time":"2023-11-28T11:37:46+00:00","og_image":[{"width":1280,"height":720,"url":"https:\/\/www.itakaescolapios.org\/wp-content\/uploads\/2017\/11\/Internat-de-Mlomp-1.jpg","type":"image\/jpeg"}],"twitter_card":"summary_large_image","twitter_misc":{"Tiempo de lectura":"2 minutos"},"schema":{"@context":"https:\/\/schema.org","@graph":[{"@type":"WebPage","@id":"https:\/\/www.itakaescolapios.org\/es\/que-hacemos\/internados\/internado-de-mlomp-senegal\/","url":"https:\/\/www.itakaescolapios.org\/es\/que-hacemos\/internados\/internado-de-mlomp-senegal\/","name":"INTERNADO DE MLOMP (SENEGAL) - Itaka-Escolapios","isPartOf":{"@id":"https:\/\/www.itakaescolapios.org\/es\/#website"},"primaryImageOfPage":{"@id":"https:\/\/www.itakaescolapios.org\/es\/que-hacemos\/internados\/internado-de-mlomp-senegal\/#primaryimage"},"image":{"@id":"https:\/\/www.itakaescolapios.org\/es\/que-hacemos\/internados\/internado-de-mlomp-senegal\/#primaryimage"},"thumbnailUrl":"https:\/\/www.itakaescolapios.org\/wp-content\/uploads\/2017\/11\/Internat-de-Mlomp-1.jpg","datePublished":"2017-11-22T11:03:57+00:00","dateModified":"2023-11-28T11:37:46+00:00","breadcrumb":{"@id":"https:\/\/www.itakaescolapios.org\/es\/que-hacemos\/internados\/internado-de-mlomp-senegal\/#breadcrumb"},"inLanguage":"es","potentialAction":[{"@type":"ReadAction","target":["https:\/\/www.itakaescolapios.org\/es\/que-hacemos\/internados\/internado-de-mlomp-senegal\/"]}]},{"@type":"ImageObject","inLanguage":"es","@id":"https:\/\/www.itakaescolapios.org\/es\/que-hacemos\/internados\/internado-de-mlomp-senegal\/#primaryimage","url":"https:\/\/www.itakaescolapios.org\/wp-content\/uploads\/2017\/11\/Internat-de-Mlomp-1.jpg","contentUrl":"https:\/\/www.itakaescolapios.org\/wp-content\/uploads\/2017\/11\/Internat-de-Mlomp-1.jpg","width":1280,"height":720},{"@type":"BreadcrumbList","@id":"https:\/\/www.itakaescolapios.org\/es\/que-hacemos\/internados\/internado-de-mlomp-senegal\/#breadcrumb","itemListElement":[{"@type":"ListItem","position":1,"name":"Portada","item":"https:\/\/www.itakaescolapios.org\/es\/"},{"@type":"ListItem","position":2,"name":"Qu\u00e9 hacemos","item":"https:\/\/www.itakaescolapios.org\/es\/que-hacemos\/"},{"@type":"ListItem","position":3,"name":"Internados","item":"https:\/\/www.itakaescolapios.org\/es\/que-hacemos\/internados\/"},{"@type":"ListItem","position":4,"name":"INTERNADO DE MLOMP (SENEGAL)"}]},{"@type":"WebSite","@id":"https:\/\/www.itakaescolapios.org\/es\/#website","url":"https:\/\/www.itakaescolapios.org\/es\/","name":"Itaka-Escolapios","description":"Red de Itaka-Escolapios","publisher":{"@id":"https:\/\/www.itakaescolapios.org\/es\/#organization"},"potentialAction":[{"@type":"SearchAction","target":{"@type":"EntryPoint","urlTemplate":"https:\/\/www.itakaescolapios.org\/es\/?s={search_term_string}"},"query-input":{"@type":"PropertyValueSpecification","valueRequired":true,"valueName":"search_term_string"}}],"inLanguage":"es"},{"@type":"Organization","@id":"https:\/\/www.itakaescolapios.org\/es\/#organization","name":"Fundaci\u00f3 Itaka-Escolapios","url":"https:\/\/www.itakaescolapios.org\/es\/","logo":{"@type":"ImageObject","inLanguage":"es","@id":"https:\/\/www.itakaescolapios.org\/es\/#\/schema\/logo\/image\/","url":"https:\/\/www.itakaescolapios.org\/wp-content\/uploads\/2024\/04\/Logo-itakaescolapios-peque.png","contentUrl":"https:\/\/www.itakaescolapios.org\/wp-content\/uploads\/2024\/04\/Logo-itakaescolapios-peque.png","width":500,"height":199,"caption":"Fundaci\u00f3 Itaka-Escolapios"},"image":{"@id":"https:\/\/www.itakaescolapios.org\/es\/#\/schema\/logo\/image\/"}}]}},"_links":{"self":[{"href":"https:\/\/www.itakaescolapios.org\/es\/wp-json\/wp\/v2\/pages\/21141","targetHints":{"allow":["GET"]}}],"collection":[{"href":"https:\/\/www.itakaescolapios.org\/es\/wp-json\/wp\/v2\/pages"}],"about":[{"href":"https:\/\/www.itakaescolapios.org\/es\/wp-json\/wp\/v2\/types\/page"}],"author":[{"embeddable":true,"href":"https:\/\/www.itakaescolapios.org\/es\/wp-json\/wp\/v2\/users\/46"}],"replies":[{"embeddable":true,"href":"https:\/\/www.itakaescolapios.org\/es\/wp-json\/wp\/v2\/comments?post=21141"}],"version-history":[{"count":3,"href":"https:\/\/www.itakaescolapios.org\/es\/wp-json\/wp\/v2\/pages\/21141\/revisions"}],"predecessor-version":[{"id":47244,"href":"https:\/\/www.itakaescolapios.org\/es\/wp-json\/wp\/v2\/pages\/21141\/revisions\/47244"}],"up":[{"embeddable":true,"href":"https:\/\/www.itakaescolapios.org\/es\/wp-json\/wp\/v2\/pages\/93"}],"wp:featuredmedia":[{"embeddable":true,"href":"https:\/\/www.itakaescolapios.org\/es\/wp-json\/wp\/v2\/media\/21145"}],"wp:attachment":[{"href":"https:\/\/www.itakaescolapios.org\/es\/wp-json\/wp\/v2\/media?parent=21141"}],"curies":[{"name":"wp","href":"https:\/\/api.w.org\/{rel}","templated":true}]}}