{"id":21389,"date":"2017-12-10T14:30:25","date_gmt":"2017-12-10T13:30:25","guid":{"rendered":"https:\/\/www.itakaescolapios.org\/?page_id=21389"},"modified":"2023-11-28T12:37:44","modified_gmt":"2023-11-28T11:37:44","slug":"internado-de-toubacouta-senegal","status":"publish","type":"page","link":"https:\/\/www.itakaescolapios.org\/es\/que-hacemos\/internados\/internado-de-toubacouta-senegal\/","title":{"rendered":"Internado de Toubacouta (Senegal)"},"content":{"rendered":"<p>El internado mixto de Toubacouta se encuentra a unos treinta kilometros de <a title=\"Internado de Sokone (Senegal)\" href=\"https:\/\/www.itakaescolapios.org\/que-hacemos\/internados\/internado-de-sokone-senegal\/\">Sokone<\/a>, en el camino hacia la frontera con Gambia. Es una zona con dos caras: hoteles y campamentos tur\u00edsticos por un lado, y pueblos pobres donde los habitantes env\u00edan a sus hijos a estudiar en la \u00fanica escuela de la regi\u00f3n. Este a\u00f1o 2016-2017 acogi\u00f3 a 42 ni\u00f1os y adolescentes, entre ellos 10 ni\u00f1as. Esto muestra la baja asistencia escolar de las ni\u00f1as en la comunidad; para algunas culturas, incluso hoy d\u00eda, el lugar de la ni\u00f1a est\u00e1 en el hogar. Por esta raz\u00f3n, tener m\u00e1s ni\u00f1as es un gran desaf\u00edo para nuestro internado. Tambi\u00e9n hay otras internas que vienen de las grandes ciudades que todav\u00eda tienen el mismo problema de educaci\u00f3n en estas \u00e1reas urbanas.<\/p>\n<p>Una de las ventajas de este internado es su proximidad al Liceo p\u00fablico, que permite a los ni\u00f1os estar m\u00e1s cerca de la escuela, tener m\u00e1s tiempo para estudiar, familiarizarse con los profesores&#8230; En los \u00faltimos 3 a\u00f1os, se ha establecido una universidad privada y algunos internos est\u00e1n estudiando en la universidad. Esto marca la diversidad de los cursos que reciben y la diferencia en la calidad de la ense\u00f1anza sin menoscabo de la fraternidad que existe en el sitio.<\/p>\n<p>En Toubacouta, los ni\u00f1os aprenden a vivir juntos en el respeto mutuo. Est\u00e1n all\u00ed para relevar a sus padres y madres en su pesada tarea de acompa\u00f1arles en los estudios y tambi\u00e9n porque no pueden garantizar su presencia, su apoyo financiero y su seguimiento. Los escolapios todav\u00eda est\u00e1n presentes en esta comunidad para apoyar a los padres y madres en su misi\u00f3n a trav\u00e9s del internado. En el mismo, todos estos ni\u00f1os conocer\u00e1n la importancia de la educaci\u00f3n, el sacrificio del trabajo intelectual, la importancia del respeto a los dem\u00e1s, la importancia de la tolerancia religiosa, la solidaridad, la importancia del respeto al bien com\u00fan y la convivencia entre chicos y chicas.<\/p>\n<p>Hoy en d\u00eda, es necesario rehabilitar los edificios para una vida m\u00e1s adecuada los internos y educadores y dar m\u00e1s dignidad a estos ni\u00f1os que vienen all\u00ed para aprender a vivir, hacer y ser.<\/p>\n","protected":false},"excerpt":{"rendered":"<p>El internado mixto de Toubacouta se encuentra a unos treinta kilometros de Sokone, en el camino hacia la frontera con Gambia. Es una zona con dos caras: hoteles y campamentos [&hellip;]<\/p>\n","protected":false},"author":46,"featured_media":21393,"parent":93,"menu_order":8,"comment_status":"closed","ping_status":"closed","template":"","meta":{"_et_pb_use_builder":"","_et_pb_old_content":"","_et_gb_content_width":"","footnotes":""},"class_list":["post-21389","page","type-page","status-publish","has-post-thumbnail","hentry"],"yoast_head":"<!-- This site is optimized with the Yoast SEO plugin v27.3 - https:\/\/yoast.com\/product\/yoast-seo-wordpress\/ -->\n<title>Internado de Toubacouta (Senegal) - Itaka-Escolapios<\/title>\n<meta name=\"robots\" content=\"index, follow, max-snippet:-1, max-image-preview:large, max-video-preview:-1\" \/>\n<link rel=\"canonical\" href=\"https:\/\/www.itakaescolapios.org\/es\/que-hacemos\/internados\/internado-de-toubacouta-senegal\/\" \/>\n<meta property=\"og:locale\" content=\"es_ES\" \/>\n<meta property=\"og:type\" content=\"article\" \/>\n<meta property=\"og:title\" content=\"Internado de Toubacouta (Senegal) - Itaka-Escolapios\" \/>\n<meta property=\"og:description\" content=\"El internado mixto de Toubacouta se encuentra a unos treinta kilometros de Sokone, en el camino hacia la frontera con Gambia. Es una zona con dos caras: hoteles y campamentos [&hellip;]\" \/>\n<meta property=\"og:url\" content=\"https:\/\/www.itakaescolapios.org\/es\/que-hacemos\/internados\/internado-de-toubacouta-senegal\/\" \/>\n<meta property=\"og:site_name\" content=\"Itaka-Escolapios\" \/>\n<meta property=\"article:modified_time\" content=\"2023-11-28T11:37:44+00:00\" \/>\n<meta property=\"og:image\" content=\"https:\/\/www.itakaescolapios.org\/wp-content\/uploads\/2017\/12\/Toubacouta-4.jpg\" \/>\n\t<meta property=\"og:image:width\" content=\"1500\" \/>\n\t<meta property=\"og:image:height\" content=\"888\" \/>\n\t<meta property=\"og:image:type\" content=\"image\/jpeg\" \/>\n<meta name=\"twitter:card\" content=\"summary_large_image\" \/>\n<meta name=\"twitter:label1\" content=\"Tiempo de lectura\" \/>\n\t<meta name=\"twitter:data1\" content=\"2 minutos\" \/>\n<script type=\"application\/ld+json\" class=\"yoast-schema-graph\">{\"@context\":\"https:\\\/\\\/schema.org\",\"@graph\":[{\"@type\":\"WebPage\",\"@id\":\"https:\\\/\\\/www.itakaescolapios.org\\\/es\\\/que-hacemos\\\/internados\\\/internado-de-toubacouta-senegal\\\/\",\"url\":\"https:\\\/\\\/www.itakaescolapios.org\\\/es\\\/que-hacemos\\\/internados\\\/internado-de-toubacouta-senegal\\\/\",\"name\":\"Internado de Toubacouta (Senegal) - Itaka-Escolapios\",\"isPartOf\":{\"@id\":\"https:\\\/\\\/www.itakaescolapios.org\\\/es\\\/#website\"},\"primaryImageOfPage\":{\"@id\":\"https:\\\/\\\/www.itakaescolapios.org\\\/es\\\/que-hacemos\\\/internados\\\/internado-de-toubacouta-senegal\\\/#primaryimage\"},\"image\":{\"@id\":\"https:\\\/\\\/www.itakaescolapios.org\\\/es\\\/que-hacemos\\\/internados\\\/internado-de-toubacouta-senegal\\\/#primaryimage\"},\"thumbnailUrl\":\"https:\\\/\\\/www.itakaescolapios.org\\\/wp-content\\\/uploads\\\/2017\\\/12\\\/Toubacouta-4.jpg\",\"datePublished\":\"2017-12-10T13:30:25+00:00\",\"dateModified\":\"2023-11-28T11:37:44+00:00\",\"breadcrumb\":{\"@id\":\"https:\\\/\\\/www.itakaescolapios.org\\\/es\\\/que-hacemos\\\/internados\\\/internado-de-toubacouta-senegal\\\/#breadcrumb\"},\"inLanguage\":\"es\",\"potentialAction\":[{\"@type\":\"ReadAction\",\"target\":[\"https:\\\/\\\/www.itakaescolapios.org\\\/es\\\/que-hacemos\\\/internados\\\/internado-de-toubacouta-senegal\\\/\"]}]},{\"@type\":\"ImageObject\",\"inLanguage\":\"es\",\"@id\":\"https:\\\/\\\/www.itakaescolapios.org\\\/es\\\/que-hacemos\\\/internados\\\/internado-de-toubacouta-senegal\\\/#primaryimage\",\"url\":\"https:\\\/\\\/www.itakaescolapios.org\\\/wp-content\\\/uploads\\\/2017\\\/12\\\/Toubacouta-4.jpg\",\"contentUrl\":\"https:\\\/\\\/www.itakaescolapios.org\\\/wp-content\\\/uploads\\\/2017\\\/12\\\/Toubacouta-4.jpg\",\"width\":1500,\"height\":888},{\"@type\":\"BreadcrumbList\",\"@id\":\"https:\\\/\\\/www.itakaescolapios.org\\\/es\\\/que-hacemos\\\/internados\\\/internado-de-toubacouta-senegal\\\/#breadcrumb\",\"itemListElement\":[{\"@type\":\"ListItem\",\"position\":1,\"name\":\"Portada\",\"item\":\"https:\\\/\\\/www.itakaescolapios.org\\\/es\\\/\"},{\"@type\":\"ListItem\",\"position\":2,\"name\":\"Qu\u00e9 hacemos\",\"item\":\"https:\\\/\\\/www.itakaescolapios.org\\\/es\\\/que-hacemos\\\/\"},{\"@type\":\"ListItem\",\"position\":3,\"name\":\"Internados\",\"item\":\"https:\\\/\\\/www.itakaescolapios.org\\\/es\\\/que-hacemos\\\/internados\\\/\"},{\"@type\":\"ListItem\",\"position\":4,\"name\":\"Internado de Toubacouta (Senegal)\"}]},{\"@type\":\"WebSite\",\"@id\":\"https:\\\/\\\/www.itakaescolapios.org\\\/es\\\/#website\",\"url\":\"https:\\\/\\\/www.itakaescolapios.org\\\/es\\\/\",\"name\":\"Itaka-Escolapios\",\"description\":\"Red de Itaka-Escolapios\",\"publisher\":{\"@id\":\"https:\\\/\\\/www.itakaescolapios.org\\\/es\\\/#organization\"},\"potentialAction\":[{\"@type\":\"SearchAction\",\"target\":{\"@type\":\"EntryPoint\",\"urlTemplate\":\"https:\\\/\\\/www.itakaescolapios.org\\\/es\\\/?s={search_term_string}\"},\"query-input\":{\"@type\":\"PropertyValueSpecification\",\"valueRequired\":true,\"valueName\":\"search_term_string\"}}],\"inLanguage\":\"es\"},{\"@type\":\"Organization\",\"@id\":\"https:\\\/\\\/www.itakaescolapios.org\\\/es\\\/#organization\",\"name\":\"Fundaci\u00f3 Itaka-Escolapios\",\"url\":\"https:\\\/\\\/www.itakaescolapios.org\\\/es\\\/\",\"logo\":{\"@type\":\"ImageObject\",\"inLanguage\":\"es\",\"@id\":\"https:\\\/\\\/www.itakaescolapios.org\\\/es\\\/#\\\/schema\\\/logo\\\/image\\\/\",\"url\":\"https:\\\/\\\/www.itakaescolapios.org\\\/wp-content\\\/uploads\\\/2024\\\/04\\\/Logo-itakaescolapios-peque.png\",\"contentUrl\":\"https:\\\/\\\/www.itakaescolapios.org\\\/wp-content\\\/uploads\\\/2024\\\/04\\\/Logo-itakaescolapios-peque.png\",\"width\":500,\"height\":199,\"caption\":\"Fundaci\u00f3 Itaka-Escolapios\"},\"image\":{\"@id\":\"https:\\\/\\\/www.itakaescolapios.org\\\/es\\\/#\\\/schema\\\/logo\\\/image\\\/\"}}]}<\/script>\n<!-- \/ Yoast SEO plugin. -->","yoast_head_json":{"title":"Internado de Toubacouta (Senegal) - Itaka-Escolapios","robots":{"index":"index","follow":"follow","max-snippet":"max-snippet:-1","max-image-preview":"max-image-preview:large","max-video-preview":"max-video-preview:-1"},"canonical":"https:\/\/www.itakaescolapios.org\/es\/que-hacemos\/internados\/internado-de-toubacouta-senegal\/","og_locale":"es_ES","og_type":"article","og_title":"Internado de Toubacouta (Senegal) - Itaka-Escolapios","og_description":"El internado mixto de Toubacouta se encuentra a unos treinta kilometros de Sokone, en el camino hacia la frontera con Gambia. Es una zona con dos caras: hoteles y campamentos [&hellip;]","og_url":"https:\/\/www.itakaescolapios.org\/es\/que-hacemos\/internados\/internado-de-toubacouta-senegal\/","og_site_name":"Itaka-Escolapios","article_modified_time":"2023-11-28T11:37:44+00:00","og_image":[{"width":1500,"height":888,"url":"https:\/\/www.itakaescolapios.org\/wp-content\/uploads\/2017\/12\/Toubacouta-4.jpg","type":"image\/jpeg"}],"twitter_card":"summary_large_image","twitter_misc":{"Tiempo de lectura":"2 minutos"},"schema":{"@context":"https:\/\/schema.org","@graph":[{"@type":"WebPage","@id":"https:\/\/www.itakaescolapios.org\/es\/que-hacemos\/internados\/internado-de-toubacouta-senegal\/","url":"https:\/\/www.itakaescolapios.org\/es\/que-hacemos\/internados\/internado-de-toubacouta-senegal\/","name":"Internado de Toubacouta (Senegal) - Itaka-Escolapios","isPartOf":{"@id":"https:\/\/www.itakaescolapios.org\/es\/#website"},"primaryImageOfPage":{"@id":"https:\/\/www.itakaescolapios.org\/es\/que-hacemos\/internados\/internado-de-toubacouta-senegal\/#primaryimage"},"image":{"@id":"https:\/\/www.itakaescolapios.org\/es\/que-hacemos\/internados\/internado-de-toubacouta-senegal\/#primaryimage"},"thumbnailUrl":"https:\/\/www.itakaescolapios.org\/wp-content\/uploads\/2017\/12\/Toubacouta-4.jpg","datePublished":"2017-12-10T13:30:25+00:00","dateModified":"2023-11-28T11:37:44+00:00","breadcrumb":{"@id":"https:\/\/www.itakaescolapios.org\/es\/que-hacemos\/internados\/internado-de-toubacouta-senegal\/#breadcrumb"},"inLanguage":"es","potentialAction":[{"@type":"ReadAction","target":["https:\/\/www.itakaescolapios.org\/es\/que-hacemos\/internados\/internado-de-toubacouta-senegal\/"]}]},{"@type":"ImageObject","inLanguage":"es","@id":"https:\/\/www.itakaescolapios.org\/es\/que-hacemos\/internados\/internado-de-toubacouta-senegal\/#primaryimage","url":"https:\/\/www.itakaescolapios.org\/wp-content\/uploads\/2017\/12\/Toubacouta-4.jpg","contentUrl":"https:\/\/www.itakaescolapios.org\/wp-content\/uploads\/2017\/12\/Toubacouta-4.jpg","width":1500,"height":888},{"@type":"BreadcrumbList","@id":"https:\/\/www.itakaescolapios.org\/es\/que-hacemos\/internados\/internado-de-toubacouta-senegal\/#breadcrumb","itemListElement":[{"@type":"ListItem","position":1,"name":"Portada","item":"https:\/\/www.itakaescolapios.org\/es\/"},{"@type":"ListItem","position":2,"name":"Qu\u00e9 hacemos","item":"https:\/\/www.itakaescolapios.org\/es\/que-hacemos\/"},{"@type":"ListItem","position":3,"name":"Internados","item":"https:\/\/www.itakaescolapios.org\/es\/que-hacemos\/internados\/"},{"@type":"ListItem","position":4,"name":"Internado de Toubacouta (Senegal)"}]},{"@type":"WebSite","@id":"https:\/\/www.itakaescolapios.org\/es\/#website","url":"https:\/\/www.itakaescolapios.org\/es\/","name":"Itaka-Escolapios","description":"Red de Itaka-Escolapios","publisher":{"@id":"https:\/\/www.itakaescolapios.org\/es\/#organization"},"potentialAction":[{"@type":"SearchAction","target":{"@type":"EntryPoint","urlTemplate":"https:\/\/www.itakaescolapios.org\/es\/?s={search_term_string}"},"query-input":{"@type":"PropertyValueSpecification","valueRequired":true,"valueName":"search_term_string"}}],"inLanguage":"es"},{"@type":"Organization","@id":"https:\/\/www.itakaescolapios.org\/es\/#organization","name":"Fundaci\u00f3 Itaka-Escolapios","url":"https:\/\/www.itakaescolapios.org\/es\/","logo":{"@type":"ImageObject","inLanguage":"es","@id":"https:\/\/www.itakaescolapios.org\/es\/#\/schema\/logo\/image\/","url":"https:\/\/www.itakaescolapios.org\/wp-content\/uploads\/2024\/04\/Logo-itakaescolapios-peque.png","contentUrl":"https:\/\/www.itakaescolapios.org\/wp-content\/uploads\/2024\/04\/Logo-itakaescolapios-peque.png","width":500,"height":199,"caption":"Fundaci\u00f3 Itaka-Escolapios"},"image":{"@id":"https:\/\/www.itakaescolapios.org\/es\/#\/schema\/logo\/image\/"}}]}},"_links":{"self":[{"href":"https:\/\/www.itakaescolapios.org\/es\/wp-json\/wp\/v2\/pages\/21389","targetHints":{"allow":["GET"]}}],"collection":[{"href":"https:\/\/www.itakaescolapios.org\/es\/wp-json\/wp\/v2\/pages"}],"about":[{"href":"https:\/\/www.itakaescolapios.org\/es\/wp-json\/wp\/v2\/types\/page"}],"author":[{"embeddable":true,"href":"https:\/\/www.itakaescolapios.org\/es\/wp-json\/wp\/v2\/users\/46"}],"replies":[{"embeddable":true,"href":"https:\/\/www.itakaescolapios.org\/es\/wp-json\/wp\/v2\/comments?post=21389"}],"version-history":[{"count":4,"href":"https:\/\/www.itakaescolapios.org\/es\/wp-json\/wp\/v2\/pages\/21389\/revisions"}],"predecessor-version":[{"id":47190,"href":"https:\/\/www.itakaescolapios.org\/es\/wp-json\/wp\/v2\/pages\/21389\/revisions\/47190"}],"up":[{"embeddable":true,"href":"https:\/\/www.itakaescolapios.org\/es\/wp-json\/wp\/v2\/pages\/93"}],"wp:featuredmedia":[{"embeddable":true,"href":"https:\/\/www.itakaescolapios.org\/es\/wp-json\/wp\/v2\/media\/21393"}],"wp:attachment":[{"href":"https:\/\/www.itakaescolapios.org\/es\/wp-json\/wp\/v2\/media?parent=21389"}],"curies":[{"name":"wp","href":"https:\/\/api.w.org\/{rel}","templated":true}]}}