{"id":21734,"date":"2018-01-12T15:20:45","date_gmt":"2018-01-12T14:20:45","guid":{"rendered":"https:\/\/www.itakaescolapios.org\/?page_id=21734"},"modified":"2023-11-28T12:37:41","modified_gmt":"2023-11-28T11:37:41","slug":"2017-2018-semana-de-la-paz","status":"publish","type":"page","link":"https:\/\/www.itakaescolapios.org\/es\/semanas-de-la-paz\/2017-2018-semana-de-la-paz\/","title":{"rendered":"2017-2018 EL TESORO DE LA PAZ"},"content":{"rendered":"<p><a href=\"https:\/\/www.itakaescolapios.org\/wp-content\/uploads\/2018\/01\/paz.jpg\"><img decoding=\"async\" class=\"wp-image-21738 alignleft\" alt=\"paz\" src=\"https:\/\/www.itakaescolapios.org\/wp-content\/uploads\/2018\/01\/paz-300x178.jpg\" width=\"300\" height=\"178\" srcset=\"https:\/\/www.itakaescolapios.org\/wp-content\/uploads\/2018\/01\/paz-300x178.jpg 300w, https:\/\/www.itakaescolapios.org\/wp-content\/uploads\/2018\/01\/paz-250x148.jpg 250w, https:\/\/www.itakaescolapios.org\/wp-content\/uploads\/2018\/01\/paz.jpg 610w\" sizes=\"(max-width: 300px) 100vw, 300px\" \/><\/a>Entendemos por noviolencia (Tomado de la Campa\u00f1a Noviolencia 2018):<\/p>\n<p style=\"text-align: justify;\">1: Es una forma de cultura que pone en el centro la dignidad de toda persona y que por tanto entiende que las relaciones entre personas y pueblos pueden y deben regirse por los valores que definen a la persona.<\/p>\n<p style=\"text-align: justify;\">2: Es la manera m\u00e1s elevada de relacionarse, es el amor. El amor es una fuerza transformadora que permite superar cualquier conflicto.<\/p>\n<p style=\"text-align: justify;\">3: Es una experiencia, ya consolidada en la historia, que permite romper la espiral de la violencia y poner en marcha nuevas formas de relacionarse en todos los planos de la vida: Personal, social, pol\u00edtico, econ\u00f3mico,\u2026<\/p>\n<p style=\"text-align: justify;\">4: Siempre es activa, siempre se compromete con la realidad de los que son aplastados por las injusticias, siempre toma partido, siempre ensaya posibilidades creativas de encuentro.<\/p>\n<p style=\"text-align: justify;\">5: Es una t\u00e9cnica y es una filosof\u00eda. Es una forma de pol\u00edtica y de espiritualidad. Tiene dimensi\u00f3n personal y dimensi\u00f3n colectiva. Es testimonial y es eficaz. Todo a la vez. La experiencia hist\u00f3rica demuestra que cuando estas caracter\u00edsticas han ido juntas siempre ha habido una transformaci\u00f3n liberadora.<\/p>\n<p style=\"text-align: justify;\">6: Tiene una historia ya consolidada, aunque muy desconocida. La noviolencia est\u00e1 operando eficazmente hoy en el mundo, aunque no lo sepamos. Tenemos obligaci\u00f3n de conocer esas experiencias, aprender de ellas y poner en marcha nuevas posibilidades respetando las valiosas aportaciones que otros nos han hecho.<\/p>\n<p style=\"text-align: justify;\">7: Es una corriente de lucha, protagonizada por los m\u00e1s empobrecidos y por aquellos que han querido ponerse de su lado. Es un espacio de compromiso a medida de toda persona y de todas las personas. Todo el mundo puede practicar la noviolencia.<\/p>\n","protected":false},"excerpt":{"rendered":"<p>Entendemos por noviolencia (Tomado de la Campa\u00f1a Noviolencia 2018): 1: Es una forma de cultura que pone en el centro la dignidad de toda persona y que por tanto entiende [&hellip;]<\/p>\n","protected":false},"author":46,"featured_media":0,"parent":13199,"menu_order":2,"comment_status":"closed","ping_status":"closed","template":"","meta":{"_et_pb_use_builder":"","_et_pb_old_content":"","_et_gb_content_width":"","footnotes":""},"class_list":["post-21734","page","type-page","status-publish","hentry"],"yoast_head":"<!-- This site is optimized with the Yoast SEO plugin v27.4 - https:\/\/yoast.com\/product\/yoast-seo-wordpress\/ -->\n<title>2017-2018 EL TESORO DE LA PAZ - Itaka-Escolapios<\/title>\n<meta name=\"robots\" content=\"index, follow, max-snippet:-1, max-image-preview:large, max-video-preview:-1\" \/>\n<link rel=\"canonical\" href=\"https:\/\/www.itakaescolapios.org\/es\/semanas-de-la-paz\/2017-2018-semana-de-la-paz\/\" \/>\n<meta property=\"og:locale\" content=\"es_ES\" \/>\n<meta property=\"og:type\" content=\"article\" \/>\n<meta property=\"og:title\" content=\"2017-2018 EL TESORO DE LA PAZ - Itaka-Escolapios\" \/>\n<meta property=\"og:description\" content=\"Entendemos por noviolencia (Tomado de la Campa\u00f1a Noviolencia 2018): 1: Es una forma de cultura que pone en el centro la dignidad de toda persona y que por tanto entiende [&hellip;]\" \/>\n<meta property=\"og:url\" content=\"https:\/\/www.itakaescolapios.org\/es\/semanas-de-la-paz\/2017-2018-semana-de-la-paz\/\" \/>\n<meta property=\"og:site_name\" content=\"Itaka-Escolapios\" \/>\n<meta property=\"article:modified_time\" content=\"2023-11-28T11:37:41+00:00\" \/>\n<meta property=\"og:image\" content=\"https:\/\/www.itakaescolapios.org\/wp-content\/uploads\/2018\/01\/paz.jpg\" \/>\n\t<meta property=\"og:image:width\" content=\"610\" \/>\n\t<meta property=\"og:image:height\" content=\"363\" \/>\n\t<meta property=\"og:image:type\" content=\"image\/jpeg\" \/>\n<meta name=\"twitter:card\" content=\"summary_large_image\" \/>\n<meta name=\"twitter:label1\" content=\"Tiempo de lectura\" \/>\n\t<meta name=\"twitter:data1\" content=\"1 minuto\" \/>\n<script type=\"application\/ld+json\" class=\"yoast-schema-graph\">{\"@context\":\"https:\\\/\\\/schema.org\",\"@graph\":[{\"@type\":\"WebPage\",\"@id\":\"https:\\\/\\\/www.itakaescolapios.org\\\/es\\\/semanas-de-la-paz\\\/2017-2018-semana-de-la-paz\\\/\",\"url\":\"https:\\\/\\\/www.itakaescolapios.org\\\/es\\\/semanas-de-la-paz\\\/2017-2018-semana-de-la-paz\\\/\",\"name\":\"2017-2018 EL TESORO DE LA PAZ - Itaka-Escolapios\",\"isPartOf\":{\"@id\":\"https:\\\/\\\/www.itakaescolapios.org\\\/es\\\/#website\"},\"primaryImageOfPage\":{\"@id\":\"https:\\\/\\\/www.itakaescolapios.org\\\/es\\\/semanas-de-la-paz\\\/2017-2018-semana-de-la-paz\\\/#primaryimage\"},\"image\":{\"@id\":\"https:\\\/\\\/www.itakaescolapios.org\\\/es\\\/semanas-de-la-paz\\\/2017-2018-semana-de-la-paz\\\/#primaryimage\"},\"thumbnailUrl\":\"https:\\\/\\\/www.itakaescolapios.org\\\/wp-content\\\/uploads\\\/2018\\\/01\\\/paz-300x178.jpg\",\"datePublished\":\"2018-01-12T14:20:45+00:00\",\"dateModified\":\"2023-11-28T11:37:41+00:00\",\"breadcrumb\":{\"@id\":\"https:\\\/\\\/www.itakaescolapios.org\\\/es\\\/semanas-de-la-paz\\\/2017-2018-semana-de-la-paz\\\/#breadcrumb\"},\"inLanguage\":\"es\",\"potentialAction\":[{\"@type\":\"ReadAction\",\"target\":[\"https:\\\/\\\/www.itakaescolapios.org\\\/es\\\/semanas-de-la-paz\\\/2017-2018-semana-de-la-paz\\\/\"]}]},{\"@type\":\"ImageObject\",\"inLanguage\":\"es\",\"@id\":\"https:\\\/\\\/www.itakaescolapios.org\\\/es\\\/semanas-de-la-paz\\\/2017-2018-semana-de-la-paz\\\/#primaryimage\",\"url\":\"https:\\\/\\\/www.itakaescolapios.org\\\/wp-content\\\/uploads\\\/2018\\\/01\\\/paz-300x178.jpg\",\"contentUrl\":\"https:\\\/\\\/www.itakaescolapios.org\\\/wp-content\\\/uploads\\\/2018\\\/01\\\/paz-300x178.jpg\"},{\"@type\":\"BreadcrumbList\",\"@id\":\"https:\\\/\\\/www.itakaescolapios.org\\\/es\\\/semanas-de-la-paz\\\/2017-2018-semana-de-la-paz\\\/#breadcrumb\",\"itemListElement\":[{\"@type\":\"ListItem\",\"position\":1,\"name\":\"Portada\",\"item\":\"https:\\\/\\\/www.itakaescolapios.org\\\/es\\\/\"},{\"@type\":\"ListItem\",\"position\":2,\"name\":\"Semanas de la paz\",\"item\":\"https:\\\/\\\/www.itakaescolapios.org\\\/es\\\/semanas-de-la-paz\\\/\"},{\"@type\":\"ListItem\",\"position\":3,\"name\":\"2017-2018 EL TESORO DE LA PAZ\"}]},{\"@type\":\"WebSite\",\"@id\":\"https:\\\/\\\/www.itakaescolapios.org\\\/es\\\/#website\",\"url\":\"https:\\\/\\\/www.itakaescolapios.org\\\/es\\\/\",\"name\":\"Itaka-Escolapios\",\"description\":\"Red de Itaka-Escolapios\",\"publisher\":{\"@id\":\"https:\\\/\\\/www.itakaescolapios.org\\\/es\\\/#organization\"},\"potentialAction\":[{\"@type\":\"SearchAction\",\"target\":{\"@type\":\"EntryPoint\",\"urlTemplate\":\"https:\\\/\\\/www.itakaescolapios.org\\\/es\\\/?s={search_term_string}\"},\"query-input\":{\"@type\":\"PropertyValueSpecification\",\"valueRequired\":true,\"valueName\":\"search_term_string\"}}],\"inLanguage\":\"es\"},{\"@type\":\"Organization\",\"@id\":\"https:\\\/\\\/www.itakaescolapios.org\\\/es\\\/#organization\",\"name\":\"Fundaci\u00f3 Itaka-Escolapios\",\"url\":\"https:\\\/\\\/www.itakaescolapios.org\\\/es\\\/\",\"logo\":{\"@type\":\"ImageObject\",\"inLanguage\":\"es\",\"@id\":\"https:\\\/\\\/www.itakaescolapios.org\\\/es\\\/#\\\/schema\\\/logo\\\/image\\\/\",\"url\":\"https:\\\/\\\/www.itakaescolapios.org\\\/wp-content\\\/uploads\\\/2024\\\/04\\\/Logo-itakaescolapios-peque.png\",\"contentUrl\":\"https:\\\/\\\/www.itakaescolapios.org\\\/wp-content\\\/uploads\\\/2024\\\/04\\\/Logo-itakaescolapios-peque.png\",\"width\":500,\"height\":199,\"caption\":\"Fundaci\u00f3 Itaka-Escolapios\"},\"image\":{\"@id\":\"https:\\\/\\\/www.itakaescolapios.org\\\/es\\\/#\\\/schema\\\/logo\\\/image\\\/\"}}]}<\/script>\n<!-- \/ Yoast SEO plugin. -->","yoast_head_json":{"title":"2017-2018 EL TESORO DE LA PAZ - Itaka-Escolapios","robots":{"index":"index","follow":"follow","max-snippet":"max-snippet:-1","max-image-preview":"max-image-preview:large","max-video-preview":"max-video-preview:-1"},"canonical":"https:\/\/www.itakaescolapios.org\/es\/semanas-de-la-paz\/2017-2018-semana-de-la-paz\/","og_locale":"es_ES","og_type":"article","og_title":"2017-2018 EL TESORO DE LA PAZ - Itaka-Escolapios","og_description":"Entendemos por noviolencia (Tomado de la Campa\u00f1a Noviolencia 2018): 1: Es una forma de cultura que pone en el centro la dignidad de toda persona y que por tanto entiende [&hellip;]","og_url":"https:\/\/www.itakaescolapios.org\/es\/semanas-de-la-paz\/2017-2018-semana-de-la-paz\/","og_site_name":"Itaka-Escolapios","article_modified_time":"2023-11-28T11:37:41+00:00","og_image":[{"width":610,"height":363,"url":"https:\/\/www.itakaescolapios.org\/wp-content\/uploads\/2018\/01\/paz.jpg","type":"image\/jpeg"}],"twitter_card":"summary_large_image","twitter_misc":{"Tiempo de lectura":"1 minuto"},"schema":{"@context":"https:\/\/schema.org","@graph":[{"@type":"WebPage","@id":"https:\/\/www.itakaescolapios.org\/es\/semanas-de-la-paz\/2017-2018-semana-de-la-paz\/","url":"https:\/\/www.itakaescolapios.org\/es\/semanas-de-la-paz\/2017-2018-semana-de-la-paz\/","name":"2017-2018 EL TESORO DE LA PAZ - Itaka-Escolapios","isPartOf":{"@id":"https:\/\/www.itakaescolapios.org\/es\/#website"},"primaryImageOfPage":{"@id":"https:\/\/www.itakaescolapios.org\/es\/semanas-de-la-paz\/2017-2018-semana-de-la-paz\/#primaryimage"},"image":{"@id":"https:\/\/www.itakaescolapios.org\/es\/semanas-de-la-paz\/2017-2018-semana-de-la-paz\/#primaryimage"},"thumbnailUrl":"https:\/\/www.itakaescolapios.org\/wp-content\/uploads\/2018\/01\/paz-300x178.jpg","datePublished":"2018-01-12T14:20:45+00:00","dateModified":"2023-11-28T11:37:41+00:00","breadcrumb":{"@id":"https:\/\/www.itakaescolapios.org\/es\/semanas-de-la-paz\/2017-2018-semana-de-la-paz\/#breadcrumb"},"inLanguage":"es","potentialAction":[{"@type":"ReadAction","target":["https:\/\/www.itakaescolapios.org\/es\/semanas-de-la-paz\/2017-2018-semana-de-la-paz\/"]}]},{"@type":"ImageObject","inLanguage":"es","@id":"https:\/\/www.itakaescolapios.org\/es\/semanas-de-la-paz\/2017-2018-semana-de-la-paz\/#primaryimage","url":"https:\/\/www.itakaescolapios.org\/wp-content\/uploads\/2018\/01\/paz-300x178.jpg","contentUrl":"https:\/\/www.itakaescolapios.org\/wp-content\/uploads\/2018\/01\/paz-300x178.jpg"},{"@type":"BreadcrumbList","@id":"https:\/\/www.itakaescolapios.org\/es\/semanas-de-la-paz\/2017-2018-semana-de-la-paz\/#breadcrumb","itemListElement":[{"@type":"ListItem","position":1,"name":"Portada","item":"https:\/\/www.itakaescolapios.org\/es\/"},{"@type":"ListItem","position":2,"name":"Semanas de la paz","item":"https:\/\/www.itakaescolapios.org\/es\/semanas-de-la-paz\/"},{"@type":"ListItem","position":3,"name":"2017-2018 EL TESORO DE LA PAZ"}]},{"@type":"WebSite","@id":"https:\/\/www.itakaescolapios.org\/es\/#website","url":"https:\/\/www.itakaescolapios.org\/es\/","name":"Itaka-Escolapios","description":"Red de Itaka-Escolapios","publisher":{"@id":"https:\/\/www.itakaescolapios.org\/es\/#organization"},"potentialAction":[{"@type":"SearchAction","target":{"@type":"EntryPoint","urlTemplate":"https:\/\/www.itakaescolapios.org\/es\/?s={search_term_string}"},"query-input":{"@type":"PropertyValueSpecification","valueRequired":true,"valueName":"search_term_string"}}],"inLanguage":"es"},{"@type":"Organization","@id":"https:\/\/www.itakaescolapios.org\/es\/#organization","name":"Fundaci\u00f3 Itaka-Escolapios","url":"https:\/\/www.itakaescolapios.org\/es\/","logo":{"@type":"ImageObject","inLanguage":"es","@id":"https:\/\/www.itakaescolapios.org\/es\/#\/schema\/logo\/image\/","url":"https:\/\/www.itakaescolapios.org\/wp-content\/uploads\/2024\/04\/Logo-itakaescolapios-peque.png","contentUrl":"https:\/\/www.itakaescolapios.org\/wp-content\/uploads\/2024\/04\/Logo-itakaescolapios-peque.png","width":500,"height":199,"caption":"Fundaci\u00f3 Itaka-Escolapios"},"image":{"@id":"https:\/\/www.itakaescolapios.org\/es\/#\/schema\/logo\/image\/"}}]}},"_links":{"self":[{"href":"https:\/\/www.itakaescolapios.org\/es\/wp-json\/wp\/v2\/pages\/21734","targetHints":{"allow":["GET"]}}],"collection":[{"href":"https:\/\/www.itakaescolapios.org\/es\/wp-json\/wp\/v2\/pages"}],"about":[{"href":"https:\/\/www.itakaescolapios.org\/es\/wp-json\/wp\/v2\/types\/page"}],"author":[{"embeddable":true,"href":"https:\/\/www.itakaescolapios.org\/es\/wp-json\/wp\/v2\/users\/46"}],"replies":[{"embeddable":true,"href":"https:\/\/www.itakaescolapios.org\/es\/wp-json\/wp\/v2\/comments?post=21734"}],"version-history":[{"count":11,"href":"https:\/\/www.itakaescolapios.org\/es\/wp-json\/wp\/v2\/pages\/21734\/revisions"}],"predecessor-version":[{"id":47108,"href":"https:\/\/www.itakaescolapios.org\/es\/wp-json\/wp\/v2\/pages\/21734\/revisions\/47108"}],"up":[{"embeddable":true,"href":"https:\/\/www.itakaescolapios.org\/es\/wp-json\/wp\/v2\/pages\/13199"}],"wp:attachment":[{"href":"https:\/\/www.itakaescolapios.org\/es\/wp-json\/wp\/v2\/media?parent=21734"}],"curies":[{"name":"wp","href":"https:\/\/api.w.org\/{rel}","templated":true}]}}