{"id":22822,"date":"2018-04-27T12:19:48","date_gmt":"2018-04-27T11:19:48","guid":{"rendered":"https:\/\/www.itakaescolapios.org\/?page_id=22822"},"modified":"2023-11-28T12:37:30","modified_gmt":"2023-11-28T11:37:30","slug":"organigrama","status":"publish","type":"page","link":"https:\/\/www.itakaescolapios.org\/es\/quienes-somos-8\/organos-de-gobierno\/organigrama\/","title":{"rendered":"ORGANIGRAMA"},"content":{"rendered":"<p><strong>Comisi\u00f3n Ejecutiva<\/strong><\/p>\n<p>Es el equipo que, por delegaci\u00f3n del Patronato, se re\u00fane semanalmente para coordinar la red en contacto permanente con las demarcaciones y los equipos generales.<\/p>\n<p>En la actualidad est\u00e1 formada por:<\/p>\n<ul>\n<li>Javier Aguirregabiria (presidente, Brasil-Bolivia)<\/li>\n<li>Igor Irigoyen (coordinador general)<\/li>\n<li>Constanza de las Marinas (Betania)<\/li>\n<li>Ander Mijangos (gesti\u00f3n)<\/li>\n<li>Emmanuel Su\u00e1rez (M\u00e9xico)<\/li>\n<li>Alberto Cantero (Ema\u00fas)<\/li>\n<li>Cl\u00e9men Tsang\u00e1 (\u00c1frica Central)<\/li>\n<\/ul>\n<p><strong>Equipos Generales<\/strong><\/p>\n<p>Son los equipos al servicio de la red para impulsar cada una de las \u00e1reas transversales de Itaka-Escolapios en las demarcaciones y en el conjunto de la red. Estos equipos impulsan las \u00e1reas de sensibilizaci\u00f3n, formaci\u00f3n, voluntariado, gesti\u00f3n de recursos y comunicaci\u00f3n.<\/p>\n<p><strong>Equipos demarcacionales<\/strong><\/p>\n<p>Son los equipos que, en cada demarcaci\u00f3n, impulsan Itaka-Escolapios y sus proyectos. Estos equipos est\u00e1n nombrados por sus respectivas provincias escolapias para el impulso de Itaka-Escolapios en su \u00e1mbito y trabajan en contacto con los equipos de la red. Cada demarcaci\u00f3n organiza su funcionamiento en coordinaci\u00f3n con la Comisi\u00f3n Ejecutiva.<\/p>\n<p><a href=\"https:\/\/www.itakaescolapios.org\/wp-content\/uploads\/2023\/03\/230306-mapa-ie_es-scaled.jpg\"><img decoding=\"async\" class=\"alignleft wp-image-41190 size-medium\" src=\"https:\/\/www.itakaescolapios.org\/wp-content\/uploads\/2023\/03\/230306-mapa-ie_es-300x197.jpg\" alt=\"\" width=\"300\" height=\"197\" srcset=\"https:\/\/www.itakaescolapios.org\/wp-content\/uploads\/2023\/03\/230306-mapa-ie_es-300x197.jpg 300w, https:\/\/www.itakaescolapios.org\/wp-content\/uploads\/2023\/03\/230306-mapa-ie_es-1024x672.jpg 1024w, https:\/\/www.itakaescolapios.org\/wp-content\/uploads\/2023\/03\/230306-mapa-ie_es-768x504.jpg 768w, https:\/\/www.itakaescolapios.org\/wp-content\/uploads\/2023\/03\/230306-mapa-ie_es-1536x1007.jpg 1536w, https:\/\/www.itakaescolapios.org\/wp-content\/uploads\/2023\/03\/230306-mapa-ie_es-2048x1343.jpg 2048w, https:\/\/www.itakaescolapios.org\/wp-content\/uploads\/2023\/03\/230306-mapa-ie_es-250x164.jpg 250w, https:\/\/www.itakaescolapios.org\/wp-content\/uploads\/2023\/03\/230306-mapa-ie_es-1080x708.jpg 1080w, https:\/\/www.itakaescolapios.org\/wp-content\/uploads\/2023\/03\/230306-mapa-ie_es-scaled.jpg 2000w\" sizes=\"(max-width: 300px) 100vw, 300px\" \/><\/a> <a href=\"https:\/\/www.itakaescolapios.org\/wp-content\/uploads\/2023\/03\/230306-itaka-organizacion_es-scaled.jpg\"><img decoding=\"async\" class=\"alignleft wp-image-41191 size-medium\" src=\"https:\/\/www.itakaescolapios.org\/wp-content\/uploads\/2023\/03\/230306-itaka-organizacion_es-300x212.jpg\" alt=\"\" width=\"300\" height=\"212\" srcset=\"https:\/\/www.itakaescolapios.org\/wp-content\/uploads\/2023\/03\/230306-itaka-organizacion_es-300x212.jpg 300w, https:\/\/www.itakaescolapios.org\/wp-content\/uploads\/2023\/03\/230306-itaka-organizacion_es-1024x724.jpg 1024w, https:\/\/www.itakaescolapios.org\/wp-content\/uploads\/2023\/03\/230306-itaka-organizacion_es-768x543.jpg 768w, https:\/\/www.itakaescolapios.org\/wp-content\/uploads\/2023\/03\/230306-itaka-organizacion_es-1536x1086.jpg 1536w, https:\/\/www.itakaescolapios.org\/wp-content\/uploads\/2023\/03\/230306-itaka-organizacion_es-2048x1448.jpg 2048w, https:\/\/www.itakaescolapios.org\/wp-content\/uploads\/2023\/03\/230306-itaka-organizacion_es-250x177.jpg 250w, https:\/\/www.itakaescolapios.org\/wp-content\/uploads\/2023\/03\/230306-itaka-organizacion_es-400x284.jpg 400w, https:\/\/www.itakaescolapios.org\/wp-content\/uploads\/2023\/03\/230306-itaka-organizacion_es-1080x764.jpg 1080w, https:\/\/www.itakaescolapios.org\/wp-content\/uploads\/2023\/03\/230306-itaka-organizacion_es-scaled.jpg 2000w\" sizes=\"(max-width: 300px) 100vw, 300px\" \/><\/a> <a href=\"https:\/\/www.itakaescolapios.org\/wp-content\/uploads\/2023\/03\/itaka-projects_es-scaled.jpg\"><img decoding=\"async\" class=\"alignleft wp-image-41192 size-medium\" src=\"https:\/\/www.itakaescolapios.org\/wp-content\/uploads\/2023\/03\/itaka-projects_es-300x212.jpg\" alt=\"\" width=\"300\" height=\"212\" srcset=\"https:\/\/www.itakaescolapios.org\/wp-content\/uploads\/2023\/03\/itaka-projects_es-300x212.jpg 300w, https:\/\/www.itakaescolapios.org\/wp-content\/uploads\/2023\/03\/itaka-projects_es-1024x724.jpg 1024w, https:\/\/www.itakaescolapios.org\/wp-content\/uploads\/2023\/03\/itaka-projects_es-768x543.jpg 768w, https:\/\/www.itakaescolapios.org\/wp-content\/uploads\/2023\/03\/itaka-projects_es-1536x1086.jpg 1536w, https:\/\/www.itakaescolapios.org\/wp-content\/uploads\/2023\/03\/itaka-projects_es-2048x1448.jpg 2048w, https:\/\/www.itakaescolapios.org\/wp-content\/uploads\/2023\/03\/itaka-projects_es-250x177.jpg 250w, https:\/\/www.itakaescolapios.org\/wp-content\/uploads\/2023\/03\/itaka-projects_es-400x284.jpg 400w, https:\/\/www.itakaescolapios.org\/wp-content\/uploads\/2023\/03\/itaka-projects_es-1080x764.jpg 1080w, https:\/\/www.itakaescolapios.org\/wp-content\/uploads\/2023\/03\/itaka-projects_es-scaled.jpg 2000w\" sizes=\"(max-width: 300px) 100vw, 300px\" \/><\/a><!--more--><\/p>\n","protected":false},"excerpt":{"rendered":"<p>Comisi\u00f3n Ejecutiva Es el equipo que, por delegaci\u00f3n del Patronato, se re\u00fane semanalmente para coordinar la red en contacto permanente con las demarcaciones y los equipos generales. En la actualidad [&hellip;]<\/p>\n","protected":false},"author":46,"featured_media":0,"parent":53,"menu_order":3,"comment_status":"closed","ping_status":"closed","template":"","meta":{"_et_pb_use_builder":"","_et_pb_old_content":"","_et_gb_content_width":"","footnotes":""},"class_list":["post-22822","page","type-page","status-publish","hentry"],"yoast_head":"<!-- This site is optimized with the Yoast SEO plugin v27.4 - https:\/\/yoast.com\/product\/yoast-seo-wordpress\/ -->\n<title>ORGANIGRAMA - Itaka-Escolapios<\/title>\n<meta name=\"robots\" content=\"index, follow, max-snippet:-1, max-image-preview:large, max-video-preview:-1\" \/>\n<link rel=\"canonical\" href=\"https:\/\/www.itakaescolapios.org\/es\/quienes-somos-8\/organos-de-gobierno\/organigrama\/\" \/>\n<meta property=\"og:locale\" content=\"es_ES\" \/>\n<meta property=\"og:type\" content=\"article\" \/>\n<meta property=\"og:title\" content=\"ORGANIGRAMA - Itaka-Escolapios\" \/>\n<meta property=\"og:description\" content=\"Comisi\u00f3n Ejecutiva Es el equipo que, por delegaci\u00f3n del Patronato, se re\u00fane semanalmente para coordinar la red en contacto permanente con las demarcaciones y los equipos generales. En la actualidad [&hellip;]\" \/>\n<meta property=\"og:url\" content=\"https:\/\/www.itakaescolapios.org\/es\/quienes-somos-8\/organos-de-gobierno\/organigrama\/\" \/>\n<meta property=\"og:site_name\" content=\"Itaka-Escolapios\" \/>\n<meta property=\"article:modified_time\" content=\"2023-11-28T11:37:30+00:00\" \/>\n<meta property=\"og:image\" content=\"https:\/\/www.itakaescolapios.org\/wp-content\/uploads\/2023\/03\/230306-mapa-ie_es-scaled.jpg\" \/>\n\t<meta property=\"og:image:width\" content=\"2000\" \/>\n\t<meta property=\"og:image:height\" content=\"1312\" \/>\n\t<meta property=\"og:image:type\" content=\"image\/jpeg\" \/>\n<meta name=\"twitter:card\" content=\"summary_large_image\" \/>\n<meta name=\"twitter:label1\" content=\"Tiempo de lectura\" \/>\n\t<meta name=\"twitter:data1\" content=\"1 minuto\" \/>\n<script type=\"application\/ld+json\" class=\"yoast-schema-graph\">{\"@context\":\"https:\\\/\\\/schema.org\",\"@graph\":[{\"@type\":\"WebPage\",\"@id\":\"https:\\\/\\\/www.itakaescolapios.org\\\/es\\\/quienes-somos-8\\\/organos-de-gobierno\\\/organigrama\\\/\",\"url\":\"https:\\\/\\\/www.itakaescolapios.org\\\/es\\\/quienes-somos-8\\\/organos-de-gobierno\\\/organigrama\\\/\",\"name\":\"ORGANIGRAMA - Itaka-Escolapios\",\"isPartOf\":{\"@id\":\"https:\\\/\\\/www.itakaescolapios.org\\\/es\\\/#website\"},\"primaryImageOfPage\":{\"@id\":\"https:\\\/\\\/www.itakaescolapios.org\\\/es\\\/quienes-somos-8\\\/organos-de-gobierno\\\/organigrama\\\/#primaryimage\"},\"image\":{\"@id\":\"https:\\\/\\\/www.itakaescolapios.org\\\/es\\\/quienes-somos-8\\\/organos-de-gobierno\\\/organigrama\\\/#primaryimage\"},\"thumbnailUrl\":\"https:\\\/\\\/www.itakaescolapios.org\\\/wp-content\\\/uploads\\\/2023\\\/03\\\/230306-mapa-ie_es-300x197.jpg\",\"datePublished\":\"2018-04-27T11:19:48+00:00\",\"dateModified\":\"2023-11-28T11:37:30+00:00\",\"breadcrumb\":{\"@id\":\"https:\\\/\\\/www.itakaescolapios.org\\\/es\\\/quienes-somos-8\\\/organos-de-gobierno\\\/organigrama\\\/#breadcrumb\"},\"inLanguage\":\"es\",\"potentialAction\":[{\"@type\":\"ReadAction\",\"target\":[\"https:\\\/\\\/www.itakaescolapios.org\\\/es\\\/quienes-somos-8\\\/organos-de-gobierno\\\/organigrama\\\/\"]}]},{\"@type\":\"ImageObject\",\"inLanguage\":\"es\",\"@id\":\"https:\\\/\\\/www.itakaescolapios.org\\\/es\\\/quienes-somos-8\\\/organos-de-gobierno\\\/organigrama\\\/#primaryimage\",\"url\":\"https:\\\/\\\/www.itakaescolapios.org\\\/wp-content\\\/uploads\\\/2023\\\/03\\\/230306-mapa-ie_es-300x197.jpg\",\"contentUrl\":\"https:\\\/\\\/www.itakaescolapios.org\\\/wp-content\\\/uploads\\\/2023\\\/03\\\/230306-mapa-ie_es-300x197.jpg\"},{\"@type\":\"BreadcrumbList\",\"@id\":\"https:\\\/\\\/www.itakaescolapios.org\\\/es\\\/quienes-somos-8\\\/organos-de-gobierno\\\/organigrama\\\/#breadcrumb\",\"itemListElement\":[{\"@type\":\"ListItem\",\"position\":1,\"name\":\"Portada\",\"item\":\"https:\\\/\\\/www.itakaescolapios.org\\\/es\\\/\"},{\"@type\":\"ListItem\",\"position\":2,\"name\":\"Quienes S\u00f3mos\",\"item\":\"https:\\\/\\\/www.itakaescolapios.org\\\/es\\\/quienes-somos-8\\\/\"},{\"@type\":\"ListItem\",\"position\":3,\"name\":\"\u00d3rganos de Gobierno\",\"item\":\"https:\\\/\\\/www.itakaescolapios.org\\\/es\\\/quienes-somos-8\\\/organos-de-gobierno\\\/\"},{\"@type\":\"ListItem\",\"position\":4,\"name\":\"ORGANIGRAMA\"}]},{\"@type\":\"WebSite\",\"@id\":\"https:\\\/\\\/www.itakaescolapios.org\\\/es\\\/#website\",\"url\":\"https:\\\/\\\/www.itakaescolapios.org\\\/es\\\/\",\"name\":\"Itaka-Escolapios\",\"description\":\"Red de Itaka-Escolapios\",\"publisher\":{\"@id\":\"https:\\\/\\\/www.itakaescolapios.org\\\/es\\\/#organization\"},\"potentialAction\":[{\"@type\":\"SearchAction\",\"target\":{\"@type\":\"EntryPoint\",\"urlTemplate\":\"https:\\\/\\\/www.itakaescolapios.org\\\/es\\\/?s={search_term_string}\"},\"query-input\":{\"@type\":\"PropertyValueSpecification\",\"valueRequired\":true,\"valueName\":\"search_term_string\"}}],\"inLanguage\":\"es\"},{\"@type\":\"Organization\",\"@id\":\"https:\\\/\\\/www.itakaescolapios.org\\\/es\\\/#organization\",\"name\":\"Fundaci\u00f3 Itaka-Escolapios\",\"url\":\"https:\\\/\\\/www.itakaescolapios.org\\\/es\\\/\",\"logo\":{\"@type\":\"ImageObject\",\"inLanguage\":\"es\",\"@id\":\"https:\\\/\\\/www.itakaescolapios.org\\\/es\\\/#\\\/schema\\\/logo\\\/image\\\/\",\"url\":\"https:\\\/\\\/www.itakaescolapios.org\\\/wp-content\\\/uploads\\\/2024\\\/04\\\/Logo-itakaescolapios-peque.png\",\"contentUrl\":\"https:\\\/\\\/www.itakaescolapios.org\\\/wp-content\\\/uploads\\\/2024\\\/04\\\/Logo-itakaescolapios-peque.png\",\"width\":500,\"height\":199,\"caption\":\"Fundaci\u00f3 Itaka-Escolapios\"},\"image\":{\"@id\":\"https:\\\/\\\/www.itakaescolapios.org\\\/es\\\/#\\\/schema\\\/logo\\\/image\\\/\"}}]}<\/script>\n<!-- \/ Yoast SEO plugin. -->","yoast_head_json":{"title":"ORGANIGRAMA - Itaka-Escolapios","robots":{"index":"index","follow":"follow","max-snippet":"max-snippet:-1","max-image-preview":"max-image-preview:large","max-video-preview":"max-video-preview:-1"},"canonical":"https:\/\/www.itakaescolapios.org\/es\/quienes-somos-8\/organos-de-gobierno\/organigrama\/","og_locale":"es_ES","og_type":"article","og_title":"ORGANIGRAMA - Itaka-Escolapios","og_description":"Comisi\u00f3n Ejecutiva Es el equipo que, por delegaci\u00f3n del Patronato, se re\u00fane semanalmente para coordinar la red en contacto permanente con las demarcaciones y los equipos generales. En la actualidad [&hellip;]","og_url":"https:\/\/www.itakaescolapios.org\/es\/quienes-somos-8\/organos-de-gobierno\/organigrama\/","og_site_name":"Itaka-Escolapios","article_modified_time":"2023-11-28T11:37:30+00:00","og_image":[{"width":2000,"height":1312,"url":"https:\/\/www.itakaescolapios.org\/wp-content\/uploads\/2023\/03\/230306-mapa-ie_es-scaled.jpg","type":"image\/jpeg"}],"twitter_card":"summary_large_image","twitter_misc":{"Tiempo de lectura":"1 minuto"},"schema":{"@context":"https:\/\/schema.org","@graph":[{"@type":"WebPage","@id":"https:\/\/www.itakaescolapios.org\/es\/quienes-somos-8\/organos-de-gobierno\/organigrama\/","url":"https:\/\/www.itakaescolapios.org\/es\/quienes-somos-8\/organos-de-gobierno\/organigrama\/","name":"ORGANIGRAMA - Itaka-Escolapios","isPartOf":{"@id":"https:\/\/www.itakaescolapios.org\/es\/#website"},"primaryImageOfPage":{"@id":"https:\/\/www.itakaescolapios.org\/es\/quienes-somos-8\/organos-de-gobierno\/organigrama\/#primaryimage"},"image":{"@id":"https:\/\/www.itakaescolapios.org\/es\/quienes-somos-8\/organos-de-gobierno\/organigrama\/#primaryimage"},"thumbnailUrl":"https:\/\/www.itakaescolapios.org\/wp-content\/uploads\/2023\/03\/230306-mapa-ie_es-300x197.jpg","datePublished":"2018-04-27T11:19:48+00:00","dateModified":"2023-11-28T11:37:30+00:00","breadcrumb":{"@id":"https:\/\/www.itakaescolapios.org\/es\/quienes-somos-8\/organos-de-gobierno\/organigrama\/#breadcrumb"},"inLanguage":"es","potentialAction":[{"@type":"ReadAction","target":["https:\/\/www.itakaescolapios.org\/es\/quienes-somos-8\/organos-de-gobierno\/organigrama\/"]}]},{"@type":"ImageObject","inLanguage":"es","@id":"https:\/\/www.itakaescolapios.org\/es\/quienes-somos-8\/organos-de-gobierno\/organigrama\/#primaryimage","url":"https:\/\/www.itakaescolapios.org\/wp-content\/uploads\/2023\/03\/230306-mapa-ie_es-300x197.jpg","contentUrl":"https:\/\/www.itakaescolapios.org\/wp-content\/uploads\/2023\/03\/230306-mapa-ie_es-300x197.jpg"},{"@type":"BreadcrumbList","@id":"https:\/\/www.itakaescolapios.org\/es\/quienes-somos-8\/organos-de-gobierno\/organigrama\/#breadcrumb","itemListElement":[{"@type":"ListItem","position":1,"name":"Portada","item":"https:\/\/www.itakaescolapios.org\/es\/"},{"@type":"ListItem","position":2,"name":"Quienes S\u00f3mos","item":"https:\/\/www.itakaescolapios.org\/es\/quienes-somos-8\/"},{"@type":"ListItem","position":3,"name":"\u00d3rganos de Gobierno","item":"https:\/\/www.itakaescolapios.org\/es\/quienes-somos-8\/organos-de-gobierno\/"},{"@type":"ListItem","position":4,"name":"ORGANIGRAMA"}]},{"@type":"WebSite","@id":"https:\/\/www.itakaescolapios.org\/es\/#website","url":"https:\/\/www.itakaescolapios.org\/es\/","name":"Itaka-Escolapios","description":"Red de Itaka-Escolapios","publisher":{"@id":"https:\/\/www.itakaescolapios.org\/es\/#organization"},"potentialAction":[{"@type":"SearchAction","target":{"@type":"EntryPoint","urlTemplate":"https:\/\/www.itakaescolapios.org\/es\/?s={search_term_string}"},"query-input":{"@type":"PropertyValueSpecification","valueRequired":true,"valueName":"search_term_string"}}],"inLanguage":"es"},{"@type":"Organization","@id":"https:\/\/www.itakaescolapios.org\/es\/#organization","name":"Fundaci\u00f3 Itaka-Escolapios","url":"https:\/\/www.itakaescolapios.org\/es\/","logo":{"@type":"ImageObject","inLanguage":"es","@id":"https:\/\/www.itakaescolapios.org\/es\/#\/schema\/logo\/image\/","url":"https:\/\/www.itakaescolapios.org\/wp-content\/uploads\/2024\/04\/Logo-itakaescolapios-peque.png","contentUrl":"https:\/\/www.itakaescolapios.org\/wp-content\/uploads\/2024\/04\/Logo-itakaescolapios-peque.png","width":500,"height":199,"caption":"Fundaci\u00f3 Itaka-Escolapios"},"image":{"@id":"https:\/\/www.itakaescolapios.org\/es\/#\/schema\/logo\/image\/"}}]}},"_links":{"self":[{"href":"https:\/\/www.itakaescolapios.org\/es\/wp-json\/wp\/v2\/pages\/22822","targetHints":{"allow":["GET"]}}],"collection":[{"href":"https:\/\/www.itakaescolapios.org\/es\/wp-json\/wp\/v2\/pages"}],"about":[{"href":"https:\/\/www.itakaescolapios.org\/es\/wp-json\/wp\/v2\/types\/page"}],"author":[{"embeddable":true,"href":"https:\/\/www.itakaescolapios.org\/es\/wp-json\/wp\/v2\/users\/46"}],"replies":[{"embeddable":true,"href":"https:\/\/www.itakaescolapios.org\/es\/wp-json\/wp\/v2\/comments?post=22822"}],"version-history":[{"count":28,"href":"https:\/\/www.itakaescolapios.org\/es\/wp-json\/wp\/v2\/pages\/22822\/revisions"}],"predecessor-version":[{"id":46813,"href":"https:\/\/www.itakaescolapios.org\/es\/wp-json\/wp\/v2\/pages\/22822\/revisions\/46813"}],"up":[{"embeddable":true,"href":"https:\/\/www.itakaescolapios.org\/es\/wp-json\/wp\/v2\/pages\/53"}],"wp:attachment":[{"href":"https:\/\/www.itakaescolapios.org\/es\/wp-json\/wp\/v2\/media?parent=22822"}],"curies":[{"name":"wp","href":"https:\/\/api.w.org\/{rel}","templated":true}]}}