{"id":246,"date":"2012-05-31T17:55:37","date_gmt":"2012-05-31T16:55:37","guid":{"rendered":"https:\/\/www.itakaescolapios.org\/?page_id=246"},"modified":"2023-11-28T12:39:48","modified_gmt":"2023-11-28T11:39:48","slug":"cse-governador-de-valadares-brasil","status":"publish","type":"page","link":"https:\/\/www.itakaescolapios.org\/es\/que-hacemos\/centros-socio-educativos\/cse-governador-de-valadares-brasil\/","title":{"rendered":"CSE SAN JOS\u00c9 DE CALASANZ Governador Valadares (Brasil)"},"content":{"rendered":"<p style=\"text-align: justify;\" align=\"JUSTIFY\">El centro socio-educativo de Governador de Valadares se encuentra situado en una zona pobre\u00a0a las afueras de\u00a0la ciudad\u00a0con altos \u00edndices de\u00a0violencia y\u00a0adicci\u00f3n a las drogas<\/p>\n<p style=\"text-align: justify;\" align=\"JUSTIFY\">Es el mayor de los centros socioeducativos de Itaka-Escolapios en Brasil con 2.500 m2 de superficie, dando servicio a cinco\u00a0distritos de la ciudad lo que suponen aproximadamente\u00a027.528\u00a0habitantes.<\/p>\n<p style=\"text-align: justify;\" align=\"JUSTIFY\">El espacio cuenta con\u00a0tres aulas,\u00a0sala de inform\u00e1tica,\u00a0sala-taller de\u00a0est\u00e9tica,\u00a0sal\u00f3n de baile, sala multimedia, biblioteca, cocina\u00a0semi-industrial,\u00a0gran sal\u00f3n comedor, centro deportivo cubierto con vestuarios ,\u00a0plaza central, terraza cubierta, \u00e1rea de juegos, salas de\u00a0servicio y\u00a0administraci\u00f3n.<\/p>\n<p style=\"text-align: justify;\" align=\"JUSTIFY\">En el centro se desarrollan los siguientes programas:<\/p>\n<ul>\n<li style=\"text-align: justify;\">\n<p align=\"JUSTIFY\">Emprendizaje: aprendizaje de habilidades para el auto empleo y generaci\u00f3n de empresas. Cursos para personas mayores de 16 a\u00f1os.<\/p>\n<\/li>\n<li style=\"text-align: justify;\">\n<p align=\"JUSTIFY\">Jornada escolar prolongada:\u00a0la formaci\u00f3n\u00a0para el desarrollo cognitivo\u00a0y la construcci\u00f3n\u00a0de las identidades\u00a0personales y sociales. Para ni\u00f1os y ni\u00f1as desde los 6 hasta los 15 a\u00f1os<\/p>\n<\/li>\n<li style=\"text-align: justify;\">\n<p align=\"JUSTIFY\">Protagonismo juvenil: conferencias, exposiciones y orientaci\u00f3n profesional dirigida a la emancipaci\u00f3n y la educaci\u00f3n c\u00edvica de los y las j\u00f3venes y adolescentes<\/p>\n<\/li>\n<li style=\"text-align: justify;\">\n<p align=\"JUSTIFY\">Cualificaci\u00f3n profesional, cursos de cualificaci\u00f3n profesional y formaci\u00f3n de habilidades b\u00e1sicas para el trabajo de 16 a\u00f1os<\/p>\n<\/li>\n<li>\n<p style=\"text-align: justify;\" align=\"JUSTIFY\">Socializaci\u00f3n: aprendizaje cultural y de ocio en la escuela para los ni\u00f1os de 10 a\u00f1os y adolescentes<\/p>\n<\/li>\n<\/ul>\n<p><!--more--><\/p>\n","protected":false},"excerpt":{"rendered":"<p>El centro socio-educativo de Governador de Valadares se encuentra situado en una zona pobre\u00a0a las afueras de\u00a0la ciudad\u00a0con altos \u00edndices de\u00a0violencia y\u00a0adicci\u00f3n a las drogas Es el mayor de los [&hellip;]<\/p>\n","protected":false},"author":1,"featured_media":16297,"parent":83,"menu_order":3,"comment_status":"closed","ping_status":"closed","template":"","meta":{"_et_pb_use_builder":"","_et_pb_old_content":"","_et_gb_content_width":"","footnotes":""},"class_list":["post-246","page","type-page","status-publish","has-post-thumbnail","hentry"],"yoast_head":"<!-- This site is optimized with the Yoast SEO plugin v27.3 - https:\/\/yoast.com\/product\/yoast-seo-wordpress\/ -->\n<title>CSE SAN JOS\u00c9 DE CALASANZ Governador Valadares (Brasil) - Itaka-Escolapios<\/title>\n<meta name=\"robots\" content=\"index, follow, max-snippet:-1, max-image-preview:large, max-video-preview:-1\" \/>\n<link rel=\"canonical\" href=\"https:\/\/www.itakaescolapios.org\/es\/que-hacemos\/centros-socio-educativos\/cse-governador-de-valadares-brasil\/\" \/>\n<meta property=\"og:locale\" content=\"es_ES\" \/>\n<meta property=\"og:type\" content=\"article\" \/>\n<meta property=\"og:title\" content=\"CSE SAN JOS\u00c9 DE CALASANZ Governador Valadares (Brasil) - Itaka-Escolapios\" \/>\n<meta property=\"og:description\" content=\"El centro socio-educativo de Governador de Valadares se encuentra situado en una zona pobre\u00a0a las afueras de\u00a0la ciudad\u00a0con altos \u00edndices de\u00a0violencia y\u00a0adicci\u00f3n a las drogas Es el mayor de los [&hellip;]\" \/>\n<meta property=\"og:url\" content=\"https:\/\/www.itakaescolapios.org\/es\/que-hacemos\/centros-socio-educativos\/cse-governador-de-valadares-brasil\/\" \/>\n<meta property=\"og:site_name\" content=\"Itaka-Escolapios\" \/>\n<meta property=\"article:modified_time\" content=\"2023-11-28T11:39:48+00:00\" \/>\n<meta property=\"og:image\" content=\"https:\/\/www.itakaescolapios.org\/wp-content\/uploads\/2012\/05\/02.jpg\" \/>\n\t<meta property=\"og:image:width\" content=\"1000\" \/>\n\t<meta property=\"og:image:height\" content=\"1500\" \/>\n\t<meta property=\"og:image:type\" content=\"image\/jpeg\" \/>\n<meta name=\"twitter:card\" content=\"summary_large_image\" \/>\n<meta name=\"twitter:label1\" content=\"Tiempo de lectura\" \/>\n\t<meta name=\"twitter:data1\" content=\"1 minuto\" \/>\n<script type=\"application\/ld+json\" class=\"yoast-schema-graph\">{\"@context\":\"https:\\\/\\\/schema.org\",\"@graph\":[{\"@type\":\"WebPage\",\"@id\":\"https:\\\/\\\/www.itakaescolapios.org\\\/es\\\/que-hacemos\\\/centros-socio-educativos\\\/cse-governador-de-valadares-brasil\\\/\",\"url\":\"https:\\\/\\\/www.itakaescolapios.org\\\/es\\\/que-hacemos\\\/centros-socio-educativos\\\/cse-governador-de-valadares-brasil\\\/\",\"name\":\"CSE SAN JOS\u00c9 DE CALASANZ Governador Valadares (Brasil) - Itaka-Escolapios\",\"isPartOf\":{\"@id\":\"https:\\\/\\\/www.itakaescolapios.org\\\/es\\\/#website\"},\"primaryImageOfPage\":{\"@id\":\"https:\\\/\\\/www.itakaescolapios.org\\\/es\\\/que-hacemos\\\/centros-socio-educativos\\\/cse-governador-de-valadares-brasil\\\/#primaryimage\"},\"image\":{\"@id\":\"https:\\\/\\\/www.itakaescolapios.org\\\/es\\\/que-hacemos\\\/centros-socio-educativos\\\/cse-governador-de-valadares-brasil\\\/#primaryimage\"},\"thumbnailUrl\":\"https:\\\/\\\/www.itakaescolapios.org\\\/wp-content\\\/uploads\\\/2012\\\/05\\\/02.jpg\",\"datePublished\":\"2012-05-31T16:55:37+00:00\",\"dateModified\":\"2023-11-28T11:39:48+00:00\",\"breadcrumb\":{\"@id\":\"https:\\\/\\\/www.itakaescolapios.org\\\/es\\\/que-hacemos\\\/centros-socio-educativos\\\/cse-governador-de-valadares-brasil\\\/#breadcrumb\"},\"inLanguage\":\"es\",\"potentialAction\":[{\"@type\":\"ReadAction\",\"target\":[\"https:\\\/\\\/www.itakaescolapios.org\\\/es\\\/que-hacemos\\\/centros-socio-educativos\\\/cse-governador-de-valadares-brasil\\\/\"]}]},{\"@type\":\"ImageObject\",\"inLanguage\":\"es\",\"@id\":\"https:\\\/\\\/www.itakaescolapios.org\\\/es\\\/que-hacemos\\\/centros-socio-educativos\\\/cse-governador-de-valadares-brasil\\\/#primaryimage\",\"url\":\"https:\\\/\\\/www.itakaescolapios.org\\\/wp-content\\\/uploads\\\/2012\\\/05\\\/02.jpg\",\"contentUrl\":\"https:\\\/\\\/www.itakaescolapios.org\\\/wp-content\\\/uploads\\\/2012\\\/05\\\/02.jpg\",\"width\":1000,\"height\":1500},{\"@type\":\"BreadcrumbList\",\"@id\":\"https:\\\/\\\/www.itakaescolapios.org\\\/es\\\/que-hacemos\\\/centros-socio-educativos\\\/cse-governador-de-valadares-brasil\\\/#breadcrumb\",\"itemListElement\":[{\"@type\":\"ListItem\",\"position\":1,\"name\":\"Portada\",\"item\":\"https:\\\/\\\/www.itakaescolapios.org\\\/es\\\/\"},{\"@type\":\"ListItem\",\"position\":2,\"name\":\"Qu\u00e9 hacemos\",\"item\":\"https:\\\/\\\/www.itakaescolapios.org\\\/es\\\/que-hacemos\\\/\"},{\"@type\":\"ListItem\",\"position\":3,\"name\":\"Centros Socio-Educativos\",\"item\":\"https:\\\/\\\/www.itakaescolapios.org\\\/es\\\/que-hacemos\\\/centros-socio-educativos\\\/\"},{\"@type\":\"ListItem\",\"position\":4,\"name\":\"CSE SAN JOS\u00c9 DE CALASANZ Governador Valadares (Brasil)\"}]},{\"@type\":\"WebSite\",\"@id\":\"https:\\\/\\\/www.itakaescolapios.org\\\/es\\\/#website\",\"url\":\"https:\\\/\\\/www.itakaescolapios.org\\\/es\\\/\",\"name\":\"Itaka-Escolapios\",\"description\":\"Red de Itaka-Escolapios\",\"publisher\":{\"@id\":\"https:\\\/\\\/www.itakaescolapios.org\\\/es\\\/#organization\"},\"potentialAction\":[{\"@type\":\"SearchAction\",\"target\":{\"@type\":\"EntryPoint\",\"urlTemplate\":\"https:\\\/\\\/www.itakaescolapios.org\\\/es\\\/?s={search_term_string}\"},\"query-input\":{\"@type\":\"PropertyValueSpecification\",\"valueRequired\":true,\"valueName\":\"search_term_string\"}}],\"inLanguage\":\"es\"},{\"@type\":\"Organization\",\"@id\":\"https:\\\/\\\/www.itakaescolapios.org\\\/es\\\/#organization\",\"name\":\"Fundaci\u00f3 Itaka-Escolapios\",\"url\":\"https:\\\/\\\/www.itakaescolapios.org\\\/es\\\/\",\"logo\":{\"@type\":\"ImageObject\",\"inLanguage\":\"es\",\"@id\":\"https:\\\/\\\/www.itakaescolapios.org\\\/es\\\/#\\\/schema\\\/logo\\\/image\\\/\",\"url\":\"https:\\\/\\\/www.itakaescolapios.org\\\/wp-content\\\/uploads\\\/2024\\\/04\\\/Logo-itakaescolapios-peque.png\",\"contentUrl\":\"https:\\\/\\\/www.itakaescolapios.org\\\/wp-content\\\/uploads\\\/2024\\\/04\\\/Logo-itakaescolapios-peque.png\",\"width\":500,\"height\":199,\"caption\":\"Fundaci\u00f3 Itaka-Escolapios\"},\"image\":{\"@id\":\"https:\\\/\\\/www.itakaescolapios.org\\\/es\\\/#\\\/schema\\\/logo\\\/image\\\/\"}}]}<\/script>\n<!-- \/ Yoast SEO plugin. -->","yoast_head_json":{"title":"CSE SAN JOS\u00c9 DE CALASANZ Governador Valadares (Brasil) - Itaka-Escolapios","robots":{"index":"index","follow":"follow","max-snippet":"max-snippet:-1","max-image-preview":"max-image-preview:large","max-video-preview":"max-video-preview:-1"},"canonical":"https:\/\/www.itakaescolapios.org\/es\/que-hacemos\/centros-socio-educativos\/cse-governador-de-valadares-brasil\/","og_locale":"es_ES","og_type":"article","og_title":"CSE SAN JOS\u00c9 DE CALASANZ Governador Valadares (Brasil) - Itaka-Escolapios","og_description":"El centro socio-educativo de Governador de Valadares se encuentra situado en una zona pobre\u00a0a las afueras de\u00a0la ciudad\u00a0con altos \u00edndices de\u00a0violencia y\u00a0adicci\u00f3n a las drogas Es el mayor de los [&hellip;]","og_url":"https:\/\/www.itakaescolapios.org\/es\/que-hacemos\/centros-socio-educativos\/cse-governador-de-valadares-brasil\/","og_site_name":"Itaka-Escolapios","article_modified_time":"2023-11-28T11:39:48+00:00","og_image":[{"width":1000,"height":1500,"url":"https:\/\/www.itakaescolapios.org\/wp-content\/uploads\/2012\/05\/02.jpg","type":"image\/jpeg"}],"twitter_card":"summary_large_image","twitter_misc":{"Tiempo de lectura":"1 minuto"},"schema":{"@context":"https:\/\/schema.org","@graph":[{"@type":"WebPage","@id":"https:\/\/www.itakaescolapios.org\/es\/que-hacemos\/centros-socio-educativos\/cse-governador-de-valadares-brasil\/","url":"https:\/\/www.itakaescolapios.org\/es\/que-hacemos\/centros-socio-educativos\/cse-governador-de-valadares-brasil\/","name":"CSE SAN JOS\u00c9 DE CALASANZ Governador Valadares (Brasil) - Itaka-Escolapios","isPartOf":{"@id":"https:\/\/www.itakaescolapios.org\/es\/#website"},"primaryImageOfPage":{"@id":"https:\/\/www.itakaescolapios.org\/es\/que-hacemos\/centros-socio-educativos\/cse-governador-de-valadares-brasil\/#primaryimage"},"image":{"@id":"https:\/\/www.itakaescolapios.org\/es\/que-hacemos\/centros-socio-educativos\/cse-governador-de-valadares-brasil\/#primaryimage"},"thumbnailUrl":"https:\/\/www.itakaescolapios.org\/wp-content\/uploads\/2012\/05\/02.jpg","datePublished":"2012-05-31T16:55:37+00:00","dateModified":"2023-11-28T11:39:48+00:00","breadcrumb":{"@id":"https:\/\/www.itakaescolapios.org\/es\/que-hacemos\/centros-socio-educativos\/cse-governador-de-valadares-brasil\/#breadcrumb"},"inLanguage":"es","potentialAction":[{"@type":"ReadAction","target":["https:\/\/www.itakaescolapios.org\/es\/que-hacemos\/centros-socio-educativos\/cse-governador-de-valadares-brasil\/"]}]},{"@type":"ImageObject","inLanguage":"es","@id":"https:\/\/www.itakaescolapios.org\/es\/que-hacemos\/centros-socio-educativos\/cse-governador-de-valadares-brasil\/#primaryimage","url":"https:\/\/www.itakaescolapios.org\/wp-content\/uploads\/2012\/05\/02.jpg","contentUrl":"https:\/\/www.itakaescolapios.org\/wp-content\/uploads\/2012\/05\/02.jpg","width":1000,"height":1500},{"@type":"BreadcrumbList","@id":"https:\/\/www.itakaescolapios.org\/es\/que-hacemos\/centros-socio-educativos\/cse-governador-de-valadares-brasil\/#breadcrumb","itemListElement":[{"@type":"ListItem","position":1,"name":"Portada","item":"https:\/\/www.itakaescolapios.org\/es\/"},{"@type":"ListItem","position":2,"name":"Qu\u00e9 hacemos","item":"https:\/\/www.itakaescolapios.org\/es\/que-hacemos\/"},{"@type":"ListItem","position":3,"name":"Centros Socio-Educativos","item":"https:\/\/www.itakaescolapios.org\/es\/que-hacemos\/centros-socio-educativos\/"},{"@type":"ListItem","position":4,"name":"CSE SAN JOS\u00c9 DE CALASANZ Governador Valadares (Brasil)"}]},{"@type":"WebSite","@id":"https:\/\/www.itakaescolapios.org\/es\/#website","url":"https:\/\/www.itakaescolapios.org\/es\/","name":"Itaka-Escolapios","description":"Red de Itaka-Escolapios","publisher":{"@id":"https:\/\/www.itakaescolapios.org\/es\/#organization"},"potentialAction":[{"@type":"SearchAction","target":{"@type":"EntryPoint","urlTemplate":"https:\/\/www.itakaescolapios.org\/es\/?s={search_term_string}"},"query-input":{"@type":"PropertyValueSpecification","valueRequired":true,"valueName":"search_term_string"}}],"inLanguage":"es"},{"@type":"Organization","@id":"https:\/\/www.itakaescolapios.org\/es\/#organization","name":"Fundaci\u00f3 Itaka-Escolapios","url":"https:\/\/www.itakaescolapios.org\/es\/","logo":{"@type":"ImageObject","inLanguage":"es","@id":"https:\/\/www.itakaescolapios.org\/es\/#\/schema\/logo\/image\/","url":"https:\/\/www.itakaescolapios.org\/wp-content\/uploads\/2024\/04\/Logo-itakaescolapios-peque.png","contentUrl":"https:\/\/www.itakaescolapios.org\/wp-content\/uploads\/2024\/04\/Logo-itakaescolapios-peque.png","width":500,"height":199,"caption":"Fundaci\u00f3 Itaka-Escolapios"},"image":{"@id":"https:\/\/www.itakaescolapios.org\/es\/#\/schema\/logo\/image\/"}}]}},"_links":{"self":[{"href":"https:\/\/www.itakaescolapios.org\/es\/wp-json\/wp\/v2\/pages\/246","targetHints":{"allow":["GET"]}}],"collection":[{"href":"https:\/\/www.itakaescolapios.org\/es\/wp-json\/wp\/v2\/pages"}],"about":[{"href":"https:\/\/www.itakaescolapios.org\/es\/wp-json\/wp\/v2\/types\/page"}],"author":[{"embeddable":true,"href":"https:\/\/www.itakaescolapios.org\/es\/wp-json\/wp\/v2\/users\/1"}],"replies":[{"embeddable":true,"href":"https:\/\/www.itakaescolapios.org\/es\/wp-json\/wp\/v2\/comments?post=246"}],"version-history":[{"count":17,"href":"https:\/\/www.itakaescolapios.org\/es\/wp-json\/wp\/v2\/pages\/246\/revisions"}],"predecessor-version":[{"id":50283,"href":"https:\/\/www.itakaescolapios.org\/es\/wp-json\/wp\/v2\/pages\/246\/revisions\/50283"}],"up":[{"embeddable":true,"href":"https:\/\/www.itakaescolapios.org\/es\/wp-json\/wp\/v2\/pages\/83"}],"wp:featuredmedia":[{"embeddable":true,"href":"https:\/\/www.itakaescolapios.org\/es\/wp-json\/wp\/v2\/media\/16297"}],"wp:attachment":[{"href":"https:\/\/www.itakaescolapios.org\/es\/wp-json\/wp\/v2\/media?parent=246"}],"curies":[{"name":"wp","href":"https:\/\/api.w.org\/{rel}","templated":true}]}}