{"id":24641,"date":"2018-10-04T14:18:23","date_gmt":"2018-10-04T13:18:23","guid":{"rendered":"https:\/\/www.itakaescolapios.org\/?page_id=24641"},"modified":"2023-11-28T12:37:13","modified_gmt":"2023-11-28T11:37:13","slug":"2018-2019-al-ritmo-del-congo","status":"publish","type":"page","link":"https:\/\/www.itakaescolapios.org\/es\/campanas\/2018-2019-al-ritmo-del-congo\/","title":{"rendered":"2018-2019 AL RITMO DE CONGO"},"content":{"rendered":"<p><iframe loading=\"lazy\" title=\"Video de la campa\u00f1a: 2018-2019 Al ritmo de Congo\" width=\"1080\" height=\"608\" src=\"https:\/\/www.youtube.com\/embed\/wKAH4a53RCE?feature=oembed\"  allow=\"accelerometer; autoplay; clipboard-write; encrypted-media; gyroscope; picture-in-picture; web-share\" referrerpolicy=\"strict-origin-when-cross-origin\" allowfullscreen><\/iframe><\/p>\n<p>La campa\u00f1a de solidaridad de Itaka-Escolapios aborda este a\u00f1o un nuevo e ilusionante reto: dirigimos nuestras miradas y esfuerzos a la Rep\u00fablica Democr\u00e1tica del Congo, un pa\u00eds en pleno coraz\u00f3n de \u00c1frica que encarna como ninguno la fuerza, la riqueza y los sue\u00f1os del continente, aunque tambi\u00e9n sus graves problemas e injusticias.<\/p>\n<p>La misi\u00f3n escolapia en la Rep\u00fablica Democr\u00e1tica del Congo se desarrolla en un contexto especialmente dif\u00edcil, por la gran inestabilidad pol\u00edtica y la persistencia de graves carencias para la mayor parte de su poblaci\u00f3n, que vive en la pobreza. Es por eso tambi\u00e9n que el trabajo all\u00e1 es tan necesario.<\/p>\n<p>Pero la realidad de la R.D.C. , afortunadamente, no se reduce a esta imagen de negatividad: el pa\u00eds posee un gran potencialidad cultural y humano gracias al que cabe aspirar a un futuro mejor, que ha de ser construido con la ayuda especialmente de la educaci\u00f3n.<\/p>\n<p>Siguiendo el lema de este curso, la campa\u00f1a de solidaridad pone EN TUS MANOS -nuestras manos- los desaf\u00edos y necesidades de la misi\u00f3n escolapia en la R.D. Congo. Y junto a ello, los sue\u00f1os de tantas ni\u00f1as, ni\u00f1os y j\u00f3venes que son los verdaderos protagonistas de nuestros proyectos all\u00e1.<\/p>\n<div style=\"width: 100%;\"><\/div>\n<p><!--more--><\/p>\n","protected":false},"excerpt":{"rendered":"<p>La campa\u00f1a de solidaridad de Itaka-Escolapios aborda este a\u00f1o un nuevo e ilusionante reto: dirigimos nuestras miradas y esfuerzos a la Rep\u00fablica Democr\u00e1tica del Congo, un pa\u00eds en pleno coraz\u00f3n [&hellip;]<\/p>\n","protected":false},"author":46,"featured_media":0,"parent":7523,"menu_order":3,"comment_status":"closed","ping_status":"closed","template":"","meta":{"_et_pb_use_builder":"","_et_pb_old_content":"","_et_gb_content_width":"","footnotes":""},"class_list":["post-24641","page","type-page","status-publish","hentry"],"yoast_head":"<!-- This site is optimized with the Yoast SEO plugin v27.3 - https:\/\/yoast.com\/product\/yoast-seo-wordpress\/ -->\n<title>2018-2019 AL RITMO DE CONGO - Itaka-Escolapios<\/title>\n<meta name=\"robots\" content=\"index, follow, max-snippet:-1, max-image-preview:large, max-video-preview:-1\" \/>\n<link rel=\"canonical\" href=\"https:\/\/www.itakaescolapios.org\/es\/campanas\/2018-2019-al-ritmo-del-congo\/\" \/>\n<meta property=\"og:locale\" content=\"es_ES\" \/>\n<meta property=\"og:type\" content=\"article\" \/>\n<meta property=\"og:title\" content=\"2018-2019 AL RITMO DE CONGO - Itaka-Escolapios\" \/>\n<meta property=\"og:description\" content=\"La campa\u00f1a de solidaridad de Itaka-Escolapios aborda este a\u00f1o un nuevo e ilusionante reto: dirigimos nuestras miradas y esfuerzos a la Rep\u00fablica Democr\u00e1tica del Congo, un pa\u00eds en pleno coraz\u00f3n [&hellip;]\" \/>\n<meta property=\"og:url\" content=\"https:\/\/www.itakaescolapios.org\/es\/campanas\/2018-2019-al-ritmo-del-congo\/\" \/>\n<meta property=\"og:site_name\" content=\"Itaka-Escolapios\" \/>\n<meta property=\"article:modified_time\" content=\"2023-11-28T11:37:13+00:00\" \/>\n<meta name=\"twitter:card\" content=\"summary_large_image\" \/>\n<meta name=\"twitter:label1\" content=\"Tiempo de lectura\" \/>\n\t<meta name=\"twitter:data1\" content=\"1 minuto\" \/>\n<script type=\"application\/ld+json\" class=\"yoast-schema-graph\">{\"@context\":\"https:\\\/\\\/schema.org\",\"@graph\":[{\"@type\":\"WebPage\",\"@id\":\"https:\\\/\\\/www.itakaescolapios.org\\\/es\\\/campanas\\\/2018-2019-al-ritmo-del-congo\\\/\",\"url\":\"https:\\\/\\\/www.itakaescolapios.org\\\/es\\\/campanas\\\/2018-2019-al-ritmo-del-congo\\\/\",\"name\":\"2018-2019 AL RITMO DE CONGO - Itaka-Escolapios\",\"isPartOf\":{\"@id\":\"https:\\\/\\\/www.itakaescolapios.org\\\/es\\\/#website\"},\"datePublished\":\"2018-10-04T13:18:23+00:00\",\"dateModified\":\"2023-11-28T11:37:13+00:00\",\"breadcrumb\":{\"@id\":\"https:\\\/\\\/www.itakaescolapios.org\\\/es\\\/campanas\\\/2018-2019-al-ritmo-del-congo\\\/#breadcrumb\"},\"inLanguage\":\"es\",\"potentialAction\":[{\"@type\":\"ReadAction\",\"target\":[\"https:\\\/\\\/www.itakaescolapios.org\\\/es\\\/campanas\\\/2018-2019-al-ritmo-del-congo\\\/\"]}]},{\"@type\":\"BreadcrumbList\",\"@id\":\"https:\\\/\\\/www.itakaescolapios.org\\\/es\\\/campanas\\\/2018-2019-al-ritmo-del-congo\\\/#breadcrumb\",\"itemListElement\":[{\"@type\":\"ListItem\",\"position\":1,\"name\":\"Portada\",\"item\":\"https:\\\/\\\/www.itakaescolapios.org\\\/es\\\/\"},{\"@type\":\"ListItem\",\"position\":2,\"name\":\"Campa\u00f1as\",\"item\":\"https:\\\/\\\/www.itakaescolapios.org\\\/es\\\/campanas\\\/\"},{\"@type\":\"ListItem\",\"position\":3,\"name\":\"2018-2019 AL RITMO DE CONGO\"}]},{\"@type\":\"WebSite\",\"@id\":\"https:\\\/\\\/www.itakaescolapios.org\\\/es\\\/#website\",\"url\":\"https:\\\/\\\/www.itakaescolapios.org\\\/es\\\/\",\"name\":\"Itaka-Escolapios\",\"description\":\"Red de Itaka-Escolapios\",\"publisher\":{\"@id\":\"https:\\\/\\\/www.itakaescolapios.org\\\/es\\\/#organization\"},\"potentialAction\":[{\"@type\":\"SearchAction\",\"target\":{\"@type\":\"EntryPoint\",\"urlTemplate\":\"https:\\\/\\\/www.itakaescolapios.org\\\/es\\\/?s={search_term_string}\"},\"query-input\":{\"@type\":\"PropertyValueSpecification\",\"valueRequired\":true,\"valueName\":\"search_term_string\"}}],\"inLanguage\":\"es\"},{\"@type\":\"Organization\",\"@id\":\"https:\\\/\\\/www.itakaescolapios.org\\\/es\\\/#organization\",\"name\":\"Fundaci\u00f3 Itaka-Escolapios\",\"url\":\"https:\\\/\\\/www.itakaescolapios.org\\\/es\\\/\",\"logo\":{\"@type\":\"ImageObject\",\"inLanguage\":\"es\",\"@id\":\"https:\\\/\\\/www.itakaescolapios.org\\\/es\\\/#\\\/schema\\\/logo\\\/image\\\/\",\"url\":\"https:\\\/\\\/www.itakaescolapios.org\\\/wp-content\\\/uploads\\\/2024\\\/04\\\/Logo-itakaescolapios-peque.png\",\"contentUrl\":\"https:\\\/\\\/www.itakaescolapios.org\\\/wp-content\\\/uploads\\\/2024\\\/04\\\/Logo-itakaescolapios-peque.png\",\"width\":500,\"height\":199,\"caption\":\"Fundaci\u00f3 Itaka-Escolapios\"},\"image\":{\"@id\":\"https:\\\/\\\/www.itakaescolapios.org\\\/es\\\/#\\\/schema\\\/logo\\\/image\\\/\"}}]}<\/script>\n<!-- \/ Yoast SEO plugin. -->","yoast_head_json":{"title":"2018-2019 AL RITMO DE CONGO - Itaka-Escolapios","robots":{"index":"index","follow":"follow","max-snippet":"max-snippet:-1","max-image-preview":"max-image-preview:large","max-video-preview":"max-video-preview:-1"},"canonical":"https:\/\/www.itakaescolapios.org\/es\/campanas\/2018-2019-al-ritmo-del-congo\/","og_locale":"es_ES","og_type":"article","og_title":"2018-2019 AL RITMO DE CONGO - Itaka-Escolapios","og_description":"La campa\u00f1a de solidaridad de Itaka-Escolapios aborda este a\u00f1o un nuevo e ilusionante reto: dirigimos nuestras miradas y esfuerzos a la Rep\u00fablica Democr\u00e1tica del Congo, un pa\u00eds en pleno coraz\u00f3n [&hellip;]","og_url":"https:\/\/www.itakaescolapios.org\/es\/campanas\/2018-2019-al-ritmo-del-congo\/","og_site_name":"Itaka-Escolapios","article_modified_time":"2023-11-28T11:37:13+00:00","twitter_card":"summary_large_image","twitter_misc":{"Tiempo de lectura":"1 minuto"},"schema":{"@context":"https:\/\/schema.org","@graph":[{"@type":"WebPage","@id":"https:\/\/www.itakaescolapios.org\/es\/campanas\/2018-2019-al-ritmo-del-congo\/","url":"https:\/\/www.itakaescolapios.org\/es\/campanas\/2018-2019-al-ritmo-del-congo\/","name":"2018-2019 AL RITMO DE CONGO - Itaka-Escolapios","isPartOf":{"@id":"https:\/\/www.itakaescolapios.org\/es\/#website"},"datePublished":"2018-10-04T13:18:23+00:00","dateModified":"2023-11-28T11:37:13+00:00","breadcrumb":{"@id":"https:\/\/www.itakaescolapios.org\/es\/campanas\/2018-2019-al-ritmo-del-congo\/#breadcrumb"},"inLanguage":"es","potentialAction":[{"@type":"ReadAction","target":["https:\/\/www.itakaescolapios.org\/es\/campanas\/2018-2019-al-ritmo-del-congo\/"]}]},{"@type":"BreadcrumbList","@id":"https:\/\/www.itakaescolapios.org\/es\/campanas\/2018-2019-al-ritmo-del-congo\/#breadcrumb","itemListElement":[{"@type":"ListItem","position":1,"name":"Portada","item":"https:\/\/www.itakaescolapios.org\/es\/"},{"@type":"ListItem","position":2,"name":"Campa\u00f1as","item":"https:\/\/www.itakaescolapios.org\/es\/campanas\/"},{"@type":"ListItem","position":3,"name":"2018-2019 AL RITMO DE CONGO"}]},{"@type":"WebSite","@id":"https:\/\/www.itakaescolapios.org\/es\/#website","url":"https:\/\/www.itakaescolapios.org\/es\/","name":"Itaka-Escolapios","description":"Red de Itaka-Escolapios","publisher":{"@id":"https:\/\/www.itakaescolapios.org\/es\/#organization"},"potentialAction":[{"@type":"SearchAction","target":{"@type":"EntryPoint","urlTemplate":"https:\/\/www.itakaescolapios.org\/es\/?s={search_term_string}"},"query-input":{"@type":"PropertyValueSpecification","valueRequired":true,"valueName":"search_term_string"}}],"inLanguage":"es"},{"@type":"Organization","@id":"https:\/\/www.itakaescolapios.org\/es\/#organization","name":"Fundaci\u00f3 Itaka-Escolapios","url":"https:\/\/www.itakaescolapios.org\/es\/","logo":{"@type":"ImageObject","inLanguage":"es","@id":"https:\/\/www.itakaescolapios.org\/es\/#\/schema\/logo\/image\/","url":"https:\/\/www.itakaescolapios.org\/wp-content\/uploads\/2024\/04\/Logo-itakaescolapios-peque.png","contentUrl":"https:\/\/www.itakaescolapios.org\/wp-content\/uploads\/2024\/04\/Logo-itakaescolapios-peque.png","width":500,"height":199,"caption":"Fundaci\u00f3 Itaka-Escolapios"},"image":{"@id":"https:\/\/www.itakaescolapios.org\/es\/#\/schema\/logo\/image\/"}}]}},"_links":{"self":[{"href":"https:\/\/www.itakaescolapios.org\/es\/wp-json\/wp\/v2\/pages\/24641","targetHints":{"allow":["GET"]}}],"collection":[{"href":"https:\/\/www.itakaescolapios.org\/es\/wp-json\/wp\/v2\/pages"}],"about":[{"href":"https:\/\/www.itakaescolapios.org\/es\/wp-json\/wp\/v2\/types\/page"}],"author":[{"embeddable":true,"href":"https:\/\/www.itakaescolapios.org\/es\/wp-json\/wp\/v2\/users\/46"}],"replies":[{"embeddable":true,"href":"https:\/\/www.itakaescolapios.org\/es\/wp-json\/wp\/v2\/comments?post=24641"}],"version-history":[{"count":19,"href":"https:\/\/www.itakaescolapios.org\/es\/wp-json\/wp\/v2\/pages\/24641\/revisions"}],"predecessor-version":[{"id":46316,"href":"https:\/\/www.itakaescolapios.org\/es\/wp-json\/wp\/v2\/pages\/24641\/revisions\/46316"}],"up":[{"embeddable":true,"href":"https:\/\/www.itakaescolapios.org\/es\/wp-json\/wp\/v2\/pages\/7523"}],"wp:attachment":[{"href":"https:\/\/www.itakaescolapios.org\/es\/wp-json\/wp\/v2\/media?parent=24641"}],"curies":[{"name":"wp","href":"https:\/\/api.w.org\/{rel}","templated":true}]}}