{"id":248,"date":"2012-05-31T17:56:14","date_gmt":"2012-05-31T16:56:14","guid":{"rendered":"https:\/\/www.itakaescolapios.org\/?page_id=248"},"modified":"2023-11-28T12:39:48","modified_gmt":"2023-11-28T11:39:48","slug":"cse-serra-brasil","status":"publish","type":"page","link":"https:\/\/www.itakaescolapios.org\/es\/que-hacemos\/centros-socio-educativos\/cse-serra-brasil\/","title":{"rendered":"CSE SAN JOS\u00c9 DE CALASANZ Serra (Brasil)"},"content":{"rendered":"<p style=\"text-align: justify;\" align=\"JUSTIFY\">El\u00a0Centro Social\u00a0de San\u00a0Jos\u00e9 de Calasanz\u00a0presta servicio a la poblaci\u00f3n\u00a0de los distritos de\u00a0Feu\u00a0Rosa y\u00a0Vila Nova de Colares, ambos marcados\u00a0por altos niveles de\u00a0violencia y bolsas de pobreza.\u00a0Son barrios surgidos en\u00a0la d\u00e9cada de los 80,\u00a0por el desplazamiento de la poblaci\u00f3n de los barrios marginales\u00a0de la ciudad de Victoria, tras verse \u00e9sta\u00a0afectada por\u00a0deslizamientos de tierra. Dichos barrios vieron como se sepultaban sus casas, lo que forz\u00f3 la evacuaci\u00f3n de muchos hogares.\u00a0Abandonados por\u00a0el gobierno\u00a0en ese momento,\u00a0estas familias\u00a0emigraron a\u00a0esta regi\u00f3n<\/p>\n<p style=\"text-align: justify;\" align=\"JUSTIFY\">El centro tiene una superficie de \u00a0715 \u00a0m2, distribuidos en una sala\u00a0taller,\u00a0sala de atenci\u00f3n, administraci\u00f3n, atenci\u00f3n de los servicios sociales, comedor, cocina\u00a0semi-industrial, sala multimedia con estructura para\u00a0clases de ballet, capoeira\u00a0y brake-dance, sala de inform\u00e1tica,\u00a0telecentro,\u00a0mini biblioteca, almac\u00e9n y\u00a0zona exterior.<\/p>\n<p style=\"text-align: justify;\" align=\"JUSTIFY\">El centro lleva a cabo los siguientes programas:<\/p>\n<ul>\n<li style=\"text-align: justify;\">\n<p align=\"JUSTIFY\">Bioenerg\u00eda:\u00a0servicio a la comunidad\u00a0a trav\u00e9s del conocimiento\u00a0de las plantas medicinales\u00a0y pr\u00e1cticas de la bioenerg\u00eda\u00a0basada en el m\u00e9todo\u00a0Reiki.<\/p>\n<\/li>\n<li>\n<p style=\"text-align: justify;\" align=\"JUSTIFY\">Jornada escolar prolongada:\u00a0actividades sistem\u00e1ticas de capacitaci\u00f3n\u00a0para el desarrollo cognitivo\u00a0y la construcci\u00f3n\u00a0de las identidades\u00a0personales y sociales de\u00a0los ni\u00f1os y ni\u00f1as de 6 a\u00f1os\u00a0a 14 a\u00f1os.<\/p>\n<\/li>\n<\/ul>\n<p><!--more--><\/p>\n","protected":false},"excerpt":{"rendered":"<p>El\u00a0Centro Social\u00a0de San\u00a0Jos\u00e9 de Calasanz\u00a0presta servicio a la poblaci\u00f3n\u00a0de los distritos de\u00a0Feu\u00a0Rosa y\u00a0Vila Nova de Colares, ambos marcados\u00a0por altos niveles de\u00a0violencia y bolsas de pobreza.\u00a0Son barrios surgidos en\u00a0la d\u00e9cada de [&hellip;]<\/p>\n","protected":false},"author":1,"featured_media":16300,"parent":83,"menu_order":4,"comment_status":"closed","ping_status":"closed","template":"","meta":{"_et_pb_use_builder":"","_et_pb_old_content":"","_et_gb_content_width":"","footnotes":""},"class_list":["post-248","page","type-page","status-publish","has-post-thumbnail","hentry"],"yoast_head":"<!-- This site is optimized with the Yoast SEO plugin v27.3 - https:\/\/yoast.com\/product\/yoast-seo-wordpress\/ -->\n<title>CSE SAN JOS\u00c9 DE CALASANZ Serra (Brasil) - Itaka-Escolapios<\/title>\n<meta name=\"robots\" content=\"index, follow, max-snippet:-1, max-image-preview:large, max-video-preview:-1\" \/>\n<link rel=\"canonical\" href=\"https:\/\/www.itakaescolapios.org\/es\/que-hacemos\/centros-socio-educativos\/cse-serra-brasil\/\" \/>\n<meta property=\"og:locale\" content=\"es_ES\" \/>\n<meta property=\"og:type\" content=\"article\" \/>\n<meta property=\"og:title\" content=\"CSE SAN JOS\u00c9 DE CALASANZ Serra (Brasil) - Itaka-Escolapios\" \/>\n<meta property=\"og:description\" content=\"El\u00a0Centro Social\u00a0de San\u00a0Jos\u00e9 de Calasanz\u00a0presta servicio a la poblaci\u00f3n\u00a0de los distritos de\u00a0Feu\u00a0Rosa y\u00a0Vila Nova de Colares, ambos marcados\u00a0por altos niveles de\u00a0violencia y bolsas de pobreza.\u00a0Son barrios surgidos en\u00a0la d\u00e9cada de [&hellip;]\" \/>\n<meta property=\"og:url\" content=\"https:\/\/www.itakaescolapios.org\/es\/que-hacemos\/centros-socio-educativos\/cse-serra-brasil\/\" \/>\n<meta property=\"og:site_name\" content=\"Itaka-Escolapios\" \/>\n<meta property=\"article:modified_time\" content=\"2023-11-28T11:39:48+00:00\" \/>\n<meta property=\"og:image\" content=\"https:\/\/www.itakaescolapios.org\/wp-content\/uploads\/2012\/05\/03-1024x678.png\" \/>\n\t<meta property=\"og:image:width\" content=\"1024\" \/>\n\t<meta property=\"og:image:height\" content=\"678\" \/>\n\t<meta property=\"og:image:type\" content=\"image\/png\" \/>\n<meta name=\"twitter:card\" content=\"summary_large_image\" \/>\n<meta name=\"twitter:label1\" content=\"Tiempo de lectura\" \/>\n\t<meta name=\"twitter:data1\" content=\"1 minuto\" \/>\n<script type=\"application\/ld+json\" class=\"yoast-schema-graph\">{\"@context\":\"https:\\\/\\\/schema.org\",\"@graph\":[{\"@type\":\"WebPage\",\"@id\":\"https:\\\/\\\/www.itakaescolapios.org\\\/es\\\/que-hacemos\\\/centros-socio-educativos\\\/cse-serra-brasil\\\/\",\"url\":\"https:\\\/\\\/www.itakaescolapios.org\\\/es\\\/que-hacemos\\\/centros-socio-educativos\\\/cse-serra-brasil\\\/\",\"name\":\"CSE SAN JOS\u00c9 DE CALASANZ Serra (Brasil) - Itaka-Escolapios\",\"isPartOf\":{\"@id\":\"https:\\\/\\\/www.itakaescolapios.org\\\/es\\\/#website\"},\"primaryImageOfPage\":{\"@id\":\"https:\\\/\\\/www.itakaescolapios.org\\\/es\\\/que-hacemos\\\/centros-socio-educativos\\\/cse-serra-brasil\\\/#primaryimage\"},\"image\":{\"@id\":\"https:\\\/\\\/www.itakaescolapios.org\\\/es\\\/que-hacemos\\\/centros-socio-educativos\\\/cse-serra-brasil\\\/#primaryimage\"},\"thumbnailUrl\":\"https:\\\/\\\/www.itakaescolapios.org\\\/wp-content\\\/uploads\\\/2012\\\/05\\\/03.png\",\"datePublished\":\"2012-05-31T16:56:14+00:00\",\"dateModified\":\"2023-11-28T11:39:48+00:00\",\"breadcrumb\":{\"@id\":\"https:\\\/\\\/www.itakaescolapios.org\\\/es\\\/que-hacemos\\\/centros-socio-educativos\\\/cse-serra-brasil\\\/#breadcrumb\"},\"inLanguage\":\"es\",\"potentialAction\":[{\"@type\":\"ReadAction\",\"target\":[\"https:\\\/\\\/www.itakaescolapios.org\\\/es\\\/que-hacemos\\\/centros-socio-educativos\\\/cse-serra-brasil\\\/\"]}]},{\"@type\":\"ImageObject\",\"inLanguage\":\"es\",\"@id\":\"https:\\\/\\\/www.itakaescolapios.org\\\/es\\\/que-hacemos\\\/centros-socio-educativos\\\/cse-serra-brasil\\\/#primaryimage\",\"url\":\"https:\\\/\\\/www.itakaescolapios.org\\\/wp-content\\\/uploads\\\/2012\\\/05\\\/03.png\",\"contentUrl\":\"https:\\\/\\\/www.itakaescolapios.org\\\/wp-content\\\/uploads\\\/2012\\\/05\\\/03.png\",\"width\":1972,\"height\":1306},{\"@type\":\"BreadcrumbList\",\"@id\":\"https:\\\/\\\/www.itakaescolapios.org\\\/es\\\/que-hacemos\\\/centros-socio-educativos\\\/cse-serra-brasil\\\/#breadcrumb\",\"itemListElement\":[{\"@type\":\"ListItem\",\"position\":1,\"name\":\"Portada\",\"item\":\"https:\\\/\\\/www.itakaescolapios.org\\\/es\\\/\"},{\"@type\":\"ListItem\",\"position\":2,\"name\":\"Qu\u00e9 hacemos\",\"item\":\"https:\\\/\\\/www.itakaescolapios.org\\\/es\\\/que-hacemos\\\/\"},{\"@type\":\"ListItem\",\"position\":3,\"name\":\"Centros Socio-Educativos\",\"item\":\"https:\\\/\\\/www.itakaescolapios.org\\\/es\\\/que-hacemos\\\/centros-socio-educativos\\\/\"},{\"@type\":\"ListItem\",\"position\":4,\"name\":\"CSE SAN JOS\u00c9 DE CALASANZ Serra (Brasil)\"}]},{\"@type\":\"WebSite\",\"@id\":\"https:\\\/\\\/www.itakaescolapios.org\\\/es\\\/#website\",\"url\":\"https:\\\/\\\/www.itakaescolapios.org\\\/es\\\/\",\"name\":\"Itaka-Escolapios\",\"description\":\"Red de Itaka-Escolapios\",\"publisher\":{\"@id\":\"https:\\\/\\\/www.itakaescolapios.org\\\/es\\\/#organization\"},\"potentialAction\":[{\"@type\":\"SearchAction\",\"target\":{\"@type\":\"EntryPoint\",\"urlTemplate\":\"https:\\\/\\\/www.itakaescolapios.org\\\/es\\\/?s={search_term_string}\"},\"query-input\":{\"@type\":\"PropertyValueSpecification\",\"valueRequired\":true,\"valueName\":\"search_term_string\"}}],\"inLanguage\":\"es\"},{\"@type\":\"Organization\",\"@id\":\"https:\\\/\\\/www.itakaescolapios.org\\\/es\\\/#organization\",\"name\":\"Fundaci\u00f3 Itaka-Escolapios\",\"url\":\"https:\\\/\\\/www.itakaescolapios.org\\\/es\\\/\",\"logo\":{\"@type\":\"ImageObject\",\"inLanguage\":\"es\",\"@id\":\"https:\\\/\\\/www.itakaescolapios.org\\\/es\\\/#\\\/schema\\\/logo\\\/image\\\/\",\"url\":\"https:\\\/\\\/www.itakaescolapios.org\\\/wp-content\\\/uploads\\\/2024\\\/04\\\/Logo-itakaescolapios-peque.png\",\"contentUrl\":\"https:\\\/\\\/www.itakaescolapios.org\\\/wp-content\\\/uploads\\\/2024\\\/04\\\/Logo-itakaescolapios-peque.png\",\"width\":500,\"height\":199,\"caption\":\"Fundaci\u00f3 Itaka-Escolapios\"},\"image\":{\"@id\":\"https:\\\/\\\/www.itakaescolapios.org\\\/es\\\/#\\\/schema\\\/logo\\\/image\\\/\"}}]}<\/script>\n<!-- \/ Yoast SEO plugin. -->","yoast_head_json":{"title":"CSE SAN JOS\u00c9 DE CALASANZ Serra (Brasil) - Itaka-Escolapios","robots":{"index":"index","follow":"follow","max-snippet":"max-snippet:-1","max-image-preview":"max-image-preview:large","max-video-preview":"max-video-preview:-1"},"canonical":"https:\/\/www.itakaescolapios.org\/es\/que-hacemos\/centros-socio-educativos\/cse-serra-brasil\/","og_locale":"es_ES","og_type":"article","og_title":"CSE SAN JOS\u00c9 DE CALASANZ Serra (Brasil) - Itaka-Escolapios","og_description":"El\u00a0Centro Social\u00a0de San\u00a0Jos\u00e9 de Calasanz\u00a0presta servicio a la poblaci\u00f3n\u00a0de los distritos de\u00a0Feu\u00a0Rosa y\u00a0Vila Nova de Colares, ambos marcados\u00a0por altos niveles de\u00a0violencia y bolsas de pobreza.\u00a0Son barrios surgidos en\u00a0la d\u00e9cada de [&hellip;]","og_url":"https:\/\/www.itakaescolapios.org\/es\/que-hacemos\/centros-socio-educativos\/cse-serra-brasil\/","og_site_name":"Itaka-Escolapios","article_modified_time":"2023-11-28T11:39:48+00:00","og_image":[{"width":1024,"height":678,"url":"https:\/\/www.itakaescolapios.org\/wp-content\/uploads\/2012\/05\/03-1024x678.png","type":"image\/png"}],"twitter_card":"summary_large_image","twitter_misc":{"Tiempo de lectura":"1 minuto"},"schema":{"@context":"https:\/\/schema.org","@graph":[{"@type":"WebPage","@id":"https:\/\/www.itakaescolapios.org\/es\/que-hacemos\/centros-socio-educativos\/cse-serra-brasil\/","url":"https:\/\/www.itakaescolapios.org\/es\/que-hacemos\/centros-socio-educativos\/cse-serra-brasil\/","name":"CSE SAN JOS\u00c9 DE CALASANZ Serra (Brasil) - Itaka-Escolapios","isPartOf":{"@id":"https:\/\/www.itakaescolapios.org\/es\/#website"},"primaryImageOfPage":{"@id":"https:\/\/www.itakaescolapios.org\/es\/que-hacemos\/centros-socio-educativos\/cse-serra-brasil\/#primaryimage"},"image":{"@id":"https:\/\/www.itakaescolapios.org\/es\/que-hacemos\/centros-socio-educativos\/cse-serra-brasil\/#primaryimage"},"thumbnailUrl":"https:\/\/www.itakaescolapios.org\/wp-content\/uploads\/2012\/05\/03.png","datePublished":"2012-05-31T16:56:14+00:00","dateModified":"2023-11-28T11:39:48+00:00","breadcrumb":{"@id":"https:\/\/www.itakaescolapios.org\/es\/que-hacemos\/centros-socio-educativos\/cse-serra-brasil\/#breadcrumb"},"inLanguage":"es","potentialAction":[{"@type":"ReadAction","target":["https:\/\/www.itakaescolapios.org\/es\/que-hacemos\/centros-socio-educativos\/cse-serra-brasil\/"]}]},{"@type":"ImageObject","inLanguage":"es","@id":"https:\/\/www.itakaescolapios.org\/es\/que-hacemos\/centros-socio-educativos\/cse-serra-brasil\/#primaryimage","url":"https:\/\/www.itakaescolapios.org\/wp-content\/uploads\/2012\/05\/03.png","contentUrl":"https:\/\/www.itakaescolapios.org\/wp-content\/uploads\/2012\/05\/03.png","width":1972,"height":1306},{"@type":"BreadcrumbList","@id":"https:\/\/www.itakaescolapios.org\/es\/que-hacemos\/centros-socio-educativos\/cse-serra-brasil\/#breadcrumb","itemListElement":[{"@type":"ListItem","position":1,"name":"Portada","item":"https:\/\/www.itakaescolapios.org\/es\/"},{"@type":"ListItem","position":2,"name":"Qu\u00e9 hacemos","item":"https:\/\/www.itakaescolapios.org\/es\/que-hacemos\/"},{"@type":"ListItem","position":3,"name":"Centros Socio-Educativos","item":"https:\/\/www.itakaescolapios.org\/es\/que-hacemos\/centros-socio-educativos\/"},{"@type":"ListItem","position":4,"name":"CSE SAN JOS\u00c9 DE CALASANZ Serra (Brasil)"}]},{"@type":"WebSite","@id":"https:\/\/www.itakaescolapios.org\/es\/#website","url":"https:\/\/www.itakaescolapios.org\/es\/","name":"Itaka-Escolapios","description":"Red de Itaka-Escolapios","publisher":{"@id":"https:\/\/www.itakaescolapios.org\/es\/#organization"},"potentialAction":[{"@type":"SearchAction","target":{"@type":"EntryPoint","urlTemplate":"https:\/\/www.itakaescolapios.org\/es\/?s={search_term_string}"},"query-input":{"@type":"PropertyValueSpecification","valueRequired":true,"valueName":"search_term_string"}}],"inLanguage":"es"},{"@type":"Organization","@id":"https:\/\/www.itakaescolapios.org\/es\/#organization","name":"Fundaci\u00f3 Itaka-Escolapios","url":"https:\/\/www.itakaescolapios.org\/es\/","logo":{"@type":"ImageObject","inLanguage":"es","@id":"https:\/\/www.itakaescolapios.org\/es\/#\/schema\/logo\/image\/","url":"https:\/\/www.itakaescolapios.org\/wp-content\/uploads\/2024\/04\/Logo-itakaescolapios-peque.png","contentUrl":"https:\/\/www.itakaescolapios.org\/wp-content\/uploads\/2024\/04\/Logo-itakaescolapios-peque.png","width":500,"height":199,"caption":"Fundaci\u00f3 Itaka-Escolapios"},"image":{"@id":"https:\/\/www.itakaescolapios.org\/es\/#\/schema\/logo\/image\/"}}]}},"_links":{"self":[{"href":"https:\/\/www.itakaescolapios.org\/es\/wp-json\/wp\/v2\/pages\/248","targetHints":{"allow":["GET"]}}],"collection":[{"href":"https:\/\/www.itakaescolapios.org\/es\/wp-json\/wp\/v2\/pages"}],"about":[{"href":"https:\/\/www.itakaescolapios.org\/es\/wp-json\/wp\/v2\/types\/page"}],"author":[{"embeddable":true,"href":"https:\/\/www.itakaescolapios.org\/es\/wp-json\/wp\/v2\/users\/1"}],"replies":[{"embeddable":true,"href":"https:\/\/www.itakaescolapios.org\/es\/wp-json\/wp\/v2\/comments?post=248"}],"version-history":[{"count":16,"href":"https:\/\/www.itakaescolapios.org\/es\/wp-json\/wp\/v2\/pages\/248\/revisions"}],"predecessor-version":[{"id":50281,"href":"https:\/\/www.itakaescolapios.org\/es\/wp-json\/wp\/v2\/pages\/248\/revisions\/50281"}],"up":[{"embeddable":true,"href":"https:\/\/www.itakaescolapios.org\/es\/wp-json\/wp\/v2\/pages\/83"}],"wp:featuredmedia":[{"embeddable":true,"href":"https:\/\/www.itakaescolapios.org\/es\/wp-json\/wp\/v2\/media\/16300"}],"wp:attachment":[{"href":"https:\/\/www.itakaescolapios.org\/es\/wp-json\/wp\/v2\/media?parent=248"}],"curies":[{"name":"wp","href":"https:\/\/api.w.org\/{rel}","templated":true}]}}