{"id":254,"date":"2012-05-31T17:57:12","date_gmt":"2012-05-31T16:57:12","guid":{"rendered":"https:\/\/www.itakaescolapios.org\/?page_id=254"},"modified":"2023-11-28T12:39:48","modified_gmt":"2023-11-28T11:39:48","slug":"ikaskide-pamplona","status":"publish","type":"page","link":"https:\/\/www.itakaescolapios.org\/es\/que-hacemos\/centros-socio-educativos\/ikaskide-pamplona\/","title":{"rendered":"Ikaskide en IRU\u00d1A-PAMPLONA (ESPA\u00d1A)"},"content":{"rendered":"<p>Ikaskide es un centro socioeducativo y de promoci\u00f3n social donde participamos ni\u00f1os\/as, j\u00f3venes y adultos, situado en el Casco Viejo de Iru\u00f1a-Pamplona.<\/p>\n<p><em><span style=\"font-family: Calibri;\">Ikaskide gune gizahezitzaile bat da, Iru\u00f1eko Alde Zaharrean kokaturik dagoena. <\/span><\/em><\/p>\n<p><em><span style=\"font-family: Calibri;\">Hona hemen gure xedeak: <\/span><\/em><\/p>\n<ul>\n<li><em><span style=\"font-family: Calibri;\">\u00a0<\/span><span style=\"font-family: Calibri;\">Boluntariotzaren bitartez lan egin, gizakien arteko elkartasun sare bat sortuz. <\/span><\/em><\/li>\n<li><em><span style=\"font-family: Calibri;\">Pertsona jasotzaile eta boluntarioen arteko berdintasun eta zuzentasun harremanak sortu, parte hartzen duten lagunen kultura eta nortasuna errespetatuz. <\/span><\/em><\/li>\n<li><em><span style=\"font-family: Calibri;\">Proiektua jasotzen duten pertsonen parte hartzea bultzatu. <\/span><\/em><\/li>\n<li><em><span style=\"font-family: Calibri;\">Itaka-Escolapiosek dituen beste proiektu batzuekin, beste zentru hezitzaile batzuekin, beste gizarte erakunde batzuekin eta beste gizarte zerbitzu publiko batzuekin sare bat sortu. <\/span><\/em><\/li>\n<\/ul>\n<p><em><span style=\"font-family: Calibri;\">\u00a0<\/span><span style=\"font-family: Calibri;\">Gure jarduerarik nagusienak: <\/span><\/em><\/p>\n<ul>\n<li><em><span style=\"font-family: Calibri;\">Eskola laguntza <\/span><\/em><\/li>\n<li><em><span style=\"font-family: Calibri;\">Pertsona helduen formakuntza <\/span><\/em><\/li>\n<li><em><span style=\"font-family: Calibri;\">Aholkularitza legala eta soziala.<\/span><\/em><\/li>\n<\/ul>\n<p>Trabajamos desde el voluntariado, a partir de la acogida y el respeto a personas de culturas e identidades diferentes, y fomentando el protagonismo y la participaci\u00f3n de las personas destinatarias del proyecto.<\/p>\n<p>Complementamos y reforzamos la acci\u00f3n de los servicios sociales p\u00fablicos y de los centros educativos y tejemos red con otros proyectos de Itaka-Escolapios y con otras entidades sociales.<\/p>\n<p>Desarrollamos actualmente tres proyectos:<\/p>\n<p>A)\u00a0\u00a0\u00a0\u00a0 Apoyo escolar y actividades educativas para menores.<\/p>\n<ul>\n<li>Apoyo escolar: primaria de lunes a viernes, de 17:15 a 19 horas; ESO y Bachillerato, de 16 a 18 h, de martes a viernes.<\/li>\n<li>Dentro del horario del apoyo de primaria, incluimos talleres educativos y ludoteca.<\/li>\n<li>En la ESO y Bachillerato, ofrecemos refuerzos espec\u00edficos de algunas materias.<\/li>\n<li>Dos campamentos urbanos, en semana santa y en junio.<\/li>\n<li>Escuela de familias: un viernes al mes, de 18:30 a a 20h, para compartir ideas y buenas pr\u00e1cticas en torno a la educaci\u00f3n de nuestros hijos e hijas en edades de primaria.<\/li>\n<\/ul>\n<p>B)\u00a0\u00a0\u00a0\u00a0\u00a0 Formaci\u00f3n de j\u00f3venes y adultos:<\/p>\n<ul>\n<li>Alfabetizaci\u00f3n y ense\u00f1anza de castellano: lunes, martes y jueves, a lo largo de todo el curso escolar. Turno de ma\u00f1ana: de 9:30 a 11:30h; turno de tarde: 19:15 a 20:45 h.<\/li>\n<li>Preparaci\u00f3n del examen de\u00a0\u201ccompetencias clave\u201d para j\u00f3venes y adultos: de lunes a jueves a lo largo de todo el curso escolar, de\u00a09:15 a 11:00h (matem\u00e1ticas,y lenguaje).<\/li>\n<li>Apoyo a personas que est\u00e1n matriculadas en Educaci\u00f3n Secundaria para Adultos: de lunes a jueves, de 18:00 a 19:30h.<\/li>\n<li>Curso no oficial de capacitaci\u00f3n para el cuidado de personas dependientes: para trabajar cuidando ancianos y enfermos o para quienes cuiden a familiares dependientes. (24 horas).<\/li>\n<li>Inform\u00e1tica b\u00e1sica: dominio de algunos programas inform\u00e1ticos que tienen aplicaciones laborales. (25 h)<\/li>\n<li>Curso para la preparaci\u00f3n del examen para obtenci\u00f3n de la nacionalidad. Ma\u00f1anas, de 11:00 a 12:30 h)<\/li>\n<li>Grupo de costura. Martes a lo largo de todo el curso escolar, de 9:30h a 11:30h. (70h).<\/li>\n<\/ul>\n<p>C)\u00a0\u00a0\u00a0\u00a0\u00a0 Acogida, orientaci\u00f3n sociolaboral y servicio jur\u00eddico.<\/p>\n<ul>\n<li>Itinerarios personalizados para acceder a formaci\u00f3n, empleo, servicios y recursos sociales.<\/li>\n<li>Asesor\u00eda en todo tipo de temas legales.<\/li>\n<\/ul>\n<p><strong>Pedir cita previa para cualquier solicitud en:<\/strong><\/p>\n<p>948 22 76 11 &#8211; 948 20 38 91 &#8211; ikaskide@itakaescolapios.org<\/p>\n<p><strong>Horarios de atenci\u00f3n:<\/strong><\/p>\n<p>Martes y jueves, de 11:00 a 12:30h<\/p>\n<p>Viernes, de 18:00 a 19:30h<\/p>\n<p>C\/ Mayor 70. 1\u00ba 31001 Iru\u00f1a-Pamplona.<\/p>\n<p>Nuestro d\u00eda a d\u00eda, en\u00a0Facebook: <a href=\"https:\/\/goo.gl\/zJoF3T\">https:\/\/goo.gl\/zJoF3T<\/a><\/p>\n<p><a href=\"https:\/\/www.itakaescolapios.org\/wp-content\/uploads\/2023\/06\/Diapositiva1.jpg\"><img decoding=\"async\" class=\"alignnone  wp-image-42551\" src=\"https:\/\/www.itakaescolapios.org\/wp-content\/uploads\/2023\/06\/Diapositiva1.jpg\" alt=\"\" width=\"420\" height=\"236\" srcset=\"https:\/\/www.itakaescolapios.org\/wp-content\/uploads\/2023\/06\/Diapositiva1.jpg 1280w, https:\/\/www.itakaescolapios.org\/wp-content\/uploads\/2023\/06\/Diapositiva1-300x169.jpg 300w, https:\/\/www.itakaescolapios.org\/wp-content\/uploads\/2023\/06\/Diapositiva1-1024x576.jpg 1024w, https:\/\/www.itakaescolapios.org\/wp-content\/uploads\/2023\/06\/Diapositiva1-768x432.jpg 768w, https:\/\/www.itakaescolapios.org\/wp-content\/uploads\/2023\/06\/Diapositiva1-250x141.jpg 250w, https:\/\/www.itakaescolapios.org\/wp-content\/uploads\/2023\/06\/Diapositiva1-1080x608.jpg 1080w\" sizes=\"(max-width: 420px) 100vw, 420px\" \/><\/a><\/p>\n\n\t\t<style type=\"text\/css\">\n\t\t\t#gallery-1 {\n\t\t\t\tmargin: auto;\n\t\t\t}\n\t\t\t#gallery-1 .gallery-item {\n\t\t\t\tfloat: left;\n\t\t\t\tmargin-top: 10px;\n\t\t\t\ttext-align: center;\n\t\t\t\twidth: 20%;\n\t\t\t}\n\t\t\t#gallery-1 img {\n\t\t\t\tborder: 2px solid #cfcfcf;\n\t\t\t}\n\t\t\t#gallery-1 .gallery-caption {\n\t\t\t\tmargin-left: 0;\n\t\t\t}\n\t\t\t\/* see gallery_shortcode() in wp-includes\/media.php *\/\n\t\t<\/style>\n\t\t<div id='gallery-1' class='gallery galleryid-254 gallery-columns-5 gallery-size-thumbnail'><dl class='gallery-item'>\n\t\t\t<dt class='gallery-icon landscape'>\n\t\t\t\t<a href='https:\/\/www.itakaescolapios.org\/es\/que-hacemos\/centros-socio-educativos\/ikaskide-pamplona\/11036383_825795970823363_2196047945009849248_o\/'><img decoding=\"async\" width=\"90\" height=\"90\" src=\"https:\/\/www.itakaescolapios.org\/wp-content\/uploads\/2012\/05\/11036383_825795970823363_2196047945009849248_o-90x90.jpg\" class=\"attachment-thumbnail size-thumbnail\" alt=\"\" \/><\/a>\n\t\t\t<\/dt><\/dl><dl class='gallery-item'>\n\t\t\t<dt class='gallery-icon landscape'>\n\t\t\t\t<a href='https:\/\/www.itakaescolapios.org\/es\/que-hacemos\/centros-socio-educativos\/ikaskide-pamplona\/11043378_825795957490031_8359129234426310515_o\/'><img decoding=\"async\" width=\"90\" height=\"90\" src=\"https:\/\/www.itakaescolapios.org\/wp-content\/uploads\/2012\/05\/11043378_825795957490031_8359129234426310515_o-90x90.jpg\" class=\"attachment-thumbnail size-thumbnail\" alt=\"\" \/><\/a>\n\t\t\t<\/dt><\/dl><dl class='gallery-item'>\n\t\t\t<dt class='gallery-icon landscape'>\n\t\t\t\t<a href='https:\/\/www.itakaescolapios.org\/es\/que-hacemos\/centros-socio-educativos\/ikaskide-pamplona\/11046415_825795974156696_7305210943554002478_n\/'><img decoding=\"async\" width=\"90\" height=\"90\" src=\"https:\/\/www.itakaescolapios.org\/wp-content\/uploads\/2012\/05\/11046415_825795974156696_7305210943554002478_n-90x90.jpg\" class=\"attachment-thumbnail size-thumbnail\" alt=\"\" \/><\/a>\n\t\t\t<\/dt><\/dl><dl class='gallery-item'>\n\t\t\t<dt class='gallery-icon landscape'>\n\t\t\t\t<a href='https:\/\/www.itakaescolapios.org\/es\/que-hacemos\/centros-socio-educativos\/ikaskide-pamplona\/11050229_828083277261299_5615272068403477738_n\/'><img decoding=\"async\" width=\"90\" height=\"90\" src=\"https:\/\/www.itakaescolapios.org\/wp-content\/uploads\/2012\/05\/11050229_828083277261299_5615272068403477738_n-90x90.jpg\" class=\"attachment-thumbnail size-thumbnail\" alt=\"\" \/><\/a>\n\t\t\t<\/dt><\/dl><dl class='gallery-item'>\n\t\t\t<dt class='gallery-icon landscape'>\n\t\t\t\t<a href='https:\/\/www.itakaescolapios.org\/es\/que-hacemos\/centros-socio-educativos\/ikaskide-pamplona\/11148391_875474942522132_6606392910945680356_o\/'><img decoding=\"async\" width=\"90\" height=\"90\" src=\"https:\/\/www.itakaescolapios.org\/wp-content\/uploads\/2012\/05\/11148391_875474942522132_6606392910945680356_o-90x90.jpg\" class=\"attachment-thumbnail size-thumbnail\" alt=\"\" \/><\/a>\n\t\t\t<\/dt><\/dl><br style=\"clear: both\" \/><dl class='gallery-item'>\n\t\t\t<dt class='gallery-icon landscape'>\n\t\t\t\t<a href='https:\/\/www.itakaescolapios.org\/es\/que-hacemos\/centros-socio-educativos\/ikaskide-pamplona\/11539654_892393777496915_4480342087179350593_n\/'><img decoding=\"async\" width=\"90\" height=\"90\" src=\"https:\/\/www.itakaescolapios.org\/wp-content\/uploads\/2012\/05\/11539654_892393777496915_4480342087179350593_n-90x90.jpg\" class=\"attachment-thumbnail size-thumbnail\" alt=\"\" \/><\/a>\n\t\t\t<\/dt><\/dl><dl class='gallery-item'>\n\t\t\t<dt class='gallery-icon landscape'>\n\t\t\t\t<a href='https:\/\/www.itakaescolapios.org\/es\/que-hacemos\/centros-socio-educativos\/ikaskide-pamplona\/11950248_922960871106872_8043672333365967839_o\/'><img decoding=\"async\" width=\"90\" height=\"90\" src=\"https:\/\/www.itakaescolapios.org\/wp-content\/uploads\/2012\/05\/11950248_922960871106872_8043672333365967839_o-90x90.jpg\" class=\"attachment-thumbnail size-thumbnail\" alt=\"\" \/><\/a>\n\t\t\t<\/dt><\/dl><dl class='gallery-item'>\n\t\t\t<dt class='gallery-icon landscape'>\n\t\t\t\t<a href='https:\/\/www.itakaescolapios.org\/es\/que-hacemos\/centros-socio-educativos\/ikaskide-pamplona\/981662_518954321507531_389543477_o\/'><img decoding=\"async\" width=\"90\" height=\"90\" src=\"https:\/\/www.itakaescolapios.org\/wp-content\/uploads\/2012\/05\/981662_518954321507531_389543477_o-90x90.jpg\" class=\"attachment-thumbnail size-thumbnail\" alt=\"\" \/><\/a>\n\t\t\t<\/dt><\/dl><dl class='gallery-item'>\n\t\t\t<dt class='gallery-icon landscape'>\n\t\t\t\t<a href='https:\/\/www.itakaescolapios.org\/es\/que-hacemos\/centros-socio-educativos\/ikaskide-pamplona\/10960208_825795964156697_1487987669446187604_o-2\/'><img decoding=\"async\" width=\"90\" height=\"90\" src=\"https:\/\/www.itakaescolapios.org\/wp-content\/uploads\/2012\/05\/10960208_825795964156697_1487987669446187604_o-90x90.jpg\" class=\"attachment-thumbnail size-thumbnail\" alt=\"\" \/><\/a>\n\t\t\t<\/dt><\/dl>\n\t\t\t<br style='clear: both' \/>\n\t\t<\/div>\n\n","protected":false},"excerpt":{"rendered":"<p>Ikaskide es un centro socioeducativo y de promoci\u00f3n social donde participamos ni\u00f1os\/as, j\u00f3venes y adultos, situado en el Casco Viejo de Iru\u00f1a-Pamplona. Ikaskide gune gizahezitzaile bat da, Iru\u00f1eko Alde Zaharrean [&hellip;]<\/p>\n","protected":false},"author":1,"featured_media":1696,"parent":83,"menu_order":10,"comment_status":"closed","ping_status":"closed","template":"","meta":{"_et_pb_use_builder":"","_et_pb_old_content":"","_et_gb_content_width":"","footnotes":""},"class_list":["post-254","page","type-page","status-publish","has-post-thumbnail","hentry"],"yoast_head":"<!-- This site is optimized with the Yoast SEO plugin v27.3 - https:\/\/yoast.com\/product\/yoast-seo-wordpress\/ -->\n<title>Ikaskide en IRU\u00d1A-PAMPLONA (ESPA\u00d1A) - Itaka-Escolapios<\/title>\n<meta name=\"robots\" content=\"index, follow, max-snippet:-1, max-image-preview:large, max-video-preview:-1\" \/>\n<link rel=\"canonical\" href=\"https:\/\/www.itakaescolapios.org\/es\/que-hacemos\/centros-socio-educativos\/ikaskide-pamplona\/\" \/>\n<meta property=\"og:locale\" content=\"es_ES\" \/>\n<meta property=\"og:type\" content=\"article\" \/>\n<meta property=\"og:title\" content=\"Ikaskide en IRU\u00d1A-PAMPLONA (ESPA\u00d1A) - Itaka-Escolapios\" \/>\n<meta property=\"og:description\" content=\"Ikaskide es un centro socioeducativo y de promoci\u00f3n social donde participamos ni\u00f1os\/as, j\u00f3venes y adultos, situado en el Casco Viejo de Iru\u00f1a-Pamplona. Ikaskide gune gizahezitzaile bat da, Iru\u00f1eko Alde Zaharrean [&hellip;]\" \/>\n<meta property=\"og:url\" content=\"https:\/\/www.itakaescolapios.org\/es\/que-hacemos\/centros-socio-educativos\/ikaskide-pamplona\/\" \/>\n<meta property=\"og:site_name\" content=\"Itaka-Escolapios\" \/>\n<meta property=\"article:modified_time\" content=\"2023-11-28T11:39:48+00:00\" \/>\n<meta property=\"og:image\" content=\"https:\/\/www.itakaescolapios.org\/wp-content\/uploads\/2012\/05\/Centro-Socioeducativo-Ikaskide-3-Pamplona.jpg\" \/>\n\t<meta property=\"og:image:width\" content=\"1200\" \/>\n\t<meta property=\"og:image:height\" content=\"914\" \/>\n\t<meta property=\"og:image:type\" content=\"image\/jpeg\" \/>\n<meta name=\"twitter:card\" content=\"summary_large_image\" \/>\n<meta name=\"twitter:label1\" content=\"Tiempo de lectura\" \/>\n\t<meta name=\"twitter:data1\" content=\"3 minutos\" \/>\n<script type=\"application\/ld+json\" class=\"yoast-schema-graph\">{\"@context\":\"https:\\\/\\\/schema.org\",\"@graph\":[{\"@type\":\"WebPage\",\"@id\":\"https:\\\/\\\/www.itakaescolapios.org\\\/es\\\/que-hacemos\\\/centros-socio-educativos\\\/ikaskide-pamplona\\\/\",\"url\":\"https:\\\/\\\/www.itakaescolapios.org\\\/es\\\/que-hacemos\\\/centros-socio-educativos\\\/ikaskide-pamplona\\\/\",\"name\":\"Ikaskide en IRU\u00d1A-PAMPLONA (ESPA\u00d1A) - Itaka-Escolapios\",\"isPartOf\":{\"@id\":\"https:\\\/\\\/www.itakaescolapios.org\\\/es\\\/#website\"},\"primaryImageOfPage\":{\"@id\":\"https:\\\/\\\/www.itakaescolapios.org\\\/es\\\/que-hacemos\\\/centros-socio-educativos\\\/ikaskide-pamplona\\\/#primaryimage\"},\"image\":{\"@id\":\"https:\\\/\\\/www.itakaescolapios.org\\\/es\\\/que-hacemos\\\/centros-socio-educativos\\\/ikaskide-pamplona\\\/#primaryimage\"},\"thumbnailUrl\":\"https:\\\/\\\/www.itakaescolapios.org\\\/wp-content\\\/uploads\\\/2012\\\/05\\\/Centro-Socioeducativo-Ikaskide-3-Pamplona.jpg\",\"datePublished\":\"2012-05-31T16:57:12+00:00\",\"dateModified\":\"2023-11-28T11:39:48+00:00\",\"breadcrumb\":{\"@id\":\"https:\\\/\\\/www.itakaescolapios.org\\\/es\\\/que-hacemos\\\/centros-socio-educativos\\\/ikaskide-pamplona\\\/#breadcrumb\"},\"inLanguage\":\"es\",\"potentialAction\":[{\"@type\":\"ReadAction\",\"target\":[\"https:\\\/\\\/www.itakaescolapios.org\\\/es\\\/que-hacemos\\\/centros-socio-educativos\\\/ikaskide-pamplona\\\/\"]}]},{\"@type\":\"ImageObject\",\"inLanguage\":\"es\",\"@id\":\"https:\\\/\\\/www.itakaescolapios.org\\\/es\\\/que-hacemos\\\/centros-socio-educativos\\\/ikaskide-pamplona\\\/#primaryimage\",\"url\":\"https:\\\/\\\/www.itakaescolapios.org\\\/wp-content\\\/uploads\\\/2012\\\/05\\\/Centro-Socioeducativo-Ikaskide-3-Pamplona.jpg\",\"contentUrl\":\"https:\\\/\\\/www.itakaescolapios.org\\\/wp-content\\\/uploads\\\/2012\\\/05\\\/Centro-Socioeducativo-Ikaskide-3-Pamplona.jpg\",\"width\":\"1200\",\"height\":\"914\"},{\"@type\":\"BreadcrumbList\",\"@id\":\"https:\\\/\\\/www.itakaescolapios.org\\\/es\\\/que-hacemos\\\/centros-socio-educativos\\\/ikaskide-pamplona\\\/#breadcrumb\",\"itemListElement\":[{\"@type\":\"ListItem\",\"position\":1,\"name\":\"Portada\",\"item\":\"https:\\\/\\\/www.itakaescolapios.org\\\/es\\\/\"},{\"@type\":\"ListItem\",\"position\":2,\"name\":\"Qu\u00e9 hacemos\",\"item\":\"https:\\\/\\\/www.itakaescolapios.org\\\/es\\\/que-hacemos\\\/\"},{\"@type\":\"ListItem\",\"position\":3,\"name\":\"Centros Socio-Educativos\",\"item\":\"https:\\\/\\\/www.itakaescolapios.org\\\/es\\\/que-hacemos\\\/centros-socio-educativos\\\/\"},{\"@type\":\"ListItem\",\"position\":4,\"name\":\"Ikaskide en IRU\u00d1A-PAMPLONA (ESPA\u00d1A)\"}]},{\"@type\":\"WebSite\",\"@id\":\"https:\\\/\\\/www.itakaescolapios.org\\\/es\\\/#website\",\"url\":\"https:\\\/\\\/www.itakaescolapios.org\\\/es\\\/\",\"name\":\"Itaka-Escolapios\",\"description\":\"Red de Itaka-Escolapios\",\"publisher\":{\"@id\":\"https:\\\/\\\/www.itakaescolapios.org\\\/es\\\/#organization\"},\"potentialAction\":[{\"@type\":\"SearchAction\",\"target\":{\"@type\":\"EntryPoint\",\"urlTemplate\":\"https:\\\/\\\/www.itakaescolapios.org\\\/es\\\/?s={search_term_string}\"},\"query-input\":{\"@type\":\"PropertyValueSpecification\",\"valueRequired\":true,\"valueName\":\"search_term_string\"}}],\"inLanguage\":\"es\"},{\"@type\":\"Organization\",\"@id\":\"https:\\\/\\\/www.itakaescolapios.org\\\/es\\\/#organization\",\"name\":\"Fundaci\u00f3 Itaka-Escolapios\",\"url\":\"https:\\\/\\\/www.itakaescolapios.org\\\/es\\\/\",\"logo\":{\"@type\":\"ImageObject\",\"inLanguage\":\"es\",\"@id\":\"https:\\\/\\\/www.itakaescolapios.org\\\/es\\\/#\\\/schema\\\/logo\\\/image\\\/\",\"url\":\"https:\\\/\\\/www.itakaescolapios.org\\\/wp-content\\\/uploads\\\/2024\\\/04\\\/Logo-itakaescolapios-peque.png\",\"contentUrl\":\"https:\\\/\\\/www.itakaescolapios.org\\\/wp-content\\\/uploads\\\/2024\\\/04\\\/Logo-itakaescolapios-peque.png\",\"width\":500,\"height\":199,\"caption\":\"Fundaci\u00f3 Itaka-Escolapios\"},\"image\":{\"@id\":\"https:\\\/\\\/www.itakaescolapios.org\\\/es\\\/#\\\/schema\\\/logo\\\/image\\\/\"}}]}<\/script>\n<!-- \/ Yoast SEO plugin. -->","yoast_head_json":{"title":"Ikaskide en IRU\u00d1A-PAMPLONA (ESPA\u00d1A) - Itaka-Escolapios","robots":{"index":"index","follow":"follow","max-snippet":"max-snippet:-1","max-image-preview":"max-image-preview:large","max-video-preview":"max-video-preview:-1"},"canonical":"https:\/\/www.itakaescolapios.org\/es\/que-hacemos\/centros-socio-educativos\/ikaskide-pamplona\/","og_locale":"es_ES","og_type":"article","og_title":"Ikaskide en IRU\u00d1A-PAMPLONA (ESPA\u00d1A) - Itaka-Escolapios","og_description":"Ikaskide es un centro socioeducativo y de promoci\u00f3n social donde participamos ni\u00f1os\/as, j\u00f3venes y adultos, situado en el Casco Viejo de Iru\u00f1a-Pamplona. Ikaskide gune gizahezitzaile bat da, Iru\u00f1eko Alde Zaharrean [&hellip;]","og_url":"https:\/\/www.itakaescolapios.org\/es\/que-hacemos\/centros-socio-educativos\/ikaskide-pamplona\/","og_site_name":"Itaka-Escolapios","article_modified_time":"2023-11-28T11:39:48+00:00","og_image":[{"width":1200,"height":914,"url":"https:\/\/www.itakaescolapios.org\/wp-content\/uploads\/2012\/05\/Centro-Socioeducativo-Ikaskide-3-Pamplona.jpg","type":"image\/jpeg"}],"twitter_card":"summary_large_image","twitter_misc":{"Tiempo de lectura":"3 minutos"},"schema":{"@context":"https:\/\/schema.org","@graph":[{"@type":"WebPage","@id":"https:\/\/www.itakaescolapios.org\/es\/que-hacemos\/centros-socio-educativos\/ikaskide-pamplona\/","url":"https:\/\/www.itakaescolapios.org\/es\/que-hacemos\/centros-socio-educativos\/ikaskide-pamplona\/","name":"Ikaskide en IRU\u00d1A-PAMPLONA (ESPA\u00d1A) - Itaka-Escolapios","isPartOf":{"@id":"https:\/\/www.itakaescolapios.org\/es\/#website"},"primaryImageOfPage":{"@id":"https:\/\/www.itakaescolapios.org\/es\/que-hacemos\/centros-socio-educativos\/ikaskide-pamplona\/#primaryimage"},"image":{"@id":"https:\/\/www.itakaescolapios.org\/es\/que-hacemos\/centros-socio-educativos\/ikaskide-pamplona\/#primaryimage"},"thumbnailUrl":"https:\/\/www.itakaescolapios.org\/wp-content\/uploads\/2012\/05\/Centro-Socioeducativo-Ikaskide-3-Pamplona.jpg","datePublished":"2012-05-31T16:57:12+00:00","dateModified":"2023-11-28T11:39:48+00:00","breadcrumb":{"@id":"https:\/\/www.itakaescolapios.org\/es\/que-hacemos\/centros-socio-educativos\/ikaskide-pamplona\/#breadcrumb"},"inLanguage":"es","potentialAction":[{"@type":"ReadAction","target":["https:\/\/www.itakaescolapios.org\/es\/que-hacemos\/centros-socio-educativos\/ikaskide-pamplona\/"]}]},{"@type":"ImageObject","inLanguage":"es","@id":"https:\/\/www.itakaescolapios.org\/es\/que-hacemos\/centros-socio-educativos\/ikaskide-pamplona\/#primaryimage","url":"https:\/\/www.itakaescolapios.org\/wp-content\/uploads\/2012\/05\/Centro-Socioeducativo-Ikaskide-3-Pamplona.jpg","contentUrl":"https:\/\/www.itakaescolapios.org\/wp-content\/uploads\/2012\/05\/Centro-Socioeducativo-Ikaskide-3-Pamplona.jpg","width":"1200","height":"914"},{"@type":"BreadcrumbList","@id":"https:\/\/www.itakaescolapios.org\/es\/que-hacemos\/centros-socio-educativos\/ikaskide-pamplona\/#breadcrumb","itemListElement":[{"@type":"ListItem","position":1,"name":"Portada","item":"https:\/\/www.itakaescolapios.org\/es\/"},{"@type":"ListItem","position":2,"name":"Qu\u00e9 hacemos","item":"https:\/\/www.itakaescolapios.org\/es\/que-hacemos\/"},{"@type":"ListItem","position":3,"name":"Centros Socio-Educativos","item":"https:\/\/www.itakaescolapios.org\/es\/que-hacemos\/centros-socio-educativos\/"},{"@type":"ListItem","position":4,"name":"Ikaskide en IRU\u00d1A-PAMPLONA (ESPA\u00d1A)"}]},{"@type":"WebSite","@id":"https:\/\/www.itakaescolapios.org\/es\/#website","url":"https:\/\/www.itakaescolapios.org\/es\/","name":"Itaka-Escolapios","description":"Red de Itaka-Escolapios","publisher":{"@id":"https:\/\/www.itakaescolapios.org\/es\/#organization"},"potentialAction":[{"@type":"SearchAction","target":{"@type":"EntryPoint","urlTemplate":"https:\/\/www.itakaescolapios.org\/es\/?s={search_term_string}"},"query-input":{"@type":"PropertyValueSpecification","valueRequired":true,"valueName":"search_term_string"}}],"inLanguage":"es"},{"@type":"Organization","@id":"https:\/\/www.itakaescolapios.org\/es\/#organization","name":"Fundaci\u00f3 Itaka-Escolapios","url":"https:\/\/www.itakaescolapios.org\/es\/","logo":{"@type":"ImageObject","inLanguage":"es","@id":"https:\/\/www.itakaescolapios.org\/es\/#\/schema\/logo\/image\/","url":"https:\/\/www.itakaescolapios.org\/wp-content\/uploads\/2024\/04\/Logo-itakaescolapios-peque.png","contentUrl":"https:\/\/www.itakaescolapios.org\/wp-content\/uploads\/2024\/04\/Logo-itakaescolapios-peque.png","width":500,"height":199,"caption":"Fundaci\u00f3 Itaka-Escolapios"},"image":{"@id":"https:\/\/www.itakaescolapios.org\/es\/#\/schema\/logo\/image\/"}}]}},"_links":{"self":[{"href":"https:\/\/www.itakaescolapios.org\/es\/wp-json\/wp\/v2\/pages\/254","targetHints":{"allow":["GET"]}}],"collection":[{"href":"https:\/\/www.itakaescolapios.org\/es\/wp-json\/wp\/v2\/pages"}],"about":[{"href":"https:\/\/www.itakaescolapios.org\/es\/wp-json\/wp\/v2\/types\/page"}],"author":[{"embeddable":true,"href":"https:\/\/www.itakaescolapios.org\/es\/wp-json\/wp\/v2\/users\/1"}],"replies":[{"embeddable":true,"href":"https:\/\/www.itakaescolapios.org\/es\/wp-json\/wp\/v2\/comments?post=254"}],"version-history":[{"count":27,"href":"https:\/\/www.itakaescolapios.org\/es\/wp-json\/wp\/v2\/pages\/254\/revisions"}],"predecessor-version":[{"id":50279,"href":"https:\/\/www.itakaescolapios.org\/es\/wp-json\/wp\/v2\/pages\/254\/revisions\/50279"}],"up":[{"embeddable":true,"href":"https:\/\/www.itakaescolapios.org\/es\/wp-json\/wp\/v2\/pages\/83"}],"wp:featuredmedia":[{"embeddable":true,"href":"https:\/\/www.itakaescolapios.org\/es\/wp-json\/wp\/v2\/media\/1696"}],"wp:attachment":[{"href":"https:\/\/www.itakaescolapios.org\/es\/wp-json\/wp\/v2\/media?parent=254"}],"curies":[{"name":"wp","href":"https:\/\/api.w.org\/{rel}","templated":true}]}}