{"id":30032,"date":"2020-02-14T16:50:13","date_gmt":"2020-02-14T15:50:13","guid":{"rendered":"https:\/\/www.itakaescolapios.org\/?page_id=30032"},"modified":"2023-11-28T12:36:29","modified_gmt":"2023-11-28T11:36:29","slug":"semana-de-accion-mundial-por-la-educacion","status":"publish","type":"page","link":"https:\/\/www.itakaescolapios.org\/es\/que-hacemos\/sensibilizacion\/semana-de-accion-mundial-por-la-educacion\/","title":{"rendered":"SEMANA DE ACCI\u00d3N MUNDIAL POR LA EDUCACI\u00d3N"},"content":{"rendered":"<p>Consideramos que tambi\u00e9n nos aporta valor y podemos contribuir con nuestra trayectoria educativa, en el \u00e1mbito formal y no formal, participando en la red Campa\u00f1a Mundial por la Educaci\u00f3n. Y en concreto impulsar desde las sedes de Itaka-Escolapios la Semana de Acci\u00f3n Mundial por la Educaci\u00f3n<\/p>\n<p><strong>Informaci\u00f3n y recursos en:<\/strong><\/p>\n<p>https:\/\/cme-espana.org\/<\/p>\n<p><a href=\"https:\/\/www.campaignforeducation.org\/es\/quienes-somos\/miembros\/africa\/\">https:\/\/www.campaignforeducation.org\/es\/quienes-somos\/miembros\/africa\/<\/a><\/p>\n<p><a href=\"https:\/\/www.campaignforeducation.org\/es\/quienes-somos\/miembros\/asia-pacifico\/\">https:\/\/www.campaignforeducation.org\/es\/quienes-somos\/miembros\/asia-pacifico\/<\/a><\/p>\n<p><a href=\"https:\/\/www.campaignforeducation.org\/en\/who-we-are\/members\/latin-america\/\">https:\/\/www.campaignforeducation.org\/en\/who-we-are\/members\/latin-america\/<\/a><\/p>\n","protected":false},"excerpt":{"rendered":"<p>Consideramos que tambi\u00e9n nos aporta valor y podemos contribuir con nuestra trayectoria educativa, en el \u00e1mbito formal y no formal, participando en la red Campa\u00f1a Mundial por la Educaci\u00f3n. Y [&hellip;]<\/p>\n","protected":false},"author":4,"featured_media":0,"parent":95,"menu_order":8,"comment_status":"closed","ping_status":"closed","template":"","meta":{"_et_pb_use_builder":"","_et_pb_old_content":"","_et_gb_content_width":"","footnotes":""},"class_list":["post-30032","page","type-page","status-publish","hentry"],"yoast_head":"<!-- This site is optimized with the Yoast SEO plugin v27.3 - https:\/\/yoast.com\/product\/yoast-seo-wordpress\/ -->\n<title>SEMANA DE ACCI\u00d3N MUNDIAL POR LA EDUCACI\u00d3N - Itaka-Escolapios<\/title>\n<meta name=\"robots\" content=\"index, follow, max-snippet:-1, max-image-preview:large, max-video-preview:-1\" \/>\n<link rel=\"canonical\" href=\"https:\/\/www.itakaescolapios.org\/es\/que-hacemos\/sensibilizacion\/semana-de-accion-mundial-por-la-educacion\/\" \/>\n<meta property=\"og:locale\" content=\"es_ES\" \/>\n<meta property=\"og:type\" content=\"article\" \/>\n<meta property=\"og:title\" content=\"SEMANA DE ACCI\u00d3N MUNDIAL POR LA EDUCACI\u00d3N - Itaka-Escolapios\" \/>\n<meta property=\"og:description\" content=\"Consideramos que tambi\u00e9n nos aporta valor y podemos contribuir con nuestra trayectoria educativa, en el \u00e1mbito formal y no formal, participando en la red Campa\u00f1a Mundial por la Educaci\u00f3n. Y [&hellip;]\" \/>\n<meta property=\"og:url\" content=\"https:\/\/www.itakaescolapios.org\/es\/que-hacemos\/sensibilizacion\/semana-de-accion-mundial-por-la-educacion\/\" \/>\n<meta property=\"og:site_name\" content=\"Itaka-Escolapios\" \/>\n<meta property=\"article:modified_time\" content=\"2023-11-28T11:36:29+00:00\" \/>\n<meta name=\"twitter:card\" content=\"summary_large_image\" \/>\n<script type=\"application\/ld+json\" class=\"yoast-schema-graph\">{\"@context\":\"https:\\\/\\\/schema.org\",\"@graph\":[{\"@type\":\"WebPage\",\"@id\":\"https:\\\/\\\/www.itakaescolapios.org\\\/es\\\/que-hacemos\\\/sensibilizacion\\\/semana-de-accion-mundial-por-la-educacion\\\/\",\"url\":\"https:\\\/\\\/www.itakaescolapios.org\\\/es\\\/que-hacemos\\\/sensibilizacion\\\/semana-de-accion-mundial-por-la-educacion\\\/\",\"name\":\"SEMANA DE ACCI\u00d3N MUNDIAL POR LA EDUCACI\u00d3N - Itaka-Escolapios\",\"isPartOf\":{\"@id\":\"https:\\\/\\\/www.itakaescolapios.org\\\/es\\\/#website\"},\"datePublished\":\"2020-02-14T15:50:13+00:00\",\"dateModified\":\"2023-11-28T11:36:29+00:00\",\"breadcrumb\":{\"@id\":\"https:\\\/\\\/www.itakaescolapios.org\\\/es\\\/que-hacemos\\\/sensibilizacion\\\/semana-de-accion-mundial-por-la-educacion\\\/#breadcrumb\"},\"inLanguage\":\"es\",\"potentialAction\":[{\"@type\":\"ReadAction\",\"target\":[\"https:\\\/\\\/www.itakaescolapios.org\\\/es\\\/que-hacemos\\\/sensibilizacion\\\/semana-de-accion-mundial-por-la-educacion\\\/\"]}]},{\"@type\":\"BreadcrumbList\",\"@id\":\"https:\\\/\\\/www.itakaescolapios.org\\\/es\\\/que-hacemos\\\/sensibilizacion\\\/semana-de-accion-mundial-por-la-educacion\\\/#breadcrumb\",\"itemListElement\":[{\"@type\":\"ListItem\",\"position\":1,\"name\":\"Portada\",\"item\":\"https:\\\/\\\/www.itakaescolapios.org\\\/es\\\/\"},{\"@type\":\"ListItem\",\"position\":2,\"name\":\"Qu\u00e9 hacemos\",\"item\":\"https:\\\/\\\/www.itakaescolapios.org\\\/es\\\/que-hacemos\\\/\"},{\"@type\":\"ListItem\",\"position\":3,\"name\":\"Sensibilizaci\u00f3n\",\"item\":\"https:\\\/\\\/www.itakaescolapios.org\\\/es\\\/que-hacemos\\\/sensibilizacion\\\/\"},{\"@type\":\"ListItem\",\"position\":4,\"name\":\"SEMANA DE ACCI\u00d3N MUNDIAL POR LA EDUCACI\u00d3N\"}]},{\"@type\":\"WebSite\",\"@id\":\"https:\\\/\\\/www.itakaescolapios.org\\\/es\\\/#website\",\"url\":\"https:\\\/\\\/www.itakaescolapios.org\\\/es\\\/\",\"name\":\"Itaka-Escolapios\",\"description\":\"Red de Itaka-Escolapios\",\"publisher\":{\"@id\":\"https:\\\/\\\/www.itakaescolapios.org\\\/es\\\/#organization\"},\"potentialAction\":[{\"@type\":\"SearchAction\",\"target\":{\"@type\":\"EntryPoint\",\"urlTemplate\":\"https:\\\/\\\/www.itakaescolapios.org\\\/es\\\/?s={search_term_string}\"},\"query-input\":{\"@type\":\"PropertyValueSpecification\",\"valueRequired\":true,\"valueName\":\"search_term_string\"}}],\"inLanguage\":\"es\"},{\"@type\":\"Organization\",\"@id\":\"https:\\\/\\\/www.itakaescolapios.org\\\/es\\\/#organization\",\"name\":\"Fundaci\u00f3 Itaka-Escolapios\",\"url\":\"https:\\\/\\\/www.itakaescolapios.org\\\/es\\\/\",\"logo\":{\"@type\":\"ImageObject\",\"inLanguage\":\"es\",\"@id\":\"https:\\\/\\\/www.itakaescolapios.org\\\/es\\\/#\\\/schema\\\/logo\\\/image\\\/\",\"url\":\"https:\\\/\\\/www.itakaescolapios.org\\\/wp-content\\\/uploads\\\/2024\\\/04\\\/Logo-itakaescolapios-peque.png\",\"contentUrl\":\"https:\\\/\\\/www.itakaescolapios.org\\\/wp-content\\\/uploads\\\/2024\\\/04\\\/Logo-itakaescolapios-peque.png\",\"width\":500,\"height\":199,\"caption\":\"Fundaci\u00f3 Itaka-Escolapios\"},\"image\":{\"@id\":\"https:\\\/\\\/www.itakaescolapios.org\\\/es\\\/#\\\/schema\\\/logo\\\/image\\\/\"}}]}<\/script>\n<!-- \/ Yoast SEO plugin. -->","yoast_head_json":{"title":"SEMANA DE ACCI\u00d3N MUNDIAL POR LA EDUCACI\u00d3N - Itaka-Escolapios","robots":{"index":"index","follow":"follow","max-snippet":"max-snippet:-1","max-image-preview":"max-image-preview:large","max-video-preview":"max-video-preview:-1"},"canonical":"https:\/\/www.itakaescolapios.org\/es\/que-hacemos\/sensibilizacion\/semana-de-accion-mundial-por-la-educacion\/","og_locale":"es_ES","og_type":"article","og_title":"SEMANA DE ACCI\u00d3N MUNDIAL POR LA EDUCACI\u00d3N - Itaka-Escolapios","og_description":"Consideramos que tambi\u00e9n nos aporta valor y podemos contribuir con nuestra trayectoria educativa, en el \u00e1mbito formal y no formal, participando en la red Campa\u00f1a Mundial por la Educaci\u00f3n. Y [&hellip;]","og_url":"https:\/\/www.itakaescolapios.org\/es\/que-hacemos\/sensibilizacion\/semana-de-accion-mundial-por-la-educacion\/","og_site_name":"Itaka-Escolapios","article_modified_time":"2023-11-28T11:36:29+00:00","twitter_card":"summary_large_image","schema":{"@context":"https:\/\/schema.org","@graph":[{"@type":"WebPage","@id":"https:\/\/www.itakaescolapios.org\/es\/que-hacemos\/sensibilizacion\/semana-de-accion-mundial-por-la-educacion\/","url":"https:\/\/www.itakaescolapios.org\/es\/que-hacemos\/sensibilizacion\/semana-de-accion-mundial-por-la-educacion\/","name":"SEMANA DE ACCI\u00d3N MUNDIAL POR LA EDUCACI\u00d3N - Itaka-Escolapios","isPartOf":{"@id":"https:\/\/www.itakaescolapios.org\/es\/#website"},"datePublished":"2020-02-14T15:50:13+00:00","dateModified":"2023-11-28T11:36:29+00:00","breadcrumb":{"@id":"https:\/\/www.itakaescolapios.org\/es\/que-hacemos\/sensibilizacion\/semana-de-accion-mundial-por-la-educacion\/#breadcrumb"},"inLanguage":"es","potentialAction":[{"@type":"ReadAction","target":["https:\/\/www.itakaescolapios.org\/es\/que-hacemos\/sensibilizacion\/semana-de-accion-mundial-por-la-educacion\/"]}]},{"@type":"BreadcrumbList","@id":"https:\/\/www.itakaescolapios.org\/es\/que-hacemos\/sensibilizacion\/semana-de-accion-mundial-por-la-educacion\/#breadcrumb","itemListElement":[{"@type":"ListItem","position":1,"name":"Portada","item":"https:\/\/www.itakaescolapios.org\/es\/"},{"@type":"ListItem","position":2,"name":"Qu\u00e9 hacemos","item":"https:\/\/www.itakaescolapios.org\/es\/que-hacemos\/"},{"@type":"ListItem","position":3,"name":"Sensibilizaci\u00f3n","item":"https:\/\/www.itakaescolapios.org\/es\/que-hacemos\/sensibilizacion\/"},{"@type":"ListItem","position":4,"name":"SEMANA DE ACCI\u00d3N MUNDIAL POR LA EDUCACI\u00d3N"}]},{"@type":"WebSite","@id":"https:\/\/www.itakaescolapios.org\/es\/#website","url":"https:\/\/www.itakaescolapios.org\/es\/","name":"Itaka-Escolapios","description":"Red de Itaka-Escolapios","publisher":{"@id":"https:\/\/www.itakaescolapios.org\/es\/#organization"},"potentialAction":[{"@type":"SearchAction","target":{"@type":"EntryPoint","urlTemplate":"https:\/\/www.itakaescolapios.org\/es\/?s={search_term_string}"},"query-input":{"@type":"PropertyValueSpecification","valueRequired":true,"valueName":"search_term_string"}}],"inLanguage":"es"},{"@type":"Organization","@id":"https:\/\/www.itakaescolapios.org\/es\/#organization","name":"Fundaci\u00f3 Itaka-Escolapios","url":"https:\/\/www.itakaescolapios.org\/es\/","logo":{"@type":"ImageObject","inLanguage":"es","@id":"https:\/\/www.itakaescolapios.org\/es\/#\/schema\/logo\/image\/","url":"https:\/\/www.itakaescolapios.org\/wp-content\/uploads\/2024\/04\/Logo-itakaescolapios-peque.png","contentUrl":"https:\/\/www.itakaescolapios.org\/wp-content\/uploads\/2024\/04\/Logo-itakaescolapios-peque.png","width":500,"height":199,"caption":"Fundaci\u00f3 Itaka-Escolapios"},"image":{"@id":"https:\/\/www.itakaescolapios.org\/es\/#\/schema\/logo\/image\/"}}]}},"_links":{"self":[{"href":"https:\/\/www.itakaescolapios.org\/es\/wp-json\/wp\/v2\/pages\/30032","targetHints":{"allow":["GET"]}}],"collection":[{"href":"https:\/\/www.itakaescolapios.org\/es\/wp-json\/wp\/v2\/pages"}],"about":[{"href":"https:\/\/www.itakaescolapios.org\/es\/wp-json\/wp\/v2\/types\/page"}],"author":[{"embeddable":true,"href":"https:\/\/www.itakaescolapios.org\/es\/wp-json\/wp\/v2\/users\/4"}],"replies":[{"embeddable":true,"href":"https:\/\/www.itakaescolapios.org\/es\/wp-json\/wp\/v2\/comments?post=30032"}],"version-history":[{"count":4,"href":"https:\/\/www.itakaescolapios.org\/es\/wp-json\/wp\/v2\/pages\/30032\/revisions"}],"predecessor-version":[{"id":45086,"href":"https:\/\/www.itakaescolapios.org\/es\/wp-json\/wp\/v2\/pages\/30032\/revisions\/45086"}],"up":[{"embeddable":true,"href":"https:\/\/www.itakaescolapios.org\/es\/wp-json\/wp\/v2\/pages\/95"}],"wp:attachment":[{"href":"https:\/\/www.itakaescolapios.org\/es\/wp-json\/wp\/v2\/media?parent=30032"}],"curies":[{"name":"wp","href":"https:\/\/api.w.org\/{rel}","templated":true}]}}