{"id":307,"date":"2012-06-01T12:49:24","date_gmt":"2012-06-01T11:49:24","guid":{"rendered":"https:\/\/www.itakaescolapios.org\/?page_id=307"},"modified":"2023-11-28T12:39:47","modified_gmt":"2023-11-28T11:39:47","slug":"cpj-kirikino-de-tolosa","status":"publish","type":"page","link":"https:\/\/www.itakaescolapios.org\/es\/que-hacemos\/centros-pastoral-jovenes\/cpj-kirikino-de-tolosa\/","title":{"rendered":"Kiriki\u00f1o de Tolosa"},"content":{"rendered":"<p style=\"text-align: justify;\" align=\"JUSTIFY\">Se trata de la extensi\u00f3n del proyecto educativo y pastoral del colegio Herrikide al \u00e1mbito del tiempo libre. Su proyecto educativo est\u00e1 basado en cinco pilares: experiencia de fe, compromiso, formaci\u00f3n, grupo, estilo de vida e identidad.<\/p>\n<p style=\"text-align: justify;\" align=\"JUSTIFY\">Comenzamos en 5\u00ba de primaria y abarca las siguientes etapas:<\/p>\n<ul style=\"text-align: justify;\">\n<li>\n<p align=\"JUSTIFY\">Koxkorrak, 5\u00ba y 6\u00ba de primaria.<\/p>\n<\/li>\n<li>\n<p align=\"JUSTIFY\">Bizkorrak, 1\u00ba y 2\u00ba de ESO<\/p>\n<\/li>\n<li>\n<p align=\"JUSTIFY\">Helduak, 3\u00ba y 4\u00ba de ESO<\/p>\n<\/li>\n<li>\n<p align=\"JUSTIFY\">Sendotzen, bachillerato y 1er a\u00f1o de estudios superiores<\/p>\n<\/li>\n<li>\n<p align=\"JUSTIFY\">Katekumenotza.<\/p>\n<\/li>\n<li>\n<p align=\"JUSTIFY\">Diszernimendua.<\/p>\n<\/li>\n<\/ul>\n<p style=\"text-align: justify;\" align=\"JUSTIFY\">El funcionamiento habitual suele ser el de reuni\u00f3n-actividad semanal, adem\u00e1s de los campamentos de navidad, semana santa y verano.<\/p>\n<p><!--more--><\/p>\n","protected":false},"excerpt":{"rendered":"<p>Se trata de la extensi\u00f3n del proyecto educativo y pastoral del colegio Herrikide al \u00e1mbito del tiempo libre. Su proyecto educativo est\u00e1 basado en cinco pilares: experiencia de fe, compromiso, [&hellip;]<\/p>\n","protected":false},"author":1,"featured_media":1809,"parent":85,"menu_order":5,"comment_status":"closed","ping_status":"closed","template":"","meta":{"_et_pb_use_builder":"","_et_pb_old_content":"","_et_gb_content_width":"","footnotes":""},"class_list":["post-307","page","type-page","status-publish","has-post-thumbnail","hentry"],"yoast_head":"<!-- This site is optimized with the Yoast SEO plugin v27.3 - https:\/\/yoast.com\/product\/yoast-seo-wordpress\/ -->\n<title>Kiriki\u00f1o de Tolosa - Itaka-Escolapios<\/title>\n<meta name=\"robots\" content=\"index, follow, max-snippet:-1, max-image-preview:large, max-video-preview:-1\" \/>\n<link rel=\"canonical\" href=\"https:\/\/www.itakaescolapios.org\/es\/que-hacemos\/centros-pastoral-jovenes\/cpj-kirikino-de-tolosa\/\" \/>\n<meta property=\"og:locale\" content=\"es_ES\" \/>\n<meta property=\"og:type\" content=\"article\" \/>\n<meta property=\"og:title\" content=\"Kiriki\u00f1o de Tolosa - Itaka-Escolapios\" \/>\n<meta property=\"og:description\" content=\"Se trata de la extensi\u00f3n del proyecto educativo y pastoral del colegio Herrikide al \u00e1mbito del tiempo libre. Su proyecto educativo est\u00e1 basado en cinco pilares: experiencia de fe, compromiso, [&hellip;]\" \/>\n<meta property=\"og:url\" content=\"https:\/\/www.itakaescolapios.org\/es\/que-hacemos\/centros-pastoral-jovenes\/cpj-kirikino-de-tolosa\/\" \/>\n<meta property=\"og:site_name\" content=\"Itaka-Escolapios\" \/>\n<meta property=\"article:modified_time\" content=\"2023-11-28T11:39:47+00:00\" \/>\n<meta property=\"og:image\" content=\"https:\/\/www.itakaescolapios.org\/wp-content\/uploads\/2012\/06\/Centro-Pastoral-Juvenil-Kiriki\u00f1o-4-Tolosa.jpg\" \/>\n\t<meta property=\"og:image:width\" content=\"1200\" \/>\n\t<meta property=\"og:image:height\" content=\"900\" \/>\n\t<meta property=\"og:image:type\" content=\"image\/jpeg\" \/>\n<meta name=\"twitter:card\" content=\"summary_large_image\" \/>\n<script type=\"application\/ld+json\" class=\"yoast-schema-graph\">{\"@context\":\"https:\\\/\\\/schema.org\",\"@graph\":[{\"@type\":\"WebPage\",\"@id\":\"https:\\\/\\\/www.itakaescolapios.org\\\/es\\\/que-hacemos\\\/centros-pastoral-jovenes\\\/cpj-kirikino-de-tolosa\\\/\",\"url\":\"https:\\\/\\\/www.itakaescolapios.org\\\/es\\\/que-hacemos\\\/centros-pastoral-jovenes\\\/cpj-kirikino-de-tolosa\\\/\",\"name\":\"Kiriki\u00f1o de Tolosa - Itaka-Escolapios\",\"isPartOf\":{\"@id\":\"https:\\\/\\\/www.itakaescolapios.org\\\/es\\\/#website\"},\"primaryImageOfPage\":{\"@id\":\"https:\\\/\\\/www.itakaescolapios.org\\\/es\\\/que-hacemos\\\/centros-pastoral-jovenes\\\/cpj-kirikino-de-tolosa\\\/#primaryimage\"},\"image\":{\"@id\":\"https:\\\/\\\/www.itakaescolapios.org\\\/es\\\/que-hacemos\\\/centros-pastoral-jovenes\\\/cpj-kirikino-de-tolosa\\\/#primaryimage\"},\"thumbnailUrl\":\"https:\\\/\\\/www.itakaescolapios.org\\\/wp-content\\\/uploads\\\/2012\\\/06\\\/Centro-Pastoral-Juvenil-Kiriki\u00f1o-4-Tolosa.jpg\",\"datePublished\":\"2012-06-01T11:49:24+00:00\",\"dateModified\":\"2023-11-28T11:39:47+00:00\",\"breadcrumb\":{\"@id\":\"https:\\\/\\\/www.itakaescolapios.org\\\/es\\\/que-hacemos\\\/centros-pastoral-jovenes\\\/cpj-kirikino-de-tolosa\\\/#breadcrumb\"},\"inLanguage\":\"es\",\"potentialAction\":[{\"@type\":\"ReadAction\",\"target\":[\"https:\\\/\\\/www.itakaescolapios.org\\\/es\\\/que-hacemos\\\/centros-pastoral-jovenes\\\/cpj-kirikino-de-tolosa\\\/\"]}]},{\"@type\":\"ImageObject\",\"inLanguage\":\"es\",\"@id\":\"https:\\\/\\\/www.itakaescolapios.org\\\/es\\\/que-hacemos\\\/centros-pastoral-jovenes\\\/cpj-kirikino-de-tolosa\\\/#primaryimage\",\"url\":\"https:\\\/\\\/www.itakaescolapios.org\\\/wp-content\\\/uploads\\\/2012\\\/06\\\/Centro-Pastoral-Juvenil-Kiriki\u00f1o-4-Tolosa.jpg\",\"contentUrl\":\"https:\\\/\\\/www.itakaescolapios.org\\\/wp-content\\\/uploads\\\/2012\\\/06\\\/Centro-Pastoral-Juvenil-Kiriki\u00f1o-4-Tolosa.jpg\",\"width\":\"1200\",\"height\":\"900\"},{\"@type\":\"BreadcrumbList\",\"@id\":\"https:\\\/\\\/www.itakaescolapios.org\\\/es\\\/que-hacemos\\\/centros-pastoral-jovenes\\\/cpj-kirikino-de-tolosa\\\/#breadcrumb\",\"itemListElement\":[{\"@type\":\"ListItem\",\"position\":1,\"name\":\"Portada\",\"item\":\"https:\\\/\\\/www.itakaescolapios.org\\\/es\\\/\"},{\"@type\":\"ListItem\",\"position\":2,\"name\":\"Qu\u00e9 hacemos\",\"item\":\"https:\\\/\\\/www.itakaescolapios.org\\\/es\\\/que-hacemos\\\/\"},{\"@type\":\"ListItem\",\"position\":3,\"name\":\"Movimiento Calasanz\",\"item\":\"https:\\\/\\\/www.itakaescolapios.org\\\/es\\\/que-hacemos\\\/centros-pastoral-jovenes\\\/\"},{\"@type\":\"ListItem\",\"position\":4,\"name\":\"Kiriki\u00f1o de Tolosa\"}]},{\"@type\":\"WebSite\",\"@id\":\"https:\\\/\\\/www.itakaescolapios.org\\\/es\\\/#website\",\"url\":\"https:\\\/\\\/www.itakaescolapios.org\\\/es\\\/\",\"name\":\"Itaka-Escolapios\",\"description\":\"Red de Itaka-Escolapios\",\"publisher\":{\"@id\":\"https:\\\/\\\/www.itakaescolapios.org\\\/es\\\/#organization\"},\"potentialAction\":[{\"@type\":\"SearchAction\",\"target\":{\"@type\":\"EntryPoint\",\"urlTemplate\":\"https:\\\/\\\/www.itakaescolapios.org\\\/es\\\/?s={search_term_string}\"},\"query-input\":{\"@type\":\"PropertyValueSpecification\",\"valueRequired\":true,\"valueName\":\"search_term_string\"}}],\"inLanguage\":\"es\"},{\"@type\":\"Organization\",\"@id\":\"https:\\\/\\\/www.itakaescolapios.org\\\/es\\\/#organization\",\"name\":\"Fundaci\u00f3 Itaka-Escolapios\",\"url\":\"https:\\\/\\\/www.itakaescolapios.org\\\/es\\\/\",\"logo\":{\"@type\":\"ImageObject\",\"inLanguage\":\"es\",\"@id\":\"https:\\\/\\\/www.itakaescolapios.org\\\/es\\\/#\\\/schema\\\/logo\\\/image\\\/\",\"url\":\"https:\\\/\\\/www.itakaescolapios.org\\\/wp-content\\\/uploads\\\/2024\\\/04\\\/Logo-itakaescolapios-peque.png\",\"contentUrl\":\"https:\\\/\\\/www.itakaescolapios.org\\\/wp-content\\\/uploads\\\/2024\\\/04\\\/Logo-itakaescolapios-peque.png\",\"width\":500,\"height\":199,\"caption\":\"Fundaci\u00f3 Itaka-Escolapios\"},\"image\":{\"@id\":\"https:\\\/\\\/www.itakaescolapios.org\\\/es\\\/#\\\/schema\\\/logo\\\/image\\\/\"}}]}<\/script>\n<!-- \/ Yoast SEO plugin. -->","yoast_head_json":{"title":"Kiriki\u00f1o de Tolosa - Itaka-Escolapios","robots":{"index":"index","follow":"follow","max-snippet":"max-snippet:-1","max-image-preview":"max-image-preview:large","max-video-preview":"max-video-preview:-1"},"canonical":"https:\/\/www.itakaescolapios.org\/es\/que-hacemos\/centros-pastoral-jovenes\/cpj-kirikino-de-tolosa\/","og_locale":"es_ES","og_type":"article","og_title":"Kiriki\u00f1o de Tolosa - Itaka-Escolapios","og_description":"Se trata de la extensi\u00f3n del proyecto educativo y pastoral del colegio Herrikide al \u00e1mbito del tiempo libre. Su proyecto educativo est\u00e1 basado en cinco pilares: experiencia de fe, compromiso, [&hellip;]","og_url":"https:\/\/www.itakaescolapios.org\/es\/que-hacemos\/centros-pastoral-jovenes\/cpj-kirikino-de-tolosa\/","og_site_name":"Itaka-Escolapios","article_modified_time":"2023-11-28T11:39:47+00:00","og_image":[{"width":1200,"height":900,"url":"https:\/\/www.itakaescolapios.org\/wp-content\/uploads\/2012\/06\/Centro-Pastoral-Juvenil-Kiriki\u00f1o-4-Tolosa.jpg","type":"image\/jpeg"}],"twitter_card":"summary_large_image","schema":{"@context":"https:\/\/schema.org","@graph":[{"@type":"WebPage","@id":"https:\/\/www.itakaescolapios.org\/es\/que-hacemos\/centros-pastoral-jovenes\/cpj-kirikino-de-tolosa\/","url":"https:\/\/www.itakaescolapios.org\/es\/que-hacemos\/centros-pastoral-jovenes\/cpj-kirikino-de-tolosa\/","name":"Kiriki\u00f1o de Tolosa - Itaka-Escolapios","isPartOf":{"@id":"https:\/\/www.itakaescolapios.org\/es\/#website"},"primaryImageOfPage":{"@id":"https:\/\/www.itakaescolapios.org\/es\/que-hacemos\/centros-pastoral-jovenes\/cpj-kirikino-de-tolosa\/#primaryimage"},"image":{"@id":"https:\/\/www.itakaescolapios.org\/es\/que-hacemos\/centros-pastoral-jovenes\/cpj-kirikino-de-tolosa\/#primaryimage"},"thumbnailUrl":"https:\/\/www.itakaescolapios.org\/wp-content\/uploads\/2012\/06\/Centro-Pastoral-Juvenil-Kiriki\u00f1o-4-Tolosa.jpg","datePublished":"2012-06-01T11:49:24+00:00","dateModified":"2023-11-28T11:39:47+00:00","breadcrumb":{"@id":"https:\/\/www.itakaescolapios.org\/es\/que-hacemos\/centros-pastoral-jovenes\/cpj-kirikino-de-tolosa\/#breadcrumb"},"inLanguage":"es","potentialAction":[{"@type":"ReadAction","target":["https:\/\/www.itakaescolapios.org\/es\/que-hacemos\/centros-pastoral-jovenes\/cpj-kirikino-de-tolosa\/"]}]},{"@type":"ImageObject","inLanguage":"es","@id":"https:\/\/www.itakaescolapios.org\/es\/que-hacemos\/centros-pastoral-jovenes\/cpj-kirikino-de-tolosa\/#primaryimage","url":"https:\/\/www.itakaescolapios.org\/wp-content\/uploads\/2012\/06\/Centro-Pastoral-Juvenil-Kiriki\u00f1o-4-Tolosa.jpg","contentUrl":"https:\/\/www.itakaescolapios.org\/wp-content\/uploads\/2012\/06\/Centro-Pastoral-Juvenil-Kiriki\u00f1o-4-Tolosa.jpg","width":"1200","height":"900"},{"@type":"BreadcrumbList","@id":"https:\/\/www.itakaescolapios.org\/es\/que-hacemos\/centros-pastoral-jovenes\/cpj-kirikino-de-tolosa\/#breadcrumb","itemListElement":[{"@type":"ListItem","position":1,"name":"Portada","item":"https:\/\/www.itakaescolapios.org\/es\/"},{"@type":"ListItem","position":2,"name":"Qu\u00e9 hacemos","item":"https:\/\/www.itakaescolapios.org\/es\/que-hacemos\/"},{"@type":"ListItem","position":3,"name":"Movimiento Calasanz","item":"https:\/\/www.itakaescolapios.org\/es\/que-hacemos\/centros-pastoral-jovenes\/"},{"@type":"ListItem","position":4,"name":"Kiriki\u00f1o de Tolosa"}]},{"@type":"WebSite","@id":"https:\/\/www.itakaescolapios.org\/es\/#website","url":"https:\/\/www.itakaescolapios.org\/es\/","name":"Itaka-Escolapios","description":"Red de Itaka-Escolapios","publisher":{"@id":"https:\/\/www.itakaescolapios.org\/es\/#organization"},"potentialAction":[{"@type":"SearchAction","target":{"@type":"EntryPoint","urlTemplate":"https:\/\/www.itakaescolapios.org\/es\/?s={search_term_string}"},"query-input":{"@type":"PropertyValueSpecification","valueRequired":true,"valueName":"search_term_string"}}],"inLanguage":"es"},{"@type":"Organization","@id":"https:\/\/www.itakaescolapios.org\/es\/#organization","name":"Fundaci\u00f3 Itaka-Escolapios","url":"https:\/\/www.itakaescolapios.org\/es\/","logo":{"@type":"ImageObject","inLanguage":"es","@id":"https:\/\/www.itakaescolapios.org\/es\/#\/schema\/logo\/image\/","url":"https:\/\/www.itakaescolapios.org\/wp-content\/uploads\/2024\/04\/Logo-itakaescolapios-peque.png","contentUrl":"https:\/\/www.itakaescolapios.org\/wp-content\/uploads\/2024\/04\/Logo-itakaescolapios-peque.png","width":500,"height":199,"caption":"Fundaci\u00f3 Itaka-Escolapios"},"image":{"@id":"https:\/\/www.itakaescolapios.org\/es\/#\/schema\/logo\/image\/"}}]}},"_links":{"self":[{"href":"https:\/\/www.itakaescolapios.org\/es\/wp-json\/wp\/v2\/pages\/307","targetHints":{"allow":["GET"]}}],"collection":[{"href":"https:\/\/www.itakaescolapios.org\/es\/wp-json\/wp\/v2\/pages"}],"about":[{"href":"https:\/\/www.itakaescolapios.org\/es\/wp-json\/wp\/v2\/types\/page"}],"author":[{"embeddable":true,"href":"https:\/\/www.itakaescolapios.org\/es\/wp-json\/wp\/v2\/users\/1"}],"replies":[{"embeddable":true,"href":"https:\/\/www.itakaescolapios.org\/es\/wp-json\/wp\/v2\/comments?post=307"}],"version-history":[{"count":16,"href":"https:\/\/www.itakaescolapios.org\/es\/wp-json\/wp\/v2\/pages\/307\/revisions"}],"predecessor-version":[{"id":50264,"href":"https:\/\/www.itakaescolapios.org\/es\/wp-json\/wp\/v2\/pages\/307\/revisions\/50264"}],"up":[{"embeddable":true,"href":"https:\/\/www.itakaescolapios.org\/es\/wp-json\/wp\/v2\/pages\/85"}],"wp:featuredmedia":[{"embeddable":true,"href":"https:\/\/www.itakaescolapios.org\/es\/wp-json\/wp\/v2\/media\/1809"}],"wp:attachment":[{"href":"https:\/\/www.itakaescolapios.org\/es\/wp-json\/wp\/v2\/media?parent=307"}],"curies":[{"name":"wp","href":"https:\/\/api.w.org\/{rel}","templated":true}]}}