{"id":314,"date":"2012-06-01T12:51:43","date_gmt":"2012-06-01T11:51:43","guid":{"rendered":"https:\/\/www.itakaescolapios.org\/?page_id=314"},"modified":"2023-11-28T12:39:47","modified_gmt":"2023-11-28T11:39:47","slug":"comedor-de-anzaldo-bolivia","status":"publish","type":"page","link":"https:\/\/www.itakaescolapios.org\/es\/que-hacemos\/comedores-infantiles\/comedor-de-anzaldo-bolivia\/","title":{"rendered":"Comedor de Anzaldo (Bolivia)"},"content":{"rendered":"<p style=\"text-align: justify;\" align=\"JUSTIFY\">El comedor de la Escuela de Anzaldo se puso en marcha en el a\u00f1o 1995. Eran muchos los ni\u00f1os y ni\u00f1as que acud\u00edan sin desayunar a la escuela, que se desmayaban o que claramente no pod\u00edan aprovechar las clases por falta de alimentaci\u00f3n.<\/p>\n<p style=\"text-align: justify;\" align=\"JUSTIFY\">Tras analizar la situaci\u00f3n nutricional del alumnado y constatar un serio problema de avitaminosis y desnutrici\u00f3n, en algunos casos severa.\u00a0 Se impuls\u00f3 un\u00a0 comedor escolar que atiende a todos aquellos estudiantes que no estando en el internado (los internos ya\u00a0 ten\u00edan garantizado desayuno, comida, merienda y cena) acuden a la escuela, desde\u00a0 el propio pueblo o desde\u00a0 las comunidades de alrededor.<\/p>\n<p><!--more--><\/p>\n","protected":false},"excerpt":{"rendered":"<p>El comedor de la Escuela de Anzaldo se puso en marcha en el a\u00f1o 1995. Eran muchos los ni\u00f1os y ni\u00f1as que acud\u00edan sin desayunar a la escuela, que se [&hellip;]<\/p>\n","protected":false},"author":1,"featured_media":1378,"parent":87,"menu_order":1,"comment_status":"closed","ping_status":"closed","template":"","meta":{"_et_pb_use_builder":"","_et_pb_old_content":"","_et_gb_content_width":"","footnotes":""},"class_list":["post-314","page","type-page","status-publish","has-post-thumbnail","hentry"],"yoast_head":"<!-- This site is optimized with the Yoast SEO plugin v27.3 - https:\/\/yoast.com\/product\/yoast-seo-wordpress\/ -->\n<title>Comedor de Anzaldo (Bolivia) - Itaka-Escolapios<\/title>\n<meta name=\"robots\" content=\"index, follow, max-snippet:-1, max-image-preview:large, max-video-preview:-1\" \/>\n<link rel=\"canonical\" href=\"https:\/\/www.itakaescolapios.org\/es\/que-hacemos\/comedores-infantiles\/comedor-de-anzaldo-bolivia\/\" \/>\n<meta property=\"og:locale\" content=\"es_ES\" \/>\n<meta property=\"og:type\" content=\"article\" \/>\n<meta property=\"og:title\" content=\"Comedor de Anzaldo (Bolivia) - Itaka-Escolapios\" \/>\n<meta property=\"og:description\" content=\"El comedor de la Escuela de Anzaldo se puso en marcha en el a\u00f1o 1995. Eran muchos los ni\u00f1os y ni\u00f1as que acud\u00edan sin desayunar a la escuela, que se [&hellip;]\" \/>\n<meta property=\"og:url\" content=\"https:\/\/www.itakaescolapios.org\/es\/que-hacemos\/comedores-infantiles\/comedor-de-anzaldo-bolivia\/\" \/>\n<meta property=\"og:site_name\" content=\"Itaka-Escolapios\" \/>\n<meta property=\"article:modified_time\" content=\"2023-11-28T11:39:47+00:00\" \/>\n<meta property=\"og:image\" content=\"https:\/\/www.itakaescolapios.org\/wp-content\/uploads\/2012\/06\/Comedores-infantiles-Anzaldo-2-Bolivia.jpg\" \/>\n\t<meta property=\"og:image:width\" content=\"1200\" \/>\n\t<meta property=\"og:image:height\" content=\"900\" \/>\n\t<meta property=\"og:image:type\" content=\"image\/jpeg\" \/>\n<meta name=\"twitter:card\" content=\"summary_large_image\" \/>\n<meta name=\"twitter:label1\" content=\"Tiempo de lectura\" \/>\n\t<meta name=\"twitter:data1\" content=\"1 minuto\" \/>\n<script type=\"application\/ld+json\" class=\"yoast-schema-graph\">{\"@context\":\"https:\\\/\\\/schema.org\",\"@graph\":[{\"@type\":\"WebPage\",\"@id\":\"https:\\\/\\\/www.itakaescolapios.org\\\/es\\\/que-hacemos\\\/comedores-infantiles\\\/comedor-de-anzaldo-bolivia\\\/\",\"url\":\"https:\\\/\\\/www.itakaescolapios.org\\\/es\\\/que-hacemos\\\/comedores-infantiles\\\/comedor-de-anzaldo-bolivia\\\/\",\"name\":\"Comedor de Anzaldo (Bolivia) - Itaka-Escolapios\",\"isPartOf\":{\"@id\":\"https:\\\/\\\/www.itakaescolapios.org\\\/es\\\/#website\"},\"primaryImageOfPage\":{\"@id\":\"https:\\\/\\\/www.itakaescolapios.org\\\/es\\\/que-hacemos\\\/comedores-infantiles\\\/comedor-de-anzaldo-bolivia\\\/#primaryimage\"},\"image\":{\"@id\":\"https:\\\/\\\/www.itakaescolapios.org\\\/es\\\/que-hacemos\\\/comedores-infantiles\\\/comedor-de-anzaldo-bolivia\\\/#primaryimage\"},\"thumbnailUrl\":\"https:\\\/\\\/www.itakaescolapios.org\\\/wp-content\\\/uploads\\\/2012\\\/06\\\/Comedores-infantiles-Anzaldo-2-Bolivia.jpg\",\"datePublished\":\"2012-06-01T11:51:43+00:00\",\"dateModified\":\"2023-11-28T11:39:47+00:00\",\"breadcrumb\":{\"@id\":\"https:\\\/\\\/www.itakaescolapios.org\\\/es\\\/que-hacemos\\\/comedores-infantiles\\\/comedor-de-anzaldo-bolivia\\\/#breadcrumb\"},\"inLanguage\":\"es\",\"potentialAction\":[{\"@type\":\"ReadAction\",\"target\":[\"https:\\\/\\\/www.itakaescolapios.org\\\/es\\\/que-hacemos\\\/comedores-infantiles\\\/comedor-de-anzaldo-bolivia\\\/\"]}]},{\"@type\":\"ImageObject\",\"inLanguage\":\"es\",\"@id\":\"https:\\\/\\\/www.itakaescolapios.org\\\/es\\\/que-hacemos\\\/comedores-infantiles\\\/comedor-de-anzaldo-bolivia\\\/#primaryimage\",\"url\":\"https:\\\/\\\/www.itakaescolapios.org\\\/wp-content\\\/uploads\\\/2012\\\/06\\\/Comedores-infantiles-Anzaldo-2-Bolivia.jpg\",\"contentUrl\":\"https:\\\/\\\/www.itakaescolapios.org\\\/wp-content\\\/uploads\\\/2012\\\/06\\\/Comedores-infantiles-Anzaldo-2-Bolivia.jpg\",\"width\":\"1200\",\"height\":\"900\"},{\"@type\":\"BreadcrumbList\",\"@id\":\"https:\\\/\\\/www.itakaescolapios.org\\\/es\\\/que-hacemos\\\/comedores-infantiles\\\/comedor-de-anzaldo-bolivia\\\/#breadcrumb\",\"itemListElement\":[{\"@type\":\"ListItem\",\"position\":1,\"name\":\"Portada\",\"item\":\"https:\\\/\\\/www.itakaescolapios.org\\\/es\\\/\"},{\"@type\":\"ListItem\",\"position\":2,\"name\":\"Qu\u00e9 hacemos\",\"item\":\"https:\\\/\\\/www.itakaescolapios.org\\\/es\\\/que-hacemos\\\/\"},{\"@type\":\"ListItem\",\"position\":3,\"name\":\"Comedores infantiles\",\"item\":\"https:\\\/\\\/www.itakaescolapios.org\\\/es\\\/que-hacemos\\\/comedores-infantiles\\\/\"},{\"@type\":\"ListItem\",\"position\":4,\"name\":\"Comedor de Anzaldo (Bolivia)\"}]},{\"@type\":\"WebSite\",\"@id\":\"https:\\\/\\\/www.itakaescolapios.org\\\/es\\\/#website\",\"url\":\"https:\\\/\\\/www.itakaescolapios.org\\\/es\\\/\",\"name\":\"Itaka-Escolapios\",\"description\":\"Red de Itaka-Escolapios\",\"publisher\":{\"@id\":\"https:\\\/\\\/www.itakaescolapios.org\\\/es\\\/#organization\"},\"potentialAction\":[{\"@type\":\"SearchAction\",\"target\":{\"@type\":\"EntryPoint\",\"urlTemplate\":\"https:\\\/\\\/www.itakaescolapios.org\\\/es\\\/?s={search_term_string}\"},\"query-input\":{\"@type\":\"PropertyValueSpecification\",\"valueRequired\":true,\"valueName\":\"search_term_string\"}}],\"inLanguage\":\"es\"},{\"@type\":\"Organization\",\"@id\":\"https:\\\/\\\/www.itakaescolapios.org\\\/es\\\/#organization\",\"name\":\"Fundaci\u00f3 Itaka-Escolapios\",\"url\":\"https:\\\/\\\/www.itakaescolapios.org\\\/es\\\/\",\"logo\":{\"@type\":\"ImageObject\",\"inLanguage\":\"es\",\"@id\":\"https:\\\/\\\/www.itakaescolapios.org\\\/es\\\/#\\\/schema\\\/logo\\\/image\\\/\",\"url\":\"https:\\\/\\\/www.itakaescolapios.org\\\/wp-content\\\/uploads\\\/2024\\\/04\\\/Logo-itakaescolapios-peque.png\",\"contentUrl\":\"https:\\\/\\\/www.itakaescolapios.org\\\/wp-content\\\/uploads\\\/2024\\\/04\\\/Logo-itakaescolapios-peque.png\",\"width\":500,\"height\":199,\"caption\":\"Fundaci\u00f3 Itaka-Escolapios\"},\"image\":{\"@id\":\"https:\\\/\\\/www.itakaescolapios.org\\\/es\\\/#\\\/schema\\\/logo\\\/image\\\/\"}}]}<\/script>\n<!-- \/ Yoast SEO plugin. -->","yoast_head_json":{"title":"Comedor de Anzaldo (Bolivia) - Itaka-Escolapios","robots":{"index":"index","follow":"follow","max-snippet":"max-snippet:-1","max-image-preview":"max-image-preview:large","max-video-preview":"max-video-preview:-1"},"canonical":"https:\/\/www.itakaescolapios.org\/es\/que-hacemos\/comedores-infantiles\/comedor-de-anzaldo-bolivia\/","og_locale":"es_ES","og_type":"article","og_title":"Comedor de Anzaldo (Bolivia) - Itaka-Escolapios","og_description":"El comedor de la Escuela de Anzaldo se puso en marcha en el a\u00f1o 1995. Eran muchos los ni\u00f1os y ni\u00f1as que acud\u00edan sin desayunar a la escuela, que se [&hellip;]","og_url":"https:\/\/www.itakaescolapios.org\/es\/que-hacemos\/comedores-infantiles\/comedor-de-anzaldo-bolivia\/","og_site_name":"Itaka-Escolapios","article_modified_time":"2023-11-28T11:39:47+00:00","og_image":[{"width":1200,"height":900,"url":"https:\/\/www.itakaescolapios.org\/wp-content\/uploads\/2012\/06\/Comedores-infantiles-Anzaldo-2-Bolivia.jpg","type":"image\/jpeg"}],"twitter_card":"summary_large_image","twitter_misc":{"Tiempo de lectura":"1 minuto"},"schema":{"@context":"https:\/\/schema.org","@graph":[{"@type":"WebPage","@id":"https:\/\/www.itakaescolapios.org\/es\/que-hacemos\/comedores-infantiles\/comedor-de-anzaldo-bolivia\/","url":"https:\/\/www.itakaescolapios.org\/es\/que-hacemos\/comedores-infantiles\/comedor-de-anzaldo-bolivia\/","name":"Comedor de Anzaldo (Bolivia) - Itaka-Escolapios","isPartOf":{"@id":"https:\/\/www.itakaescolapios.org\/es\/#website"},"primaryImageOfPage":{"@id":"https:\/\/www.itakaescolapios.org\/es\/que-hacemos\/comedores-infantiles\/comedor-de-anzaldo-bolivia\/#primaryimage"},"image":{"@id":"https:\/\/www.itakaescolapios.org\/es\/que-hacemos\/comedores-infantiles\/comedor-de-anzaldo-bolivia\/#primaryimage"},"thumbnailUrl":"https:\/\/www.itakaescolapios.org\/wp-content\/uploads\/2012\/06\/Comedores-infantiles-Anzaldo-2-Bolivia.jpg","datePublished":"2012-06-01T11:51:43+00:00","dateModified":"2023-11-28T11:39:47+00:00","breadcrumb":{"@id":"https:\/\/www.itakaescolapios.org\/es\/que-hacemos\/comedores-infantiles\/comedor-de-anzaldo-bolivia\/#breadcrumb"},"inLanguage":"es","potentialAction":[{"@type":"ReadAction","target":["https:\/\/www.itakaescolapios.org\/es\/que-hacemos\/comedores-infantiles\/comedor-de-anzaldo-bolivia\/"]}]},{"@type":"ImageObject","inLanguage":"es","@id":"https:\/\/www.itakaescolapios.org\/es\/que-hacemos\/comedores-infantiles\/comedor-de-anzaldo-bolivia\/#primaryimage","url":"https:\/\/www.itakaescolapios.org\/wp-content\/uploads\/2012\/06\/Comedores-infantiles-Anzaldo-2-Bolivia.jpg","contentUrl":"https:\/\/www.itakaescolapios.org\/wp-content\/uploads\/2012\/06\/Comedores-infantiles-Anzaldo-2-Bolivia.jpg","width":"1200","height":"900"},{"@type":"BreadcrumbList","@id":"https:\/\/www.itakaescolapios.org\/es\/que-hacemos\/comedores-infantiles\/comedor-de-anzaldo-bolivia\/#breadcrumb","itemListElement":[{"@type":"ListItem","position":1,"name":"Portada","item":"https:\/\/www.itakaescolapios.org\/es\/"},{"@type":"ListItem","position":2,"name":"Qu\u00e9 hacemos","item":"https:\/\/www.itakaescolapios.org\/es\/que-hacemos\/"},{"@type":"ListItem","position":3,"name":"Comedores infantiles","item":"https:\/\/www.itakaescolapios.org\/es\/que-hacemos\/comedores-infantiles\/"},{"@type":"ListItem","position":4,"name":"Comedor de Anzaldo (Bolivia)"}]},{"@type":"WebSite","@id":"https:\/\/www.itakaescolapios.org\/es\/#website","url":"https:\/\/www.itakaescolapios.org\/es\/","name":"Itaka-Escolapios","description":"Red de Itaka-Escolapios","publisher":{"@id":"https:\/\/www.itakaescolapios.org\/es\/#organization"},"potentialAction":[{"@type":"SearchAction","target":{"@type":"EntryPoint","urlTemplate":"https:\/\/www.itakaescolapios.org\/es\/?s={search_term_string}"},"query-input":{"@type":"PropertyValueSpecification","valueRequired":true,"valueName":"search_term_string"}}],"inLanguage":"es"},{"@type":"Organization","@id":"https:\/\/www.itakaescolapios.org\/es\/#organization","name":"Fundaci\u00f3 Itaka-Escolapios","url":"https:\/\/www.itakaescolapios.org\/es\/","logo":{"@type":"ImageObject","inLanguage":"es","@id":"https:\/\/www.itakaescolapios.org\/es\/#\/schema\/logo\/image\/","url":"https:\/\/www.itakaescolapios.org\/wp-content\/uploads\/2024\/04\/Logo-itakaescolapios-peque.png","contentUrl":"https:\/\/www.itakaescolapios.org\/wp-content\/uploads\/2024\/04\/Logo-itakaescolapios-peque.png","width":500,"height":199,"caption":"Fundaci\u00f3 Itaka-Escolapios"},"image":{"@id":"https:\/\/www.itakaescolapios.org\/es\/#\/schema\/logo\/image\/"}}]}},"_links":{"self":[{"href":"https:\/\/www.itakaescolapios.org\/es\/wp-json\/wp\/v2\/pages\/314","targetHints":{"allow":["GET"]}}],"collection":[{"href":"https:\/\/www.itakaescolapios.org\/es\/wp-json\/wp\/v2\/pages"}],"about":[{"href":"https:\/\/www.itakaescolapios.org\/es\/wp-json\/wp\/v2\/types\/page"}],"author":[{"embeddable":true,"href":"https:\/\/www.itakaescolapios.org\/es\/wp-json\/wp\/v2\/users\/1"}],"replies":[{"embeddable":true,"href":"https:\/\/www.itakaescolapios.org\/es\/wp-json\/wp\/v2\/comments?post=314"}],"version-history":[{"count":9,"href":"https:\/\/www.itakaescolapios.org\/es\/wp-json\/wp\/v2\/pages\/314\/revisions"}],"predecessor-version":[{"id":50258,"href":"https:\/\/www.itakaescolapios.org\/es\/wp-json\/wp\/v2\/pages\/314\/revisions\/50258"}],"up":[{"embeddable":true,"href":"https:\/\/www.itakaescolapios.org\/es\/wp-json\/wp\/v2\/pages\/87"}],"wp:featuredmedia":[{"embeddable":true,"href":"https:\/\/www.itakaescolapios.org\/es\/wp-json\/wp\/v2\/media\/1378"}],"wp:attachment":[{"href":"https:\/\/www.itakaescolapios.org\/es\/wp-json\/wp\/v2\/media?parent=314"}],"curies":[{"name":"wp","href":"https:\/\/api.w.org\/{rel}","templated":true}]}}