{"id":32980,"date":"2021-04-29T14:10:31","date_gmt":"2021-04-29T13:10:31","guid":{"rendered":"https:\/\/www.itakaescolapios.org\/?page_id=32980"},"modified":"2023-11-28T12:36:02","modified_gmt":"2023-11-28T11:36:02","slug":"formulario-run-for-change","status":"publish","type":"page","link":"https:\/\/www.itakaescolapios.org\/es\/formulario-run-for-change\/","title":{"rendered":"INSCRIPCI\u00d3N VITORIA-GASTEIZ"},"content":{"rendered":"<p>[et_pb_section fb_built=\u00bb1&#8243; admin_label=\u00bbsection\u00bb _builder_version=\u00bb3.22&#8243;][et_pb_row column_structure=\u00bb1_2,1_2&#8243; admin_label=\u00bbrow\u00bb _builder_version=\u00bb3.25&#8243; background_size=\u00bbinitial\u00bb background_position=\u00bbtop_left\u00bb background_repeat=\u00bbrepeat\u00bb][et_pb_column type=\u00bb1_2&#8243; _builder_version=\u00bb3.25&#8243; custom_padding=\u00bb|||\u00bb custom_padding__hover=\u00bb|||\u00bb][et_pb_text _builder_version=\u00bb4.9.4&#8243; _module_preset=\u00bbdefault\u00bb text_font_size=\u00bb10px\u00bb header_font_size=\u00bb38px\u00bb]<\/p>\n<h2 style=\"text-align: right;\">\u00a1Gracias por animarte a participar en nuestra carrera solidaria!<\/h2>\n<p>[\/et_pb_text][\/et_pb_column][et_pb_column type=\u00bb1_2&#8243; _builder_version=\u00bb3.25&#8243; custom_padding=\u00bb|||\u00bb custom_padding__hover=\u00bb|||\u00bb][et_pb_image src=\u00bbhttps:\/\/www.itakaescolapios.org\/wp-content\/uploads\/2021\/04\/logo-5.jpg\u00bb title_text=\u00bblogo 5&#8243; admin_label=\u00bbImagen\u00bb _builder_version=\u00bb4.9.4&#8243; _module_preset=\u00bbdefault\u00bb][\/et_pb_image][\/et_pb_column][\/et_pb_row][et_pb_row admin_label=\u00bbrow\u00bb _builder_version=\u00bb3.25&#8243; background_size=\u00bbinitial\u00bb background_position=\u00bbtop_left\u00bb background_repeat=\u00bbrepeat\u00bb][et_pb_column type=\u00bb4_4&#8243; _builder_version=\u00bb3.25&#8243; custom_padding=\u00bb|||\u00bb custom_padding__hover=\u00bb|||\u00bb][et_pb_image src=\u00bbhttps:\/\/www.itakaescolapios.org\/wp-content\/uploads\/2021\/06\/Captura.jpg\u00bb title_text=\u00bbCaptura\u00bb _builder_version=\u00bb4.9.4&#8243; _module_preset=\u00bbdefault\u00bb hover_enabled=\u00bb0&#8243; sticky_enabled=\u00bb0&#8243; url=\u00bbhttps:\/\/youtu.be\/XiVAZbUN3sk\u00bb][\/et_pb_image][et_pb_text _builder_version=\u00bb4.9.4&#8243; _module_preset=\u00bbdefault\u00bb header_font_size=\u00bb38px\u00bb]<\/p>\n<p>La inscripci\u00f3n de 10 euros incluye una camiseta t\u00e9cnica de tu talla y una bolsa de corredor. Si aumentas tu donativo 1 euro o m\u00e1s participar\u00e1s en un sorteo a celebrarse el domingo d\u00eda 6 de junio a las 19 h, con sustanciosos premios. Cuantos m\u00e1s euros, m\u00e1s veces meteremos tu n\u00famero en el sorteo. Los premios son:<\/p>\n<ul>\n<li>Premio n\u00ba1: Alquiler del albergue de Barria \u00abErrotazarra\u00bb para un fin de semana, con capacidad para 30 personas.<\/li>\n<li>Premio n\u00ba2: Men\u00fa para dos personas en el restaurante MESA.<\/li>\n<li>Premio n\u00ba3: Men\u00fa para dos personas en el restaurante CONDE DE ALAVA.<\/li>\n<li>Premio n\u00ba4: Men\u00fa para dos personas en el restaurante EL CHISPIAL<\/li>\n<li>Premio n\u00ba5: Men\u00fa para dos personas en el restaurante LA PINTOZZER\u00cdA<\/li>\n<li>Premio n\u00ba6: Camiseta del Alav\u00e9s firmada por los jugadores.<\/li>\n<li>Premio n\u00ba7: Bono-regalo de CAYPE, especialistas en material escolar y de oficina.<\/li>\n<li>Premio n\u00ba8: Lote de electrodom\u00e9sticos donados por COBER (cafetera, cepillo el\u00e9ctrico, cascos y m\u00e1quina de afeitar).<\/li>\n<li>Premio n\u00ba9: Lote de regalos de MEDICUS MUNDI y otros sponsors.<\/li>\n<\/ul>\n<p>RECUERDA QUE EL PLAZO DE INSCRIPCI\u00d3N CON CAMISETA Y BOLSA TERMINA EL 23 DE MAYO A LAS 12 DE LA NOCHE<\/p>\n<p>[\/et_pb_text][et_pb_video src=\u00bbhttps:\/\/youtu.be\/SknabtrCZok\u00bb _builder_version=\u00bb4.9.4&#8243; _module_preset=\u00bbdefault\u00bb][\/et_pb_video][\/et_pb_column][\/et_pb_row][et_pb_row column_structure=\u00bb1_2,1_2&#8243; admin_label=\u00bbrow\u00bb _builder_version=\u00bb3.25&#8243; background_size=\u00bbinitial\u00bb background_position=\u00bbtop_left\u00bb background_repeat=\u00bbrepeat\u00bb][et_pb_column type=\u00bb1_2&#8243; _builder_version=\u00bb3.25&#8243; custom_padding=\u00bb|||\u00bb custom_padding__hover=\u00bb|||\u00bb][et_pb_text _builder_version=\u00bb4.9.4&#8243; _module_preset=\u00bbdefault\u00bb text_font_size=\u00bb12px\u00bb]<\/p>\n<p>DESCRIPCI\u00d3N<br \/>Camiseta t\u00e9cnica de manga corta con escote redondeado. 100% poli\u00e9ster piqu\u00e9 , 135 g\/m\u00b2 *Tejido transpirable de f\u00e1cil lavado y secado. *Etiqueta removible. *Tejido t\u00e9cnico.<\/p>\n<p>TALLAS<br \/>Adultos:: S \u00b7 M \u00b7 L \u00b7 XL \u00b7 2XL \u00b7 3XL \/ Ni\u00f1os\/as:: 4 \u00b7 8 \u00b7 12 \u00b7 16<\/p>\n<p>[\/et_pb_text][\/et_pb_column][et_pb_column type=\u00bb1_2&#8243; _builder_version=\u00bb3.25&#8243; custom_padding=\u00bb|||\u00bb custom_padding__hover=\u00bb|||\u00bb][et_pb_text _builder_version=\u00bb4.9.4&#8243; _module_preset=\u00bbdefault\u00bb text_font_size=\u00bb12px\u00bb]<\/p>\n<p>DESCRIPCI\u00d3N<br \/>Mochila multiusos. 1.- Cordones de ajuste a la espalda. 2.- Ojales met\u00e1licos.<br \/>100% polipropileno no tejido, 80 g\/m\u00b2. Talla \u00fanica: 36 x 42 cm.<br \/>*Etiqueta removible.<\/p>\n<p>[\/et_pb_text][\/et_pb_column][\/et_pb_row][et_pb_row column_structure=\u00bb1_3,1_3,1_3&#8243; admin_label=\u00bbrow\u00bb _builder_version=\u00bb3.25&#8243; background_size=\u00bbinitial\u00bb background_position=\u00bbtop_left\u00bb background_repeat=\u00bbrepeat\u00bb][et_pb_column type=\u00bb1_3&#8243; _builder_version=\u00bb3.25&#8243; custom_padding=\u00bb|||\u00bb custom_padding__hover=\u00bb|||\u00bb][et_pb_image src=\u00bbhttps:\/\/www.itakaescolapios.org\/wp-content\/uploads\/2021\/05\/cober.png\u00bb title_text=\u00bbcober\u00bb force_fullwidth=\u00bbon\u00bb _builder_version=\u00bb4.9.4&#8243; _module_preset=\u00bbdefault\u00bb custom_margin=\u00bb-20px||||false|false\u00bb][\/et_pb_image][et_pb_image src=\u00bbhttps:\/\/www.itakaescolapios.org\/wp-content\/uploads\/2021\/05\/mesalogo.png\u00bb title_text=\u00bbmesalogo\u00bb force_fullwidth=\u00bbon\u00bb _builder_version=\u00bb4.9.4&#8243; _module_preset=\u00bbdefault\u00bb][\/et_pb_image][et_pb_image src=\u00bbhttps:\/\/www.itakaescolapios.org\/wp-content\/uploads\/2021\/05\/Kaiku-transparente.png\u00bb title_text=\u00bbKaiku transparente\u00bb force_fullwidth=\u00bbon\u00bb _builder_version=\u00bb4.9.4&#8243; _module_preset=\u00bbdefault\u00bb][\/et_pb_image][et_pb_image src=\u00bbhttps:\/\/www.itakaescolapios.org\/wp-content\/uploads\/2021\/05\/images.png\u00bb title_text=\u00bbimages\u00bb force_fullwidth=\u00bbon\u00bb _builder_version=\u00bb4.9.4&#8243; _module_preset=\u00bbdefault\u00bb][\/et_pb_image][\/et_pb_column][et_pb_column type=\u00bb1_3&#8243; _builder_version=\u00bb3.25&#8243; custom_padding=\u00bb|||\u00bb custom_padding__hover=\u00bb|||\u00bb][et_pb_image src=\u00bbhttps:\/\/www.itakaescolapios.org\/wp-content\/uploads\/2021\/05\/logo-ampa.jpg\u00bb title_text=\u00bblogo ampa\u00bb force_fullwidth=\u00bbon\u00bb _builder_version=\u00bb4.9.4&#8243; _module_preset=\u00bbdefault\u00bb][\/et_pb_image][et_pb_image src=\u00bbhttps:\/\/www.itakaescolapios.org\/wp-content\/uploads\/2021\/05\/deportivo-Alaves-logo-1.png\u00bb title_text=\u00bbdeportivo-Alaves-logo-1&#8243; _builder_version=\u00bb4.9.4&#8243; _module_preset=\u00bbdefault\u00bb][\/et_pb_image][et_pb_image src=\u00bbhttps:\/\/www.itakaescolapios.org\/wp-content\/uploads\/2021\/05\/thumbnail_image001.jpg\u00bb title_text=\u00bbthumbnail_image001&#8243; force_fullwidth=\u00bbon\u00bb _builder_version=\u00bb4.9.4&#8243; _module_preset=\u00bbdefault\u00bb][\/et_pb_image][et_pb_image src=\u00bbhttps:\/\/www.itakaescolapios.org\/wp-content\/uploads\/2021\/05\/caype-logo-1.jpg\u00bb title_text=\u00bbcaype-logo-1&#8243; force_fullwidth=\u00bbon\u00bb _builder_version=\u00bb4.9.4&#8243; _module_preset=\u00bbdefault\u00bb][\/et_pb_image][\/et_pb_column][et_pb_column type=\u00bb1_3&#8243; _builder_version=\u00bb3.25&#8243; custom_padding=\u00bb|||\u00bb custom_padding__hover=\u00bb|||\u00bb][et_pb_image src=\u00bbhttps:\/\/www.itakaescolapios.org\/wp-content\/uploads\/2021\/05\/el-chispial-logo.png\u00bb title_text=\u00bbel-chispial-logo\u00bb _builder_version=\u00bb4.9.4&#8243; _module_preset=\u00bbdefault\u00bb max_width=\u00bb65%\u00bb][\/et_pb_image][et_pb_image src=\u00bbhttps:\/\/www.itakaescolapios.org\/wp-content\/uploads\/2021\/05\/logo_dendamundiR.jpg\u00bb title_text=\u00bblogo_dendamundiR\u00bb force_fullwidth=\u00bbon\u00bb _builder_version=\u00bb4.9.4&#8243; _module_preset=\u00bbdefault\u00bb][\/et_pb_image][et_pb_image src=\u00bbhttps:\/\/www.itakaescolapios.org\/wp-content\/uploads\/2021\/05\/logocondealava.png\u00bb title_text=\u00bblogocondealava\u00bb force_fullwidth=\u00bbon\u00bb _builder_version=\u00bb4.9.4&#8243; _module_preset=\u00bbdefault\u00bb][\/et_pb_image][et_pb_image src=\u00bbhttps:\/\/www.itakaescolapios.org\/wp-content\/uploads\/2021\/05\/Captura.jpg\u00bb title_text=\u00bbCaptura\u00bb force_fullwidth=\u00bbon\u00bb _builder_version=\u00bb4.9.4&#8243; _module_preset=\u00bbdefault\u00bb][\/et_pb_image][\/et_pb_column][\/et_pb_row][et_pb_row _builder_version=\u00bb4.9.4&#8243; _module_preset=\u00bbdefault\u00bb disabled_on=\u00bbon|on|on\u00bb disabled=\u00bbon\u00bb][et_pb_column type=\u00bb4_4&#8243; _builder_version=\u00bb4.9.4&#8243; _module_preset=\u00bbdefault\u00bb][et_pb_text _builder_version=\u00bb4.9.4&#8243; _module_preset=\u00bbdefault\u00bb header_font_size=\u00bb38px\u00bb text_orientation=\u00bbjustified\u00bb]<\/p>\n<h2 style=\"text-align: center;\">FORMULARIO DE INSCRIPCI\u00d3N<\/h2>\n<p>Es obligatorio rellenar un formulario para cada participante, con su pago, completando todos los campos marcados con asterisco.<\/p>\n<p>[\/et_pb_text][et_pb_code _builder_version=\u00bb4.9.4&#8243; _module_preset=\u00bbdefault\u00bb]<\/p>\n<style><!-- [et_pb_line_break_holder] -->.cf7-smart-grid.has-grid .wpcf7-form-control:not(img) {<!-- [et_pb_line_break_holder] -->    width: 95% !important;}<!-- [et_pb_line_break_holder] -->.cf7-smart-grid.has-grid .field {margin: 6px 0 !important;text-align: center !important;}<!-- [et_pb_line_break_holder] -->.cf7-smart-grid.has-grid .field label {margin-top: 5px !important;text-align: center !important; font-weight: 700 !important;}<!-- [et_pb_line_break_holder] -->.cf7-smart-grid.has-grid div.field span.wpcf7-not-valid-tip {<!-- [et_pb_line_break_holder] -->    position: relative !important;margin:5px !important;}<!-- [et_pb_line_break_holder] -->.cf7-smart-grid.has-grid .info-tip {display:none !important;}<!-- [et_pb_line_break_holder] -->.cf7-smart-grid.has-grid .wpcf7-form-control:not(img) {min-height:20px !important;}<!-- [et_pb_line_break_holder] -->.cf7-smart-grid.has-grid .field .wpcf7-form-control-wrap {text-align: center !important;}<!-- [et_pb_line_break_holder] -->.cf7-smart-grid.has-grid {width: 99% !important;}<!-- [et_pb_line_break_holder] -->.cf7-smart-grid.has-grid .modalidad-inscripcion {width: 100% !important; max-width:700px !important;text-align: left !important;}<!-- [et_pb_line_break_holder] -->.cf7-smart-grid.has-grid .modalidad-inscripcion .wpcf7-radio {text-align: left !important;}<!-- [et_pb_line_break_holder] -->.destaca-modalidad {border: 2px solid red !important;width: 50% !important;margin: 0 auto !important;padding: 5px !important;}<!-- [et_pb_line_break_holder] -->.wpcf7-form-control.wpcf7-submission_id.wpcf7-validates-as-number {border: 3px dotted #003f77 !important;font-size: 35px !important;text-align: center !important;color: #d15b05 !important;font-family: baloo !important;}<!-- [et_pb_line_break_holder] -->.wpcf7-form-control .wpcf7-number {width: 35% !important;}<!-- [et_pb_line_break_holder] -->.wpcf7-form-control.wpcf7-submit {color: white !important; background-color: gainsboro !important; cursor:pointer;padding: 5px !important;border-radius: 5px !important;}<!-- [et_pb_line_break_holder] -->  .wpcf7-form-control.wpcf7-submit:hover {background-color: #003f77 !important;}<!-- [et_pb_line_break_holder] -->  .wpcf7-response-output, .wpcf7-not-valid-tip {border-radius: 3px !important;color: red !important;font-weight: bold !important; background-color: aquamarine !important;padding: 5pxwpcf7-not-valid-tip;text-align:center !important;}<!-- [et_pb_line_break_holder] -->  .cf7-smart-grid.has-grid .field > label em {color: red !important;}<!-- [et_pb_line_break_holder] -->  .cf7-smart-grid.has-grid .total-participacion .calculator-170 input {width: 12% !important;border:0px !important;text-align:center !important;}<!-- [et_pb_line_break_holder] -->  @media (max-width: 768px) {<!-- [et_pb_line_break_holder] -->    .cf7-smart-grid.has-grid .total-participacion .calculator-170 input {width: 18% !important;}<!-- [et_pb_line_break_holder] -->  }<!-- [et_pb_line_break_holder] -->  <!-- [et_pb_line_break_holder] -->  .cf7-smart-grid.has-grid .total-participacion, <!-- [et_pb_line_break_holder] -->.cf7-smart-grid.has-grid .total-participacion .calculator-170 input {font-size: 20px !important;font-weight: bold !important;color: red !important;}<!-- [et_pb_line_break_holder] -->  .cf7-smart-grid.has-grid .participacion-extra input[type=number], .cf7-smart-grid.has-grid .dorsal-cero input[type=number] {border: 1px solid #bbb !important;color: #4e4e4e !important;padding: 5px 10px !important;   height: auto !important;}<!-- [et_pb_line_break_holder] --><\/style>\n<p><!-- [et_pb_line_break_holder] -->[cf7form cf7key=\u00bbcarrera-vitoria\u00bb][\/et_pb_code][et_pb_text _builder_version=\u00bb4.9.4&#8243; _module_preset=\u00bbdefault\u00bb header_font_size=\u00bb38px\u00bb text_orientation=\u00bbjustified\u00bb]<\/p>\n<h2 style=\"text-align: center;\">INSTRUCCIONES PARA PARTICIPAR<\/h2>\n<p>RECOGIDA DEL MATERIAL: Si eres alumno\/a del colegio, o tienes un hijo\/a o familiar cercano que lo es, la camiseta y la bolsa de corredor te la haremos llegar reparti\u00e9ndola en clase el viernes 4 de junio. As\u00ed evitaremos aglomeraciones en la medida de lo posible. Si no eres alumno ni tienes conviviente cercano, puedes pasar a recoger el material por la oficinas de Itaka-Escolapios, en el colegio, entre las 8 am y las 8 pm del viernes 4 de junio.<\/p>\n<p>DESCARGA DE LA APP: Al hacer la inscripci\u00f3n te llegar\u00e1 un correo con nuestro agradecimiento, el n\u00famero con el que participas en el sorteo, y las instrucciones para descargar la app de STRAVA, registrarte, buscar nuestro club RUNFORCHANGE, unirte al evento RUNFORCHANGE ITAKA-ESCOLAPIOS VITORIA-GASTEIZ y confirmar que asistir\u00e1s. Activar\u00e1s la app al inicio de tu paseo o carrera, y lo desactivar\u00e1s al terminar. Los kms realizados se ir\u00e1n sumando al c\u00f3mputo global que recorremos entre todos los participantes.<\/p>\n<p>&nbsp;<\/p>\n<p>[\/et_pb_text][et_pb_image src=\u00bbhttps:\/\/www.itakaescolapios.org\/wp-content\/uploads\/2021\/05\/strava.jpg\u00bb title_text=\u00bbstrava\u00bb url=\u00bbhttps:\/\/www.strava.com\/clubs\/runforchangevitoria\u00bb url_new_window=\u00bbon\u00bb align=\u00bbcenter\u00bb admin_label=\u00bbImagen\u00bb _builder_version=\u00bb4.9.4&#8243; _module_preset=\u00bbdefault\u00bb][\/et_pb_image][et_pb_text _builder_version=\u00bb4.9.4&#8243; _module_preset=\u00bbdefault\u00bb header_font_size=\u00bb38px\u00bb text_orientation=\u00bbjustified\u00bb]<\/p>\n<p>&nbsp;<\/p>\n<p>DESARROLLO DE LA CARRERA: Tu recorrido puede comenzar a partir de las 7 am del s\u00e1bado d\u00eda 5 de junio, hora en que se activar\u00e1 la app, y terminar, lo m\u00e1s tardar el domingo a las 19h, momento en que la app se desactivar\u00e1. T\u00fa eliges, por tanto, el momento y el recorrido. Lo puedes hacer solo o en compa\u00f1\u00eda en cualquiera de las modalidades, siempre que tu grupo no supere las seis personas.<\/p>\n<p>SORTEO: se realizar\u00e1 el domingo 6 de junio a las 19h de la tarde, en un directo de Youtube cuyo link os haremos llegar. A partir del lunes 7 podr\u00e1s pasarte por las oficinas de Itaka-Escolapios a retirar tu premio.<\/p>\n<p>&nbsp;<\/p>\n<p>&nbsp;<\/p>\n<p>&nbsp;<\/p>\n<p>[\/et_pb_text][et_pb_video src=\u00bbhttps:\/\/youtu.be\/71jcr_wTWaA\u00bb disabled_on=\u00bboff|off|off\u00bb _builder_version=\u00bb4.9.4&#8243; _module_preset=\u00bbdefault\u00bb][\/et_pb_video][et_pb_image src=\u00bbhttps:\/\/www.itakaescolapios.org\/wp-content\/uploads\/2021\/05\/cartel-corregido.jpg\u00bb title_text=\u00bbcartel corregido\u00bb _builder_version=\u00bb4.9.4&#8243; _module_preset=\u00bbdefault\u00bb][\/et_pb_image][\/et_pb_column][\/et_pb_row][\/et_pb_section]<\/p>\n","protected":false},"excerpt":{"rendered":"<p>\u00a1Gracias por animarte a participar en nuestra carrera solidaria! La inscripci\u00f3n de 10 euros incluye una camiseta t\u00e9cnica de tu talla y una bolsa de corredor. Si aumentas tu donativo [&hellip;]<\/p>\n","protected":false},"author":1,"featured_media":0,"parent":0,"menu_order":0,"comment_status":"closed","ping_status":"closed","template":"","meta":{"_et_pb_use_builder":"on","_et_pb_old_content":"","_et_gb_content_width":"","footnotes":""},"class_list":["post-32980","page","type-page","status-publish","hentry"],"yoast_head":"<!-- This site is optimized with the Yoast SEO plugin v27.4 - https:\/\/yoast.com\/product\/yoast-seo-wordpress\/ -->\n<title>INSCRIPCI\u00d3N VITORIA-GASTEIZ - Itaka-Escolapios<\/title>\n<meta name=\"robots\" content=\"index, follow, max-snippet:-1, max-image-preview:large, max-video-preview:-1\" \/>\n<link rel=\"canonical\" href=\"https:\/\/www.itakaescolapios.org\/es\/formulario-run-for-change\/\" \/>\n<meta property=\"og:locale\" content=\"es_ES\" \/>\n<meta property=\"og:type\" content=\"article\" \/>\n<meta property=\"og:title\" content=\"INSCRIPCI\u00d3N VITORIA-GASTEIZ - Itaka-Escolapios\" \/>\n<meta property=\"og:description\" content=\"\u00a1Gracias por animarte a participar en nuestra carrera solidaria! La inscripci\u00f3n de 10 euros incluye una camiseta t\u00e9cnica de tu talla y una bolsa de corredor. Si aumentas tu donativo [&hellip;]\" \/>\n<meta property=\"og:url\" content=\"https:\/\/www.itakaescolapios.org\/es\/formulario-run-for-change\/\" \/>\n<meta property=\"og:site_name\" content=\"Itaka-Escolapios\" \/>\n<meta property=\"article:modified_time\" content=\"2023-11-28T11:36:02+00:00\" \/>\n<meta name=\"twitter:card\" content=\"summary_large_image\" \/>\n<meta name=\"twitter:label1\" content=\"Tiempo de lectura\" \/>\n\t<meta name=\"twitter:data1\" content=\"7 minutos\" \/>\n<script type=\"application\/ld+json\" class=\"yoast-schema-graph\">{\"@context\":\"https:\\\/\\\/schema.org\",\"@graph\":[{\"@type\":\"WebPage\",\"@id\":\"https:\\\/\\\/www.itakaescolapios.org\\\/es\\\/formulario-run-for-change\\\/\",\"url\":\"https:\\\/\\\/www.itakaescolapios.org\\\/es\\\/formulario-run-for-change\\\/\",\"name\":\"INSCRIPCI\u00d3N VITORIA-GASTEIZ - Itaka-Escolapios\",\"isPartOf\":{\"@id\":\"https:\\\/\\\/www.itakaescolapios.org\\\/es\\\/#website\"},\"datePublished\":\"2021-04-29T13:10:31+00:00\",\"dateModified\":\"2023-11-28T11:36:02+00:00\",\"breadcrumb\":{\"@id\":\"https:\\\/\\\/www.itakaescolapios.org\\\/es\\\/formulario-run-for-change\\\/#breadcrumb\"},\"inLanguage\":\"es\",\"potentialAction\":[{\"@type\":\"ReadAction\",\"target\":[\"https:\\\/\\\/www.itakaescolapios.org\\\/es\\\/formulario-run-for-change\\\/\"]}]},{\"@type\":\"BreadcrumbList\",\"@id\":\"https:\\\/\\\/www.itakaescolapios.org\\\/es\\\/formulario-run-for-change\\\/#breadcrumb\",\"itemListElement\":[{\"@type\":\"ListItem\",\"position\":1,\"name\":\"Portada\",\"item\":\"https:\\\/\\\/www.itakaescolapios.org\\\/es\\\/\"},{\"@type\":\"ListItem\",\"position\":2,\"name\":\"INSCRIPCI\u00d3N VITORIA-GASTEIZ\"}]},{\"@type\":\"WebSite\",\"@id\":\"https:\\\/\\\/www.itakaescolapios.org\\\/es\\\/#website\",\"url\":\"https:\\\/\\\/www.itakaescolapios.org\\\/es\\\/\",\"name\":\"Itaka-Escolapios\",\"description\":\"Red de Itaka-Escolapios\",\"publisher\":{\"@id\":\"https:\\\/\\\/www.itakaescolapios.org\\\/es\\\/#organization\"},\"potentialAction\":[{\"@type\":\"SearchAction\",\"target\":{\"@type\":\"EntryPoint\",\"urlTemplate\":\"https:\\\/\\\/www.itakaescolapios.org\\\/es\\\/?s={search_term_string}\"},\"query-input\":{\"@type\":\"PropertyValueSpecification\",\"valueRequired\":true,\"valueName\":\"search_term_string\"}}],\"inLanguage\":\"es\"},{\"@type\":\"Organization\",\"@id\":\"https:\\\/\\\/www.itakaescolapios.org\\\/es\\\/#organization\",\"name\":\"Fundaci\u00f3 Itaka-Escolapios\",\"url\":\"https:\\\/\\\/www.itakaescolapios.org\\\/es\\\/\",\"logo\":{\"@type\":\"ImageObject\",\"inLanguage\":\"es\",\"@id\":\"https:\\\/\\\/www.itakaescolapios.org\\\/es\\\/#\\\/schema\\\/logo\\\/image\\\/\",\"url\":\"https:\\\/\\\/www.itakaescolapios.org\\\/wp-content\\\/uploads\\\/2024\\\/04\\\/Logo-itakaescolapios-peque.png\",\"contentUrl\":\"https:\\\/\\\/www.itakaescolapios.org\\\/wp-content\\\/uploads\\\/2024\\\/04\\\/Logo-itakaescolapios-peque.png\",\"width\":500,\"height\":199,\"caption\":\"Fundaci\u00f3 Itaka-Escolapios\"},\"image\":{\"@id\":\"https:\\\/\\\/www.itakaescolapios.org\\\/es\\\/#\\\/schema\\\/logo\\\/image\\\/\"}}]}<\/script>\n<!-- \/ Yoast SEO plugin. -->","yoast_head_json":{"title":"INSCRIPCI\u00d3N VITORIA-GASTEIZ - Itaka-Escolapios","robots":{"index":"index","follow":"follow","max-snippet":"max-snippet:-1","max-image-preview":"max-image-preview:large","max-video-preview":"max-video-preview:-1"},"canonical":"https:\/\/www.itakaescolapios.org\/es\/formulario-run-for-change\/","og_locale":"es_ES","og_type":"article","og_title":"INSCRIPCI\u00d3N VITORIA-GASTEIZ - Itaka-Escolapios","og_description":"\u00a1Gracias por animarte a participar en nuestra carrera solidaria! La inscripci\u00f3n de 10 euros incluye una camiseta t\u00e9cnica de tu talla y una bolsa de corredor. Si aumentas tu donativo [&hellip;]","og_url":"https:\/\/www.itakaescolapios.org\/es\/formulario-run-for-change\/","og_site_name":"Itaka-Escolapios","article_modified_time":"2023-11-28T11:36:02+00:00","twitter_card":"summary_large_image","twitter_misc":{"Tiempo de lectura":"7 minutos"},"schema":{"@context":"https:\/\/schema.org","@graph":[{"@type":"WebPage","@id":"https:\/\/www.itakaescolapios.org\/es\/formulario-run-for-change\/","url":"https:\/\/www.itakaescolapios.org\/es\/formulario-run-for-change\/","name":"INSCRIPCI\u00d3N VITORIA-GASTEIZ - Itaka-Escolapios","isPartOf":{"@id":"https:\/\/www.itakaescolapios.org\/es\/#website"},"datePublished":"2021-04-29T13:10:31+00:00","dateModified":"2023-11-28T11:36:02+00:00","breadcrumb":{"@id":"https:\/\/www.itakaescolapios.org\/es\/formulario-run-for-change\/#breadcrumb"},"inLanguage":"es","potentialAction":[{"@type":"ReadAction","target":["https:\/\/www.itakaescolapios.org\/es\/formulario-run-for-change\/"]}]},{"@type":"BreadcrumbList","@id":"https:\/\/www.itakaescolapios.org\/es\/formulario-run-for-change\/#breadcrumb","itemListElement":[{"@type":"ListItem","position":1,"name":"Portada","item":"https:\/\/www.itakaescolapios.org\/es\/"},{"@type":"ListItem","position":2,"name":"INSCRIPCI\u00d3N VITORIA-GASTEIZ"}]},{"@type":"WebSite","@id":"https:\/\/www.itakaescolapios.org\/es\/#website","url":"https:\/\/www.itakaescolapios.org\/es\/","name":"Itaka-Escolapios","description":"Red de Itaka-Escolapios","publisher":{"@id":"https:\/\/www.itakaescolapios.org\/es\/#organization"},"potentialAction":[{"@type":"SearchAction","target":{"@type":"EntryPoint","urlTemplate":"https:\/\/www.itakaescolapios.org\/es\/?s={search_term_string}"},"query-input":{"@type":"PropertyValueSpecification","valueRequired":true,"valueName":"search_term_string"}}],"inLanguage":"es"},{"@type":"Organization","@id":"https:\/\/www.itakaescolapios.org\/es\/#organization","name":"Fundaci\u00f3 Itaka-Escolapios","url":"https:\/\/www.itakaescolapios.org\/es\/","logo":{"@type":"ImageObject","inLanguage":"es","@id":"https:\/\/www.itakaescolapios.org\/es\/#\/schema\/logo\/image\/","url":"https:\/\/www.itakaescolapios.org\/wp-content\/uploads\/2024\/04\/Logo-itakaescolapios-peque.png","contentUrl":"https:\/\/www.itakaescolapios.org\/wp-content\/uploads\/2024\/04\/Logo-itakaescolapios-peque.png","width":500,"height":199,"caption":"Fundaci\u00f3 Itaka-Escolapios"},"image":{"@id":"https:\/\/www.itakaescolapios.org\/es\/#\/schema\/logo\/image\/"}}]}},"_links":{"self":[{"href":"https:\/\/www.itakaescolapios.org\/es\/wp-json\/wp\/v2\/pages\/32980","targetHints":{"allow":["GET"]}}],"collection":[{"href":"https:\/\/www.itakaescolapios.org\/es\/wp-json\/wp\/v2\/pages"}],"about":[{"href":"https:\/\/www.itakaescolapios.org\/es\/wp-json\/wp\/v2\/types\/page"}],"author":[{"embeddable":true,"href":"https:\/\/www.itakaescolapios.org\/es\/wp-json\/wp\/v2\/users\/1"}],"replies":[{"embeddable":true,"href":"https:\/\/www.itakaescolapios.org\/es\/wp-json\/wp\/v2\/comments?post=32980"}],"version-history":[{"count":146,"href":"https:\/\/www.itakaescolapios.org\/es\/wp-json\/wp\/v2\/pages\/32980\/revisions"}],"predecessor-version":[{"id":44313,"href":"https:\/\/www.itakaescolapios.org\/es\/wp-json\/wp\/v2\/pages\/32980\/revisions\/44313"}],"wp:attachment":[{"href":"https:\/\/www.itakaescolapios.org\/es\/wp-json\/wp\/v2\/media?parent=32980"}],"curies":[{"name":"wp","href":"https:\/\/api.w.org\/{rel}","templated":true}]}}