{"id":331272,"date":"2026-03-31T10:12:30","date_gmt":"2026-03-31T09:12:30","guid":{"rendered":"https:\/\/www.itakaescolapios.org\/es\/?page_id=331272"},"modified":"2026-04-08T12:27:36","modified_gmt":"2026-04-08T11:27:36","slug":"testimonios-aniversario","status":"publish","type":"page","link":"https:\/\/www.itakaescolapios.org\/es\/testimonios-aniversario\/","title":{"rendered":"Testimonios- Aniversario"},"content":{"rendered":"<p>[et_pb_section fb_built=\u00bb1&#8243; admin_label=\u00bbTexto explicativo expresiones art\u00edsticas\u00bb _builder_version=\u00bb4.27.4&#8243; custom_margin=\u00bb||0px||false|false\u00bb custom_padding=\u00bb28px||0px||false|false\u00bb da_disable_devices=\u00bboff|off|off\u00bb locked=\u00bboff\u00bb collapsed=\u00bboff\u00bb global_colors_info=\u00bb{}\u00bb da_is_popup=\u00bboff\u00bb da_exit_intent=\u00bboff\u00bb da_has_close=\u00bbon\u00bb da_alt_close=\u00bboff\u00bb da_dark_close=\u00bboff\u00bb da_not_modal=\u00bbon\u00bb da_is_singular=\u00bboff\u00bb da_with_loader=\u00bboff\u00bb da_has_shadow=\u00bbon\u00bb][et_pb_row _builder_version=\u00bb4.27.4&#8243; _module_preset=\u00bbdefault\u00bb max_width=\u00bb3333px\u00bb module_alignment=\u00bbcenter\u00bb locked=\u00bboff\u00bb global_colors_info=\u00bb{}\u00bb][et_pb_column type=\u00bb4_4&#8243; _builder_version=\u00bb4.27.4&#8243; _module_preset=\u00bbdefault\u00bb global_colors_info=\u00bb{}\u00bb][df_adh_heading title_prefix=\u00bbTESTIMONIOS\u00bb title_infix=\u00bb25 ANIVERSARIO\u00bb divider_background_bgcolor=\u00bbgcid-1324f65a-026a-452f-9378-9f45b6d9758c\u00bb _builder_version=\u00bb4.27.4&#8243; _module_preset=\u00bbdefault\u00bb t_prefix_font=\u00bbMerriweather|700|||||||\u00bb t_prefix_text_color=\u00bbgcid-cca90ba6-297c-4d63-9e2c-8201011ef870&#8243; t_prefix_font_size=\u00bb40px\u00bb t_prefix_line_height=\u00bb1.5em\u00bb t_infix_font=\u00bbMerriweather|700|||||||\u00bb t_infix_text_color=\u00bbgcid-b1ace166-c11d-4c70-a679-55884e9ca298&#8243; t_infix_font_size=\u00bb40px\u00bb t_infix_line_height=\u00bb1.5em\u00bb module_alignment=\u00bbcenter\u00bb t_prefix_font_size_tablet=\u00bb40px\u00bb t_prefix_font_size_phone=\u00bb30px\u00bb t_prefix_font_size_last_edited=\u00bbon|phone\u00bb t_infix_font_size_tablet=\u00bb40px\u00bb t_infix_font_size_phone=\u00bb30px\u00bb t_infix_font_size_last_edited=\u00bbon|phone\u00bb custom_css_main_element=\u00bbtext-align:center;\u00bb title_prefix_en_us=\u00bb25th ANNIVERSARY\u00bb title_infix_en_us=\u00bbTESTIMONIALS\u00bb title_prefix_fr_fr=\u00bbT\u00c9MOIGNAGES \u00bb title_infix_fr_fr=\u00bb25e ANNIVERSAIRE\u00bb title_prefix_eu=\u00bbTESTIGANTZAK \u00bb title_infix_eu=\u00bb25. URTEURRENA\u00bb title_prefix_ca=\u00bbTESTIMONIATGES \u00bb title_infix_ca=\u00bb25 ANIVERSARI\u00bb title_prefix_pt_br=\u00bbDEPOIMENTOS \u00bb title_infix_pt_br=\u00bb25\u00ba ANIVERS\u00c1RIO\u00bb global_colors_info=\u00bb{%22gcid-1324f65a-026a-452f-9378-9f45b6d9758c%22:%91%22divider_background_bgcolor%22%93,%22gcid-cca90ba6-297c-4d63-9e2c-8201011ef870%22:%91%22t_prefix_text_color%22%93,%22gcid-b1ace166-c11d-4c70-a679-55884e9ca298%22:%91%22t_infix_text_color%22%93}\u00bb][\/df_adh_heading][et_pb_text _builder_version=\u00bb4.27.4&#8243; _module_preset=\u00bbdefault\u00bb text_font=\u00bb&#8211;et_global_body_font|300|||||||\u00bb text_font_size=\u00bb25px\u00bb text_line_height=\u00bb1.3em\u00bb hover_enabled=\u00bb0&#8243; text_font_size_tablet=\u00bb25px\u00bb text_font_size_phone=\u00bb18px\u00bb text_font_size_last_edited=\u00bbon|phone\u00bb content_en_us=\u00bb<\/p>\n<p>We are celebrating 25 years dedicated to transforming the world through education, a mission in which we have been supported by the vision and dedicated efforts of thousands of people around the globe. That is why <strong>we want to thank everyone involved<\/strong>: staff, members, volunteers, participants, teachers, and all our partners. Because without them, none of this would be possible, and we would not be celebrating these 25 years.<\/p>\n<p>That is why we asked people connected to Itaka-Escolapios from different parts of the world what the Network means to them and how they envision Itaka-Escolapios for the next 25 years. Here are some of their responses. Thank you very much to everyone for your stories!<\/p>\n<p>\u00bb content_fr_fr=\u00bb<\/p>\n<p>Nous c\u00e9l\u00e9brons 25 ans consacr\u00e9s \u00e0 transformer le monde par l&#8217;\u00e9ducation, une mission pour laquelle nous avons pu compter sur le regard et l&#8217;engagement de milliers de personnes \u00e0 travers le monde. C&#8217;est pourquoi <strong>nous tenons \u00e0 remercier toutes ces personnes impliqu\u00e9es<\/strong> : employ\u00e9es, membres, b\u00e9n\u00e9voles, participants, enseignants et collaboratrices de tous horizons. Car sans elles, rien de tout cela ne serait possible et nous n&#8217;aurions pas pu f\u00eater ces 25 ans.<\/p>\n<p>C&#8217;est pourquoi nous avons demand\u00e9 \u00e0 des personnes li\u00e9es \u00e0 Itaka-Escolapios, venues de diff\u00e9rents coins du monde, ce que repr\u00e9sente pour elles le R\u00e9seau et comment elles imaginent Itaka-Escolapios pour les 25 prochaines ann\u00e9es. Voici quelques-unes de leurs r\u00e9ponses. Un grand merci \u00e0 toutes et \u00e0 tous pour vos t\u00e9moignages !<\/p>\n<p>\u00bb content_eu=\u00bb<\/p>\n<p>Hezkuntzaren bidez mundua eraldatzen 25 urte eman ditugu, eta lan horretan mundu osoko milaka pertsonaren begirada eta esku konprometituak izan ditugu. Horregatik, <strong>eskerrak eman nahi dizkiegu inplikatutako pertsona horiei guztiei<\/strong>: langileak, bazkideak, boluntarioak, parte-hartzaileak, irakasleak, edozein motatako laguntzaileak. Izan ere, horrelako ezer ez litzateke posible izango, eta ez genituzke 25 urte horiek beteko.<\/p>\n<p>Horregatik, munduko hainbat lekutatik Itaka-Eskolapioekin lotura duten pertsonei galdetu diegu zer den haientzat Sarea eta nola amesten duten Itaka-Eskolapioek datozen 25 urteetan. Hona hemen erantzun batzuk. Eskerrik asko guztioi zuen testigantzagatik!<\/p>\n<p>\u00bb content_ca=\u00bb<\/p>\n<p>Celebrem 25 anys dedicats a transformar el m\u00f3n a trav\u00e9s de l&#8217;educaci\u00f3, una labor en la qual hem comptat amb la mirada i les mans compromeses de milers de persones en tot el planeta. \u00c9s per aix\u00f2 que volem donar les <strong>gr\u00e0cies a totes aquestes persones implicades<\/strong>: Treballadores, s\u00f2cies, voluntariat, participants, professorat, col\u00b7laboradores de qualsevol tipus. Perqu\u00e8 sense elles, res d&#8217;aquests seria possible i no complir\u00edem aquests 25 anys.<\/p>\n<p>Per aix\u00f2, hem preguntat a persones vinculades a Itaka- Escolapis des de diferents llocs del m\u00f3n, qu\u00e8 \u00e9s per a elles la Xarxa i com somien Itaka- Escolapis per als pr\u00f2xims 25 anys. Aquestes s\u00f3n algunes de les seues respostes. Moltes gr\u00e0cies a tots i totes pel vostre testimoniatge!<\/p>\n<p>\u00bb content_pt_br=\u00bb<\/p>\n<p>Comemoramos 25 anos dedicados a transformar o mundo atrav\u00e9s da educa\u00e7\u00e3o, um trabalho no qual contamos com o olhar e as m\u00e3os empenhadas de milhares de pessoas em todo o planeta. \u00c9 por isso que <strong>queremos agradecer a todas essas pessoas envolvidas<\/strong>: trabalhadoras, s\u00f3cias, volunt\u00e1rias, participantes, docentes e colaboradoras de todo o tipo. Porque sem elas, nada disto seria poss\u00edvel e n\u00e3o chegar\u00edamos a estes 25 anos.<\/p>\n<p>Por isso, pergunt\u00e1mos a pessoas ligadas \u00e0 Itaka-Escolapios, de diferentes partes do mundo, o que a Rede significa para elas e como sonham com a Itaka-Escolapios para os pr\u00f3ximos 25 anos. Estas s\u00e3o algumas das suas respostas. Muito obrigado a todos e a todas pelo vosso testemunho!<\/p>\n<p>\u00bb global_colors_info=\u00bb{}\u00bb sticky_enabled=\u00bb0&#8243;]<\/p>\n<p>Celebramos 25 a\u00f1os dedicados a transformar el mundo a trav\u00e9s de la educaci\u00f3n, una labor en la que hemos contado con la mirada y las manos comprometidas de miles de personas en todo el planeta. Es por ello que <strong>queremos dar las gracias a todas esas personas implicadas<\/strong>: Trabajadoras, socias, voluntariado, participantes, profesorado, colaboradoras de cualquier tipo. Porque sin ellas, nada de estos ser\u00eda posible y no cumplir\u00edamos estos 25 a\u00f1os.<\/p>\n<p>Por eso, hemos preguntado a personas vinculadas a Itaka- Escolapios desde distintos lugares del mundo, qu\u00e9 es para ellas la Red y c\u00f3mo sue\u00f1an Itaka- Escolapios para los pr\u00f3ximos 25 a\u00f1os. Estas son algunas de sus respuestas. \u00a1Muchas gracias a todos y todas por vuestro testimonio!<\/p>\n<p>[\/et_pb_text][\/et_pb_column][\/et_pb_row][\/et_pb_section][et_pb_section fb_built=\u00bb1&#8243; _builder_version=\u00bb4.27.4&#8243; _module_preset=\u00bbdefault\u00bb da_disable_devices=\u00bboff|off|off\u00bb global_colors_info=\u00bb{}\u00bb da_is_popup=\u00bboff\u00bb da_exit_intent=\u00bboff\u00bb da_has_close=\u00bbon\u00bb da_alt_close=\u00bboff\u00bb da_dark_close=\u00bboff\u00bb da_not_modal=\u00bbon\u00bb da_is_singular=\u00bboff\u00bb da_with_loader=\u00bboff\u00bb da_has_shadow=\u00bbon\u00bb][et_pb_row column_structure=\u00bb1_4,1_4,1_4,1_4&#8243; _builder_version=\u00bb4.27.4&#8243; _module_preset=\u00bbdefault\u00bb locked=\u00bboff\u00bb global_colors_info=\u00bb{}\u00bb][et_pb_column type=\u00bb1_4&#8243; _builder_version=\u00bb4.27.4&#8243; _module_preset=\u00bbdefault\u00bb global_colors_info=\u00bb{}\u00bb][et_pb_video src=\u00bbhttps:\/\/youtube.com\/shorts\/xZQij2oA0UE?feature=share\u00bb _builder_version=\u00bb4.27.4&#8243; _module_preset=\u00bbdefault\u00bb global_colors_info=\u00bb{}\u00bb][\/et_pb_video][et_pb_text _builder_version=\u00bb4.27.4&#8243; _module_preset=\u00bbdefault\u00bb global_colors_info=\u00bb{}\u00bb]<\/p>\n<p style=\"text-align: center;\">Elena (Bilbao)<\/p>\n<p>[\/et_pb_text][\/et_pb_column][et_pb_column type=\u00bb1_4&#8243; _builder_version=\u00bb4.27.4&#8243; _module_preset=\u00bbdefault\u00bb global_colors_info=\u00bb{}\u00bb][et_pb_video src=\u00bbhttps:\/\/youtube.com\/shorts\/yF14xXbVTWc?feature=share\u00bb _builder_version=\u00bb4.27.4&#8243; _module_preset=\u00bbdefault\u00bb global_colors_info=\u00bb{}\u00bb][\/et_pb_video][et_pb_text _builder_version=\u00bb4.27.4&#8243; _module_preset=\u00bbdefault\u00bb global_colors_info=\u00bb{}\u00bb]<\/p>\n<p style=\"text-align: center;\">Mariano (Granada)<\/p>\n<p>[\/et_pb_text][\/et_pb_column][et_pb_column type=\u00bb1_4&#8243; _builder_version=\u00bb4.27.4&#8243; _module_preset=\u00bbdefault\u00bb global_colors_info=\u00bb{}\u00bb][et_pb_video src=\u00bbhttps:\/\/youtube.com\/shorts\/KAPdyHUCZQY?feature=share\u00bb _builder_version=\u00bb4.27.4&#8243; _module_preset=\u00bbdefault\u00bb global_colors_info=\u00bb{}\u00bb][\/et_pb_video][et_pb_text _builder_version=\u00bb4.27.4&#8243; _module_preset=\u00bbdefault\u00bb global_colors_info=\u00bb{}\u00bb]<\/p>\n<p style=\"text-align: center;\">In\u00e9s (Zaragoza)<\/p>\n<p>[\/et_pb_text][\/et_pb_column][et_pb_column type=\u00bb1_4&#8243; _builder_version=\u00bb4.27.4&#8243; _module_preset=\u00bbdefault\u00bb global_colors_info=\u00bb{}\u00bb][et_pb_video src=\u00bbhttps:\/\/youtube.com\/shorts\/63cuYaQE6dI?feature=share\u00bb _builder_version=\u00bb4.27.4&#8243; _module_preset=\u00bbdefault\u00bb global_colors_info=\u00bb{}\u00bb][\/et_pb_video][et_pb_text _builder_version=\u00bb4.27.4&#8243; _module_preset=\u00bbdefault\u00bb global_colors_info=\u00bb{}\u00bb]<\/p>\n<p style=\"text-align: center;\">Almiro (Mozambique)<\/p>\n<p>[\/et_pb_text][\/et_pb_column][\/et_pb_row][et_pb_row column_structure=\u00bb1_4,1_4,1_4,1_4&#8243; _builder_version=\u00bb4.27.4&#8243; _module_preset=\u00bbdefault\u00bb locked=\u00bboff\u00bb global_colors_info=\u00bb{}\u00bb][et_pb_column type=\u00bb1_4&#8243; _builder_version=\u00bb4.27.4&#8243; _module_preset=\u00bbdefault\u00bb global_colors_info=\u00bb{}\u00bb][et_pb_video src=\u00bbhttps:\/\/youtube.com\/shorts\/7&#8211;Zec4gOG4?feature=share\u00bb _builder_version=\u00bb4.27.4&#8243; _module_preset=\u00bbdefault\u00bb global_colors_info=\u00bb{}\u00bb][\/et_pb_video][et_pb_text _builder_version=\u00bb4.27.4&#8243; _module_preset=\u00bbdefault\u00bb global_colors_info=\u00bb{}\u00bb]<\/p>\n<p style=\"text-align: center;\">Richard (Venezuela)<\/p>\n<p>[\/et_pb_text][\/et_pb_column][et_pb_column type=\u00bb1_4&#8243; _builder_version=\u00bb4.27.4&#8243; _module_preset=\u00bbdefault\u00bb global_colors_info=\u00bb{}\u00bb][et_pb_video src=\u00bbhttps:\/\/youtube.com\/shorts\/A6WEchdpxF8?feature=share\u00bb _builder_version=\u00bb4.27.4&#8243; _module_preset=\u00bbdefault\u00bb global_colors_info=\u00bb{}\u00bb][\/et_pb_video][et_pb_text _builder_version=\u00bb4.27.4&#8243; _module_preset=\u00bbdefault\u00bb global_colors_info=\u00bb{}\u00bb]<\/p>\n<p style=\"text-align: center;\">Diego (Tafalla)<\/p>\n<p>[\/et_pb_text][\/et_pb_column][et_pb_column type=\u00bb1_4&#8243; _builder_version=\u00bb4.27.4&#8243; _module_preset=\u00bbdefault\u00bb global_colors_info=\u00bb{}\u00bb][et_pb_video src=\u00bbhttps:\/\/youtube.com\/shorts\/FOGJ6yw-ejk?feature=share\u00bb _builder_version=\u00bb4.27.4&#8243; _module_preset=\u00bbdefault\u00bb global_colors_info=\u00bb{}\u00bb][\/et_pb_video][et_pb_text _builder_version=\u00bb4.27.4&#8243; _module_preset=\u00bbdefault\u00bb global_colors_info=\u00bb{}\u00bb]<\/p>\n<p style=\"text-align: center;\">L\u00edvia (Brasil)<\/p>\n<p>[\/et_pb_text][\/et_pb_column][et_pb_column type=\u00bb1_4&#8243; _builder_version=\u00bb4.27.4&#8243; _module_preset=\u00bbdefault\u00bb global_colors_info=\u00bb{}\u00bb][et_pb_video src=\u00bbhttps:\/\/youtube.com\/shorts\/1K_RrZwQgTU?feature=share\u00bb _builder_version=\u00bb4.27.4&#8243; _module_preset=\u00bbdefault\u00bb global_colors_info=\u00bb{}\u00bb][\/et_pb_video][et_pb_text _builder_version=\u00bb4.27.4&#8243; _module_preset=\u00bbdefault\u00bb global_colors_info=\u00bb{}\u00bb]<\/p>\n<p style=\"text-align: center;\">Nawfal (Bilbao)<\/p>\n<p>[\/et_pb_text][\/et_pb_column][\/et_pb_row][et_pb_row column_structure=\u00bb1_4,1_4,1_4,1_4&#8243; _builder_version=\u00bb4.27.4&#8243; _module_preset=\u00bbdefault\u00bb locked=\u00bboff\u00bb global_colors_info=\u00bb{}\u00bb][et_pb_column type=\u00bb1_4&#8243; _builder_version=\u00bb4.27.4&#8243; _module_preset=\u00bbdefault\u00bb global_colors_info=\u00bb{}\u00bb][et_pb_video src=\u00bbhttps:\/\/youtube.com\/shorts\/yT7NUmcTFbs?feature=share\u00bb _builder_version=\u00bb4.27.4&#8243; _module_preset=\u00bbdefault\u00bb global_colors_info=\u00bb{}\u00bb][\/et_pb_video][et_pb_text _builder_version=\u00bb4.27.4&#8243; _module_preset=\u00bbdefault\u00bb global_colors_info=\u00bb{}\u00bb]<\/p>\n<p style=\"text-align: center;\">H\u00e9ctor (M\u00e9xico)<\/p>\n<p>[\/et_pb_text][\/et_pb_column][et_pb_column type=\u00bb1_4&#8243; _builder_version=\u00bb4.27.4&#8243; _module_preset=\u00bbdefault\u00bb global_colors_info=\u00bb{}\u00bb][\/et_pb_column][et_pb_column type=\u00bb1_4&#8243; _builder_version=\u00bb4.27.4&#8243; _module_preset=\u00bbdefault\u00bb global_colors_info=\u00bb{}\u00bb][\/et_pb_column][et_pb_column type=\u00bb1_4&#8243; _builder_version=\u00bb4.27.4&#8243; _module_preset=\u00bbdefault\u00bb global_colors_info=\u00bb{}\u00bb][\/et_pb_column][\/et_pb_row][\/et_pb_section]<\/p>\n","protected":false},"excerpt":{"rendered":"<div class=\"et_pb_module df_adh_heading df_adh_heading_0\">\n\t\t\t\t\n\t\t\t\t\n\t\t\t\t\n\t\t\t\t\n\t\t\t\t\n\t\t\t\t\n\t\t\t\t<div class=\"et_pb_module_inner\">\n\t\t\t\t\t<div class=\"df-heading-container\">\n                \n                \n                <h3 class=\"df-heading\"><span class=\"prefix\">\u00bbTESTIMONIOS\u00bb<\/span> <span class=\"infix\">\u00bb25<\/span> <\/h3>\n                \n            <\/div>\n\t\t\t\t<\/div>\n\t\t\t<\/div>\n","protected":false},"author":69,"featured_media":0,"parent":0,"menu_order":0,"comment_status":"closed","ping_status":"closed","template":"","meta":{"_et_pb_use_builder":"on","_et_pb_old_content":"","_et_gb_content_width":"","footnotes":""},"class_list":["post-331272","page","type-page","status-publish","hentry"],"yoast_head":"<!-- This site is optimized with the Yoast SEO plugin v27.3 - https:\/\/yoast.com\/product\/yoast-seo-wordpress\/ -->\n<title>Testimonios- Aniversario - Itaka-Escolapios<\/title>\n<meta name=\"robots\" content=\"index, follow, max-snippet:-1, max-image-preview:large, max-video-preview:-1\" \/>\n<link rel=\"canonical\" href=\"https:\/\/www.itakaescolapios.org\/es\/testimonios-aniversario\/\" \/>\n<meta property=\"og:locale\" content=\"es_ES\" \/>\n<meta property=\"og:type\" content=\"article\" \/>\n<meta property=\"og:title\" content=\"Testimonios- Aniversario - Itaka-Escolapios\" \/>\n<meta property=\"og:url\" content=\"https:\/\/www.itakaescolapios.org\/es\/testimonios-aniversario\/\" \/>\n<meta property=\"og:site_name\" content=\"Itaka-Escolapios\" \/>\n<meta property=\"article:modified_time\" content=\"2026-04-08T11:27:36+00:00\" \/>\n<meta name=\"twitter:card\" content=\"summary_large_image\" \/>\n<meta name=\"twitter:description\" content=\"[df_adh_heading title_prefix=&quot;TESTIMONIOS&quot; title_infix=&quot;25 ANIVERSARIO&quot; divider_background_bgcolor=&quot;gcid-1324f65a-026a-452f-9378-9f45b6d9758c&quot; _builder_version=&quot;4.27.4&quot; _module_preset=&quot;default&quot; t_prefix_font=&quot;Merriweather|700|||||||&quot; t_prefix_text_color=&quot;gcid-cca90ba6-297c-4d63-9e2c-8201011ef870&quot; t_prefix_font_size=&quot;40px&quot; t_prefix_line_height=&quot;1.5em&quot; t_infix_font=&quot;Merriweather|700|||||||&quot; t_infix_text_color=&quot;gcid-b1ace166-c11d-4c70-a679-55884e9ca298&quot; t_infix_font_size=&quot;40px&quot; t_infix_line_height=&quot;1.5em&quot; module_alignment=&quot;center&quot; t_prefix_font_size_tablet=&quot;40px&quot; t_prefix_font_size_phone=&quot;30px&quot; t_prefix_font_size_last_edited=&quot;on|phone&quot; t_infix_font_size_tablet=&quot;40px&quot; t_infix_font_size_phone=&quot;30px&quot; t_infix_font_size_last_edited=&quot;on|phone&quot; custom_css_main_element=&quot;text-align:center;&quot; title_prefix_en_us=&quot;25th ANNIVERSARY&quot; title_infix_en_us=&quot;TESTIMONIALS&quot; title_prefix_fr_fr=&quot;T\u00c9MOIGNAGES &quot; title_infix_fr_fr=&quot;25e ANNIVERSAIRE&quot; [&hellip;]\" \/>\n<meta name=\"twitter:label1\" content=\"Tiempo de lectura\" \/>\n\t<meta name=\"twitter:data1\" content=\"1 minuto\" \/>\n<script type=\"application\/ld+json\" class=\"yoast-schema-graph\">{\"@context\":\"https:\\\/\\\/schema.org\",\"@graph\":[{\"@type\":\"WebPage\",\"@id\":\"https:\\\/\\\/www.itakaescolapios.org\\\/es\\\/testimonios-aniversario\\\/\",\"url\":\"https:\\\/\\\/www.itakaescolapios.org\\\/es\\\/testimonios-aniversario\\\/\",\"name\":\"Testimonios- Aniversario - Itaka-Escolapios\",\"isPartOf\":{\"@id\":\"https:\\\/\\\/www.itakaescolapios.org\\\/es\\\/#website\"},\"datePublished\":\"2026-03-31T09:12:30+00:00\",\"dateModified\":\"2026-04-08T11:27:36+00:00\",\"breadcrumb\":{\"@id\":\"https:\\\/\\\/www.itakaescolapios.org\\\/es\\\/testimonios-aniversario\\\/#breadcrumb\"},\"inLanguage\":\"es\",\"potentialAction\":[{\"@type\":\"ReadAction\",\"target\":[\"https:\\\/\\\/www.itakaescolapios.org\\\/es\\\/testimonios-aniversario\\\/\"]}]},{\"@type\":\"BreadcrumbList\",\"@id\":\"https:\\\/\\\/www.itakaescolapios.org\\\/es\\\/testimonios-aniversario\\\/#breadcrumb\",\"itemListElement\":[{\"@type\":\"ListItem\",\"position\":1,\"name\":\"Portada\",\"item\":\"https:\\\/\\\/www.itakaescolapios.org\\\/es\\\/\"},{\"@type\":\"ListItem\",\"position\":2,\"name\":\"Testimonios- Aniversario\"}]},{\"@type\":\"WebSite\",\"@id\":\"https:\\\/\\\/www.itakaescolapios.org\\\/es\\\/#website\",\"url\":\"https:\\\/\\\/www.itakaescolapios.org\\\/es\\\/\",\"name\":\"Itaka-Escolapios\",\"description\":\"Red de Itaka-Escolapios\",\"publisher\":{\"@id\":\"https:\\\/\\\/www.itakaescolapios.org\\\/es\\\/#organization\"},\"potentialAction\":[{\"@type\":\"SearchAction\",\"target\":{\"@type\":\"EntryPoint\",\"urlTemplate\":\"https:\\\/\\\/www.itakaescolapios.org\\\/es\\\/?s={search_term_string}\"},\"query-input\":{\"@type\":\"PropertyValueSpecification\",\"valueRequired\":true,\"valueName\":\"search_term_string\"}}],\"inLanguage\":\"es\"},{\"@type\":\"Organization\",\"@id\":\"https:\\\/\\\/www.itakaescolapios.org\\\/es\\\/#organization\",\"name\":\"Fundaci\u00f3 Itaka-Escolapios\",\"url\":\"https:\\\/\\\/www.itakaescolapios.org\\\/es\\\/\",\"logo\":{\"@type\":\"ImageObject\",\"inLanguage\":\"es\",\"@id\":\"https:\\\/\\\/www.itakaescolapios.org\\\/es\\\/#\\\/schema\\\/logo\\\/image\\\/\",\"url\":\"https:\\\/\\\/www.itakaescolapios.org\\\/wp-content\\\/uploads\\\/2024\\\/04\\\/Logo-itakaescolapios-peque.png\",\"contentUrl\":\"https:\\\/\\\/www.itakaescolapios.org\\\/wp-content\\\/uploads\\\/2024\\\/04\\\/Logo-itakaescolapios-peque.png\",\"width\":500,\"height\":199,\"caption\":\"Fundaci\u00f3 Itaka-Escolapios\"},\"image\":{\"@id\":\"https:\\\/\\\/www.itakaescolapios.org\\\/es\\\/#\\\/schema\\\/logo\\\/image\\\/\"}}]}<\/script>\n<!-- \/ Yoast SEO plugin. -->","yoast_head_json":{"title":"Testimonios- Aniversario - Itaka-Escolapios","robots":{"index":"index","follow":"follow","max-snippet":"max-snippet:-1","max-image-preview":"max-image-preview:large","max-video-preview":"max-video-preview:-1"},"canonical":"https:\/\/www.itakaescolapios.org\/es\/testimonios-aniversario\/","og_locale":"es_ES","og_type":"article","og_title":"Testimonios- Aniversario - Itaka-Escolapios","og_url":"https:\/\/www.itakaescolapios.org\/es\/testimonios-aniversario\/","og_site_name":"Itaka-Escolapios","article_modified_time":"2026-04-08T11:27:36+00:00","twitter_card":"summary_large_image","twitter_description":"[df_adh_heading title_prefix=\"TESTIMONIOS\" title_infix=\"25 ANIVERSARIO\" divider_background_bgcolor=\"gcid-1324f65a-026a-452f-9378-9f45b6d9758c\" _builder_version=\"4.27.4\" _module_preset=\"default\" t_prefix_font=\"Merriweather|700|||||||\" t_prefix_text_color=\"gcid-cca90ba6-297c-4d63-9e2c-8201011ef870\" t_prefix_font_size=\"40px\" t_prefix_line_height=\"1.5em\" t_infix_font=\"Merriweather|700|||||||\" t_infix_text_color=\"gcid-b1ace166-c11d-4c70-a679-55884e9ca298\" t_infix_font_size=\"40px\" t_infix_line_height=\"1.5em\" module_alignment=\"center\" t_prefix_font_size_tablet=\"40px\" t_prefix_font_size_phone=\"30px\" t_prefix_font_size_last_edited=\"on|phone\" t_infix_font_size_tablet=\"40px\" t_infix_font_size_phone=\"30px\" t_infix_font_size_last_edited=\"on|phone\" custom_css_main_element=\"text-align:center;\" title_prefix_en_us=\"25th ANNIVERSARY\" title_infix_en_us=\"TESTIMONIALS\" title_prefix_fr_fr=\"T\u00c9MOIGNAGES \" title_infix_fr_fr=\"25e ANNIVERSAIRE\" [&hellip;]","twitter_misc":{"Tiempo de lectura":"1 minuto"},"schema":{"@context":"https:\/\/schema.org","@graph":[{"@type":"WebPage","@id":"https:\/\/www.itakaescolapios.org\/es\/testimonios-aniversario\/","url":"https:\/\/www.itakaescolapios.org\/es\/testimonios-aniversario\/","name":"Testimonios- Aniversario - Itaka-Escolapios","isPartOf":{"@id":"https:\/\/www.itakaescolapios.org\/es\/#website"},"datePublished":"2026-03-31T09:12:30+00:00","dateModified":"2026-04-08T11:27:36+00:00","breadcrumb":{"@id":"https:\/\/www.itakaescolapios.org\/es\/testimonios-aniversario\/#breadcrumb"},"inLanguage":"es","potentialAction":[{"@type":"ReadAction","target":["https:\/\/www.itakaescolapios.org\/es\/testimonios-aniversario\/"]}]},{"@type":"BreadcrumbList","@id":"https:\/\/www.itakaescolapios.org\/es\/testimonios-aniversario\/#breadcrumb","itemListElement":[{"@type":"ListItem","position":1,"name":"Portada","item":"https:\/\/www.itakaescolapios.org\/es\/"},{"@type":"ListItem","position":2,"name":"Testimonios- Aniversario"}]},{"@type":"WebSite","@id":"https:\/\/www.itakaescolapios.org\/es\/#website","url":"https:\/\/www.itakaescolapios.org\/es\/","name":"Itaka-Escolapios","description":"Red de Itaka-Escolapios","publisher":{"@id":"https:\/\/www.itakaescolapios.org\/es\/#organization"},"potentialAction":[{"@type":"SearchAction","target":{"@type":"EntryPoint","urlTemplate":"https:\/\/www.itakaescolapios.org\/es\/?s={search_term_string}"},"query-input":{"@type":"PropertyValueSpecification","valueRequired":true,"valueName":"search_term_string"}}],"inLanguage":"es"},{"@type":"Organization","@id":"https:\/\/www.itakaescolapios.org\/es\/#organization","name":"Fundaci\u00f3 Itaka-Escolapios","url":"https:\/\/www.itakaescolapios.org\/es\/","logo":{"@type":"ImageObject","inLanguage":"es","@id":"https:\/\/www.itakaescolapios.org\/es\/#\/schema\/logo\/image\/","url":"https:\/\/www.itakaescolapios.org\/wp-content\/uploads\/2024\/04\/Logo-itakaescolapios-peque.png","contentUrl":"https:\/\/www.itakaescolapios.org\/wp-content\/uploads\/2024\/04\/Logo-itakaescolapios-peque.png","width":500,"height":199,"caption":"Fundaci\u00f3 Itaka-Escolapios"},"image":{"@id":"https:\/\/www.itakaescolapios.org\/es\/#\/schema\/logo\/image\/"}}]}},"_links":{"self":[{"href":"https:\/\/www.itakaescolapios.org\/es\/wp-json\/wp\/v2\/pages\/331272","targetHints":{"allow":["GET"]}}],"collection":[{"href":"https:\/\/www.itakaescolapios.org\/es\/wp-json\/wp\/v2\/pages"}],"about":[{"href":"https:\/\/www.itakaescolapios.org\/es\/wp-json\/wp\/v2\/types\/page"}],"author":[{"embeddable":true,"href":"https:\/\/www.itakaescolapios.org\/es\/wp-json\/wp\/v2\/users\/69"}],"replies":[{"embeddable":true,"href":"https:\/\/www.itakaescolapios.org\/es\/wp-json\/wp\/v2\/comments?post=331272"}],"version-history":[{"count":7,"href":"https:\/\/www.itakaescolapios.org\/es\/wp-json\/wp\/v2\/pages\/331272\/revisions"}],"predecessor-version":[{"id":331454,"href":"https:\/\/www.itakaescolapios.org\/es\/wp-json\/wp\/v2\/pages\/331272\/revisions\/331454"}],"wp:attachment":[{"href":"https:\/\/www.itakaescolapios.org\/es\/wp-json\/wp\/v2\/media?parent=331272"}],"curies":[{"name":"wp","href":"https:\/\/api.w.org\/{rel}","templated":true}]}}