{"id":331296,"date":"2026-03-31T09:24:50","date_gmt":"2026-03-31T08:24:50","guid":{"rendered":"https:\/\/www.itakaescolapios.org\/es\/?page_id=331296"},"modified":"2026-04-08T11:55:01","modified_gmt":"2026-04-08T10:55:01","slug":"noticias-aniversario","status":"publish","type":"page","link":"https:\/\/www.itakaescolapios.org\/es\/noticias-aniversario\/","title":{"rendered":"Noticias- Aniversario"},"content":{"rendered":"<p>[et_pb_section fb_built=\u00bb1&#8243; _builder_version=\u00bb4.26.1&#8243; _module_preset=\u00bbdefault\u00bb da_disable_devices=\u00bboff|off|off\u00bb global_colors_info=\u00bb{}\u00bb da_is_popup=\u00bboff\u00bb da_exit_intent=\u00bboff\u00bb da_has_close=\u00bbon\u00bb da_alt_close=\u00bboff\u00bb da_dark_close=\u00bboff\u00bb da_not_modal=\u00bbon\u00bb da_is_singular=\u00bboff\u00bb da_with_loader=\u00bboff\u00bb da_has_shadow=\u00bbon\u00bb][et_pb_row _builder_version=\u00bb4.26.1&#8243; _module_preset=\u00bbdefault\u00bb max_width=\u00bb1296px\u00bb global_colors_info=\u00bb{}\u00bb][et_pb_column type=\u00bb4_4&#8243; _builder_version=\u00bb4.26.1&#8243; _module_preset=\u00bbdefault\u00bb global_colors_info=\u00bb{}\u00bb][df_adh_heading title_prefix=\u00bbNOTICIAS\u00bb title_infix=\u00bb25 ANIVERSARIO\u00bb divider_background_bgcolor=\u00bbgcid-1324f65a-026a-452f-9378-9f45b6d9758c\u00bb _builder_version=\u00bb4.27.4&#8243; _module_preset=\u00bbdefault\u00bb t_prefix_font=\u00bbMerriweather|700|||||||\u00bb t_prefix_text_color=\u00bbgcid-cca90ba6-297c-4d63-9e2c-8201011ef870&#8243; t_prefix_font_size=\u00bb40px\u00bb t_prefix_line_height=\u00bb1.5em\u00bb t_infix_font=\u00bbMerriweather|700|||||||\u00bb t_infix_text_color=\u00bbgcid-b1ace166-c11d-4c70-a679-55884e9ca298&#8243; t_infix_font_size=\u00bb40px\u00bb t_infix_line_height=\u00bb1.5em\u00bb module_alignment=\u00bbcenter\u00bb t_prefix_font_size_tablet=\u00bb40px\u00bb t_prefix_font_size_phone=\u00bb30px\u00bb t_prefix_font_size_last_edited=\u00bbon|phone\u00bb t_infix_font_size_tablet=\u00bb40px\u00bb t_infix_font_size_phone=\u00bb30px\u00bb t_infix_font_size_last_edited=\u00bbon|phone\u00bb custom_css_main_element=\u00bbtext-align:center;\u00bb title_prefix_en_us=\u00bb NEWS\u00bb title_infix_en_us=\u00bb25th ANNIVERSARY\u00bb title_prefix_fr_fr=\u00bbACTUALIT\u00c9S\u00bb title_infix_fr_fr=\u00bb25e ANNIVERSAIRE\u00bb title_prefix_eu=\u00bbBERRIAK \u00bb title_infix_eu=\u00bb25. URTERRENA\u00bb title_prefix_ca=\u00bb25 ANYS DE LA \u00bb title_infix_ca=\u00bbXARXA ITAKA-ESCOLAPIS\u00bb title_prefix_pt_br=\u00bbNOT\u00cdCIAS\u00bb title_infix_pt_br=\u00bb25\u00ba ANIVERS\u00c1RIO\u00bb locked=\u00bboff\u00bb global_colors_info=\u00bb{%22gcid-1324f65a-026a-452f-9378-9f45b6d9758c%22:%91%22divider_background_bgcolor%22%93,%22gcid-cca90ba6-297c-4d63-9e2c-8201011ef870%22:%91%22t_prefix_text_color%22%93,%22gcid-b1ace166-c11d-4c70-a679-55884e9ca298%22:%91%22t_infix_text_color%22%93}\u00bb][\/df_adh_heading][et_pb_text _builder_version=\u00bb4.27.4&#8243; _module_preset=\u00bbdefault\u00bb text_font=\u00bb&#8211;et_global_body_font|300|||||||\u00bb text_font_size=\u00bb25px\u00bb text_line_height=\u00bb1.3em\u00bb text_font_size_tablet=\u00bb25px\u00bb text_font_size_phone=\u00bb18px\u00bb text_font_size_last_edited=\u00bbon|phone\u00bb content_en_us=\u00bb<\/p>\n<p>In this section, you&#8217;ll find news related to the anniversary we&#8217;re celebrating in 2026, as well as speeches, announcements, and other information about the event.<\/p>\n<p>\u00bb content_fr_fr=\u00bb<\/p>\n<p>Dans cette rubrique, vous trouverez les actualit\u00e9s relatives \u00e0 l&#8217;anniversaire que nous c\u00e9l\u00e9brerons en 2026, ainsi que des discours, des annonces et d&#8217;autres informations concernant cet \u00e9v\u00e9nement.<\/p>\n<p>\u00bb content_eu=\u00bb<\/p>\n<p>Atal honetan, 2026an ospatzen ari garen urteurrenari buruzko berriak aurkituko dituzu, baita hitzaldiei, abisuei eta bestelako informazioei buruzkoak ere.<\/p>\n<p>\u00bb content_ca=\u00bb<\/p>\n<p>En aquest apartat trobar\u00e0s les not\u00edcies relacionades amb l&#8217;aniversari que estem celebrant en 2026, aix\u00ed com discursos, avisos i altres informacions sobre l&#8217;esdeveniment.<\/p>\n<p>\u00bb content_pt_br=\u00bb<\/p>\n<p>Nesta sec\u00e7\u00e3o, encontrar\u00e1 not\u00edcias relacionadas com o anivers\u00e1rio que iremos celebrar em 2026, bem como discursos, avisos e outras informa\u00e7\u00f5es sobre o evento.<\/p>\n<p>\u00bb locked=\u00bboff\u00bb global_colors_info=\u00bb{}\u00bb]<\/p>\n<p>En este apartado encontrar\u00e1s las noticias relacionadas con el aniversario que estamos celebrando en 2026, as\u00ed como discursos, avisos y otras informaciones sobre el evento.<\/p>\n<p>[\/et_pb_text][\/et_pb_column][\/et_pb_row][et_pb_row _builder_version=\u00bb4.27.4&#8243; _module_preset=\u00bbdefault\u00bb width=\u00bb90%\u00bb max_width=\u00bb3333px\u00bb module_alignment=\u00bbcenter\u00bb custom_margin=\u00bb0px||||false|false\u00bb custom_padding=\u00bb0px||||false|false\u00bb global_colors_info=\u00bb{}\u00bb][et_pb_column type=\u00bb4_4&#8243; _builder_version=\u00bb4.27.4&#8243; _module_preset=\u00bbdefault\u00bb global_colors_info=\u00bb{}\u00bb][difl_cptfilter post_type=\u00bbpost\u00bb posts_number=\u00bb12&#8243; tax_for_post=\u00bbcategory\u00bb post_terms_category=\u00bb707&#8243; use_empty_post_message=\u00bbon\u00bb empty_post_message=\u00bbLo sentimos. No tenemos noticias para esta b\u00fasqueda. Int\u00e9ntalo con una b\u00fasqueda diferente.\u00bb use_load_more=\u00bbon\u00bb use_load_more_text=\u00bbM\u00e1s noticias\u00bb use_image_as_background=\u00bbon\u00bb entire_item_clickable=\u00bbon\u00bb gutter=\u00bb20&#8243; filter_button_align=\u00bbflex-start\u00bb filter_button_active_bgcolor=\u00bb#edf0ee\u00bb filter_button_active_padding=\u00bb5px|5px|5px|5px|true|true\u00bb outer_wrpper_visibility=\u00bbvisible\u00bb multi_filter_input_bg_bgcolor=\u00bb#edf0ee\u00bb multi_filter_dropdown_container_padding_tablet=\u00bb|15px||15px|true|true\u00bb multi_filter_dropdown_container_padding_phone=\u00bb|15px||15px|true|true\u00bb multi_filter_dropdown_container_padding_last_edited=\u00bbon|tablet\u00bb multi_filter_checkbox_field_margin_tablet=\u00bb15px||15px||false|true\u00bb multi_filter_checkbox_field_margin_phone=\u00bb15px||15px||false|true\u00bb multi_filter_checkbox_field_margin_last_edited=\u00bbon|tablet\u00bb multi_filter_checkbox_field_padding_tablet=\u00bb15px|0px|15px|0px|true|true\u00bb multi_filter_checkbox_field_padding_phone=\u00bb15px|0px|15px|0px|true|true\u00bb multi_filter_checkbox_field_padding_last_edited=\u00bbon|tablet\u00bb search_bar_input_background_bgcolor=\u00bb#FFFFFF\u00bb search_bar_button_background_bgcolor=\u00bbgcid-b1ace166-c11d-4c70-a679-55884e9ca298&#8243; use_only_search_bar_icon=\u00bbon\u00bb load_more_align=\u00bbcenter\u00bb load_more_padding=\u00bb20px|20px|20px|20px|true|true\u00bb item_inner_background_bgcolor=\u00bbrgba(175,196,16,0.9)\u00bb item_wrapper_padding=\u00bb250px||||false|false\u00bb item_padding=\u00bb24px|24px||24px|false|true\u00bb search_bar_input_padding=\u00bb18px|18px|18px|18px|true|true\u00bb search_bar_button_margin=\u00bb|||-40px|false|false\u00bb search_bar_button_padding=\u00bb18px|18px|18px|18px|true|true\u00bb multi_filter_container_padding_tablet=\u00bb|||20px|false|false\u00bb multi_filter_container_padding_phone=\u00bb|||0px|false|false\u00bb multi_filter_container_padding_last_edited=\u00bbon|phone\u00bb multi_filter_input_padding_tablet=\u00bb16px||16px||true|false\u00bb multi_filter_input_padding_phone=\u00bb16px||16px||true|false\u00bb multi_filter_input_padding_last_edited=\u00bbon|tablet\u00bb loader_spining=\u00bbon\u00bb loader_spinning_color=\u00bbgcid-b1ace166-c11d-4c70-a679-55884e9ca298&#8243; loader_spinning_bg_color=\u00bbgcid-cca90ba6-297c-4d63-9e2c-8201011ef870&#8243; column_tablet=\u00bb1&#8243; column_phone=\u00bb1&#8243; column_last_edited=\u00bbon|phone\u00bb multi_filter_container_width_tablet=\u00bb40%\u00bb multi_filter_container_width_phone=\u00bb0%\u00bb multi_filter_container_width_last_edited=\u00bbon|tablet\u00bb _builder_version=\u00bb4.27.4&#8243; _module_preset=\u00bbdefault\u00bb filter_button_active_text_color=\u00bb#009e4f\u00bb filter_button_active_container_cancel_text_color=\u00bb#E02B20&#8243; multi_filter_input_font=\u00bbPoppins||||||||\u00bb multi_filter_input_text_color=\u00bb#809088&#8243; multi_filter_input_font_size=\u00bb16px\u00bb multi_filter_input_line_height=\u00bb24px\u00bb multi_filter_text_font=\u00bbPoppins||||||||\u00bb load_more_font=\u00bbMerriweather|900|||||||\u00bb load_more_text_color=\u00bbgcid-b1ace166-c11d-4c70-a679-55884e9ca298&#8243; load_more_font_size=\u00bb20px\u00bb empty_post_message_font=\u00bbIBM Plex Sans|500|||||||\u00bb empty_post_message_text_color=\u00bbgcid-b1ace166-c11d-4c70-a679-55884e9ca298&#8243; empty_post_message_font_size=\u00bb32px\u00bb empty_post_message_line_height=\u00bb38px\u00bb multi_filter_checkbox_label_font=\u00bbMerriweather|700|||||||\u00bb multi_filter_checkbox_label_text_color=\u00bb#334d40&#8243; multi_filter_checkbox_label_font_size=\u00bb20px\u00bb multi_filter_checkbox_label_line_height=\u00bb24px\u00bb multi_filter_acf_checkbox_text_font=\u00bbIBM Plex Sans|500|||||||\u00bb multi_filter_acf_checkbox_text_text_color=\u00bb#4d6358&#8243; multi_filter_acf_checkbox_text_font_size=\u00bb15px\u00bb module_alignment=\u00bbcenter\u00bb custom_margin=\u00bb35px||||false|false\u00bb custom_margin_tablet=\u00bb||||false|false\u00bb custom_margin_phone=\u00bb||||false|false\u00bb custom_margin_last_edited=\u00bbon|tablet\u00bb search_bar_button_text_en_us=\u00bbSearching? Find\u00bb search_bar_placeholder_text_en_us=\u00bbSearching? Find\u00bb empty_post_message_en_us=\u00bbSorry. We have no news for this search. Try a different search.\u00bb use_load_more_text_en_us=\u00bbMore news\u00bb search_bar_button_text_fr_fr=\u00bbVous cherchez ? Trouver\u00bb search_bar_placeholder_text_fr_fr=\u00bbVous cherchez ? Trouver\u00bb empty_post_message_fr_fr=\u00bbNous sommes d\u00e9sol\u00e9s. Nous n&#8217;avons pas de nouvelles pour cette recherche. Essayez une autre recherche.\u00bb use_load_more_text_fr_fr=\u00bbPlus de nouvelles\u00bb search_bar_button_text_eu=\u00bbBilatu? Aurkitu\u00bb search_bar_placeholder_text_eu=\u00bbBilatu? Aurkitu\u00bb empty_post_message_eu=\u00bbSentitzen dugu. Ez dugu berririk bilaketa honetarako. Saiatu beste bilaketa batekin.\u00bb use_load_more_text_eu=\u00bbBerri gehiago\u00bb search_bar_button_text_ca=\u00bbBusques? Troba\u00bb search_bar_placeholder_text_ca=\u00bbBusques? Troba\u00bb empty_post_message_ca=\u00bbHo sentim. No tenim not\u00edcies per a esta busca. Intenta-ho amb una busca diferent.\u00bb use_load_more_text_ca=\u00bbM\u00e9s not\u00edcies\u00bb search_bar_button_text_pt_br=\u00bbProcurando por? Encontre\u00bb search_bar_placeholder_text_pt_br=\u00bbProcurando por? Encontre\u00bb empty_post_message_pt_br=\u00bbDesculpe, lamentamos muito. N\u00e3o temos not\u00edcias para esta pesquisa. Tente uma pesquisa diferente\u00bb use_load_more_text_pt_br=\u00bbMais not\u00edcias\u00bb border_radii_item_outer=\u00bbon|8px|8px|8px|8px\u00bb border_width_all_item_outer=\u00bb1px\u00bb border_color_all_item_outer=\u00bb#e6e9e7&#8243; border_width_all_filter_button_active=\u00bb1px\u00bb border_color_all_filter_button_active=\u00bb#e6e9e7&#8243; border_color_all_filter_button_active_container_cancel=\u00bb#E09900&#8243; border_color_all_multi_filter_container=\u00bbgcid-b1ace166-c11d-4c70-a679-55884e9ca298&#8243; border_radii_multi_filter_input=\u00bbon|8px|8px|8px|8px\u00bb border_width_all_multi_filter_input=\u00bb0px\u00bb border_radii_multi_filter_dropdown_container=\u00bbon|16px|16px|16px|16px\u00bb border_width_all_multi_filter_dropdown_container=\u00bb1px\u00bb border_color_all_multi_filter_dropdown_container=\u00bb#e6e9e7&#8243; border_radii_multi_filter_checkbox_field=\u00bbon|16px|16px|16px|16px\u00bb border_width_all_multi_filter_checkbox_field=\u00bb1px\u00bb border_color_all_multi_filter_checkbox_field=\u00bbgcid-b1ace166-c11d-4c70-a679-55884e9ca298&#8243; border_radii_load_more=\u00bbon|20px|20px|20px|20px\u00bb border_width_all_load_more=\u00bb2px\u00bb border_radii_search_bar_input=\u00bboff|16px|0px||16px\u00bb border_color_all_search_bar_input=\u00bbgcid-b1ace166-c11d-4c70-a679-55884e9ca298&#8243; border_width_right_search_bar_input=\u00bb0px\u00bb border_radii_search_bar_button=\u00bbon|16px|16px|16px|16px\u00bb global_colors_info=\u00bb{%22gcid-b1ace166-c11d-4c70-a679-55884e9ca298%22:%91%22search_bar_button_background_bgcolor%22,%22border_color_all_search_bar_input%22,%22load_more_text_color%22,%22loader_spinning_color%22,%22empty_post_message_text_color%22,%22multi_filter_checkbox_field_checkbox_checked_color%22,%22border_color_all_multi_filter_container%22,%22border_color_all_multi_filter_checkbox_field%22%93,%22gcid-cca90ba6-297c-4d63-9e2c-8201011ef870%22:%91%22load_more_text_color__hover%22,%22loader_spinning_bg_color%22%93}\u00bb equal_height__hover=\u00bb1px||||false|false\u00bb equal_height__hover_enabled=\u00bbon|hover\u00bb load_more_text_color__hover_enabled=\u00bbon|hover\u00bb load_more_text_color__hover=\u00bb#afc410&#8243;][difl_cptitem type=\u00bbtitle\u00bb _builder_version=\u00bb4.27.4&#8243; _module_preset=\u00bbdefault\u00bb body_font=\u00bbIBM Plex Sans|700||on|||||\u00bb body_text_align=\u00bbcenter\u00bb body_text_color=\u00bb#FFFFFF\u00bb body_font_size=\u00bb18px\u00bb before_after_font=\u00bbIBM Plex Sans||||||||\u00bb tax_before_after_font=\u00bbIBM Plex Sans||||||||\u00bb metabox_before_after_text_color=\u00bb#E02B20&#8243; text_orientation=\u00bbcenter\u00bb global_colors_info=\u00bb{}\u00bb][\/difl_cptitem][difl_cptitem type=\u00bbdate\u00bb date_format=\u00bbj-F-Y\u00bb meta_position=\u00bbright\u00bb _builder_version=\u00bb4.27.4&#8243; _module_preset=\u00bbdefault\u00bb body_font=\u00bbMerriweather|700|||||||\u00bb body_text_color=\u00bb#FFFFFF\u00bb date_format_en_us=\u00bbF j, Y\u00bb date_format_fr_fr=\u00bbj-F-Y\u00bb date_format_eu=\u00bbY-F-j\u00bb date_format_ca=\u00bbj-F-Y\u00bb date_format_pt_br=\u00bbj-F-Y\u00bb global_colors_info=\u00bb{}\u00bb][\/difl_cptitem][difl_cptitem type=\u00bbtaxonomy\u00bb post_type=\u00bbpost\u00bb tax_for_post=\u00bbcategory\u00bb outside_wrapper=\u00bbon\u00bb element_margin=\u00bb-480px||||false|false\u00bb element_padding=\u00bb5px|12px|5px|12px|true|true\u00bb _builder_version=\u00bb4.27.4&#8243; _module_preset=\u00bbdefault\u00bb body_font=\u00bbMerriweather|700|||||||\u00bb body_text_color=\u00bb#FFFFFF\u00bb background_color=\u00bbgcid-b1ace166-c11d-4c70-a679-55884e9ca298&#8243; background_enable_color=\u00bbon\u00bb border_radii=\u00bboff|||20px|\u00bb global_colors_info=\u00bb{%22gcid-b1ace166-c11d-4c70-a679-55884e9ca298%22:%91%22background_color%22%93}\u00bb][\/difl_cptitem][\/difl_cptfilter][et_pb_code _builder_version=\u00bb4.27.4&#8243; _module_preset=\u00bbdefault\u00bb global_colors_info=\u00bb{}\u00bb]<\/p>\n<style><!-- [et_pb_line_break_holder] -->@media only screen and (max-width: 767px) {<!-- [et_pb_line_break_holder] -->    .df_cptfilter_container .df_phn_resp:after {<!-- [et_pb_line_break_holder] -->        content: \"\" !important;<!-- [et_pb_line_break_holder] -->        font-size: 16px;<!-- [et_pb_line_break_holder] -->        padding: 5px 10px 5px 0;<!-- [et_pb_line_break_holder] -->    }<!-- [et_pb_line_break_holder] -->}<!-- [et_pb_line_break_holder] -->  .df_cpt_filter_nav_wrapper {<!-- [et_pb_line_break_holder] -->    display: none;<!-- [et_pb_line_break_holder] -->}<!-- [et_pb_line_break_holder] --><\/style>\n<p>[\/et_pb_code][\/et_pb_column][\/et_pb_row][\/et_pb_section]<\/p>\n","protected":false},"excerpt":{"rendered":"<div class=\"et_pb_module df_adh_heading df_adh_heading_0\">\n\t\t\t\t\n\t\t\t\t\n\t\t\t\t\n\t\t\t\t\n\t\t\t\t\n\t\t\t\t\n\t\t\t\t<div class=\"et_pb_module_inner\">\n\t\t\t\t\t<div class=\"df-heading-container\">\n                \n                \n                <h3 class=\"df-heading\"><span class=\"prefix\">\u00bbNOTICIAS\u00bb<\/span> <span class=\"infix\">\u00bb25<\/span> <\/h3>\n                \n            <\/div>\n\t\t\t\t<\/div>\n\t\t\t<\/div>\n","protected":false},"author":62,"featured_media":0,"parent":0,"menu_order":0,"comment_status":"closed","ping_status":"closed","template":"","meta":{"_et_pb_use_builder":"on","_et_pb_old_content":"","_et_gb_content_width":"","footnotes":""},"class_list":["post-331296","page","type-page","status-publish","hentry"],"yoast_head":"<!-- This site is optimized with the Yoast SEO plugin v27.3 - https:\/\/yoast.com\/product\/yoast-seo-wordpress\/ -->\n<title>Noticias- Aniversario - Itaka-Escolapios<\/title>\n<meta name=\"robots\" content=\"index, follow, max-snippet:-1, max-image-preview:large, max-video-preview:-1\" \/>\n<link rel=\"canonical\" href=\"https:\/\/www.itakaescolapios.org\/es\/noticias-aniversario\/\" \/>\n<meta property=\"og:locale\" content=\"es_ES\" \/>\n<meta property=\"og:type\" content=\"article\" \/>\n<meta property=\"og:title\" content=\"Noticias- Aniversario - Itaka-Escolapios\" \/>\n<meta property=\"og:url\" content=\"https:\/\/www.itakaescolapios.org\/es\/noticias-aniversario\/\" \/>\n<meta property=\"og:site_name\" content=\"Itaka-Escolapios\" \/>\n<meta property=\"article:modified_time\" content=\"2026-04-08T10:55:01+00:00\" \/>\n<meta name=\"twitter:card\" content=\"summary_large_image\" \/>\n<meta name=\"twitter:description\" content=\"[df_adh_heading title_prefix=&quot;NOTICIAS&quot; title_infix=&quot;25 ANIVERSARIO&quot; divider_background_bgcolor=&quot;gcid-1324f65a-026a-452f-9378-9f45b6d9758c&quot; _builder_version=&quot;4.27.4&quot; _module_preset=&quot;default&quot; t_prefix_font=&quot;Merriweather|700|||||||&quot; t_prefix_text_color=&quot;gcid-cca90ba6-297c-4d63-9e2c-8201011ef870&quot; t_prefix_font_size=&quot;40px&quot; t_prefix_line_height=&quot;1.5em&quot; t_infix_font=&quot;Merriweather|700|||||||&quot; t_infix_text_color=&quot;gcid-b1ace166-c11d-4c70-a679-55884e9ca298&quot; t_infix_font_size=&quot;40px&quot; t_infix_line_height=&quot;1.5em&quot; module_alignment=&quot;center&quot; t_prefix_font_size_tablet=&quot;40px&quot; t_prefix_font_size_phone=&quot;30px&quot; t_prefix_font_size_last_edited=&quot;on|phone&quot; t_infix_font_size_tablet=&quot;40px&quot; t_infix_font_size_phone=&quot;30px&quot; t_infix_font_size_last_edited=&quot;on|phone&quot; custom_css_main_element=&quot;text-align:center;&quot; title_prefix_en_us=&quot; NEWS&quot; title_infix_en_us=&quot;25th ANNIVERSARY&quot; title_prefix_fr_fr=&quot;ACTUALIT\u00c9S&quot; title_infix_fr_fr=&quot;25e ANNIVERSAIRE&quot; [&hellip;]\" \/>\n<meta name=\"twitter:label1\" content=\"Tiempo de lectura\" \/>\n\t<meta name=\"twitter:data1\" content=\"1 minuto\" \/>\n<script type=\"application\/ld+json\" class=\"yoast-schema-graph\">{\"@context\":\"https:\\\/\\\/schema.org\",\"@graph\":[{\"@type\":\"WebPage\",\"@id\":\"https:\\\/\\\/www.itakaescolapios.org\\\/es\\\/noticias-aniversario\\\/\",\"url\":\"https:\\\/\\\/www.itakaescolapios.org\\\/es\\\/noticias-aniversario\\\/\",\"name\":\"Noticias- Aniversario - Itaka-Escolapios\",\"isPartOf\":{\"@id\":\"https:\\\/\\\/www.itakaescolapios.org\\\/es\\\/#website\"},\"datePublished\":\"2026-03-31T08:24:50+00:00\",\"dateModified\":\"2026-04-08T10:55:01+00:00\",\"breadcrumb\":{\"@id\":\"https:\\\/\\\/www.itakaescolapios.org\\\/es\\\/noticias-aniversario\\\/#breadcrumb\"},\"inLanguage\":\"es\",\"potentialAction\":[{\"@type\":\"ReadAction\",\"target\":[\"https:\\\/\\\/www.itakaescolapios.org\\\/es\\\/noticias-aniversario\\\/\"]}]},{\"@type\":\"BreadcrumbList\",\"@id\":\"https:\\\/\\\/www.itakaescolapios.org\\\/es\\\/noticias-aniversario\\\/#breadcrumb\",\"itemListElement\":[{\"@type\":\"ListItem\",\"position\":1,\"name\":\"Portada\",\"item\":\"https:\\\/\\\/www.itakaescolapios.org\\\/es\\\/\"},{\"@type\":\"ListItem\",\"position\":2,\"name\":\"Noticias- Aniversario\"}]},{\"@type\":\"WebSite\",\"@id\":\"https:\\\/\\\/www.itakaescolapios.org\\\/es\\\/#website\",\"url\":\"https:\\\/\\\/www.itakaescolapios.org\\\/es\\\/\",\"name\":\"Itaka-Escolapios\",\"description\":\"Red de Itaka-Escolapios\",\"publisher\":{\"@id\":\"https:\\\/\\\/www.itakaescolapios.org\\\/es\\\/#organization\"},\"potentialAction\":[{\"@type\":\"SearchAction\",\"target\":{\"@type\":\"EntryPoint\",\"urlTemplate\":\"https:\\\/\\\/www.itakaescolapios.org\\\/es\\\/?s={search_term_string}\"},\"query-input\":{\"@type\":\"PropertyValueSpecification\",\"valueRequired\":true,\"valueName\":\"search_term_string\"}}],\"inLanguage\":\"es\"},{\"@type\":\"Organization\",\"@id\":\"https:\\\/\\\/www.itakaescolapios.org\\\/es\\\/#organization\",\"name\":\"Fundaci\u00f3 Itaka-Escolapios\",\"url\":\"https:\\\/\\\/www.itakaescolapios.org\\\/es\\\/\",\"logo\":{\"@type\":\"ImageObject\",\"inLanguage\":\"es\",\"@id\":\"https:\\\/\\\/www.itakaescolapios.org\\\/es\\\/#\\\/schema\\\/logo\\\/image\\\/\",\"url\":\"https:\\\/\\\/www.itakaescolapios.org\\\/wp-content\\\/uploads\\\/2024\\\/04\\\/Logo-itakaescolapios-peque.png\",\"contentUrl\":\"https:\\\/\\\/www.itakaescolapios.org\\\/wp-content\\\/uploads\\\/2024\\\/04\\\/Logo-itakaescolapios-peque.png\",\"width\":500,\"height\":199,\"caption\":\"Fundaci\u00f3 Itaka-Escolapios\"},\"image\":{\"@id\":\"https:\\\/\\\/www.itakaescolapios.org\\\/es\\\/#\\\/schema\\\/logo\\\/image\\\/\"}}]}<\/script>\n<!-- \/ Yoast SEO plugin. -->","yoast_head_json":{"title":"Noticias- Aniversario - Itaka-Escolapios","robots":{"index":"index","follow":"follow","max-snippet":"max-snippet:-1","max-image-preview":"max-image-preview:large","max-video-preview":"max-video-preview:-1"},"canonical":"https:\/\/www.itakaescolapios.org\/es\/noticias-aniversario\/","og_locale":"es_ES","og_type":"article","og_title":"Noticias- Aniversario - Itaka-Escolapios","og_url":"https:\/\/www.itakaescolapios.org\/es\/noticias-aniversario\/","og_site_name":"Itaka-Escolapios","article_modified_time":"2026-04-08T10:55:01+00:00","twitter_card":"summary_large_image","twitter_description":"[df_adh_heading title_prefix=\"NOTICIAS\" title_infix=\"25 ANIVERSARIO\" divider_background_bgcolor=\"gcid-1324f65a-026a-452f-9378-9f45b6d9758c\" _builder_version=\"4.27.4\" _module_preset=\"default\" t_prefix_font=\"Merriweather|700|||||||\" t_prefix_text_color=\"gcid-cca90ba6-297c-4d63-9e2c-8201011ef870\" t_prefix_font_size=\"40px\" t_prefix_line_height=\"1.5em\" t_infix_font=\"Merriweather|700|||||||\" t_infix_text_color=\"gcid-b1ace166-c11d-4c70-a679-55884e9ca298\" t_infix_font_size=\"40px\" t_infix_line_height=\"1.5em\" module_alignment=\"center\" t_prefix_font_size_tablet=\"40px\" t_prefix_font_size_phone=\"30px\" t_prefix_font_size_last_edited=\"on|phone\" t_infix_font_size_tablet=\"40px\" t_infix_font_size_phone=\"30px\" t_infix_font_size_last_edited=\"on|phone\" custom_css_main_element=\"text-align:center;\" title_prefix_en_us=\" NEWS\" title_infix_en_us=\"25th ANNIVERSARY\" title_prefix_fr_fr=\"ACTUALIT\u00c9S\" title_infix_fr_fr=\"25e ANNIVERSAIRE\" [&hellip;]","twitter_misc":{"Tiempo de lectura":"1 minuto"},"schema":{"@context":"https:\/\/schema.org","@graph":[{"@type":"WebPage","@id":"https:\/\/www.itakaescolapios.org\/es\/noticias-aniversario\/","url":"https:\/\/www.itakaescolapios.org\/es\/noticias-aniversario\/","name":"Noticias- Aniversario - Itaka-Escolapios","isPartOf":{"@id":"https:\/\/www.itakaescolapios.org\/es\/#website"},"datePublished":"2026-03-31T08:24:50+00:00","dateModified":"2026-04-08T10:55:01+00:00","breadcrumb":{"@id":"https:\/\/www.itakaescolapios.org\/es\/noticias-aniversario\/#breadcrumb"},"inLanguage":"es","potentialAction":[{"@type":"ReadAction","target":["https:\/\/www.itakaescolapios.org\/es\/noticias-aniversario\/"]}]},{"@type":"BreadcrumbList","@id":"https:\/\/www.itakaescolapios.org\/es\/noticias-aniversario\/#breadcrumb","itemListElement":[{"@type":"ListItem","position":1,"name":"Portada","item":"https:\/\/www.itakaescolapios.org\/es\/"},{"@type":"ListItem","position":2,"name":"Noticias- Aniversario"}]},{"@type":"WebSite","@id":"https:\/\/www.itakaescolapios.org\/es\/#website","url":"https:\/\/www.itakaescolapios.org\/es\/","name":"Itaka-Escolapios","description":"Red de Itaka-Escolapios","publisher":{"@id":"https:\/\/www.itakaescolapios.org\/es\/#organization"},"potentialAction":[{"@type":"SearchAction","target":{"@type":"EntryPoint","urlTemplate":"https:\/\/www.itakaescolapios.org\/es\/?s={search_term_string}"},"query-input":{"@type":"PropertyValueSpecification","valueRequired":true,"valueName":"search_term_string"}}],"inLanguage":"es"},{"@type":"Organization","@id":"https:\/\/www.itakaescolapios.org\/es\/#organization","name":"Fundaci\u00f3 Itaka-Escolapios","url":"https:\/\/www.itakaescolapios.org\/es\/","logo":{"@type":"ImageObject","inLanguage":"es","@id":"https:\/\/www.itakaescolapios.org\/es\/#\/schema\/logo\/image\/","url":"https:\/\/www.itakaescolapios.org\/wp-content\/uploads\/2024\/04\/Logo-itakaescolapios-peque.png","contentUrl":"https:\/\/www.itakaescolapios.org\/wp-content\/uploads\/2024\/04\/Logo-itakaescolapios-peque.png","width":500,"height":199,"caption":"Fundaci\u00f3 Itaka-Escolapios"},"image":{"@id":"https:\/\/www.itakaescolapios.org\/es\/#\/schema\/logo\/image\/"}}]}},"_links":{"self":[{"href":"https:\/\/www.itakaescolapios.org\/es\/wp-json\/wp\/v2\/pages\/331296","targetHints":{"allow":["GET"]}}],"collection":[{"href":"https:\/\/www.itakaescolapios.org\/es\/wp-json\/wp\/v2\/pages"}],"about":[{"href":"https:\/\/www.itakaescolapios.org\/es\/wp-json\/wp\/v2\/types\/page"}],"author":[{"embeddable":true,"href":"https:\/\/www.itakaescolapios.org\/es\/wp-json\/wp\/v2\/users\/62"}],"replies":[{"embeddable":true,"href":"https:\/\/www.itakaescolapios.org\/es\/wp-json\/wp\/v2\/comments?post=331296"}],"version-history":[{"count":7,"href":"https:\/\/www.itakaescolapios.org\/es\/wp-json\/wp\/v2\/pages\/331296\/revisions"}],"predecessor-version":[{"id":331442,"href":"https:\/\/www.itakaescolapios.org\/es\/wp-json\/wp\/v2\/pages\/331296\/revisions\/331442"}],"wp:attachment":[{"href":"https:\/\/www.itakaescolapios.org\/es\/wp-json\/wp\/v2\/media?parent=331296"}],"curies":[{"name":"wp","href":"https:\/\/api.w.org\/{rel}","templated":true}]}}