{"id":369,"date":"2012-06-04T11:15:15","date_gmt":"2012-06-04T10:15:15","guid":{"rendered":"https:\/\/www.itakaescolapios.org\/?page_id=369"},"modified":"2023-11-28T12:39:47","modified_gmt":"2023-11-28T11:39:47","slug":"iturralde-bilbao","status":"publish","type":"page","link":"https:\/\/www.itakaescolapios.org\/es\/que-hacemos\/escuelas-de-educadores-y-educadoras-de-tiempo-libre\/iturralde-bilbao\/","title":{"rendered":"ESCUELA ITURRALDE EN EL PA\u00cdS VASCO"},"content":{"rendered":"<p><strong>Direcci\u00f3n:<\/strong><br \/>\nJuan de Ajuriaguerra 15<br \/>\n48009 Bilbao<br \/>\nContacto:<br \/>\nTlfn: 94 424 49 54<br \/>\nsedebilbao@itakaescolapios.org<\/p>\n<p><strong>Direccion:<\/strong><br \/>\nBarrio San Blas 27<br \/>\n20400 Tolosa<br \/>\nContacto: Tlfn: 943 67 03 11<br \/>\nsedetolosa@itakaescolapios.org<\/p>\n<p><strong>Direcci\u00f3n:<\/strong><br \/>\nFederico Baraibar 36<br \/>\n01003 Vitoria<br \/>\nContacto:<br \/>\nTlfn: 945 28 40 00<br \/>\nTlfn: 664 27 85 59<br \/>\nsedevitoria@itakaescolapios.org<\/p>\n<p>Oferta formativa escuela Iturralde en Bilbao curso 23-24, <a href=\"https:\/\/www.itakaescolapios.org\/wp-content\/uploads\/2023\/06\/Triptico-Escuela-Bilbao-23-24.pdf\"><strong>pincha aqu\u00ed<\/strong><\/a><\/p>\n<p>Link de acceso al<strong> formulario de preinscripci\u00f3n de la escuela Iturralde en Bilbao para el curso 23-24<\/strong>: <a href=\"https:\/\/forms.gle\/iBELfT4X5r5BN2Er5\"><strong><span style=\"color: #008000;\">pincha aqu\u00ed<\/span><\/strong><\/a><\/p>\n<p>Link de acceso al<strong> formulario de preinscripci\u00f3n de la escuela Iturralde en Vitoria-Gasteiz para el curso 23-24 (INSCRIPCI\u00d3N HASTA EL 12 DE OCTUBRE)<\/strong>: <strong><span style=\"color: #008000;\"><a style=\"color: #008000;\" href=\"https:\/\/www.itakaescolapios.org\/inscripcion-a-iturralde-eskola-vitoria-gasteiz\/\">pincha aqu\u00ed<\/a><\/span><\/strong><\/p>\n<p>Oferta formativa escuela Iturralde en Tolosa curso 22-23, <strong>pincha aqu\u00ed<\/strong><\/p>\n<p>La Fundaci\u00f3n Itaka-Escolapios parte de una concepci\u00f3n de la educaci\u00f3n en el tiempo libre encaminada al desarrollo integral de la persona y a la transformaci\u00f3n de nuestra sociedad. Una educaci\u00f3n que apueste por una persona equilibrada, comprometida con su entorno, que asuma valores como la paz, la justicia social, la solidaridad, el respeto al medio ambiente\u2026, y que sea due\u00f1a de su propia vida.<br \/>\nLa Escuela Iturralde est\u00e1 compuesta por un grupo de profesionales (pedagogos\/as, soci\u00f3logos\/as, educadores\/as sociales, m\u00e9dicos,\u2026) que provienen de diversos campos de la animaci\u00f3n en el tiempo libre, asociaciones juveniles y culturales, movimientos eclesiales, entidades que trabajan en el campo de la exclusi\u00f3n, entre otros campos.<\/p>\n<p>La escuela de educadores Itaka-Escolapios (Iturralde) es una entidad reconocida por el Servicio Vasco de Empleo para impartir los certificados de profesionalidad de monitor, director y dinamizador de tiempo libre, contando tambi\u00e9n con la titulaci\u00f3n oficial expedida por el Departamento de Cultura del Gobierno Vasco desde 1986.<\/p>\n<p>Imparte cursos en sus sedes de Bilbao, Tolosa y Vitoria-Gasteiz.<!--more--><\/p>\n","protected":false},"excerpt":{"rendered":"<p>Direcci\u00f3n: Juan de Ajuriaguerra 15 48009 Bilbao Contacto: Tlfn: 94 424 49 54 sedebilbao@itakaescolapios.org Direccion: Barrio San Blas 27 20400 Tolosa Contacto: Tlfn: 943 67 03 11 sedetolosa@itakaescolapios.org Direcci\u00f3n: Federico [&hellip;]<\/p>\n","protected":false},"author":1,"featured_media":0,"parent":89,"menu_order":4,"comment_status":"closed","ping_status":"closed","template":"","meta":{"_et_pb_use_builder":"","_et_pb_old_content":"","_et_gb_content_width":"","footnotes":""},"class_list":["post-369","page","type-page","status-publish","hentry"],"yoast_head":"<!-- This site is optimized with the Yoast SEO plugin v27.3 - https:\/\/yoast.com\/product\/yoast-seo-wordpress\/ -->\n<title>ESCUELA ITURRALDE EN EL PA\u00cdS VASCO - Itaka-Escolapios<\/title>\n<meta name=\"robots\" content=\"index, follow, max-snippet:-1, max-image-preview:large, max-video-preview:-1\" \/>\n<link rel=\"canonical\" href=\"https:\/\/www.itakaescolapios.org\/es\/que-hacemos\/escuelas-de-educadores-y-educadoras-de-tiempo-libre\/iturralde-bilbao\/\" \/>\n<meta property=\"og:locale\" content=\"es_ES\" \/>\n<meta property=\"og:type\" content=\"article\" \/>\n<meta property=\"og:title\" content=\"ESCUELA ITURRALDE EN EL PA\u00cdS VASCO - Itaka-Escolapios\" \/>\n<meta property=\"og:description\" content=\"Direcci\u00f3n: Juan de Ajuriaguerra 15 48009 Bilbao Contacto: Tlfn: 94 424 49 54 sedebilbao@itakaescolapios.org Direccion: Barrio San Blas 27 20400 Tolosa Contacto: Tlfn: 943 67 03 11 sedetolosa@itakaescolapios.org Direcci\u00f3n: Federico [&hellip;]\" \/>\n<meta property=\"og:url\" content=\"https:\/\/www.itakaescolapios.org\/es\/que-hacemos\/escuelas-de-educadores-y-educadoras-de-tiempo-libre\/iturralde-bilbao\/\" \/>\n<meta property=\"og:site_name\" content=\"Itaka-Escolapios\" \/>\n<meta property=\"article:modified_time\" content=\"2023-11-28T11:39:47+00:00\" \/>\n<meta name=\"twitter:card\" content=\"summary_large_image\" \/>\n<meta name=\"twitter:label1\" content=\"Tiempo de lectura\" \/>\n\t<meta name=\"twitter:data1\" content=\"1 minuto\" \/>\n<script type=\"application\/ld+json\" class=\"yoast-schema-graph\">{\"@context\":\"https:\\\/\\\/schema.org\",\"@graph\":[{\"@type\":\"WebPage\",\"@id\":\"https:\\\/\\\/www.itakaescolapios.org\\\/es\\\/que-hacemos\\\/escuelas-de-educadores-y-educadoras-de-tiempo-libre\\\/iturralde-bilbao\\\/\",\"url\":\"https:\\\/\\\/www.itakaescolapios.org\\\/es\\\/que-hacemos\\\/escuelas-de-educadores-y-educadoras-de-tiempo-libre\\\/iturralde-bilbao\\\/\",\"name\":\"ESCUELA ITURRALDE EN EL PA\u00cdS VASCO - Itaka-Escolapios\",\"isPartOf\":{\"@id\":\"https:\\\/\\\/www.itakaescolapios.org\\\/es\\\/#website\"},\"datePublished\":\"2012-06-04T10:15:15+00:00\",\"dateModified\":\"2023-11-28T11:39:47+00:00\",\"breadcrumb\":{\"@id\":\"https:\\\/\\\/www.itakaescolapios.org\\\/es\\\/que-hacemos\\\/escuelas-de-educadores-y-educadoras-de-tiempo-libre\\\/iturralde-bilbao\\\/#breadcrumb\"},\"inLanguage\":\"es\",\"potentialAction\":[{\"@type\":\"ReadAction\",\"target\":[\"https:\\\/\\\/www.itakaescolapios.org\\\/es\\\/que-hacemos\\\/escuelas-de-educadores-y-educadoras-de-tiempo-libre\\\/iturralde-bilbao\\\/\"]}]},{\"@type\":\"BreadcrumbList\",\"@id\":\"https:\\\/\\\/www.itakaescolapios.org\\\/es\\\/que-hacemos\\\/escuelas-de-educadores-y-educadoras-de-tiempo-libre\\\/iturralde-bilbao\\\/#breadcrumb\",\"itemListElement\":[{\"@type\":\"ListItem\",\"position\":1,\"name\":\"Portada\",\"item\":\"https:\\\/\\\/www.itakaescolapios.org\\\/es\\\/\"},{\"@type\":\"ListItem\",\"position\":2,\"name\":\"Qu\u00e9 hacemos\",\"item\":\"https:\\\/\\\/www.itakaescolapios.org\\\/es\\\/que-hacemos\\\/\"},{\"@type\":\"ListItem\",\"position\":3,\"name\":\"Escuelas de educadores y educadoras\",\"item\":\"https:\\\/\\\/www.itakaescolapios.org\\\/es\\\/que-hacemos\\\/escuelas-de-educadores-y-educadoras-de-tiempo-libre\\\/\"},{\"@type\":\"ListItem\",\"position\":4,\"name\":\"ESCUELA ITURRALDE EN EL PA\u00cdS VASCO\"}]},{\"@type\":\"WebSite\",\"@id\":\"https:\\\/\\\/www.itakaescolapios.org\\\/es\\\/#website\",\"url\":\"https:\\\/\\\/www.itakaescolapios.org\\\/es\\\/\",\"name\":\"Itaka-Escolapios\",\"description\":\"Red de Itaka-Escolapios\",\"publisher\":{\"@id\":\"https:\\\/\\\/www.itakaescolapios.org\\\/es\\\/#organization\"},\"potentialAction\":[{\"@type\":\"SearchAction\",\"target\":{\"@type\":\"EntryPoint\",\"urlTemplate\":\"https:\\\/\\\/www.itakaescolapios.org\\\/es\\\/?s={search_term_string}\"},\"query-input\":{\"@type\":\"PropertyValueSpecification\",\"valueRequired\":true,\"valueName\":\"search_term_string\"}}],\"inLanguage\":\"es\"},{\"@type\":\"Organization\",\"@id\":\"https:\\\/\\\/www.itakaescolapios.org\\\/es\\\/#organization\",\"name\":\"Fundaci\u00f3 Itaka-Escolapios\",\"url\":\"https:\\\/\\\/www.itakaescolapios.org\\\/es\\\/\",\"logo\":{\"@type\":\"ImageObject\",\"inLanguage\":\"es\",\"@id\":\"https:\\\/\\\/www.itakaescolapios.org\\\/es\\\/#\\\/schema\\\/logo\\\/image\\\/\",\"url\":\"https:\\\/\\\/www.itakaescolapios.org\\\/wp-content\\\/uploads\\\/2024\\\/04\\\/Logo-itakaescolapios-peque.png\",\"contentUrl\":\"https:\\\/\\\/www.itakaescolapios.org\\\/wp-content\\\/uploads\\\/2024\\\/04\\\/Logo-itakaescolapios-peque.png\",\"width\":500,\"height\":199,\"caption\":\"Fundaci\u00f3 Itaka-Escolapios\"},\"image\":{\"@id\":\"https:\\\/\\\/www.itakaescolapios.org\\\/es\\\/#\\\/schema\\\/logo\\\/image\\\/\"}}]}<\/script>\n<!-- \/ Yoast SEO plugin. -->","yoast_head_json":{"title":"ESCUELA ITURRALDE EN EL PA\u00cdS VASCO - Itaka-Escolapios","robots":{"index":"index","follow":"follow","max-snippet":"max-snippet:-1","max-image-preview":"max-image-preview:large","max-video-preview":"max-video-preview:-1"},"canonical":"https:\/\/www.itakaescolapios.org\/es\/que-hacemos\/escuelas-de-educadores-y-educadoras-de-tiempo-libre\/iturralde-bilbao\/","og_locale":"es_ES","og_type":"article","og_title":"ESCUELA ITURRALDE EN EL PA\u00cdS VASCO - Itaka-Escolapios","og_description":"Direcci\u00f3n: Juan de Ajuriaguerra 15 48009 Bilbao Contacto: Tlfn: 94 424 49 54 sedebilbao@itakaescolapios.org Direccion: Barrio San Blas 27 20400 Tolosa Contacto: Tlfn: 943 67 03 11 sedetolosa@itakaescolapios.org Direcci\u00f3n: Federico [&hellip;]","og_url":"https:\/\/www.itakaescolapios.org\/es\/que-hacemos\/escuelas-de-educadores-y-educadoras-de-tiempo-libre\/iturralde-bilbao\/","og_site_name":"Itaka-Escolapios","article_modified_time":"2023-11-28T11:39:47+00:00","twitter_card":"summary_large_image","twitter_misc":{"Tiempo de lectura":"1 minuto"},"schema":{"@context":"https:\/\/schema.org","@graph":[{"@type":"WebPage","@id":"https:\/\/www.itakaescolapios.org\/es\/que-hacemos\/escuelas-de-educadores-y-educadoras-de-tiempo-libre\/iturralde-bilbao\/","url":"https:\/\/www.itakaescolapios.org\/es\/que-hacemos\/escuelas-de-educadores-y-educadoras-de-tiempo-libre\/iturralde-bilbao\/","name":"ESCUELA ITURRALDE EN EL PA\u00cdS VASCO - Itaka-Escolapios","isPartOf":{"@id":"https:\/\/www.itakaescolapios.org\/es\/#website"},"datePublished":"2012-06-04T10:15:15+00:00","dateModified":"2023-11-28T11:39:47+00:00","breadcrumb":{"@id":"https:\/\/www.itakaescolapios.org\/es\/que-hacemos\/escuelas-de-educadores-y-educadoras-de-tiempo-libre\/iturralde-bilbao\/#breadcrumb"},"inLanguage":"es","potentialAction":[{"@type":"ReadAction","target":["https:\/\/www.itakaescolapios.org\/es\/que-hacemos\/escuelas-de-educadores-y-educadoras-de-tiempo-libre\/iturralde-bilbao\/"]}]},{"@type":"BreadcrumbList","@id":"https:\/\/www.itakaescolapios.org\/es\/que-hacemos\/escuelas-de-educadores-y-educadoras-de-tiempo-libre\/iturralde-bilbao\/#breadcrumb","itemListElement":[{"@type":"ListItem","position":1,"name":"Portada","item":"https:\/\/www.itakaescolapios.org\/es\/"},{"@type":"ListItem","position":2,"name":"Qu\u00e9 hacemos","item":"https:\/\/www.itakaescolapios.org\/es\/que-hacemos\/"},{"@type":"ListItem","position":3,"name":"Escuelas de educadores y educadoras","item":"https:\/\/www.itakaescolapios.org\/es\/que-hacemos\/escuelas-de-educadores-y-educadoras-de-tiempo-libre\/"},{"@type":"ListItem","position":4,"name":"ESCUELA ITURRALDE EN EL PA\u00cdS VASCO"}]},{"@type":"WebSite","@id":"https:\/\/www.itakaescolapios.org\/es\/#website","url":"https:\/\/www.itakaescolapios.org\/es\/","name":"Itaka-Escolapios","description":"Red de Itaka-Escolapios","publisher":{"@id":"https:\/\/www.itakaescolapios.org\/es\/#organization"},"potentialAction":[{"@type":"SearchAction","target":{"@type":"EntryPoint","urlTemplate":"https:\/\/www.itakaescolapios.org\/es\/?s={search_term_string}"},"query-input":{"@type":"PropertyValueSpecification","valueRequired":true,"valueName":"search_term_string"}}],"inLanguage":"es"},{"@type":"Organization","@id":"https:\/\/www.itakaescolapios.org\/es\/#organization","name":"Fundaci\u00f3 Itaka-Escolapios","url":"https:\/\/www.itakaescolapios.org\/es\/","logo":{"@type":"ImageObject","inLanguage":"es","@id":"https:\/\/www.itakaescolapios.org\/es\/#\/schema\/logo\/image\/","url":"https:\/\/www.itakaescolapios.org\/wp-content\/uploads\/2024\/04\/Logo-itakaescolapios-peque.png","contentUrl":"https:\/\/www.itakaescolapios.org\/wp-content\/uploads\/2024\/04\/Logo-itakaescolapios-peque.png","width":500,"height":199,"caption":"Fundaci\u00f3 Itaka-Escolapios"},"image":{"@id":"https:\/\/www.itakaescolapios.org\/es\/#\/schema\/logo\/image\/"}}]}},"_links":{"self":[{"href":"https:\/\/www.itakaescolapios.org\/es\/wp-json\/wp\/v2\/pages\/369","targetHints":{"allow":["GET"]}}],"collection":[{"href":"https:\/\/www.itakaescolapios.org\/es\/wp-json\/wp\/v2\/pages"}],"about":[{"href":"https:\/\/www.itakaescolapios.org\/es\/wp-json\/wp\/v2\/types\/page"}],"author":[{"embeddable":true,"href":"https:\/\/www.itakaescolapios.org\/es\/wp-json\/wp\/v2\/users\/1"}],"replies":[{"embeddable":true,"href":"https:\/\/www.itakaescolapios.org\/es\/wp-json\/wp\/v2\/comments?post=369"}],"version-history":[{"count":53,"href":"https:\/\/www.itakaescolapios.org\/es\/wp-json\/wp\/v2\/pages\/369\/revisions"}],"predecessor-version":[{"id":50249,"href":"https:\/\/www.itakaescolapios.org\/es\/wp-json\/wp\/v2\/pages\/369\/revisions\/50249"}],"up":[{"embeddable":true,"href":"https:\/\/www.itakaescolapios.org\/es\/wp-json\/wp\/v2\/pages\/89"}],"wp:attachment":[{"href":"https:\/\/www.itakaescolapios.org\/es\/wp-json\/wp\/v2\/media?parent=369"}],"curies":[{"name":"wp","href":"https:\/\/api.w.org\/{rel}","templated":true}]}}