{"id":391,"date":"2012-06-04T11:19:45","date_gmt":"2012-06-04T10:19:45","guid":{"rendered":"https:\/\/www.itakaescolapios.org\/?page_id=391"},"modified":"2023-11-28T12:39:46","modified_gmt":"2023-11-28T11:39:46","slug":"casa-lar-governador-de-valadares-brasil","status":"publish","type":"page","link":"https:\/\/www.itakaescolapios.org\/es\/que-hacemos\/hogares\/casa-lar-governador-de-valadares-brasil\/","title":{"rendered":"Casa Lar"},"content":{"rendered":"<p style=\"text-align: justify;\" align=\"JUSTIFY\">Las \u201cCasas Lar\u201d son un\u00a0proyecto\u00a0de acogida\u00a0temporal y excepcional\u00a0de ni\u00f1os y\u00a0adolescentes de ambos sexos, priorizando los grupos de hermanos. Los y las menores son derivados por el Juzgado de Infancia y Juventud y por el Consejo Tutelar<\/p>\n<p style=\"text-align: justify;\" align=\"JUSTIFY\">El proyecto\u00a0se desarrolla en dos\u00a0casas-hogares que\u00a0funcionan como unidades integradas\u00a0en la comunidad, con\u00a0una infraestructura f\u00edsica\u00a0adecuada y en un ambiente acogedor.<\/p>\n<p style=\"text-align: justify;\" align=\"JUSTIFY\">Para prestar un buen servicio las \u201cCasas Lar\u201d acogen un total de hasta ocho ni\u00f1os y ni\u00f1as, acompa\u00f1ados de\u00a0una madre\u00a0social y de una\u00a0madre sustituta\u00a0social.\u00a0El personal de apoyo\u00a0t\u00e9cnico (trabajadores sociales, psic\u00f3logos, educadores, coordinadores, etc.) no reside en los hogares, desarrollan su labor en la sede de Itaka-Escolapios, los hogares,\u2026<\/p>\n<p style=\"text-align: justify;\" align=\"JUSTIFY\">Los destinatarios son ni\u00f1os y ni\u00f1as as\u00ed como adolescentes de entre\u00a04 y 18 a\u00f1os\u00a0(hasta 10a\u00f1os de edad\u00a0en la inscripci\u00f3n)\u00a0con\u00a0la posibilidad de trabajar\u00a0con las familias.<\/p>\n<p style=\"text-align: justify;\" align=\"JUSTIFY\">En el proyecto trabajan: un trabajador social, un psic\u00f3logo, dos madres sociales, dos madres sustitutas, cuatro voluntarios\/as educadores\/as para las distintas actividades y una coordinadora del programa.<\/p>\n<p><!--more--><\/p>\n","protected":false},"excerpt":{"rendered":"<p>Las \u201cCasas Lar\u201d son un\u00a0proyecto\u00a0de acogida\u00a0temporal y excepcional\u00a0de ni\u00f1os y\u00a0adolescentes de ambos sexos, priorizando los grupos de hermanos. Los y las menores son derivados por el Juzgado de Infancia y [&hellip;]<\/p>\n","protected":false},"author":1,"featured_media":1499,"parent":91,"menu_order":3,"comment_status":"closed","ping_status":"closed","template":"","meta":{"_et_pb_use_builder":"","_et_pb_old_content":"","_et_gb_content_width":"","footnotes":""},"class_list":["post-391","page","type-page","status-publish","has-post-thumbnail","hentry"],"yoast_head":"<!-- This site is optimized with the Yoast SEO plugin v27.3 - https:\/\/yoast.com\/product\/yoast-seo-wordpress\/ -->\n<title>Casa Lar - Itaka-Escolapios<\/title>\n<meta name=\"robots\" content=\"index, follow, max-snippet:-1, max-image-preview:large, max-video-preview:-1\" \/>\n<link rel=\"canonical\" href=\"https:\/\/www.itakaescolapios.org\/es\/que-hacemos\/hogares\/casa-lar-governador-de-valadares-brasil\/\" \/>\n<meta property=\"og:locale\" content=\"es_ES\" \/>\n<meta property=\"og:type\" content=\"article\" \/>\n<meta property=\"og:title\" content=\"Casa Lar - Itaka-Escolapios\" \/>\n<meta property=\"og:description\" content=\"Las \u201cCasas Lar\u201d son un\u00a0proyecto\u00a0de acogida\u00a0temporal y excepcional\u00a0de ni\u00f1os y\u00a0adolescentes de ambos sexos, priorizando los grupos de hermanos. Los y las menores son derivados por el Juzgado de Infancia y [&hellip;]\" \/>\n<meta property=\"og:url\" content=\"https:\/\/www.itakaescolapios.org\/es\/que-hacemos\/hogares\/casa-lar-governador-de-valadares-brasil\/\" \/>\n<meta property=\"og:site_name\" content=\"Itaka-Escolapios\" \/>\n<meta property=\"article:modified_time\" content=\"2023-11-28T11:39:46+00:00\" \/>\n<meta property=\"og:image\" content=\"https:\/\/www.itakaescolapios.org\/wp-content\/uploads\/2012\/06\/Hogares-Casas-Lar-3-Governador-de-Valadares-Brasil.jpg\" \/>\n\t<meta property=\"og:image:width\" content=\"1200\" \/>\n\t<meta property=\"og:image:height\" content=\"900\" \/>\n\t<meta property=\"og:image:type\" content=\"image\/jpeg\" \/>\n<meta name=\"twitter:card\" content=\"summary_large_image\" \/>\n<meta name=\"twitter:label1\" content=\"Tiempo de lectura\" \/>\n\t<meta name=\"twitter:data1\" content=\"1 minuto\" \/>\n<script type=\"application\/ld+json\" class=\"yoast-schema-graph\">{\"@context\":\"https:\\\/\\\/schema.org\",\"@graph\":[{\"@type\":\"WebPage\",\"@id\":\"https:\\\/\\\/www.itakaescolapios.org\\\/es\\\/que-hacemos\\\/hogares\\\/casa-lar-governador-de-valadares-brasil\\\/\",\"url\":\"https:\\\/\\\/www.itakaescolapios.org\\\/es\\\/que-hacemos\\\/hogares\\\/casa-lar-governador-de-valadares-brasil\\\/\",\"name\":\"Casa Lar - Itaka-Escolapios\",\"isPartOf\":{\"@id\":\"https:\\\/\\\/www.itakaescolapios.org\\\/es\\\/#website\"},\"primaryImageOfPage\":{\"@id\":\"https:\\\/\\\/www.itakaescolapios.org\\\/es\\\/que-hacemos\\\/hogares\\\/casa-lar-governador-de-valadares-brasil\\\/#primaryimage\"},\"image\":{\"@id\":\"https:\\\/\\\/www.itakaescolapios.org\\\/es\\\/que-hacemos\\\/hogares\\\/casa-lar-governador-de-valadares-brasil\\\/#primaryimage\"},\"thumbnailUrl\":\"https:\\\/\\\/www.itakaescolapios.org\\\/wp-content\\\/uploads\\\/2012\\\/06\\\/Hogares-Casas-Lar-3-Governador-de-Valadares-Brasil.jpg\",\"datePublished\":\"2012-06-04T10:19:45+00:00\",\"dateModified\":\"2023-11-28T11:39:46+00:00\",\"breadcrumb\":{\"@id\":\"https:\\\/\\\/www.itakaescolapios.org\\\/es\\\/que-hacemos\\\/hogares\\\/casa-lar-governador-de-valadares-brasil\\\/#breadcrumb\"},\"inLanguage\":\"es\",\"potentialAction\":[{\"@type\":\"ReadAction\",\"target\":[\"https:\\\/\\\/www.itakaescolapios.org\\\/es\\\/que-hacemos\\\/hogares\\\/casa-lar-governador-de-valadares-brasil\\\/\"]}]},{\"@type\":\"ImageObject\",\"inLanguage\":\"es\",\"@id\":\"https:\\\/\\\/www.itakaescolapios.org\\\/es\\\/que-hacemos\\\/hogares\\\/casa-lar-governador-de-valadares-brasil\\\/#primaryimage\",\"url\":\"https:\\\/\\\/www.itakaescolapios.org\\\/wp-content\\\/uploads\\\/2012\\\/06\\\/Hogares-Casas-Lar-3-Governador-de-Valadares-Brasil.jpg\",\"contentUrl\":\"https:\\\/\\\/www.itakaescolapios.org\\\/wp-content\\\/uploads\\\/2012\\\/06\\\/Hogares-Casas-Lar-3-Governador-de-Valadares-Brasil.jpg\",\"width\":\"1200\",\"height\":\"900\"},{\"@type\":\"BreadcrumbList\",\"@id\":\"https:\\\/\\\/www.itakaescolapios.org\\\/es\\\/que-hacemos\\\/hogares\\\/casa-lar-governador-de-valadares-brasil\\\/#breadcrumb\",\"itemListElement\":[{\"@type\":\"ListItem\",\"position\":1,\"name\":\"Portada\",\"item\":\"https:\\\/\\\/www.itakaescolapios.org\\\/es\\\/\"},{\"@type\":\"ListItem\",\"position\":2,\"name\":\"Qu\u00e9 hacemos\",\"item\":\"https:\\\/\\\/www.itakaescolapios.org\\\/es\\\/que-hacemos\\\/\"},{\"@type\":\"ListItem\",\"position\":3,\"name\":\"Hogares\",\"item\":\"https:\\\/\\\/www.itakaescolapios.org\\\/es\\\/que-hacemos\\\/hogares\\\/\"},{\"@type\":\"ListItem\",\"position\":4,\"name\":\"Casa Lar\"}]},{\"@type\":\"WebSite\",\"@id\":\"https:\\\/\\\/www.itakaescolapios.org\\\/es\\\/#website\",\"url\":\"https:\\\/\\\/www.itakaescolapios.org\\\/es\\\/\",\"name\":\"Itaka-Escolapios\",\"description\":\"Red de Itaka-Escolapios\",\"publisher\":{\"@id\":\"https:\\\/\\\/www.itakaescolapios.org\\\/es\\\/#organization\"},\"potentialAction\":[{\"@type\":\"SearchAction\",\"target\":{\"@type\":\"EntryPoint\",\"urlTemplate\":\"https:\\\/\\\/www.itakaescolapios.org\\\/es\\\/?s={search_term_string}\"},\"query-input\":{\"@type\":\"PropertyValueSpecification\",\"valueRequired\":true,\"valueName\":\"search_term_string\"}}],\"inLanguage\":\"es\"},{\"@type\":\"Organization\",\"@id\":\"https:\\\/\\\/www.itakaescolapios.org\\\/es\\\/#organization\",\"name\":\"Fundaci\u00f3 Itaka-Escolapios\",\"url\":\"https:\\\/\\\/www.itakaescolapios.org\\\/es\\\/\",\"logo\":{\"@type\":\"ImageObject\",\"inLanguage\":\"es\",\"@id\":\"https:\\\/\\\/www.itakaescolapios.org\\\/es\\\/#\\\/schema\\\/logo\\\/image\\\/\",\"url\":\"https:\\\/\\\/www.itakaescolapios.org\\\/wp-content\\\/uploads\\\/2024\\\/04\\\/Logo-itakaescolapios-peque.png\",\"contentUrl\":\"https:\\\/\\\/www.itakaescolapios.org\\\/wp-content\\\/uploads\\\/2024\\\/04\\\/Logo-itakaescolapios-peque.png\",\"width\":500,\"height\":199,\"caption\":\"Fundaci\u00f3 Itaka-Escolapios\"},\"image\":{\"@id\":\"https:\\\/\\\/www.itakaescolapios.org\\\/es\\\/#\\\/schema\\\/logo\\\/image\\\/\"}}]}<\/script>\n<!-- \/ Yoast SEO plugin. -->","yoast_head_json":{"title":"Casa Lar - Itaka-Escolapios","robots":{"index":"index","follow":"follow","max-snippet":"max-snippet:-1","max-image-preview":"max-image-preview:large","max-video-preview":"max-video-preview:-1"},"canonical":"https:\/\/www.itakaescolapios.org\/es\/que-hacemos\/hogares\/casa-lar-governador-de-valadares-brasil\/","og_locale":"es_ES","og_type":"article","og_title":"Casa Lar - Itaka-Escolapios","og_description":"Las \u201cCasas Lar\u201d son un\u00a0proyecto\u00a0de acogida\u00a0temporal y excepcional\u00a0de ni\u00f1os y\u00a0adolescentes de ambos sexos, priorizando los grupos de hermanos. Los y las menores son derivados por el Juzgado de Infancia y [&hellip;]","og_url":"https:\/\/www.itakaescolapios.org\/es\/que-hacemos\/hogares\/casa-lar-governador-de-valadares-brasil\/","og_site_name":"Itaka-Escolapios","article_modified_time":"2023-11-28T11:39:46+00:00","og_image":[{"width":1200,"height":900,"url":"https:\/\/www.itakaescolapios.org\/wp-content\/uploads\/2012\/06\/Hogares-Casas-Lar-3-Governador-de-Valadares-Brasil.jpg","type":"image\/jpeg"}],"twitter_card":"summary_large_image","twitter_misc":{"Tiempo de lectura":"1 minuto"},"schema":{"@context":"https:\/\/schema.org","@graph":[{"@type":"WebPage","@id":"https:\/\/www.itakaescolapios.org\/es\/que-hacemos\/hogares\/casa-lar-governador-de-valadares-brasil\/","url":"https:\/\/www.itakaescolapios.org\/es\/que-hacemos\/hogares\/casa-lar-governador-de-valadares-brasil\/","name":"Casa Lar - Itaka-Escolapios","isPartOf":{"@id":"https:\/\/www.itakaescolapios.org\/es\/#website"},"primaryImageOfPage":{"@id":"https:\/\/www.itakaescolapios.org\/es\/que-hacemos\/hogares\/casa-lar-governador-de-valadares-brasil\/#primaryimage"},"image":{"@id":"https:\/\/www.itakaescolapios.org\/es\/que-hacemos\/hogares\/casa-lar-governador-de-valadares-brasil\/#primaryimage"},"thumbnailUrl":"https:\/\/www.itakaescolapios.org\/wp-content\/uploads\/2012\/06\/Hogares-Casas-Lar-3-Governador-de-Valadares-Brasil.jpg","datePublished":"2012-06-04T10:19:45+00:00","dateModified":"2023-11-28T11:39:46+00:00","breadcrumb":{"@id":"https:\/\/www.itakaescolapios.org\/es\/que-hacemos\/hogares\/casa-lar-governador-de-valadares-brasil\/#breadcrumb"},"inLanguage":"es","potentialAction":[{"@type":"ReadAction","target":["https:\/\/www.itakaescolapios.org\/es\/que-hacemos\/hogares\/casa-lar-governador-de-valadares-brasil\/"]}]},{"@type":"ImageObject","inLanguage":"es","@id":"https:\/\/www.itakaescolapios.org\/es\/que-hacemos\/hogares\/casa-lar-governador-de-valadares-brasil\/#primaryimage","url":"https:\/\/www.itakaescolapios.org\/wp-content\/uploads\/2012\/06\/Hogares-Casas-Lar-3-Governador-de-Valadares-Brasil.jpg","contentUrl":"https:\/\/www.itakaescolapios.org\/wp-content\/uploads\/2012\/06\/Hogares-Casas-Lar-3-Governador-de-Valadares-Brasil.jpg","width":"1200","height":"900"},{"@type":"BreadcrumbList","@id":"https:\/\/www.itakaescolapios.org\/es\/que-hacemos\/hogares\/casa-lar-governador-de-valadares-brasil\/#breadcrumb","itemListElement":[{"@type":"ListItem","position":1,"name":"Portada","item":"https:\/\/www.itakaescolapios.org\/es\/"},{"@type":"ListItem","position":2,"name":"Qu\u00e9 hacemos","item":"https:\/\/www.itakaescolapios.org\/es\/que-hacemos\/"},{"@type":"ListItem","position":3,"name":"Hogares","item":"https:\/\/www.itakaescolapios.org\/es\/que-hacemos\/hogares\/"},{"@type":"ListItem","position":4,"name":"Casa Lar"}]},{"@type":"WebSite","@id":"https:\/\/www.itakaescolapios.org\/es\/#website","url":"https:\/\/www.itakaescolapios.org\/es\/","name":"Itaka-Escolapios","description":"Red de Itaka-Escolapios","publisher":{"@id":"https:\/\/www.itakaescolapios.org\/es\/#organization"},"potentialAction":[{"@type":"SearchAction","target":{"@type":"EntryPoint","urlTemplate":"https:\/\/www.itakaescolapios.org\/es\/?s={search_term_string}"},"query-input":{"@type":"PropertyValueSpecification","valueRequired":true,"valueName":"search_term_string"}}],"inLanguage":"es"},{"@type":"Organization","@id":"https:\/\/www.itakaescolapios.org\/es\/#organization","name":"Fundaci\u00f3 Itaka-Escolapios","url":"https:\/\/www.itakaescolapios.org\/es\/","logo":{"@type":"ImageObject","inLanguage":"es","@id":"https:\/\/www.itakaescolapios.org\/es\/#\/schema\/logo\/image\/","url":"https:\/\/www.itakaescolapios.org\/wp-content\/uploads\/2024\/04\/Logo-itakaescolapios-peque.png","contentUrl":"https:\/\/www.itakaescolapios.org\/wp-content\/uploads\/2024\/04\/Logo-itakaescolapios-peque.png","width":500,"height":199,"caption":"Fundaci\u00f3 Itaka-Escolapios"},"image":{"@id":"https:\/\/www.itakaescolapios.org\/es\/#\/schema\/logo\/image\/"}}]}},"_links":{"self":[{"href":"https:\/\/www.itakaescolapios.org\/es\/wp-json\/wp\/v2\/pages\/391","targetHints":{"allow":["GET"]}}],"collection":[{"href":"https:\/\/www.itakaescolapios.org\/es\/wp-json\/wp\/v2\/pages"}],"about":[{"href":"https:\/\/www.itakaescolapios.org\/es\/wp-json\/wp\/v2\/types\/page"}],"author":[{"embeddable":true,"href":"https:\/\/www.itakaescolapios.org\/es\/wp-json\/wp\/v2\/users\/1"}],"replies":[{"embeddable":true,"href":"https:\/\/www.itakaescolapios.org\/es\/wp-json\/wp\/v2\/comments?post=391"}],"version-history":[{"count":14,"href":"https:\/\/www.itakaescolapios.org\/es\/wp-json\/wp\/v2\/pages\/391\/revisions"}],"predecessor-version":[{"id":50235,"href":"https:\/\/www.itakaescolapios.org\/es\/wp-json\/wp\/v2\/pages\/391\/revisions\/50235"}],"up":[{"embeddable":true,"href":"https:\/\/www.itakaescolapios.org\/es\/wp-json\/wp\/v2\/pages\/91"}],"wp:featuredmedia":[{"embeddable":true,"href":"https:\/\/www.itakaescolapios.org\/es\/wp-json\/wp\/v2\/media\/1499"}],"wp:attachment":[{"href":"https:\/\/www.itakaescolapios.org\/es\/wp-json\/wp\/v2\/media?parent=391"}],"curies":[{"name":"wp","href":"https:\/\/api.w.org\/{rel}","templated":true}]}}