{"id":4067,"date":"2012-11-06T17:34:54","date_gmt":"2012-11-06T16:34:54","guid":{"rendered":"https:\/\/www.itakaescolapios.org\/?page_id=4067"},"modified":"2023-11-28T12:39:34","modified_gmt":"2023-11-28T11:39:34","slug":"ensenanza-primaria-universal","status":"publish","type":"page","link":"https:\/\/www.itakaescolapios.org\/es\/campanas\/educacion-futuro\/ensenanza-primaria-universal\/","title":{"rendered":"Objetivo 2: Lograr la ense\u00f1anza primaria universal"},"content":{"rendered":"<p><a href=\"https:\/\/www.itakaescolapios.org\/campanas\/ensenanza-primaria-universal\/lapiz\/\" rel=\"attachment wp-att-4131\"><img decoding=\"async\" class=\"aligncenter size-full wp-image-4131\" title=\"lapiz\" src=\"https:\/\/www.itakaescolapios.org\/wp-content\/uploads\/2012\/11\/lapiz.jpg\" alt=\"\" width=\"496\" height=\"166\" srcset=\"https:\/\/www.itakaescolapios.org\/wp-content\/uploads\/2012\/11\/lapiz.jpg 496w, https:\/\/www.itakaescolapios.org\/wp-content\/uploads\/2012\/11\/lapiz-300x100.jpg 300w, https:\/\/www.itakaescolapios.org\/wp-content\/uploads\/2012\/11\/lapiz-250x83.jpg 250w\" sizes=\"(max-width: 496px) 100vw, 496px\" \/><\/a><\/p>\n<p>La educaci\u00f3n brinda opciones a los seres humanos en cuanto al tipo de vida que desean llevar; les permite expresarse con confianza en sus relaciones personales, en la comunidad y en trabajo. Sin embargo, hay 61 millones de ni\u00f1os en edad de asistir a la escuela primaria que, al no poder acudir a ella, se ven privados de ejercer este derecho humano. En su mayor\u00eda, se trata de ni\u00f1os procedentes de hogares pobres cuyas madres, con frecuencia, tampoco han recibido educaci\u00f3n formal.<\/p>\n<p>Esta p\u00e9rdida de potencial no s\u00f3lo afecta a los ni\u00f1os. La educaci\u00f3n, especialmente la de las ni\u00f1as, encierra beneficios sociales y econ\u00f3micos para toda la sociedad. Las mujeres que han recibido educaci\u00f3n tienen acceso a m\u00e1s oportunidades econ\u00f3micas y participan m\u00e1s activamente en la vida p\u00fablica. Cuando son madres, tienden a tener menos hijos pero m\u00e1s sanos, los cuales tendr\u00e1n m\u00e1s posibilidades de asistir a la escuela.<\/p>\n<p>Para alcanzar el segundo objetivo de Desarrollo del Milenio es necesario intensificar enormemente los esfuerzos en este sentido en el \u00c1frica subsahariana, Asia meridional y Ocean\u00eda. En estas regiones, como en el resto del mundo, el aumento de la matriculaci\u00f3n deber\u00e1 ir acompa\u00f1ado de actividades para lograr que ning\u00fan ni\u00f1o abandone la escuela y que todos reciban una educaci\u00f3n de buena calidad.<\/p>\n<p>La educaci\u00f3n no es un objetivo m\u00e1s, sino una condici\u00f3n imprescindible para el cumplimiento del resto de los ODM, es un factor clave para superar situaciones de pobreza y para la consolidaci\u00f3n de los sistemas democr\u00e1ticos.<\/p>\n<p>Por todo ello entendemos que el lema de la Campa\u00f1a de Solidaridad de este curso, \u201cLA EDUCACI\u00d3N MULTIPLICA EL FUTURO\u201d, est\u00e1 hoy vigente de igual manera que lo estuvo en la Roma del siglo XVI cuando Calasanz abri\u00f3 en la Parroquia de Santa Dorotea la primera escuela popular gratuita de Europa.<\/p>\n<p>Para saber m\u00e1s\u00a0sobre la\u00a0realidad de este objetivo en el mundo puedes pinchar en <a href=\"http:\/\/www.undp.org\/content\/undp\/es\/home\/mdgoverview\/mdg_goals\/mdg2.html\">\u00abLograr la ense\u00f1anza primaria universal\u00bb<\/a><!--more--><\/p>\n","protected":false},"excerpt":{"rendered":"<p>La educaci\u00f3n brinda opciones a los seres humanos en cuanto al tipo de vida que desean llevar; les permite expresarse con confianza en sus relaciones personales, en la comunidad y [&hellip;]<\/p>\n","protected":false},"author":1,"featured_media":0,"parent":3983,"menu_order":3,"comment_status":"closed","ping_status":"closed","template":"","meta":{"_et_pb_use_builder":"","_et_pb_old_content":"","_et_gb_content_width":"","footnotes":""},"class_list":["post-4067","page","type-page","status-publish","hentry"],"yoast_head":"<!-- This site is optimized with the Yoast SEO plugin v27.3 - https:\/\/yoast.com\/product\/yoast-seo-wordpress\/ -->\n<title>Objetivo 2: Lograr la ense\u00f1anza primaria universal - Itaka-Escolapios<\/title>\n<meta name=\"robots\" content=\"index, follow, max-snippet:-1, max-image-preview:large, max-video-preview:-1\" \/>\n<link rel=\"canonical\" href=\"https:\/\/www.itakaescolapios.org\/es\/campanas\/educacion-futuro\/ensenanza-primaria-universal\/\" \/>\n<meta property=\"og:locale\" content=\"es_ES\" \/>\n<meta property=\"og:type\" content=\"article\" \/>\n<meta property=\"og:title\" content=\"Objetivo 2: Lograr la ense\u00f1anza primaria universal - Itaka-Escolapios\" \/>\n<meta property=\"og:description\" content=\"La educaci\u00f3n brinda opciones a los seres humanos en cuanto al tipo de vida que desean llevar; les permite expresarse con confianza en sus relaciones personales, en la comunidad y [&hellip;]\" \/>\n<meta property=\"og:url\" content=\"https:\/\/www.itakaescolapios.org\/es\/campanas\/educacion-futuro\/ensenanza-primaria-universal\/\" \/>\n<meta property=\"og:site_name\" content=\"Itaka-Escolapios\" \/>\n<meta property=\"article:modified_time\" content=\"2023-11-28T11:39:34+00:00\" \/>\n<meta property=\"og:image\" content=\"https:\/\/www.itakaescolapios.org\/wp-content\/uploads\/2012\/11\/lapiz.jpg\" \/>\n\t<meta property=\"og:image:width\" content=\"496\" \/>\n\t<meta property=\"og:image:height\" content=\"166\" \/>\n\t<meta property=\"og:image:type\" content=\"image\/jpeg\" \/>\n<meta name=\"twitter:card\" content=\"summary_large_image\" \/>\n<meta name=\"twitter:label1\" content=\"Tiempo de lectura\" \/>\n\t<meta name=\"twitter:data1\" content=\"2 minutos\" \/>\n<script type=\"application\/ld+json\" class=\"yoast-schema-graph\">{\"@context\":\"https:\\\/\\\/schema.org\",\"@graph\":[{\"@type\":\"WebPage\",\"@id\":\"https:\\\/\\\/www.itakaescolapios.org\\\/es\\\/campanas\\\/educacion-futuro\\\/ensenanza-primaria-universal\\\/\",\"url\":\"https:\\\/\\\/www.itakaescolapios.org\\\/es\\\/campanas\\\/educacion-futuro\\\/ensenanza-primaria-universal\\\/\",\"name\":\"Objetivo 2: Lograr la ense\u00f1anza primaria universal - Itaka-Escolapios\",\"isPartOf\":{\"@id\":\"https:\\\/\\\/www.itakaescolapios.org\\\/es\\\/#website\"},\"primaryImageOfPage\":{\"@id\":\"https:\\\/\\\/www.itakaescolapios.org\\\/es\\\/campanas\\\/educacion-futuro\\\/ensenanza-primaria-universal\\\/#primaryimage\"},\"image\":{\"@id\":\"https:\\\/\\\/www.itakaescolapios.org\\\/es\\\/campanas\\\/educacion-futuro\\\/ensenanza-primaria-universal\\\/#primaryimage\"},\"thumbnailUrl\":\"https:\\\/\\\/www.itakaescolapios.org\\\/wp-content\\\/uploads\\\/2012\\\/11\\\/lapiz.jpg\",\"datePublished\":\"2012-11-06T16:34:54+00:00\",\"dateModified\":\"2023-11-28T11:39:34+00:00\",\"breadcrumb\":{\"@id\":\"https:\\\/\\\/www.itakaescolapios.org\\\/es\\\/campanas\\\/educacion-futuro\\\/ensenanza-primaria-universal\\\/#breadcrumb\"},\"inLanguage\":\"es\",\"potentialAction\":[{\"@type\":\"ReadAction\",\"target\":[\"https:\\\/\\\/www.itakaescolapios.org\\\/es\\\/campanas\\\/educacion-futuro\\\/ensenanza-primaria-universal\\\/\"]}]},{\"@type\":\"ImageObject\",\"inLanguage\":\"es\",\"@id\":\"https:\\\/\\\/www.itakaescolapios.org\\\/es\\\/campanas\\\/educacion-futuro\\\/ensenanza-primaria-universal\\\/#primaryimage\",\"url\":\"https:\\\/\\\/www.itakaescolapios.org\\\/wp-content\\\/uploads\\\/2012\\\/11\\\/lapiz.jpg\",\"contentUrl\":\"https:\\\/\\\/www.itakaescolapios.org\\\/wp-content\\\/uploads\\\/2012\\\/11\\\/lapiz.jpg\"},{\"@type\":\"BreadcrumbList\",\"@id\":\"https:\\\/\\\/www.itakaescolapios.org\\\/es\\\/campanas\\\/educacion-futuro\\\/ensenanza-primaria-universal\\\/#breadcrumb\",\"itemListElement\":[{\"@type\":\"ListItem\",\"position\":1,\"name\":\"Portada\",\"item\":\"https:\\\/\\\/www.itakaescolapios.org\\\/es\\\/\"},{\"@type\":\"ListItem\",\"position\":2,\"name\":\"Campa\u00f1as\",\"item\":\"https:\\\/\\\/www.itakaescolapios.org\\\/es\\\/campanas\\\/\"},{\"@type\":\"ListItem\",\"position\":3,\"name\":\"2012-2013 LA EDUCACI\u00d3N MULTIPLICA EL FUTURO\",\"item\":\"https:\\\/\\\/www.itakaescolapios.org\\\/es\\\/campanas\\\/educacion-futuro\\\/\"},{\"@type\":\"ListItem\",\"position\":4,\"name\":\"Objetivo 2: Lograr la ense\u00f1anza primaria universal\"}]},{\"@type\":\"WebSite\",\"@id\":\"https:\\\/\\\/www.itakaescolapios.org\\\/es\\\/#website\",\"url\":\"https:\\\/\\\/www.itakaescolapios.org\\\/es\\\/\",\"name\":\"Itaka-Escolapios\",\"description\":\"Red de Itaka-Escolapios\",\"publisher\":{\"@id\":\"https:\\\/\\\/www.itakaescolapios.org\\\/es\\\/#organization\"},\"potentialAction\":[{\"@type\":\"SearchAction\",\"target\":{\"@type\":\"EntryPoint\",\"urlTemplate\":\"https:\\\/\\\/www.itakaescolapios.org\\\/es\\\/?s={search_term_string}\"},\"query-input\":{\"@type\":\"PropertyValueSpecification\",\"valueRequired\":true,\"valueName\":\"search_term_string\"}}],\"inLanguage\":\"es\"},{\"@type\":\"Organization\",\"@id\":\"https:\\\/\\\/www.itakaescolapios.org\\\/es\\\/#organization\",\"name\":\"Fundaci\u00f3 Itaka-Escolapios\",\"url\":\"https:\\\/\\\/www.itakaescolapios.org\\\/es\\\/\",\"logo\":{\"@type\":\"ImageObject\",\"inLanguage\":\"es\",\"@id\":\"https:\\\/\\\/www.itakaescolapios.org\\\/es\\\/#\\\/schema\\\/logo\\\/image\\\/\",\"url\":\"https:\\\/\\\/www.itakaescolapios.org\\\/wp-content\\\/uploads\\\/2024\\\/04\\\/Logo-itakaescolapios-peque.png\",\"contentUrl\":\"https:\\\/\\\/www.itakaescolapios.org\\\/wp-content\\\/uploads\\\/2024\\\/04\\\/Logo-itakaescolapios-peque.png\",\"width\":500,\"height\":199,\"caption\":\"Fundaci\u00f3 Itaka-Escolapios\"},\"image\":{\"@id\":\"https:\\\/\\\/www.itakaescolapios.org\\\/es\\\/#\\\/schema\\\/logo\\\/image\\\/\"}}]}<\/script>\n<!-- \/ Yoast SEO plugin. -->","yoast_head_json":{"title":"Objetivo 2: Lograr la ense\u00f1anza primaria universal - Itaka-Escolapios","robots":{"index":"index","follow":"follow","max-snippet":"max-snippet:-1","max-image-preview":"max-image-preview:large","max-video-preview":"max-video-preview:-1"},"canonical":"https:\/\/www.itakaescolapios.org\/es\/campanas\/educacion-futuro\/ensenanza-primaria-universal\/","og_locale":"es_ES","og_type":"article","og_title":"Objetivo 2: Lograr la ense\u00f1anza primaria universal - Itaka-Escolapios","og_description":"La educaci\u00f3n brinda opciones a los seres humanos en cuanto al tipo de vida que desean llevar; les permite expresarse con confianza en sus relaciones personales, en la comunidad y [&hellip;]","og_url":"https:\/\/www.itakaescolapios.org\/es\/campanas\/educacion-futuro\/ensenanza-primaria-universal\/","og_site_name":"Itaka-Escolapios","article_modified_time":"2023-11-28T11:39:34+00:00","og_image":[{"width":496,"height":166,"url":"https:\/\/www.itakaescolapios.org\/wp-content\/uploads\/2012\/11\/lapiz.jpg","type":"image\/jpeg"}],"twitter_card":"summary_large_image","twitter_misc":{"Tiempo de lectura":"2 minutos"},"schema":{"@context":"https:\/\/schema.org","@graph":[{"@type":"WebPage","@id":"https:\/\/www.itakaescolapios.org\/es\/campanas\/educacion-futuro\/ensenanza-primaria-universal\/","url":"https:\/\/www.itakaescolapios.org\/es\/campanas\/educacion-futuro\/ensenanza-primaria-universal\/","name":"Objetivo 2: Lograr la ense\u00f1anza primaria universal - Itaka-Escolapios","isPartOf":{"@id":"https:\/\/www.itakaescolapios.org\/es\/#website"},"primaryImageOfPage":{"@id":"https:\/\/www.itakaescolapios.org\/es\/campanas\/educacion-futuro\/ensenanza-primaria-universal\/#primaryimage"},"image":{"@id":"https:\/\/www.itakaescolapios.org\/es\/campanas\/educacion-futuro\/ensenanza-primaria-universal\/#primaryimage"},"thumbnailUrl":"https:\/\/www.itakaescolapios.org\/wp-content\/uploads\/2012\/11\/lapiz.jpg","datePublished":"2012-11-06T16:34:54+00:00","dateModified":"2023-11-28T11:39:34+00:00","breadcrumb":{"@id":"https:\/\/www.itakaescolapios.org\/es\/campanas\/educacion-futuro\/ensenanza-primaria-universal\/#breadcrumb"},"inLanguage":"es","potentialAction":[{"@type":"ReadAction","target":["https:\/\/www.itakaescolapios.org\/es\/campanas\/educacion-futuro\/ensenanza-primaria-universal\/"]}]},{"@type":"ImageObject","inLanguage":"es","@id":"https:\/\/www.itakaescolapios.org\/es\/campanas\/educacion-futuro\/ensenanza-primaria-universal\/#primaryimage","url":"https:\/\/www.itakaescolapios.org\/wp-content\/uploads\/2012\/11\/lapiz.jpg","contentUrl":"https:\/\/www.itakaescolapios.org\/wp-content\/uploads\/2012\/11\/lapiz.jpg"},{"@type":"BreadcrumbList","@id":"https:\/\/www.itakaescolapios.org\/es\/campanas\/educacion-futuro\/ensenanza-primaria-universal\/#breadcrumb","itemListElement":[{"@type":"ListItem","position":1,"name":"Portada","item":"https:\/\/www.itakaescolapios.org\/es\/"},{"@type":"ListItem","position":2,"name":"Campa\u00f1as","item":"https:\/\/www.itakaescolapios.org\/es\/campanas\/"},{"@type":"ListItem","position":3,"name":"2012-2013 LA EDUCACI\u00d3N MULTIPLICA EL FUTURO","item":"https:\/\/www.itakaescolapios.org\/es\/campanas\/educacion-futuro\/"},{"@type":"ListItem","position":4,"name":"Objetivo 2: Lograr la ense\u00f1anza primaria universal"}]},{"@type":"WebSite","@id":"https:\/\/www.itakaescolapios.org\/es\/#website","url":"https:\/\/www.itakaescolapios.org\/es\/","name":"Itaka-Escolapios","description":"Red de Itaka-Escolapios","publisher":{"@id":"https:\/\/www.itakaescolapios.org\/es\/#organization"},"potentialAction":[{"@type":"SearchAction","target":{"@type":"EntryPoint","urlTemplate":"https:\/\/www.itakaescolapios.org\/es\/?s={search_term_string}"},"query-input":{"@type":"PropertyValueSpecification","valueRequired":true,"valueName":"search_term_string"}}],"inLanguage":"es"},{"@type":"Organization","@id":"https:\/\/www.itakaescolapios.org\/es\/#organization","name":"Fundaci\u00f3 Itaka-Escolapios","url":"https:\/\/www.itakaescolapios.org\/es\/","logo":{"@type":"ImageObject","inLanguage":"es","@id":"https:\/\/www.itakaescolapios.org\/es\/#\/schema\/logo\/image\/","url":"https:\/\/www.itakaescolapios.org\/wp-content\/uploads\/2024\/04\/Logo-itakaescolapios-peque.png","contentUrl":"https:\/\/www.itakaescolapios.org\/wp-content\/uploads\/2024\/04\/Logo-itakaescolapios-peque.png","width":500,"height":199,"caption":"Fundaci\u00f3 Itaka-Escolapios"},"image":{"@id":"https:\/\/www.itakaescolapios.org\/es\/#\/schema\/logo\/image\/"}}]}},"_links":{"self":[{"href":"https:\/\/www.itakaescolapios.org\/es\/wp-json\/wp\/v2\/pages\/4067","targetHints":{"allow":["GET"]}}],"collection":[{"href":"https:\/\/www.itakaescolapios.org\/es\/wp-json\/wp\/v2\/pages"}],"about":[{"href":"https:\/\/www.itakaescolapios.org\/es\/wp-json\/wp\/v2\/types\/page"}],"author":[{"embeddable":true,"href":"https:\/\/www.itakaescolapios.org\/es\/wp-json\/wp\/v2\/users\/1"}],"replies":[{"embeddable":true,"href":"https:\/\/www.itakaescolapios.org\/es\/wp-json\/wp\/v2\/comments?post=4067"}],"version-history":[{"count":33,"href":"https:\/\/www.itakaescolapios.org\/es\/wp-json\/wp\/v2\/pages\/4067\/revisions"}],"predecessor-version":[{"id":49928,"href":"https:\/\/www.itakaescolapios.org\/es\/wp-json\/wp\/v2\/pages\/4067\/revisions\/49928"}],"up":[{"embeddable":true,"href":"https:\/\/www.itakaescolapios.org\/es\/wp-json\/wp\/v2\/pages\/3983"}],"wp:attachment":[{"href":"https:\/\/www.itakaescolapios.org\/es\/wp-json\/wp\/v2\/media?parent=4067"}],"curies":[{"name":"wp","href":"https:\/\/api.w.org\/{rel}","templated":true}]}}