{"id":40703,"date":"2023-03-08T17:10:45","date_gmt":"2023-03-08T16:10:45","guid":{"rendered":"https:\/\/www.itakaescolapios.org\/?page_id=40703"},"modified":"2023-11-28T12:35:35","modified_gmt":"2023-11-28T11:35:35","slug":"sao-en-valencia-espana","status":"publish","type":"page","link":"https:\/\/www.itakaescolapios.org\/es\/que-hacemos\/centros-socio-educativos\/sao-en-valencia-espana\/","title":{"rendered":"SA\u00d3 EN VALENCIA (ESPA\u00d1A)"},"content":{"rendered":"<p>&nbsp;<\/p>\n<p>&nbsp;<\/p>\n<p>&nbsp;<\/p>\n<p><strong>Avenida Tres Cruces 77 (Patraix)<\/strong><\/p>\n<p><strong>46014 de Valencia<\/strong><\/p>\n<p><strong>660675429<\/strong><\/p>\n<p><strong>962269570<\/strong><\/p>\n<p><a href=\"mailto:sao@itakaescolapios.org\"><strong>sao@itakaescolapios.org<\/strong><\/a><\/p>\n<p><strong>Coordinadora: Mariam Bonora Oliveros<\/strong><\/p>\n<p><strong>IG: @sao_itakaescolapios.org<\/strong><\/p>\n<p>Sa\u00f3 viene del lat\u00edn \u201csatio\u201d que deriva de \u201csero\u201d (sembrar). Seg\u00fan el diccionario, Sa\u00f3 tiene tres acepciones; puede ser algo que ha llegado a un estado de maduraci\u00f3n o perfecci\u00f3n. Tambi\u00e9n significa ocasi\u00f3n o\u00a0oportunidad, y\u00a0sobre todo, nos referimos a Sa\u00f3 como el estado de la tierra \u00f3ptimo para la siembre, siempre despu\u00e9s de las lluvias.<span data-ccp-props=\"{&quot;201341983&quot;:0,&quot;335551550&quot;:6,&quot;335551620&quot;:6,&quot;335559740&quot;:276}\">\u00a0<\/span><\/p>\n<p><span data-contrast=\"none\">Actualmente, la Fundaci\u00f3n Itaka\u00a0Escolapios gestiona el centro de atenci\u00f3n diurna de apoyo convivencial y educativo Sa\u00f3, servicio concertado por la Conseller\u00eda\u00a0de Igualdad y Pol\u00edticas Inclusivas con 36 plazas\u00a0de ni\u00f1os, ni\u00f1as y\/o adolescentes\u00a0del extrarradio de Valencia. Aunque Sa\u00f3 est\u00e1 ubicado en el distrito de Patraix, tambi\u00e9n atendemos a poblaci\u00f3n de San Marcelino y Olivereta.<\/span><span data-ccp-props=\"{&quot;201341983&quot;:0,&quot;335551550&quot;:6,&quot;335551620&quot;:6,&quot;335559740&quot;:276}\">\u00a0<\/span><\/p>\n<p><span data-contrast=\"none\">Entendemos que las personas y las familias deben ser el centro de toda la intervenci\u00f3n profesional a trav\u00e9s del modelo de acci\u00f3n y de atenci\u00f3n integral centrada en la persona desde la perspectiva de su efectiva participaci\u00f3n en los procesos de intervenci\u00f3n.<\/span><span data-ccp-props=\"{&quot;335551550&quot;:6,&quot;335551620&quot;:6}\">\u00a0<\/span><\/p>\n<p><span data-contrast=\"none\">Entendemos que nuestra labor nunca es en solitario, sino contando con el tejido social existente, de manera que podamos desarrollar las acciones ajustadas a las necesidades de la poblaci\u00f3n destinataria.\u00a0<\/span><span data-ccp-props=\"{&quot;335551550&quot;:6,&quot;335551620&quot;:6}\">\u00a0<\/span><\/p>\n<p><span data-contrast=\"none\">Sa\u00f3 desea ser un lugar de referencia alternativa para las familias de Patraix. Trabajamos con herramientas educativas que pretenden favorecer el desarrollo integral de las personas participantes, desde un trabajo comunitario y coordinado que favorezca al barrio, a los propios ni\u00f1os, ni\u00f1as y adolescentes y a sus familias. Planteamos diversas actividades a trav\u00e9s de nuestros programas de apoyo educativo, educaci\u00f3n no formal, atenci\u00f3n a familias o atenci\u00f3n psicoterap\u00e9utica. Todas ellas desde una perspectiva intergeneracional y bajo los principios de la participaci\u00f3n y el buen trato.\u00a0\u00a0<\/span><\/p>\n<p><span data-contrast=\"none\">Todas nuestras\u00a0acciones van encaminadas a\u00a0<\/span><span data-ccp-props=\"{&quot;201341983&quot;:0,&quot;335551550&quot;:6,&quot;335551620&quot;:6,&quot;335559740&quot;:276}\">\u00a0<\/span><\/p>\n<ul>\n<li>Promover los derechos de los ni\u00f1os, ni\u00f1as y adolescentes y a atender sus necesidades, garantizando su cumplimiento.<\/li>\n<li>Favorecer la participaci\u00f3n y satisfacci\u00f3n de los ni\u00f1os, ni\u00f1as y adolescentes y de sus familias en sus procesos de desarrollo.<\/li>\n<li>Trabajar por la educaci\u00f3n integral de la persona desde su propia experiencia para su adecuado desarrollo personal.<\/li>\n<li>Intervenir coordinadamente con todos los agentes implicados en la atenci\u00f3n al NNA.<\/li>\n<li>Impulsar la capacidad socioeducativa de las familias para favorecer la reducci\u00f3n de los factores de desprotecci\u00f3n.<\/li>\n<li>Cumplir con todos los requisitos legales y reglamentos vigentes en materia de seguridad, protecci\u00f3n de datos de car\u00e1cter personal y accesibilidad<\/li>\n<\/ul>\n<p><span data-contrast=\"none\">\u00a0<\/span><span data-contrast=\"none\">A trav\u00e9s de los siguientes programas:<\/span><span data-ccp-props=\"{&quot;335551550&quot;:6,&quot;335551620&quot;:6}\">\u00a0<\/span><span data-contrast=\"none\">\u00a0<\/span><\/p>\n<ul>\n<li>Mediaci\u00f3n y prevenci\u00f3n del abandono escolar<\/li>\n<li>Ocio y tiempo libre educativo<\/li>\n<li>Expresi\u00f3n (Arte y cultura)<\/li>\n<li>Educativo deportivo<\/li>\n<li>Atenci\u00f3n psicol\u00f3gica personalizada y familiar<\/li>\n<li>Talleres terap\u00e9uticos grupales<\/li>\n<li>Acompa\u00f1amiento y orientaci\u00f3n familiar<\/li>\n<\/ul>\n<p>&nbsp;<\/p>\n<p>&nbsp;<\/p>\n","protected":false},"excerpt":{"rendered":"<p>&nbsp; &nbsp; &nbsp; Avenida Tres Cruces 77 (Patraix) 46014 de Valencia 660675429 962269570 sao@itakaescolapios.org Coordinadora: Mariam Bonora Oliveros IG: @sao_itakaescolapios.org Sa\u00f3 viene del lat\u00edn \u201csatio\u201d que deriva de \u201csero\u201d (sembrar). [&hellip;]<\/p>\n","protected":false},"author":1,"featured_media":40711,"parent":83,"menu_order":15,"comment_status":"closed","ping_status":"closed","template":"","meta":{"_et_pb_use_builder":"","_et_pb_old_content":"","_et_gb_content_width":"","footnotes":""},"class_list":["post-40703","page","type-page","status-publish","has-post-thumbnail","hentry"],"yoast_head":"<!-- This site is optimized with the Yoast SEO plugin v27.3 - https:\/\/yoast.com\/product\/yoast-seo-wordpress\/ -->\n<title>SA\u00d3 EN VALENCIA (ESPA\u00d1A) - Itaka-Escolapios<\/title>\n<meta name=\"robots\" content=\"index, follow, max-snippet:-1, max-image-preview:large, max-video-preview:-1\" \/>\n<link rel=\"canonical\" href=\"https:\/\/www.itakaescolapios.org\/es\/que-hacemos\/centros-socio-educativos\/sao-en-valencia-espana\/\" \/>\n<meta property=\"og:locale\" content=\"es_ES\" \/>\n<meta property=\"og:type\" content=\"article\" \/>\n<meta property=\"og:title\" content=\"SA\u00d3 EN VALENCIA (ESPA\u00d1A) - Itaka-Escolapios\" \/>\n<meta property=\"og:description\" content=\"&nbsp; &nbsp; &nbsp; Avenida Tres Cruces 77 (Patraix) 46014 de Valencia 660675429 962269570 sao@itakaescolapios.org Coordinadora: Mariam Bonora Oliveros IG: @sao_itakaescolapios.org Sa\u00f3 viene del lat\u00edn \u201csatio\u201d que deriva de \u201csero\u201d (sembrar). [&hellip;]\" \/>\n<meta property=\"og:url\" content=\"https:\/\/www.itakaescolapios.org\/es\/que-hacemos\/centros-socio-educativos\/sao-en-valencia-espana\/\" \/>\n<meta property=\"og:site_name\" content=\"Itaka-Escolapios\" \/>\n<meta property=\"article:modified_time\" content=\"2023-11-28T11:35:35+00:00\" \/>\n<meta property=\"og:image\" content=\"https:\/\/www.itakaescolapios.org\/wp-content\/uploads\/2023\/03\/Sao.jpg\" \/>\n\t<meta property=\"og:image:width\" content=\"1593\" \/>\n\t<meta property=\"og:image:height\" content=\"610\" \/>\n\t<meta property=\"og:image:type\" content=\"image\/jpeg\" \/>\n<meta name=\"twitter:card\" content=\"summary_large_image\" \/>\n<meta name=\"twitter:label1\" content=\"Tiempo de lectura\" \/>\n\t<meta name=\"twitter:data1\" content=\"2 minutos\" \/>\n<script type=\"application\/ld+json\" class=\"yoast-schema-graph\">{\"@context\":\"https:\\\/\\\/schema.org\",\"@graph\":[{\"@type\":\"WebPage\",\"@id\":\"https:\\\/\\\/www.itakaescolapios.org\\\/es\\\/que-hacemos\\\/centros-socio-educativos\\\/sao-en-valencia-espana\\\/\",\"url\":\"https:\\\/\\\/www.itakaescolapios.org\\\/es\\\/que-hacemos\\\/centros-socio-educativos\\\/sao-en-valencia-espana\\\/\",\"name\":\"SA\u00d3 EN VALENCIA (ESPA\u00d1A) - Itaka-Escolapios\",\"isPartOf\":{\"@id\":\"https:\\\/\\\/www.itakaescolapios.org\\\/es\\\/#website\"},\"primaryImageOfPage\":{\"@id\":\"https:\\\/\\\/www.itakaescolapios.org\\\/es\\\/que-hacemos\\\/centros-socio-educativos\\\/sao-en-valencia-espana\\\/#primaryimage\"},\"image\":{\"@id\":\"https:\\\/\\\/www.itakaescolapios.org\\\/es\\\/que-hacemos\\\/centros-socio-educativos\\\/sao-en-valencia-espana\\\/#primaryimage\"},\"thumbnailUrl\":\"https:\\\/\\\/www.itakaescolapios.org\\\/wp-content\\\/uploads\\\/2023\\\/03\\\/Sao.jpg\",\"datePublished\":\"2023-03-08T16:10:45+00:00\",\"dateModified\":\"2023-11-28T11:35:35+00:00\",\"breadcrumb\":{\"@id\":\"https:\\\/\\\/www.itakaescolapios.org\\\/es\\\/que-hacemos\\\/centros-socio-educativos\\\/sao-en-valencia-espana\\\/#breadcrumb\"},\"inLanguage\":\"es\",\"potentialAction\":[{\"@type\":\"ReadAction\",\"target\":[\"https:\\\/\\\/www.itakaescolapios.org\\\/es\\\/que-hacemos\\\/centros-socio-educativos\\\/sao-en-valencia-espana\\\/\"]}]},{\"@type\":\"ImageObject\",\"inLanguage\":\"es\",\"@id\":\"https:\\\/\\\/www.itakaescolapios.org\\\/es\\\/que-hacemos\\\/centros-socio-educativos\\\/sao-en-valencia-espana\\\/#primaryimage\",\"url\":\"https:\\\/\\\/www.itakaescolapios.org\\\/wp-content\\\/uploads\\\/2023\\\/03\\\/Sao.jpg\",\"contentUrl\":\"https:\\\/\\\/www.itakaescolapios.org\\\/wp-content\\\/uploads\\\/2023\\\/03\\\/Sao.jpg\",\"width\":1593,\"height\":610},{\"@type\":\"BreadcrumbList\",\"@id\":\"https:\\\/\\\/www.itakaescolapios.org\\\/es\\\/que-hacemos\\\/centros-socio-educativos\\\/sao-en-valencia-espana\\\/#breadcrumb\",\"itemListElement\":[{\"@type\":\"ListItem\",\"position\":1,\"name\":\"Portada\",\"item\":\"https:\\\/\\\/www.itakaescolapios.org\\\/es\\\/\"},{\"@type\":\"ListItem\",\"position\":2,\"name\":\"Qu\u00e9 hacemos\",\"item\":\"https:\\\/\\\/www.itakaescolapios.org\\\/es\\\/que-hacemos\\\/\"},{\"@type\":\"ListItem\",\"position\":3,\"name\":\"Centros Socio-Educativos\",\"item\":\"https:\\\/\\\/www.itakaescolapios.org\\\/es\\\/que-hacemos\\\/centros-socio-educativos\\\/\"},{\"@type\":\"ListItem\",\"position\":4,\"name\":\"SA\u00d3 EN VALENCIA (ESPA\u00d1A)\"}]},{\"@type\":\"WebSite\",\"@id\":\"https:\\\/\\\/www.itakaescolapios.org\\\/es\\\/#website\",\"url\":\"https:\\\/\\\/www.itakaescolapios.org\\\/es\\\/\",\"name\":\"Itaka-Escolapios\",\"description\":\"Red de Itaka-Escolapios\",\"publisher\":{\"@id\":\"https:\\\/\\\/www.itakaescolapios.org\\\/es\\\/#organization\"},\"potentialAction\":[{\"@type\":\"SearchAction\",\"target\":{\"@type\":\"EntryPoint\",\"urlTemplate\":\"https:\\\/\\\/www.itakaescolapios.org\\\/es\\\/?s={search_term_string}\"},\"query-input\":{\"@type\":\"PropertyValueSpecification\",\"valueRequired\":true,\"valueName\":\"search_term_string\"}}],\"inLanguage\":\"es\"},{\"@type\":\"Organization\",\"@id\":\"https:\\\/\\\/www.itakaescolapios.org\\\/es\\\/#organization\",\"name\":\"Fundaci\u00f3 Itaka-Escolapios\",\"url\":\"https:\\\/\\\/www.itakaescolapios.org\\\/es\\\/\",\"logo\":{\"@type\":\"ImageObject\",\"inLanguage\":\"es\",\"@id\":\"https:\\\/\\\/www.itakaescolapios.org\\\/es\\\/#\\\/schema\\\/logo\\\/image\\\/\",\"url\":\"https:\\\/\\\/www.itakaescolapios.org\\\/wp-content\\\/uploads\\\/2024\\\/04\\\/Logo-itakaescolapios-peque.png\",\"contentUrl\":\"https:\\\/\\\/www.itakaescolapios.org\\\/wp-content\\\/uploads\\\/2024\\\/04\\\/Logo-itakaescolapios-peque.png\",\"width\":500,\"height\":199,\"caption\":\"Fundaci\u00f3 Itaka-Escolapios\"},\"image\":{\"@id\":\"https:\\\/\\\/www.itakaescolapios.org\\\/es\\\/#\\\/schema\\\/logo\\\/image\\\/\"}}]}<\/script>\n<!-- \/ Yoast SEO plugin. -->","yoast_head_json":{"title":"SA\u00d3 EN VALENCIA (ESPA\u00d1A) - Itaka-Escolapios","robots":{"index":"index","follow":"follow","max-snippet":"max-snippet:-1","max-image-preview":"max-image-preview:large","max-video-preview":"max-video-preview:-1"},"canonical":"https:\/\/www.itakaescolapios.org\/es\/que-hacemos\/centros-socio-educativos\/sao-en-valencia-espana\/","og_locale":"es_ES","og_type":"article","og_title":"SA\u00d3 EN VALENCIA (ESPA\u00d1A) - Itaka-Escolapios","og_description":"&nbsp; &nbsp; &nbsp; Avenida Tres Cruces 77 (Patraix) 46014 de Valencia 660675429 962269570 sao@itakaescolapios.org Coordinadora: Mariam Bonora Oliveros IG: @sao_itakaescolapios.org Sa\u00f3 viene del lat\u00edn \u201csatio\u201d que deriva de \u201csero\u201d (sembrar). [&hellip;]","og_url":"https:\/\/www.itakaescolapios.org\/es\/que-hacemos\/centros-socio-educativos\/sao-en-valencia-espana\/","og_site_name":"Itaka-Escolapios","article_modified_time":"2023-11-28T11:35:35+00:00","og_image":[{"width":1593,"height":610,"url":"https:\/\/www.itakaescolapios.org\/wp-content\/uploads\/2023\/03\/Sao.jpg","type":"image\/jpeg"}],"twitter_card":"summary_large_image","twitter_misc":{"Tiempo de lectura":"2 minutos"},"schema":{"@context":"https:\/\/schema.org","@graph":[{"@type":"WebPage","@id":"https:\/\/www.itakaescolapios.org\/es\/que-hacemos\/centros-socio-educativos\/sao-en-valencia-espana\/","url":"https:\/\/www.itakaescolapios.org\/es\/que-hacemos\/centros-socio-educativos\/sao-en-valencia-espana\/","name":"SA\u00d3 EN VALENCIA (ESPA\u00d1A) - Itaka-Escolapios","isPartOf":{"@id":"https:\/\/www.itakaescolapios.org\/es\/#website"},"primaryImageOfPage":{"@id":"https:\/\/www.itakaescolapios.org\/es\/que-hacemos\/centros-socio-educativos\/sao-en-valencia-espana\/#primaryimage"},"image":{"@id":"https:\/\/www.itakaescolapios.org\/es\/que-hacemos\/centros-socio-educativos\/sao-en-valencia-espana\/#primaryimage"},"thumbnailUrl":"https:\/\/www.itakaescolapios.org\/wp-content\/uploads\/2023\/03\/Sao.jpg","datePublished":"2023-03-08T16:10:45+00:00","dateModified":"2023-11-28T11:35:35+00:00","breadcrumb":{"@id":"https:\/\/www.itakaescolapios.org\/es\/que-hacemos\/centros-socio-educativos\/sao-en-valencia-espana\/#breadcrumb"},"inLanguage":"es","potentialAction":[{"@type":"ReadAction","target":["https:\/\/www.itakaescolapios.org\/es\/que-hacemos\/centros-socio-educativos\/sao-en-valencia-espana\/"]}]},{"@type":"ImageObject","inLanguage":"es","@id":"https:\/\/www.itakaescolapios.org\/es\/que-hacemos\/centros-socio-educativos\/sao-en-valencia-espana\/#primaryimage","url":"https:\/\/www.itakaescolapios.org\/wp-content\/uploads\/2023\/03\/Sao.jpg","contentUrl":"https:\/\/www.itakaescolapios.org\/wp-content\/uploads\/2023\/03\/Sao.jpg","width":1593,"height":610},{"@type":"BreadcrumbList","@id":"https:\/\/www.itakaescolapios.org\/es\/que-hacemos\/centros-socio-educativos\/sao-en-valencia-espana\/#breadcrumb","itemListElement":[{"@type":"ListItem","position":1,"name":"Portada","item":"https:\/\/www.itakaescolapios.org\/es\/"},{"@type":"ListItem","position":2,"name":"Qu\u00e9 hacemos","item":"https:\/\/www.itakaescolapios.org\/es\/que-hacemos\/"},{"@type":"ListItem","position":3,"name":"Centros Socio-Educativos","item":"https:\/\/www.itakaescolapios.org\/es\/que-hacemos\/centros-socio-educativos\/"},{"@type":"ListItem","position":4,"name":"SA\u00d3 EN VALENCIA (ESPA\u00d1A)"}]},{"@type":"WebSite","@id":"https:\/\/www.itakaescolapios.org\/es\/#website","url":"https:\/\/www.itakaescolapios.org\/es\/","name":"Itaka-Escolapios","description":"Red de Itaka-Escolapios","publisher":{"@id":"https:\/\/www.itakaescolapios.org\/es\/#organization"},"potentialAction":[{"@type":"SearchAction","target":{"@type":"EntryPoint","urlTemplate":"https:\/\/www.itakaescolapios.org\/es\/?s={search_term_string}"},"query-input":{"@type":"PropertyValueSpecification","valueRequired":true,"valueName":"search_term_string"}}],"inLanguage":"es"},{"@type":"Organization","@id":"https:\/\/www.itakaescolapios.org\/es\/#organization","name":"Fundaci\u00f3 Itaka-Escolapios","url":"https:\/\/www.itakaescolapios.org\/es\/","logo":{"@type":"ImageObject","inLanguage":"es","@id":"https:\/\/www.itakaescolapios.org\/es\/#\/schema\/logo\/image\/","url":"https:\/\/www.itakaescolapios.org\/wp-content\/uploads\/2024\/04\/Logo-itakaescolapios-peque.png","contentUrl":"https:\/\/www.itakaescolapios.org\/wp-content\/uploads\/2024\/04\/Logo-itakaescolapios-peque.png","width":500,"height":199,"caption":"Fundaci\u00f3 Itaka-Escolapios"},"image":{"@id":"https:\/\/www.itakaescolapios.org\/es\/#\/schema\/logo\/image\/"}}]}},"_links":{"self":[{"href":"https:\/\/www.itakaescolapios.org\/es\/wp-json\/wp\/v2\/pages\/40703","targetHints":{"allow":["GET"]}}],"collection":[{"href":"https:\/\/www.itakaescolapios.org\/es\/wp-json\/wp\/v2\/pages"}],"about":[{"href":"https:\/\/www.itakaescolapios.org\/es\/wp-json\/wp\/v2\/types\/page"}],"author":[{"embeddable":true,"href":"https:\/\/www.itakaescolapios.org\/es\/wp-json\/wp\/v2\/users\/1"}],"replies":[{"embeddable":true,"href":"https:\/\/www.itakaescolapios.org\/es\/wp-json\/wp\/v2\/comments?post=40703"}],"version-history":[{"count":15,"href":"https:\/\/www.itakaescolapios.org\/es\/wp-json\/wp\/v2\/pages\/40703\/revisions"}],"predecessor-version":[{"id":43674,"href":"https:\/\/www.itakaescolapios.org\/es\/wp-json\/wp\/v2\/pages\/40703\/revisions\/43674"}],"up":[{"embeddable":true,"href":"https:\/\/www.itakaescolapios.org\/es\/wp-json\/wp\/v2\/pages\/83"}],"wp:featuredmedia":[{"embeddable":true,"href":"https:\/\/www.itakaescolapios.org\/es\/wp-json\/wp\/v2\/media\/40711"}],"wp:attachment":[{"href":"https:\/\/www.itakaescolapios.org\/es\/wp-json\/wp\/v2\/media?parent=40703"}],"curies":[{"name":"wp","href":"https:\/\/api.w.org\/{rel}","templated":true}]}}