{"id":732,"date":"2012-06-14T12:02:24","date_gmt":"2012-06-14T11:02:24","guid":{"rendered":"https:\/\/www.itakaescolapios.org\/?page_id=732"},"modified":"2023-11-28T12:39:42","modified_gmt":"2023-11-28T11:39:42","slug":"haz-un-donativo","status":"publish","type":"page","link":"https:\/\/www.itakaescolapios.org\/es\/que-puedes-hacer-tu\/haz-un-donativo\/","title":{"rendered":"Haz un donativo"},"content":{"rendered":"<p lang=\"en-US\" style=\"text-align: left;\" align=\"CENTER\">Haz una donaci\u00f3n a la Fundaci\u00f3n Itaka-Escolapios y participa en el proceso de transformaci\u00f3n social que desarrolla a trav\u00e9s de la educaci\u00f3n.<\/p>\n<p lang=\"en-US\" style=\"text-align: left;\" align=\"CENTER\">Te ofrecemos varias posibilidades, elige aquella que te sea m\u00e1s c\u00f3moda.<\/p>\n<p>Puedes hacer una<span style=\"color: #888888;\"><strong> contribuci\u00f3n con tu tarjeta de cr\u00e9dito<\/strong> <\/span><strong><a title=\"tpv\" href=\"https:\/\/pasarela.itakaescolapios.org\/p\/donativo\/\">aqu\u00ed<\/a> <\/strong><\/p>\n<p lang=\"en-US\" style=\"text-align: center;\" align=\"CENTER\"><strong><a href=\"https:\/\/www.itakaescolapios.org\/tpv\/\" target=\"_blank\" rel=\"noopener noreferrer\"><img decoding=\"async\" class=\"wp-image-5759 alignleft\" title=\"imagesCA3TNB3X\" src=\"https:\/\/www.itakaescolapios.org\/wp-content\/uploads\/2012\/06\/imagesCA3TNB3X-90x90.jpg\" alt=\"\" width=\"90\" height=\"90\" \/><\/a><\/strong><\/p>\n<p>&nbsp;<\/p>\n<p>&nbsp;<\/p>\n<p>&nbsp;<\/p>\n<p>Haznos un donativo por medio de <strong>BIZUM <a href=\"https:\/\/www.itakaescolapios.org\/bizum\/\" target=\"_blank\" rel=\"noopener noreferrer\">aqu\u00ed<\/a><\/strong><\/p>\n<p><a href=\"https:\/\/www.itakaescolapios.org\/bizum\/\" target=\"_blank\" rel=\"noopener noreferrer\"><img decoding=\"async\" class=\"wp-image-30177 aligncenter\" src=\"https:\/\/www.itakaescolapios.org\/wp-content\/uploads\/2020\/03\/bizum-300x200.jpg\" alt=\"\" width=\"132\" height=\"88\" srcset=\"https:\/\/www.itakaescolapios.org\/wp-content\/uploads\/2020\/03\/bizum-300x200.jpg 300w, https:\/\/www.itakaescolapios.org\/wp-content\/uploads\/2020\/03\/bizum-250x167.jpg 250w, https:\/\/www.itakaescolapios.org\/wp-content\/uploads\/2020\/03\/bizum.jpg 600w\" sizes=\"(max-width: 132px) 100vw, 132px\" \/><\/a><\/p>\n<p lang=\"en-US\" style=\"text-align: left;\" align=\"CENTER\">Puedes hacernos una <strong>transferencia<\/strong> con tu aportaci\u00f3n en cualquiera de las siguientes cuentas:<\/p>\n<table style=\"height: 168px;\" width=\"525\">\n<tbody>\n<tr>\n<td width=\"131\">ENTIDAD<\/td>\n<td width=\"226\">CUENTA &#8211; IBAN<\/td>\n<td width=\"126\">SWIFT -BIC<\/td>\n<\/tr>\n<tr>\n<td width=\"131\">Fiare Banca \u00c9tica<\/td>\n<td width=\"226\">ES39 1550 0001 2500 04594222<\/td>\n<td width=\"126\">ETICES21XXX<\/td>\n<\/tr>\n<tr>\n<td width=\"131\">Caixabank<\/td>\n<td width=\"226\">ES69 2100 0732 24 0201043335<\/td>\n<td width=\"126\">CAIXESBBXXX<\/td>\n<\/tr>\n<tr>\n<td width=\"131\">Bankinter<\/td>\n<td width=\"226\">ES22 0128 0362 59 0100008641<\/td>\n<td width=\"126\">BKBKESMMXXX<\/td>\n<\/tr>\n<\/tbody>\n<\/table>\n<p>&nbsp;<\/p>\n<p>Si tienes alguna duda o quieres <strong>acogerte a los beneficios fiscales<\/strong> aplicables a tu donativo escribe un correo electr\u00f3nico a <a href=\"mailto:colabora@itakaescolapios.org\">colabora@itakaescolapios.org<\/a><\/p>\n<hr \/>\n<p>&nbsp;<\/p>\n<p><em>La Fundaci\u00f3n Itaka-Escolapios se encuentra incluida entre las entidades reguladas en los reg\u00edmenes fiscales de las diferentes haciendas del Estado espa\u00f1ol.\u00a0<\/em><\/p>\n<p>Para m\u00e1s informaci\u00f3n en funci\u00f3n de la hacienda en la que realices tu declaraci\u00f3n de la renta pincha en los enlaces siguientes:<\/p>\n<ul>\n<li><em><a href=\"https:\/\/www.itakaescolapios.org\/regimen-fiscal-agencia-tributaria\/\" target=\"_blank\" rel=\"noopener noreferrer\"><span style=\"color: #003300;\"><strong>AGENCIA TRIBUTARIA<\/strong><\/span><\/a>: Art\u00edculo 16 de la Ley 49\/2002, de 23 de diciembre, de r\u00e9gimen fiscal de las entidades<\/em> <em>sin fines lucrativos y de los incentivos fiscales al mecenazgo.<\/em><\/li>\n<li><em><a href=\"https:\/\/www.itakaescolapios.org\/regimen-fiscal-hacienda-de-araba\/\" target=\"_blank\" rel=\"noopener noreferrer\"><strong><span style=\"color: #003300;\">HACIENDA DE ARABA<\/span><\/strong><\/a>: <\/em><em>Art\u00edculo 4 de la Norma Foral 16\/2004, de 12 de julio, de R\u00e9gimen Fiscal de las<\/em> <em>Entidades sin fines lucrativos y de los Incentivos Fiscales al Mecenazgo del Territorio<\/em> <em>Hist\u00f3rico de Araba<\/em><\/li>\n<li><em><a href=\"https:\/\/www.itakaescolapios.org\/regimen-fiscal-hacienda-de-bizkaia\/\" target=\"_blank\" rel=\"noopener noreferrer\"><span style=\"color: #003300;\"><strong>HACIENDA DE BIZKAIA<\/strong><\/span><\/a>: Art\u00edculo 4 de la Norma Foral 4\/2019, de 20 de marzo, de R\u00e9gimen Fiscal de las<\/em> <em>Entidades sin fines lucrativos y de los Incentivos Fiscales al Mecenazgo del Territorio<\/em> <em>Hist\u00f3rico de Bizkaia.<\/em><\/li>\n<li><em><a href=\"https:\/\/www.itakaescolapios.org\/regimen-fiscal-hacienda-de-gipuzkoa\/\" target=\"_blank\" rel=\"noopener noreferrer\"><span style=\"color: #003300;\"><strong>HACIENDA DE GIPUZKOA<\/strong><\/span><\/a>: Art\u00edculo 4 de la Norma Foral 3\/2004, de 7 de abril, de r\u00e9gimen fiscal de las entidades<\/em> <em>sin fines lucrativos y de los incentivos fiscales al mecenazgo del Territorio Hist\u00f3rico<\/em> <em>de Gipuzkoa.<\/em><\/li>\n<li><em><a href=\"https:\/\/www.itakaescolapios.org\/regimen-fiscal-de-la-hacienda-navarra\/\" target=\"_blank\" rel=\"noopener noreferrer\"><strong><span style=\"color: #003300;\">HACIENDA DE NAVARRA<\/span><\/strong><\/a>: Disposici\u00f3n Adicional D\u00e9cima de la Ley Foral 10\/1996, de 2 de julio, reguladora del r\u00e9gimen tributario de las fundaciones y de las actividades de patrocinio de Navarra.<\/em><\/li>\n<\/ul>\n<p>&nbsp;<\/p>\n<p lang=\"en-US\" align=\"JUSTIFY\">\n<p><!--more--><\/p>\n","protected":false},"excerpt":{"rendered":"<p>Haz una donaci\u00f3n a la Fundaci\u00f3n Itaka-Escolapios y participa en el proceso de transformaci\u00f3n social que desarrolla a trav\u00e9s de la educaci\u00f3n. Te ofrecemos varias posibilidades, elige aquella que te [&hellip;]<\/p>\n","protected":false},"author":1,"featured_media":0,"parent":9,"menu_order":3,"comment_status":"closed","ping_status":"closed","template":"","meta":{"_et_pb_use_builder":"","_et_pb_old_content":"","_et_gb_content_width":"","footnotes":""},"class_list":["post-732","page","type-page","status-publish","hentry"],"yoast_head":"<!-- This site is optimized with the Yoast SEO plugin v27.3 - https:\/\/yoast.com\/product\/yoast-seo-wordpress\/ -->\n<title>Haz un donativo - Itaka-Escolapios<\/title>\n<meta name=\"robots\" content=\"index, follow, max-snippet:-1, max-image-preview:large, max-video-preview:-1\" \/>\n<link rel=\"canonical\" href=\"https:\/\/www.itakaescolapios.org\/es\/que-puedes-hacer-tu\/haz-un-donativo\/\" \/>\n<meta property=\"og:locale\" content=\"es_ES\" \/>\n<meta property=\"og:type\" content=\"article\" \/>\n<meta property=\"og:title\" content=\"Haz un donativo - Itaka-Escolapios\" \/>\n<meta property=\"og:description\" content=\"Haz una donaci\u00f3n a la Fundaci\u00f3n Itaka-Escolapios y participa en el proceso de transformaci\u00f3n social que desarrolla a trav\u00e9s de la educaci\u00f3n. Te ofrecemos varias posibilidades, elige aquella que te [&hellip;]\" \/>\n<meta property=\"og:url\" content=\"https:\/\/www.itakaescolapios.org\/es\/que-puedes-hacer-tu\/haz-un-donativo\/\" \/>\n<meta property=\"og:site_name\" content=\"Itaka-Escolapios\" \/>\n<meta property=\"article:modified_time\" content=\"2023-11-28T11:39:42+00:00\" \/>\n<meta property=\"og:image\" content=\"https:\/\/www.itakaescolapios.org\/wp-content\/uploads\/2012\/06\/imagesCA3TNB3X.jpg\" \/>\n\t<meta property=\"og:image:width\" content=\"221\" \/>\n\t<meta property=\"og:image:height\" content=\"228\" \/>\n\t<meta property=\"og:image:type\" content=\"image\/jpeg\" \/>\n<meta name=\"twitter:card\" content=\"summary_large_image\" \/>\n<meta name=\"twitter:label1\" content=\"Tiempo de lectura\" \/>\n\t<meta name=\"twitter:data1\" content=\"2 minutos\" \/>\n<script type=\"application\/ld+json\" class=\"yoast-schema-graph\">{\"@context\":\"https:\\\/\\\/schema.org\",\"@graph\":[{\"@type\":\"WebPage\",\"@id\":\"https:\\\/\\\/www.itakaescolapios.org\\\/es\\\/que-puedes-hacer-tu\\\/haz-un-donativo\\\/\",\"url\":\"https:\\\/\\\/www.itakaescolapios.org\\\/es\\\/que-puedes-hacer-tu\\\/haz-un-donativo\\\/\",\"name\":\"Haz un donativo - Itaka-Escolapios\",\"isPartOf\":{\"@id\":\"https:\\\/\\\/www.itakaescolapios.org\\\/es\\\/#website\"},\"primaryImageOfPage\":{\"@id\":\"https:\\\/\\\/www.itakaescolapios.org\\\/es\\\/que-puedes-hacer-tu\\\/haz-un-donativo\\\/#primaryimage\"},\"image\":{\"@id\":\"https:\\\/\\\/www.itakaescolapios.org\\\/es\\\/que-puedes-hacer-tu\\\/haz-un-donativo\\\/#primaryimage\"},\"thumbnailUrl\":\"https:\\\/\\\/www.itakaescolapios.org\\\/wp-content\\\/uploads\\\/2012\\\/06\\\/imagesCA3TNB3X-90x90.jpg\",\"datePublished\":\"2012-06-14T11:02:24+00:00\",\"dateModified\":\"2023-11-28T11:39:42+00:00\",\"breadcrumb\":{\"@id\":\"https:\\\/\\\/www.itakaescolapios.org\\\/es\\\/que-puedes-hacer-tu\\\/haz-un-donativo\\\/#breadcrumb\"},\"inLanguage\":\"es\",\"potentialAction\":[{\"@type\":\"ReadAction\",\"target\":[\"https:\\\/\\\/www.itakaescolapios.org\\\/es\\\/que-puedes-hacer-tu\\\/haz-un-donativo\\\/\"]}]},{\"@type\":\"ImageObject\",\"inLanguage\":\"es\",\"@id\":\"https:\\\/\\\/www.itakaescolapios.org\\\/es\\\/que-puedes-hacer-tu\\\/haz-un-donativo\\\/#primaryimage\",\"url\":\"https:\\\/\\\/www.itakaescolapios.org\\\/wp-content\\\/uploads\\\/2012\\\/06\\\/imagesCA3TNB3X-90x90.jpg\",\"contentUrl\":\"https:\\\/\\\/www.itakaescolapios.org\\\/wp-content\\\/uploads\\\/2012\\\/06\\\/imagesCA3TNB3X-90x90.jpg\"},{\"@type\":\"BreadcrumbList\",\"@id\":\"https:\\\/\\\/www.itakaescolapios.org\\\/es\\\/que-puedes-hacer-tu\\\/haz-un-donativo\\\/#breadcrumb\",\"itemListElement\":[{\"@type\":\"ListItem\",\"position\":1,\"name\":\"Portada\",\"item\":\"https:\\\/\\\/www.itakaescolapios.org\\\/es\\\/\"},{\"@type\":\"ListItem\",\"position\":2,\"name\":\"Qu\u00e9 puedes hacer t\u00fa\",\"item\":\"https:\\\/\\\/www.itakaescolapios.org\\\/es\\\/que-puedes-hacer-tu\\\/\"},{\"@type\":\"ListItem\",\"position\":3,\"name\":\"Haz un donativo\"}]},{\"@type\":\"WebSite\",\"@id\":\"https:\\\/\\\/www.itakaescolapios.org\\\/es\\\/#website\",\"url\":\"https:\\\/\\\/www.itakaescolapios.org\\\/es\\\/\",\"name\":\"Itaka-Escolapios\",\"description\":\"Red de Itaka-Escolapios\",\"publisher\":{\"@id\":\"https:\\\/\\\/www.itakaescolapios.org\\\/es\\\/#organization\"},\"potentialAction\":[{\"@type\":\"SearchAction\",\"target\":{\"@type\":\"EntryPoint\",\"urlTemplate\":\"https:\\\/\\\/www.itakaescolapios.org\\\/es\\\/?s={search_term_string}\"},\"query-input\":{\"@type\":\"PropertyValueSpecification\",\"valueRequired\":true,\"valueName\":\"search_term_string\"}}],\"inLanguage\":\"es\"},{\"@type\":\"Organization\",\"@id\":\"https:\\\/\\\/www.itakaescolapios.org\\\/es\\\/#organization\",\"name\":\"Fundaci\u00f3 Itaka-Escolapios\",\"url\":\"https:\\\/\\\/www.itakaescolapios.org\\\/es\\\/\",\"logo\":{\"@type\":\"ImageObject\",\"inLanguage\":\"es\",\"@id\":\"https:\\\/\\\/www.itakaescolapios.org\\\/es\\\/#\\\/schema\\\/logo\\\/image\\\/\",\"url\":\"https:\\\/\\\/www.itakaescolapios.org\\\/wp-content\\\/uploads\\\/2024\\\/04\\\/Logo-itakaescolapios-peque.png\",\"contentUrl\":\"https:\\\/\\\/www.itakaescolapios.org\\\/wp-content\\\/uploads\\\/2024\\\/04\\\/Logo-itakaescolapios-peque.png\",\"width\":500,\"height\":199,\"caption\":\"Fundaci\u00f3 Itaka-Escolapios\"},\"image\":{\"@id\":\"https:\\\/\\\/www.itakaescolapios.org\\\/es\\\/#\\\/schema\\\/logo\\\/image\\\/\"}}]}<\/script>\n<!-- \/ Yoast SEO plugin. -->","yoast_head_json":{"title":"Haz un donativo - Itaka-Escolapios","robots":{"index":"index","follow":"follow","max-snippet":"max-snippet:-1","max-image-preview":"max-image-preview:large","max-video-preview":"max-video-preview:-1"},"canonical":"https:\/\/www.itakaescolapios.org\/es\/que-puedes-hacer-tu\/haz-un-donativo\/","og_locale":"es_ES","og_type":"article","og_title":"Haz un donativo - Itaka-Escolapios","og_description":"Haz una donaci\u00f3n a la Fundaci\u00f3n Itaka-Escolapios y participa en el proceso de transformaci\u00f3n social que desarrolla a trav\u00e9s de la educaci\u00f3n. Te ofrecemos varias posibilidades, elige aquella que te [&hellip;]","og_url":"https:\/\/www.itakaescolapios.org\/es\/que-puedes-hacer-tu\/haz-un-donativo\/","og_site_name":"Itaka-Escolapios","article_modified_time":"2023-11-28T11:39:42+00:00","og_image":[{"width":221,"height":228,"url":"https:\/\/www.itakaescolapios.org\/wp-content\/uploads\/2012\/06\/imagesCA3TNB3X.jpg","type":"image\/jpeg"}],"twitter_card":"summary_large_image","twitter_misc":{"Tiempo de lectura":"2 minutos"},"schema":{"@context":"https:\/\/schema.org","@graph":[{"@type":"WebPage","@id":"https:\/\/www.itakaescolapios.org\/es\/que-puedes-hacer-tu\/haz-un-donativo\/","url":"https:\/\/www.itakaescolapios.org\/es\/que-puedes-hacer-tu\/haz-un-donativo\/","name":"Haz un donativo - Itaka-Escolapios","isPartOf":{"@id":"https:\/\/www.itakaescolapios.org\/es\/#website"},"primaryImageOfPage":{"@id":"https:\/\/www.itakaescolapios.org\/es\/que-puedes-hacer-tu\/haz-un-donativo\/#primaryimage"},"image":{"@id":"https:\/\/www.itakaescolapios.org\/es\/que-puedes-hacer-tu\/haz-un-donativo\/#primaryimage"},"thumbnailUrl":"https:\/\/www.itakaescolapios.org\/wp-content\/uploads\/2012\/06\/imagesCA3TNB3X-90x90.jpg","datePublished":"2012-06-14T11:02:24+00:00","dateModified":"2023-11-28T11:39:42+00:00","breadcrumb":{"@id":"https:\/\/www.itakaescolapios.org\/es\/que-puedes-hacer-tu\/haz-un-donativo\/#breadcrumb"},"inLanguage":"es","potentialAction":[{"@type":"ReadAction","target":["https:\/\/www.itakaescolapios.org\/es\/que-puedes-hacer-tu\/haz-un-donativo\/"]}]},{"@type":"ImageObject","inLanguage":"es","@id":"https:\/\/www.itakaescolapios.org\/es\/que-puedes-hacer-tu\/haz-un-donativo\/#primaryimage","url":"https:\/\/www.itakaescolapios.org\/wp-content\/uploads\/2012\/06\/imagesCA3TNB3X-90x90.jpg","contentUrl":"https:\/\/www.itakaescolapios.org\/wp-content\/uploads\/2012\/06\/imagesCA3TNB3X-90x90.jpg"},{"@type":"BreadcrumbList","@id":"https:\/\/www.itakaescolapios.org\/es\/que-puedes-hacer-tu\/haz-un-donativo\/#breadcrumb","itemListElement":[{"@type":"ListItem","position":1,"name":"Portada","item":"https:\/\/www.itakaescolapios.org\/es\/"},{"@type":"ListItem","position":2,"name":"Qu\u00e9 puedes hacer t\u00fa","item":"https:\/\/www.itakaescolapios.org\/es\/que-puedes-hacer-tu\/"},{"@type":"ListItem","position":3,"name":"Haz un donativo"}]},{"@type":"WebSite","@id":"https:\/\/www.itakaescolapios.org\/es\/#website","url":"https:\/\/www.itakaescolapios.org\/es\/","name":"Itaka-Escolapios","description":"Red de Itaka-Escolapios","publisher":{"@id":"https:\/\/www.itakaescolapios.org\/es\/#organization"},"potentialAction":[{"@type":"SearchAction","target":{"@type":"EntryPoint","urlTemplate":"https:\/\/www.itakaescolapios.org\/es\/?s={search_term_string}"},"query-input":{"@type":"PropertyValueSpecification","valueRequired":true,"valueName":"search_term_string"}}],"inLanguage":"es"},{"@type":"Organization","@id":"https:\/\/www.itakaescolapios.org\/es\/#organization","name":"Fundaci\u00f3 Itaka-Escolapios","url":"https:\/\/www.itakaescolapios.org\/es\/","logo":{"@type":"ImageObject","inLanguage":"es","@id":"https:\/\/www.itakaescolapios.org\/es\/#\/schema\/logo\/image\/","url":"https:\/\/www.itakaescolapios.org\/wp-content\/uploads\/2024\/04\/Logo-itakaescolapios-peque.png","contentUrl":"https:\/\/www.itakaescolapios.org\/wp-content\/uploads\/2024\/04\/Logo-itakaescolapios-peque.png","width":500,"height":199,"caption":"Fundaci\u00f3 Itaka-Escolapios"},"image":{"@id":"https:\/\/www.itakaescolapios.org\/es\/#\/schema\/logo\/image\/"}}]}},"_links":{"self":[{"href":"https:\/\/www.itakaescolapios.org\/es\/wp-json\/wp\/v2\/pages\/732","targetHints":{"allow":["GET"]}}],"collection":[{"href":"https:\/\/www.itakaescolapios.org\/es\/wp-json\/wp\/v2\/pages"}],"about":[{"href":"https:\/\/www.itakaescolapios.org\/es\/wp-json\/wp\/v2\/types\/page"}],"author":[{"embeddable":true,"href":"https:\/\/www.itakaescolapios.org\/es\/wp-json\/wp\/v2\/users\/1"}],"replies":[{"embeddable":true,"href":"https:\/\/www.itakaescolapios.org\/es\/wp-json\/wp\/v2\/comments?post=732"}],"version-history":[{"count":113,"href":"https:\/\/www.itakaescolapios.org\/es\/wp-json\/wp\/v2\/pages\/732\/revisions"}],"predecessor-version":[{"id":50131,"href":"https:\/\/www.itakaescolapios.org\/es\/wp-json\/wp\/v2\/pages\/732\/revisions\/50131"}],"up":[{"embeddable":true,"href":"https:\/\/www.itakaescolapios.org\/es\/wp-json\/wp\/v2\/pages\/9"}],"wp:attachment":[{"href":"https:\/\/www.itakaescolapios.org\/es\/wp-json\/wp\/v2\/media?parent=732"}],"curies":[{"name":"wp","href":"https:\/\/api.w.org\/{rel}","templated":true}]}}