{"id":736,"date":"2012-06-14T12:05:38","date_gmt":"2012-06-14T11:05:38","guid":{"rendered":"https:\/\/www.itakaescolapios.org\/?page_id=736"},"modified":"2023-11-28T12:39:42","modified_gmt":"2023-11-28T11:39:42","slug":"entidades-amigas","status":"publish","type":"page","link":"https:\/\/www.itakaescolapios.org\/es\/que-puedes-hacer-tu\/entidades-amigas\/","title":{"rendered":"Entidades amigas"},"content":{"rendered":"<p lang=\"en-US\" align=\"JUSTIFY\">A continuaci\u00f3n enumeramos una serie de instituciones p\u00fablicas, entidades privadas y colectivos que han colaborado con Itaka-Escolapios, el \u00faltimo curso. Queremos transmitirles un enorme y profundo agradecimiento, porque sin duda con su esfuerzo y confianza hacen posible que nuestros proyectos y acciones sigan adelante y vayan cada vez m\u00e1s lejos.<\/p>\n<p lang=\"en-US\" align=\"JUSTIFY\">Tambi\u00e9n queremos extender este agradecimiento a los centenares de personas individuales que, siendo voluntarias de Itaka-Escolapios, socias colaboradoras o con apoyos puntuales, han contribuido tambi\u00e9n a llevar adelante nuestra labor.<\/p>\n<p lang=\"en-US\" align=\"JUSTIFY\">Agradecemos tambi\u00e9n de forma especial a quienes en su condici\u00f3n de fundadores y patronos de Itaka-Escolapios apuestan y conf\u00edan en esta entidad como plataforma de solidaridad en la que compartir la misi\u00f3n escolapia:<\/p>\n<p lang=\"en-US\" align=\"JUSTIFY\">Por \u00faltimo no podemos dejar de agradecer a instituciones p\u00fablicas, privadas y empresariales que a\u00f1o a a\u00f1o conf\u00edan en el trabajo que desarrolla la Fundaci\u00f3n Itaka-Escolapios.<\/p>\n<p lang=\"en-US\" align=\"JUSTIFY\"><img decoding=\"async\" class=\"wp-image-30283 aligncenter\" src=\"https:\/\/www.itakaescolapios.org\/wp-content\/uploads\/2020\/03\/entidades-amigas-2018-2019-723x1024.jpg\" alt=\"\" width=\"500\" height=\"708\" srcset=\"https:\/\/www.itakaescolapios.org\/wp-content\/uploads\/2020\/03\/entidades-amigas-2018-2019-723x1024.jpg 723w, https:\/\/www.itakaescolapios.org\/wp-content\/uploads\/2020\/03\/entidades-amigas-2018-2019-212x300.jpg 212w, https:\/\/www.itakaescolapios.org\/wp-content\/uploads\/2020\/03\/entidades-amigas-2018-2019-768x1087.jpg 768w, https:\/\/www.itakaescolapios.org\/wp-content\/uploads\/2020\/03\/entidades-amigas-2018-2019-250x354.jpg 250w, https:\/\/www.itakaescolapios.org\/wp-content\/uploads\/2020\/03\/entidades-amigas-2018-2019.jpg 1059w\" sizes=\"(max-width: 500px) 100vw, 500px\" \/><\/p>\n<p><!--more--><\/p>\n","protected":false},"excerpt":{"rendered":"<p>A continuaci\u00f3n enumeramos una serie de instituciones p\u00fablicas, entidades privadas y colectivos que han colaborado con Itaka-Escolapios, el \u00faltimo curso. Queremos transmitirles un enorme y profundo agradecimiento, porque sin duda [&hellip;]<\/p>\n","protected":false},"author":1,"featured_media":0,"parent":9,"menu_order":5,"comment_status":"closed","ping_status":"closed","template":"","meta":{"_et_pb_use_builder":"","_et_pb_old_content":"","_et_gb_content_width":"","footnotes":""},"class_list":["post-736","page","type-page","status-publish","hentry"],"yoast_head":"<!-- This site is optimized with the Yoast SEO plugin v27.3 - https:\/\/yoast.com\/product\/yoast-seo-wordpress\/ -->\n<title>Entidades amigas - Itaka-Escolapios<\/title>\n<meta name=\"robots\" content=\"index, follow, max-snippet:-1, max-image-preview:large, max-video-preview:-1\" \/>\n<link rel=\"canonical\" href=\"https:\/\/www.itakaescolapios.org\/es\/que-puedes-hacer-tu\/entidades-amigas\/\" \/>\n<meta property=\"og:locale\" content=\"es_ES\" \/>\n<meta property=\"og:type\" content=\"article\" \/>\n<meta property=\"og:title\" content=\"Entidades amigas - Itaka-Escolapios\" \/>\n<meta property=\"og:description\" content=\"A continuaci\u00f3n enumeramos una serie de instituciones p\u00fablicas, entidades privadas y colectivos que han colaborado con Itaka-Escolapios, el \u00faltimo curso. Queremos transmitirles un enorme y profundo agradecimiento, porque sin duda [&hellip;]\" \/>\n<meta property=\"og:url\" content=\"https:\/\/www.itakaescolapios.org\/es\/que-puedes-hacer-tu\/entidades-amigas\/\" \/>\n<meta property=\"og:site_name\" content=\"Itaka-Escolapios\" \/>\n<meta property=\"article:modified_time\" content=\"2023-11-28T11:39:42+00:00\" \/>\n<meta property=\"og:image\" content=\"https:\/\/www.itakaescolapios.org\/wp-content\/uploads\/2020\/03\/entidades-amigas-2018-2019.jpg\" \/>\n\t<meta property=\"og:image:width\" content=\"1059\" \/>\n\t<meta property=\"og:image:height\" content=\"1500\" \/>\n\t<meta property=\"og:image:type\" content=\"image\/jpeg\" \/>\n<meta name=\"twitter:card\" content=\"summary_large_image\" \/>\n<meta name=\"twitter:label1\" content=\"Tiempo de lectura\" \/>\n\t<meta name=\"twitter:data1\" content=\"1 minuto\" \/>\n<script type=\"application\/ld+json\" class=\"yoast-schema-graph\">{\"@context\":\"https:\\\/\\\/schema.org\",\"@graph\":[{\"@type\":\"WebPage\",\"@id\":\"https:\\\/\\\/www.itakaescolapios.org\\\/es\\\/que-puedes-hacer-tu\\\/entidades-amigas\\\/\",\"url\":\"https:\\\/\\\/www.itakaescolapios.org\\\/es\\\/que-puedes-hacer-tu\\\/entidades-amigas\\\/\",\"name\":\"Entidades amigas - Itaka-Escolapios\",\"isPartOf\":{\"@id\":\"https:\\\/\\\/www.itakaescolapios.org\\\/es\\\/#website\"},\"primaryImageOfPage\":{\"@id\":\"https:\\\/\\\/www.itakaescolapios.org\\\/es\\\/que-puedes-hacer-tu\\\/entidades-amigas\\\/#primaryimage\"},\"image\":{\"@id\":\"https:\\\/\\\/www.itakaescolapios.org\\\/es\\\/que-puedes-hacer-tu\\\/entidades-amigas\\\/#primaryimage\"},\"thumbnailUrl\":\"https:\\\/\\\/www.itakaescolapios.org\\\/wp-content\\\/uploads\\\/2020\\\/03\\\/entidades-amigas-2018-2019-723x1024.jpg\",\"datePublished\":\"2012-06-14T11:05:38+00:00\",\"dateModified\":\"2023-11-28T11:39:42+00:00\",\"breadcrumb\":{\"@id\":\"https:\\\/\\\/www.itakaescolapios.org\\\/es\\\/que-puedes-hacer-tu\\\/entidades-amigas\\\/#breadcrumb\"},\"inLanguage\":\"es\",\"potentialAction\":[{\"@type\":\"ReadAction\",\"target\":[\"https:\\\/\\\/www.itakaescolapios.org\\\/es\\\/que-puedes-hacer-tu\\\/entidades-amigas\\\/\"]}]},{\"@type\":\"ImageObject\",\"inLanguage\":\"es\",\"@id\":\"https:\\\/\\\/www.itakaescolapios.org\\\/es\\\/que-puedes-hacer-tu\\\/entidades-amigas\\\/#primaryimage\",\"url\":\"https:\\\/\\\/www.itakaescolapios.org\\\/wp-content\\\/uploads\\\/2020\\\/03\\\/entidades-amigas-2018-2019-723x1024.jpg\",\"contentUrl\":\"https:\\\/\\\/www.itakaescolapios.org\\\/wp-content\\\/uploads\\\/2020\\\/03\\\/entidades-amigas-2018-2019-723x1024.jpg\"},{\"@type\":\"BreadcrumbList\",\"@id\":\"https:\\\/\\\/www.itakaescolapios.org\\\/es\\\/que-puedes-hacer-tu\\\/entidades-amigas\\\/#breadcrumb\",\"itemListElement\":[{\"@type\":\"ListItem\",\"position\":1,\"name\":\"Portada\",\"item\":\"https:\\\/\\\/www.itakaescolapios.org\\\/es\\\/\"},{\"@type\":\"ListItem\",\"position\":2,\"name\":\"Qu\u00e9 puedes hacer t\u00fa\",\"item\":\"https:\\\/\\\/www.itakaescolapios.org\\\/es\\\/que-puedes-hacer-tu\\\/\"},{\"@type\":\"ListItem\",\"position\":3,\"name\":\"Entidades amigas\"}]},{\"@type\":\"WebSite\",\"@id\":\"https:\\\/\\\/www.itakaescolapios.org\\\/es\\\/#website\",\"url\":\"https:\\\/\\\/www.itakaescolapios.org\\\/es\\\/\",\"name\":\"Itaka-Escolapios\",\"description\":\"Red de Itaka-Escolapios\",\"publisher\":{\"@id\":\"https:\\\/\\\/www.itakaescolapios.org\\\/es\\\/#organization\"},\"potentialAction\":[{\"@type\":\"SearchAction\",\"target\":{\"@type\":\"EntryPoint\",\"urlTemplate\":\"https:\\\/\\\/www.itakaescolapios.org\\\/es\\\/?s={search_term_string}\"},\"query-input\":{\"@type\":\"PropertyValueSpecification\",\"valueRequired\":true,\"valueName\":\"search_term_string\"}}],\"inLanguage\":\"es\"},{\"@type\":\"Organization\",\"@id\":\"https:\\\/\\\/www.itakaescolapios.org\\\/es\\\/#organization\",\"name\":\"Fundaci\u00f3 Itaka-Escolapios\",\"url\":\"https:\\\/\\\/www.itakaescolapios.org\\\/es\\\/\",\"logo\":{\"@type\":\"ImageObject\",\"inLanguage\":\"es\",\"@id\":\"https:\\\/\\\/www.itakaescolapios.org\\\/es\\\/#\\\/schema\\\/logo\\\/image\\\/\",\"url\":\"https:\\\/\\\/www.itakaescolapios.org\\\/wp-content\\\/uploads\\\/2024\\\/04\\\/Logo-itakaescolapios-peque.png\",\"contentUrl\":\"https:\\\/\\\/www.itakaescolapios.org\\\/wp-content\\\/uploads\\\/2024\\\/04\\\/Logo-itakaescolapios-peque.png\",\"width\":500,\"height\":199,\"caption\":\"Fundaci\u00f3 Itaka-Escolapios\"},\"image\":{\"@id\":\"https:\\\/\\\/www.itakaescolapios.org\\\/es\\\/#\\\/schema\\\/logo\\\/image\\\/\"}}]}<\/script>\n<!-- \/ Yoast SEO plugin. -->","yoast_head_json":{"title":"Entidades amigas - Itaka-Escolapios","robots":{"index":"index","follow":"follow","max-snippet":"max-snippet:-1","max-image-preview":"max-image-preview:large","max-video-preview":"max-video-preview:-1"},"canonical":"https:\/\/www.itakaescolapios.org\/es\/que-puedes-hacer-tu\/entidades-amigas\/","og_locale":"es_ES","og_type":"article","og_title":"Entidades amigas - Itaka-Escolapios","og_description":"A continuaci\u00f3n enumeramos una serie de instituciones p\u00fablicas, entidades privadas y colectivos que han colaborado con Itaka-Escolapios, el \u00faltimo curso. Queremos transmitirles un enorme y profundo agradecimiento, porque sin duda [&hellip;]","og_url":"https:\/\/www.itakaescolapios.org\/es\/que-puedes-hacer-tu\/entidades-amigas\/","og_site_name":"Itaka-Escolapios","article_modified_time":"2023-11-28T11:39:42+00:00","og_image":[{"width":1059,"height":1500,"url":"https:\/\/www.itakaescolapios.org\/wp-content\/uploads\/2020\/03\/entidades-amigas-2018-2019.jpg","type":"image\/jpeg"}],"twitter_card":"summary_large_image","twitter_misc":{"Tiempo de lectura":"1 minuto"},"schema":{"@context":"https:\/\/schema.org","@graph":[{"@type":"WebPage","@id":"https:\/\/www.itakaescolapios.org\/es\/que-puedes-hacer-tu\/entidades-amigas\/","url":"https:\/\/www.itakaescolapios.org\/es\/que-puedes-hacer-tu\/entidades-amigas\/","name":"Entidades amigas - Itaka-Escolapios","isPartOf":{"@id":"https:\/\/www.itakaescolapios.org\/es\/#website"},"primaryImageOfPage":{"@id":"https:\/\/www.itakaescolapios.org\/es\/que-puedes-hacer-tu\/entidades-amigas\/#primaryimage"},"image":{"@id":"https:\/\/www.itakaescolapios.org\/es\/que-puedes-hacer-tu\/entidades-amigas\/#primaryimage"},"thumbnailUrl":"https:\/\/www.itakaescolapios.org\/wp-content\/uploads\/2020\/03\/entidades-amigas-2018-2019-723x1024.jpg","datePublished":"2012-06-14T11:05:38+00:00","dateModified":"2023-11-28T11:39:42+00:00","breadcrumb":{"@id":"https:\/\/www.itakaescolapios.org\/es\/que-puedes-hacer-tu\/entidades-amigas\/#breadcrumb"},"inLanguage":"es","potentialAction":[{"@type":"ReadAction","target":["https:\/\/www.itakaescolapios.org\/es\/que-puedes-hacer-tu\/entidades-amigas\/"]}]},{"@type":"ImageObject","inLanguage":"es","@id":"https:\/\/www.itakaescolapios.org\/es\/que-puedes-hacer-tu\/entidades-amigas\/#primaryimage","url":"https:\/\/www.itakaescolapios.org\/wp-content\/uploads\/2020\/03\/entidades-amigas-2018-2019-723x1024.jpg","contentUrl":"https:\/\/www.itakaescolapios.org\/wp-content\/uploads\/2020\/03\/entidades-amigas-2018-2019-723x1024.jpg"},{"@type":"BreadcrumbList","@id":"https:\/\/www.itakaescolapios.org\/es\/que-puedes-hacer-tu\/entidades-amigas\/#breadcrumb","itemListElement":[{"@type":"ListItem","position":1,"name":"Portada","item":"https:\/\/www.itakaescolapios.org\/es\/"},{"@type":"ListItem","position":2,"name":"Qu\u00e9 puedes hacer t\u00fa","item":"https:\/\/www.itakaescolapios.org\/es\/que-puedes-hacer-tu\/"},{"@type":"ListItem","position":3,"name":"Entidades amigas"}]},{"@type":"WebSite","@id":"https:\/\/www.itakaescolapios.org\/es\/#website","url":"https:\/\/www.itakaescolapios.org\/es\/","name":"Itaka-Escolapios","description":"Red de Itaka-Escolapios","publisher":{"@id":"https:\/\/www.itakaescolapios.org\/es\/#organization"},"potentialAction":[{"@type":"SearchAction","target":{"@type":"EntryPoint","urlTemplate":"https:\/\/www.itakaescolapios.org\/es\/?s={search_term_string}"},"query-input":{"@type":"PropertyValueSpecification","valueRequired":true,"valueName":"search_term_string"}}],"inLanguage":"es"},{"@type":"Organization","@id":"https:\/\/www.itakaescolapios.org\/es\/#organization","name":"Fundaci\u00f3 Itaka-Escolapios","url":"https:\/\/www.itakaescolapios.org\/es\/","logo":{"@type":"ImageObject","inLanguage":"es","@id":"https:\/\/www.itakaescolapios.org\/es\/#\/schema\/logo\/image\/","url":"https:\/\/www.itakaescolapios.org\/wp-content\/uploads\/2024\/04\/Logo-itakaescolapios-peque.png","contentUrl":"https:\/\/www.itakaescolapios.org\/wp-content\/uploads\/2024\/04\/Logo-itakaescolapios-peque.png","width":500,"height":199,"caption":"Fundaci\u00f3 Itaka-Escolapios"},"image":{"@id":"https:\/\/www.itakaescolapios.org\/es\/#\/schema\/logo\/image\/"}}]}},"_links":{"self":[{"href":"https:\/\/www.itakaescolapios.org\/es\/wp-json\/wp\/v2\/pages\/736","targetHints":{"allow":["GET"]}}],"collection":[{"href":"https:\/\/www.itakaescolapios.org\/es\/wp-json\/wp\/v2\/pages"}],"about":[{"href":"https:\/\/www.itakaescolapios.org\/es\/wp-json\/wp\/v2\/types\/page"}],"author":[{"embeddable":true,"href":"https:\/\/www.itakaescolapios.org\/es\/wp-json\/wp\/v2\/users\/1"}],"replies":[{"embeddable":true,"href":"https:\/\/www.itakaescolapios.org\/es\/wp-json\/wp\/v2\/comments?post=736"}],"version-history":[{"count":187,"href":"https:\/\/www.itakaescolapios.org\/es\/wp-json\/wp\/v2\/pages\/736\/revisions"}],"predecessor-version":[{"id":328124,"href":"https:\/\/www.itakaescolapios.org\/es\/wp-json\/wp\/v2\/pages\/736\/revisions\/328124"}],"up":[{"embeddable":true,"href":"https:\/\/www.itakaescolapios.org\/es\/wp-json\/wp\/v2\/pages\/9"}],"wp:attachment":[{"href":"https:\/\/www.itakaescolapios.org\/es\/wp-json\/wp\/v2\/media?parent=736"}],"curies":[{"name":"wp","href":"https:\/\/api.w.org\/{rel}","templated":true}]}}