{"id":7565,"date":"2013-10-23T15:39:24","date_gmt":"2013-10-23T14:39:24","guid":{"rendered":"https:\/\/www.itakaescolapios.org\/?page_id=7565"},"modified":"2023-11-28T12:39:15","modified_gmt":"2023-11-28T11:39:15","slug":"superheroes-al-servicio-de-la-educacion","status":"publish","type":"page","link":"https:\/\/www.itakaescolapios.org\/es\/campanas\/estamos-por-ti-educamos-contigo\/superheroes-al-servicio-de-la-educacion\/","title":{"rendered":"SUPERH\u00c9ROES AL SERVICIO DE LA EDUCACI\u00d3N"},"content":{"rendered":"<p><img decoding=\"async\" class=\"alignleft  wp-image-7663\" alt=\"todos\" src=\"https:\/\/www.itakaescolapios.org\/wp-content\/uploads\/2013\/10\/todos-731x1024.jpg\" width=\"263\" height=\"368\" srcset=\"https:\/\/www.itakaescolapios.org\/wp-content\/uploads\/2013\/10\/todos-731x1024.jpg 731w, https:\/\/www.itakaescolapios.org\/wp-content\/uploads\/2013\/10\/todos-214x300.jpg 214w, https:\/\/www.itakaescolapios.org\/wp-content\/uploads\/2013\/10\/todos-250x350.jpg 250w, https:\/\/www.itakaescolapios.org\/wp-content\/uploads\/2013\/10\/todos.jpg 1071w\" sizes=\"(max-width: 263px) 100vw, 263px\" \/>\u201cLOS PORTI\u201d son una pandilla de 5 superh\u00e9roes que viajan alrededor del mundo en su mano voladora, para ense\u00f1ar a todos los ni\u00f1os y ni\u00f1as que las personas tenemos un poder dentro de nosotros, que debemos encontrarlo y ponerlo al servicio de los dem\u00e1s.<\/p>\n<p><em><span style=\"color: #000000;\"><strong><a href=\"https:\/\/www.itakaescolapios.org\/wp-content\/uploads\/2013\/10\/VOYAGE.pdf\" target=\"_blank\" rel=\"noopener\">VOYAGE<\/a>\u00a0<\/strong>(\u00abviaje\u00bb en franc\u00e9s)<\/span><\/em><strong><span style=\"color: #000000;\">\u00a0<\/span><\/strong>es la superh\u00e9roe aventurera, le encanta conocer diferentes lugares y hacer nuevos amigos. Tiene el poder de transmitir y denunciar todo lo ve a trav\u00e9s de su fotos, por eso siempre le acompa\u00f1a su c\u00e1mara. Cuando viaja participa de la vida de las ciudades, sus fiestas, tradiciones, habla con sus gentes\u2026 para as\u00ed poder contarlo.<\/p>\n<p><em><strong><span style=\"color: #000000;\"><a href=\"https:\/\/www.itakaescolapios.org\/wp-content\/uploads\/2013\/10\/ERRUKI.pdf\" target=\"_blank\" rel=\"noopener\">ERRUKI<\/a>\u00a0<\/span><\/strong><span style=\"color: #000000;\">(\u00abpiedad\u00bb en euskera) <\/span><\/em>es la superh\u00e9roe luminosa, cuando ve a alguien triste o preocupado es capaz de llenarle de esperanza. Su poder est\u00e1 en su farolillo ya que con \u00e9l puede poner luz d\u00f3nde hay oscuridad.<\/p>\n<p><em><strong><span style=\"color: #000000;\"><a href=\"https:\/\/www.itakaescolapios.org\/wp-content\/uploads\/2013\/10\/JOY.pdf\" target=\"_blank\" rel=\"noopener\">JOY<\/a>\u00a0<\/span><\/strong><span style=\"color: #000000;\">(\u00abalegr\u00eda\u00bb en ingl\u00e9s)<\/span><\/em><strong><span style=\"color: #000000;\">\u00a0<\/span><\/strong>es el superh\u00e9roe \u201cbuenrollero\u201d, siempre va con una gran sonrisa, transmitiendo alegr\u00eda. Para \u00e9l todo tiene un lado positivo. Le encanta jugar y ense\u00f1ar a la gente a divertirse. Tiene el poder de contagiar sonrisas.<\/p>\n<p><em><span style=\"color: #000000;\"><a href=\"https:\/\/www.itakaescolapios.org\/wp-content\/uploads\/2013\/10\/CAP.pdf\" target=\"_blank\" rel=\"noopener\">CAP<\/a>\u00a0(\u00abcabeza\u00bb en valenciano) <\/span>es el superh\u00e9roe m\u00e1s veterano, el sabio, el que ante cualquier duda todos acuden a \u00e9l, porque todo su conocimiento est\u00e1 al servicio de los dem\u00e1s. Es bajito con unas gafas grandes que tienen el poder de retener todo lo que observa y lee.<\/em><\/p>\n<p><strong><span style=\"color: #000000;\"><a href=\"https:\/\/www.itakaescolapios.org\/wp-content\/uploads\/2013\/10\/TROCCO.pdf\" target=\"_blank\" rel=\"noopener\">TROCO<\/a>\u00a0<\/span><\/strong><span style=\"color: #000000;\"><em>(\u00abcambio\u00bb en portugu\u00e9s)<\/em><\/span>\u00a0es el superh\u00e9roe m\u00e1s peque\u00f1o. El emp\u00e1tico que sabe ponerse en el lugar del otro. Su\u00a0 \u00a0poder est\u00e1 en sus o\u00eddos. Siempre va con su tel\u00e9fono de juguete para escuchar a todo aqu\u00e9l que quiera ser escuchado. Para \u00e9l, el saber escuchar le permite conocer y entender a los dem\u00e1s.<\/p>\n<p><strong><span style=\"color: #800080;\">KIT DE SUPERH\u00c9ROE<\/span><\/strong><\/p>\n<p>A continuaci\u00f3n puedes encontrar los elementos b\u00e1sicos para poder disfrazarte de superh\u00e9roe, y hacerte una foto junto a tus amigos y amigas, al igual que nuestros h\u00e9roes de la pandilla \u201cLOS PORTI\u201d. Disfr\u00e1zate, convi\u00e9rtete en VOYAGE, ERRUKI, JOY, CAP o TROCO porque todos tenemos un don que poner al servicio de los dem\u00e1s.<\/p>\n<ul>\n<li><a href=\"https:\/\/www.itakaescolapios.org\/wp-content\/uploads\/2013\/10\/Mano-para-recortar.pdf\" target=\"_blank\" rel=\"noopener\">Descargar plantilla de la mano voladora<\/a><\/li>\n<li><a href=\"https:\/\/www.itakaescolapios.org\/wp-content\/uploads\/2013\/10\/Antifaces.pdf\" target=\"_blank\" rel=\"noopener\">Descargar plantillas para hacer antifaces<\/a><\/li>\n<li><a href=\"https:\/\/www.itakaescolapios.org\/wp-content\/uploads\/2013\/10\/Como-hacer-una-capa-de-superheroe.pdf\" target=\"_blank\" rel=\"noopener\">Descargar archivo para hacer una capa de superh\u00e9roe<\/a><\/li>\n<li><a href=\"https:\/\/www.itakaescolapios.org\/wp-content\/uploads\/2013\/10\/Plantilla-para-hacer-una-capa-de-superheroe.pdf\" target=\"_blank\" rel=\"noopener\">Descargar plantilla para hacer una capa de superh\u00e9roe<\/a><\/li>\n<\/ul>\n<p><!--more--><\/p>\n","protected":false},"excerpt":{"rendered":"<p>\u201cLOS PORTI\u201d son una pandilla de 5 superh\u00e9roes que viajan alrededor del mundo en su mano voladora, para ense\u00f1ar a todos los ni\u00f1os y ni\u00f1as que las personas tenemos un [&hellip;]<\/p>\n","protected":false},"author":46,"featured_media":0,"parent":7545,"menu_order":5,"comment_status":"closed","ping_status":"closed","template":"","meta":{"_et_pb_use_builder":"","_et_pb_old_content":"","_et_gb_content_width":"","footnotes":""},"class_list":["post-7565","page","type-page","status-publish","hentry"],"yoast_head":"<!-- This site is optimized with the Yoast SEO plugin v27.3 - https:\/\/yoast.com\/product\/yoast-seo-wordpress\/ -->\n<title>SUPERH\u00c9ROES AL SERVICIO DE LA EDUCACI\u00d3N - Itaka-Escolapios<\/title>\n<meta name=\"robots\" content=\"index, follow, max-snippet:-1, max-image-preview:large, max-video-preview:-1\" \/>\n<link rel=\"canonical\" href=\"https:\/\/www.itakaescolapios.org\/es\/campanas\/estamos-por-ti-educamos-contigo\/superheroes-al-servicio-de-la-educacion\/\" \/>\n<meta property=\"og:locale\" content=\"es_ES\" \/>\n<meta property=\"og:type\" content=\"article\" \/>\n<meta property=\"og:title\" content=\"SUPERH\u00c9ROES AL SERVICIO DE LA EDUCACI\u00d3N - Itaka-Escolapios\" \/>\n<meta property=\"og:description\" content=\"\u201cLOS PORTI\u201d son una pandilla de 5 superh\u00e9roes que viajan alrededor del mundo en su mano voladora, para ense\u00f1ar a todos los ni\u00f1os y ni\u00f1as que las personas tenemos un [&hellip;]\" \/>\n<meta property=\"og:url\" content=\"https:\/\/www.itakaescolapios.org\/es\/campanas\/estamos-por-ti-educamos-contigo\/superheroes-al-servicio-de-la-educacion\/\" \/>\n<meta property=\"og:site_name\" content=\"Itaka-Escolapios\" \/>\n<meta property=\"article:modified_time\" content=\"2023-11-28T11:39:15+00:00\" \/>\n<meta property=\"og:image\" content=\"https:\/\/www.itakaescolapios.org\/wp-content\/uploads\/2013\/10\/todos.jpg\" \/>\n\t<meta property=\"og:image:width\" content=\"1071\" \/>\n\t<meta property=\"og:image:height\" content=\"1500\" \/>\n\t<meta property=\"og:image:type\" content=\"image\/jpeg\" \/>\n<meta name=\"twitter:card\" content=\"summary_large_image\" \/>\n<meta name=\"twitter:label1\" content=\"Tiempo de lectura\" \/>\n\t<meta name=\"twitter:data1\" content=\"2 minutos\" \/>\n<script type=\"application\/ld+json\" class=\"yoast-schema-graph\">{\"@context\":\"https:\\\/\\\/schema.org\",\"@graph\":[{\"@type\":\"WebPage\",\"@id\":\"https:\\\/\\\/www.itakaescolapios.org\\\/es\\\/campanas\\\/estamos-por-ti-educamos-contigo\\\/superheroes-al-servicio-de-la-educacion\\\/\",\"url\":\"https:\\\/\\\/www.itakaescolapios.org\\\/es\\\/campanas\\\/estamos-por-ti-educamos-contigo\\\/superheroes-al-servicio-de-la-educacion\\\/\",\"name\":\"SUPERH\u00c9ROES AL SERVICIO DE LA EDUCACI\u00d3N - Itaka-Escolapios\",\"isPartOf\":{\"@id\":\"https:\\\/\\\/www.itakaescolapios.org\\\/es\\\/#website\"},\"primaryImageOfPage\":{\"@id\":\"https:\\\/\\\/www.itakaescolapios.org\\\/es\\\/campanas\\\/estamos-por-ti-educamos-contigo\\\/superheroes-al-servicio-de-la-educacion\\\/#primaryimage\"},\"image\":{\"@id\":\"https:\\\/\\\/www.itakaescolapios.org\\\/es\\\/campanas\\\/estamos-por-ti-educamos-contigo\\\/superheroes-al-servicio-de-la-educacion\\\/#primaryimage\"},\"thumbnailUrl\":\"https:\\\/\\\/www.itakaescolapios.org\\\/wp-content\\\/uploads\\\/2013\\\/10\\\/todos-731x1024.jpg\",\"datePublished\":\"2013-10-23T14:39:24+00:00\",\"dateModified\":\"2023-11-28T11:39:15+00:00\",\"breadcrumb\":{\"@id\":\"https:\\\/\\\/www.itakaescolapios.org\\\/es\\\/campanas\\\/estamos-por-ti-educamos-contigo\\\/superheroes-al-servicio-de-la-educacion\\\/#breadcrumb\"},\"inLanguage\":\"es\",\"potentialAction\":[{\"@type\":\"ReadAction\",\"target\":[\"https:\\\/\\\/www.itakaescolapios.org\\\/es\\\/campanas\\\/estamos-por-ti-educamos-contigo\\\/superheroes-al-servicio-de-la-educacion\\\/\"]}]},{\"@type\":\"ImageObject\",\"inLanguage\":\"es\",\"@id\":\"https:\\\/\\\/www.itakaescolapios.org\\\/es\\\/campanas\\\/estamos-por-ti-educamos-contigo\\\/superheroes-al-servicio-de-la-educacion\\\/#primaryimage\",\"url\":\"https:\\\/\\\/www.itakaescolapios.org\\\/wp-content\\\/uploads\\\/2013\\\/10\\\/todos-731x1024.jpg\",\"contentUrl\":\"https:\\\/\\\/www.itakaescolapios.org\\\/wp-content\\\/uploads\\\/2013\\\/10\\\/todos-731x1024.jpg\"},{\"@type\":\"BreadcrumbList\",\"@id\":\"https:\\\/\\\/www.itakaescolapios.org\\\/es\\\/campanas\\\/estamos-por-ti-educamos-contigo\\\/superheroes-al-servicio-de-la-educacion\\\/#breadcrumb\",\"itemListElement\":[{\"@type\":\"ListItem\",\"position\":1,\"name\":\"Portada\",\"item\":\"https:\\\/\\\/www.itakaescolapios.org\\\/es\\\/\"},{\"@type\":\"ListItem\",\"position\":2,\"name\":\"Campa\u00f1as\",\"item\":\"https:\\\/\\\/www.itakaescolapios.org\\\/es\\\/campanas\\\/\"},{\"@type\":\"ListItem\",\"position\":3,\"name\":\"2013-2014 ESTAMOS POR TI, EDUCAMOS CONTIGO\",\"item\":\"https:\\\/\\\/www.itakaescolapios.org\\\/es\\\/campanas\\\/estamos-por-ti-educamos-contigo\\\/\"},{\"@type\":\"ListItem\",\"position\":4,\"name\":\"SUPERH\u00c9ROES AL SERVICIO DE LA EDUCACI\u00d3N\"}]},{\"@type\":\"WebSite\",\"@id\":\"https:\\\/\\\/www.itakaescolapios.org\\\/es\\\/#website\",\"url\":\"https:\\\/\\\/www.itakaescolapios.org\\\/es\\\/\",\"name\":\"Itaka-Escolapios\",\"description\":\"Red de Itaka-Escolapios\",\"publisher\":{\"@id\":\"https:\\\/\\\/www.itakaescolapios.org\\\/es\\\/#organization\"},\"potentialAction\":[{\"@type\":\"SearchAction\",\"target\":{\"@type\":\"EntryPoint\",\"urlTemplate\":\"https:\\\/\\\/www.itakaescolapios.org\\\/es\\\/?s={search_term_string}\"},\"query-input\":{\"@type\":\"PropertyValueSpecification\",\"valueRequired\":true,\"valueName\":\"search_term_string\"}}],\"inLanguage\":\"es\"},{\"@type\":\"Organization\",\"@id\":\"https:\\\/\\\/www.itakaescolapios.org\\\/es\\\/#organization\",\"name\":\"Fundaci\u00f3 Itaka-Escolapios\",\"url\":\"https:\\\/\\\/www.itakaescolapios.org\\\/es\\\/\",\"logo\":{\"@type\":\"ImageObject\",\"inLanguage\":\"es\",\"@id\":\"https:\\\/\\\/www.itakaescolapios.org\\\/es\\\/#\\\/schema\\\/logo\\\/image\\\/\",\"url\":\"https:\\\/\\\/www.itakaescolapios.org\\\/wp-content\\\/uploads\\\/2024\\\/04\\\/Logo-itakaescolapios-peque.png\",\"contentUrl\":\"https:\\\/\\\/www.itakaescolapios.org\\\/wp-content\\\/uploads\\\/2024\\\/04\\\/Logo-itakaescolapios-peque.png\",\"width\":500,\"height\":199,\"caption\":\"Fundaci\u00f3 Itaka-Escolapios\"},\"image\":{\"@id\":\"https:\\\/\\\/www.itakaescolapios.org\\\/es\\\/#\\\/schema\\\/logo\\\/image\\\/\"}}]}<\/script>\n<!-- \/ Yoast SEO plugin. -->","yoast_head_json":{"title":"SUPERH\u00c9ROES AL SERVICIO DE LA EDUCACI\u00d3N - Itaka-Escolapios","robots":{"index":"index","follow":"follow","max-snippet":"max-snippet:-1","max-image-preview":"max-image-preview:large","max-video-preview":"max-video-preview:-1"},"canonical":"https:\/\/www.itakaescolapios.org\/es\/campanas\/estamos-por-ti-educamos-contigo\/superheroes-al-servicio-de-la-educacion\/","og_locale":"es_ES","og_type":"article","og_title":"SUPERH\u00c9ROES AL SERVICIO DE LA EDUCACI\u00d3N - Itaka-Escolapios","og_description":"\u201cLOS PORTI\u201d son una pandilla de 5 superh\u00e9roes que viajan alrededor del mundo en su mano voladora, para ense\u00f1ar a todos los ni\u00f1os y ni\u00f1as que las personas tenemos un [&hellip;]","og_url":"https:\/\/www.itakaescolapios.org\/es\/campanas\/estamos-por-ti-educamos-contigo\/superheroes-al-servicio-de-la-educacion\/","og_site_name":"Itaka-Escolapios","article_modified_time":"2023-11-28T11:39:15+00:00","og_image":[{"width":1071,"height":1500,"url":"https:\/\/www.itakaescolapios.org\/wp-content\/uploads\/2013\/10\/todos.jpg","type":"image\/jpeg"}],"twitter_card":"summary_large_image","twitter_misc":{"Tiempo de lectura":"2 minutos"},"schema":{"@context":"https:\/\/schema.org","@graph":[{"@type":"WebPage","@id":"https:\/\/www.itakaescolapios.org\/es\/campanas\/estamos-por-ti-educamos-contigo\/superheroes-al-servicio-de-la-educacion\/","url":"https:\/\/www.itakaescolapios.org\/es\/campanas\/estamos-por-ti-educamos-contigo\/superheroes-al-servicio-de-la-educacion\/","name":"SUPERH\u00c9ROES AL SERVICIO DE LA EDUCACI\u00d3N - Itaka-Escolapios","isPartOf":{"@id":"https:\/\/www.itakaescolapios.org\/es\/#website"},"primaryImageOfPage":{"@id":"https:\/\/www.itakaescolapios.org\/es\/campanas\/estamos-por-ti-educamos-contigo\/superheroes-al-servicio-de-la-educacion\/#primaryimage"},"image":{"@id":"https:\/\/www.itakaescolapios.org\/es\/campanas\/estamos-por-ti-educamos-contigo\/superheroes-al-servicio-de-la-educacion\/#primaryimage"},"thumbnailUrl":"https:\/\/www.itakaescolapios.org\/wp-content\/uploads\/2013\/10\/todos-731x1024.jpg","datePublished":"2013-10-23T14:39:24+00:00","dateModified":"2023-11-28T11:39:15+00:00","breadcrumb":{"@id":"https:\/\/www.itakaescolapios.org\/es\/campanas\/estamos-por-ti-educamos-contigo\/superheroes-al-servicio-de-la-educacion\/#breadcrumb"},"inLanguage":"es","potentialAction":[{"@type":"ReadAction","target":["https:\/\/www.itakaescolapios.org\/es\/campanas\/estamos-por-ti-educamos-contigo\/superheroes-al-servicio-de-la-educacion\/"]}]},{"@type":"ImageObject","inLanguage":"es","@id":"https:\/\/www.itakaescolapios.org\/es\/campanas\/estamos-por-ti-educamos-contigo\/superheroes-al-servicio-de-la-educacion\/#primaryimage","url":"https:\/\/www.itakaescolapios.org\/wp-content\/uploads\/2013\/10\/todos-731x1024.jpg","contentUrl":"https:\/\/www.itakaescolapios.org\/wp-content\/uploads\/2013\/10\/todos-731x1024.jpg"},{"@type":"BreadcrumbList","@id":"https:\/\/www.itakaescolapios.org\/es\/campanas\/estamos-por-ti-educamos-contigo\/superheroes-al-servicio-de-la-educacion\/#breadcrumb","itemListElement":[{"@type":"ListItem","position":1,"name":"Portada","item":"https:\/\/www.itakaescolapios.org\/es\/"},{"@type":"ListItem","position":2,"name":"Campa\u00f1as","item":"https:\/\/www.itakaescolapios.org\/es\/campanas\/"},{"@type":"ListItem","position":3,"name":"2013-2014 ESTAMOS POR TI, EDUCAMOS CONTIGO","item":"https:\/\/www.itakaescolapios.org\/es\/campanas\/estamos-por-ti-educamos-contigo\/"},{"@type":"ListItem","position":4,"name":"SUPERH\u00c9ROES AL SERVICIO DE LA EDUCACI\u00d3N"}]},{"@type":"WebSite","@id":"https:\/\/www.itakaescolapios.org\/es\/#website","url":"https:\/\/www.itakaescolapios.org\/es\/","name":"Itaka-Escolapios","description":"Red de Itaka-Escolapios","publisher":{"@id":"https:\/\/www.itakaescolapios.org\/es\/#organization"},"potentialAction":[{"@type":"SearchAction","target":{"@type":"EntryPoint","urlTemplate":"https:\/\/www.itakaescolapios.org\/es\/?s={search_term_string}"},"query-input":{"@type":"PropertyValueSpecification","valueRequired":true,"valueName":"search_term_string"}}],"inLanguage":"es"},{"@type":"Organization","@id":"https:\/\/www.itakaescolapios.org\/es\/#organization","name":"Fundaci\u00f3 Itaka-Escolapios","url":"https:\/\/www.itakaescolapios.org\/es\/","logo":{"@type":"ImageObject","inLanguage":"es","@id":"https:\/\/www.itakaescolapios.org\/es\/#\/schema\/logo\/image\/","url":"https:\/\/www.itakaescolapios.org\/wp-content\/uploads\/2024\/04\/Logo-itakaescolapios-peque.png","contentUrl":"https:\/\/www.itakaescolapios.org\/wp-content\/uploads\/2024\/04\/Logo-itakaescolapios-peque.png","width":500,"height":199,"caption":"Fundaci\u00f3 Itaka-Escolapios"},"image":{"@id":"https:\/\/www.itakaescolapios.org\/es\/#\/schema\/logo\/image\/"}}]}},"_links":{"self":[{"href":"https:\/\/www.itakaescolapios.org\/es\/wp-json\/wp\/v2\/pages\/7565","targetHints":{"allow":["GET"]}}],"collection":[{"href":"https:\/\/www.itakaescolapios.org\/es\/wp-json\/wp\/v2\/pages"}],"about":[{"href":"https:\/\/www.itakaescolapios.org\/es\/wp-json\/wp\/v2\/types\/page"}],"author":[{"embeddable":true,"href":"https:\/\/www.itakaescolapios.org\/es\/wp-json\/wp\/v2\/users\/46"}],"replies":[{"embeddable":true,"href":"https:\/\/www.itakaescolapios.org\/es\/wp-json\/wp\/v2\/comments?post=7565"}],"version-history":[{"count":51,"href":"https:\/\/www.itakaescolapios.org\/es\/wp-json\/wp\/v2\/pages\/7565\/revisions"}],"predecessor-version":[{"id":49381,"href":"https:\/\/www.itakaescolapios.org\/es\/wp-json\/wp\/v2\/pages\/7565\/revisions\/49381"}],"up":[{"embeddable":true,"href":"https:\/\/www.itakaescolapios.org\/es\/wp-json\/wp\/v2\/pages\/7545"}],"wp:attachment":[{"href":"https:\/\/www.itakaescolapios.org\/es\/wp-json\/wp\/v2\/media?parent=7565"}],"curies":[{"name":"wp","href":"https:\/\/api.w.org\/{rel}","templated":true}]}}