{"id":10171,"date":"2014-10-13T14:15:31","date_gmt":"2014-10-13T13:15:31","guid":{"rendered":"https:\/\/www.itakaescolapios.org\/?page_id=10171"},"modified":"2023-11-28T12:38:57","modified_gmt":"2023-11-28T11:38:57","slug":"recordando-la-campana-estamos-por-ti-educamos-contigo","status":"publish","type":"page","link":"https:\/\/www.itakaescolapios.org\/eu\/campanas\/2014-2015-ven-y-veras-la-realidad-que-hay-detras\/recordando-la-campana-estamos-por-ti-educamos-contigo\/","title":{"rendered":"RECORDANDO LA CAMPA\u00d1A: \"ESTAMOS POR T\u00cd, EDUCAMOS CONTIGO\""},"content":{"rendered":"<p><a style=\"font-size: 14.4444446563721px;\" href=\"https:\/\/www.itakaescolapios.org\/wp-content\/uploads\/2014\/11\/cartel.jpg\"><img decoding=\"async\" class=\" wp-image-10524 alignleft\" alt=\"cartel\" src=\"https:\/\/www.itakaescolapios.org\/wp-content\/uploads\/2014\/11\/cartel-214x300.jpg\" width=\"171\" height=\"240\" srcset=\"https:\/\/www.itakaescolapios.org\/wp-content\/uploads\/2014\/11\/cartel-214x300.jpg 214w, https:\/\/www.itakaescolapios.org\/wp-content\/uploads\/2014\/11\/cartel-731x1024.jpg 731w, https:\/\/www.itakaescolapios.org\/wp-content\/uploads\/2014\/11\/cartel-250x349.jpg 250w, https:\/\/www.itakaescolapios.org\/wp-content\/uploads\/2014\/11\/cartel.jpg 1072w\" sizes=\"(max-width: 171px) 100vw, 171px\" \/><\/a>Por medio del lema\u00a0<b><i>Estamos por ti, educamos contigo<\/i><\/b><b><i>,<\/i><\/b>\u00a0quisimos hacer part\u00edcipe a toda la comunidad educativa de cada centro de la labor que llevamos a cabo en alguno de los pa\u00edses donde las Escuelas P\u00edas est\u00e1n presentes; mostrar a los chavales estas realidades educativas en las que trabajamos y, en especial, las personas que all\u00ed desarrollan su misi\u00f3n; y sobre todo animarles a descubrir su don, su\u00a0<i>\u201cpode<\/i>r\u201d, aquello que han desarrollado y pueden poner al servicio de los dem\u00e1s.<\/p>\n<p><span style=\"font-size: 14px; line-height: 1.5em;\">Para transmitir el mensaje de que todos somos capaces de lograr grandes avances en esta loable tarea, dise\u00f1amos una campa\u00f1a centrada en una pandilla de superh\u00e9roes,<\/span><i style=\"font-size: 14px; line-height: 1.5em;\">\u00a0<\/i><i style=\"font-size: 14px; line-height: 1.5em;\">los PORTI<\/i><span style=\"font-size: 14px; line-height: 1.5em;\">, dotados todos sus miembros de\u00a0<\/span><i style=\"font-size: 14px; line-height: 1.5em;\">superpoderes<\/i><span style=\"font-size: 14px; line-height: 1.5em;\">\u00a0tan valiosos como la empat\u00eda, la alegr\u00eda, el conocimiento, la piedad, y la denuncia.<\/span><\/p>\n<p>N\u00famero de colegios que impulsamos la campa\u00f1a de solidaridad (en Espa\u00f1a):<\/p>\n<p style=\"text-align: center;\"><img decoding=\"async\" class=\"size-medium wp-image-10531 aligncenter\" alt=\"Numero de colegios\" src=\"https:\/\/www.itakaescolapios.org\/wp-content\/uploads\/2014\/10\/Numero-de-colegios-300x185.png\" width=\"300\" height=\"185\" srcset=\"https:\/\/www.itakaescolapios.org\/wp-content\/uploads\/2014\/10\/Numero-de-colegios-300x185.png 300w, https:\/\/www.itakaescolapios.org\/wp-content\/uploads\/2014\/10\/Numero-de-colegios-250x154.png 250w, https:\/\/www.itakaescolapios.org\/wp-content\/uploads\/2014\/10\/Numero-de-colegios.png 608w\" sizes=\"(max-width: 300px) 100vw, 300px\" \/><\/p>\n<p><span style=\"font-size: 14px; line-height: 1.5em;\">Dinero recaudado para apoyar los proyectos educativos escolapios m\u00e1s necesitados econ\u00f3micamente:<\/span><\/p>\n<p style=\"text-align: center;\"><a href=\"https:\/\/www.itakaescolapios.org\/wp-content\/uploads\/2014\/10\/dinero-recaudado.png\"><img decoding=\"async\" class=\"size-medium wp-image-10534 aligncenter\" alt=\"dinero recaudado\" src=\"https:\/\/www.itakaescolapios.org\/wp-content\/uploads\/2014\/10\/dinero-recaudado-300x164.png\" width=\"300\" height=\"164\" srcset=\"https:\/\/www.itakaescolapios.org\/wp-content\/uploads\/2014\/10\/dinero-recaudado-300x164.png 300w, https:\/\/www.itakaescolapios.org\/wp-content\/uploads\/2014\/10\/dinero-recaudado-250x137.png 250w, https:\/\/www.itakaescolapios.org\/wp-content\/uploads\/2014\/10\/dinero-recaudado.png 675w\" sizes=\"(max-width: 300px) 100vw, 300px\" \/><\/a><\/p>\n<p><!--more--><\/p>\n","protected":false},"excerpt":{"rendered":"<p>Por medio del lema\u00a0Estamos por ti, educamos contigo,\u00a0quisimos hacer part\u00edcipe a toda la comunidad educativa de cada centro de la labor que llevamos a cabo en alguno de los pa\u00edses [&hellip;]<\/p>\n","protected":false},"author":46,"featured_media":0,"parent":10167,"menu_order":1,"comment_status":"closed","ping_status":"closed","template":"","meta":{"_et_pb_use_builder":"","_et_pb_old_content":"","_et_gb_content_width":"","footnotes":""},"class_list":["post-10171","page","type-page","status-publish","hentry"],"yoast_head":"<!-- This site is optimized with the Yoast SEO plugin v27.3 - https:\/\/yoast.com\/product\/yoast-seo-wordpress\/ -->\n<title>RECORDANDO LA CAMPA\u00d1A: &quot;ESTAMOS POR T\u00cd, EDUCAMOS CONTIGO&quot;<\/title>\n<meta name=\"description\" content=\"Por medio del lema\u00a0Estamos por ti, educamos contigo,\u00a0quisimos hacer part\u00edcipe a toda la comunidad educativa de cada centro de la labor que llevamos a cabo en alguno de los pa\u00edses donde las Escuelas P\u00edas est\u00e1n presentes; mostrar a los chavales estas realidades educativas en las que trabajamos y, en especial, las personas que all\u00ed desarrollan&hellip;\" \/>\n<meta name=\"robots\" content=\"index, follow, max-snippet:-1, max-image-preview:large, max-video-preview:-1\" \/>\n<link rel=\"canonical\" href=\"http:\/\/Por%20medio%20del%20lema\u00a0Estamos%20por%20ti,%20educamos%20contigo,\u00a0quisimos%20hacer%20part\u00edcipe%20a%20toda%20la%20comunidad%20educativa%20de%20cada%20centro%20de%20la%20labor%20que%20llevamos%20a%20cabo%20en%20alguno%20de%20los%20pa\u00edses%20donde%20las%20Escuelas%20P\u00edas%20est\u00e1n%20presentes;%20mostrar%20a%20los%20chavales%20estas%20realidades%20educativas%20en%20las%20que%20trabajamos%20y,%20en%20especial,%20las%20personas%20que%20all\u00ed%20desarrollan&hellip;\" \/>\n<meta property=\"og:locale\" content=\"en_US\" \/>\n<meta property=\"og:type\" content=\"article\" \/>\n<meta property=\"og:title\" content=\"RECORDANDO LA CAMPA\u00d1A: &quot;ESTAMOS POR T\u00cd, EDUCAMOS CONTIGO&quot;\" \/>\n<meta property=\"og:description\" content=\"Por medio del lema\u00a0Estamos por ti, educamos contigo,\u00a0quisimos hacer part\u00edcipe a toda la comunidad educativa de cada centro de la labor que llevamos a cabo en alguno de los pa\u00edses donde las Escuelas P\u00edas est\u00e1n presentes; mostrar a los chavales estas realidades educativas en las que trabajamos y, en especial, las personas que all\u00ed desarrollan&hellip;\" \/>\n<meta property=\"og:url\" content=\"https:\/\/www.itakaescolapios.org\/eu\/campanas\/2014-2015-ven-y-veras-la-realidad-que-hay-detras\/recordando-la-campana-estamos-por-ti-educamos-contigo\/\" \/>\n<meta property=\"og:site_name\" content=\"Itaka-Escolapios\" \/>\n<meta property=\"article:modified_time\" content=\"2023-11-28T11:38:57+00:00\" \/>\n<meta property=\"og:image\" content=\"https:\/\/www.itakaescolapios.org\/wp-content\/uploads\/2014\/11\/cartel.jpg\" \/>\n\t<meta property=\"og:image:width\" content=\"1072\" \/>\n\t<meta property=\"og:image:height\" content=\"1500\" \/>\n\t<meta property=\"og:image:type\" content=\"image\/jpeg\" \/>\n<meta name=\"twitter:card\" content=\"summary_large_image\" \/>\n<meta name=\"twitter:label1\" content=\"Est. reading time\" \/>\n\t<meta name=\"twitter:data1\" content=\"1 minutua\" \/>\n<script type=\"application\/ld+json\" class=\"yoast-schema-graph\">{\"@context\":\"https:\\\/\\\/schema.org\",\"@graph\":[{\"@type\":\"WebPage\",\"@id\":\"https:\\\/\\\/www.itakaescolapios.org\\\/eu\\\/campanas\\\/2014-2015-ven-y-veras-la-realidad-que-hay-detras\\\/recordando-la-campana-estamos-por-ti-educamos-contigo\\\/\",\"url\":\"https:\\\/\\\/www.itakaescolapios.org\\\/eu\\\/campanas\\\/2014-2015-ven-y-veras-la-realidad-que-hay-detras\\\/recordando-la-campana-estamos-por-ti-educamos-contigo\\\/\",\"name\":\"RECORDANDO LA CAMPA\u00d1A: \\\"ESTAMOS POR T\u00cd, EDUCAMOS CONTIGO\\\" - Itaka-Escolapios\",\"isPartOf\":{\"@id\":\"https:\\\/\\\/www.itakaescolapios.org\\\/es\\\/#website\"},\"primaryImageOfPage\":{\"@id\":\"https:\\\/\\\/www.itakaescolapios.org\\\/eu\\\/campanas\\\/2014-2015-ven-y-veras-la-realidad-que-hay-detras\\\/recordando-la-campana-estamos-por-ti-educamos-contigo\\\/#primaryimage\"},\"image\":{\"@id\":\"https:\\\/\\\/www.itakaescolapios.org\\\/eu\\\/campanas\\\/2014-2015-ven-y-veras-la-realidad-que-hay-detras\\\/recordando-la-campana-estamos-por-ti-educamos-contigo\\\/#primaryimage\"},\"thumbnailUrl\":\"https:\\\/\\\/www.itakaescolapios.org\\\/wp-content\\\/uploads\\\/2014\\\/11\\\/cartel-214x300.jpg\",\"datePublished\":\"2014-10-13T13:15:31+00:00\",\"dateModified\":\"2023-11-28T11:38:57+00:00\",\"breadcrumb\":{\"@id\":\"https:\\\/\\\/www.itakaescolapios.org\\\/eu\\\/campanas\\\/2014-2015-ven-y-veras-la-realidad-que-hay-detras\\\/recordando-la-campana-estamos-por-ti-educamos-contigo\\\/#breadcrumb\"},\"inLanguage\":\"eu\",\"potentialAction\":[{\"@type\":\"ReadAction\",\"target\":[\"https:\\\/\\\/www.itakaescolapios.org\\\/eu\\\/campanas\\\/2014-2015-ven-y-veras-la-realidad-que-hay-detras\\\/recordando-la-campana-estamos-por-ti-educamos-contigo\\\/\"]}]},{\"@type\":\"ImageObject\",\"inLanguage\":\"eu\",\"@id\":\"https:\\\/\\\/www.itakaescolapios.org\\\/eu\\\/campanas\\\/2014-2015-ven-y-veras-la-realidad-que-hay-detras\\\/recordando-la-campana-estamos-por-ti-educamos-contigo\\\/#primaryimage\",\"url\":\"https:\\\/\\\/www.itakaescolapios.org\\\/wp-content\\\/uploads\\\/2014\\\/11\\\/cartel-214x300.jpg\",\"contentUrl\":\"https:\\\/\\\/www.itakaescolapios.org\\\/wp-content\\\/uploads\\\/2014\\\/11\\\/cartel-214x300.jpg\"},{\"@type\":\"BreadcrumbList\",\"@id\":\"https:\\\/\\\/www.itakaescolapios.org\\\/eu\\\/campanas\\\/2014-2015-ven-y-veras-la-realidad-que-hay-detras\\\/recordando-la-campana-estamos-por-ti-educamos-contigo\\\/#breadcrumb\",\"itemListElement\":[{\"@type\":\"ListItem\",\"position\":1,\"name\":\"Itaka-Escolapios\",\"item\":\"https:\\\/\\\/www.itakaescolapios.org\\\/es\\\/\"},{\"@type\":\"ListItem\",\"position\":2,\"name\":\"Campa\u00f1as\",\"item\":\"https:\\\/\\\/www.itakaescolapios.org\\\/es\\\/campanas\\\/\"},{\"@type\":\"ListItem\",\"position\":3,\"name\":\"2014-2015 VEN y VER\u00c1S, LA REALIDAD QUE HAY DETR\u00c1S\",\"item\":\"https:\\\/\\\/www.itakaescolapios.org\\\/es\\\/campanas\\\/2014-2015-ven-y-veras-la-realidad-que-hay-detras\\\/\"},{\"@type\":\"ListItem\",\"position\":4,\"name\":\"RECORDANDO LA CAMPA\u00d1A: \\\"ESTAMOS POR T\u00cd, EDUCAMOS CONTIGO\\\"\"}]},{\"@type\":\"WebSite\",\"@id\":\"https:\\\/\\\/www.itakaescolapios.org\\\/eu\\\/es\\\/#website\",\"url\":\"https:\\\/\\\/www.itakaescolapios.org\\\/eu\\\/es\\\/\",\"name\":\"Itaka-Escolapios\",\"description\":\"Red de Itaka-Escolapios\",\"publisher\":{\"@id\":\"https:\\\/\\\/www.itakaescolapios.org\\\/eu\\\/es\\\/#organization\"},\"potentialAction\":[{\"@type\":\"SearchAction\",\"target\":{\"@type\":\"EntryPoint\",\"urlTemplate\":\"https:\\\/\\\/www.itakaescolapios.org\\\/eu\\\/es\\\/?s={search_term_string}\"},\"query-input\":{\"@type\":\"PropertyValueSpecification\",\"valueRequired\":true,\"valueName\":\"search_term_string\"}}],\"inLanguage\":\"eu\"},{\"@type\":\"Organization\",\"@id\":\"https:\\\/\\\/www.itakaescolapios.org\\\/eu\\\/es\\\/#organization\",\"name\":\"Fundaci\u00f3 Itaka-Escolapios\",\"url\":\"https:\\\/\\\/www.itakaescolapios.org\\\/eu\\\/es\\\/\",\"logo\":{\"@type\":\"ImageObject\",\"inLanguage\":\"eu\",\"@id\":\"https:\\\/\\\/www.itakaescolapios.org\\\/eu\\\/es\\\/#\\\/schema\\\/logo\\\/image\\\/\",\"url\":\"https:\\\/\\\/www.itakaescolapios.org\\\/wp-content\\\/uploads\\\/2024\\\/04\\\/Logo-itakaescolapios-peque.png\",\"contentUrl\":\"https:\\\/\\\/www.itakaescolapios.org\\\/wp-content\\\/uploads\\\/2024\\\/04\\\/Logo-itakaescolapios-peque.png\",\"width\":500,\"height\":199,\"caption\":\"Fundaci\u00f3 Itaka-Escolapios\"},\"image\":{\"@id\":\"https:\\\/\\\/www.itakaescolapios.org\\\/eu\\\/es\\\/#\\\/schema\\\/logo\\\/image\\\/\"}}]}<\/script>\n<!-- \/ Yoast SEO plugin. -->","yoast_head_json":{"title":"RECORDANDO LA CAMPA\u00d1A: \"ESTAMOS POR T\u00cd, EDUCAMOS CONTIGO\"","description":"Por medio del lema\u00a0Estamos por ti, educamos contigo,\u00a0quisimos hacer part\u00edcipe a toda la comunidad educativa de cada centro de la labor que llevamos a cabo en alguno de los pa\u00edses donde las Escuelas P\u00edas est\u00e1n presentes; mostrar a los chavales estas realidades educativas en las que trabajamos y, en especial, las personas que all\u00ed desarrollan&hellip;","robots":{"index":"index","follow":"follow","max-snippet":"max-snippet:-1","max-image-preview":"max-image-preview:large","max-video-preview":"max-video-preview:-1"},"canonical":"Por medio del lema\u00a0Estamos por ti, educamos contigo,\u00a0quisimos hacer part\u00edcipe a toda la comunidad educativa de cada centro de la labor que llevamos a cabo en alguno de los pa\u00edses donde las Escuelas P\u00edas est\u00e1n presentes; mostrar a los chavales estas realidades educativas en las que trabajamos y, en especial, las personas que all\u00ed desarrollan&hellip;","og_locale":"en_US","og_type":"article","og_title":"RECORDANDO LA CAMPA\u00d1A: \"ESTAMOS POR T\u00cd, EDUCAMOS CONTIGO\"","og_description":"Por medio del lema\u00a0Estamos por ti, educamos contigo,\u00a0quisimos hacer part\u00edcipe a toda la comunidad educativa de cada centro de la labor que llevamos a cabo en alguno de los pa\u00edses donde las Escuelas P\u00edas est\u00e1n presentes; mostrar a los chavales estas realidades educativas en las que trabajamos y, en especial, las personas que all\u00ed desarrollan&hellip;","og_url":"https:\/\/www.itakaescolapios.org\/eu\/campanas\/2014-2015-ven-y-veras-la-realidad-que-hay-detras\/recordando-la-campana-estamos-por-ti-educamos-contigo\/","og_site_name":"Itaka-Escolapios","article_modified_time":"2023-11-28T11:38:57+00:00","og_image":[{"width":1072,"height":1500,"url":"https:\/\/www.itakaescolapios.org\/wp-content\/uploads\/2014\/11\/cartel.jpg","type":"image\/jpeg"}],"twitter_card":"summary_large_image","twitter_misc":{"Est. reading time":"1 minutua"},"schema":{"@context":"https:\/\/schema.org","@graph":[{"@type":"WebPage","@id":"https:\/\/www.itakaescolapios.org\/eu\/campanas\/2014-2015-ven-y-veras-la-realidad-que-hay-detras\/recordando-la-campana-estamos-por-ti-educamos-contigo\/","url":"https:\/\/www.itakaescolapios.org\/eu\/campanas\/2014-2015-ven-y-veras-la-realidad-que-hay-detras\/recordando-la-campana-estamos-por-ti-educamos-contigo\/","name":"RECORDANDO LA CAMPA\u00d1A: \"ESTAMOS POR T\u00cd, EDUCAMOS CONTIGO\" - Itaka-Escolapios","isPartOf":{"@id":"https:\/\/www.itakaescolapios.org\/es\/#website"},"primaryImageOfPage":{"@id":"https:\/\/www.itakaescolapios.org\/eu\/campanas\/2014-2015-ven-y-veras-la-realidad-que-hay-detras\/recordando-la-campana-estamos-por-ti-educamos-contigo\/#primaryimage"},"image":{"@id":"https:\/\/www.itakaescolapios.org\/eu\/campanas\/2014-2015-ven-y-veras-la-realidad-que-hay-detras\/recordando-la-campana-estamos-por-ti-educamos-contigo\/#primaryimage"},"thumbnailUrl":"https:\/\/www.itakaescolapios.org\/wp-content\/uploads\/2014\/11\/cartel-214x300.jpg","datePublished":"2014-10-13T13:15:31+00:00","dateModified":"2023-11-28T11:38:57+00:00","breadcrumb":{"@id":"https:\/\/www.itakaescolapios.org\/eu\/campanas\/2014-2015-ven-y-veras-la-realidad-que-hay-detras\/recordando-la-campana-estamos-por-ti-educamos-contigo\/#breadcrumb"},"inLanguage":"eu","potentialAction":[{"@type":"ReadAction","target":["https:\/\/www.itakaescolapios.org\/eu\/campanas\/2014-2015-ven-y-veras-la-realidad-que-hay-detras\/recordando-la-campana-estamos-por-ti-educamos-contigo\/"]}]},{"@type":"ImageObject","inLanguage":"eu","@id":"https:\/\/www.itakaescolapios.org\/eu\/campanas\/2014-2015-ven-y-veras-la-realidad-que-hay-detras\/recordando-la-campana-estamos-por-ti-educamos-contigo\/#primaryimage","url":"https:\/\/www.itakaescolapios.org\/wp-content\/uploads\/2014\/11\/cartel-214x300.jpg","contentUrl":"https:\/\/www.itakaescolapios.org\/wp-content\/uploads\/2014\/11\/cartel-214x300.jpg"},{"@type":"BreadcrumbList","@id":"https:\/\/www.itakaescolapios.org\/eu\/campanas\/2014-2015-ven-y-veras-la-realidad-que-hay-detras\/recordando-la-campana-estamos-por-ti-educamos-contigo\/#breadcrumb","itemListElement":[{"@type":"ListItem","position":1,"name":"Itaka-Escolapios","item":"https:\/\/www.itakaescolapios.org\/es\/"},{"@type":"ListItem","position":2,"name":"Campa\u00f1as","item":"https:\/\/www.itakaescolapios.org\/es\/campanas\/"},{"@type":"ListItem","position":3,"name":"2014-2015 VEN y VER\u00c1S, LA REALIDAD QUE HAY DETR\u00c1S","item":"https:\/\/www.itakaescolapios.org\/es\/campanas\/2014-2015-ven-y-veras-la-realidad-que-hay-detras\/"},{"@type":"ListItem","position":4,"name":"RECORDANDO LA CAMPA\u00d1A: \"ESTAMOS POR T\u00cd, EDUCAMOS CONTIGO\""}]},{"@type":"WebSite","@id":"https:\/\/www.itakaescolapios.org\/eu\/es\/#website","url":"https:\/\/www.itakaescolapios.org\/eu\/es\/","name":"Itaka-Escolapios","description":"Red de Itaka-Escolapios","publisher":{"@id":"https:\/\/www.itakaescolapios.org\/eu\/es\/#organization"},"potentialAction":[{"@type":"SearchAction","target":{"@type":"EntryPoint","urlTemplate":"https:\/\/www.itakaescolapios.org\/eu\/es\/?s={search_term_string}"},"query-input":{"@type":"PropertyValueSpecification","valueRequired":true,"valueName":"search_term_string"}}],"inLanguage":"eu"},{"@type":"Organization","@id":"https:\/\/www.itakaescolapios.org\/eu\/es\/#organization","name":"Fundaci\u00f3 Itaka-Escolapios","url":"https:\/\/www.itakaescolapios.org\/eu\/es\/","logo":{"@type":"ImageObject","inLanguage":"eu","@id":"https:\/\/www.itakaescolapios.org\/eu\/es\/#\/schema\/logo\/image\/","url":"https:\/\/www.itakaescolapios.org\/wp-content\/uploads\/2024\/04\/Logo-itakaescolapios-peque.png","contentUrl":"https:\/\/www.itakaescolapios.org\/wp-content\/uploads\/2024\/04\/Logo-itakaescolapios-peque.png","width":500,"height":199,"caption":"Fundaci\u00f3 Itaka-Escolapios"},"image":{"@id":"https:\/\/www.itakaescolapios.org\/eu\/es\/#\/schema\/logo\/image\/"}}]}},"_links":{"self":[{"href":"https:\/\/www.itakaescolapios.org\/eu\/wp-json\/wp\/v2\/pages\/10171","targetHints":{"allow":["GET"]}}],"collection":[{"href":"https:\/\/www.itakaescolapios.org\/eu\/wp-json\/wp\/v2\/pages"}],"about":[{"href":"https:\/\/www.itakaescolapios.org\/eu\/wp-json\/wp\/v2\/types\/page"}],"author":[{"embeddable":true,"href":"https:\/\/www.itakaescolapios.org\/eu\/wp-json\/wp\/v2\/users\/46"}],"replies":[{"embeddable":true,"href":"https:\/\/www.itakaescolapios.org\/eu\/wp-json\/wp\/v2\/comments?post=10171"}],"version-history":[{"count":22,"href":"https:\/\/www.itakaescolapios.org\/eu\/wp-json\/wp\/v2\/pages\/10171\/revisions"}],"predecessor-version":[{"id":48991,"href":"https:\/\/www.itakaescolapios.org\/eu\/wp-json\/wp\/v2\/pages\/10171\/revisions\/48991"}],"up":[{"embeddable":true,"href":"https:\/\/www.itakaescolapios.org\/eu\/wp-json\/wp\/v2\/pages\/10167"}],"wp:attachment":[{"href":"https:\/\/www.itakaescolapios.org\/eu\/wp-json\/wp\/v2\/media?parent=10171"}],"curies":[{"name":"wp","href":"https:\/\/api.w.org\/{rel}","templated":true}]}}