{"id":13381,"date":"2015-10-22T13:16:24","date_gmt":"2015-10-22T12:16:24","guid":{"rendered":"https:\/\/www.itakaescolapios.org\/?page_id=13381"},"modified":"2023-11-28T12:38:36","modified_gmt":"2023-11-28T11:38:36","slug":"la-tripulacion-itaka-escolapios","status":"publish","type":"page","link":"https:\/\/www.itakaescolapios.org\/eu\/campanas\/2015-2016-al-encuentro-de-atambua\/la-tripulacion-itaka-escolapios\/","title":{"rendered":"LA TRIPULACI\u00d3N ITAKA-ESCOLAPIOS"},"content":{"rendered":"<p style=\"text-align: justify;\"><a href=\"https:\/\/www.itakaescolapios.org\/wp-content\/uploads\/2015\/10\/BARCO-COLOR-CON-FONDO.jpg\"><img decoding=\"async\" class=\"wp-image-13516 aligncenter\" alt=\"BARCO COLOR CON FONDO\" src=\"https:\/\/www.itakaescolapios.org\/wp-content\/uploads\/2015\/10\/BARCO-COLOR-CON-FONDO-1024x731.jpg\" width=\"505\" height=\"361\" srcset=\"https:\/\/www.itakaescolapios.org\/wp-content\/uploads\/2015\/10\/BARCO-COLOR-CON-FONDO-1024x731.jpg 1024w, https:\/\/www.itakaescolapios.org\/wp-content\/uploads\/2015\/10\/BARCO-COLOR-CON-FONDO-300x214.jpg 300w, https:\/\/www.itakaescolapios.org\/wp-content\/uploads\/2015\/10\/BARCO-COLOR-CON-FONDO-250x178.jpg 250w, https:\/\/www.itakaescolapios.org\/wp-content\/uploads\/2015\/10\/BARCO-COLOR-CON-FONDO.jpg 2000w\" sizes=\"(max-width: 505px) 100vw, 505px\" \/><\/a><\/p>\n<p style=\"text-align: justify;\">Somos un grupo de grumetes capitaneados por San Jos\u00e9 de Calasanz que\u00a0viajamos surcando los mares en nuestro barco de papel, descubriendo la realidad escolapia alrededor del mundo. Este a\u00f1o, nos hemos propuesto una gran aventura, viajar al encuentro\u00a0de Atamb\u00faa. Con nosotros descubrir\u00e1s \u00e9sta maravillosa ciudad de Indonesia a la que llegaron los Escolapios hace 2 a\u00f1os.<\/p>\n<p style=\"text-align: justify;\"><span style=\"color: #ff6600;\"><strong><a href=\"https:\/\/www.itakaescolapios.org\/wp-content\/uploads\/2015\/10\/CALASANZ.pdf\"><span style=\"color: #ff6600;\">CALASANZ<\/span><\/a>.<\/strong><\/span> Es el capit\u00e1n del barco, el m\u00e1ximo responsable de todo lo que sucede en la nave. Su empe\u00f1o: llenar de &#8220;Piedad y Letras&#8221; todos los rincones del mundo.<\/p>\n<p style=\"text-align: justify;\"><strong><span style=\"color: #ff6600;\"><a href=\"https:\/\/www.itakaescolapios.org\/wp-content\/uploads\/2015\/10\/LOOK.pdf\"><span style=\"color: #ff6600;\">LOOK<\/span><\/a><\/span><\/strong>,\u00a0asi\u00e1tico, es un gran conocedor\u00a0de Indonesia. Es el vig\u00eda del barco, el encargado de velar y avisar de cualquier peligro que pueda surgir. En el barco, se pasa el d\u00eda en la cofa (torre de vigilancia) desde donde observa las posibles amenazas y\u00a0avisa de la llegada a tierra o al destino.<\/p>\n<p style=\"text-align: justify;\"><strong><span style=\"color: #808080;\"><span style=\"color: #ff6600;\"><a href=\"https:\/\/www.itakaescolapios.org\/wp-content\/uploads\/2015\/11\/SUKAL.pdf\"><span style=\"color: #ff6600;\">SUKAL<\/span><\/a><\/span>,<\/span><\/strong> europeo, es el cocinero del barco y el mayor de los grumetes. Es el encargado de que todos y todas est\u00e9n bien alimentados. Le encanta sorprender con alimentos de diferentes pa\u00edses y probar todo tipo de ingredientes. Su lema es &#8220;hay que ponerle sal a la vida&#8221;.<\/p>\n<p style=\"text-align: justify;\"><span style=\"color: #808080;\"><strong><span style=\"color: #ff6600;\"><a href=\"https:\/\/www.itakaescolapios.org\/wp-content\/uploads\/2015\/11\/MARINE.pdf\"><span style=\"color: #ff6600;\">MARINE<\/span><\/a><\/span>,<\/strong><\/span> africana, pese a ser la m\u00e1s joven es la 1er oficial del barco. Es la que junto con el capit\u00e1n dirige la nave por mares y oc\u00e9anos. Tiene la habilidad de descifrar mapas, y un gran sentido de la orientaci\u00f3n, le llaman la peque\u00f1a GPS.<\/p>\n<p style=\"text-align: justify;\"><strong><span style=\"color: #808080;\"><span style=\"color: #ff6600;\"><a href=\"https:\/\/www.itakaescolapios.org\/wp-content\/uploads\/2015\/11\/BLA.pdf\"><span style=\"color: #ff6600;\">BLA<\/span><\/a><\/span>,<\/span><\/strong> centroamericana, es la telegrafista. Su misi\u00f3n, comunicar y difundir todo lo que ocurra. Si alg\u00fan barco se acerca, si se avecina tormenta, mandar un S.O.S, enviar telegramas a las familias para que sepan c\u00f3mo est\u00e1n\u2026 Una curiosidad, sabe hablar en morse.<\/p>\n<p style=\"text-align: justify;\"><span style=\"color: #808080;\"><strong><span style=\"color: #ff6600;\"><a href=\"https:\/\/www.itakaescolapios.org\/wp-content\/uploads\/2015\/11\/JIWA.pdf\"><span style=\"color: #ff6600;\">JIWA<\/span><\/a><\/span>,<\/strong><\/span> sudamericana, es la jefa de m\u00e1quinas. La responsable de mantener en funcionamiento todos los equipos mec\u00e1nicos del barco. Su pasi\u00f3n: montar, desmontar y arreglar todo lo que hay en el interior del barco.<\/p>\n<h3 style=\"text-align: justify;\"><span style=\"color: #333333;\">\u00bfTe unes a la aventura? \u00bfQuieres ser uno de nuestros grumetes? \u00a1S\u00fabete al barco!<\/span><b><\/b><\/h3>\n<p>A continuaci\u00f3n puedes encontrar los elementos b\u00e1sicos para convertirte en grumete de la tripulaci\u00f3n Itaka-Escolapios. Disfr\u00e1zate y s\u00fabete al barco. Juntos iremos al encuentro con Atamb\u00faa.<\/p>\n<table style=\"width: 613px; height: 254px;\" width=\"613\" border=\"1\" cellspacing=\"0\" cellpadding=\"0\">\n<tbody>\n<tr>\n<td rowspan=\"2\" width=\"75\"><span style=\"color: #808000;\"><strong>GRUMETE<\/strong><\/span><\/td>\n<td style=\"text-align: center;\" rowspan=\"2\" width=\"112\"><strong><span style=\"color: #333333;\">GORRO<\/span><\/strong><\/td>\n<td valign=\"top\" width=\"390\"><a href=\"http:\/\/www.disfrazcasero.com\/2012\/06\/gorro-de-marinero-de-papel-para-disfraz.html\">h<\/a><a href=\"http:\/\/www.disfrazcasero.com\/2012\/06\/gorro-de-marinero-de-papel-para-disfraz.html\">ttp:\/\/www.disfrazcasero.com\/2012\/06\/gorro-de-marinero-de-papel-para-disfraz.html<\/a><\/td>\n<\/tr>\n<tr>\n<td valign=\"top\" width=\"390\"><a href=\"https:\/\/www.youtube.com\/watch?v=mxNN51bOiIM\">https:\/\/www.youtube.com\/watch?v=mxNN51bOiIM<\/a><\/td>\n<\/tr>\n<tr>\n<td rowspan=\"4\" width=\"75\"><span style=\"color: #808000;\"><strong>LOOK<\/strong><\/span><\/td>\n<td style=\"text-align: center;\" rowspan=\"2\" width=\"112\"><span style=\"color: #333333;\"><strong>CATALEJO<\/strong><\/span><\/td>\n<td valign=\"top\" width=\"390\"><a href=\"http:\/\/www.dibujosparapintar.com\/manualidades_catalejo.html\">h<\/a><a href=\"http:\/\/www.dibujosparapintar.com\/manualidades_catalejo.html\">ttp:\/\/www.dibujosparapintar.com\/manualidades_catalejo.html<\/a><\/td>\n<\/tr>\n<tr>\n<td valign=\"top\" width=\"390\"><a href=\"http:\/\/manualidades.euroresidentes.com\/2013\/05\/como-hacer-un-catalejo-casero.html\">h<\/a><a href=\"http:\/\/manualidades.euroresidentes.com\/2013\/05\/como-hacer-un-catalejo-casero.html\">ttp:\/\/manualidades.euroresidentes.com\/2013\/05\/como-hacer-un-catalejo-casero.html<\/a><\/td>\n<\/tr>\n<tr>\n<td style=\"text-align: center;\" rowspan=\"2\" width=\"112\"><strong><span style=\"color: #333333;\">CALEIDOSCOPIO<\/span><\/strong><\/td>\n<td valign=\"top\" width=\"390\"><a href=\"https:\/\/www.youtube.com\/watch?v=Vj1wNMPTSEM\">https:\/\/www.youtube.com\/watch?v=Vj1wNMPTSEM<\/a><\/td>\n<\/tr>\n<tr>\n<td valign=\"top\" width=\"390\"><a href=\"https:\/\/www.youtube.com\/watch?v=oVyuSDSB0A8\">https:\/\/www.youtube.com\/watch?v=oVyuSDSB0A8<\/a><\/td>\n<\/tr>\n<tr>\n<td width=\"75\"><strong><span style=\"color: #808000;\">MARINE<\/span><\/strong><\/td>\n<td style=\"text-align: center;\" width=\"112\"><strong><span style=\"color: #333333;\">TIM\u00d3N \u00a0 DE BARCO<\/span><\/strong><\/td>\n<td valign=\"top\" width=\"390\"><a href=\"http:\/\/www.aventurasencasa.com\/recursos\/timon\">http:\/\/www.aventurasencasa.com\/recursos\/timon<\/a><\/td>\n<\/tr>\n<tr>\n<td rowspan=\"2\" width=\"75\"><strong><span style=\"color: #808000;\">SUKAL<\/span><\/strong><\/td>\n<td style=\"text-align: center;\" rowspan=\"2\" width=\"112\"><strong><span style=\"color: #333333;\">GORRO \u00a0 DE CHEF<\/span><\/strong><\/td>\n<td valign=\"top\" width=\"390\"><a href=\"http:\/\/www.guiademanualidades.com\/sombrero-de-chef-para-ninos-26745.htm\">http:\/\/www.guiademanualidades.com\/sombrero-de-chef-para-ninos-26745.htm<\/a><\/td>\n<\/tr>\n<tr>\n<td valign=\"top\" width=\"390\"><a href=\"https:\/\/www.youtube.com\/watch?v=oVyuSDSB0A8\">https:\/\/www.youtube.com\/watch?v=oVyuSDSB0A8<\/a><\/td>\n<\/tr>\n<tr>\n<td rowspan=\"2\" width=\"75\"><strong><span style=\"color: #808000;\">BLA<\/span><\/strong><\/td>\n<td style=\"text-align: center;\" rowspan=\"2\" width=\"112\"><strong><span style=\"color: #333333;\">DISPOSITIVO \u00a0 MORSE<\/span><\/strong><\/td>\n<td valign=\"top\" width=\"390\"><a href=\"https:\/\/es.answers.yahoo.com\/question\/index?qid=20080929194250AAz9soV\">https:\/\/es.answers.yahoo.com\/question\/index?qid=20080929194250AAz9soV<\/a><\/td>\n<\/tr>\n<tr>\n<td valign=\"top\" width=\"390\"><a href=\"http:\/\/www.ehowenespanol.com\/construir-manipulador-practicar-codigo-morse-como_194702\/\">http:\/\/www.ehowenespanol.com\/construir-manipulador-practicar-codigo-morse-como_194702\/<\/a><\/td>\n<\/tr>\n<tr>\n<td width=\"75\"><strong><span style=\"color: #808000;\">JIWA<\/span><\/strong><\/td>\n<td style=\"text-align: center;\" width=\"112\"><strong><span style=\"color: #333333;\">HERRAMIENTAS<\/span><\/strong><\/td>\n<td valign=\"top\" width=\"390\"><a href=\"https:\/\/www.itakaescolapios.org\/wp-content\/uploads\/2015\/10\/Herramientas.pdf\">HERRAMIENTAS<\/a><\/td>\n<\/tr>\n<\/tbody>\n<\/table>\n<p><!--more--><\/p>\n","protected":false},"excerpt":{"rendered":"<p>Somos un grupo de grumetes capitaneados por San Jos\u00e9 de Calasanz que\u00a0viajamos surcando los mares en nuestro barco de papel, descubriendo la realidad escolapia alrededor del mundo. Este a\u00f1o, nos [&hellip;]<\/p>\n","protected":false},"author":46,"featured_media":0,"parent":13298,"menu_order":4,"comment_status":"closed","ping_status":"closed","template":"","meta":{"_et_pb_use_builder":"","_et_pb_old_content":"","_et_gb_content_width":"","footnotes":""},"class_list":["post-13381","page","type-page","status-publish","hentry"],"yoast_head":"<!-- This site is optimized with the Yoast SEO plugin v27.4 - https:\/\/yoast.com\/product\/yoast-seo-wordpress\/ -->\n<title>LA TRIPULACI\u00d3N ITAKA-ESCOLAPIOS<\/title>\n<meta name=\"description\" content=\"Somos un grupo de grumetes capitaneados por San Jos\u00e9 de Calasanz que\u00a0viajamos surcando los mares en nuestro barco de papel, descubriendo la realidad escolapia alrededor del mundo. Este a\u00f1o, nos hemos propuesto una gran aventura, viajar al encuentro\u00a0de Atamb\u00faa. Con nosotros descubrir\u00e1s \u00e9sta maravillosa ciudad de Indonesia a la que llegaron los Escolapios hace 2&hellip;\" \/>\n<meta name=\"robots\" content=\"index, follow, max-snippet:-1, max-image-preview:large, max-video-preview:-1\" \/>\n<link rel=\"canonical\" href=\"http:\/\/Somos%20un%20grupo%20de%20grumetes%20capitaneados%20por%20San%20Jos\u00e9%20de%20Calasanz%20que\u00a0viajamos%20surcando%20los%20mares%20en%20nuestro%20barco%20de%20papel,%20descubriendo%20la%20realidad%20escolapia%20alrededor%20del%20mundo.%20Este%20a\u00f1o,%20nos%20hemos%20propuesto%20una%20gran%20aventura,%20viajar%20al%20encuentro\u00a0de%20Atamb\u00faa.%20Con%20nosotros%20descubrir\u00e1s%20\u00e9sta%20maravillosa%20ciudad%20de%20Indonesia%20a%20la%20que%20llegaron%20los%20Escolapios%20hace%202&hellip;\" \/>\n<meta property=\"og:locale\" content=\"en_US\" \/>\n<meta property=\"og:type\" content=\"article\" \/>\n<meta property=\"og:title\" content=\"LA TRIPULACI\u00d3N ITAKA-ESCOLAPIOS\" \/>\n<meta property=\"og:description\" content=\"Somos un grupo de grumetes capitaneados por San Jos\u00e9 de Calasanz que\u00a0viajamos surcando los mares en nuestro barco de papel, descubriendo la realidad escolapia alrededor del mundo. Este a\u00f1o, nos hemos propuesto una gran aventura, viajar al encuentro\u00a0de Atamb\u00faa. Con nosotros descubrir\u00e1s \u00e9sta maravillosa ciudad de Indonesia a la que llegaron los Escolapios hace 2&hellip;\" \/>\n<meta property=\"og:url\" content=\"https:\/\/www.itakaescolapios.org\/eu\/campanas\/2015-2016-al-encuentro-de-atambua\/la-tripulacion-itaka-escolapios\/\" \/>\n<meta property=\"og:site_name\" content=\"Itaka-Escolapios\" \/>\n<meta property=\"article:modified_time\" content=\"2023-11-28T11:38:36+00:00\" \/>\n<meta property=\"og:image\" content=\"https:\/\/www.itakaescolapios.org\/wp-content\/uploads\/2015\/10\/BARCO-COLOR-CON-FONDO.jpg\" \/>\n\t<meta property=\"og:image:width\" content=\"2000\" \/>\n\t<meta property=\"og:image:height\" content=\"1429\" \/>\n\t<meta property=\"og:image:type\" content=\"image\/jpeg\" \/>\n<meta name=\"twitter:card\" content=\"summary_large_image\" \/>\n<meta name=\"twitter:label1\" content=\"Est. reading time\" \/>\n\t<meta name=\"twitter:data1\" content=\"2 minutua\" \/>\n<script type=\"application\/ld+json\" class=\"yoast-schema-graph\">{\"@context\":\"https:\\\/\\\/schema.org\",\"@graph\":[{\"@type\":\"WebPage\",\"@id\":\"https:\\\/\\\/www.itakaescolapios.org\\\/eu\\\/campanas\\\/2015-2016-al-encuentro-de-atambua\\\/la-tripulacion-itaka-escolapios\\\/\",\"url\":\"https:\\\/\\\/www.itakaescolapios.org\\\/eu\\\/campanas\\\/2015-2016-al-encuentro-de-atambua\\\/la-tripulacion-itaka-escolapios\\\/\",\"name\":\"LA TRIPULACI\u00d3N ITAKA-ESCOLAPIOS - Itaka-Escolapios\",\"isPartOf\":{\"@id\":\"https:\\\/\\\/www.itakaescolapios.org\\\/es\\\/#website\"},\"primaryImageOfPage\":{\"@id\":\"https:\\\/\\\/www.itakaescolapios.org\\\/eu\\\/campanas\\\/2015-2016-al-encuentro-de-atambua\\\/la-tripulacion-itaka-escolapios\\\/#primaryimage\"},\"image\":{\"@id\":\"https:\\\/\\\/www.itakaescolapios.org\\\/eu\\\/campanas\\\/2015-2016-al-encuentro-de-atambua\\\/la-tripulacion-itaka-escolapios\\\/#primaryimage\"},\"thumbnailUrl\":\"https:\\\/\\\/www.itakaescolapios.org\\\/wp-content\\\/uploads\\\/2015\\\/10\\\/BARCO-COLOR-CON-FONDO-1024x731.jpg\",\"datePublished\":\"2015-10-22T12:16:24+00:00\",\"dateModified\":\"2023-11-28T11:38:36+00:00\",\"breadcrumb\":{\"@id\":\"https:\\\/\\\/www.itakaescolapios.org\\\/eu\\\/campanas\\\/2015-2016-al-encuentro-de-atambua\\\/la-tripulacion-itaka-escolapios\\\/#breadcrumb\"},\"inLanguage\":\"eu\",\"potentialAction\":[{\"@type\":\"ReadAction\",\"target\":[\"https:\\\/\\\/www.itakaescolapios.org\\\/eu\\\/campanas\\\/2015-2016-al-encuentro-de-atambua\\\/la-tripulacion-itaka-escolapios\\\/\"]}]},{\"@type\":\"ImageObject\",\"inLanguage\":\"eu\",\"@id\":\"https:\\\/\\\/www.itakaescolapios.org\\\/eu\\\/campanas\\\/2015-2016-al-encuentro-de-atambua\\\/la-tripulacion-itaka-escolapios\\\/#primaryimage\",\"url\":\"https:\\\/\\\/www.itakaescolapios.org\\\/wp-content\\\/uploads\\\/2015\\\/10\\\/BARCO-COLOR-CON-FONDO-1024x731.jpg\",\"contentUrl\":\"https:\\\/\\\/www.itakaescolapios.org\\\/wp-content\\\/uploads\\\/2015\\\/10\\\/BARCO-COLOR-CON-FONDO-1024x731.jpg\"},{\"@type\":\"BreadcrumbList\",\"@id\":\"https:\\\/\\\/www.itakaescolapios.org\\\/eu\\\/campanas\\\/2015-2016-al-encuentro-de-atambua\\\/la-tripulacion-itaka-escolapios\\\/#breadcrumb\",\"itemListElement\":[{\"@type\":\"ListItem\",\"position\":1,\"name\":\"Itaka-Escolapios\",\"item\":\"https:\\\/\\\/www.itakaescolapios.org\\\/es\\\/\"},{\"@type\":\"ListItem\",\"position\":2,\"name\":\"Campa\u00f1as\",\"item\":\"https:\\\/\\\/www.itakaescolapios.org\\\/es\\\/campanas\\\/\"},{\"@type\":\"ListItem\",\"position\":3,\"name\":\"2015-2016 AL ENCUENTRO CON ATAMB\u00daA\",\"item\":\"https:\\\/\\\/www.itakaescolapios.org\\\/es\\\/campanas\\\/2015-2016-al-encuentro-de-atambua\\\/\"},{\"@type\":\"ListItem\",\"position\":4,\"name\":\"LA TRIPULACI\u00d3N ITAKA-ESCOLAPIOS\"}]},{\"@type\":\"WebSite\",\"@id\":\"https:\\\/\\\/www.itakaescolapios.org\\\/eu\\\/es\\\/#website\",\"url\":\"https:\\\/\\\/www.itakaescolapios.org\\\/eu\\\/es\\\/\",\"name\":\"Itaka-Escolapios\",\"description\":\"Red de Itaka-Escolapios\",\"publisher\":{\"@id\":\"https:\\\/\\\/www.itakaescolapios.org\\\/eu\\\/es\\\/#organization\"},\"potentialAction\":[{\"@type\":\"SearchAction\",\"target\":{\"@type\":\"EntryPoint\",\"urlTemplate\":\"https:\\\/\\\/www.itakaescolapios.org\\\/eu\\\/es\\\/?s={search_term_string}\"},\"query-input\":{\"@type\":\"PropertyValueSpecification\",\"valueRequired\":true,\"valueName\":\"search_term_string\"}}],\"inLanguage\":\"eu\"},{\"@type\":\"Organization\",\"@id\":\"https:\\\/\\\/www.itakaescolapios.org\\\/eu\\\/es\\\/#organization\",\"name\":\"Fundaci\u00f3 Itaka-Escolapios\",\"url\":\"https:\\\/\\\/www.itakaescolapios.org\\\/eu\\\/es\\\/\",\"logo\":{\"@type\":\"ImageObject\",\"inLanguage\":\"eu\",\"@id\":\"https:\\\/\\\/www.itakaescolapios.org\\\/eu\\\/es\\\/#\\\/schema\\\/logo\\\/image\\\/\",\"url\":\"https:\\\/\\\/www.itakaescolapios.org\\\/wp-content\\\/uploads\\\/2024\\\/04\\\/Logo-itakaescolapios-peque.png\",\"contentUrl\":\"https:\\\/\\\/www.itakaescolapios.org\\\/wp-content\\\/uploads\\\/2024\\\/04\\\/Logo-itakaescolapios-peque.png\",\"width\":500,\"height\":199,\"caption\":\"Fundaci\u00f3 Itaka-Escolapios\"},\"image\":{\"@id\":\"https:\\\/\\\/www.itakaescolapios.org\\\/eu\\\/es\\\/#\\\/schema\\\/logo\\\/image\\\/\"}}]}<\/script>\n<!-- \/ Yoast SEO plugin. -->","yoast_head_json":{"title":"LA TRIPULACI\u00d3N ITAKA-ESCOLAPIOS","description":"Somos un grupo de grumetes capitaneados por San Jos\u00e9 de Calasanz que\u00a0viajamos surcando los mares en nuestro barco de papel, descubriendo la realidad escolapia alrededor del mundo. Este a\u00f1o, nos hemos propuesto una gran aventura, viajar al encuentro\u00a0de Atamb\u00faa. Con nosotros descubrir\u00e1s \u00e9sta maravillosa ciudad de Indonesia a la que llegaron los Escolapios hace 2&hellip;","robots":{"index":"index","follow":"follow","max-snippet":"max-snippet:-1","max-image-preview":"max-image-preview:large","max-video-preview":"max-video-preview:-1"},"canonical":"Somos un grupo de grumetes capitaneados por San Jos\u00e9 de Calasanz que\u00a0viajamos surcando los mares en nuestro barco de papel, descubriendo la realidad escolapia alrededor del mundo. Este a\u00f1o, nos hemos propuesto una gran aventura, viajar al encuentro\u00a0de Atamb\u00faa. Con nosotros descubrir\u00e1s \u00e9sta maravillosa ciudad de Indonesia a la que llegaron los Escolapios hace 2&hellip;","og_locale":"en_US","og_type":"article","og_title":"LA TRIPULACI\u00d3N ITAKA-ESCOLAPIOS","og_description":"Somos un grupo de grumetes capitaneados por San Jos\u00e9 de Calasanz que\u00a0viajamos surcando los mares en nuestro barco de papel, descubriendo la realidad escolapia alrededor del mundo. Este a\u00f1o, nos hemos propuesto una gran aventura, viajar al encuentro\u00a0de Atamb\u00faa. Con nosotros descubrir\u00e1s \u00e9sta maravillosa ciudad de Indonesia a la que llegaron los Escolapios hace 2&hellip;","og_url":"https:\/\/www.itakaescolapios.org\/eu\/campanas\/2015-2016-al-encuentro-de-atambua\/la-tripulacion-itaka-escolapios\/","og_site_name":"Itaka-Escolapios","article_modified_time":"2023-11-28T11:38:36+00:00","og_image":[{"width":2000,"height":1429,"url":"https:\/\/www.itakaescolapios.org\/wp-content\/uploads\/2015\/10\/BARCO-COLOR-CON-FONDO.jpg","type":"image\/jpeg"}],"twitter_card":"summary_large_image","twitter_misc":{"Est. reading time":"2 minutua"},"schema":{"@context":"https:\/\/schema.org","@graph":[{"@type":"WebPage","@id":"https:\/\/www.itakaescolapios.org\/eu\/campanas\/2015-2016-al-encuentro-de-atambua\/la-tripulacion-itaka-escolapios\/","url":"https:\/\/www.itakaescolapios.org\/eu\/campanas\/2015-2016-al-encuentro-de-atambua\/la-tripulacion-itaka-escolapios\/","name":"LA TRIPULACI\u00d3N ITAKA-ESCOLAPIOS - Itaka-Escolapios","isPartOf":{"@id":"https:\/\/www.itakaescolapios.org\/es\/#website"},"primaryImageOfPage":{"@id":"https:\/\/www.itakaescolapios.org\/eu\/campanas\/2015-2016-al-encuentro-de-atambua\/la-tripulacion-itaka-escolapios\/#primaryimage"},"image":{"@id":"https:\/\/www.itakaescolapios.org\/eu\/campanas\/2015-2016-al-encuentro-de-atambua\/la-tripulacion-itaka-escolapios\/#primaryimage"},"thumbnailUrl":"https:\/\/www.itakaescolapios.org\/wp-content\/uploads\/2015\/10\/BARCO-COLOR-CON-FONDO-1024x731.jpg","datePublished":"2015-10-22T12:16:24+00:00","dateModified":"2023-11-28T11:38:36+00:00","breadcrumb":{"@id":"https:\/\/www.itakaescolapios.org\/eu\/campanas\/2015-2016-al-encuentro-de-atambua\/la-tripulacion-itaka-escolapios\/#breadcrumb"},"inLanguage":"eu","potentialAction":[{"@type":"ReadAction","target":["https:\/\/www.itakaescolapios.org\/eu\/campanas\/2015-2016-al-encuentro-de-atambua\/la-tripulacion-itaka-escolapios\/"]}]},{"@type":"ImageObject","inLanguage":"eu","@id":"https:\/\/www.itakaescolapios.org\/eu\/campanas\/2015-2016-al-encuentro-de-atambua\/la-tripulacion-itaka-escolapios\/#primaryimage","url":"https:\/\/www.itakaescolapios.org\/wp-content\/uploads\/2015\/10\/BARCO-COLOR-CON-FONDO-1024x731.jpg","contentUrl":"https:\/\/www.itakaescolapios.org\/wp-content\/uploads\/2015\/10\/BARCO-COLOR-CON-FONDO-1024x731.jpg"},{"@type":"BreadcrumbList","@id":"https:\/\/www.itakaescolapios.org\/eu\/campanas\/2015-2016-al-encuentro-de-atambua\/la-tripulacion-itaka-escolapios\/#breadcrumb","itemListElement":[{"@type":"ListItem","position":1,"name":"Itaka-Escolapios","item":"https:\/\/www.itakaescolapios.org\/es\/"},{"@type":"ListItem","position":2,"name":"Campa\u00f1as","item":"https:\/\/www.itakaescolapios.org\/es\/campanas\/"},{"@type":"ListItem","position":3,"name":"2015-2016 AL ENCUENTRO CON ATAMB\u00daA","item":"https:\/\/www.itakaescolapios.org\/es\/campanas\/2015-2016-al-encuentro-de-atambua\/"},{"@type":"ListItem","position":4,"name":"LA TRIPULACI\u00d3N ITAKA-ESCOLAPIOS"}]},{"@type":"WebSite","@id":"https:\/\/www.itakaescolapios.org\/eu\/es\/#website","url":"https:\/\/www.itakaescolapios.org\/eu\/es\/","name":"Itaka-Escolapios","description":"Red de Itaka-Escolapios","publisher":{"@id":"https:\/\/www.itakaescolapios.org\/eu\/es\/#organization"},"potentialAction":[{"@type":"SearchAction","target":{"@type":"EntryPoint","urlTemplate":"https:\/\/www.itakaescolapios.org\/eu\/es\/?s={search_term_string}"},"query-input":{"@type":"PropertyValueSpecification","valueRequired":true,"valueName":"search_term_string"}}],"inLanguage":"eu"},{"@type":"Organization","@id":"https:\/\/www.itakaescolapios.org\/eu\/es\/#organization","name":"Fundaci\u00f3 Itaka-Escolapios","url":"https:\/\/www.itakaescolapios.org\/eu\/es\/","logo":{"@type":"ImageObject","inLanguage":"eu","@id":"https:\/\/www.itakaescolapios.org\/eu\/es\/#\/schema\/logo\/image\/","url":"https:\/\/www.itakaescolapios.org\/wp-content\/uploads\/2024\/04\/Logo-itakaescolapios-peque.png","contentUrl":"https:\/\/www.itakaescolapios.org\/wp-content\/uploads\/2024\/04\/Logo-itakaescolapios-peque.png","width":500,"height":199,"caption":"Fundaci\u00f3 Itaka-Escolapios"},"image":{"@id":"https:\/\/www.itakaescolapios.org\/eu\/es\/#\/schema\/logo\/image\/"}}]}},"_links":{"self":[{"href":"https:\/\/www.itakaescolapios.org\/eu\/wp-json\/wp\/v2\/pages\/13381","targetHints":{"allow":["GET"]}}],"collection":[{"href":"https:\/\/www.itakaescolapios.org\/eu\/wp-json\/wp\/v2\/pages"}],"about":[{"href":"https:\/\/www.itakaescolapios.org\/eu\/wp-json\/wp\/v2\/types\/page"}],"author":[{"embeddable":true,"href":"https:\/\/www.itakaescolapios.org\/eu\/wp-json\/wp\/v2\/users\/46"}],"replies":[{"embeddable":true,"href":"https:\/\/www.itakaescolapios.org\/eu\/wp-json\/wp\/v2\/comments?post=13381"}],"version-history":[{"count":37,"href":"https:\/\/www.itakaescolapios.org\/eu\/wp-json\/wp\/v2\/pages\/13381\/revisions"}],"predecessor-version":[{"id":48580,"href":"https:\/\/www.itakaescolapios.org\/eu\/wp-json\/wp\/v2\/pages\/13381\/revisions\/48580"}],"up":[{"embeddable":true,"href":"https:\/\/www.itakaescolapios.org\/eu\/wp-json\/wp\/v2\/pages\/13298"}],"wp:attachment":[{"href":"https:\/\/www.itakaescolapios.org\/eu\/wp-json\/wp\/v2\/media?parent=13381"}],"curies":[{"name":"wp","href":"https:\/\/api.w.org\/{rel}","templated":true}]}}