{"id":13556,"date":"2015-11-03T16:46:49","date_gmt":"2015-11-03T15:46:49","guid":{"rendered":"https:\/\/www.itakaescolapios.org\/?page_id=13556"},"modified":"2023-11-28T12:38:35","modified_gmt":"2023-11-28T11:38:35","slug":"certamen-de-baile-tebe","status":"publish","type":"page","link":"https:\/\/www.itakaescolapios.org\/eu\/certamen-de-baile-tebe\/","title":{"rendered":"CERTAMEN DE BAILE TEBE"},"content":{"rendered":"<ul>\n<li>\n<p style=\"text-align: center;\"><a href=\"https:\/\/www.itakaescolapios.org\/wp-content\/uploads\/2015\/11\/baile_original.jpg\"><img decoding=\"async\" class=\" wp-image-13674 aligncenter\" alt=\"baile_original\" src=\"https:\/\/www.itakaescolapios.org\/wp-content\/uploads\/2015\/11\/baile_original.jpg\" width=\"504\" height=\"319\" srcset=\"https:\/\/www.itakaescolapios.org\/wp-content\/uploads\/2015\/11\/baile_original.jpg 800w, https:\/\/www.itakaescolapios.org\/wp-content\/uploads\/2015\/11\/baile_original-300x189.jpg 300w, https:\/\/www.itakaescolapios.org\/wp-content\/uploads\/2015\/11\/baile_original-250x158.jpg 250w\" sizes=\"(max-width: 504px) 100vw, 504px\" \/><\/a><\/p>\n<p style=\"text-align: justify;\">\u00bfCu\u00e1l es el baile tradicional del lugar en el que vives? El aurresku, el bikutsi, el bafut, la cueca, la diablada, el tinku, la jota, las sevillanas,\u2026 En Atamb\u00faa, donde los escolapios van a construir el Asrama, los ni\u00f1os y ni\u00f1as bailan EL TEBE. Es un baile tradicional de Timor, isla en la que se encuentra la ciudad de Atamb\u00faa. La Tripulaci\u00f3n de Itaka-Escolapios, nos propone en esta actividad la participaci\u00f3n en el 1er Certamen Internacional de Baile Tebe. A continuaci\u00f3n te ponemos dos enlaces a sendos videos, uno de los ni\u00f1os y ni\u00f1as que acuden a las actividades de educaci\u00f3n no formal de Itaka-Escolapios en Atamb\u00faa y el otro de un grupo de Indonesia.<\/p>\n<p style=\"text-align: center;\" align=\"center\"><strong><span style=\"color: #808000;\"><a href=\"https:\/\/youtu.be\/PyaVXmVOBTI\"><span style=\"color: #808000;\">https:\/\/youtu.be\/PyaVXmVOBTI<\/span><\/a><\/span><\/strong><\/p>\n<p style=\"text-align: center;\" align=\"center\"><strong><span style=\"color: #808000;\"><a href=\"https:\/\/youtu.be\/1oS2ST0j2tk\"><span style=\"color: #808000;\">https:\/\/youtu.be\/1oS2ST0j2tk<\/span><\/a><\/span><\/strong><\/p>\n<p style=\"text-align: justify;\">Practica la coreograf\u00eda con tus compa\u00f1eros y compa\u00f1eras de clase y m\u00e1ndanos un enlace al video (si lo sub\u00eds a alguna plataforma) o el video con el que participareis en el Certamen.<\/p>\n<p style=\"text-align: justify;\">A continuaci\u00f3n de dejamos dos versiones de sonido del baile para que puedas practicar con tus compa\u00f1eros y compa\u00f1eras de clase:<\/p>\n<\/li>\n<\/ul>\n<p><strong>TEBE M\u00daSICA BAILE COMPLETO <\/strong><br \/>\n<audio class=\"wp-audio-shortcode\" id=\"audio-13556-1\" preload=\"none\" style=\"width: 100%;\" controls=\"controls\"><source type=\"audio\/mpeg\" src=\"https:\/\/www.itakaescolapios.org\/wp-content\/uploads\/2015\/11\/tebe-01-morin-bubur-funan.mp3?_=1\" \/><a href=\"https:\/\/www.itakaescolapios.org\/wp-content\/uploads\/2015\/11\/tebe-01-morin-bubur-funan.mp3\">https:\/\/www.itakaescolapios.org\/wp-content\/uploads\/2015\/11\/tebe-01-morin-bubur-funan.mp3<\/a><\/audio><\/p>\n<p>Desc\u00e1rgate el <strong><span style=\"color: #808000;\"><a href=\"https:\/\/mega.nz\/#!E0xkjDSS!PbUi2QmwhXrdVgQImDq_XcaG_N3Fh8rMuvQI-WZriFU\" target=\"_blank\" rel=\"noopener\"><span style=\"color: #808000;\">MP3<\/span><\/a><\/span><\/strong><\/p>\n<p style=\"text-align: justify;\"><strong>TEBE LESELUAN<\/strong><\/p>\n<audio class=\"wp-audio-shortcode\" id=\"audio-13556-2\" preload=\"none\" style=\"width: 100%;\" controls=\"controls\"><source type=\"audio\/mpeg\" src=\"https:\/\/www.itakaescolapios.org\/wp-content\/uploads\/2015\/11\/Tebe-Leseluan.mp3?_=2\" \/><a href=\"https:\/\/www.itakaescolapios.org\/wp-content\/uploads\/2015\/11\/Tebe-Leseluan.mp3\">https:\/\/www.itakaescolapios.org\/wp-content\/uploads\/2015\/11\/Tebe-Leseluan.mp3<\/a><\/audio>\n<p style=\"text-align: justify;\">Desc\u00e1rgate el <span style=\"color: #808000;\"><a href=\"https:\/\/mega.nz\/#!0lQQ3QJI!AyZRHdkSIkSeilzn_tXdhaK0byG9E7CAYp3IyNoVIxk\" target=\"_blank\" rel=\"noopener\"><span style=\"color: #808000;\"><strong>MP3<\/strong><\/span><\/a><\/span><\/p>\n<p style=\"text-align: justify;\"><strong>TEBE BETE LALA<\/strong><\/p>\n<audio class=\"wp-audio-shortcode\" id=\"audio-13556-3\" preload=\"none\" style=\"width: 100%;\" controls=\"controls\"><source type=\"audio\/mpeg\" src=\"https:\/\/www.itakaescolapios.org\/wp-content\/uploads\/2015\/11\/Tebe-bete-lala.mp3?_=3\" \/><a href=\"https:\/\/www.itakaescolapios.org\/wp-content\/uploads\/2015\/11\/Tebe-bete-lala.mp3\">https:\/\/www.itakaescolapios.org\/wp-content\/uploads\/2015\/11\/Tebe-bete-lala.mp3<\/a><\/audio>\n<p style=\"text-align: justify;\">Desc\u00e1rgate el <span style=\"color: #808000;\"><a href=\"https:\/\/mega.nz\/#!UsJWXYRD!V4gcsK5WmRKuAHncwz17v1Kq0DRsrf7H7W8AH0Jtzaw\" target=\"_blank\" rel=\"noopener\"><span style=\"color: #808000;\"><strong>MP3<\/strong><\/span><\/a><\/span><\/p>\n<p><!--more--><\/p>\n","protected":false},"excerpt":{"rendered":"<p>\u00bfCu\u00e1l es el baile tradicional del lugar en el que vives? El aurresku, el bikutsi, el bafut, la cueca, la diablada, el tinku, la jota, las sevillanas,\u2026 En Atamb\u00faa, donde [&hellip;]<\/p>\n","protected":false},"author":46,"featured_media":0,"parent":0,"menu_order":0,"comment_status":"closed","ping_status":"closed","template":"","meta":{"_et_pb_use_builder":"","_et_pb_old_content":"","_et_gb_content_width":"","footnotes":""},"class_list":["post-13556","page","type-page","status-publish","hentry"],"yoast_head":"<!-- This site is optimized with the Yoast SEO plugin v27.3 - https:\/\/yoast.com\/product\/yoast-seo-wordpress\/ -->\n<title>CERTAMEN DE BAILE TEBE<\/title>\n<meta name=\"description\" content=\"\u00bfCu\u00e1l es el baile tradicional del lugar en el que vives? El aurresku, el bikutsi, el bafut, la cueca, la diablada, el tinku, la jota, las sevillanas,\u2026 En Atamb\u00faa, donde los escolapios van a construir el Asrama, los ni\u00f1os y ni\u00f1as bailan EL TEBE. Es un baile tradicional de Timor, isla en la que se&hellip;\" \/>\n<meta name=\"robots\" content=\"index, follow, max-snippet:-1, max-image-preview:large, max-video-preview:-1\" \/>\n<link rel=\"canonical\" href=\"http:\/\/\u00bfCu\u00e1l%20es%20el%20baile%20tradicional%20del%20lugar%20en%20el%20que%20vives?%20El%20aurresku,%20el%20bikutsi,%20el%20bafut,%20la%20cueca,%20la%20diablada,%20el%20tinku,%20la%20jota,%20las%20sevillanas,\u2026%20En%20Atamb\u00faa,%20donde%20los%20escolapios%20van%20a%20construir%20el%20Asrama,%20los%20ni\u00f1os%20y%20ni\u00f1as%20bailan%20EL%20TEBE.%20Es%20un%20baile%20tradicional%20de%20Timor,%20isla%20en%20la%20que%20se&hellip;\" \/>\n<meta property=\"og:locale\" content=\"en_US\" \/>\n<meta property=\"og:type\" content=\"article\" \/>\n<meta property=\"og:title\" content=\"CERTAMEN DE BAILE TEBE\" \/>\n<meta property=\"og:description\" content=\"\u00bfCu\u00e1l es el baile tradicional del lugar en el que vives? El aurresku, el bikutsi, el bafut, la cueca, la diablada, el tinku, la jota, las sevillanas,\u2026 En Atamb\u00faa, donde los escolapios van a construir el Asrama, los ni\u00f1os y ni\u00f1as bailan EL TEBE. Es un baile tradicional de Timor, isla en la que se&hellip;\" \/>\n<meta property=\"og:url\" content=\"https:\/\/www.itakaescolapios.org\/eu\/certamen-de-baile-tebe\/\" \/>\n<meta property=\"og:site_name\" content=\"Itaka-Escolapios\" \/>\n<meta property=\"article:modified_time\" content=\"2023-11-28T11:38:35+00:00\" \/>\n<meta property=\"og:image\" content=\"https:\/\/www.itakaescolapios.org\/wp-content\/uploads\/2015\/11\/baile_original.jpg\" \/>\n\t<meta property=\"og:image:width\" content=\"800\" \/>\n\t<meta property=\"og:image:height\" content=\"506\" \/>\n\t<meta property=\"og:image:type\" content=\"image\/jpeg\" \/>\n<meta name=\"twitter:card\" content=\"summary_large_image\" \/>\n<meta name=\"twitter:label1\" content=\"Est. reading time\" \/>\n\t<meta name=\"twitter:data1\" content=\"1 minutua\" \/>\n<script type=\"application\/ld+json\" class=\"yoast-schema-graph\">{\"@context\":\"https:\\\/\\\/schema.org\",\"@graph\":[{\"@type\":\"WebPage\",\"@id\":\"https:\\\/\\\/www.itakaescolapios.org\\\/eu\\\/certamen-de-baile-tebe\\\/\",\"url\":\"https:\\\/\\\/www.itakaescolapios.org\\\/eu\\\/certamen-de-baile-tebe\\\/\",\"name\":\"CERTAMEN DE BAILE TEBE - Itaka-Escolapios\",\"isPartOf\":{\"@id\":\"https:\\\/\\\/www.itakaescolapios.org\\\/es\\\/#website\"},\"primaryImageOfPage\":{\"@id\":\"https:\\\/\\\/www.itakaescolapios.org\\\/eu\\\/certamen-de-baile-tebe\\\/#primaryimage\"},\"image\":{\"@id\":\"https:\\\/\\\/www.itakaescolapios.org\\\/eu\\\/certamen-de-baile-tebe\\\/#primaryimage\"},\"thumbnailUrl\":\"https:\\\/\\\/www.itakaescolapios.org\\\/wp-content\\\/uploads\\\/2015\\\/11\\\/baile_original.jpg\",\"datePublished\":\"2015-11-03T15:46:49+00:00\",\"dateModified\":\"2023-11-28T11:38:35+00:00\",\"breadcrumb\":{\"@id\":\"https:\\\/\\\/www.itakaescolapios.org\\\/eu\\\/certamen-de-baile-tebe\\\/#breadcrumb\"},\"inLanguage\":\"eu\",\"potentialAction\":[{\"@type\":\"ReadAction\",\"target\":[\"https:\\\/\\\/www.itakaescolapios.org\\\/eu\\\/certamen-de-baile-tebe\\\/\"]}]},{\"@type\":\"ImageObject\",\"inLanguage\":\"eu\",\"@id\":\"https:\\\/\\\/www.itakaescolapios.org\\\/eu\\\/certamen-de-baile-tebe\\\/#primaryimage\",\"url\":\"https:\\\/\\\/www.itakaescolapios.org\\\/wp-content\\\/uploads\\\/2015\\\/11\\\/baile_original.jpg\",\"contentUrl\":\"https:\\\/\\\/www.itakaescolapios.org\\\/wp-content\\\/uploads\\\/2015\\\/11\\\/baile_original.jpg\"},{\"@type\":\"BreadcrumbList\",\"@id\":\"https:\\\/\\\/www.itakaescolapios.org\\\/eu\\\/certamen-de-baile-tebe\\\/#breadcrumb\",\"itemListElement\":[{\"@type\":\"ListItem\",\"position\":1,\"name\":\"Itaka-Escolapios\",\"item\":\"https:\\\/\\\/www.itakaescolapios.org\\\/es\\\/\"},{\"@type\":\"ListItem\",\"position\":2,\"name\":\"CERTAMEN DE BAILE TEBE\"}]},{\"@type\":\"WebSite\",\"@id\":\"https:\\\/\\\/www.itakaescolapios.org\\\/eu\\\/es\\\/#website\",\"url\":\"https:\\\/\\\/www.itakaescolapios.org\\\/eu\\\/es\\\/\",\"name\":\"Itaka-Escolapios\",\"description\":\"Red de Itaka-Escolapios\",\"publisher\":{\"@id\":\"https:\\\/\\\/www.itakaescolapios.org\\\/eu\\\/es\\\/#organization\"},\"potentialAction\":[{\"@type\":\"SearchAction\",\"target\":{\"@type\":\"EntryPoint\",\"urlTemplate\":\"https:\\\/\\\/www.itakaescolapios.org\\\/eu\\\/es\\\/?s={search_term_string}\"},\"query-input\":{\"@type\":\"PropertyValueSpecification\",\"valueRequired\":true,\"valueName\":\"search_term_string\"}}],\"inLanguage\":\"eu\"},{\"@type\":\"Organization\",\"@id\":\"https:\\\/\\\/www.itakaescolapios.org\\\/eu\\\/es\\\/#organization\",\"name\":\"Fundaci\u00f3 Itaka-Escolapios\",\"url\":\"https:\\\/\\\/www.itakaescolapios.org\\\/eu\\\/es\\\/\",\"logo\":{\"@type\":\"ImageObject\",\"inLanguage\":\"eu\",\"@id\":\"https:\\\/\\\/www.itakaescolapios.org\\\/eu\\\/es\\\/#\\\/schema\\\/logo\\\/image\\\/\",\"url\":\"https:\\\/\\\/www.itakaescolapios.org\\\/wp-content\\\/uploads\\\/2024\\\/04\\\/Logo-itakaescolapios-peque.png\",\"contentUrl\":\"https:\\\/\\\/www.itakaescolapios.org\\\/wp-content\\\/uploads\\\/2024\\\/04\\\/Logo-itakaescolapios-peque.png\",\"width\":500,\"height\":199,\"caption\":\"Fundaci\u00f3 Itaka-Escolapios\"},\"image\":{\"@id\":\"https:\\\/\\\/www.itakaescolapios.org\\\/eu\\\/es\\\/#\\\/schema\\\/logo\\\/image\\\/\"}}]}<\/script>\n<!-- \/ Yoast SEO plugin. -->","yoast_head_json":{"title":"CERTAMEN DE BAILE TEBE","description":"\u00bfCu\u00e1l es el baile tradicional del lugar en el que vives? El aurresku, el bikutsi, el bafut, la cueca, la diablada, el tinku, la jota, las sevillanas,\u2026 En Atamb\u00faa, donde los escolapios van a construir el Asrama, los ni\u00f1os y ni\u00f1as bailan EL TEBE. Es un baile tradicional de Timor, isla en la que se&hellip;","robots":{"index":"index","follow":"follow","max-snippet":"max-snippet:-1","max-image-preview":"max-image-preview:large","max-video-preview":"max-video-preview:-1"},"canonical":"\u00bfCu\u00e1l es el baile tradicional del lugar en el que vives? El aurresku, el bikutsi, el bafut, la cueca, la diablada, el tinku, la jota, las sevillanas,\u2026 En Atamb\u00faa, donde los escolapios van a construir el Asrama, los ni\u00f1os y ni\u00f1as bailan EL TEBE. Es un baile tradicional de Timor, isla en la que se&hellip;","og_locale":"en_US","og_type":"article","og_title":"CERTAMEN DE BAILE TEBE","og_description":"\u00bfCu\u00e1l es el baile tradicional del lugar en el que vives? El aurresku, el bikutsi, el bafut, la cueca, la diablada, el tinku, la jota, las sevillanas,\u2026 En Atamb\u00faa, donde los escolapios van a construir el Asrama, los ni\u00f1os y ni\u00f1as bailan EL TEBE. Es un baile tradicional de Timor, isla en la que se&hellip;","og_url":"https:\/\/www.itakaescolapios.org\/eu\/certamen-de-baile-tebe\/","og_site_name":"Itaka-Escolapios","article_modified_time":"2023-11-28T11:38:35+00:00","og_image":[{"width":800,"height":506,"url":"https:\/\/www.itakaescolapios.org\/wp-content\/uploads\/2015\/11\/baile_original.jpg","type":"image\/jpeg"}],"twitter_card":"summary_large_image","twitter_misc":{"Est. reading time":"1 minutua"},"schema":{"@context":"https:\/\/schema.org","@graph":[{"@type":"WebPage","@id":"https:\/\/www.itakaescolapios.org\/eu\/certamen-de-baile-tebe\/","url":"https:\/\/www.itakaescolapios.org\/eu\/certamen-de-baile-tebe\/","name":"CERTAMEN DE BAILE TEBE - Itaka-Escolapios","isPartOf":{"@id":"https:\/\/www.itakaescolapios.org\/es\/#website"},"primaryImageOfPage":{"@id":"https:\/\/www.itakaescolapios.org\/eu\/certamen-de-baile-tebe\/#primaryimage"},"image":{"@id":"https:\/\/www.itakaescolapios.org\/eu\/certamen-de-baile-tebe\/#primaryimage"},"thumbnailUrl":"https:\/\/www.itakaescolapios.org\/wp-content\/uploads\/2015\/11\/baile_original.jpg","datePublished":"2015-11-03T15:46:49+00:00","dateModified":"2023-11-28T11:38:35+00:00","breadcrumb":{"@id":"https:\/\/www.itakaescolapios.org\/eu\/certamen-de-baile-tebe\/#breadcrumb"},"inLanguage":"eu","potentialAction":[{"@type":"ReadAction","target":["https:\/\/www.itakaescolapios.org\/eu\/certamen-de-baile-tebe\/"]}]},{"@type":"ImageObject","inLanguage":"eu","@id":"https:\/\/www.itakaescolapios.org\/eu\/certamen-de-baile-tebe\/#primaryimage","url":"https:\/\/www.itakaescolapios.org\/wp-content\/uploads\/2015\/11\/baile_original.jpg","contentUrl":"https:\/\/www.itakaescolapios.org\/wp-content\/uploads\/2015\/11\/baile_original.jpg"},{"@type":"BreadcrumbList","@id":"https:\/\/www.itakaescolapios.org\/eu\/certamen-de-baile-tebe\/#breadcrumb","itemListElement":[{"@type":"ListItem","position":1,"name":"Itaka-Escolapios","item":"https:\/\/www.itakaescolapios.org\/es\/"},{"@type":"ListItem","position":2,"name":"CERTAMEN DE BAILE TEBE"}]},{"@type":"WebSite","@id":"https:\/\/www.itakaescolapios.org\/eu\/es\/#website","url":"https:\/\/www.itakaescolapios.org\/eu\/es\/","name":"Itaka-Escolapios","description":"Red de Itaka-Escolapios","publisher":{"@id":"https:\/\/www.itakaescolapios.org\/eu\/es\/#organization"},"potentialAction":[{"@type":"SearchAction","target":{"@type":"EntryPoint","urlTemplate":"https:\/\/www.itakaescolapios.org\/eu\/es\/?s={search_term_string}"},"query-input":{"@type":"PropertyValueSpecification","valueRequired":true,"valueName":"search_term_string"}}],"inLanguage":"eu"},{"@type":"Organization","@id":"https:\/\/www.itakaescolapios.org\/eu\/es\/#organization","name":"Fundaci\u00f3 Itaka-Escolapios","url":"https:\/\/www.itakaescolapios.org\/eu\/es\/","logo":{"@type":"ImageObject","inLanguage":"eu","@id":"https:\/\/www.itakaescolapios.org\/eu\/es\/#\/schema\/logo\/image\/","url":"https:\/\/www.itakaescolapios.org\/wp-content\/uploads\/2024\/04\/Logo-itakaescolapios-peque.png","contentUrl":"https:\/\/www.itakaescolapios.org\/wp-content\/uploads\/2024\/04\/Logo-itakaescolapios-peque.png","width":500,"height":199,"caption":"Fundaci\u00f3 Itaka-Escolapios"},"image":{"@id":"https:\/\/www.itakaescolapios.org\/eu\/es\/#\/schema\/logo\/image\/"}}]}},"_links":{"self":[{"href":"https:\/\/www.itakaescolapios.org\/eu\/wp-json\/wp\/v2\/pages\/13556","targetHints":{"allow":["GET"]}}],"collection":[{"href":"https:\/\/www.itakaescolapios.org\/eu\/wp-json\/wp\/v2\/pages"}],"about":[{"href":"https:\/\/www.itakaescolapios.org\/eu\/wp-json\/wp\/v2\/types\/page"}],"author":[{"embeddable":true,"href":"https:\/\/www.itakaescolapios.org\/eu\/wp-json\/wp\/v2\/users\/46"}],"replies":[{"embeddable":true,"href":"https:\/\/www.itakaescolapios.org\/eu\/wp-json\/wp\/v2\/comments?post=13556"}],"version-history":[{"count":21,"href":"https:\/\/www.itakaescolapios.org\/eu\/wp-json\/wp\/v2\/pages\/13556\/revisions"}],"predecessor-version":[{"id":48564,"href":"https:\/\/www.itakaescolapios.org\/eu\/wp-json\/wp\/v2\/pages\/13556\/revisions\/48564"}],"wp:attachment":[{"href":"https:\/\/www.itakaescolapios.org\/eu\/wp-json\/wp\/v2\/media?parent=13556"}],"curies":[{"name":"wp","href":"https:\/\/api.w.org\/{rel}","templated":true}]}}