{"id":17741,"date":"2016-12-27T12:47:31","date_gmt":"2016-12-27T11:47:31","guid":{"rendered":"https:\/\/www.itakaescolapios.org\/?page_id=17741"},"modified":"2023-11-28T12:38:14","modified_gmt":"2023-11-28T11:38:14","slug":"hogar-calasanz","status":"publish","type":"page","link":"https:\/\/www.itakaescolapios.org\/eu\/zer-egiten-dugu\/hogares\/hogar-calasanz\/","title":{"rendered":"Hogar Calasanz"},"content":{"rendered":"<p>El HOGAR CALASANZ, ubicado en Soria, se configura como un recurso educativo y social, dedic\u00e1ndose a dar acogimiento residencial y destinado a la atenci\u00f3n de menores, de entre 12 y 18 a\u00f1os, con medidas protectoras, que no pudiendo permanecer en sus hogares, precisan de un contexto de convivencia que atienda a sus necesidades.<\/p>\n<p>El programa tiene un convenio con la Junta de Castilla y Le\u00f3n en el que se marcan los objetivos del mismo:<\/p>\n<ul>\n<li>Ofrecer un recurso de acogimiento residencial, para menores tutelados por la Junta de Castilla y Le\u00f3n, en el que atender sus necesidades b\u00e1sicas y favorecer su normalizaci\u00f3n.<\/li>\n<li>Impulsar y favorecer el desarrollo integral de los menores residentes<\/li>\n<li>Intervenir a nivel socioeducativo con los menores, estableciendo objetivos dependiendo del Plan de Caso establecido por la administraci\u00f3n y llevando a cabo un seguimiento de los mismos.<\/li>\n<\/ul>\n","protected":false},"excerpt":{"rendered":"<p>El HOGAR CALASANZ, ubicado en Soria, se configura como un recurso educativo y social, dedic\u00e1ndose a dar acogimiento residencial y destinado a la atenci\u00f3n de menores, de entre 12 y [&hellip;]<\/p>\n","protected":false},"author":4,"featured_media":17742,"parent":91,"menu_order":4,"comment_status":"closed","ping_status":"closed","template":"","meta":{"_et_pb_use_builder":"","_et_pb_old_content":"","_et_gb_content_width":"","footnotes":""},"class_list":["post-17741","page","type-page","status-publish","has-post-thumbnail","hentry"],"yoast_head":"<!-- This site is optimized with the Yoast SEO plugin v27.3 - https:\/\/yoast.com\/product\/yoast-seo-wordpress\/ -->\n<title>Hogar Calasanz<\/title>\n<meta name=\"description\" content=\"El HOGAR CALASANZ, ubicado en Soria, se configura como un recurso educativo y social, dedic\u00e1ndose a dar acogimiento residencial y destinado a la atenci\u00f3n de menores, de entre 12 y 18 a\u00f1os, con medidas protectoras, que no pudiendo permanecer en sus hogares, precisan de un contexto de convivencia que atienda a sus necesidades. El programa&hellip;\" \/>\n<meta name=\"robots\" content=\"index, follow, max-snippet:-1, max-image-preview:large, max-video-preview:-1\" \/>\n<link rel=\"canonical\" href=\"http:\/\/El%20HOGAR%20CALASANZ,%20ubicado%20en%20Soria,%20se%20configura%20como%20un%20recurso%20educativo%20y%20social,%20dedic\u00e1ndose%20a%20dar%20acogimiento%20residencial%20y%20destinado%20a%20la%20atenci\u00f3n%20de%20menores,%20de%20entre%2012%20y%2018%20a\u00f1os,%20con%20medidas%20protectoras,%20que%20no%20pudiendo%20permanecer%20en%20sus%20hogares,%20precisan%20de%20un%20contexto%20de%20convivencia%20que%20atienda%20a%20sus%20necesidades.%20El%20programa&hellip;\" \/>\n<meta property=\"og:locale\" content=\"en_US\" \/>\n<meta property=\"og:type\" content=\"article\" \/>\n<meta property=\"og:title\" content=\"Hogar Calasanz\" \/>\n<meta property=\"og:description\" content=\"El HOGAR CALASANZ, ubicado en Soria, se configura como un recurso educativo y social, dedic\u00e1ndose a dar acogimiento residencial y destinado a la atenci\u00f3n de menores, de entre 12 y 18 a\u00f1os, con medidas protectoras, que no pudiendo permanecer en sus hogares, precisan de un contexto de convivencia que atienda a sus necesidades. El programa&hellip;\" \/>\n<meta property=\"og:url\" content=\"https:\/\/www.itakaescolapios.org\/eu\/zer-egiten-dugu\/hogares\/hogar-calasanz\/\" \/>\n<meta property=\"og:site_name\" content=\"Itaka-Escolapios\" \/>\n<meta property=\"article:modified_time\" content=\"2023-11-28T11:38:14+00:00\" \/>\n<meta property=\"og:image\" content=\"https:\/\/www.itakaescolapios.org\/wp-content\/uploads\/2016\/12\/Hogar-Calasanz-Soria-web.jpg\" \/>\n\t<meta property=\"og:image:width\" content=\"797\" \/>\n\t<meta property=\"og:image:height\" content=\"436\" \/>\n\t<meta property=\"og:image:type\" content=\"image\/jpeg\" \/>\n<meta name=\"twitter:card\" content=\"summary_large_image\" \/>\n<meta name=\"twitter:label1\" content=\"Est. reading time\" \/>\n\t<meta name=\"twitter:data1\" content=\"1 minutua\" \/>\n<script type=\"application\/ld+json\" class=\"yoast-schema-graph\">{\"@context\":\"https:\\\/\\\/schema.org\",\"@graph\":[{\"@type\":\"WebPage\",\"@id\":\"https:\\\/\\\/www.itakaescolapios.org\\\/eu\\\/zer-egiten-dugu\\\/hogares\\\/hogar-calasanz\\\/\",\"url\":\"https:\\\/\\\/www.itakaescolapios.org\\\/eu\\\/zer-egiten-dugu\\\/hogares\\\/hogar-calasanz\\\/\",\"name\":\"Hogar Calasanz - Itaka-Escolapios\",\"isPartOf\":{\"@id\":\"https:\\\/\\\/www.itakaescolapios.org\\\/es\\\/#website\"},\"primaryImageOfPage\":{\"@id\":\"https:\\\/\\\/www.itakaescolapios.org\\\/eu\\\/zer-egiten-dugu\\\/hogares\\\/hogar-calasanz\\\/#primaryimage\"},\"image\":{\"@id\":\"https:\\\/\\\/www.itakaescolapios.org\\\/eu\\\/zer-egiten-dugu\\\/hogares\\\/hogar-calasanz\\\/#primaryimage\"},\"thumbnailUrl\":\"https:\\\/\\\/www.itakaescolapios.org\\\/wp-content\\\/uploads\\\/2016\\\/12\\\/Hogar-Calasanz-Soria-web.jpg\",\"datePublished\":\"2016-12-27T11:47:31+00:00\",\"dateModified\":\"2023-11-28T11:38:14+00:00\",\"breadcrumb\":{\"@id\":\"https:\\\/\\\/www.itakaescolapios.org\\\/eu\\\/zer-egiten-dugu\\\/hogares\\\/hogar-calasanz\\\/#breadcrumb\"},\"inLanguage\":\"eu\",\"potentialAction\":[{\"@type\":\"ReadAction\",\"target\":[\"https:\\\/\\\/www.itakaescolapios.org\\\/eu\\\/zer-egiten-dugu\\\/hogares\\\/hogar-calasanz\\\/\"]}]},{\"@type\":\"ImageObject\",\"inLanguage\":\"eu\",\"@id\":\"https:\\\/\\\/www.itakaescolapios.org\\\/eu\\\/zer-egiten-dugu\\\/hogares\\\/hogar-calasanz\\\/#primaryimage\",\"url\":\"https:\\\/\\\/www.itakaescolapios.org\\\/wp-content\\\/uploads\\\/2016\\\/12\\\/Hogar-Calasanz-Soria-web.jpg\",\"contentUrl\":\"https:\\\/\\\/www.itakaescolapios.org\\\/wp-content\\\/uploads\\\/2016\\\/12\\\/Hogar-Calasanz-Soria-web.jpg\",\"width\":797,\"height\":436},{\"@type\":\"BreadcrumbList\",\"@id\":\"https:\\\/\\\/www.itakaescolapios.org\\\/eu\\\/zer-egiten-dugu\\\/hogares\\\/hogar-calasanz\\\/#breadcrumb\",\"itemListElement\":[{\"@type\":\"ListItem\",\"position\":1,\"name\":\"Itaka-Escolapios\",\"item\":\"https:\\\/\\\/www.itakaescolapios.org\\\/es\\\/\"},{\"@type\":\"ListItem\",\"position\":2,\"name\":\"Zer egiten dugu\",\"item\":\"https:\\\/\\\/www.itakaescolapios.org\\\/es\\\/que-hacemos\\\/\"},{\"@type\":\"ListItem\",\"position\":3,\"name\":\"Hogares\",\"item\":\"https:\\\/\\\/www.itakaescolapios.org\\\/es\\\/que-hacemos\\\/hogares\\\/\"},{\"@type\":\"ListItem\",\"position\":4,\"name\":\"Hogar Calasanz\"}]},{\"@type\":\"WebSite\",\"@id\":\"https:\\\/\\\/www.itakaescolapios.org\\\/eu\\\/es\\\/#website\",\"url\":\"https:\\\/\\\/www.itakaescolapios.org\\\/eu\\\/es\\\/\",\"name\":\"Itaka-Escolapios\",\"description\":\"Red de Itaka-Escolapios\",\"publisher\":{\"@id\":\"https:\\\/\\\/www.itakaescolapios.org\\\/eu\\\/es\\\/#organization\"},\"potentialAction\":[{\"@type\":\"SearchAction\",\"target\":{\"@type\":\"EntryPoint\",\"urlTemplate\":\"https:\\\/\\\/www.itakaescolapios.org\\\/eu\\\/es\\\/?s={search_term_string}\"},\"query-input\":{\"@type\":\"PropertyValueSpecification\",\"valueRequired\":true,\"valueName\":\"search_term_string\"}}],\"inLanguage\":\"eu\"},{\"@type\":\"Organization\",\"@id\":\"https:\\\/\\\/www.itakaescolapios.org\\\/eu\\\/es\\\/#organization\",\"name\":\"Fundaci\u00f3 Itaka-Escolapios\",\"url\":\"https:\\\/\\\/www.itakaescolapios.org\\\/eu\\\/es\\\/\",\"logo\":{\"@type\":\"ImageObject\",\"inLanguage\":\"eu\",\"@id\":\"https:\\\/\\\/www.itakaescolapios.org\\\/eu\\\/es\\\/#\\\/schema\\\/logo\\\/image\\\/\",\"url\":\"https:\\\/\\\/www.itakaescolapios.org\\\/wp-content\\\/uploads\\\/2024\\\/04\\\/Logo-itakaescolapios-peque.png\",\"contentUrl\":\"https:\\\/\\\/www.itakaescolapios.org\\\/wp-content\\\/uploads\\\/2024\\\/04\\\/Logo-itakaescolapios-peque.png\",\"width\":500,\"height\":199,\"caption\":\"Fundaci\u00f3 Itaka-Escolapios\"},\"image\":{\"@id\":\"https:\\\/\\\/www.itakaescolapios.org\\\/eu\\\/es\\\/#\\\/schema\\\/logo\\\/image\\\/\"}}]}<\/script>\n<!-- \/ Yoast SEO plugin. -->","yoast_head_json":{"title":"Hogar Calasanz","description":"El HOGAR CALASANZ, ubicado en Soria, se configura como un recurso educativo y social, dedic\u00e1ndose a dar acogimiento residencial y destinado a la atenci\u00f3n de menores, de entre 12 y 18 a\u00f1os, con medidas protectoras, que no pudiendo permanecer en sus hogares, precisan de un contexto de convivencia que atienda a sus necesidades. El programa&hellip;","robots":{"index":"index","follow":"follow","max-snippet":"max-snippet:-1","max-image-preview":"max-image-preview:large","max-video-preview":"max-video-preview:-1"},"canonical":"El HOGAR CALASANZ, ubicado en Soria, se configura como un recurso educativo y social, dedic\u00e1ndose a dar acogimiento residencial y destinado a la atenci\u00f3n de menores, de entre 12 y 18 a\u00f1os, con medidas protectoras, que no pudiendo permanecer en sus hogares, precisan de un contexto de convivencia que atienda a sus necesidades. El programa&hellip;","og_locale":"en_US","og_type":"article","og_title":"Hogar Calasanz","og_description":"El HOGAR CALASANZ, ubicado en Soria, se configura como un recurso educativo y social, dedic\u00e1ndose a dar acogimiento residencial y destinado a la atenci\u00f3n de menores, de entre 12 y 18 a\u00f1os, con medidas protectoras, que no pudiendo permanecer en sus hogares, precisan de un contexto de convivencia que atienda a sus necesidades. El programa&hellip;","og_url":"https:\/\/www.itakaescolapios.org\/eu\/zer-egiten-dugu\/hogares\/hogar-calasanz\/","og_site_name":"Itaka-Escolapios","article_modified_time":"2023-11-28T11:38:14+00:00","og_image":[{"width":797,"height":436,"url":"https:\/\/www.itakaescolapios.org\/wp-content\/uploads\/2016\/12\/Hogar-Calasanz-Soria-web.jpg","type":"image\/jpeg"}],"twitter_card":"summary_large_image","twitter_misc":{"Est. reading time":"1 minutua"},"schema":{"@context":"https:\/\/schema.org","@graph":[{"@type":"WebPage","@id":"https:\/\/www.itakaescolapios.org\/eu\/zer-egiten-dugu\/hogares\/hogar-calasanz\/","url":"https:\/\/www.itakaescolapios.org\/eu\/zer-egiten-dugu\/hogares\/hogar-calasanz\/","name":"Hogar Calasanz - Itaka-Escolapios","isPartOf":{"@id":"https:\/\/www.itakaescolapios.org\/es\/#website"},"primaryImageOfPage":{"@id":"https:\/\/www.itakaescolapios.org\/eu\/zer-egiten-dugu\/hogares\/hogar-calasanz\/#primaryimage"},"image":{"@id":"https:\/\/www.itakaescolapios.org\/eu\/zer-egiten-dugu\/hogares\/hogar-calasanz\/#primaryimage"},"thumbnailUrl":"https:\/\/www.itakaescolapios.org\/wp-content\/uploads\/2016\/12\/Hogar-Calasanz-Soria-web.jpg","datePublished":"2016-12-27T11:47:31+00:00","dateModified":"2023-11-28T11:38:14+00:00","breadcrumb":{"@id":"https:\/\/www.itakaescolapios.org\/eu\/zer-egiten-dugu\/hogares\/hogar-calasanz\/#breadcrumb"},"inLanguage":"eu","potentialAction":[{"@type":"ReadAction","target":["https:\/\/www.itakaescolapios.org\/eu\/zer-egiten-dugu\/hogares\/hogar-calasanz\/"]}]},{"@type":"ImageObject","inLanguage":"eu","@id":"https:\/\/www.itakaescolapios.org\/eu\/zer-egiten-dugu\/hogares\/hogar-calasanz\/#primaryimage","url":"https:\/\/www.itakaescolapios.org\/wp-content\/uploads\/2016\/12\/Hogar-Calasanz-Soria-web.jpg","contentUrl":"https:\/\/www.itakaescolapios.org\/wp-content\/uploads\/2016\/12\/Hogar-Calasanz-Soria-web.jpg","width":797,"height":436},{"@type":"BreadcrumbList","@id":"https:\/\/www.itakaescolapios.org\/eu\/zer-egiten-dugu\/hogares\/hogar-calasanz\/#breadcrumb","itemListElement":[{"@type":"ListItem","position":1,"name":"Itaka-Escolapios","item":"https:\/\/www.itakaescolapios.org\/es\/"},{"@type":"ListItem","position":2,"name":"Zer egiten dugu","item":"https:\/\/www.itakaescolapios.org\/es\/que-hacemos\/"},{"@type":"ListItem","position":3,"name":"Hogares","item":"https:\/\/www.itakaescolapios.org\/es\/que-hacemos\/hogares\/"},{"@type":"ListItem","position":4,"name":"Hogar Calasanz"}]},{"@type":"WebSite","@id":"https:\/\/www.itakaescolapios.org\/eu\/es\/#website","url":"https:\/\/www.itakaescolapios.org\/eu\/es\/","name":"Itaka-Escolapios","description":"Red de Itaka-Escolapios","publisher":{"@id":"https:\/\/www.itakaescolapios.org\/eu\/es\/#organization"},"potentialAction":[{"@type":"SearchAction","target":{"@type":"EntryPoint","urlTemplate":"https:\/\/www.itakaescolapios.org\/eu\/es\/?s={search_term_string}"},"query-input":{"@type":"PropertyValueSpecification","valueRequired":true,"valueName":"search_term_string"}}],"inLanguage":"eu"},{"@type":"Organization","@id":"https:\/\/www.itakaescolapios.org\/eu\/es\/#organization","name":"Fundaci\u00f3 Itaka-Escolapios","url":"https:\/\/www.itakaescolapios.org\/eu\/es\/","logo":{"@type":"ImageObject","inLanguage":"eu","@id":"https:\/\/www.itakaescolapios.org\/eu\/es\/#\/schema\/logo\/image\/","url":"https:\/\/www.itakaescolapios.org\/wp-content\/uploads\/2024\/04\/Logo-itakaescolapios-peque.png","contentUrl":"https:\/\/www.itakaescolapios.org\/wp-content\/uploads\/2024\/04\/Logo-itakaescolapios-peque.png","width":500,"height":199,"caption":"Fundaci\u00f3 Itaka-Escolapios"},"image":{"@id":"https:\/\/www.itakaescolapios.org\/eu\/es\/#\/schema\/logo\/image\/"}}]}},"_links":{"self":[{"href":"https:\/\/www.itakaescolapios.org\/eu\/wp-json\/wp\/v2\/pages\/17741","targetHints":{"allow":["GET"]}}],"collection":[{"href":"https:\/\/www.itakaescolapios.org\/eu\/wp-json\/wp\/v2\/pages"}],"about":[{"href":"https:\/\/www.itakaescolapios.org\/eu\/wp-json\/wp\/v2\/types\/page"}],"author":[{"embeddable":true,"href":"https:\/\/www.itakaescolapios.org\/eu\/wp-json\/wp\/v2\/users\/4"}],"replies":[{"embeddable":true,"href":"https:\/\/www.itakaescolapios.org\/eu\/wp-json\/wp\/v2\/comments?post=17741"}],"version-history":[{"count":5,"href":"https:\/\/www.itakaescolapios.org\/eu\/wp-json\/wp\/v2\/pages\/17741\/revisions"}],"predecessor-version":[{"id":48015,"href":"https:\/\/www.itakaescolapios.org\/eu\/wp-json\/wp\/v2\/pages\/17741\/revisions\/48015"}],"up":[{"embeddable":true,"href":"https:\/\/www.itakaescolapios.org\/eu\/wp-json\/wp\/v2\/pages\/91"}],"wp:featuredmedia":[{"embeddable":true,"href":"https:\/\/www.itakaescolapios.org\/eu\/wp-json\/wp\/v2\/media\/17742"}],"wp:attachment":[{"href":"https:\/\/www.itakaescolapios.org\/eu\/wp-json\/wp\/v2\/media?parent=17741"}],"curies":[{"name":"wp","href":"https:\/\/api.w.org\/{rel}","templated":true}]}}