{"id":17923,"date":"2017-01-16T14:25:10","date_gmt":"2017-01-16T13:25:10","guid":{"rendered":"https:\/\/www.itakaescolapios.org\/?page_id=17923"},"modified":"2023-11-28T12:38:13","modified_gmt":"2023-11-28T11:38:13","slug":"oraciones-por-la-paz","status":"publish","type":"page","link":"https:\/\/www.itakaescolapios.org\/eu\/semanas-de-la-paz\/2016-2017-semana-por-la-paz\/oraciones-por-la-paz\/","title":{"rendered":"ORAMOS POR LA PAZ"},"content":{"rendered":"<p><a href=\"https:\/\/www.itakaescolapios.org\/wp-content\/uploads\/2017\/01\/5b501786.gif\"><img decoding=\"async\" class=\"alignleft  wp-image-17929\" alt=\"5b501786\" src=\"https:\/\/www.itakaescolapios.org\/wp-content\/uploads\/2017\/01\/5b501786.gif\" width=\"224\" height=\"312\" \/><\/a>Os proponemos destinar un momento del d\u00eda a orar por la paz en el mundo. Os facilitamos para ello un matierial que puedes descarg\u00e1rte a continuaci\u00f3n:<\/p>\n<p style=\"text-align: center;\"><span style=\"color: #808000;\"><strong><a href=\"https:\/\/www.itakaescolapios.org\/wp-content\/uploads\/2017\/01\/oraciones-a\u00f1o-jubilar-Semana-Paz-2017-castellano.pdf\"><a href=\"https:\/\/www.itakaescolapios.org\/wp-content\/uploads\/2017\/01\/oraciones-a\u00f1o-jubilar-Semana-Paz-2017-castellano1.pdf\" target=\"_blank\" rel=\"noopener\"><span style=\"color: #808000;\">Oraciones Semana por la paz<\/span><\/a>\u00a0<\/a><\/strong><\/span><\/p>\n<p style=\"text-align: center;\"><span style=\"color: #800080;\"><a href=\"https:\/\/www.itakaescolapios.org\/wp-content\/uploads\/2017\/01\/oraciones-a\u00f1o-jubilar-Semana-Paz-2017-eus-cas.pdf\" target=\"_blank\" rel=\"noopener\"><span style=\"color: #800080;\"><strong><span style=\"color: #808000;\">O<\/span><\/strong><\/span><\/a><strong><a href=\"https:\/\/www.itakaescolapios.org\/wp-content\/uploads\/2017\/01\/oraciones-a\u00f1o-jubilar-Semana-Paz-2017-eus-cas1.pdf\"><span style=\"color: #808000;\">raciones Semana por la\u00a0 Paz <\/span><\/a><\/strong><\/span><span style=\"color: #808000;\"><strong>(EUSK-ESP)<\/strong><\/span><\/p>\n<p style=\"text-align: center;\"><strong><span style=\"color: #808000;\"><a href=\"https:\/\/www.itakaescolapios.org\/wp-content\/uploads\/2017\/01\/Oraci\u00f3n-ecum\u00e9nica-por-la-paz.pdf\"><span style=\"color: #808000;\">Oraci\u00f3n ecum\u00e9nica por la paz<\/span><\/a><\/span><\/strong><\/p>\n","protected":false},"excerpt":{"rendered":"<p>Os proponemos destinar un momento del d\u00eda a orar por la paz en el mundo. Os facilitamos para ello un matierial que puedes descarg\u00e1rte a continuaci\u00f3n: Oraciones Semana por la [&hellip;]<\/p>\n","protected":false},"author":46,"featured_media":0,"parent":17874,"menu_order":5,"comment_status":"closed","ping_status":"closed","template":"","meta":{"_et_pb_use_builder":"","_et_pb_old_content":"","_et_gb_content_width":"","footnotes":""},"class_list":["post-17923","page","type-page","status-publish","hentry"],"yoast_head":"<!-- This site is optimized with the Yoast SEO plugin v27.5 - https:\/\/yoast.com\/product\/yoast-seo-wordpress\/ -->\n<title>ORAMOS POR LA PAZ<\/title>\n<meta name=\"description\" content=\"Os proponemos destinar un momento del d\u00eda a orar por la paz en el mundo. Os facilitamos para ello un matierial que puedes descarg\u00e1rte a continuaci\u00f3n: Oraciones Semana por la paz\u00a0 Oraciones Semana por la\u00a0 Paz (EUSK-ESP) Oraci\u00f3n ecum\u00e9nica por la paz\" \/>\n<meta name=\"robots\" content=\"index, follow, max-snippet:-1, max-image-preview:large, max-video-preview:-1\" \/>\n<link rel=\"canonical\" href=\"\" \/>\n<meta property=\"og:locale\" content=\"en_US\" \/>\n<meta property=\"og:type\" content=\"article\" \/>\n<meta property=\"og:title\" content=\"ORAMOS POR LA PAZ\" \/>\n<meta property=\"og:description\" content=\"Os proponemos destinar un momento del d\u00eda a orar por la paz en el mundo. Os facilitamos para ello un matierial que puedes descarg\u00e1rte a continuaci\u00f3n: Oraciones Semana por la paz\u00a0 Oraciones Semana por la\u00a0 Paz (EUSK-ESP) Oraci\u00f3n ecum\u00e9nica por la paz\" \/>\n<meta property=\"og:url\" content=\"https:\/\/www.itakaescolapios.org\/eu\/semanas-de-la-paz\/2016-2017-semana-por-la-paz\/oraciones-por-la-paz\/\" \/>\n<meta property=\"og:site_name\" content=\"Itaka-Escolapios\" \/>\n<meta property=\"article:modified_time\" content=\"2023-11-28T11:38:13+00:00\" \/>\n<meta property=\"og:image\" content=\"https:\/\/www.itakaescolapios.org\/wp-content\/uploads\/2017\/01\/5b501786.gif\" \/>\n\t<meta property=\"og:image:width\" content=\"320\" \/>\n\t<meta property=\"og:image:height\" content=\"446\" \/>\n\t<meta property=\"og:image:type\" content=\"image\/gif\" \/>\n<meta name=\"twitter:card\" content=\"summary_large_image\" \/>\n<script type=\"application\/ld+json\" class=\"yoast-schema-graph\">{\"@context\":\"https:\\\/\\\/schema.org\",\"@graph\":[{\"@type\":\"WebPage\",\"@id\":\"https:\\\/\\\/www.itakaescolapios.org\\\/eu\\\/semanas-de-la-paz\\\/2016-2017-semana-por-la-paz\\\/oraciones-por-la-paz\\\/\",\"url\":\"https:\\\/\\\/www.itakaescolapios.org\\\/eu\\\/semanas-de-la-paz\\\/2016-2017-semana-por-la-paz\\\/oraciones-por-la-paz\\\/\",\"name\":\"ORAMOS POR LA PAZ - Itaka-Escolapios\",\"isPartOf\":{\"@id\":\"https:\\\/\\\/www.itakaescolapios.org\\\/es\\\/#website\"},\"primaryImageOfPage\":{\"@id\":\"https:\\\/\\\/www.itakaescolapios.org\\\/eu\\\/semanas-de-la-paz\\\/2016-2017-semana-por-la-paz\\\/oraciones-por-la-paz\\\/#primaryimage\"},\"image\":{\"@id\":\"https:\\\/\\\/www.itakaescolapios.org\\\/eu\\\/semanas-de-la-paz\\\/2016-2017-semana-por-la-paz\\\/oraciones-por-la-paz\\\/#primaryimage\"},\"thumbnailUrl\":\"https:\\\/\\\/www.itakaescolapios.org\\\/wp-content\\\/uploads\\\/2017\\\/01\\\/5b501786.gif\",\"datePublished\":\"2017-01-16T13:25:10+00:00\",\"dateModified\":\"2023-11-28T11:38:13+00:00\",\"breadcrumb\":{\"@id\":\"https:\\\/\\\/www.itakaescolapios.org\\\/eu\\\/semanas-de-la-paz\\\/2016-2017-semana-por-la-paz\\\/oraciones-por-la-paz\\\/#breadcrumb\"},\"inLanguage\":\"eu\",\"potentialAction\":[{\"@type\":\"ReadAction\",\"target\":[\"https:\\\/\\\/www.itakaescolapios.org\\\/eu\\\/semanas-de-la-paz\\\/2016-2017-semana-por-la-paz\\\/oraciones-por-la-paz\\\/\"]}]},{\"@type\":\"ImageObject\",\"inLanguage\":\"eu\",\"@id\":\"https:\\\/\\\/www.itakaescolapios.org\\\/eu\\\/semanas-de-la-paz\\\/2016-2017-semana-por-la-paz\\\/oraciones-por-la-paz\\\/#primaryimage\",\"url\":\"https:\\\/\\\/www.itakaescolapios.org\\\/wp-content\\\/uploads\\\/2017\\\/01\\\/5b501786.gif\",\"contentUrl\":\"https:\\\/\\\/www.itakaescolapios.org\\\/wp-content\\\/uploads\\\/2017\\\/01\\\/5b501786.gif\"},{\"@type\":\"BreadcrumbList\",\"@id\":\"https:\\\/\\\/www.itakaescolapios.org\\\/eu\\\/semanas-de-la-paz\\\/2016-2017-semana-por-la-paz\\\/oraciones-por-la-paz\\\/#breadcrumb\",\"itemListElement\":[{\"@type\":\"ListItem\",\"position\":1,\"name\":\"Itaka-Escolapios\",\"item\":\"https:\\\/\\\/www.itakaescolapios.org\\\/es\\\/\"},{\"@type\":\"ListItem\",\"position\":2,\"name\":\"Semanas de la paz\",\"item\":\"https:\\\/\\\/www.itakaescolapios.org\\\/es\\\/semanas-de-la-paz\\\/\"},{\"@type\":\"ListItem\",\"position\":3,\"name\":\"2016-2017 BUSCANDO LA PAZ\",\"item\":\"https:\\\/\\\/www.itakaescolapios.org\\\/es\\\/semanas-de-la-paz\\\/2016-2017-semana-por-la-paz\\\/\"},{\"@type\":\"ListItem\",\"position\":4,\"name\":\"ORAMOS POR LA PAZ\"}]},{\"@type\":\"WebSite\",\"@id\":\"https:\\\/\\\/www.itakaescolapios.org\\\/eu\\\/es\\\/#website\",\"url\":\"https:\\\/\\\/www.itakaescolapios.org\\\/eu\\\/es\\\/\",\"name\":\"Itaka-Escolapios\",\"description\":\"Red de Itaka-Escolapios\",\"publisher\":{\"@id\":\"https:\\\/\\\/www.itakaescolapios.org\\\/eu\\\/es\\\/#organization\"},\"potentialAction\":[{\"@type\":\"SearchAction\",\"target\":{\"@type\":\"EntryPoint\",\"urlTemplate\":\"https:\\\/\\\/www.itakaescolapios.org\\\/eu\\\/es\\\/?s={search_term_string}\"},\"query-input\":{\"@type\":\"PropertyValueSpecification\",\"valueRequired\":true,\"valueName\":\"search_term_string\"}}],\"inLanguage\":\"eu\"},{\"@type\":\"Organization\",\"@id\":\"https:\\\/\\\/www.itakaescolapios.org\\\/eu\\\/es\\\/#organization\",\"name\":\"Fundaci\u00f3 Itaka-Escolapios\",\"url\":\"https:\\\/\\\/www.itakaescolapios.org\\\/eu\\\/es\\\/\",\"logo\":{\"@type\":\"ImageObject\",\"inLanguage\":\"eu\",\"@id\":\"https:\\\/\\\/www.itakaescolapios.org\\\/eu\\\/es\\\/#\\\/schema\\\/logo\\\/image\\\/\",\"url\":\"https:\\\/\\\/www.itakaescolapios.org\\\/wp-content\\\/uploads\\\/2024\\\/04\\\/Logo-itakaescolapios-peque.png\",\"contentUrl\":\"https:\\\/\\\/www.itakaescolapios.org\\\/wp-content\\\/uploads\\\/2024\\\/04\\\/Logo-itakaescolapios-peque.png\",\"width\":500,\"height\":199,\"caption\":\"Fundaci\u00f3 Itaka-Escolapios\"},\"image\":{\"@id\":\"https:\\\/\\\/www.itakaescolapios.org\\\/eu\\\/es\\\/#\\\/schema\\\/logo\\\/image\\\/\"}}]}<\/script>\n<!-- \/ Yoast SEO plugin. -->","yoast_head_json":{"title":"ORAMOS POR LA PAZ","description":"Os proponemos destinar un momento del d\u00eda a orar por la paz en el mundo. Os facilitamos para ello un matierial que puedes descarg\u00e1rte a continuaci\u00f3n: Oraciones Semana por la paz\u00a0 Oraciones Semana por la\u00a0 Paz (EUSK-ESP) Oraci\u00f3n ecum\u00e9nica por la paz","robots":{"index":"index","follow":"follow","max-snippet":"max-snippet:-1","max-image-preview":"max-image-preview:large","max-video-preview":"max-video-preview:-1"},"canonical":"Os proponemos destinar un momento del d\u00eda a orar por la paz en el mundo. Os facilitamos para ello un matierial que puedes descarg\u00e1rte a continuaci\u00f3n: Oraciones Semana por la paz\u00a0 Oraciones Semana por la\u00a0 Paz (EUSK-ESP) Oraci\u00f3n ecum\u00e9nica por la paz","og_locale":"en_US","og_type":"article","og_title":"ORAMOS POR LA PAZ","og_description":"Os proponemos destinar un momento del d\u00eda a orar por la paz en el mundo. Os facilitamos para ello un matierial que puedes descarg\u00e1rte a continuaci\u00f3n: Oraciones Semana por la paz\u00a0 Oraciones Semana por la\u00a0 Paz (EUSK-ESP) Oraci\u00f3n ecum\u00e9nica por la paz","og_url":"https:\/\/www.itakaescolapios.org\/eu\/semanas-de-la-paz\/2016-2017-semana-por-la-paz\/oraciones-por-la-paz\/","og_site_name":"Itaka-Escolapios","article_modified_time":"2023-11-28T11:38:13+00:00","og_image":[{"width":320,"height":446,"url":"https:\/\/www.itakaescolapios.org\/wp-content\/uploads\/2017\/01\/5b501786.gif","type":"image\/gif"}],"twitter_card":"summary_large_image","schema":{"@context":"https:\/\/schema.org","@graph":[{"@type":"WebPage","@id":"https:\/\/www.itakaescolapios.org\/eu\/semanas-de-la-paz\/2016-2017-semana-por-la-paz\/oraciones-por-la-paz\/","url":"https:\/\/www.itakaescolapios.org\/eu\/semanas-de-la-paz\/2016-2017-semana-por-la-paz\/oraciones-por-la-paz\/","name":"ORAMOS POR LA PAZ - Itaka-Escolapios","isPartOf":{"@id":"https:\/\/www.itakaescolapios.org\/es\/#website"},"primaryImageOfPage":{"@id":"https:\/\/www.itakaescolapios.org\/eu\/semanas-de-la-paz\/2016-2017-semana-por-la-paz\/oraciones-por-la-paz\/#primaryimage"},"image":{"@id":"https:\/\/www.itakaescolapios.org\/eu\/semanas-de-la-paz\/2016-2017-semana-por-la-paz\/oraciones-por-la-paz\/#primaryimage"},"thumbnailUrl":"https:\/\/www.itakaescolapios.org\/wp-content\/uploads\/2017\/01\/5b501786.gif","datePublished":"2017-01-16T13:25:10+00:00","dateModified":"2023-11-28T11:38:13+00:00","breadcrumb":{"@id":"https:\/\/www.itakaescolapios.org\/eu\/semanas-de-la-paz\/2016-2017-semana-por-la-paz\/oraciones-por-la-paz\/#breadcrumb"},"inLanguage":"eu","potentialAction":[{"@type":"ReadAction","target":["https:\/\/www.itakaescolapios.org\/eu\/semanas-de-la-paz\/2016-2017-semana-por-la-paz\/oraciones-por-la-paz\/"]}]},{"@type":"ImageObject","inLanguage":"eu","@id":"https:\/\/www.itakaescolapios.org\/eu\/semanas-de-la-paz\/2016-2017-semana-por-la-paz\/oraciones-por-la-paz\/#primaryimage","url":"https:\/\/www.itakaescolapios.org\/wp-content\/uploads\/2017\/01\/5b501786.gif","contentUrl":"https:\/\/www.itakaescolapios.org\/wp-content\/uploads\/2017\/01\/5b501786.gif"},{"@type":"BreadcrumbList","@id":"https:\/\/www.itakaescolapios.org\/eu\/semanas-de-la-paz\/2016-2017-semana-por-la-paz\/oraciones-por-la-paz\/#breadcrumb","itemListElement":[{"@type":"ListItem","position":1,"name":"Itaka-Escolapios","item":"https:\/\/www.itakaescolapios.org\/es\/"},{"@type":"ListItem","position":2,"name":"Semanas de la paz","item":"https:\/\/www.itakaescolapios.org\/es\/semanas-de-la-paz\/"},{"@type":"ListItem","position":3,"name":"2016-2017 BUSCANDO LA PAZ","item":"https:\/\/www.itakaescolapios.org\/es\/semanas-de-la-paz\/2016-2017-semana-por-la-paz\/"},{"@type":"ListItem","position":4,"name":"ORAMOS POR LA PAZ"}]},{"@type":"WebSite","@id":"https:\/\/www.itakaescolapios.org\/eu\/es\/#website","url":"https:\/\/www.itakaescolapios.org\/eu\/es\/","name":"Itaka-Escolapios","description":"Red de Itaka-Escolapios","publisher":{"@id":"https:\/\/www.itakaescolapios.org\/eu\/es\/#organization"},"potentialAction":[{"@type":"SearchAction","target":{"@type":"EntryPoint","urlTemplate":"https:\/\/www.itakaescolapios.org\/eu\/es\/?s={search_term_string}"},"query-input":{"@type":"PropertyValueSpecification","valueRequired":true,"valueName":"search_term_string"}}],"inLanguage":"eu"},{"@type":"Organization","@id":"https:\/\/www.itakaescolapios.org\/eu\/es\/#organization","name":"Fundaci\u00f3 Itaka-Escolapios","url":"https:\/\/www.itakaescolapios.org\/eu\/es\/","logo":{"@type":"ImageObject","inLanguage":"eu","@id":"https:\/\/www.itakaescolapios.org\/eu\/es\/#\/schema\/logo\/image\/","url":"https:\/\/www.itakaescolapios.org\/wp-content\/uploads\/2024\/04\/Logo-itakaescolapios-peque.png","contentUrl":"https:\/\/www.itakaescolapios.org\/wp-content\/uploads\/2024\/04\/Logo-itakaescolapios-peque.png","width":500,"height":199,"caption":"Fundaci\u00f3 Itaka-Escolapios"},"image":{"@id":"https:\/\/www.itakaescolapios.org\/eu\/es\/#\/schema\/logo\/image\/"}}]}},"_links":{"self":[{"href":"https:\/\/www.itakaescolapios.org\/eu\/wp-json\/wp\/v2\/pages\/17923","targetHints":{"allow":["GET"]}}],"collection":[{"href":"https:\/\/www.itakaescolapios.org\/eu\/wp-json\/wp\/v2\/pages"}],"about":[{"href":"https:\/\/www.itakaescolapios.org\/eu\/wp-json\/wp\/v2\/types\/page"}],"author":[{"embeddable":true,"href":"https:\/\/www.itakaescolapios.org\/eu\/wp-json\/wp\/v2\/users\/46"}],"replies":[{"embeddable":true,"href":"https:\/\/www.itakaescolapios.org\/eu\/wp-json\/wp\/v2\/comments?post=17923"}],"version-history":[{"count":10,"href":"https:\/\/www.itakaescolapios.org\/eu\/wp-json\/wp\/v2\/pages\/17923\/revisions"}],"predecessor-version":[{"id":47983,"href":"https:\/\/www.itakaescolapios.org\/eu\/wp-json\/wp\/v2\/pages\/17923\/revisions\/47983"}],"up":[{"embeddable":true,"href":"https:\/\/www.itakaescolapios.org\/eu\/wp-json\/wp\/v2\/pages\/17874"}],"wp:attachment":[{"href":"https:\/\/www.itakaescolapios.org\/eu\/wp-json\/wp\/v2\/media?parent=17923"}],"curies":[{"name":"wp","href":"https:\/\/api.w.org\/{rel}","templated":true}]}}