{"id":18522,"date":"2017-03-15T18:28:20","date_gmt":"2017-03-15T17:28:20","guid":{"rendered":"https:\/\/www.itakaescolapios.org\/?page_id=18522"},"modified":"2023-11-28T12:38:09","modified_gmt":"2023-11-28T11:38:09","slug":"escuela-itaka-escolapios-en-aragon","status":"publish","type":"page","link":"https:\/\/www.itakaescolapios.org\/eu\/zer-egiten-dugu\/escuelas-de-educadores-y-educadoras-de-tiempo-libre\/escuela-itaka-escolapios-en-aragon\/","title":{"rendered":"ESCUELA ITAKA ESCOLAPIOS EN ARAG\u00d3N"},"content":{"rendered":"<p><strong>Direcci\u00f3n:<\/strong><br \/>\nConde Aranda 2 Local<br \/>\n50003 Zaragoza<\/p>\n<p><strong>Contacto:<\/strong><br \/>\nTlfn: 976 40 51 35<br \/>\nsedezaragoza@itakaescolapios.org<\/p>\n<p>Si quieres m\u00e1s informaci\u00f3n con las fechas de inicio de los cursos, plazos de matriculaci\u00f3n, horarios o temario puedes ponerte en contacto con nuestra sede o <strong>pinchar aqu\u00ed<\/strong>.<\/p>\n<p>La Fundaci\u00f3n Itaka-Escolapios parte de una concepci\u00f3n de la educaci\u00f3n en el tiempo libre encaminada al desarrollo integral de la persona y a la transformaci\u00f3n de nuestra sociedad. Una educaci\u00f3n que apueste por una persona equilibrada, comprometida con su entorno, que asuma valores como la paz, la justicia social, la solidaridad, el respeto al medio ambiente\u2026, y que sea due\u00f1a de su propia vida.<br \/>\nLa Escuela Itaka-Escolapios Arag\u00f3n est\u00e1 compuesta por un grupo de profesionales (pedagogos\/as, soci\u00f3logos\/as, educadores\/as sociales, m\u00e9dicos,\u2026) que provienen de diversos campos de la animaci\u00f3n en el tiempo libre, asociaciones juveniles y culturales, movimientos eclesiales, entidades que trabajan en el campo de la exclusi\u00f3n, entre otros campos.<br \/>\nLa Escuela de Tiempo Libre Itaka-Escolapios Arag\u00f3n fue reconocida en Arag\u00f3n en el a\u00f1o 2015, momento en el que se efectu\u00f3 la inscripci\u00f3n correspondiente en el Registro del Instituto Aragon\u00e9s de la Juventud con el n\u00famero 59.<br \/>\nDesde entonces viene desarrollando cursos de Monitor de Tiempo Libre, manipulador de alimentos, as\u00ed como monogr\u00e1ficos relacionados con el campo educativo y del tiempo libre.<\/p>\n","protected":false},"excerpt":{"rendered":"<p>Direcci\u00f3n: Conde Aranda 2 Local 50003 Zaragoza Contacto: Tlfn: 976 40 51 35 sedezaragoza@itakaescolapios.org Si quieres m\u00e1s informaci\u00f3n con las fechas de inicio de los cursos, plazos de matriculaci\u00f3n, horarios [&hellip;]<\/p>\n","protected":false},"author":4,"featured_media":18523,"parent":89,"menu_order":0,"comment_status":"closed","ping_status":"closed","template":"","meta":{"_et_pb_use_builder":"","_et_pb_old_content":"","_et_gb_content_width":"","footnotes":""},"class_list":["post-18522","page","type-page","status-publish","has-post-thumbnail","hentry"],"yoast_head":"<!-- This site is optimized with the Yoast SEO plugin v27.3 - https:\/\/yoast.com\/product\/yoast-seo-wordpress\/ -->\n<title>ESCUELA ITAKA ESCOLAPIOS EN ARAG\u00d3N<\/title>\n<meta name=\"description\" content=\"Direcci\u00f3n: Conde Aranda 2 Local 50003 Zaragoza Contacto: Tlfn: 976 40 51 35 sedezaragoza@itakaescolapios.org Si quieres m\u00e1s informaci\u00f3n con las fechas de inicio de los cursos, plazos de matriculaci\u00f3n, horarios o temario puedes ponerte en contacto con nuestra sede o pinchar aqu\u00ed. La Fundaci\u00f3n Itaka-Escolapios parte de una concepci\u00f3n de la educaci\u00f3n en el tiempo&hellip;\" \/>\n<meta name=\"robots\" content=\"index, follow, max-snippet:-1, max-image-preview:large, max-video-preview:-1\" \/>\n<link rel=\"canonical\" href=\"\" \/>\n<meta property=\"og:locale\" content=\"en_US\" \/>\n<meta property=\"og:type\" content=\"article\" \/>\n<meta property=\"og:title\" content=\"ESCUELA ITAKA ESCOLAPIOS EN ARAG\u00d3N\" \/>\n<meta property=\"og:description\" content=\"Direcci\u00f3n: Conde Aranda 2 Local 50003 Zaragoza Contacto: Tlfn: 976 40 51 35 sedezaragoza@itakaescolapios.org Si quieres m\u00e1s informaci\u00f3n con las fechas de inicio de los cursos, plazos de matriculaci\u00f3n, horarios o temario puedes ponerte en contacto con nuestra sede o pinchar aqu\u00ed. La Fundaci\u00f3n Itaka-Escolapios parte de una concepci\u00f3n de la educaci\u00f3n en el tiempo&hellip;\" \/>\n<meta property=\"og:url\" content=\"https:\/\/www.itakaescolapios.org\/eu\/zer-egiten-dugu\/escuelas-de-educadores-y-educadoras-de-tiempo-libre\/escuela-itaka-escolapios-en-aragon\/\" \/>\n<meta property=\"og:site_name\" content=\"Itaka-Escolapios\" \/>\n<meta property=\"article:modified_time\" content=\"2023-11-28T11:38:09+00:00\" \/>\n<meta property=\"og:image\" content=\"https:\/\/www.itakaescolapios.org\/wp-content\/uploads\/2017\/03\/Escuela-tiempo-libre-Arag\u00f3n.jpg\" \/>\n\t<meta property=\"og:image:width\" content=\"567\" \/>\n\t<meta property=\"og:image:height\" content=\"461\" \/>\n\t<meta property=\"og:image:type\" content=\"image\/jpeg\" \/>\n<meta name=\"twitter:card\" content=\"summary_large_image\" \/>\n<meta name=\"twitter:label1\" content=\"Est. reading time\" \/>\n\t<meta name=\"twitter:data1\" content=\"1 minutua\" \/>\n<script type=\"application\/ld+json\" class=\"yoast-schema-graph\">{\"@context\":\"https:\\\/\\\/schema.org\",\"@graph\":[{\"@type\":\"WebPage\",\"@id\":\"https:\\\/\\\/www.itakaescolapios.org\\\/eu\\\/zer-egiten-dugu\\\/escuelas-de-educadores-y-educadoras-de-tiempo-libre\\\/escuela-itaka-escolapios-en-aragon\\\/\",\"url\":\"https:\\\/\\\/www.itakaescolapios.org\\\/eu\\\/zer-egiten-dugu\\\/escuelas-de-educadores-y-educadoras-de-tiempo-libre\\\/escuela-itaka-escolapios-en-aragon\\\/\",\"name\":\"ESCUELA ITAKA ESCOLAPIOS EN ARAG\u00d3N - Itaka-Escolapios\",\"isPartOf\":{\"@id\":\"https:\\\/\\\/www.itakaescolapios.org\\\/es\\\/#website\"},\"primaryImageOfPage\":{\"@id\":\"https:\\\/\\\/www.itakaescolapios.org\\\/eu\\\/zer-egiten-dugu\\\/escuelas-de-educadores-y-educadoras-de-tiempo-libre\\\/escuela-itaka-escolapios-en-aragon\\\/#primaryimage\"},\"image\":{\"@id\":\"https:\\\/\\\/www.itakaescolapios.org\\\/eu\\\/zer-egiten-dugu\\\/escuelas-de-educadores-y-educadoras-de-tiempo-libre\\\/escuela-itaka-escolapios-en-aragon\\\/#primaryimage\"},\"thumbnailUrl\":\"https:\\\/\\\/www.itakaescolapios.org\\\/wp-content\\\/uploads\\\/2017\\\/03\\\/Escuela-tiempo-libre-Arag\u00f3n.jpg\",\"datePublished\":\"2017-03-15T17:28:20+00:00\",\"dateModified\":\"2023-11-28T11:38:09+00:00\",\"breadcrumb\":{\"@id\":\"https:\\\/\\\/www.itakaescolapios.org\\\/eu\\\/zer-egiten-dugu\\\/escuelas-de-educadores-y-educadoras-de-tiempo-libre\\\/escuela-itaka-escolapios-en-aragon\\\/#breadcrumb\"},\"inLanguage\":\"eu\",\"potentialAction\":[{\"@type\":\"ReadAction\",\"target\":[\"https:\\\/\\\/www.itakaescolapios.org\\\/eu\\\/zer-egiten-dugu\\\/escuelas-de-educadores-y-educadoras-de-tiempo-libre\\\/escuela-itaka-escolapios-en-aragon\\\/\"]}]},{\"@type\":\"ImageObject\",\"inLanguage\":\"eu\",\"@id\":\"https:\\\/\\\/www.itakaescolapios.org\\\/eu\\\/zer-egiten-dugu\\\/escuelas-de-educadores-y-educadoras-de-tiempo-libre\\\/escuela-itaka-escolapios-en-aragon\\\/#primaryimage\",\"url\":\"https:\\\/\\\/www.itakaescolapios.org\\\/wp-content\\\/uploads\\\/2017\\\/03\\\/Escuela-tiempo-libre-Arag\u00f3n.jpg\",\"contentUrl\":\"https:\\\/\\\/www.itakaescolapios.org\\\/wp-content\\\/uploads\\\/2017\\\/03\\\/Escuela-tiempo-libre-Arag\u00f3n.jpg\",\"width\":567,\"height\":461},{\"@type\":\"BreadcrumbList\",\"@id\":\"https:\\\/\\\/www.itakaescolapios.org\\\/eu\\\/zer-egiten-dugu\\\/escuelas-de-educadores-y-educadoras-de-tiempo-libre\\\/escuela-itaka-escolapios-en-aragon\\\/#breadcrumb\",\"itemListElement\":[{\"@type\":\"ListItem\",\"position\":1,\"name\":\"Itaka-Escolapios\",\"item\":\"https:\\\/\\\/www.itakaescolapios.org\\\/es\\\/\"},{\"@type\":\"ListItem\",\"position\":2,\"name\":\"Zer egiten dugu\",\"item\":\"https:\\\/\\\/www.itakaescolapios.org\\\/es\\\/que-hacemos\\\/\"},{\"@type\":\"ListItem\",\"position\":3,\"name\":\"Escuelas de educadores y educadoras\",\"item\":\"https:\\\/\\\/www.itakaescolapios.org\\\/es\\\/que-hacemos\\\/escuelas-de-educadores-y-educadoras-de-tiempo-libre\\\/\"},{\"@type\":\"ListItem\",\"position\":4,\"name\":\"ESCUELA ITAKA ESCOLAPIOS EN ARAG\u00d3N\"}]},{\"@type\":\"WebSite\",\"@id\":\"https:\\\/\\\/www.itakaescolapios.org\\\/eu\\\/es\\\/#website\",\"url\":\"https:\\\/\\\/www.itakaescolapios.org\\\/eu\\\/es\\\/\",\"name\":\"Itaka-Escolapios\",\"description\":\"Red de Itaka-Escolapios\",\"publisher\":{\"@id\":\"https:\\\/\\\/www.itakaescolapios.org\\\/eu\\\/es\\\/#organization\"},\"potentialAction\":[{\"@type\":\"SearchAction\",\"target\":{\"@type\":\"EntryPoint\",\"urlTemplate\":\"https:\\\/\\\/www.itakaescolapios.org\\\/eu\\\/es\\\/?s={search_term_string}\"},\"query-input\":{\"@type\":\"PropertyValueSpecification\",\"valueRequired\":true,\"valueName\":\"search_term_string\"}}],\"inLanguage\":\"eu\"},{\"@type\":\"Organization\",\"@id\":\"https:\\\/\\\/www.itakaescolapios.org\\\/eu\\\/es\\\/#organization\",\"name\":\"Fundaci\u00f3 Itaka-Escolapios\",\"url\":\"https:\\\/\\\/www.itakaescolapios.org\\\/eu\\\/es\\\/\",\"logo\":{\"@type\":\"ImageObject\",\"inLanguage\":\"eu\",\"@id\":\"https:\\\/\\\/www.itakaescolapios.org\\\/eu\\\/es\\\/#\\\/schema\\\/logo\\\/image\\\/\",\"url\":\"https:\\\/\\\/www.itakaescolapios.org\\\/wp-content\\\/uploads\\\/2024\\\/04\\\/Logo-itakaescolapios-peque.png\",\"contentUrl\":\"https:\\\/\\\/www.itakaescolapios.org\\\/wp-content\\\/uploads\\\/2024\\\/04\\\/Logo-itakaescolapios-peque.png\",\"width\":500,\"height\":199,\"caption\":\"Fundaci\u00f3 Itaka-Escolapios\"},\"image\":{\"@id\":\"https:\\\/\\\/www.itakaescolapios.org\\\/eu\\\/es\\\/#\\\/schema\\\/logo\\\/image\\\/\"}}]}<\/script>\n<!-- \/ Yoast SEO plugin. -->","yoast_head_json":{"title":"ESCUELA ITAKA ESCOLAPIOS EN ARAG\u00d3N","description":"Direcci\u00f3n: Conde Aranda 2 Local 50003 Zaragoza Contacto: Tlfn: 976 40 51 35 sedezaragoza@itakaescolapios.org Si quieres m\u00e1s informaci\u00f3n con las fechas de inicio de los cursos, plazos de matriculaci\u00f3n, horarios o temario puedes ponerte en contacto con nuestra sede o pinchar aqu\u00ed. La Fundaci\u00f3n Itaka-Escolapios parte de una concepci\u00f3n de la educaci\u00f3n en el tiempo&hellip;","robots":{"index":"index","follow":"follow","max-snippet":"max-snippet:-1","max-image-preview":"max-image-preview:large","max-video-preview":"max-video-preview:-1"},"canonical":"Direcci\u00f3n: Conde Aranda 2 Local 50003 Zaragoza Contacto: Tlfn: 976 40 51 35 sedezaragoza@itakaescolapios.org Si quieres m\u00e1s informaci\u00f3n con las fechas de inicio de los cursos, plazos de matriculaci\u00f3n, horarios o temario puedes ponerte en contacto con nuestra sede o pinchar aqu\u00ed. La Fundaci\u00f3n Itaka-Escolapios parte de una concepci\u00f3n de la educaci\u00f3n en el tiempo&hellip;","og_locale":"en_US","og_type":"article","og_title":"ESCUELA ITAKA ESCOLAPIOS EN ARAG\u00d3N","og_description":"Direcci\u00f3n: Conde Aranda 2 Local 50003 Zaragoza Contacto: Tlfn: 976 40 51 35 sedezaragoza@itakaescolapios.org Si quieres m\u00e1s informaci\u00f3n con las fechas de inicio de los cursos, plazos de matriculaci\u00f3n, horarios o temario puedes ponerte en contacto con nuestra sede o pinchar aqu\u00ed. La Fundaci\u00f3n Itaka-Escolapios parte de una concepci\u00f3n de la educaci\u00f3n en el tiempo&hellip;","og_url":"https:\/\/www.itakaescolapios.org\/eu\/zer-egiten-dugu\/escuelas-de-educadores-y-educadoras-de-tiempo-libre\/escuela-itaka-escolapios-en-aragon\/","og_site_name":"Itaka-Escolapios","article_modified_time":"2023-11-28T11:38:09+00:00","og_image":[{"width":567,"height":461,"url":"https:\/\/www.itakaescolapios.org\/wp-content\/uploads\/2017\/03\/Escuela-tiempo-libre-Arag\u00f3n.jpg","type":"image\/jpeg"}],"twitter_card":"summary_large_image","twitter_misc":{"Est. reading time":"1 minutua"},"schema":{"@context":"https:\/\/schema.org","@graph":[{"@type":"WebPage","@id":"https:\/\/www.itakaescolapios.org\/eu\/zer-egiten-dugu\/escuelas-de-educadores-y-educadoras-de-tiempo-libre\/escuela-itaka-escolapios-en-aragon\/","url":"https:\/\/www.itakaescolapios.org\/eu\/zer-egiten-dugu\/escuelas-de-educadores-y-educadoras-de-tiempo-libre\/escuela-itaka-escolapios-en-aragon\/","name":"ESCUELA ITAKA ESCOLAPIOS EN ARAG\u00d3N - Itaka-Escolapios","isPartOf":{"@id":"https:\/\/www.itakaescolapios.org\/es\/#website"},"primaryImageOfPage":{"@id":"https:\/\/www.itakaescolapios.org\/eu\/zer-egiten-dugu\/escuelas-de-educadores-y-educadoras-de-tiempo-libre\/escuela-itaka-escolapios-en-aragon\/#primaryimage"},"image":{"@id":"https:\/\/www.itakaescolapios.org\/eu\/zer-egiten-dugu\/escuelas-de-educadores-y-educadoras-de-tiempo-libre\/escuela-itaka-escolapios-en-aragon\/#primaryimage"},"thumbnailUrl":"https:\/\/www.itakaescolapios.org\/wp-content\/uploads\/2017\/03\/Escuela-tiempo-libre-Arag\u00f3n.jpg","datePublished":"2017-03-15T17:28:20+00:00","dateModified":"2023-11-28T11:38:09+00:00","breadcrumb":{"@id":"https:\/\/www.itakaescolapios.org\/eu\/zer-egiten-dugu\/escuelas-de-educadores-y-educadoras-de-tiempo-libre\/escuela-itaka-escolapios-en-aragon\/#breadcrumb"},"inLanguage":"eu","potentialAction":[{"@type":"ReadAction","target":["https:\/\/www.itakaescolapios.org\/eu\/zer-egiten-dugu\/escuelas-de-educadores-y-educadoras-de-tiempo-libre\/escuela-itaka-escolapios-en-aragon\/"]}]},{"@type":"ImageObject","inLanguage":"eu","@id":"https:\/\/www.itakaescolapios.org\/eu\/zer-egiten-dugu\/escuelas-de-educadores-y-educadoras-de-tiempo-libre\/escuela-itaka-escolapios-en-aragon\/#primaryimage","url":"https:\/\/www.itakaescolapios.org\/wp-content\/uploads\/2017\/03\/Escuela-tiempo-libre-Arag\u00f3n.jpg","contentUrl":"https:\/\/www.itakaescolapios.org\/wp-content\/uploads\/2017\/03\/Escuela-tiempo-libre-Arag\u00f3n.jpg","width":567,"height":461},{"@type":"BreadcrumbList","@id":"https:\/\/www.itakaescolapios.org\/eu\/zer-egiten-dugu\/escuelas-de-educadores-y-educadoras-de-tiempo-libre\/escuela-itaka-escolapios-en-aragon\/#breadcrumb","itemListElement":[{"@type":"ListItem","position":1,"name":"Itaka-Escolapios","item":"https:\/\/www.itakaescolapios.org\/es\/"},{"@type":"ListItem","position":2,"name":"Zer egiten dugu","item":"https:\/\/www.itakaescolapios.org\/es\/que-hacemos\/"},{"@type":"ListItem","position":3,"name":"Escuelas de educadores y educadoras","item":"https:\/\/www.itakaescolapios.org\/es\/que-hacemos\/escuelas-de-educadores-y-educadoras-de-tiempo-libre\/"},{"@type":"ListItem","position":4,"name":"ESCUELA ITAKA ESCOLAPIOS EN ARAG\u00d3N"}]},{"@type":"WebSite","@id":"https:\/\/www.itakaescolapios.org\/eu\/es\/#website","url":"https:\/\/www.itakaescolapios.org\/eu\/es\/","name":"Itaka-Escolapios","description":"Red de Itaka-Escolapios","publisher":{"@id":"https:\/\/www.itakaescolapios.org\/eu\/es\/#organization"},"potentialAction":[{"@type":"SearchAction","target":{"@type":"EntryPoint","urlTemplate":"https:\/\/www.itakaescolapios.org\/eu\/es\/?s={search_term_string}"},"query-input":{"@type":"PropertyValueSpecification","valueRequired":true,"valueName":"search_term_string"}}],"inLanguage":"eu"},{"@type":"Organization","@id":"https:\/\/www.itakaescolapios.org\/eu\/es\/#organization","name":"Fundaci\u00f3 Itaka-Escolapios","url":"https:\/\/www.itakaescolapios.org\/eu\/es\/","logo":{"@type":"ImageObject","inLanguage":"eu","@id":"https:\/\/www.itakaescolapios.org\/eu\/es\/#\/schema\/logo\/image\/","url":"https:\/\/www.itakaescolapios.org\/wp-content\/uploads\/2024\/04\/Logo-itakaescolapios-peque.png","contentUrl":"https:\/\/www.itakaescolapios.org\/wp-content\/uploads\/2024\/04\/Logo-itakaescolapios-peque.png","width":500,"height":199,"caption":"Fundaci\u00f3 Itaka-Escolapios"},"image":{"@id":"https:\/\/www.itakaescolapios.org\/eu\/es\/#\/schema\/logo\/image\/"}}]}},"_links":{"self":[{"href":"https:\/\/www.itakaescolapios.org\/eu\/wp-json\/wp\/v2\/pages\/18522","targetHints":{"allow":["GET"]}}],"collection":[{"href":"https:\/\/www.itakaescolapios.org\/eu\/wp-json\/wp\/v2\/pages"}],"about":[{"href":"https:\/\/www.itakaescolapios.org\/eu\/wp-json\/wp\/v2\/types\/page"}],"author":[{"embeddable":true,"href":"https:\/\/www.itakaescolapios.org\/eu\/wp-json\/wp\/v2\/users\/4"}],"replies":[{"embeddable":true,"href":"https:\/\/www.itakaescolapios.org\/eu\/wp-json\/wp\/v2\/comments?post=18522"}],"version-history":[{"count":8,"href":"https:\/\/www.itakaescolapios.org\/eu\/wp-json\/wp\/v2\/pages\/18522\/revisions"}],"predecessor-version":[{"id":47860,"href":"https:\/\/www.itakaescolapios.org\/eu\/wp-json\/wp\/v2\/pages\/18522\/revisions\/47860"}],"up":[{"embeddable":true,"href":"https:\/\/www.itakaescolapios.org\/eu\/wp-json\/wp\/v2\/pages\/89"}],"wp:featuredmedia":[{"embeddable":true,"href":"https:\/\/www.itakaescolapios.org\/eu\/wp-json\/wp\/v2\/media\/18523"}],"wp:attachment":[{"href":"https:\/\/www.itakaescolapios.org\/eu\/wp-json\/wp\/v2\/media?parent=18522"}],"curies":[{"name":"wp","href":"https:\/\/api.w.org\/{rel}","templated":true}]}}