{"id":20598,"date":"2017-10-24T12:12:43","date_gmt":"2017-10-24T11:12:43","guid":{"rendered":"https:\/\/www.itakaescolapios.org\/?page_id=20598"},"modified":"2023-11-28T12:37:49","modified_gmt":"2023-11-28T11:37:49","slug":"internado-de-oussouye-senegal","status":"publish","type":"page","link":"https:\/\/www.itakaescolapios.org\/eu\/zer-egiten-dugu\/internados\/internado-de-oussouye-senegal\/","title":{"rendered":"INTERNADO DE OUSSOUYE (SENEGAL)"},"content":{"rendered":"<p>El internado de Oussouye alberga a unos 50 ni\u00f1os de diversas procedencias, pero la mayor\u00eda de ellos provienen de Casamance. Las fotograf\u00edas siguientes muestran la convivencia de diferentes ni\u00f1os de diferentes grupos \u00e9tnicos, niveles de vida y edades. Se espera que vivan juntos durante nueve meses (diez meses para los que est\u00e1n en la clase de examen). En el internado se vive en un clima de fraternidad, de solidaridad, de paz mutua y de alegr\u00eda, porque todos est\u00e1n felices de vivir juntos aunque sean diferentes. Este internado de Oussouye ha acogido a m\u00e1s de veinte generaciones de estudiantes desde su construcci\u00f3n en los a\u00f1os setenta. Agradecemos a los escolapios por ser actores del desarrollo en este departamento, que es uno de los m\u00e1s pobres de Senegal.<\/p>\n<p>Los ni\u00f1os que asisten a estas escuelas aprenden a vivir juntos en el respeto mutuo. Est\u00e1n all\u00ed debido a las dificultades que tienen algunas familias para ayudar a sus hijos en los estudios por tiempo o por recursos econ\u00f3micos. Los escolapios est\u00e1n all\u00ed para darles este apoyo a trav\u00e9s de este internado, que ha estado en funcionamiento durante d\u00e9cadas. M\u00e1s all\u00e1 de eso, todos estos ni\u00f1os conocer\u00e1n la importancia de la educaci\u00f3n, el sacrificio del trabajo intelectual, la importancia del respeto a los dem\u00e1s, la solidaridad y la importancia del respeto al bien com\u00fan.<\/p>\n","protected":false},"excerpt":{"rendered":"<p>El internado de Oussouye alberga a unos 50 ni\u00f1os de diversas procedencias, pero la mayor\u00eda de ellos provienen de Casamance. Las fotograf\u00edas siguientes muestran la convivencia de diferentes ni\u00f1os de [&hellip;]<\/p>\n","protected":false},"author":46,"featured_media":20605,"parent":93,"menu_order":9,"comment_status":"closed","ping_status":"closed","template":"","meta":{"_et_pb_use_builder":"","_et_pb_old_content":"","_et_gb_content_width":"","footnotes":""},"class_list":["post-20598","page","type-page","status-publish","has-post-thumbnail","hentry"],"yoast_head":"<!-- This site is optimized with the Yoast SEO plugin v27.3 - https:\/\/yoast.com\/product\/yoast-seo-wordpress\/ -->\n<title>INTERNADO DE OUSSOUYE (SENEGAL)<\/title>\n<meta name=\"description\" content=\"El internado de Oussouye alberga a unos 50 ni\u00f1os de diversas procedencias, pero la mayor\u00eda de ellos provienen de Casamance. Las fotograf\u00edas siguientes muestran la convivencia de diferentes ni\u00f1os de diferentes grupos \u00e9tnicos, niveles de vida y edades. Se espera que vivan juntos durante nueve meses (diez meses para los que est\u00e1n en la clase&hellip;\" \/>\n<meta name=\"robots\" content=\"index, follow, max-snippet:-1, max-image-preview:large, max-video-preview:-1\" \/>\n<link rel=\"canonical\" href=\"http:\/\/El%20internado%20de%20Oussouye%20alberga%20a%20unos%2050%20ni\u00f1os%20de%20diversas%20procedencias,%20pero%20la%20mayor\u00eda%20de%20ellos%20provienen%20de%20Casamance.%20Las%20fotograf\u00edas%20siguientes%20muestran%20la%20convivencia%20de%20diferentes%20ni\u00f1os%20de%20diferentes%20grupos%20\u00e9tnicos,%20niveles%20de%20vida%20y%20edades.%20Se%20espera%20que%20vivan%20juntos%20durante%20nueve%20meses%20(diez%20meses%20para%20los%20que%20est\u00e1n%20en%20la%20clase&hellip;\" \/>\n<meta property=\"og:locale\" content=\"en_US\" \/>\n<meta property=\"og:type\" content=\"article\" \/>\n<meta property=\"og:title\" content=\"INTERNADO DE OUSSOUYE (SENEGAL)\" \/>\n<meta property=\"og:description\" content=\"El internado de Oussouye alberga a unos 50 ni\u00f1os de diversas procedencias, pero la mayor\u00eda de ellos provienen de Casamance. Las fotograf\u00edas siguientes muestran la convivencia de diferentes ni\u00f1os de diferentes grupos \u00e9tnicos, niveles de vida y edades. Se espera que vivan juntos durante nueve meses (diez meses para los que est\u00e1n en la clase&hellip;\" \/>\n<meta property=\"og:url\" content=\"https:\/\/www.itakaescolapios.org\/eu\/zer-egiten-dugu\/internados\/internado-de-oussouye-senegal\/\" \/>\n<meta property=\"og:site_name\" content=\"Itaka-Escolapios\" \/>\n<meta property=\"article:modified_time\" content=\"2023-11-28T11:37:49+00:00\" \/>\n<meta property=\"og:image\" content=\"https:\/\/www.itakaescolapios.org\/wp-content\/uploads\/2017\/10\/Internat-dOussouye-2.jpg\" \/>\n\t<meta property=\"og:image:width\" content=\"1598\" \/>\n\t<meta property=\"og:image:height\" content=\"1078\" \/>\n\t<meta property=\"og:image:type\" content=\"image\/jpeg\" \/>\n<meta name=\"twitter:card\" content=\"summary_large_image\" \/>\n<meta name=\"twitter:label1\" content=\"Est. reading time\" \/>\n\t<meta name=\"twitter:data1\" content=\"1 minutua\" \/>\n<script type=\"application\/ld+json\" class=\"yoast-schema-graph\">{\"@context\":\"https:\\\/\\\/schema.org\",\"@graph\":[{\"@type\":\"WebPage\",\"@id\":\"https:\\\/\\\/www.itakaescolapios.org\\\/eu\\\/zer-egiten-dugu\\\/internados\\\/internado-de-oussouye-senegal\\\/\",\"url\":\"https:\\\/\\\/www.itakaescolapios.org\\\/eu\\\/zer-egiten-dugu\\\/internados\\\/internado-de-oussouye-senegal\\\/\",\"name\":\"INTERNADO DE OUSSOUYE (SENEGAL) - Itaka-Escolapios\",\"isPartOf\":{\"@id\":\"https:\\\/\\\/www.itakaescolapios.org\\\/es\\\/#website\"},\"primaryImageOfPage\":{\"@id\":\"https:\\\/\\\/www.itakaescolapios.org\\\/eu\\\/zer-egiten-dugu\\\/internados\\\/internado-de-oussouye-senegal\\\/#primaryimage\"},\"image\":{\"@id\":\"https:\\\/\\\/www.itakaescolapios.org\\\/eu\\\/zer-egiten-dugu\\\/internados\\\/internado-de-oussouye-senegal\\\/#primaryimage\"},\"thumbnailUrl\":\"https:\\\/\\\/www.itakaescolapios.org\\\/wp-content\\\/uploads\\\/2017\\\/10\\\/Internat-dOussouye-2.jpg\",\"datePublished\":\"2017-10-24T11:12:43+00:00\",\"dateModified\":\"2023-11-28T11:37:49+00:00\",\"breadcrumb\":{\"@id\":\"https:\\\/\\\/www.itakaescolapios.org\\\/eu\\\/zer-egiten-dugu\\\/internados\\\/internado-de-oussouye-senegal\\\/#breadcrumb\"},\"inLanguage\":\"eu\",\"potentialAction\":[{\"@type\":\"ReadAction\",\"target\":[\"https:\\\/\\\/www.itakaescolapios.org\\\/eu\\\/zer-egiten-dugu\\\/internados\\\/internado-de-oussouye-senegal\\\/\"]}]},{\"@type\":\"ImageObject\",\"inLanguage\":\"eu\",\"@id\":\"https:\\\/\\\/www.itakaescolapios.org\\\/eu\\\/zer-egiten-dugu\\\/internados\\\/internado-de-oussouye-senegal\\\/#primaryimage\",\"url\":\"https:\\\/\\\/www.itakaescolapios.org\\\/wp-content\\\/uploads\\\/2017\\\/10\\\/Internat-dOussouye-2.jpg\",\"contentUrl\":\"https:\\\/\\\/www.itakaescolapios.org\\\/wp-content\\\/uploads\\\/2017\\\/10\\\/Internat-dOussouye-2.jpg\",\"width\":1598,\"height\":1078},{\"@type\":\"BreadcrumbList\",\"@id\":\"https:\\\/\\\/www.itakaescolapios.org\\\/eu\\\/zer-egiten-dugu\\\/internados\\\/internado-de-oussouye-senegal\\\/#breadcrumb\",\"itemListElement\":[{\"@type\":\"ListItem\",\"position\":1,\"name\":\"Itaka-Escolapios\",\"item\":\"https:\\\/\\\/www.itakaescolapios.org\\\/es\\\/\"},{\"@type\":\"ListItem\",\"position\":2,\"name\":\"Zer egiten dugu\",\"item\":\"https:\\\/\\\/www.itakaescolapios.org\\\/es\\\/que-hacemos\\\/\"},{\"@type\":\"ListItem\",\"position\":3,\"name\":\"Internados\",\"item\":\"https:\\\/\\\/www.itakaescolapios.org\\\/es\\\/que-hacemos\\\/internados\\\/\"},{\"@type\":\"ListItem\",\"position\":4,\"name\":\"INTERNADO DE OUSSOUYE (SENEGAL)\"}]},{\"@type\":\"WebSite\",\"@id\":\"https:\\\/\\\/www.itakaescolapios.org\\\/eu\\\/es\\\/#website\",\"url\":\"https:\\\/\\\/www.itakaescolapios.org\\\/eu\\\/es\\\/\",\"name\":\"Itaka-Escolapios\",\"description\":\"Red de Itaka-Escolapios\",\"publisher\":{\"@id\":\"https:\\\/\\\/www.itakaescolapios.org\\\/eu\\\/es\\\/#organization\"},\"potentialAction\":[{\"@type\":\"SearchAction\",\"target\":{\"@type\":\"EntryPoint\",\"urlTemplate\":\"https:\\\/\\\/www.itakaescolapios.org\\\/eu\\\/es\\\/?s={search_term_string}\"},\"query-input\":{\"@type\":\"PropertyValueSpecification\",\"valueRequired\":true,\"valueName\":\"search_term_string\"}}],\"inLanguage\":\"eu\"},{\"@type\":\"Organization\",\"@id\":\"https:\\\/\\\/www.itakaescolapios.org\\\/eu\\\/es\\\/#organization\",\"name\":\"Fundaci\u00f3 Itaka-Escolapios\",\"url\":\"https:\\\/\\\/www.itakaescolapios.org\\\/eu\\\/es\\\/\",\"logo\":{\"@type\":\"ImageObject\",\"inLanguage\":\"eu\",\"@id\":\"https:\\\/\\\/www.itakaescolapios.org\\\/eu\\\/es\\\/#\\\/schema\\\/logo\\\/image\\\/\",\"url\":\"https:\\\/\\\/www.itakaescolapios.org\\\/wp-content\\\/uploads\\\/2024\\\/04\\\/Logo-itakaescolapios-peque.png\",\"contentUrl\":\"https:\\\/\\\/www.itakaescolapios.org\\\/wp-content\\\/uploads\\\/2024\\\/04\\\/Logo-itakaescolapios-peque.png\",\"width\":500,\"height\":199,\"caption\":\"Fundaci\u00f3 Itaka-Escolapios\"},\"image\":{\"@id\":\"https:\\\/\\\/www.itakaescolapios.org\\\/eu\\\/es\\\/#\\\/schema\\\/logo\\\/image\\\/\"}}]}<\/script>\n<!-- \/ Yoast SEO plugin. -->","yoast_head_json":{"title":"INTERNADO DE OUSSOUYE (SENEGAL)","description":"El internado de Oussouye alberga a unos 50 ni\u00f1os de diversas procedencias, pero la mayor\u00eda de ellos provienen de Casamance. Las fotograf\u00edas siguientes muestran la convivencia de diferentes ni\u00f1os de diferentes grupos \u00e9tnicos, niveles de vida y edades. Se espera que vivan juntos durante nueve meses (diez meses para los que est\u00e1n en la clase&hellip;","robots":{"index":"index","follow":"follow","max-snippet":"max-snippet:-1","max-image-preview":"max-image-preview:large","max-video-preview":"max-video-preview:-1"},"canonical":"El internado de Oussouye alberga a unos 50 ni\u00f1os de diversas procedencias, pero la mayor\u00eda de ellos provienen de Casamance. Las fotograf\u00edas siguientes muestran la convivencia de diferentes ni\u00f1os de diferentes grupos \u00e9tnicos, niveles de vida y edades. Se espera que vivan juntos durante nueve meses (diez meses para los que est\u00e1n en la clase&hellip;","og_locale":"en_US","og_type":"article","og_title":"INTERNADO DE OUSSOUYE (SENEGAL)","og_description":"El internado de Oussouye alberga a unos 50 ni\u00f1os de diversas procedencias, pero la mayor\u00eda de ellos provienen de Casamance. Las fotograf\u00edas siguientes muestran la convivencia de diferentes ni\u00f1os de diferentes grupos \u00e9tnicos, niveles de vida y edades. Se espera que vivan juntos durante nueve meses (diez meses para los que est\u00e1n en la clase&hellip;","og_url":"https:\/\/www.itakaescolapios.org\/eu\/zer-egiten-dugu\/internados\/internado-de-oussouye-senegal\/","og_site_name":"Itaka-Escolapios","article_modified_time":"2023-11-28T11:37:49+00:00","og_image":[{"width":1598,"height":1078,"url":"https:\/\/www.itakaescolapios.org\/wp-content\/uploads\/2017\/10\/Internat-dOussouye-2.jpg","type":"image\/jpeg"}],"twitter_card":"summary_large_image","twitter_misc":{"Est. reading time":"1 minutua"},"schema":{"@context":"https:\/\/schema.org","@graph":[{"@type":"WebPage","@id":"https:\/\/www.itakaescolapios.org\/eu\/zer-egiten-dugu\/internados\/internado-de-oussouye-senegal\/","url":"https:\/\/www.itakaescolapios.org\/eu\/zer-egiten-dugu\/internados\/internado-de-oussouye-senegal\/","name":"INTERNADO DE OUSSOUYE (SENEGAL) - Itaka-Escolapios","isPartOf":{"@id":"https:\/\/www.itakaescolapios.org\/es\/#website"},"primaryImageOfPage":{"@id":"https:\/\/www.itakaescolapios.org\/eu\/zer-egiten-dugu\/internados\/internado-de-oussouye-senegal\/#primaryimage"},"image":{"@id":"https:\/\/www.itakaescolapios.org\/eu\/zer-egiten-dugu\/internados\/internado-de-oussouye-senegal\/#primaryimage"},"thumbnailUrl":"https:\/\/www.itakaescolapios.org\/wp-content\/uploads\/2017\/10\/Internat-dOussouye-2.jpg","datePublished":"2017-10-24T11:12:43+00:00","dateModified":"2023-11-28T11:37:49+00:00","breadcrumb":{"@id":"https:\/\/www.itakaescolapios.org\/eu\/zer-egiten-dugu\/internados\/internado-de-oussouye-senegal\/#breadcrumb"},"inLanguage":"eu","potentialAction":[{"@type":"ReadAction","target":["https:\/\/www.itakaescolapios.org\/eu\/zer-egiten-dugu\/internados\/internado-de-oussouye-senegal\/"]}]},{"@type":"ImageObject","inLanguage":"eu","@id":"https:\/\/www.itakaescolapios.org\/eu\/zer-egiten-dugu\/internados\/internado-de-oussouye-senegal\/#primaryimage","url":"https:\/\/www.itakaescolapios.org\/wp-content\/uploads\/2017\/10\/Internat-dOussouye-2.jpg","contentUrl":"https:\/\/www.itakaescolapios.org\/wp-content\/uploads\/2017\/10\/Internat-dOussouye-2.jpg","width":1598,"height":1078},{"@type":"BreadcrumbList","@id":"https:\/\/www.itakaescolapios.org\/eu\/zer-egiten-dugu\/internados\/internado-de-oussouye-senegal\/#breadcrumb","itemListElement":[{"@type":"ListItem","position":1,"name":"Itaka-Escolapios","item":"https:\/\/www.itakaescolapios.org\/es\/"},{"@type":"ListItem","position":2,"name":"Zer egiten dugu","item":"https:\/\/www.itakaescolapios.org\/es\/que-hacemos\/"},{"@type":"ListItem","position":3,"name":"Internados","item":"https:\/\/www.itakaescolapios.org\/es\/que-hacemos\/internados\/"},{"@type":"ListItem","position":4,"name":"INTERNADO DE OUSSOUYE (SENEGAL)"}]},{"@type":"WebSite","@id":"https:\/\/www.itakaescolapios.org\/eu\/es\/#website","url":"https:\/\/www.itakaescolapios.org\/eu\/es\/","name":"Itaka-Escolapios","description":"Red de Itaka-Escolapios","publisher":{"@id":"https:\/\/www.itakaescolapios.org\/eu\/es\/#organization"},"potentialAction":[{"@type":"SearchAction","target":{"@type":"EntryPoint","urlTemplate":"https:\/\/www.itakaescolapios.org\/eu\/es\/?s={search_term_string}"},"query-input":{"@type":"PropertyValueSpecification","valueRequired":true,"valueName":"search_term_string"}}],"inLanguage":"eu"},{"@type":"Organization","@id":"https:\/\/www.itakaescolapios.org\/eu\/es\/#organization","name":"Fundaci\u00f3 Itaka-Escolapios","url":"https:\/\/www.itakaescolapios.org\/eu\/es\/","logo":{"@type":"ImageObject","inLanguage":"eu","@id":"https:\/\/www.itakaescolapios.org\/eu\/es\/#\/schema\/logo\/image\/","url":"https:\/\/www.itakaescolapios.org\/wp-content\/uploads\/2024\/04\/Logo-itakaescolapios-peque.png","contentUrl":"https:\/\/www.itakaescolapios.org\/wp-content\/uploads\/2024\/04\/Logo-itakaescolapios-peque.png","width":500,"height":199,"caption":"Fundaci\u00f3 Itaka-Escolapios"},"image":{"@id":"https:\/\/www.itakaescolapios.org\/eu\/es\/#\/schema\/logo\/image\/"}}]}},"_links":{"self":[{"href":"https:\/\/www.itakaescolapios.org\/eu\/wp-json\/wp\/v2\/pages\/20598","targetHints":{"allow":["GET"]}}],"collection":[{"href":"https:\/\/www.itakaescolapios.org\/eu\/wp-json\/wp\/v2\/pages"}],"about":[{"href":"https:\/\/www.itakaescolapios.org\/eu\/wp-json\/wp\/v2\/types\/page"}],"author":[{"embeddable":true,"href":"https:\/\/www.itakaescolapios.org\/eu\/wp-json\/wp\/v2\/users\/46"}],"replies":[{"embeddable":true,"href":"https:\/\/www.itakaescolapios.org\/eu\/wp-json\/wp\/v2\/comments?post=20598"}],"version-history":[{"count":7,"href":"https:\/\/www.itakaescolapios.org\/eu\/wp-json\/wp\/v2\/pages\/20598\/revisions"}],"predecessor-version":[{"id":47324,"href":"https:\/\/www.itakaescolapios.org\/eu\/wp-json\/wp\/v2\/pages\/20598\/revisions\/47324"}],"up":[{"embeddable":true,"href":"https:\/\/www.itakaescolapios.org\/eu\/wp-json\/wp\/v2\/pages\/93"}],"wp:featuredmedia":[{"embeddable":true,"href":"https:\/\/www.itakaescolapios.org\/eu\/wp-json\/wp\/v2\/media\/20605"}],"wp:attachment":[{"href":"https:\/\/www.itakaescolapios.org\/eu\/wp-json\/wp\/v2\/media?parent=20598"}],"curies":[{"name":"wp","href":"https:\/\/api.w.org\/{rel}","templated":true}]}}