{"id":20613,"date":"2017-10-24T15:15:28","date_gmt":"2017-10-24T14:15:28","guid":{"rendered":"https:\/\/www.itakaescolapios.org\/?page_id=20613"},"modified":"2023-11-28T12:37:48","modified_gmt":"2023-11-28T11:37:48","slug":"2017-2018-el-tesoro-de-senegal","status":"publish","type":"page","link":"https:\/\/www.itakaescolapios.org\/eu\/campanas\/2017-2018-el-tesoro-de-senegal\/","title":{"rendered":"2017-2018 EL TESORO DE SENEGAL"},"content":{"rendered":"<p><iframe loading=\"lazy\" title=\"Video de  la campa\u00f1a del 2017-18 El tesoro de Senegal\" width=\"1080\" height=\"608\" src=\"https:\/\/www.youtube.com\/embed\/S_27l6D-2Ws?feature=oembed\"  allow=\"accelerometer; autoplay; clipboard-write; encrypted-media; gyroscope; picture-in-picture; web-share\" referrerpolicy=\"strict-origin-when-cross-origin\" allowfullscreen><\/iframe><\/p>\n<p style=\"text-align: justify;\">Con la campa\u00f1a de solidaridad de este curso nos acercamos por primera vez desde Itaka-Escolapios a una realidad amplia, diversa y que llama con fuerza a nuestra solidaridad: la misi\u00f3n escolapia en Senegal.<\/p>\n<p style=\"text-align: justify;\">Senegal es el primer pa\u00eds del continente africano en que los escolapios se hicieron presentes, all\u00e1 por 1963, a\u00f1o en que llegaron a la regi\u00f3n de Casamance los primeros religiosos procedentes de Catalu\u00f1a, formando la primera comunidad, arraig\u00e1ndose entre la gente e iniciando su misi\u00f3n con los m\u00e1s desfavorecidos. Esta aventura inicial fue dando numerosos frutos a lo largo de las d\u00e9cadas y ensanch\u00e1ndose por diversas zonas del pa\u00eds, como germen de lo que es hoy una presencia escolapia extensa y que cuenta con numerosas obras educativas, sociales y pastorales. Un verdadero <i>tesoro<\/i> por la riqueza humana y el compromiso de quienes impulsan estas iniciativas y proyectos.<\/p>\n<p style=\"text-align: justify;\">Actualmente, Senegal forma parte de la provincia escolapia de \u00c1frica del Oeste, junto con Costa de Marfil y la naciente fundaci\u00f3n escolapia en otro pa\u00eds de la regi\u00f3n: Burkina Faso. Es de destacar que son todos ellos pa\u00edses con un gran potencial humano, pero que presentan enormes necesidades educativas y, en general, padecen \u00edndices de desarrollo entre los m\u00e1s bajos del planeta.<\/p>\n<ul>\n<li>\n<address><em><strong><a href=\"https:\/\/www.itakaescolapios.org\/campanas\/2017-2018-el-tesoro-de-senegal\/recordando-la-campana-expedicion-kamda-educar-anunciar-transforma\/\" target=\"_blank\" rel=\"noopener noreferrer\">Recordando la campa\u00f1a &#8220;EXPEDICI\u00d3N KAMDA&#8221;<\/a><\/strong><\/em><\/address>\n<\/li>\n<li>\n<address><em><strong><a href=\"https:\/\/www.itakaescolapios.org\/campanas\/2017-2018-el-tesoro-de-senegal\/contigo\/\" target=\"_blank\" rel=\"noopener noreferrer\">Contigo +<\/a><\/strong><\/em><\/address>\n<\/li>\n<li>\n<address><a href=\"https:\/\/www.itakaescolapios.org\/campanas\/2017-2018-el-tesoro-de-senegal\/los-escolapios-en-africa-del-oeste-y-los-internados-de-senegal\/\" target=\"_blank\" rel=\"noopener noreferrer\"><em><strong>Los Escolapios en \u00c1frica del Oeste y los internados de Senegal<\/strong><\/em><\/a><\/address>\n<\/li>\n<li>\n<address><a href=\"https:\/\/www.itakaescolapios.org\/campanas\/2017-2018-el-tesoro-de-senegal\/los-exploradores-de-itaka-escolapios\/\" target=\"_blank\" rel=\"noopener noreferrer\"><em><strong>Los Exploradores de Itaka-Escolapios<\/strong><\/em><\/a><\/address>\n<\/li>\n<li>\n<address><a href=\"https:\/\/www.itakaescolapios.org\/campanas\/2017-2018-el-tesoro-de-senegal\/actividades-centrales-de-la-campana\/\" target=\"_blank\" rel=\"noopener noreferrer\"><em><strong>Actividades centrales de la campa\u00f1a<\/strong><\/em><\/a><\/address>\n<\/li>\n<li>\n<address><a href=\"https:\/\/www.itakaescolapios.org\/campanas\/2017-2018-el-tesoro-de-senegal\/dossier-de-actividades-para-el-aula\/\" target=\"_blank\" rel=\"noopener noreferrer\"><em><strong>Dossier de actividades para el aula<\/strong><\/em><\/a><\/address>\n<\/li>\n<li>\n<address><a href=\"https:\/\/www.itakaescolapios.org\/campanas\/2017-2018-el-tesoro-de-senegal\/carteleria\/\" target=\"_blank\" rel=\"noopener noreferrer\"><em><strong>Carteler\u00eda<\/strong><\/em><\/a><\/address>\n<\/li>\n<li>\n<address><a href=\"https:\/\/www.itakaescolapios.org\/campanas\/2017-2018-el-tesoro-de-senegal\/otros-recursos\/\" target=\"_blank\" rel=\"noopener noreferrer\"><em><strong>Otros recursos<\/strong><\/em><\/a><\/address>\n<\/li>\n<\/ul>\n<p><!--more--><\/p>\n","protected":false},"excerpt":{"rendered":"<p>Con la campa\u00f1a de solidaridad de este curso nos acercamos por primera vez desde Itaka-Escolapios a una realidad amplia, diversa y que llama con fuerza a nuestra solidaridad: la misi\u00f3n [&hellip;]<\/p>\n","protected":false},"author":46,"featured_media":0,"parent":7523,"menu_order":4,"comment_status":"closed","ping_status":"closed","template":"","meta":{"_et_pb_use_builder":"","_et_pb_old_content":"","_et_gb_content_width":"","footnotes":""},"class_list":["post-20613","page","type-page","status-publish","hentry"],"yoast_head":"<!-- This site is optimized with the Yoast SEO plugin v27.3 - https:\/\/yoast.com\/product\/yoast-seo-wordpress\/ -->\n<title>2017-2018 EL TESORO DE SENEGAL<\/title>\n<meta name=\"description\" content=\"https:\/\/youtu.be\/S_27l6D-2Ws Con la campa\u00f1a de solidaridad de este curso nos acercamos por primera vez desde Itaka-Escolapios a una realidad amplia, diversa y que llama con fuerza a nuestra solidaridad: la misi\u00f3n escolapia en Senegal. Senegal es el primer pa\u00eds del continente africano en que los escolapios se hicieron presentes, all\u00e1 por 1963, a\u00f1o en que&hellip;\" \/>\n<meta name=\"robots\" content=\"index, follow, max-snippet:-1, max-image-preview:large, max-video-preview:-1\" \/>\n<link rel=\"canonical\" href=\"https:\/\/youtu.be\/S_27l6D-2Ws%20Con%20la%20campa\u00f1a%20de%20solidaridad%20de%20este%20curso%20nos%20acercamos%20por%20primera%20vez%20desde%20Itaka-Escolapios%20a%20una%20realidad%20amplia,%20diversa%20y%20que%20llama%20con%20fuerza%20a%20nuestra%20solidaridad:%20la%20misi\u00f3n%20escolapia%20en%20Senegal.%20Senegal%20es%20el%20primer%20pa\u00eds%20del%20continente%20africano%20en%20que%20los%20escolapios%20se%20hicieron%20presentes,%20all\u00e1%20por%201963,%20a\u00f1o%20en%20que&hellip;\" \/>\n<meta property=\"og:locale\" content=\"en_US\" \/>\n<meta property=\"og:type\" content=\"article\" \/>\n<meta property=\"og:title\" content=\"2017-2018 EL TESORO DE SENEGAL\" \/>\n<meta property=\"og:description\" content=\"https:\/\/youtu.be\/S_27l6D-2Ws Con la campa\u00f1a de solidaridad de este curso nos acercamos por primera vez desde Itaka-Escolapios a una realidad amplia, diversa y que llama con fuerza a nuestra solidaridad: la misi\u00f3n escolapia en Senegal. Senegal es el primer pa\u00eds del continente africano en que los escolapios se hicieron presentes, all\u00e1 por 1963, a\u00f1o en que&hellip;\" \/>\n<meta property=\"og:url\" content=\"https:\/\/www.itakaescolapios.org\/eu\/campanas\/2017-2018-el-tesoro-de-senegal\/\" \/>\n<meta property=\"og:site_name\" content=\"Itaka-Escolapios\" \/>\n<meta property=\"article:modified_time\" content=\"2023-11-28T11:37:48+00:00\" \/>\n<meta name=\"twitter:card\" content=\"summary_large_image\" \/>\n<meta name=\"twitter:label1\" content=\"Est. reading time\" \/>\n\t<meta name=\"twitter:data1\" content=\"1 minutua\" \/>\n<script type=\"application\/ld+json\" class=\"yoast-schema-graph\">{\"@context\":\"https:\\\/\\\/schema.org\",\"@graph\":[{\"@type\":\"WebPage\",\"@id\":\"https:\\\/\\\/www.itakaescolapios.org\\\/eu\\\/campanas\\\/2017-2018-el-tesoro-de-senegal\\\/\",\"url\":\"https:\\\/\\\/www.itakaescolapios.org\\\/eu\\\/campanas\\\/2017-2018-el-tesoro-de-senegal\\\/\",\"name\":\"2017-2018 EL TESORO DE SENEGAL - Itaka-Escolapios\",\"isPartOf\":{\"@id\":\"https:\\\/\\\/www.itakaescolapios.org\\\/es\\\/#website\"},\"datePublished\":\"2017-10-24T14:15:28+00:00\",\"dateModified\":\"2023-11-28T11:37:48+00:00\",\"breadcrumb\":{\"@id\":\"https:\\\/\\\/www.itakaescolapios.org\\\/eu\\\/campanas\\\/2017-2018-el-tesoro-de-senegal\\\/#breadcrumb\"},\"inLanguage\":\"eu\",\"potentialAction\":[{\"@type\":\"ReadAction\",\"target\":[\"https:\\\/\\\/www.itakaescolapios.org\\\/eu\\\/campanas\\\/2017-2018-el-tesoro-de-senegal\\\/\"]}]},{\"@type\":\"BreadcrumbList\",\"@id\":\"https:\\\/\\\/www.itakaescolapios.org\\\/eu\\\/campanas\\\/2017-2018-el-tesoro-de-senegal\\\/#breadcrumb\",\"itemListElement\":[{\"@type\":\"ListItem\",\"position\":1,\"name\":\"Itaka-Escolapios\",\"item\":\"https:\\\/\\\/www.itakaescolapios.org\\\/es\\\/\"},{\"@type\":\"ListItem\",\"position\":2,\"name\":\"Campa\u00f1as\",\"item\":\"https:\\\/\\\/www.itakaescolapios.org\\\/es\\\/campanas\\\/\"},{\"@type\":\"ListItem\",\"position\":3,\"name\":\"2017-2018 EL TESORO DE SENEGAL\"}]},{\"@type\":\"WebSite\",\"@id\":\"https:\\\/\\\/www.itakaescolapios.org\\\/eu\\\/es\\\/#website\",\"url\":\"https:\\\/\\\/www.itakaescolapios.org\\\/eu\\\/es\\\/\",\"name\":\"Itaka-Escolapios\",\"description\":\"Red de Itaka-Escolapios\",\"publisher\":{\"@id\":\"https:\\\/\\\/www.itakaescolapios.org\\\/eu\\\/es\\\/#organization\"},\"potentialAction\":[{\"@type\":\"SearchAction\",\"target\":{\"@type\":\"EntryPoint\",\"urlTemplate\":\"https:\\\/\\\/www.itakaescolapios.org\\\/eu\\\/es\\\/?s={search_term_string}\"},\"query-input\":{\"@type\":\"PropertyValueSpecification\",\"valueRequired\":true,\"valueName\":\"search_term_string\"}}],\"inLanguage\":\"eu\"},{\"@type\":\"Organization\",\"@id\":\"https:\\\/\\\/www.itakaescolapios.org\\\/eu\\\/es\\\/#organization\",\"name\":\"Fundaci\u00f3 Itaka-Escolapios\",\"url\":\"https:\\\/\\\/www.itakaescolapios.org\\\/eu\\\/es\\\/\",\"logo\":{\"@type\":\"ImageObject\",\"inLanguage\":\"eu\",\"@id\":\"https:\\\/\\\/www.itakaescolapios.org\\\/eu\\\/es\\\/#\\\/schema\\\/logo\\\/image\\\/\",\"url\":\"https:\\\/\\\/www.itakaescolapios.org\\\/wp-content\\\/uploads\\\/2024\\\/04\\\/Logo-itakaescolapios-peque.png\",\"contentUrl\":\"https:\\\/\\\/www.itakaescolapios.org\\\/wp-content\\\/uploads\\\/2024\\\/04\\\/Logo-itakaescolapios-peque.png\",\"width\":500,\"height\":199,\"caption\":\"Fundaci\u00f3 Itaka-Escolapios\"},\"image\":{\"@id\":\"https:\\\/\\\/www.itakaescolapios.org\\\/eu\\\/es\\\/#\\\/schema\\\/logo\\\/image\\\/\"}}]}<\/script>\n<!-- \/ Yoast SEO plugin. -->","yoast_head_json":{"title":"2017-2018 EL TESORO DE SENEGAL","description":"https:\/\/youtu.be\/S_27l6D-2Ws Con la campa\u00f1a de solidaridad de este curso nos acercamos por primera vez desde Itaka-Escolapios a una realidad amplia, diversa y que llama con fuerza a nuestra solidaridad: la misi\u00f3n escolapia en Senegal. Senegal es el primer pa\u00eds del continente africano en que los escolapios se hicieron presentes, all\u00e1 por 1963, a\u00f1o en que&hellip;","robots":{"index":"index","follow":"follow","max-snippet":"max-snippet:-1","max-image-preview":"max-image-preview:large","max-video-preview":"max-video-preview:-1"},"canonical":"https:\/\/youtu.be\/S_27l6D-2Ws Con la campa\u00f1a de solidaridad de este curso nos acercamos por primera vez desde Itaka-Escolapios a una realidad amplia, diversa y que llama con fuerza a nuestra solidaridad: la misi\u00f3n escolapia en Senegal. Senegal es el primer pa\u00eds del continente africano en que los escolapios se hicieron presentes, all\u00e1 por 1963, a\u00f1o en que&hellip;","og_locale":"en_US","og_type":"article","og_title":"2017-2018 EL TESORO DE SENEGAL","og_description":"https:\/\/youtu.be\/S_27l6D-2Ws Con la campa\u00f1a de solidaridad de este curso nos acercamos por primera vez desde Itaka-Escolapios a una realidad amplia, diversa y que llama con fuerza a nuestra solidaridad: la misi\u00f3n escolapia en Senegal. Senegal es el primer pa\u00eds del continente africano en que los escolapios se hicieron presentes, all\u00e1 por 1963, a\u00f1o en que&hellip;","og_url":"https:\/\/www.itakaescolapios.org\/eu\/campanas\/2017-2018-el-tesoro-de-senegal\/","og_site_name":"Itaka-Escolapios","article_modified_time":"2023-11-28T11:37:48+00:00","twitter_card":"summary_large_image","twitter_misc":{"Est. reading time":"1 minutua"},"schema":{"@context":"https:\/\/schema.org","@graph":[{"@type":"WebPage","@id":"https:\/\/www.itakaescolapios.org\/eu\/campanas\/2017-2018-el-tesoro-de-senegal\/","url":"https:\/\/www.itakaescolapios.org\/eu\/campanas\/2017-2018-el-tesoro-de-senegal\/","name":"2017-2018 EL TESORO DE SENEGAL - Itaka-Escolapios","isPartOf":{"@id":"https:\/\/www.itakaescolapios.org\/es\/#website"},"datePublished":"2017-10-24T14:15:28+00:00","dateModified":"2023-11-28T11:37:48+00:00","breadcrumb":{"@id":"https:\/\/www.itakaescolapios.org\/eu\/campanas\/2017-2018-el-tesoro-de-senegal\/#breadcrumb"},"inLanguage":"eu","potentialAction":[{"@type":"ReadAction","target":["https:\/\/www.itakaescolapios.org\/eu\/campanas\/2017-2018-el-tesoro-de-senegal\/"]}]},{"@type":"BreadcrumbList","@id":"https:\/\/www.itakaescolapios.org\/eu\/campanas\/2017-2018-el-tesoro-de-senegal\/#breadcrumb","itemListElement":[{"@type":"ListItem","position":1,"name":"Itaka-Escolapios","item":"https:\/\/www.itakaescolapios.org\/es\/"},{"@type":"ListItem","position":2,"name":"Campa\u00f1as","item":"https:\/\/www.itakaescolapios.org\/es\/campanas\/"},{"@type":"ListItem","position":3,"name":"2017-2018 EL TESORO DE SENEGAL"}]},{"@type":"WebSite","@id":"https:\/\/www.itakaescolapios.org\/eu\/es\/#website","url":"https:\/\/www.itakaescolapios.org\/eu\/es\/","name":"Itaka-Escolapios","description":"Red de Itaka-Escolapios","publisher":{"@id":"https:\/\/www.itakaescolapios.org\/eu\/es\/#organization"},"potentialAction":[{"@type":"SearchAction","target":{"@type":"EntryPoint","urlTemplate":"https:\/\/www.itakaescolapios.org\/eu\/es\/?s={search_term_string}"},"query-input":{"@type":"PropertyValueSpecification","valueRequired":true,"valueName":"search_term_string"}}],"inLanguage":"eu"},{"@type":"Organization","@id":"https:\/\/www.itakaescolapios.org\/eu\/es\/#organization","name":"Fundaci\u00f3 Itaka-Escolapios","url":"https:\/\/www.itakaescolapios.org\/eu\/es\/","logo":{"@type":"ImageObject","inLanguage":"eu","@id":"https:\/\/www.itakaescolapios.org\/eu\/es\/#\/schema\/logo\/image\/","url":"https:\/\/www.itakaescolapios.org\/wp-content\/uploads\/2024\/04\/Logo-itakaescolapios-peque.png","contentUrl":"https:\/\/www.itakaescolapios.org\/wp-content\/uploads\/2024\/04\/Logo-itakaescolapios-peque.png","width":500,"height":199,"caption":"Fundaci\u00f3 Itaka-Escolapios"},"image":{"@id":"https:\/\/www.itakaescolapios.org\/eu\/es\/#\/schema\/logo\/image\/"}}]}},"_links":{"self":[{"href":"https:\/\/www.itakaescolapios.org\/eu\/wp-json\/wp\/v2\/pages\/20613","targetHints":{"allow":["GET"]}}],"collection":[{"href":"https:\/\/www.itakaescolapios.org\/eu\/wp-json\/wp\/v2\/pages"}],"about":[{"href":"https:\/\/www.itakaescolapios.org\/eu\/wp-json\/wp\/v2\/types\/page"}],"author":[{"embeddable":true,"href":"https:\/\/www.itakaescolapios.org\/eu\/wp-json\/wp\/v2\/users\/46"}],"replies":[{"embeddable":true,"href":"https:\/\/www.itakaescolapios.org\/eu\/wp-json\/wp\/v2\/comments?post=20613"}],"version-history":[{"count":32,"href":"https:\/\/www.itakaescolapios.org\/eu\/wp-json\/wp\/v2\/pages\/20613\/revisions"}],"predecessor-version":[{"id":47320,"href":"https:\/\/www.itakaescolapios.org\/eu\/wp-json\/wp\/v2\/pages\/20613\/revisions\/47320"}],"up":[{"embeddable":true,"href":"https:\/\/www.itakaescolapios.org\/eu\/wp-json\/wp\/v2\/pages\/7523"}],"wp:attachment":[{"href":"https:\/\/www.itakaescolapios.org\/eu\/wp-json\/wp\/v2\/media?parent=20613"}],"curies":[{"name":"wp","href":"https:\/\/api.w.org\/{rel}","templated":true}]}}