{"id":23464,"date":"2018-05-29T08:22:14","date_gmt":"2018-05-29T07:22:14","guid":{"rendered":"https:\/\/www.itakaescolapios.org\/?page_id=23464"},"modified":"2023-11-28T12:37:25","modified_gmt":"2023-11-28T11:37:25","slug":"documentos-iii-consejo-asesor","status":"publish","type":"page","link":"https:\/\/www.itakaescolapios.org\/eu\/documentos-iii-consejo-asesor\/","title":{"rendered":"DOCUMENTOS III CONSEJO ASESOR"},"content":{"rendered":"<p><a href=\"https:\/\/www.itakaescolapios.org\/documentacion-en-ingles\/\" target=\"_blank\" rel=\"noopener\">Documentaci\u00f3n en Ingl\u00e9s<\/a><\/p>\n<p><a href=\" https:\/\/www.itakaescolapios.org\/documentacion-en-espanol\/\">Documentaci\u00f3n en Espa\u00f1ol<\/a><\/p>\n<p><a title=\"DOCUMENTACI\u00d3N EN FRANC\u00c9S\" href=\"https:\/\/www.itakaescolapios.org\/documentacion-en-frances\/\">Documentaci\u00f3n en Franc\u00e9s<\/a><\/p>\n<p><a title=\"DOCUMENTACI\u00d3N EN ITALIANO\" href=\"https:\/\/www.itakaescolapios.org\/documentacion-en-italiano\/\">Documentaci\u00f3n en Italiano<\/a><\/p>\n<p><a title=\"DOCUMENTACI\u00d3N EN PORTUGU\u00c9S\" href=\"https:\/\/www.itakaescolapios.org\/documentacion-en-portugues\/\">Documentaci\u00f3n en Portugu\u00e9s<\/a><\/p>\n\n\t\t<style type=\"text\/css\">\n\t\t\t#gallery-1 {\n\t\t\t\tmargin: auto;\n\t\t\t}\n\t\t\t#gallery-1 .gallery-item {\n\t\t\t\tfloat: left;\n\t\t\t\tmargin-top: 10px;\n\t\t\t\ttext-align: center;\n\t\t\t\twidth: 33%;\n\t\t\t}\n\t\t\t#gallery-1 img {\n\t\t\t\tborder: 2px solid #cfcfcf;\n\t\t\t}\n\t\t\t#gallery-1 .gallery-caption {\n\t\t\t\tmargin-left: 0;\n\t\t\t}\n\t\t\t\/* see gallery_shortcode() in wp-includes\/media.php *\/\n\t\t<\/style>\n\t\t<div id='gallery-1' class='gallery galleryid-23464 gallery-columns-3 gallery-size-thumbnail'><dl class='gallery-item'>\n\t\t\t<dt class='gallery-icon landscape'>\n\t\t\t\t<a href='https:\/\/www.itakaescolapios.org\/eu\/documentos-iii-consejo-asesor\/foto-iii-consejo-asesor-mayo-2018_con-texto\/'><img decoding=\"async\" width=\"90\" height=\"90\" src=\"https:\/\/www.itakaescolapios.org\/wp-content\/uploads\/2018\/05\/Foto-III-Consejo-Asesor-mayo-2018_con-texto-90x90.jpg\" class=\"attachment-thumbnail size-thumbnail\" alt=\"\" \/><\/a>\n\t\t\t<\/dt><\/dl><dl class='gallery-item'>\n\t\t\t<dt class='gallery-icon landscape'>\n\t\t\t\t<a href='https:\/\/www.itakaescolapios.org\/eu\/documentos-iii-consejo-asesor\/foto-iii-consejo-asesor-mayo-2108\/'><img decoding=\"async\" width=\"90\" height=\"90\" src=\"https:\/\/www.itakaescolapios.org\/wp-content\/uploads\/2018\/05\/Foto-III-Consejo-Asesor-mayo-2108-90x90.jpg\" class=\"attachment-thumbnail size-thumbnail\" alt=\"\" \/><\/a>\n\t\t\t<\/dt><\/dl><dl class='gallery-item'>\n\t\t\t<dt class='gallery-icon landscape'>\n\t\t\t\t<a href='https:\/\/www.itakaescolapios.org\/eu\/documentos-iii-consejo-asesor\/2018-infograma-arbol\/'><img decoding=\"async\" width=\"90\" height=\"90\" src=\"https:\/\/www.itakaescolapios.org\/wp-content\/uploads\/2018\/05\/2018-infograma-ARBOL-90x90.jpg\" class=\"attachment-thumbnail size-thumbnail\" alt=\"\" \/><\/a>\n\t\t\t<\/dt><\/dl><br style=\"clear: both\" \/><dl class='gallery-item'>\n\t\t\t<dt class='gallery-icon landscape'>\n\t\t\t\t<a href='https:\/\/www.itakaescolapios.org\/eu\/documentos-iii-consejo-asesor\/2018-infograma-equipos\/'><img decoding=\"async\" width=\"90\" height=\"90\" src=\"https:\/\/www.itakaescolapios.org\/wp-content\/uploads\/2018\/05\/2018-infograma-EQUIPOS-90x90.jpg\" class=\"attachment-thumbnail size-thumbnail\" alt=\"\" \/><\/a>\n\t\t\t<\/dt><\/dl><dl class='gallery-item'>\n\t\t\t<dt class='gallery-icon landscape'>\n\t\t\t\t<a href='https:\/\/www.itakaescolapios.org\/eu\/2018\/05\/el-mapa-de-itaka-escolapios-hoy\/1mapaitaka\/'><img decoding=\"async\" width=\"90\" height=\"90\" src=\"https:\/\/www.itakaescolapios.org\/wp-content\/uploads\/2018\/05\/1mapaitaka-90x90.jpg\" class=\"attachment-thumbnail size-thumbnail\" alt=\"\" \/><\/a>\n\t\t\t<\/dt><\/dl>\n\t\t\t<br style='clear: both' \/>\n\t\t<\/div>\n\n","protected":false},"excerpt":{"rendered":"<p>Documentaci\u00f3n en Ingl\u00e9s Documentaci\u00f3n en Espa\u00f1ol Documentaci\u00f3n en Franc\u00e9s Documentaci\u00f3n en Italiano Documentaci\u00f3n en Portugu\u00e9s<\/p>\n","protected":false},"author":4,"featured_media":0,"parent":0,"menu_order":0,"comment_status":"closed","ping_status":"closed","template":"","meta":{"_et_pb_use_builder":"","_et_pb_old_content":"","_et_gb_content_width":"","footnotes":""},"class_list":["post-23464","page","type-page","status-publish","hentry"],"yoast_head":"<!-- This site is optimized with the Yoast SEO plugin v27.4 - https:\/\/yoast.com\/product\/yoast-seo-wordpress\/ -->\n<title>DOCUMENTOS III CONSEJO ASESOR<\/title>\n<meta name=\"description\" content=\"Documentaci\u00f3n en Ingl\u00e9s Documentaci\u00f3n en Espa\u00f1ol Documentaci\u00f3n en Franc\u00e9s Documentaci\u00f3n en Italiano Documentaci\u00f3n en Portugu\u00e9s [gallery ids=&quot;23469,23470,23471,23472,23453&quot;]\" \/>\n<meta name=\"robots\" content=\"index, follow, max-snippet:-1, max-image-preview:large, max-video-preview:-1\" \/>\n<link rel=\"canonical\" href=\"http:\/\/Documentaci\u00f3n%20en%20Ingl\u00e9s%20Documentaci\u00f3n%20en%20Espa\u00f1ol%20Documentaci\u00f3n%20en%20Franc\u00e9s%20Documentaci\u00f3n%20en%20Italiano%20Documentaci\u00f3n%20en%20Portugu\u00e9s%20[gallery%20ids=23469,23470,23471,23472,23453]\" \/>\n<meta property=\"og:locale\" content=\"en_US\" \/>\n<meta property=\"og:type\" content=\"article\" \/>\n<meta property=\"og:title\" content=\"DOCUMENTOS III CONSEJO ASESOR\" \/>\n<meta property=\"og:description\" content=\"Documentaci\u00f3n en Ingl\u00e9s Documentaci\u00f3n en Espa\u00f1ol Documentaci\u00f3n en Franc\u00e9s Documentaci\u00f3n en Italiano Documentaci\u00f3n en Portugu\u00e9s [gallery ids=&quot;23469,23470,23471,23472,23453&quot;]\" \/>\n<meta property=\"og:url\" content=\"https:\/\/www.itakaescolapios.org\/eu\/documentos-iii-consejo-asesor\/\" \/>\n<meta property=\"og:site_name\" content=\"Itaka-Escolapios\" \/>\n<meta property=\"article:modified_time\" content=\"2023-11-28T11:37:25+00:00\" \/>\n<meta property=\"og:image\" content=\"https:\/\/www.itakaescolapios.org\/wp-content\/uploads\/2018\/05\/Foto-III-Consejo-Asesor-mayo-2018_con-texto-90x90.jpg\" \/>\n<meta name=\"twitter:card\" content=\"summary_large_image\" \/>\n<script type=\"application\/ld+json\" class=\"yoast-schema-graph\">{\"@context\":\"https:\\\/\\\/schema.org\",\"@graph\":[{\"@type\":\"WebPage\",\"@id\":\"https:\\\/\\\/www.itakaescolapios.org\\\/eu\\\/documentos-iii-consejo-asesor\\\/\",\"url\":\"https:\\\/\\\/www.itakaescolapios.org\\\/eu\\\/documentos-iii-consejo-asesor\\\/\",\"name\":\"DOCUMENTOS III CONSEJO ASESOR - Itaka-Escolapios\",\"isPartOf\":{\"@id\":\"https:\\\/\\\/www.itakaescolapios.org\\\/es\\\/#website\"},\"datePublished\":\"2018-05-29T07:22:14+00:00\",\"dateModified\":\"2023-11-28T11:37:25+00:00\",\"breadcrumb\":{\"@id\":\"https:\\\/\\\/www.itakaescolapios.org\\\/eu\\\/documentos-iii-consejo-asesor\\\/#breadcrumb\"},\"inLanguage\":\"eu\",\"potentialAction\":[{\"@type\":\"ReadAction\",\"target\":[\"https:\\\/\\\/www.itakaescolapios.org\\\/eu\\\/documentos-iii-consejo-asesor\\\/\"]}]},{\"@type\":\"BreadcrumbList\",\"@id\":\"https:\\\/\\\/www.itakaescolapios.org\\\/eu\\\/documentos-iii-consejo-asesor\\\/#breadcrumb\",\"itemListElement\":[{\"@type\":\"ListItem\",\"position\":1,\"name\":\"Itaka-Escolapios\",\"item\":\"https:\\\/\\\/www.itakaescolapios.org\\\/es\\\/\"},{\"@type\":\"ListItem\",\"position\":2,\"name\":\"DOCUMENTOS III CONSEJO ASESOR\"}]},{\"@type\":\"WebSite\",\"@id\":\"https:\\\/\\\/www.itakaescolapios.org\\\/eu\\\/es\\\/#website\",\"url\":\"https:\\\/\\\/www.itakaescolapios.org\\\/eu\\\/es\\\/\",\"name\":\"Itaka-Escolapios\",\"description\":\"Red de Itaka-Escolapios\",\"publisher\":{\"@id\":\"https:\\\/\\\/www.itakaescolapios.org\\\/eu\\\/es\\\/#organization\"},\"potentialAction\":[{\"@type\":\"SearchAction\",\"target\":{\"@type\":\"EntryPoint\",\"urlTemplate\":\"https:\\\/\\\/www.itakaescolapios.org\\\/eu\\\/es\\\/?s={search_term_string}\"},\"query-input\":{\"@type\":\"PropertyValueSpecification\",\"valueRequired\":true,\"valueName\":\"search_term_string\"}}],\"inLanguage\":\"eu\"},{\"@type\":\"Organization\",\"@id\":\"https:\\\/\\\/www.itakaescolapios.org\\\/eu\\\/es\\\/#organization\",\"name\":\"Fundaci\u00f3 Itaka-Escolapios\",\"url\":\"https:\\\/\\\/www.itakaescolapios.org\\\/eu\\\/es\\\/\",\"logo\":{\"@type\":\"ImageObject\",\"inLanguage\":\"eu\",\"@id\":\"https:\\\/\\\/www.itakaescolapios.org\\\/eu\\\/es\\\/#\\\/schema\\\/logo\\\/image\\\/\",\"url\":\"https:\\\/\\\/www.itakaescolapios.org\\\/wp-content\\\/uploads\\\/2024\\\/04\\\/Logo-itakaescolapios-peque.png\",\"contentUrl\":\"https:\\\/\\\/www.itakaescolapios.org\\\/wp-content\\\/uploads\\\/2024\\\/04\\\/Logo-itakaescolapios-peque.png\",\"width\":500,\"height\":199,\"caption\":\"Fundaci\u00f3 Itaka-Escolapios\"},\"image\":{\"@id\":\"https:\\\/\\\/www.itakaescolapios.org\\\/eu\\\/es\\\/#\\\/schema\\\/logo\\\/image\\\/\"}}]}<\/script>\n<!-- \/ Yoast SEO plugin. -->","yoast_head_json":{"title":"DOCUMENTOS III CONSEJO ASESOR","description":"Documentaci\u00f3n en Ingl\u00e9s Documentaci\u00f3n en Espa\u00f1ol Documentaci\u00f3n en Franc\u00e9s Documentaci\u00f3n en Italiano Documentaci\u00f3n en Portugu\u00e9s [gallery ids=\"23469,23470,23471,23472,23453\"]","robots":{"index":"index","follow":"follow","max-snippet":"max-snippet:-1","max-image-preview":"max-image-preview:large","max-video-preview":"max-video-preview:-1"},"canonical":"Documentaci\u00f3n en Ingl\u00e9s Documentaci\u00f3n en Espa\u00f1ol Documentaci\u00f3n en Franc\u00e9s Documentaci\u00f3n en Italiano Documentaci\u00f3n en Portugu\u00e9s [gallery ids=\"23469,23470,23471,23472,23453\"]","og_locale":"en_US","og_type":"article","og_title":"DOCUMENTOS III CONSEJO ASESOR","og_description":"Documentaci\u00f3n en Ingl\u00e9s Documentaci\u00f3n en Espa\u00f1ol Documentaci\u00f3n en Franc\u00e9s Documentaci\u00f3n en Italiano Documentaci\u00f3n en Portugu\u00e9s [gallery ids=\"23469,23470,23471,23472,23453\"]","og_url":"https:\/\/www.itakaescolapios.org\/eu\/documentos-iii-consejo-asesor\/","og_site_name":"Itaka-Escolapios","article_modified_time":"2023-11-28T11:37:25+00:00","og_image":[{"url":"https:\/\/www.itakaescolapios.org\/wp-content\/uploads\/2018\/05\/Foto-III-Consejo-Asesor-mayo-2018_con-texto-90x90.jpg","type":"","width":"","height":""}],"twitter_card":"summary_large_image","schema":{"@context":"https:\/\/schema.org","@graph":[{"@type":"WebPage","@id":"https:\/\/www.itakaescolapios.org\/eu\/documentos-iii-consejo-asesor\/","url":"https:\/\/www.itakaescolapios.org\/eu\/documentos-iii-consejo-asesor\/","name":"DOCUMENTOS III CONSEJO ASESOR - Itaka-Escolapios","isPartOf":{"@id":"https:\/\/www.itakaescolapios.org\/es\/#website"},"datePublished":"2018-05-29T07:22:14+00:00","dateModified":"2023-11-28T11:37:25+00:00","breadcrumb":{"@id":"https:\/\/www.itakaescolapios.org\/eu\/documentos-iii-consejo-asesor\/#breadcrumb"},"inLanguage":"eu","potentialAction":[{"@type":"ReadAction","target":["https:\/\/www.itakaescolapios.org\/eu\/documentos-iii-consejo-asesor\/"]}]},{"@type":"BreadcrumbList","@id":"https:\/\/www.itakaescolapios.org\/eu\/documentos-iii-consejo-asesor\/#breadcrumb","itemListElement":[{"@type":"ListItem","position":1,"name":"Itaka-Escolapios","item":"https:\/\/www.itakaescolapios.org\/es\/"},{"@type":"ListItem","position":2,"name":"DOCUMENTOS III CONSEJO ASESOR"}]},{"@type":"WebSite","@id":"https:\/\/www.itakaescolapios.org\/eu\/es\/#website","url":"https:\/\/www.itakaescolapios.org\/eu\/es\/","name":"Itaka-Escolapios","description":"Red de Itaka-Escolapios","publisher":{"@id":"https:\/\/www.itakaescolapios.org\/eu\/es\/#organization"},"potentialAction":[{"@type":"SearchAction","target":{"@type":"EntryPoint","urlTemplate":"https:\/\/www.itakaescolapios.org\/eu\/es\/?s={search_term_string}"},"query-input":{"@type":"PropertyValueSpecification","valueRequired":true,"valueName":"search_term_string"}}],"inLanguage":"eu"},{"@type":"Organization","@id":"https:\/\/www.itakaescolapios.org\/eu\/es\/#organization","name":"Fundaci\u00f3 Itaka-Escolapios","url":"https:\/\/www.itakaescolapios.org\/eu\/es\/","logo":{"@type":"ImageObject","inLanguage":"eu","@id":"https:\/\/www.itakaescolapios.org\/eu\/es\/#\/schema\/logo\/image\/","url":"https:\/\/www.itakaescolapios.org\/wp-content\/uploads\/2024\/04\/Logo-itakaescolapios-peque.png","contentUrl":"https:\/\/www.itakaescolapios.org\/wp-content\/uploads\/2024\/04\/Logo-itakaescolapios-peque.png","width":500,"height":199,"caption":"Fundaci\u00f3 Itaka-Escolapios"},"image":{"@id":"https:\/\/www.itakaescolapios.org\/eu\/es\/#\/schema\/logo\/image\/"}}]}},"_links":{"self":[{"href":"https:\/\/www.itakaescolapios.org\/eu\/wp-json\/wp\/v2\/pages\/23464","targetHints":{"allow":["GET"]}}],"collection":[{"href":"https:\/\/www.itakaescolapios.org\/eu\/wp-json\/wp\/v2\/pages"}],"about":[{"href":"https:\/\/www.itakaescolapios.org\/eu\/wp-json\/wp\/v2\/types\/page"}],"author":[{"embeddable":true,"href":"https:\/\/www.itakaescolapios.org\/eu\/wp-json\/wp\/v2\/users\/4"}],"replies":[{"embeddable":true,"href":"https:\/\/www.itakaescolapios.org\/eu\/wp-json\/wp\/v2\/comments?post=23464"}],"version-history":[{"count":10,"href":"https:\/\/www.itakaescolapios.org\/eu\/wp-json\/wp\/v2\/pages\/23464\/revisions"}],"predecessor-version":[{"id":46668,"href":"https:\/\/www.itakaescolapios.org\/eu\/wp-json\/wp\/v2\/pages\/23464\/revisions\/46668"}],"wp:attachment":[{"href":"https:\/\/www.itakaescolapios.org\/eu\/wp-json\/wp\/v2\/media?parent=23464"}],"curies":[{"name":"wp","href":"https:\/\/api.w.org\/{rel}","templated":true}]}}