{"id":24900,"date":"2018-10-17T14:39:56","date_gmt":"2018-10-17T13:39:56","guid":{"rendered":"https:\/\/www.itakaescolapios.org\/?page_id=24900"},"modified":"2023-11-28T12:37:11","modified_gmt":"2023-11-28T11:37:11","slug":"photocall","status":"publish","type":"page","link":"https:\/\/www.itakaescolapios.org\/eu\/photocall\/","title":{"rendered":"PHOTOCALL"},"content":{"rendered":"<p><a href=\"https:\/\/www.itakaescolapios.org\/wp-content\/uploads\/2018\/10\/JIWA1.png\"><img decoding=\"async\" class=\"alignleft size-medium wp-image-25509\" alt=\"JIWA\" src=\"https:\/\/www.itakaescolapios.org\/wp-content\/uploads\/2018\/10\/JIWA1-239x300.png\" width=\"239\" height=\"300\" srcset=\"https:\/\/www.itakaescolapios.org\/wp-content\/uploads\/2018\/10\/JIWA1-239x300.png 239w, https:\/\/www.itakaescolapios.org\/wp-content\/uploads\/2018\/10\/JIWA1-817x1024.png 817w, https:\/\/www.itakaescolapios.org\/wp-content\/uploads\/2018\/10\/JIWA1-250x313.png 250w, https:\/\/www.itakaescolapios.org\/wp-content\/uploads\/2018\/10\/JIWA1.png 1197w\" sizes=\"(max-width: 239px) 100vw, 239px\" \/><\/a><\/p>\n<p>JIWA la responsable de mantener a punto todos los instrumentos musicales y de la expedici\u00f3n, nos propone construir con una plantilla un photocall\u00a0 con el que adornar nuestro centro educativo y en el que poder sacarnos fotos de grupo.<\/p>\n<p>Puedes descargarte dos formatos, alta y baja resoluci\u00f3n, en funci\u00f3n del tama\u00f1o del photocall que vayas a imprimir. Te invitamos a que recortes las caras de nuestros expedicionarios y puedas sacarte de esta manera las fotos de grupo.<\/p>\n<p>&nbsp;<\/p>\n<p>&nbsp;<\/p>\n<p><span style=\"color: #808000;\"><strong><a href=\"https:\/\/www.itakaescolapios.org\/wp-content\/uploads\/2018\/10\/photocall-c1819-35x2m.pdf\" target=\"_blank\" rel=\"noopener\"><span style=\"color: #808000;\">PHOTOCALL 3,5 x 2 m<\/span><\/a><\/strong><\/span><\/p>\n<p><span style=\"color: #808000;\"><strong><a href=\"https:\/\/www.itakaescolapios.org\/wp-content\/uploads\/2018\/10\/photocall-2c1819-35x2m.pdf\" target=\"_blank\" rel=\"noopener\"><span style=\"color: #808000;\">PHOTOCALL sin personajes 3,5 x 2 m<\/span><\/a><\/strong><\/span><\/p>\n<p><span style=\"color: #808000;\"><strong><a href=\"https:\/\/www.itakaescolapios.org\/wp-content\/uploads\/2018\/10\/INSTRUMENTOS-MUSICALES.pdf\" target=\"_blank\" rel=\"noopener\"><span style=\"color: #808000;\">INSTRUMENTOS MUSICALES<\/span><\/a><\/strong><\/span><!--more--><\/p>\n","protected":false},"excerpt":{"rendered":"<p>JIWA la responsable de mantener a punto todos los instrumentos musicales y de la expedici\u00f3n, nos propone construir con una plantilla un photocall\u00a0 con el que adornar nuestro centro educativo [&hellip;]<\/p>\n","protected":false},"author":46,"featured_media":0,"parent":0,"menu_order":0,"comment_status":"closed","ping_status":"closed","template":"","meta":{"_et_pb_use_builder":"","_et_pb_old_content":"","_et_gb_content_width":"","footnotes":""},"class_list":["post-24900","page","type-page","status-publish","hentry"],"yoast_head":"<!-- This site is optimized with the Yoast SEO plugin v27.3 - https:\/\/yoast.com\/product\/yoast-seo-wordpress\/ -->\n<title>PHOTOCALL<\/title>\n<meta name=\"description\" content=\"JIWA la responsable de mantener a punto todos los instrumentos musicales y de la expedici\u00f3n, nos propone construir con una plantilla un photocall\u00a0 con el que adornar nuestro centro educativo y en el que poder sacarnos fotos de grupo. Puedes descargarte dos formatos, alta y baja resoluci\u00f3n, en funci\u00f3n del tama\u00f1o del photocall que vayas&hellip;\" \/>\n<meta name=\"robots\" content=\"index, follow, max-snippet:-1, max-image-preview:large, max-video-preview:-1\" \/>\n<link rel=\"canonical\" href=\"http:\/\/JIWA%20la%20responsable%20de%20mantener%20a%20punto%20todos%20los%20instrumentos%20musicales%20y%20de%20la%20expedici\u00f3n,%20nos%20propone%20construir%20con%20una%20plantilla%20un%20photocall\u00a0%20con%20el%20que%20adornar%20nuestro%20centro%20educativo%20y%20en%20el%20que%20poder%20sacarnos%20fotos%20de%20grupo.%20Puedes%20descargarte%20dos%20formatos,%20alta%20y%20baja%20resoluci\u00f3n,%20en%20funci\u00f3n%20del%20tama\u00f1o%20del%20photocall%20que%20vayas&hellip;\" \/>\n<meta property=\"og:locale\" content=\"en_US\" \/>\n<meta property=\"og:type\" content=\"article\" \/>\n<meta property=\"og:title\" content=\"PHOTOCALL\" \/>\n<meta property=\"og:description\" content=\"JIWA la responsable de mantener a punto todos los instrumentos musicales y de la expedici\u00f3n, nos propone construir con una plantilla un photocall\u00a0 con el que adornar nuestro centro educativo y en el que poder sacarnos fotos de grupo. Puedes descargarte dos formatos, alta y baja resoluci\u00f3n, en funci\u00f3n del tama\u00f1o del photocall que vayas&hellip;\" \/>\n<meta property=\"og:url\" content=\"https:\/\/www.itakaescolapios.org\/eu\/photocall\/\" \/>\n<meta property=\"og:site_name\" content=\"Itaka-Escolapios\" \/>\n<meta property=\"article:modified_time\" content=\"2023-11-28T11:37:11+00:00\" \/>\n<meta property=\"og:image\" content=\"https:\/\/www.itakaescolapios.org\/wp-content\/uploads\/2018\/10\/JIWA1.png\" \/>\n\t<meta property=\"og:image:width\" content=\"1197\" \/>\n\t<meta property=\"og:image:height\" content=\"1500\" \/>\n\t<meta property=\"og:image:type\" content=\"image\/png\" \/>\n<meta name=\"twitter:card\" content=\"summary_large_image\" \/>\n<script type=\"application\/ld+json\" class=\"yoast-schema-graph\">{\"@context\":\"https:\\\/\\\/schema.org\",\"@graph\":[{\"@type\":\"WebPage\",\"@id\":\"https:\\\/\\\/www.itakaescolapios.org\\\/eu\\\/photocall\\\/\",\"url\":\"https:\\\/\\\/www.itakaescolapios.org\\\/eu\\\/photocall\\\/\",\"name\":\"PHOTOCALL - Itaka-Escolapios\",\"isPartOf\":{\"@id\":\"https:\\\/\\\/www.itakaescolapios.org\\\/es\\\/#website\"},\"primaryImageOfPage\":{\"@id\":\"https:\\\/\\\/www.itakaescolapios.org\\\/eu\\\/photocall\\\/#primaryimage\"},\"image\":{\"@id\":\"https:\\\/\\\/www.itakaescolapios.org\\\/eu\\\/photocall\\\/#primaryimage\"},\"thumbnailUrl\":\"https:\\\/\\\/www.itakaescolapios.org\\\/wp-content\\\/uploads\\\/2018\\\/10\\\/JIWA1-239x300.png\",\"datePublished\":\"2018-10-17T13:39:56+00:00\",\"dateModified\":\"2023-11-28T11:37:11+00:00\",\"breadcrumb\":{\"@id\":\"https:\\\/\\\/www.itakaescolapios.org\\\/eu\\\/photocall\\\/#breadcrumb\"},\"inLanguage\":\"eu\",\"potentialAction\":[{\"@type\":\"ReadAction\",\"target\":[\"https:\\\/\\\/www.itakaescolapios.org\\\/eu\\\/photocall\\\/\"]}]},{\"@type\":\"ImageObject\",\"inLanguage\":\"eu\",\"@id\":\"https:\\\/\\\/www.itakaescolapios.org\\\/eu\\\/photocall\\\/#primaryimage\",\"url\":\"https:\\\/\\\/www.itakaescolapios.org\\\/wp-content\\\/uploads\\\/2018\\\/10\\\/JIWA1-239x300.png\",\"contentUrl\":\"https:\\\/\\\/www.itakaescolapios.org\\\/wp-content\\\/uploads\\\/2018\\\/10\\\/JIWA1-239x300.png\"},{\"@type\":\"BreadcrumbList\",\"@id\":\"https:\\\/\\\/www.itakaescolapios.org\\\/eu\\\/photocall\\\/#breadcrumb\",\"itemListElement\":[{\"@type\":\"ListItem\",\"position\":1,\"name\":\"Itaka-Escolapios\",\"item\":\"https:\\\/\\\/www.itakaescolapios.org\\\/es\\\/\"},{\"@type\":\"ListItem\",\"position\":2,\"name\":\"PHOTOCALL\"}]},{\"@type\":\"WebSite\",\"@id\":\"https:\\\/\\\/www.itakaescolapios.org\\\/eu\\\/es\\\/#website\",\"url\":\"https:\\\/\\\/www.itakaescolapios.org\\\/eu\\\/es\\\/\",\"name\":\"Itaka-Escolapios\",\"description\":\"Red de Itaka-Escolapios\",\"publisher\":{\"@id\":\"https:\\\/\\\/www.itakaescolapios.org\\\/eu\\\/es\\\/#organization\"},\"potentialAction\":[{\"@type\":\"SearchAction\",\"target\":{\"@type\":\"EntryPoint\",\"urlTemplate\":\"https:\\\/\\\/www.itakaescolapios.org\\\/eu\\\/es\\\/?s={search_term_string}\"},\"query-input\":{\"@type\":\"PropertyValueSpecification\",\"valueRequired\":true,\"valueName\":\"search_term_string\"}}],\"inLanguage\":\"eu\"},{\"@type\":\"Organization\",\"@id\":\"https:\\\/\\\/www.itakaescolapios.org\\\/eu\\\/es\\\/#organization\",\"name\":\"Fundaci\u00f3 Itaka-Escolapios\",\"url\":\"https:\\\/\\\/www.itakaescolapios.org\\\/eu\\\/es\\\/\",\"logo\":{\"@type\":\"ImageObject\",\"inLanguage\":\"eu\",\"@id\":\"https:\\\/\\\/www.itakaescolapios.org\\\/eu\\\/es\\\/#\\\/schema\\\/logo\\\/image\\\/\",\"url\":\"https:\\\/\\\/www.itakaescolapios.org\\\/wp-content\\\/uploads\\\/2024\\\/04\\\/Logo-itakaescolapios-peque.png\",\"contentUrl\":\"https:\\\/\\\/www.itakaescolapios.org\\\/wp-content\\\/uploads\\\/2024\\\/04\\\/Logo-itakaescolapios-peque.png\",\"width\":500,\"height\":199,\"caption\":\"Fundaci\u00f3 Itaka-Escolapios\"},\"image\":{\"@id\":\"https:\\\/\\\/www.itakaescolapios.org\\\/eu\\\/es\\\/#\\\/schema\\\/logo\\\/image\\\/\"}}]}<\/script>\n<!-- \/ Yoast SEO plugin. -->","yoast_head_json":{"title":"PHOTOCALL","description":"JIWA la responsable de mantener a punto todos los instrumentos musicales y de la expedici\u00f3n, nos propone construir con una plantilla un photocall\u00a0 con el que adornar nuestro centro educativo y en el que poder sacarnos fotos de grupo. Puedes descargarte dos formatos, alta y baja resoluci\u00f3n, en funci\u00f3n del tama\u00f1o del photocall que vayas&hellip;","robots":{"index":"index","follow":"follow","max-snippet":"max-snippet:-1","max-image-preview":"max-image-preview:large","max-video-preview":"max-video-preview:-1"},"canonical":"JIWA la responsable de mantener a punto todos los instrumentos musicales y de la expedici\u00f3n, nos propone construir con una plantilla un photocall\u00a0 con el que adornar nuestro centro educativo y en el que poder sacarnos fotos de grupo. Puedes descargarte dos formatos, alta y baja resoluci\u00f3n, en funci\u00f3n del tama\u00f1o del photocall que vayas&hellip;","og_locale":"en_US","og_type":"article","og_title":"PHOTOCALL","og_description":"JIWA la responsable de mantener a punto todos los instrumentos musicales y de la expedici\u00f3n, nos propone construir con una plantilla un photocall\u00a0 con el que adornar nuestro centro educativo y en el que poder sacarnos fotos de grupo. Puedes descargarte dos formatos, alta y baja resoluci\u00f3n, en funci\u00f3n del tama\u00f1o del photocall que vayas&hellip;","og_url":"https:\/\/www.itakaescolapios.org\/eu\/photocall\/","og_site_name":"Itaka-Escolapios","article_modified_time":"2023-11-28T11:37:11+00:00","og_image":[{"width":1197,"height":1500,"url":"https:\/\/www.itakaescolapios.org\/wp-content\/uploads\/2018\/10\/JIWA1.png","type":"image\/png"}],"twitter_card":"summary_large_image","schema":{"@context":"https:\/\/schema.org","@graph":[{"@type":"WebPage","@id":"https:\/\/www.itakaescolapios.org\/eu\/photocall\/","url":"https:\/\/www.itakaescolapios.org\/eu\/photocall\/","name":"PHOTOCALL - Itaka-Escolapios","isPartOf":{"@id":"https:\/\/www.itakaescolapios.org\/es\/#website"},"primaryImageOfPage":{"@id":"https:\/\/www.itakaescolapios.org\/eu\/photocall\/#primaryimage"},"image":{"@id":"https:\/\/www.itakaescolapios.org\/eu\/photocall\/#primaryimage"},"thumbnailUrl":"https:\/\/www.itakaescolapios.org\/wp-content\/uploads\/2018\/10\/JIWA1-239x300.png","datePublished":"2018-10-17T13:39:56+00:00","dateModified":"2023-11-28T11:37:11+00:00","breadcrumb":{"@id":"https:\/\/www.itakaescolapios.org\/eu\/photocall\/#breadcrumb"},"inLanguage":"eu","potentialAction":[{"@type":"ReadAction","target":["https:\/\/www.itakaescolapios.org\/eu\/photocall\/"]}]},{"@type":"ImageObject","inLanguage":"eu","@id":"https:\/\/www.itakaescolapios.org\/eu\/photocall\/#primaryimage","url":"https:\/\/www.itakaescolapios.org\/wp-content\/uploads\/2018\/10\/JIWA1-239x300.png","contentUrl":"https:\/\/www.itakaescolapios.org\/wp-content\/uploads\/2018\/10\/JIWA1-239x300.png"},{"@type":"BreadcrumbList","@id":"https:\/\/www.itakaescolapios.org\/eu\/photocall\/#breadcrumb","itemListElement":[{"@type":"ListItem","position":1,"name":"Itaka-Escolapios","item":"https:\/\/www.itakaescolapios.org\/es\/"},{"@type":"ListItem","position":2,"name":"PHOTOCALL"}]},{"@type":"WebSite","@id":"https:\/\/www.itakaescolapios.org\/eu\/es\/#website","url":"https:\/\/www.itakaescolapios.org\/eu\/es\/","name":"Itaka-Escolapios","description":"Red de Itaka-Escolapios","publisher":{"@id":"https:\/\/www.itakaescolapios.org\/eu\/es\/#organization"},"potentialAction":[{"@type":"SearchAction","target":{"@type":"EntryPoint","urlTemplate":"https:\/\/www.itakaescolapios.org\/eu\/es\/?s={search_term_string}"},"query-input":{"@type":"PropertyValueSpecification","valueRequired":true,"valueName":"search_term_string"}}],"inLanguage":"eu"},{"@type":"Organization","@id":"https:\/\/www.itakaescolapios.org\/eu\/es\/#organization","name":"Fundaci\u00f3 Itaka-Escolapios","url":"https:\/\/www.itakaescolapios.org\/eu\/es\/","logo":{"@type":"ImageObject","inLanguage":"eu","@id":"https:\/\/www.itakaescolapios.org\/eu\/es\/#\/schema\/logo\/image\/","url":"https:\/\/www.itakaescolapios.org\/wp-content\/uploads\/2024\/04\/Logo-itakaescolapios-peque.png","contentUrl":"https:\/\/www.itakaescolapios.org\/wp-content\/uploads\/2024\/04\/Logo-itakaescolapios-peque.png","width":500,"height":199,"caption":"Fundaci\u00f3 Itaka-Escolapios"},"image":{"@id":"https:\/\/www.itakaescolapios.org\/eu\/es\/#\/schema\/logo\/image\/"}}]}},"_links":{"self":[{"href":"https:\/\/www.itakaescolapios.org\/eu\/wp-json\/wp\/v2\/pages\/24900","targetHints":{"allow":["GET"]}}],"collection":[{"href":"https:\/\/www.itakaescolapios.org\/eu\/wp-json\/wp\/v2\/pages"}],"about":[{"href":"https:\/\/www.itakaescolapios.org\/eu\/wp-json\/wp\/v2\/types\/page"}],"author":[{"embeddable":true,"href":"https:\/\/www.itakaescolapios.org\/eu\/wp-json\/wp\/v2\/users\/46"}],"replies":[{"embeddable":true,"href":"https:\/\/www.itakaescolapios.org\/eu\/wp-json\/wp\/v2\/comments?post=24900"}],"version-history":[{"count":13,"href":"https:\/\/www.itakaescolapios.org\/eu\/wp-json\/wp\/v2\/pages\/24900\/revisions"}],"predecessor-version":[{"id":46226,"href":"https:\/\/www.itakaescolapios.org\/eu\/wp-json\/wp\/v2\/pages\/24900\/revisions\/46226"}],"wp:attachment":[{"href":"https:\/\/www.itakaescolapios.org\/eu\/wp-json\/wp\/v2\/media?parent=24900"}],"curies":[{"name":"wp","href":"https:\/\/api.w.org\/{rel}","templated":true}]}}