{"id":297,"date":"2012-06-01T12:47:33","date_gmt":"2012-06-01T11:47:33","guid":{"rendered":"https:\/\/www.itakaescolapios.org\/?page_id=297"},"modified":"2023-11-28T12:39:47","modified_gmt":"2023-11-28T11:39:47","slug":"cpj-garaiz-de-pamplona","status":"publish","type":"page","link":"https:\/\/www.itakaescolapios.org\/eu\/zer-egiten-dugu\/centros-pastoral-jovenes\/cpj-garaiz-de-pamplona\/","title":{"rendered":"Garaiz de Pamplona"},"content":{"rendered":"<p style=\"text-align: justify;\" align=\"JUSTIFY\">La educaci\u00f3n no formal es un importante \u00e1mbito de desarrollo\u00a0 de los ni\u00f1os y los j\u00f3venes. Las salidas y campamentos, los talleres, juegos, la reflexi\u00f3n sobre lo personal y lo social, el compromiso y el voluntariado, etc., vienen a ser el complemento ideal de la educaci\u00f3n que se recibe en la familia y en los centros educativos. Para todo ello se crearon los grupos educativos Garaiz. Estos grupos nacen\u00a0en torno a los escolapios. Nuestro proceso educativo se compone de diferentes etapas\u00a0con los siguientes objetivos:<\/p>\n<ol style=\"text-align: justify;\">\n<li>\n<p align=\"JUSTIFY\">La educaci\u00f3n en el tiempo libre de ni\u00f1os\/as y j\u00f3venes desde una visi\u00f3n cristiana de la vida, de la persona y del mundo.<\/p>\n<\/li>\n<li>\n<p align=\"JUSTIFY\">Ofrecer un lugar y tiempo de encuentro a ni\u00f1os y j\u00f3venes promocionando actividades culturales, deportivas y l\u00fadicas que favorezcan el crecimiento personal.<\/p>\n<\/li>\n<li>\n<p align=\"JUSTIFY\">Potenciar actitudes y acciones de sociabilidad, cooperaci\u00f3n y solidaridad entre los ni\u00f1os y j\u00f3venes participantes, y para con los m\u00e1s desfavorecidos de nuestro mundo.<\/p>\n<\/li>\n<li>\n<p align=\"JUSTIFY\">Favorecer el contacto con la naturaleza para el desarrollo de actitudes de respeto, admiraci\u00f3n y disfrute de la misma.<\/p>\n<\/li>\n<\/ol>\n<p style=\"text-align: justify;\" align=\"JUSTIFY\">Nuestro proceso educativo se estructura en varias etapas:<\/p>\n<ul style=\"text-align: justify;\">\n<li>\n<p align=\"JUSTIFY\">Tipi-Tapa: iniciaci\u00f3n en la fe (hasta los 9 a\u00f1os)<\/p>\n<\/li>\n<li>\n<p align=\"JUSTIFY\">Mikel Gurea: educaci\u00f3n en el tiempo libre desde 5\u00ba de primaria a 2\u00ba ESO<\/p>\n<\/li>\n<li>\n<p align=\"JUSTIFY\">Bidean: educaci\u00f3n en el tiempo libre desde 3\u00ba ESO hasta los 18 a\u00f1os<\/p>\n<\/li>\n<li>\n<p align=\"JUSTIFY\">Lurberri: grupos y comunidades cristianas de j\u00f3venes y adultos<\/p>\n<\/li>\n<\/ul>\n<p align=\"JUSTIFY\">Los grupos de cada etapa\u00a0disponen de un equipo de monitores que se dedican a esta labor de educar ni\u00f1os y j\u00f3venes de forma desinteresada y como vocaci\u00f3n.<\/p>\n<p>Llevamos a cabo las actividades en los locales de los dos colegios escolapios de Pamplona (La Compasi\u00f3n y Calasanz).<!--more--><\/p>\n","protected":false},"excerpt":{"rendered":"<p>La educaci\u00f3n no formal es un importante \u00e1mbito de desarrollo\u00a0 de los ni\u00f1os y los j\u00f3venes. Las salidas y campamentos, los talleres, juegos, la reflexi\u00f3n sobre lo personal y lo [&hellip;]<\/p>\n","protected":false},"author":1,"featured_media":1686,"parent":85,"menu_order":2,"comment_status":"closed","ping_status":"closed","template":"","meta":{"_et_pb_use_builder":"","_et_pb_old_content":"","_et_gb_content_width":"","footnotes":""},"class_list":["post-297","page","type-page","status-publish","has-post-thumbnail","hentry"],"yoast_head":"<!-- This site is optimized with the Yoast SEO plugin v27.3 - https:\/\/yoast.com\/product\/yoast-seo-wordpress\/ -->\n<title>Garaiz de Pamplona<\/title>\n<meta name=\"description\" content=\"La educaci\u00f3n no formal es un importante \u00e1mbito de desarrollo\u00a0 de los ni\u00f1os y los j\u00f3venes. Las salidas y campamentos, los talleres, juegos, la reflexi\u00f3n sobre lo personal y lo social, el compromiso y el voluntariado, etc., vienen a ser el complemento ideal de la educaci\u00f3n que se recibe en la familia y en los&hellip;\" \/>\n<meta name=\"robots\" content=\"index, follow, max-snippet:-1, max-image-preview:large, max-video-preview:-1\" \/>\n<link rel=\"canonical\" href=\"http:\/\/La%20educaci\u00f3n%20no%20formal%20es%20un%20importante%20\u00e1mbito%20de%20desarrollo\u00a0%20de%20los%20ni\u00f1os%20y%20los%20j\u00f3venes.%20Las%20salidas%20y%20campamentos,%20los%20talleres,%20juegos,%20la%20reflexi\u00f3n%20sobre%20lo%20personal%20y%20lo%20social,%20el%20compromiso%20y%20el%20voluntariado,%20etc.,%20vienen%20a%20ser%20el%20complemento%20ideal%20de%20la%20educaci\u00f3n%20que%20se%20recibe%20en%20la%20familia%20y%20en%20los&hellip;\" \/>\n<meta property=\"og:locale\" content=\"en_US\" \/>\n<meta property=\"og:type\" content=\"article\" \/>\n<meta property=\"og:title\" content=\"Garaiz de Pamplona\" \/>\n<meta property=\"og:description\" content=\"La educaci\u00f3n no formal es un importante \u00e1mbito de desarrollo\u00a0 de los ni\u00f1os y los j\u00f3venes. Las salidas y campamentos, los talleres, juegos, la reflexi\u00f3n sobre lo personal y lo social, el compromiso y el voluntariado, etc., vienen a ser el complemento ideal de la educaci\u00f3n que se recibe en la familia y en los&hellip;\" \/>\n<meta property=\"og:url\" content=\"https:\/\/www.itakaescolapios.org\/eu\/zer-egiten-dugu\/centros-pastoral-jovenes\/cpj-garaiz-de-pamplona\/\" \/>\n<meta property=\"og:site_name\" content=\"Itaka-Escolapios\" \/>\n<meta property=\"article:modified_time\" content=\"2023-11-28T11:39:47+00:00\" \/>\n<meta property=\"og:image\" content=\"https:\/\/www.itakaescolapios.org\/wp-content\/uploads\/2012\/06\/Centro-Pastoral-Juvenil-Garaiz-3-Pamplona.jpg\" \/>\n\t<meta property=\"og:image:width\" content=\"1200\" \/>\n\t<meta property=\"og:image:height\" content=\"900\" \/>\n\t<meta property=\"og:image:type\" content=\"image\/jpeg\" \/>\n<meta name=\"twitter:card\" content=\"summary_large_image\" \/>\n<meta name=\"twitter:label1\" content=\"Est. reading time\" \/>\n\t<meta name=\"twitter:data1\" content=\"1 minutua\" \/>\n<script type=\"application\/ld+json\" class=\"yoast-schema-graph\">{\"@context\":\"https:\\\/\\\/schema.org\",\"@graph\":[{\"@type\":\"WebPage\",\"@id\":\"https:\\\/\\\/www.itakaescolapios.org\\\/eu\\\/zer-egiten-dugu\\\/centros-pastoral-jovenes\\\/cpj-garaiz-de-pamplona\\\/\",\"url\":\"https:\\\/\\\/www.itakaescolapios.org\\\/eu\\\/zer-egiten-dugu\\\/centros-pastoral-jovenes\\\/cpj-garaiz-de-pamplona\\\/\",\"name\":\"Garaiz de Pamplona - Itaka-Escolapios\",\"isPartOf\":{\"@id\":\"https:\\\/\\\/www.itakaescolapios.org\\\/es\\\/#website\"},\"primaryImageOfPage\":{\"@id\":\"https:\\\/\\\/www.itakaescolapios.org\\\/eu\\\/zer-egiten-dugu\\\/centros-pastoral-jovenes\\\/cpj-garaiz-de-pamplona\\\/#primaryimage\"},\"image\":{\"@id\":\"https:\\\/\\\/www.itakaescolapios.org\\\/eu\\\/zer-egiten-dugu\\\/centros-pastoral-jovenes\\\/cpj-garaiz-de-pamplona\\\/#primaryimage\"},\"thumbnailUrl\":\"https:\\\/\\\/www.itakaescolapios.org\\\/wp-content\\\/uploads\\\/2012\\\/06\\\/Centro-Pastoral-Juvenil-Garaiz-3-Pamplona.jpg\",\"datePublished\":\"2012-06-01T11:47:33+00:00\",\"dateModified\":\"2023-11-28T11:39:47+00:00\",\"breadcrumb\":{\"@id\":\"https:\\\/\\\/www.itakaescolapios.org\\\/eu\\\/zer-egiten-dugu\\\/centros-pastoral-jovenes\\\/cpj-garaiz-de-pamplona\\\/#breadcrumb\"},\"inLanguage\":\"eu\",\"potentialAction\":[{\"@type\":\"ReadAction\",\"target\":[\"https:\\\/\\\/www.itakaescolapios.org\\\/eu\\\/zer-egiten-dugu\\\/centros-pastoral-jovenes\\\/cpj-garaiz-de-pamplona\\\/\"]}]},{\"@type\":\"ImageObject\",\"inLanguage\":\"eu\",\"@id\":\"https:\\\/\\\/www.itakaescolapios.org\\\/eu\\\/zer-egiten-dugu\\\/centros-pastoral-jovenes\\\/cpj-garaiz-de-pamplona\\\/#primaryimage\",\"url\":\"https:\\\/\\\/www.itakaescolapios.org\\\/wp-content\\\/uploads\\\/2012\\\/06\\\/Centro-Pastoral-Juvenil-Garaiz-3-Pamplona.jpg\",\"contentUrl\":\"https:\\\/\\\/www.itakaescolapios.org\\\/wp-content\\\/uploads\\\/2012\\\/06\\\/Centro-Pastoral-Juvenil-Garaiz-3-Pamplona.jpg\",\"width\":\"1200\",\"height\":\"900\"},{\"@type\":\"BreadcrumbList\",\"@id\":\"https:\\\/\\\/www.itakaescolapios.org\\\/eu\\\/zer-egiten-dugu\\\/centros-pastoral-jovenes\\\/cpj-garaiz-de-pamplona\\\/#breadcrumb\",\"itemListElement\":[{\"@type\":\"ListItem\",\"position\":1,\"name\":\"Itaka-Escolapios\",\"item\":\"https:\\\/\\\/www.itakaescolapios.org\\\/es\\\/\"},{\"@type\":\"ListItem\",\"position\":2,\"name\":\"Zer egiten dugu\",\"item\":\"https:\\\/\\\/www.itakaescolapios.org\\\/es\\\/que-hacemos\\\/\"},{\"@type\":\"ListItem\",\"position\":3,\"name\":\"Movimiento Calasanz\",\"item\":\"https:\\\/\\\/www.itakaescolapios.org\\\/es\\\/que-hacemos\\\/centros-pastoral-jovenes\\\/\"},{\"@type\":\"ListItem\",\"position\":4,\"name\":\"Garaiz de Pamplona\"}]},{\"@type\":\"WebSite\",\"@id\":\"https:\\\/\\\/www.itakaescolapios.org\\\/eu\\\/es\\\/#website\",\"url\":\"https:\\\/\\\/www.itakaescolapios.org\\\/eu\\\/es\\\/\",\"name\":\"Itaka-Escolapios\",\"description\":\"Red de Itaka-Escolapios\",\"publisher\":{\"@id\":\"https:\\\/\\\/www.itakaescolapios.org\\\/eu\\\/es\\\/#organization\"},\"potentialAction\":[{\"@type\":\"SearchAction\",\"target\":{\"@type\":\"EntryPoint\",\"urlTemplate\":\"https:\\\/\\\/www.itakaescolapios.org\\\/eu\\\/es\\\/?s={search_term_string}\"},\"query-input\":{\"@type\":\"PropertyValueSpecification\",\"valueRequired\":true,\"valueName\":\"search_term_string\"}}],\"inLanguage\":\"eu\"},{\"@type\":\"Organization\",\"@id\":\"https:\\\/\\\/www.itakaescolapios.org\\\/eu\\\/es\\\/#organization\",\"name\":\"Fundaci\u00f3 Itaka-Escolapios\",\"url\":\"https:\\\/\\\/www.itakaescolapios.org\\\/eu\\\/es\\\/\",\"logo\":{\"@type\":\"ImageObject\",\"inLanguage\":\"eu\",\"@id\":\"https:\\\/\\\/www.itakaescolapios.org\\\/eu\\\/es\\\/#\\\/schema\\\/logo\\\/image\\\/\",\"url\":\"https:\\\/\\\/www.itakaescolapios.org\\\/wp-content\\\/uploads\\\/2024\\\/04\\\/Logo-itakaescolapios-peque.png\",\"contentUrl\":\"https:\\\/\\\/www.itakaescolapios.org\\\/wp-content\\\/uploads\\\/2024\\\/04\\\/Logo-itakaescolapios-peque.png\",\"width\":500,\"height\":199,\"caption\":\"Fundaci\u00f3 Itaka-Escolapios\"},\"image\":{\"@id\":\"https:\\\/\\\/www.itakaescolapios.org\\\/eu\\\/es\\\/#\\\/schema\\\/logo\\\/image\\\/\"}}]}<\/script>\n<!-- \/ Yoast SEO plugin. -->","yoast_head_json":{"title":"Garaiz de Pamplona","description":"La educaci\u00f3n no formal es un importante \u00e1mbito de desarrollo\u00a0 de los ni\u00f1os y los j\u00f3venes. Las salidas y campamentos, los talleres, juegos, la reflexi\u00f3n sobre lo personal y lo social, el compromiso y el voluntariado, etc., vienen a ser el complemento ideal de la educaci\u00f3n que se recibe en la familia y en los&hellip;","robots":{"index":"index","follow":"follow","max-snippet":"max-snippet:-1","max-image-preview":"max-image-preview:large","max-video-preview":"max-video-preview:-1"},"canonical":"La educaci\u00f3n no formal es un importante \u00e1mbito de desarrollo\u00a0 de los ni\u00f1os y los j\u00f3venes. Las salidas y campamentos, los talleres, juegos, la reflexi\u00f3n sobre lo personal y lo social, el compromiso y el voluntariado, etc., vienen a ser el complemento ideal de la educaci\u00f3n que se recibe en la familia y en los&hellip;","og_locale":"en_US","og_type":"article","og_title":"Garaiz de Pamplona","og_description":"La educaci\u00f3n no formal es un importante \u00e1mbito de desarrollo\u00a0 de los ni\u00f1os y los j\u00f3venes. Las salidas y campamentos, los talleres, juegos, la reflexi\u00f3n sobre lo personal y lo social, el compromiso y el voluntariado, etc., vienen a ser el complemento ideal de la educaci\u00f3n que se recibe en la familia y en los&hellip;","og_url":"https:\/\/www.itakaescolapios.org\/eu\/zer-egiten-dugu\/centros-pastoral-jovenes\/cpj-garaiz-de-pamplona\/","og_site_name":"Itaka-Escolapios","article_modified_time":"2023-11-28T11:39:47+00:00","og_image":[{"width":1200,"height":900,"url":"https:\/\/www.itakaescolapios.org\/wp-content\/uploads\/2012\/06\/Centro-Pastoral-Juvenil-Garaiz-3-Pamplona.jpg","type":"image\/jpeg"}],"twitter_card":"summary_large_image","twitter_misc":{"Est. reading time":"1 minutua"},"schema":{"@context":"https:\/\/schema.org","@graph":[{"@type":"WebPage","@id":"https:\/\/www.itakaescolapios.org\/eu\/zer-egiten-dugu\/centros-pastoral-jovenes\/cpj-garaiz-de-pamplona\/","url":"https:\/\/www.itakaescolapios.org\/eu\/zer-egiten-dugu\/centros-pastoral-jovenes\/cpj-garaiz-de-pamplona\/","name":"Garaiz de Pamplona - Itaka-Escolapios","isPartOf":{"@id":"https:\/\/www.itakaescolapios.org\/es\/#website"},"primaryImageOfPage":{"@id":"https:\/\/www.itakaescolapios.org\/eu\/zer-egiten-dugu\/centros-pastoral-jovenes\/cpj-garaiz-de-pamplona\/#primaryimage"},"image":{"@id":"https:\/\/www.itakaescolapios.org\/eu\/zer-egiten-dugu\/centros-pastoral-jovenes\/cpj-garaiz-de-pamplona\/#primaryimage"},"thumbnailUrl":"https:\/\/www.itakaescolapios.org\/wp-content\/uploads\/2012\/06\/Centro-Pastoral-Juvenil-Garaiz-3-Pamplona.jpg","datePublished":"2012-06-01T11:47:33+00:00","dateModified":"2023-11-28T11:39:47+00:00","breadcrumb":{"@id":"https:\/\/www.itakaescolapios.org\/eu\/zer-egiten-dugu\/centros-pastoral-jovenes\/cpj-garaiz-de-pamplona\/#breadcrumb"},"inLanguage":"eu","potentialAction":[{"@type":"ReadAction","target":["https:\/\/www.itakaescolapios.org\/eu\/zer-egiten-dugu\/centros-pastoral-jovenes\/cpj-garaiz-de-pamplona\/"]}]},{"@type":"ImageObject","inLanguage":"eu","@id":"https:\/\/www.itakaescolapios.org\/eu\/zer-egiten-dugu\/centros-pastoral-jovenes\/cpj-garaiz-de-pamplona\/#primaryimage","url":"https:\/\/www.itakaescolapios.org\/wp-content\/uploads\/2012\/06\/Centro-Pastoral-Juvenil-Garaiz-3-Pamplona.jpg","contentUrl":"https:\/\/www.itakaescolapios.org\/wp-content\/uploads\/2012\/06\/Centro-Pastoral-Juvenil-Garaiz-3-Pamplona.jpg","width":"1200","height":"900"},{"@type":"BreadcrumbList","@id":"https:\/\/www.itakaescolapios.org\/eu\/zer-egiten-dugu\/centros-pastoral-jovenes\/cpj-garaiz-de-pamplona\/#breadcrumb","itemListElement":[{"@type":"ListItem","position":1,"name":"Itaka-Escolapios","item":"https:\/\/www.itakaescolapios.org\/es\/"},{"@type":"ListItem","position":2,"name":"Zer egiten dugu","item":"https:\/\/www.itakaescolapios.org\/es\/que-hacemos\/"},{"@type":"ListItem","position":3,"name":"Movimiento Calasanz","item":"https:\/\/www.itakaescolapios.org\/es\/que-hacemos\/centros-pastoral-jovenes\/"},{"@type":"ListItem","position":4,"name":"Garaiz de Pamplona"}]},{"@type":"WebSite","@id":"https:\/\/www.itakaescolapios.org\/eu\/es\/#website","url":"https:\/\/www.itakaescolapios.org\/eu\/es\/","name":"Itaka-Escolapios","description":"Red de Itaka-Escolapios","publisher":{"@id":"https:\/\/www.itakaescolapios.org\/eu\/es\/#organization"},"potentialAction":[{"@type":"SearchAction","target":{"@type":"EntryPoint","urlTemplate":"https:\/\/www.itakaescolapios.org\/eu\/es\/?s={search_term_string}"},"query-input":{"@type":"PropertyValueSpecification","valueRequired":true,"valueName":"search_term_string"}}],"inLanguage":"eu"},{"@type":"Organization","@id":"https:\/\/www.itakaescolapios.org\/eu\/es\/#organization","name":"Fundaci\u00f3 Itaka-Escolapios","url":"https:\/\/www.itakaescolapios.org\/eu\/es\/","logo":{"@type":"ImageObject","inLanguage":"eu","@id":"https:\/\/www.itakaescolapios.org\/eu\/es\/#\/schema\/logo\/image\/","url":"https:\/\/www.itakaescolapios.org\/wp-content\/uploads\/2024\/04\/Logo-itakaescolapios-peque.png","contentUrl":"https:\/\/www.itakaescolapios.org\/wp-content\/uploads\/2024\/04\/Logo-itakaescolapios-peque.png","width":500,"height":199,"caption":"Fundaci\u00f3 Itaka-Escolapios"},"image":{"@id":"https:\/\/www.itakaescolapios.org\/eu\/es\/#\/schema\/logo\/image\/"}}]}},"_links":{"self":[{"href":"https:\/\/www.itakaescolapios.org\/eu\/wp-json\/wp\/v2\/pages\/297","targetHints":{"allow":["GET"]}}],"collection":[{"href":"https:\/\/www.itakaescolapios.org\/eu\/wp-json\/wp\/v2\/pages"}],"about":[{"href":"https:\/\/www.itakaescolapios.org\/eu\/wp-json\/wp\/v2\/types\/page"}],"author":[{"embeddable":true,"href":"https:\/\/www.itakaescolapios.org\/eu\/wp-json\/wp\/v2\/users\/1"}],"replies":[{"embeddable":true,"href":"https:\/\/www.itakaescolapios.org\/eu\/wp-json\/wp\/v2\/comments?post=297"}],"version-history":[{"count":19,"href":"https:\/\/www.itakaescolapios.org\/eu\/wp-json\/wp\/v2\/pages\/297\/revisions"}],"predecessor-version":[{"id":50270,"href":"https:\/\/www.itakaescolapios.org\/eu\/wp-json\/wp\/v2\/pages\/297\/revisions\/50270"}],"up":[{"embeddable":true,"href":"https:\/\/www.itakaescolapios.org\/eu\/wp-json\/wp\/v2\/pages\/85"}],"wp:featuredmedia":[{"embeddable":true,"href":"https:\/\/www.itakaescolapios.org\/eu\/wp-json\/wp\/v2\/media\/1686"}],"wp:attachment":[{"href":"https:\/\/www.itakaescolapios.org\/eu\/wp-json\/wp\/v2\/media?parent=297"}],"curies":[{"name":"wp","href":"https:\/\/api.w.org\/{rel}","templated":true}]}}