{"id":30035,"date":"2020-02-14T16:53:18","date_gmt":"2020-02-14T15:53:18","guid":{"rendered":"https:\/\/www.itakaescolapios.org\/?page_id=30035"},"modified":"2023-11-28T12:36:29","modified_gmt":"2023-11-28T11:36:29","slug":"recursos-concretos","status":"publish","type":"page","link":"https:\/\/www.itakaescolapios.org\/eu\/zer-egiten-dugu\/sensibilizacion\/recursos-concretos\/","title":{"rendered":"RECURSOS CONCRETOS"},"content":{"rendered":"<p>Para el desarrollo de las diversas semanas y campa\u00f1as desde el equipo de sensibilizaci\u00f3n de Itaka-Escolapios se facilitan recursos educativos v\u00eda:<\/p>\n<p><strong>\u2022 P\u00e1gina web<\/strong><a href=\"http:\/\/www.itakaescolapios.org\"> www.itakaescolapios.org<\/a><br \/>\n<strong>\u2022 P\u00e1gina web<\/strong> <a href=\"http:\/\/www.educa.itakaescolapios.org\">www.educa.itakaescolapios.org<\/a><br \/>\n<strong>\u2022 Redes locales y provinciales de Itaka-Escolapios y de las provincias escolapias.<\/strong><br \/>\n<strong>\u2022 Contactando con el equipo de sensibilizaci\u00f3n de Itaka-Escolapios.<\/strong><\/p>\n","protected":false},"excerpt":{"rendered":"<p>Para el desarrollo de las diversas semanas y campa\u00f1as desde el equipo de sensibilizaci\u00f3n de Itaka-Escolapios se facilitan recursos educativos v\u00eda: \u2022 P\u00e1gina web www.itakaescolapios.org \u2022 P\u00e1gina web www.educa.itakaescolapios.org \u2022 [&hellip;]<\/p>\n","protected":false},"author":4,"featured_media":0,"parent":95,"menu_order":9,"comment_status":"closed","ping_status":"closed","template":"","meta":{"_et_pb_use_builder":"","_et_pb_old_content":"","_et_gb_content_width":"","footnotes":""},"class_list":["post-30035","page","type-page","status-publish","hentry"],"yoast_head":"<!-- This site is optimized with the Yoast SEO plugin v27.3 - https:\/\/yoast.com\/product\/yoast-seo-wordpress\/ -->\n<title>RECURSOS CONCRETOS<\/title>\n<meta name=\"description\" content=\"Para el desarrollo de las diversas semanas y campa\u00f1as desde el equipo de sensibilizaci\u00f3n de Itaka-Escolapios se facilitan recursos educativos v\u00eda: \u2022 P\u00e1gina web www.itakaescolapios.org \u2022 P\u00e1gina web www.educa.itakaescolapios.org \u2022 Redes locales y provinciales de Itaka-Escolapios y de las provincias escolapias. \u2022 Contactando con el equipo de sensibilizaci\u00f3n de Itaka-Escolapios.\" \/>\n<meta name=\"robots\" content=\"index, follow, max-snippet:-1, max-image-preview:large, max-video-preview:-1\" \/>\n<link rel=\"canonical\" href=\"\" \/>\n<meta property=\"og:locale\" content=\"en_US\" \/>\n<meta property=\"og:type\" content=\"article\" \/>\n<meta property=\"og:title\" content=\"RECURSOS CONCRETOS\" \/>\n<meta property=\"og:description\" content=\"Para el desarrollo de las diversas semanas y campa\u00f1as desde el equipo de sensibilizaci\u00f3n de Itaka-Escolapios se facilitan recursos educativos v\u00eda: \u2022 P\u00e1gina web www.itakaescolapios.org \u2022 P\u00e1gina web www.educa.itakaescolapios.org \u2022 Redes locales y provinciales de Itaka-Escolapios y de las provincias escolapias. \u2022 Contactando con el equipo de sensibilizaci\u00f3n de Itaka-Escolapios.\" \/>\n<meta property=\"og:url\" content=\"https:\/\/www.itakaescolapios.org\/eu\/zer-egiten-dugu\/sensibilizacion\/recursos-concretos\/\" \/>\n<meta property=\"og:site_name\" content=\"Itaka-Escolapios\" \/>\n<meta property=\"article:modified_time\" content=\"2023-11-28T11:36:29+00:00\" \/>\n<meta name=\"twitter:card\" content=\"summary_large_image\" \/>\n<script type=\"application\/ld+json\" class=\"yoast-schema-graph\">{\"@context\":\"https:\\\/\\\/schema.org\",\"@graph\":[{\"@type\":\"WebPage\",\"@id\":\"https:\\\/\\\/www.itakaescolapios.org\\\/eu\\\/zer-egiten-dugu\\\/sensibilizacion\\\/recursos-concretos\\\/\",\"url\":\"https:\\\/\\\/www.itakaescolapios.org\\\/eu\\\/zer-egiten-dugu\\\/sensibilizacion\\\/recursos-concretos\\\/\",\"name\":\"RECURSOS CONCRETOS - Itaka-Escolapios\",\"isPartOf\":{\"@id\":\"https:\\\/\\\/www.itakaescolapios.org\\\/es\\\/#website\"},\"datePublished\":\"2020-02-14T15:53:18+00:00\",\"dateModified\":\"2023-11-28T11:36:29+00:00\",\"breadcrumb\":{\"@id\":\"https:\\\/\\\/www.itakaescolapios.org\\\/eu\\\/zer-egiten-dugu\\\/sensibilizacion\\\/recursos-concretos\\\/#breadcrumb\"},\"inLanguage\":\"eu\",\"potentialAction\":[{\"@type\":\"ReadAction\",\"target\":[\"https:\\\/\\\/www.itakaescolapios.org\\\/eu\\\/zer-egiten-dugu\\\/sensibilizacion\\\/recursos-concretos\\\/\"]}]},{\"@type\":\"BreadcrumbList\",\"@id\":\"https:\\\/\\\/www.itakaescolapios.org\\\/eu\\\/zer-egiten-dugu\\\/sensibilizacion\\\/recursos-concretos\\\/#breadcrumb\",\"itemListElement\":[{\"@type\":\"ListItem\",\"position\":1,\"name\":\"Itaka-Escolapios\",\"item\":\"https:\\\/\\\/www.itakaescolapios.org\\\/es\\\/\"},{\"@type\":\"ListItem\",\"position\":2,\"name\":\"Zer egiten dugu\",\"item\":\"https:\\\/\\\/www.itakaescolapios.org\\\/es\\\/que-hacemos\\\/\"},{\"@type\":\"ListItem\",\"position\":3,\"name\":\"Sensibilizaci\u00f3n\",\"item\":\"https:\\\/\\\/www.itakaescolapios.org\\\/es\\\/que-hacemos\\\/sensibilizacion\\\/\"},{\"@type\":\"ListItem\",\"position\":4,\"name\":\"RECURSOS CONCRETOS\"}]},{\"@type\":\"WebSite\",\"@id\":\"https:\\\/\\\/www.itakaescolapios.org\\\/eu\\\/es\\\/#website\",\"url\":\"https:\\\/\\\/www.itakaescolapios.org\\\/eu\\\/es\\\/\",\"name\":\"Itaka-Escolapios\",\"description\":\"Red de Itaka-Escolapios\",\"publisher\":{\"@id\":\"https:\\\/\\\/www.itakaescolapios.org\\\/eu\\\/es\\\/#organization\"},\"potentialAction\":[{\"@type\":\"SearchAction\",\"target\":{\"@type\":\"EntryPoint\",\"urlTemplate\":\"https:\\\/\\\/www.itakaescolapios.org\\\/eu\\\/es\\\/?s={search_term_string}\"},\"query-input\":{\"@type\":\"PropertyValueSpecification\",\"valueRequired\":true,\"valueName\":\"search_term_string\"}}],\"inLanguage\":\"eu\"},{\"@type\":\"Organization\",\"@id\":\"https:\\\/\\\/www.itakaescolapios.org\\\/eu\\\/es\\\/#organization\",\"name\":\"Fundaci\u00f3 Itaka-Escolapios\",\"url\":\"https:\\\/\\\/www.itakaescolapios.org\\\/eu\\\/es\\\/\",\"logo\":{\"@type\":\"ImageObject\",\"inLanguage\":\"eu\",\"@id\":\"https:\\\/\\\/www.itakaescolapios.org\\\/eu\\\/es\\\/#\\\/schema\\\/logo\\\/image\\\/\",\"url\":\"https:\\\/\\\/www.itakaescolapios.org\\\/wp-content\\\/uploads\\\/2024\\\/04\\\/Logo-itakaescolapios-peque.png\",\"contentUrl\":\"https:\\\/\\\/www.itakaescolapios.org\\\/wp-content\\\/uploads\\\/2024\\\/04\\\/Logo-itakaescolapios-peque.png\",\"width\":500,\"height\":199,\"caption\":\"Fundaci\u00f3 Itaka-Escolapios\"},\"image\":{\"@id\":\"https:\\\/\\\/www.itakaescolapios.org\\\/eu\\\/es\\\/#\\\/schema\\\/logo\\\/image\\\/\"}}]}<\/script>\n<!-- \/ Yoast SEO plugin. -->","yoast_head_json":{"title":"RECURSOS CONCRETOS","description":"Para el desarrollo de las diversas semanas y campa\u00f1as desde el equipo de sensibilizaci\u00f3n de Itaka-Escolapios se facilitan recursos educativos v\u00eda: \u2022 P\u00e1gina web www.itakaescolapios.org \u2022 P\u00e1gina web www.educa.itakaescolapios.org \u2022 Redes locales y provinciales de Itaka-Escolapios y de las provincias escolapias. \u2022 Contactando con el equipo de sensibilizaci\u00f3n de Itaka-Escolapios.","robots":{"index":"index","follow":"follow","max-snippet":"max-snippet:-1","max-image-preview":"max-image-preview:large","max-video-preview":"max-video-preview:-1"},"canonical":"Para el desarrollo de las diversas semanas y campa\u00f1as desde el equipo de sensibilizaci\u00f3n de Itaka-Escolapios se facilitan recursos educativos v\u00eda: \u2022 P\u00e1gina web www.itakaescolapios.org \u2022 P\u00e1gina web www.educa.itakaescolapios.org \u2022 Redes locales y provinciales de Itaka-Escolapios y de las provincias escolapias. \u2022 Contactando con el equipo de sensibilizaci\u00f3n de Itaka-Escolapios.","og_locale":"en_US","og_type":"article","og_title":"RECURSOS CONCRETOS","og_description":"Para el desarrollo de las diversas semanas y campa\u00f1as desde el equipo de sensibilizaci\u00f3n de Itaka-Escolapios se facilitan recursos educativos v\u00eda: \u2022 P\u00e1gina web www.itakaescolapios.org \u2022 P\u00e1gina web www.educa.itakaescolapios.org \u2022 Redes locales y provinciales de Itaka-Escolapios y de las provincias escolapias. \u2022 Contactando con el equipo de sensibilizaci\u00f3n de Itaka-Escolapios.","og_url":"https:\/\/www.itakaescolapios.org\/eu\/zer-egiten-dugu\/sensibilizacion\/recursos-concretos\/","og_site_name":"Itaka-Escolapios","article_modified_time":"2023-11-28T11:36:29+00:00","twitter_card":"summary_large_image","schema":{"@context":"https:\/\/schema.org","@graph":[{"@type":"WebPage","@id":"https:\/\/www.itakaescolapios.org\/eu\/zer-egiten-dugu\/sensibilizacion\/recursos-concretos\/","url":"https:\/\/www.itakaescolapios.org\/eu\/zer-egiten-dugu\/sensibilizacion\/recursos-concretos\/","name":"RECURSOS CONCRETOS - Itaka-Escolapios","isPartOf":{"@id":"https:\/\/www.itakaescolapios.org\/es\/#website"},"datePublished":"2020-02-14T15:53:18+00:00","dateModified":"2023-11-28T11:36:29+00:00","breadcrumb":{"@id":"https:\/\/www.itakaescolapios.org\/eu\/zer-egiten-dugu\/sensibilizacion\/recursos-concretos\/#breadcrumb"},"inLanguage":"eu","potentialAction":[{"@type":"ReadAction","target":["https:\/\/www.itakaescolapios.org\/eu\/zer-egiten-dugu\/sensibilizacion\/recursos-concretos\/"]}]},{"@type":"BreadcrumbList","@id":"https:\/\/www.itakaescolapios.org\/eu\/zer-egiten-dugu\/sensibilizacion\/recursos-concretos\/#breadcrumb","itemListElement":[{"@type":"ListItem","position":1,"name":"Itaka-Escolapios","item":"https:\/\/www.itakaescolapios.org\/es\/"},{"@type":"ListItem","position":2,"name":"Zer egiten dugu","item":"https:\/\/www.itakaescolapios.org\/es\/que-hacemos\/"},{"@type":"ListItem","position":3,"name":"Sensibilizaci\u00f3n","item":"https:\/\/www.itakaescolapios.org\/es\/que-hacemos\/sensibilizacion\/"},{"@type":"ListItem","position":4,"name":"RECURSOS CONCRETOS"}]},{"@type":"WebSite","@id":"https:\/\/www.itakaescolapios.org\/eu\/es\/#website","url":"https:\/\/www.itakaescolapios.org\/eu\/es\/","name":"Itaka-Escolapios","description":"Red de Itaka-Escolapios","publisher":{"@id":"https:\/\/www.itakaescolapios.org\/eu\/es\/#organization"},"potentialAction":[{"@type":"SearchAction","target":{"@type":"EntryPoint","urlTemplate":"https:\/\/www.itakaescolapios.org\/eu\/es\/?s={search_term_string}"},"query-input":{"@type":"PropertyValueSpecification","valueRequired":true,"valueName":"search_term_string"}}],"inLanguage":"eu"},{"@type":"Organization","@id":"https:\/\/www.itakaescolapios.org\/eu\/es\/#organization","name":"Fundaci\u00f3 Itaka-Escolapios","url":"https:\/\/www.itakaescolapios.org\/eu\/es\/","logo":{"@type":"ImageObject","inLanguage":"eu","@id":"https:\/\/www.itakaescolapios.org\/eu\/es\/#\/schema\/logo\/image\/","url":"https:\/\/www.itakaescolapios.org\/wp-content\/uploads\/2024\/04\/Logo-itakaescolapios-peque.png","contentUrl":"https:\/\/www.itakaescolapios.org\/wp-content\/uploads\/2024\/04\/Logo-itakaescolapios-peque.png","width":500,"height":199,"caption":"Fundaci\u00f3 Itaka-Escolapios"},"image":{"@id":"https:\/\/www.itakaescolapios.org\/eu\/es\/#\/schema\/logo\/image\/"}}]}},"_links":{"self":[{"href":"https:\/\/www.itakaescolapios.org\/eu\/wp-json\/wp\/v2\/pages\/30035","targetHints":{"allow":["GET"]}}],"collection":[{"href":"https:\/\/www.itakaescolapios.org\/eu\/wp-json\/wp\/v2\/pages"}],"about":[{"href":"https:\/\/www.itakaescolapios.org\/eu\/wp-json\/wp\/v2\/types\/page"}],"author":[{"embeddable":true,"href":"https:\/\/www.itakaescolapios.org\/eu\/wp-json\/wp\/v2\/users\/4"}],"replies":[{"embeddable":true,"href":"https:\/\/www.itakaescolapios.org\/eu\/wp-json\/wp\/v2\/comments?post=30035"}],"version-history":[{"count":3,"href":"https:\/\/www.itakaescolapios.org\/eu\/wp-json\/wp\/v2\/pages\/30035\/revisions"}],"predecessor-version":[{"id":45084,"href":"https:\/\/www.itakaescolapios.org\/eu\/wp-json\/wp\/v2\/pages\/30035\/revisions\/45084"}],"up":[{"embeddable":true,"href":"https:\/\/www.itakaescolapios.org\/eu\/wp-json\/wp\/v2\/pages\/95"}],"wp:attachment":[{"href":"https:\/\/www.itakaescolapios.org\/eu\/wp-json\/wp\/v2\/media?parent=30035"}],"curies":[{"name":"wp","href":"https:\/\/api.w.org\/{rel}","templated":true}]}}