{"id":305,"date":"2012-06-01T12:49:00","date_gmt":"2012-06-01T11:49:00","guid":{"rendered":"https:\/\/www.itakaescolapios.org\/?page_id=305"},"modified":"2023-11-28T12:39:47","modified_gmt":"2023-11-28T11:39:47","slug":"cpj-itaka-bilbao","status":"publish","type":"page","link":"https:\/\/www.itakaescolapios.org\/eu\/zer-egiten-dugu\/centros-pastoral-jovenes\/cpj-itaka-bilbao\/","title":{"rendered":"Itaka de Bilbao"},"content":{"rendered":"<p style=\"text-align: justify;\" align=\"JUSTIFY\">Itaka-Escolapios oferta en Bilbao, desde los siete a\u00f1os (2\u00ba de Primaria) grupos educativos en el tiempo libre. Desde estos grupos ayudamos a sus miembros a su desarrollo integral como personas, haciendo de su vida un continuo proceso de crecimiento y maduraci\u00f3n humana y cristiana.<\/p>\n<p style=\"text-align: justify;\" align=\"JUSTIFY\">Entendemos que las acciones de estos grupos deben partir de las necesidades y la vida de cada una de las personas que los componen, acomod\u00e1ndonos a su evoluci\u00f3n personal y haciendo a cada uno de sus miembros sujeto activo de su proceso educativo desde una pedagog\u00eda de la experiencia.<\/p>\n<p style=\"text-align: justify;\" align=\"JUSTIFY\">Los pilares sobre los que se planifica cada una de las etapas de los grupos son:<\/p>\n<ul style=\"text-align: justify;\">\n<li>\n<p align=\"JUSTIFY\">La experiencia de Dios: cultivamos la apertura a la transcendencia para, partiendo de la situaci\u00f3n personal, vivir una fe personalizada.<\/p>\n<\/li>\n<li>\n<p align=\"JUSTIFY\">El compromiso social: deseamos ser conscientes de la realidad de este mundo y tener una actitud activa y moral por la soluci\u00f3n de los problemas.<\/p>\n<\/li>\n<li>\n<p align=\"JUSTIFY\">La formaci\u00f3n: favorecemos la formaci\u00f3n personal y el conocimiento y an\u00e1lisis del mundo el que vivimos.<\/p>\n<\/li>\n<li>\n<p align=\"JUSTIFY\">La vida en grupo: apostamos por los valores educativos que tiene el grupo y el saber madurar y compartir la vida con otros.<\/p>\n<\/li>\n<li>\n<p align=\"JUSTIFY\">Estilo de vida: facilitamos el protagonismo de las personas en su desarrollo integral y la personalizaci\u00f3n de los valores del evangelio y los Derechos Humanos.<\/p>\n<\/li>\n<li>\n<p align=\"JUSTIFY\">Claves escolapias: apostamos por una visi\u00f3n del mundo desde los ojos del ni\u00f1o y ni\u00f1a pobre y la b\u00fasqueda de nuestra propia vocaci\u00f3n.<\/p>\n<\/li>\n<\/ul>\n<p style=\"text-align: justify;\" align=\"JUSTIFY\">Nuestro proceso educativo se estructura en varias etapas:<\/p>\n<ul>\n<li style=\"text-align: justify;\">\n<p align=\"JUSTIFY\">Etapa de equipaci\u00f3n en valores:<\/p>\n<ul>\n<li>\n<p align=\"JUSTIFY\">Zidor: 2\u00ba y 3\u00ba Primaria ( 7-8 a\u00f1os)<\/p>\n<\/li>\n<li>\n<p align=\"JUSTIFY\">Koskorrak: 4\u00ba Primaria (9 a\u00f1os)<\/p>\n<\/li>\n<li>\n<p align=\"JUSTIFY\">Kaskondoak: 5\u00ba y 6\u00ba Primaria (10-11 a\u00f1os)<\/p>\n<\/li>\n<li>\n<p align=\"JUSTIFY\">Oinarinak: 1\u00ba y 2\u00ba ESO (12-13 a\u00f1os)<\/p>\n<\/li>\n<li>\n<p align=\"JUSTIFY\">Azkarrak: 3\u00ba y 4\u00ba ESO (14-15 a\u00f1os)<\/p>\n<\/li>\n<\/ul>\n<\/li>\n<li style=\"text-align: justify;\">\n<p align=\"JUSTIFY\">Etapa de propuesta:<\/p>\n<ul>\n<li>\n<p align=\"JUSTIFY\">Bidean: 1\u00ba y 2\u00ba Bachillerato (16- 17 a\u00f1os)<\/p>\n<\/li>\n<\/ul>\n<\/li>\n<li style=\"text-align: justify;\">\n<p align=\"JUSTIFY\">Propuesta de voluntariado:<\/p>\n<ul>\n<li>\n<p align=\"JUSTIFY\">Mugitzen: 1\u00ba y 2\u00ba Bachillerato (16-17 a\u00f1os)<\/p>\n<\/li>\n<\/ul>\n<\/li>\n<li>\n<p style=\"text-align: justify;\" align=\"JUSTIFY\">Catecumenado:<\/p>\n<ul>\n<li>\n<p style=\"text-align: justify;\" align=\"JUSTIFY\">Catecumenado y Discernimiento: (18-25 a\u00f1os)<\/p>\n<\/li>\n<\/ul>\n<\/li>\n<\/ul>\n<p><!--more--><\/p>\n","protected":false},"excerpt":{"rendered":"<p>Itaka-Escolapios oferta en Bilbao, desde los siete a\u00f1os (2\u00ba de Primaria) grupos educativos en el tiempo libre. Desde estos grupos ayudamos a sus miembros a su desarrollo integral como personas, [&hellip;]<\/p>\n","protected":false},"author":1,"featured_media":1237,"parent":85,"menu_order":4,"comment_status":"closed","ping_status":"closed","template":"","meta":{"_et_pb_use_builder":"","_et_pb_old_content":"","_et_gb_content_width":"","footnotes":""},"class_list":["post-305","page","type-page","status-publish","has-post-thumbnail","hentry"],"yoast_head":"<!-- This site is optimized with the Yoast SEO plugin v27.3 - https:\/\/yoast.com\/product\/yoast-seo-wordpress\/ -->\n<title>Itaka de Bilbao<\/title>\n<meta name=\"description\" content=\"Itaka-Escolapios oferta en Bilbao, desde los siete a\u00f1os (2\u00ba de Primaria) grupos educativos en el tiempo libre. Desde estos grupos ayudamos a sus miembros a su desarrollo integral como personas, haciendo de su vida un continuo proceso de crecimiento y maduraci\u00f3n humana y cristiana. Entendemos que las acciones de estos grupos deben partir de las&hellip;\" \/>\n<meta name=\"robots\" content=\"index, follow, max-snippet:-1, max-image-preview:large, max-video-preview:-1\" \/>\n<link rel=\"canonical\" href=\"http:\/\/Itaka-Escolapios%20oferta%20en%20Bilbao,%20desde%20los%20siete%20a\u00f1os%20(2\u00ba%20de%20Primaria)%20grupos%20educativos%20en%20el%20tiempo%20libre.%20Desde%20estos%20grupos%20ayudamos%20a%20sus%20miembros%20a%20su%20desarrollo%20integral%20como%20personas,%20haciendo%20de%20su%20vida%20un%20continuo%20proceso%20de%20crecimiento%20y%20maduraci\u00f3n%20humana%20y%20cristiana.%20Entendemos%20que%20las%20acciones%20de%20estos%20grupos%20deben%20partir%20de%20las&hellip;\" \/>\n<meta property=\"og:locale\" content=\"en_US\" \/>\n<meta property=\"og:type\" content=\"article\" \/>\n<meta property=\"og:title\" content=\"Itaka de Bilbao\" \/>\n<meta property=\"og:description\" content=\"Itaka-Escolapios oferta en Bilbao, desde los siete a\u00f1os (2\u00ba de Primaria) grupos educativos en el tiempo libre. Desde estos grupos ayudamos a sus miembros a su desarrollo integral como personas, haciendo de su vida un continuo proceso de crecimiento y maduraci\u00f3n humana y cristiana. Entendemos que las acciones de estos grupos deben partir de las&hellip;\" \/>\n<meta property=\"og:url\" content=\"https:\/\/www.itakaescolapios.org\/eu\/zer-egiten-dugu\/centros-pastoral-jovenes\/cpj-itaka-bilbao\/\" \/>\n<meta property=\"og:site_name\" content=\"Itaka-Escolapios\" \/>\n<meta property=\"article:modified_time\" content=\"2023-11-28T11:39:47+00:00\" \/>\n<meta property=\"og:image\" content=\"https:\/\/www.itakaescolapios.org\/wp-content\/uploads\/2012\/06\/Centro-Pastoral-Juvenil-Itaka-19-Bilbao.jpg\" \/>\n\t<meta property=\"og:image:width\" content=\"1200\" \/>\n\t<meta property=\"og:image:height\" content=\"900\" \/>\n\t<meta property=\"og:image:type\" content=\"image\/jpeg\" \/>\n<meta name=\"twitter:card\" content=\"summary_large_image\" \/>\n<meta name=\"twitter:label1\" content=\"Est. reading time\" \/>\n\t<meta name=\"twitter:data1\" content=\"2 minutua\" \/>\n<script type=\"application\/ld+json\" class=\"yoast-schema-graph\">{\"@context\":\"https:\\\/\\\/schema.org\",\"@graph\":[{\"@type\":\"WebPage\",\"@id\":\"https:\\\/\\\/www.itakaescolapios.org\\\/eu\\\/zer-egiten-dugu\\\/centros-pastoral-jovenes\\\/cpj-itaka-bilbao\\\/\",\"url\":\"https:\\\/\\\/www.itakaescolapios.org\\\/eu\\\/zer-egiten-dugu\\\/centros-pastoral-jovenes\\\/cpj-itaka-bilbao\\\/\",\"name\":\"Itaka de Bilbao - Itaka-Escolapios\",\"isPartOf\":{\"@id\":\"https:\\\/\\\/www.itakaescolapios.org\\\/es\\\/#website\"},\"primaryImageOfPage\":{\"@id\":\"https:\\\/\\\/www.itakaescolapios.org\\\/eu\\\/zer-egiten-dugu\\\/centros-pastoral-jovenes\\\/cpj-itaka-bilbao\\\/#primaryimage\"},\"image\":{\"@id\":\"https:\\\/\\\/www.itakaescolapios.org\\\/eu\\\/zer-egiten-dugu\\\/centros-pastoral-jovenes\\\/cpj-itaka-bilbao\\\/#primaryimage\"},\"thumbnailUrl\":\"https:\\\/\\\/www.itakaescolapios.org\\\/wp-content\\\/uploads\\\/2012\\\/06\\\/Centro-Pastoral-Juvenil-Itaka-19-Bilbao.jpg\",\"datePublished\":\"2012-06-01T11:49:00+00:00\",\"dateModified\":\"2023-11-28T11:39:47+00:00\",\"breadcrumb\":{\"@id\":\"https:\\\/\\\/www.itakaescolapios.org\\\/eu\\\/zer-egiten-dugu\\\/centros-pastoral-jovenes\\\/cpj-itaka-bilbao\\\/#breadcrumb\"},\"inLanguage\":\"eu\",\"potentialAction\":[{\"@type\":\"ReadAction\",\"target\":[\"https:\\\/\\\/www.itakaescolapios.org\\\/eu\\\/zer-egiten-dugu\\\/centros-pastoral-jovenes\\\/cpj-itaka-bilbao\\\/\"]}]},{\"@type\":\"ImageObject\",\"inLanguage\":\"eu\",\"@id\":\"https:\\\/\\\/www.itakaescolapios.org\\\/eu\\\/zer-egiten-dugu\\\/centros-pastoral-jovenes\\\/cpj-itaka-bilbao\\\/#primaryimage\",\"url\":\"https:\\\/\\\/www.itakaescolapios.org\\\/wp-content\\\/uploads\\\/2012\\\/06\\\/Centro-Pastoral-Juvenil-Itaka-19-Bilbao.jpg\",\"contentUrl\":\"https:\\\/\\\/www.itakaescolapios.org\\\/wp-content\\\/uploads\\\/2012\\\/06\\\/Centro-Pastoral-Juvenil-Itaka-19-Bilbao.jpg\",\"width\":\"1200\",\"height\":\"900\"},{\"@type\":\"BreadcrumbList\",\"@id\":\"https:\\\/\\\/www.itakaescolapios.org\\\/eu\\\/zer-egiten-dugu\\\/centros-pastoral-jovenes\\\/cpj-itaka-bilbao\\\/#breadcrumb\",\"itemListElement\":[{\"@type\":\"ListItem\",\"position\":1,\"name\":\"Itaka-Escolapios\",\"item\":\"https:\\\/\\\/www.itakaescolapios.org\\\/es\\\/\"},{\"@type\":\"ListItem\",\"position\":2,\"name\":\"Zer egiten dugu\",\"item\":\"https:\\\/\\\/www.itakaescolapios.org\\\/es\\\/que-hacemos\\\/\"},{\"@type\":\"ListItem\",\"position\":3,\"name\":\"Movimiento Calasanz\",\"item\":\"https:\\\/\\\/www.itakaescolapios.org\\\/es\\\/que-hacemos\\\/centros-pastoral-jovenes\\\/\"},{\"@type\":\"ListItem\",\"position\":4,\"name\":\"Itaka de Bilbao\"}]},{\"@type\":\"WebSite\",\"@id\":\"https:\\\/\\\/www.itakaescolapios.org\\\/eu\\\/es\\\/#website\",\"url\":\"https:\\\/\\\/www.itakaescolapios.org\\\/eu\\\/es\\\/\",\"name\":\"Itaka-Escolapios\",\"description\":\"Red de Itaka-Escolapios\",\"publisher\":{\"@id\":\"https:\\\/\\\/www.itakaescolapios.org\\\/eu\\\/es\\\/#organization\"},\"potentialAction\":[{\"@type\":\"SearchAction\",\"target\":{\"@type\":\"EntryPoint\",\"urlTemplate\":\"https:\\\/\\\/www.itakaescolapios.org\\\/eu\\\/es\\\/?s={search_term_string}\"},\"query-input\":{\"@type\":\"PropertyValueSpecification\",\"valueRequired\":true,\"valueName\":\"search_term_string\"}}],\"inLanguage\":\"eu\"},{\"@type\":\"Organization\",\"@id\":\"https:\\\/\\\/www.itakaescolapios.org\\\/eu\\\/es\\\/#organization\",\"name\":\"Fundaci\u00f3 Itaka-Escolapios\",\"url\":\"https:\\\/\\\/www.itakaescolapios.org\\\/eu\\\/es\\\/\",\"logo\":{\"@type\":\"ImageObject\",\"inLanguage\":\"eu\",\"@id\":\"https:\\\/\\\/www.itakaescolapios.org\\\/eu\\\/es\\\/#\\\/schema\\\/logo\\\/image\\\/\",\"url\":\"https:\\\/\\\/www.itakaescolapios.org\\\/wp-content\\\/uploads\\\/2024\\\/04\\\/Logo-itakaescolapios-peque.png\",\"contentUrl\":\"https:\\\/\\\/www.itakaescolapios.org\\\/wp-content\\\/uploads\\\/2024\\\/04\\\/Logo-itakaescolapios-peque.png\",\"width\":500,\"height\":199,\"caption\":\"Fundaci\u00f3 Itaka-Escolapios\"},\"image\":{\"@id\":\"https:\\\/\\\/www.itakaescolapios.org\\\/eu\\\/es\\\/#\\\/schema\\\/logo\\\/image\\\/\"}}]}<\/script>\n<!-- \/ Yoast SEO plugin. -->","yoast_head_json":{"title":"Itaka de Bilbao","description":"Itaka-Escolapios oferta en Bilbao, desde los siete a\u00f1os (2\u00ba de Primaria) grupos educativos en el tiempo libre. Desde estos grupos ayudamos a sus miembros a su desarrollo integral como personas, haciendo de su vida un continuo proceso de crecimiento y maduraci\u00f3n humana y cristiana. Entendemos que las acciones de estos grupos deben partir de las&hellip;","robots":{"index":"index","follow":"follow","max-snippet":"max-snippet:-1","max-image-preview":"max-image-preview:large","max-video-preview":"max-video-preview:-1"},"canonical":"Itaka-Escolapios oferta en Bilbao, desde los siete a\u00f1os (2\u00ba de Primaria) grupos educativos en el tiempo libre. Desde estos grupos ayudamos a sus miembros a su desarrollo integral como personas, haciendo de su vida un continuo proceso de crecimiento y maduraci\u00f3n humana y cristiana. Entendemos que las acciones de estos grupos deben partir de las&hellip;","og_locale":"en_US","og_type":"article","og_title":"Itaka de Bilbao","og_description":"Itaka-Escolapios oferta en Bilbao, desde los siete a\u00f1os (2\u00ba de Primaria) grupos educativos en el tiempo libre. Desde estos grupos ayudamos a sus miembros a su desarrollo integral como personas, haciendo de su vida un continuo proceso de crecimiento y maduraci\u00f3n humana y cristiana. Entendemos que las acciones de estos grupos deben partir de las&hellip;","og_url":"https:\/\/www.itakaescolapios.org\/eu\/zer-egiten-dugu\/centros-pastoral-jovenes\/cpj-itaka-bilbao\/","og_site_name":"Itaka-Escolapios","article_modified_time":"2023-11-28T11:39:47+00:00","og_image":[{"width":1200,"height":900,"url":"https:\/\/www.itakaescolapios.org\/wp-content\/uploads\/2012\/06\/Centro-Pastoral-Juvenil-Itaka-19-Bilbao.jpg","type":"image\/jpeg"}],"twitter_card":"summary_large_image","twitter_misc":{"Est. reading time":"2 minutua"},"schema":{"@context":"https:\/\/schema.org","@graph":[{"@type":"WebPage","@id":"https:\/\/www.itakaescolapios.org\/eu\/zer-egiten-dugu\/centros-pastoral-jovenes\/cpj-itaka-bilbao\/","url":"https:\/\/www.itakaescolapios.org\/eu\/zer-egiten-dugu\/centros-pastoral-jovenes\/cpj-itaka-bilbao\/","name":"Itaka de Bilbao - Itaka-Escolapios","isPartOf":{"@id":"https:\/\/www.itakaescolapios.org\/es\/#website"},"primaryImageOfPage":{"@id":"https:\/\/www.itakaescolapios.org\/eu\/zer-egiten-dugu\/centros-pastoral-jovenes\/cpj-itaka-bilbao\/#primaryimage"},"image":{"@id":"https:\/\/www.itakaescolapios.org\/eu\/zer-egiten-dugu\/centros-pastoral-jovenes\/cpj-itaka-bilbao\/#primaryimage"},"thumbnailUrl":"https:\/\/www.itakaescolapios.org\/wp-content\/uploads\/2012\/06\/Centro-Pastoral-Juvenil-Itaka-19-Bilbao.jpg","datePublished":"2012-06-01T11:49:00+00:00","dateModified":"2023-11-28T11:39:47+00:00","breadcrumb":{"@id":"https:\/\/www.itakaescolapios.org\/eu\/zer-egiten-dugu\/centros-pastoral-jovenes\/cpj-itaka-bilbao\/#breadcrumb"},"inLanguage":"eu","potentialAction":[{"@type":"ReadAction","target":["https:\/\/www.itakaescolapios.org\/eu\/zer-egiten-dugu\/centros-pastoral-jovenes\/cpj-itaka-bilbao\/"]}]},{"@type":"ImageObject","inLanguage":"eu","@id":"https:\/\/www.itakaescolapios.org\/eu\/zer-egiten-dugu\/centros-pastoral-jovenes\/cpj-itaka-bilbao\/#primaryimage","url":"https:\/\/www.itakaescolapios.org\/wp-content\/uploads\/2012\/06\/Centro-Pastoral-Juvenil-Itaka-19-Bilbao.jpg","contentUrl":"https:\/\/www.itakaescolapios.org\/wp-content\/uploads\/2012\/06\/Centro-Pastoral-Juvenil-Itaka-19-Bilbao.jpg","width":"1200","height":"900"},{"@type":"BreadcrumbList","@id":"https:\/\/www.itakaescolapios.org\/eu\/zer-egiten-dugu\/centros-pastoral-jovenes\/cpj-itaka-bilbao\/#breadcrumb","itemListElement":[{"@type":"ListItem","position":1,"name":"Itaka-Escolapios","item":"https:\/\/www.itakaescolapios.org\/es\/"},{"@type":"ListItem","position":2,"name":"Zer egiten dugu","item":"https:\/\/www.itakaescolapios.org\/es\/que-hacemos\/"},{"@type":"ListItem","position":3,"name":"Movimiento Calasanz","item":"https:\/\/www.itakaescolapios.org\/es\/que-hacemos\/centros-pastoral-jovenes\/"},{"@type":"ListItem","position":4,"name":"Itaka de Bilbao"}]},{"@type":"WebSite","@id":"https:\/\/www.itakaescolapios.org\/eu\/es\/#website","url":"https:\/\/www.itakaescolapios.org\/eu\/es\/","name":"Itaka-Escolapios","description":"Red de Itaka-Escolapios","publisher":{"@id":"https:\/\/www.itakaescolapios.org\/eu\/es\/#organization"},"potentialAction":[{"@type":"SearchAction","target":{"@type":"EntryPoint","urlTemplate":"https:\/\/www.itakaescolapios.org\/eu\/es\/?s={search_term_string}"},"query-input":{"@type":"PropertyValueSpecification","valueRequired":true,"valueName":"search_term_string"}}],"inLanguage":"eu"},{"@type":"Organization","@id":"https:\/\/www.itakaescolapios.org\/eu\/es\/#organization","name":"Fundaci\u00f3 Itaka-Escolapios","url":"https:\/\/www.itakaescolapios.org\/eu\/es\/","logo":{"@type":"ImageObject","inLanguage":"eu","@id":"https:\/\/www.itakaescolapios.org\/eu\/es\/#\/schema\/logo\/image\/","url":"https:\/\/www.itakaescolapios.org\/wp-content\/uploads\/2024\/04\/Logo-itakaescolapios-peque.png","contentUrl":"https:\/\/www.itakaescolapios.org\/wp-content\/uploads\/2024\/04\/Logo-itakaescolapios-peque.png","width":500,"height":199,"caption":"Fundaci\u00f3 Itaka-Escolapios"},"image":{"@id":"https:\/\/www.itakaescolapios.org\/eu\/es\/#\/schema\/logo\/image\/"}}]}},"_links":{"self":[{"href":"https:\/\/www.itakaescolapios.org\/eu\/wp-json\/wp\/v2\/pages\/305","targetHints":{"allow":["GET"]}}],"collection":[{"href":"https:\/\/www.itakaescolapios.org\/eu\/wp-json\/wp\/v2\/pages"}],"about":[{"href":"https:\/\/www.itakaescolapios.org\/eu\/wp-json\/wp\/v2\/types\/page"}],"author":[{"embeddable":true,"href":"https:\/\/www.itakaescolapios.org\/eu\/wp-json\/wp\/v2\/users\/1"}],"replies":[{"embeddable":true,"href":"https:\/\/www.itakaescolapios.org\/eu\/wp-json\/wp\/v2\/comments?post=305"}],"version-history":[{"count":14,"href":"https:\/\/www.itakaescolapios.org\/eu\/wp-json\/wp\/v2\/pages\/305\/revisions"}],"predecessor-version":[{"id":50266,"href":"https:\/\/www.itakaescolapios.org\/eu\/wp-json\/wp\/v2\/pages\/305\/revisions\/50266"}],"up":[{"embeddable":true,"href":"https:\/\/www.itakaescolapios.org\/eu\/wp-json\/wp\/v2\/pages\/85"}],"wp:featuredmedia":[{"embeddable":true,"href":"https:\/\/www.itakaescolapios.org\/eu\/wp-json\/wp\/v2\/media\/1237"}],"wp:attachment":[{"href":"https:\/\/www.itakaescolapios.org\/eu\/wp-json\/wp\/v2\/media?parent=305"}],"curies":[{"name":"wp","href":"https:\/\/api.w.org\/{rel}","templated":true}]}}