{"id":324920,"date":"2025-03-06T09:21:15","date_gmt":"2025-03-06T08:21:15","guid":{"rendered":"https:\/\/www.itakaescolapios.org\/?page_id=324920"},"modified":"2025-03-07T18:11:10","modified_gmt":"2025-03-07T17:11:10","slug":"suscribete","status":"publish","type":"page","link":"https:\/\/www.itakaescolapios.org\/eu\/harpidetu\/","title":{"rendered":"Harpidetu"},"content":{"rendered":"<p>[et_pb_section fb_built=&#8221;1&#8243; custom_padding_last_edited=&#8221;on|phone&#8221; _builder_version=&#8221;4.27.4&#8243; _module_preset=&#8221;default&#8221; custom_margin=&#8221;0px||||false|false&#8221; custom_margin_tablet=&#8221;0px||||false|false&#8221; custom_margin_phone=&#8221;0px||0px||false|false&#8221; custom_margin_last_edited=&#8221;on|phone&#8221; custom_padding=&#8221;0px||||false|false&#8221; custom_padding_tablet=&#8221;0px||||false|false&#8221; custom_padding_phone=&#8221;0px||0px||false|false&#8221; da_disable_devices=&#8221;off|off|off&#8221; collapsed=&#8221;off&#8221; global_colors_info=&#8221;{}&#8221; da_is_popup=&#8221;off&#8221; da_exit_intent=&#8221;off&#8221; da_has_close=&#8221;on&#8221; da_alt_close=&#8221;off&#8221; da_dark_close=&#8221;off&#8221; da_not_modal=&#8221;on&#8221; da_is_singular=&#8221;off&#8221; da_with_loader=&#8221;off&#8221; da_has_shadow=&#8221;on&#8221;][et_pb_row _builder_version=&#8221;4.27.4&#8243; _module_preset=&#8221;default&#8221; width=&#8221;100%&#8221; max_width=&#8221;3333px&#8221; module_alignment=&#8221;center&#8221; custom_margin=&#8221;0px||||false|false&#8221; custom_padding=&#8221;0px||||false|false&#8221; global_colors_info=&#8221;{}&#8221;][et_pb_column type=&#8221;4_4&#8243; _builder_version=&#8221;4.27.4&#8243; _module_preset=&#8221;default&#8221; global_colors_info=&#8221;{}&#8221;][et_pb_image src=&#8221;https:\/\/www.itakaescolapios.org\/wp-content\/uploads\/2025\/03\/newsletter.jpg&#8221; title_text=&#8221;Itaka-Escolapios informaci\u00f3n&#8221; align=&#8221;center&#8221; admin_label=&#8221;IMAGEN CABECERA&#8221; _builder_version=&#8221;4.27.4&#8243; _module_preset=&#8221;default&#8221; global_colors_info=&#8221;{}&#8221;][\/et_pb_image][\/et_pb_column][\/et_pb_row][et_pb_row _builder_version=&#8221;4.27.4&#8243; _module_preset=&#8221;default&#8221; max_width=&#8221;3333px&#8221; global_colors_info=&#8221;{}&#8221;][et_pb_column type=&#8221;4_4&#8243; _builder_version=&#8221;4.27.4&#8243; _module_preset=&#8221;default&#8221; global_colors_info=&#8221;{}&#8221;][et_pb_text admin_label=&#8221;T\u00cdTULO&#8221; _builder_version=&#8221;4.27.4&#8243; _module_preset=&#8221;default&#8221; header_font=&#8221;Titulo Itaka-Escolapios|700|||||||&#8221; header_text_color=&#8221;gcid-cca90ba6-297c-4d63-9e2c-8201011ef870&#8243; header_font_size=&#8221;55px&#8221; header_2_font=&#8221;Titulo Itaka-Escolapios|700|||||||&#8221; header_2_text_color=&#8221;gcid-cca90ba6-297c-4d63-9e2c-8201011ef870&#8243; header_2_font_size=&#8221;35px&#8221; custom_margin=&#8221;||20px||false|false&#8221; custom_margin_tablet=&#8221;||20px||false|false&#8221; custom_margin_phone=&#8221;||20px||false|false&#8221; custom_margin_last_edited=&#8221;on|desktop&#8221; header_font_size_tablet=&#8221;55px&#8221; header_font_size_phone=&#8221;45px&#8221; header_font_size_last_edited=&#8221;on|phone&#8221; content_en_us=&#8221;<\/p>\n<h1>Do you want to receive information from Itaka-Escolapios on a regular basis?<\/h1>\n<h2>Subscribe<\/h2>\n<p>&#8221; content_fr_fr=&#8221;<\/p>\n<h1>Voulez-vous recevoir des informations d&#8217;Itaka-Escolapios de mani\u00e8re r\u00e9guli\u00e8re ?<\/h1>\n<h2>Abonnez-vous<\/h2>\n<p>&#8221; content_eu=&#8221;<\/p>\n<h1>Itaka-Eskolapioetako informazioa aldizka jaso nahi al duzu?<\/h1>\n<h2>Harpidetu<\/h2>\n<p>&#8221; content_ca=&#8221;<\/p>\n<h1>Vols rebre informaci\u00f3 d&#8217;Itaka-Escolapios de manera peri\u00f2dica?<\/h1>\n<h2>Subscriu-te<\/h2>\n<p>&#8221; content_pt_br=&#8221;<\/p>\n<h1>Quer receber informa\u00e7\u00f5es da Itaka-Escol\u00e1pios periodicamente?<\/h1>\n<h2>Assine<\/h2>\n<p>&#8221; global_colors_info=&#8221;{%22gcid-cca90ba6-297c-4d63-9e2c-8201011ef870%22:%91%22header_text_color%22,%22header_2_text_color%22%93}&#8221;]<\/p>\n<h1>\u00bfQuieres recibir informaci\u00f3n de Itaka- Escolapios de manera peri\u00f3dica?<\/h1>\n<h2>Suscr\u00edbete<\/h2>\n<p>[\/et_pb_text][et_pb_text admin_label=&#8221;DESCRIPCI\u00d3N&#8221; _builder_version=&#8221;4.27.4&#8243; _module_preset=&#8221;default&#8221; text_font=&#8221;Merriweather||||||||&#8221; text_text_color=&#8221;gcid-cca90ba6-297c-4d63-9e2c-8201011ef870&#8243; text_font_size=&#8221;24px&#8221; width=&#8221;100%&#8221; module_alignment=&#8221;center&#8221; custom_padding=&#8221;||0px|||&#8221; text_font_size_tablet=&#8221;16px&#8221; text_font_size_phone=&#8221;16px&#8221; text_font_size_last_edited=&#8221;on|desktop&#8221; content_en_us=&#8221;<\/p>\n<p>We will keep you informed about projects, updates, and other network news.<br \/>Sign up now to receive it!<\/p>\n<p>&#8221; content_fr_fr=&#8221;<\/p>\n<p>Nous vous tiendrons inform\u00e9s des projets, des nouveaut\u00e9s et d&#8217;autres actualit\u00e9s du r\u00e9seau.<br \/>Inscrivez-vous d\u00e8s maintenant pour les recevoir !<\/p>\n<p>&#8221; content_eu=&#8221;<\/p>\n<p>Proiektuez, berrikuntzez eta sareko beste albistez informatzen jarraituko zaitugu.<br \/>Izen eman zaitez jaso ahal izateko!<\/p>\n<p>&#8221; content_ca=&#8221;<\/p>\n<p>Us anirem informant sobre projectes, novetats i altres not\u00edcies de la xarxa.<br \/>Apunta\u2019t ja per rebre-les!<\/p>\n<p>&#8221; content_pt_br=&#8221;<\/p>\n<p>Vamos mant\u00ea-lo informado sobre projetos, novidades e outras not\u00edcias da rede.<br \/>Inscreva-se j\u00e1 para receber!<\/p>\n<p>&#8221; global_colors_info=&#8221;{%22gcid-cca90ba6-297c-4d63-9e2c-8201011ef870%22:%91%22text_text_color%22%93}&#8221;]<\/p>\n<p>Te iremos informando sobre proyectos, novedades y otras noticias de la red.<\/p>\n<p>\u00a1Ap\u00fantate ya para recibirla!<\/p>\n<p>[\/et_pb_text][et_pb_text _builder_version=&#8221;4.27.4&#8243; _module_preset=&#8221;default&#8221; content_en_us=&#8221;%91newsletter_form form=%222%22%93&#8243; content_fr_fr=&#8221;%91newsletter_form form=%223%22%93&#8243; content_eu=&#8221;%91newsletter_form form=%224%22%93&#8243; content_ca=&#8221;%91newsletter_form form=%225%22%93&#8243; content_pt_br=&#8221;%91newsletter_form form=%226%22%93&#8243; global_colors_info=&#8221;{}&#8221;]<div class=\"tnp tnp-subscription \">\r\n<form method=\"post\" action=\"https:\/\/pruebas.itakaescolapios.org\/wp-admin\/admin-ajax.php?action=tnp&na=s\">\r\n<input type=\"hidden\" name=\"nlang\" value=\"\">\r\n<div class=\"tnp-field tnp-field-firstname\"><label for=\"tnp-1\">Nombre<\/label>\r\n<input class=\"tnp-name\" type=\"text\" name=\"nn\" id=\"tnp-1\" value=\"\" placeholder=\"\" required><\/div>\r\n<div class=\"tnp-field tnp-field-email\"><label for=\"tnp-2\">Email<\/label>\r\n<input class=\"tnp-email\" type=\"email\" name=\"ne\" id=\"tnp-2\" value=\"\" placeholder=\"\" required><\/div>\r\n<div class=\"tnp-field tnp-field-profile\"><label for=\"tnp-3\">Idioma<\/label>\r\n<select class=\"tnp-profile tnp-profile-1\" id=\"tnp-profile_1\" name=\"np1\" required><option>English<\/option><option selected>Espa\u00f1ol<\/option><option>Euskera<\/option><option>Fran\u00e7ais<\/option><option>Portugu\u00eas<\/option><option>Valenci\u00e0<\/option><\/select>\r\n<\/div>\r\n<div class=\"tnp-field tnp-field-profile\"><label for=\"tnp-4\">Lugar de origen<\/label>\r\n<input class=\"tnp-profile tnp-profile-2\" id=\"tnp-profile_2\" type=\"text\" size=\"\" name=\"np2\" placeholder=\"\" required><\/div>\r\n<div class=\"tnp-field tnp-lists\" style=\"display:none;\"><div class=\"tnp-field tnp-field-checkbox tnp-field-list\"><label for=\"nl6\"><input type=\"checkbox\" id=\"nl6\" checked name=\"nl[]\" value=\"3\"> A trav\u00e9s de la web<\/label><\/div>\r\n<\/div><div class=\"tnp-field tnp-privacy-field\"><label><input type=\"checkbox\" name=\"ny\" required class=\"tnp-privacy\"> Si contin\u00faas, aceptas la <a target=\"_blank\" href=\"https:\/\/www.itakaescolapios.org\/politica-de-privacidad\/\">pol\u00edtica de privacidad<\/a><\/label><\/div><div class=\"tnp-field tnp-field-button\" style=\"text-align: center;\"><input class=\"tnp-submit\" style=\"background-color:#00928c;cursor:pointer;\" type=\"submit\" value=\"Suscribirse\" style=\"\">\r\n<\/div>\r\n<\/form>\r\n<\/div><input type=\"hidden\" name=\"nlang\" value=\"\">\n[\/et_pb_text][\/et_pb_column][\/et_pb_row][\/et_pb_section]<\/p>\n","protected":false},"excerpt":{"rendered":"<p>\u00bfQuieres recibir informaci\u00f3n de Itaka- Escolapios de manera peri\u00f3dica? Suscr\u00edbeteTe iremos informando sobre proyectos, novedades y otras noticias de la red. \u00a1Ap\u00fantate ya para recibirla!<div class=\"tnp tnp-subscription \">\r\n<form method=\"post\" action=\"https:\/\/pruebas.itakaescolapios.org\/wp-admin\/admin-ajax.php?action=tnp&na=s\">\r\n<input type=\"hidden\" name=\"nlang\" value=\"\">\r\n<div class=\"tnp-field tnp-field-firstname\"><label for=\"tnp-1\">Nombre<\/label>\r\n<input class=\"tnp-name\" type=\"text\" name=\"nn\" id=\"tnp-1\" value=\"\" placeholder=\"\" required><\/div>\r\n<div class=\"tnp-field tnp-field-email\"><label for=\"tnp-2\">Email<\/label>\r\n<input class=\"tnp-email\" type=\"email\" name=\"ne\" id=\"tnp-2\" value=\"\" placeholder=\"\" required><\/div>\r\n<div class=\"tnp-field tnp-field-profile\"><label for=\"tnp-3\">Idioma<\/label>\r\n<select class=\"tnp-profile tnp-profile-1\" id=\"tnp-profile_1\" name=\"np1\" required><option>English<\/option><option selected>Espa\u00f1ol<\/option><option>Euskera<\/option><option>Fran\u00e7ais<\/option><option>Portugu\u00eas<\/option><option>Valenci\u00e0<\/option><\/select>\r\n<\/div>\r\n<div class=\"tnp-field tnp-field-profile\"><label for=\"tnp-4\">Lugar de origen<\/label>\r\n<input class=\"tnp-profile tnp-profile-2\" id=\"tnp-profile_2\" type=\"text\" size=\"\" name=\"np2\" placeholder=\"\" required><\/div>\r\n<div class=\"tnp-field tnp-lists\" style=\"display:none;\"><div class=\"tnp-field tnp-field-checkbox tnp-field-list\"><label for=\"nl6\"><input type=\"checkbox\" id=\"nl6\" checked name=\"nl[]\" value=\"3\"> A trav\u00e9s de la web<\/label><\/div>\r\n<\/div><div class=\"tnp-field tnp-privacy-field\"><label><input type=\"checkbox\" name=\"ny\" required class=\"tnp-privacy\"> Si contin\u00faas, aceptas la <a target=\"_blank\" href=\"https:\/\/www.itakaescolapios.org\/politica-de-privacidad\/\">pol\u00edtica de privacidad<\/a><\/label><\/div><div class=\"tnp-field tnp-field-button\" style=\"text-align: center;\"><input class=\"tnp-submit\" style=\"background-color:#00928c;cursor:pointer;\" type=\"submit\" value=\"Suscribirse\" style=\"\">\r\n<\/div>\r\n<\/form>\r\n<\/div><input type=\"hidden\" name=\"nlang\" value=\"\">\n<\/p>\n","protected":false},"author":62,"featured_media":0,"parent":0,"menu_order":0,"comment_status":"closed","ping_status":"closed","template":"","meta":{"_et_pb_use_builder":"on","_et_pb_old_content":"","_et_gb_content_width":"","footnotes":""},"class_list":["post-324920","page","type-page","status-publish","hentry"],"yoast_head":"<!-- This site is optimized with the Yoast SEO plugin v27.4 - https:\/\/yoast.com\/product\/yoast-seo-wordpress\/ -->\n<title>Harpidetu<\/title>\n<meta name=\"robots\" content=\"index, follow, max-snippet:-1, max-image-preview:large, max-video-preview:-1\" \/>\n<meta property=\"og:locale\" content=\"en_US\" \/>\n<meta property=\"og:type\" content=\"article\" \/>\n<meta property=\"og:title\" content=\"Harpidetu\" \/>\n<meta property=\"og:url\" content=\"https:\/\/www.itakaescolapios.org\/eu\/harpidetu\/\" \/>\n<meta property=\"og:site_name\" content=\"Itaka-Escolapios\" \/>\n<meta property=\"article:modified_time\" content=\"2025-03-07T17:11:10+00:00\" \/>\n<meta name=\"twitter:card\" content=\"summary_large_image\" \/>\n<meta name=\"twitter:label1\" content=\"Est. reading time\" \/>\n\t<meta name=\"twitter:data1\" content=\"3 minutua\" \/>\n<script type=\"application\/ld+json\" class=\"yoast-schema-graph\">{\"@context\":\"https:\\\/\\\/schema.org\",\"@graph\":[{\"@type\":\"WebPage\",\"@id\":\"https:\\\/\\\/www.itakaescolapios.org\\\/eu\\\/harpidetu\\\/\",\"url\":\"https:\\\/\\\/www.itakaescolapios.org\\\/eu\\\/harpidetu\\\/\",\"name\":\"Suscr\u00edbete - Itaka-Escolapios\",\"isPartOf\":{\"@id\":\"https:\\\/\\\/www.itakaescolapios.org\\\/es\\\/#website\"},\"datePublished\":\"2025-03-06T08:21:15+00:00\",\"dateModified\":\"2025-03-07T17:11:10+00:00\",\"breadcrumb\":{\"@id\":\"https:\\\/\\\/www.itakaescolapios.org\\\/eu\\\/harpidetu\\\/#breadcrumb\"},\"inLanguage\":\"eu\",\"potentialAction\":[{\"@type\":\"ReadAction\",\"target\":[\"https:\\\/\\\/www.itakaescolapios.org\\\/eu\\\/harpidetu\\\/\"]}]},{\"@type\":\"BreadcrumbList\",\"@id\":\"https:\\\/\\\/www.itakaescolapios.org\\\/eu\\\/harpidetu\\\/#breadcrumb\",\"itemListElement\":[{\"@type\":\"ListItem\",\"position\":1,\"name\":\"Itaka-Escolapios\",\"item\":\"https:\\\/\\\/www.itakaescolapios.org\\\/es\\\/\"},{\"@type\":\"ListItem\",\"position\":2,\"name\":\"Harpidetu\"}]},{\"@type\":\"WebSite\",\"@id\":\"https:\\\/\\\/www.itakaescolapios.org\\\/eu\\\/es\\\/#website\",\"url\":\"https:\\\/\\\/www.itakaescolapios.org\\\/eu\\\/es\\\/\",\"name\":\"Itaka-Escolapios\",\"description\":\"Red de Itaka-Escolapios\",\"publisher\":{\"@id\":\"https:\\\/\\\/www.itakaescolapios.org\\\/eu\\\/es\\\/#organization\"},\"potentialAction\":[{\"@type\":\"SearchAction\",\"target\":{\"@type\":\"EntryPoint\",\"urlTemplate\":\"https:\\\/\\\/www.itakaescolapios.org\\\/eu\\\/es\\\/?s={search_term_string}\"},\"query-input\":{\"@type\":\"PropertyValueSpecification\",\"valueRequired\":true,\"valueName\":\"search_term_string\"}}],\"inLanguage\":\"eu\"},{\"@type\":\"Organization\",\"@id\":\"https:\\\/\\\/www.itakaescolapios.org\\\/eu\\\/es\\\/#organization\",\"name\":\"Fundaci\u00f3 Itaka-Escolapios\",\"url\":\"https:\\\/\\\/www.itakaescolapios.org\\\/eu\\\/es\\\/\",\"logo\":{\"@type\":\"ImageObject\",\"inLanguage\":\"eu\",\"@id\":\"https:\\\/\\\/www.itakaescolapios.org\\\/eu\\\/es\\\/#\\\/schema\\\/logo\\\/image\\\/\",\"url\":\"https:\\\/\\\/www.itakaescolapios.org\\\/wp-content\\\/uploads\\\/2024\\\/04\\\/Logo-itakaescolapios-peque.png\",\"contentUrl\":\"https:\\\/\\\/www.itakaescolapios.org\\\/wp-content\\\/uploads\\\/2024\\\/04\\\/Logo-itakaescolapios-peque.png\",\"width\":500,\"height\":199,\"caption\":\"Fundaci\u00f3 Itaka-Escolapios\"},\"image\":{\"@id\":\"https:\\\/\\\/www.itakaescolapios.org\\\/eu\\\/es\\\/#\\\/schema\\\/logo\\\/image\\\/\"}}]}<\/script>\n<!-- \/ Yoast SEO plugin. -->","yoast_head_json":{"title":"Harpidetu","robots":{"index":"index","follow":"follow","max-snippet":"max-snippet:-1","max-image-preview":"max-image-preview:large","max-video-preview":"max-video-preview:-1"},"og_locale":"en_US","og_type":"article","og_title":"Harpidetu","og_url":"https:\/\/www.itakaescolapios.org\/eu\/harpidetu\/","og_site_name":"Itaka-Escolapios","article_modified_time":"2025-03-07T17:11:10+00:00","twitter_card":"summary_large_image","twitter_misc":{"Est. reading time":"3 minutua"},"schema":{"@context":"https:\/\/schema.org","@graph":[{"@type":"WebPage","@id":"https:\/\/www.itakaescolapios.org\/eu\/harpidetu\/","url":"https:\/\/www.itakaescolapios.org\/eu\/harpidetu\/","name":"Suscr\u00edbete - Itaka-Escolapios","isPartOf":{"@id":"https:\/\/www.itakaescolapios.org\/es\/#website"},"datePublished":"2025-03-06T08:21:15+00:00","dateModified":"2025-03-07T17:11:10+00:00","breadcrumb":{"@id":"https:\/\/www.itakaescolapios.org\/eu\/harpidetu\/#breadcrumb"},"inLanguage":"eu","potentialAction":[{"@type":"ReadAction","target":["https:\/\/www.itakaescolapios.org\/eu\/harpidetu\/"]}]},{"@type":"BreadcrumbList","@id":"https:\/\/www.itakaescolapios.org\/eu\/harpidetu\/#breadcrumb","itemListElement":[{"@type":"ListItem","position":1,"name":"Itaka-Escolapios","item":"https:\/\/www.itakaescolapios.org\/es\/"},{"@type":"ListItem","position":2,"name":"Harpidetu"}]},{"@type":"WebSite","@id":"https:\/\/www.itakaescolapios.org\/eu\/es\/#website","url":"https:\/\/www.itakaescolapios.org\/eu\/es\/","name":"Itaka-Escolapios","description":"Red de Itaka-Escolapios","publisher":{"@id":"https:\/\/www.itakaescolapios.org\/eu\/es\/#organization"},"potentialAction":[{"@type":"SearchAction","target":{"@type":"EntryPoint","urlTemplate":"https:\/\/www.itakaescolapios.org\/eu\/es\/?s={search_term_string}"},"query-input":{"@type":"PropertyValueSpecification","valueRequired":true,"valueName":"search_term_string"}}],"inLanguage":"eu"},{"@type":"Organization","@id":"https:\/\/www.itakaescolapios.org\/eu\/es\/#organization","name":"Fundaci\u00f3 Itaka-Escolapios","url":"https:\/\/www.itakaescolapios.org\/eu\/es\/","logo":{"@type":"ImageObject","inLanguage":"eu","@id":"https:\/\/www.itakaescolapios.org\/eu\/es\/#\/schema\/logo\/image\/","url":"https:\/\/www.itakaescolapios.org\/wp-content\/uploads\/2024\/04\/Logo-itakaescolapios-peque.png","contentUrl":"https:\/\/www.itakaescolapios.org\/wp-content\/uploads\/2024\/04\/Logo-itakaescolapios-peque.png","width":500,"height":199,"caption":"Fundaci\u00f3 Itaka-Escolapios"},"image":{"@id":"https:\/\/www.itakaescolapios.org\/eu\/es\/#\/schema\/logo\/image\/"}}]}},"_links":{"self":[{"href":"https:\/\/www.itakaescolapios.org\/eu\/wp-json\/wp\/v2\/pages\/324920","targetHints":{"allow":["GET"]}}],"collection":[{"href":"https:\/\/www.itakaescolapios.org\/eu\/wp-json\/wp\/v2\/pages"}],"about":[{"href":"https:\/\/www.itakaescolapios.org\/eu\/wp-json\/wp\/v2\/types\/page"}],"author":[{"embeddable":true,"href":"https:\/\/www.itakaescolapios.org\/eu\/wp-json\/wp\/v2\/users\/62"}],"replies":[{"embeddable":true,"href":"https:\/\/www.itakaescolapios.org\/eu\/wp-json\/wp\/v2\/comments?post=324920"}],"version-history":[{"count":7,"href":"https:\/\/www.itakaescolapios.org\/eu\/wp-json\/wp\/v2\/pages\/324920\/revisions"}],"predecessor-version":[{"id":324966,"href":"https:\/\/www.itakaescolapios.org\/eu\/wp-json\/wp\/v2\/pages\/324920\/revisions\/324966"}],"wp:attachment":[{"href":"https:\/\/www.itakaescolapios.org\/eu\/wp-json\/wp\/v2\/media?parent=324920"}],"curies":[{"name":"wp","href":"https:\/\/api.w.org\/{rel}","templated":true}]}}