{"id":41948,"date":"2023-04-25T16:04:31","date_gmt":"2023-04-25T15:04:31","guid":{"rendered":"https:\/\/www.itakaescolapios.org\/?page_id=41948"},"modified":"2023-11-28T12:35:33","modified_gmt":"2023-11-28T11:35:33","slug":"mantente-informado","status":"publish","type":"page","link":"https:\/\/www.itakaescolapios.org\/eu\/que-puedes-hacer-tu\/mantente-informado\/","title":{"rendered":"Mantente informado"},"content":{"rendered":"<p>Suscr\u00edbete para recibir informaci\u00f3n puntual sobre las novedades, campa\u00f1as y formas de colaborar con Itaka-Escolapios. Podr\u00e1s darte de baja de forma autom\u00e1tica en cualquier momento.<\/p>\n<p><!-- Begin Mailchimp Signup Form --><\/p>\n<style type=\"text\/css\">\n\t#mc_embed_signup{background:#fff; clear:left; width:600px;}<br \/>\t\/* Add your own Mailchimp form style overrides in your site stylesheet or in this style block.<br \/>\t   We recommend moving this block and the preceding CSS link to the HEAD of your HTML file. *\/<br \/><\/style>\n<div id=\"mc_embed_signup\">\n<form id=\"mc-embedded-subscribe-form\" class=\"validate\" action=\"https:\/\/itakaescolapios.us20.list-manage.com\/subscribe\/post?u=50017baffd2c94f77668c957c&amp;id=17cd1335ee&amp;f_id=00d15ae6f0\" method=\"post\" name=\"mc-embedded-subscribe-form\" novalidate=\"\" target=\"_blank\">\n<div id=\"mc_embed_signup_scroll\">\n<div class=\"mc-field-group\"><strong><label for=\"mce-EMAIL\">Correo electr\u00f3nico: <span class=\"asterisk\">*<\/span><\/label><\/strong><br \/>\n<input id=\"mce-EMAIL\" class=\"required email\" name=\"EMAIL\" required=\"\" type=\"email\" value=\"\" \/><br \/>\n<span id=\"mce-EMAIL-HELPERTEXT\" class=\"helper_text\"><\/span><\/div>\n<div><\/div>\n<p>&nbsp;<\/p>\n<div class=\"mc-field-group\"><strong><label for=\"mce-NOMBRE\">Nombre (opcional):<\/label><\/strong><br \/>\n<input id=\"mce-NOMBRE\" class=\"\" name=\"NOMBRE\" type=\"text\" value=\"\" \/><br \/>\n<span id=\"mce-NOMBRE-HELPERTEXT\" class=\"helper_text\"><\/span><\/div>\n<div><\/div>\n<p>&nbsp;<\/p>\n<div class=\"mc-field-group\"><strong><label for=\"mce-APELLIDOS\">Apellidos (opcional):<\/label><\/strong><br \/>\n<input id=\"mce-APELLIDOS\" class=\"\" name=\"APELLIDOS\" type=\"text\" value=\"\" \/><br \/>\n<span id=\"mce-APELLIDOS-HELPERTEXT\" class=\"helper_text\"><\/span><\/div>\n<div><\/div>\n<p>&nbsp;<\/p>\n<div class=\"mc-field-group\"><strong><label for=\"mce-RELACION\">Cu\u00e9ntanos c\u00f3mo nos has conocido (opcional):<\/label><\/strong><br \/>\n<input id=\"mce-RELACION\" class=\"\" name=\"RELACION\" type=\"text\" value=\"\" \/><br \/>\n<span id=\"mce-RELACION-HELPERTEXT\" class=\"helper_text\"><\/span><\/div>\n<div id=\"mce-responses\" class=\"clear foot\">\n<div id=\"mce-error-response\" class=\"response\" style=\"display: none;\"><\/div>\n<div id=\"mce-success-response\" class=\"response\" style=\"display: none;\"><\/div>\n<\/div>\n<p><!-- real people should not fill this in and expect good things - do not remove this or risk form bot signups--><\/p>\n<div style=\"position: absolute; left: -5000px;\" aria-hidden=\"true\"><input tabindex=\"-1\" name=\"b_50017baffd2c94f77668c957c_17cd1335ee\" type=\"text\" value=\"\" \/><\/div>\n<div class=\"optionalParent\">\n<div class=\"clear foot\">\n<p><input id=\"mc-embedded-subscribe\" class=\"button\" name=\"subscribe\" type=\"submit\" value=\"Suscribirme\" \/><\/p>\n<\/div>\n<\/div>\n<\/div>\n<\/form>\n<\/div>\n<p><script type='text\/javascript' src='\/\/s3.amazonaws.com\/downloads.mailchimp.com\/js\/mc-validate.js'><\/script><script type='text\/javascript'>(function($) {window.fnames = new Array(); window.ftypes = new Array();fnames[0]='EMAIL';ftypes[0]='email';fnames[1]='NOMBRE';ftypes[1]='text';fnames[2]='APELLIDOS';ftypes[2]='text';fnames[3]='CUMPLEANOS';ftypes[3]='birthday';fnames[4]='SEDE';ftypes[4]='dropdown';fnames[5]='RELACION';ftypes[5]='text';fnames[6]='MMERGE6';ftypes[6]='dropdown'; \/*\n * Translated default messages for the $ validation plugin.\n * Locale: ES\n *\/\n$.extend($.validator.messages, {\n  required: \"Este campo es obligatorio.\",\n  remote: \"Por favor, rellena este campo.\",\n  email: \"Por favor, escribe una direcci\u00f3n de correo v\u00e1lida\",\n  url: \"Por favor, escribe una URL v\u00e1lida.\",\n  date: \"Por favor, escribe una fecha v\u00e1lida.\",\n  dateISO: \"Por favor, escribe una fecha (ISO) v\u00e1lida.\",\n  number: \"Por favor, escribe un n\u00famero entero v\u00e1lido.\",\n  digits: \"Por favor, escribe s\u00f3lo d\u00edgitos.\",\n  creditcard: \"Por favor, escribe un n\u00famero de tarjeta v\u00e1lido.\",\n  equalTo: \"Por favor, escribe el mismo valor de nuevo.\",\n  accept: \"Por favor, escribe un valor con una extensi\u00f3n aceptada.\",\n  maxlength: $.validator.format(\"Por favor, no escribas m\u00e1s de {0} caracteres.\"),\n  minlength: $.validator.format(\"Por favor, no escribas menos de {0} caracteres.\"),\n  rangelength: $.validator.format(\"Por favor, escribe un valor entre {0} y {1} caracteres.\"),\n  range: $.validator.format(\"Por favor, escribe un valor entre {0} y {1}.\"),\n  max: $.validator.format(\"Por favor, escribe un valor menor o igual a {0}.\"),\n  min: $.validator.format(\"Por favor, escribe un valor mayor o igual a {0}.\")\n});}(jQuery));var $mcj = jQuery.noConflict(true);<\/script><br \/>\n<!--End mc_embed_signup--><\/p>\n<p>Tambi\u00e9n puedes seguirnos en nuestras redes sociales (<a href=\"https:\/\/www.facebook.com\/itakaescolapiosgeneral?fref=ts\" target=\"_blank\" rel=\"noopener\">facebook<\/a>, <a href=\"https:\/\/twitter.com\/#!\/itakaescolapios\" target=\"_blank\" rel=\"noopener\">twitter<\/a>, <a href=\"https:\/\/www.youtube.com\/channel\/UC-vAmdR696L9Uz0nH7GNrGw\" target=\"_blank\" rel=\"noopener\">youtube<\/a> e <a href=\"https:\/\/www.instagram.com\/reditakaescolapios\/?hl=es\" target=\"_blank\" rel=\"noopener\">instagram<\/a>).<\/p>\n","protected":false},"excerpt":{"rendered":"<p>Suscr\u00edbete para recibir informaci\u00f3n puntual sobre las novedades, campa\u00f1as y formas de colaborar con Itaka-Escolapios. Podr\u00e1s darte de baja de forma autom\u00e1tica en cualquier momento. Correo electr\u00f3nico: * &nbsp; Nombre [&hellip;]<\/p>\n","protected":false},"author":65,"featured_media":0,"parent":9,"menu_order":4,"comment_status":"closed","ping_status":"closed","template":"","meta":{"_et_pb_use_builder":"","_et_pb_old_content":"","_et_gb_content_width":"","footnotes":""},"class_list":["post-41948","page","type-page","status-publish","hentry"],"yoast_head":"<!-- This site is optimized with the Yoast SEO plugin v27.3 - https:\/\/yoast.com\/product\/yoast-seo-wordpress\/ -->\n<title>Mantente informado<\/title>\n<meta name=\"description\" content=\"Suscr\u00edbete para recibir informaci\u00f3n puntual sobre las novedades, campa\u00f1as y formas de colaborar con Itaka-Escolapios. Podr\u00e1s darte de baja de forma autom\u00e1tica en cualquier momento. Correo electr\u00f3nico: * &nbsp; Nombre (opcional): &nbsp; Apellidos (opcional): &nbsp; Cu\u00e9ntanos c\u00f3mo nos has conocido (opcional): Tambi\u00e9n puedes seguirnos en nuestras redes sociales (facebook, twitter, youtube e instagram).\" \/>\n<meta name=\"robots\" content=\"index, follow, max-snippet:-1, max-image-preview:large, max-video-preview:-1\" \/>\n<link rel=\"canonical\" href=\"\" \/>\n<meta property=\"og:locale\" content=\"en_US\" \/>\n<meta property=\"og:type\" content=\"article\" \/>\n<meta property=\"og:title\" content=\"Mantente informado\" \/>\n<meta property=\"og:description\" content=\"Suscr\u00edbete para recibir informaci\u00f3n puntual sobre las novedades, campa\u00f1as y formas de colaborar con Itaka-Escolapios. Podr\u00e1s darte de baja de forma autom\u00e1tica en cualquier momento. Correo electr\u00f3nico: * &nbsp; Nombre (opcional): &nbsp; Apellidos (opcional): &nbsp; Cu\u00e9ntanos c\u00f3mo nos has conocido (opcional): Tambi\u00e9n puedes seguirnos en nuestras redes sociales (facebook, twitter, youtube e instagram).\" \/>\n<meta property=\"og:url\" content=\"https:\/\/www.itakaescolapios.org\/eu\/que-puedes-hacer-tu\/mantente-informado\/\" \/>\n<meta property=\"og:site_name\" content=\"Itaka-Escolapios\" \/>\n<meta property=\"article:modified_time\" content=\"2023-11-28T11:35:33+00:00\" \/>\n<meta name=\"twitter:card\" content=\"summary_large_image\" \/>\n<script type=\"application\/ld+json\" class=\"yoast-schema-graph\">{\"@context\":\"https:\\\/\\\/schema.org\",\"@graph\":[{\"@type\":\"WebPage\",\"@id\":\"https:\\\/\\\/www.itakaescolapios.org\\\/eu\\\/que-puedes-hacer-tu\\\/mantente-informado\\\/\",\"url\":\"https:\\\/\\\/www.itakaescolapios.org\\\/eu\\\/que-puedes-hacer-tu\\\/mantente-informado\\\/\",\"name\":\"Mantente informado - Itaka-Escolapios\",\"isPartOf\":{\"@id\":\"https:\\\/\\\/www.itakaescolapios.org\\\/es\\\/#website\"},\"datePublished\":\"2023-04-25T15:04:31+00:00\",\"dateModified\":\"2023-11-28T11:35:33+00:00\",\"breadcrumb\":{\"@id\":\"https:\\\/\\\/www.itakaescolapios.org\\\/eu\\\/que-puedes-hacer-tu\\\/mantente-informado\\\/#breadcrumb\"},\"inLanguage\":\"eu\",\"potentialAction\":[{\"@type\":\"ReadAction\",\"target\":[\"https:\\\/\\\/www.itakaescolapios.org\\\/eu\\\/que-puedes-hacer-tu\\\/mantente-informado\\\/\"]}]},{\"@type\":\"BreadcrumbList\",\"@id\":\"https:\\\/\\\/www.itakaescolapios.org\\\/eu\\\/que-puedes-hacer-tu\\\/mantente-informado\\\/#breadcrumb\",\"itemListElement\":[{\"@type\":\"ListItem\",\"position\":1,\"name\":\"Itaka-Escolapios\",\"item\":\"https:\\\/\\\/www.itakaescolapios.org\\\/es\\\/\"},{\"@type\":\"ListItem\",\"position\":2,\"name\":\"Qu\u00e9 puedes hacer t\u00fa\",\"item\":\"https:\\\/\\\/www.itakaescolapios.org\\\/es\\\/que-puedes-hacer-tu\\\/\"},{\"@type\":\"ListItem\",\"position\":3,\"name\":\"Mantente informado\"}]},{\"@type\":\"WebSite\",\"@id\":\"https:\\\/\\\/www.itakaescolapios.org\\\/eu\\\/es\\\/#website\",\"url\":\"https:\\\/\\\/www.itakaescolapios.org\\\/eu\\\/es\\\/\",\"name\":\"Itaka-Escolapios\",\"description\":\"Red de Itaka-Escolapios\",\"publisher\":{\"@id\":\"https:\\\/\\\/www.itakaescolapios.org\\\/eu\\\/es\\\/#organization\"},\"potentialAction\":[{\"@type\":\"SearchAction\",\"target\":{\"@type\":\"EntryPoint\",\"urlTemplate\":\"https:\\\/\\\/www.itakaescolapios.org\\\/eu\\\/es\\\/?s={search_term_string}\"},\"query-input\":{\"@type\":\"PropertyValueSpecification\",\"valueRequired\":true,\"valueName\":\"search_term_string\"}}],\"inLanguage\":\"eu\"},{\"@type\":\"Organization\",\"@id\":\"https:\\\/\\\/www.itakaescolapios.org\\\/eu\\\/es\\\/#organization\",\"name\":\"Fundaci\u00f3 Itaka-Escolapios\",\"url\":\"https:\\\/\\\/www.itakaescolapios.org\\\/eu\\\/es\\\/\",\"logo\":{\"@type\":\"ImageObject\",\"inLanguage\":\"eu\",\"@id\":\"https:\\\/\\\/www.itakaescolapios.org\\\/eu\\\/es\\\/#\\\/schema\\\/logo\\\/image\\\/\",\"url\":\"https:\\\/\\\/www.itakaescolapios.org\\\/wp-content\\\/uploads\\\/2024\\\/04\\\/Logo-itakaescolapios-peque.png\",\"contentUrl\":\"https:\\\/\\\/www.itakaescolapios.org\\\/wp-content\\\/uploads\\\/2024\\\/04\\\/Logo-itakaescolapios-peque.png\",\"width\":500,\"height\":199,\"caption\":\"Fundaci\u00f3 Itaka-Escolapios\"},\"image\":{\"@id\":\"https:\\\/\\\/www.itakaescolapios.org\\\/eu\\\/es\\\/#\\\/schema\\\/logo\\\/image\\\/\"}}]}<\/script>\n<!-- \/ Yoast SEO plugin. -->","yoast_head_json":{"title":"Mantente informado","description":"Suscr\u00edbete para recibir informaci\u00f3n puntual sobre las novedades, campa\u00f1as y formas de colaborar con Itaka-Escolapios. Podr\u00e1s darte de baja de forma autom\u00e1tica en cualquier momento. Correo electr\u00f3nico: * &nbsp; Nombre (opcional): &nbsp; Apellidos (opcional): &nbsp; Cu\u00e9ntanos c\u00f3mo nos has conocido (opcional): Tambi\u00e9n puedes seguirnos en nuestras redes sociales (facebook, twitter, youtube e instagram).","robots":{"index":"index","follow":"follow","max-snippet":"max-snippet:-1","max-image-preview":"max-image-preview:large","max-video-preview":"max-video-preview:-1"},"canonical":"Suscr\u00edbete para recibir informaci\u00f3n puntual sobre las novedades, campa\u00f1as y formas de colaborar con Itaka-Escolapios. Podr\u00e1s darte de baja de forma autom\u00e1tica en cualquier momento. Correo electr\u00f3nico: * &nbsp; Nombre (opcional): &nbsp; Apellidos (opcional): &nbsp; Cu\u00e9ntanos c\u00f3mo nos has conocido (opcional): Tambi\u00e9n puedes seguirnos en nuestras redes sociales (facebook, twitter, youtube e instagram).","og_locale":"en_US","og_type":"article","og_title":"Mantente informado","og_description":"Suscr\u00edbete para recibir informaci\u00f3n puntual sobre las novedades, campa\u00f1as y formas de colaborar con Itaka-Escolapios. Podr\u00e1s darte de baja de forma autom\u00e1tica en cualquier momento. Correo electr\u00f3nico: * &nbsp; Nombre (opcional): &nbsp; Apellidos (opcional): &nbsp; Cu\u00e9ntanos c\u00f3mo nos has conocido (opcional): Tambi\u00e9n puedes seguirnos en nuestras redes sociales (facebook, twitter, youtube e instagram).","og_url":"https:\/\/www.itakaescolapios.org\/eu\/que-puedes-hacer-tu\/mantente-informado\/","og_site_name":"Itaka-Escolapios","article_modified_time":"2023-11-28T11:35:33+00:00","twitter_card":"summary_large_image","schema":{"@context":"https:\/\/schema.org","@graph":[{"@type":"WebPage","@id":"https:\/\/www.itakaescolapios.org\/eu\/que-puedes-hacer-tu\/mantente-informado\/","url":"https:\/\/www.itakaescolapios.org\/eu\/que-puedes-hacer-tu\/mantente-informado\/","name":"Mantente informado - Itaka-Escolapios","isPartOf":{"@id":"https:\/\/www.itakaescolapios.org\/es\/#website"},"datePublished":"2023-04-25T15:04:31+00:00","dateModified":"2023-11-28T11:35:33+00:00","breadcrumb":{"@id":"https:\/\/www.itakaescolapios.org\/eu\/que-puedes-hacer-tu\/mantente-informado\/#breadcrumb"},"inLanguage":"eu","potentialAction":[{"@type":"ReadAction","target":["https:\/\/www.itakaescolapios.org\/eu\/que-puedes-hacer-tu\/mantente-informado\/"]}]},{"@type":"BreadcrumbList","@id":"https:\/\/www.itakaescolapios.org\/eu\/que-puedes-hacer-tu\/mantente-informado\/#breadcrumb","itemListElement":[{"@type":"ListItem","position":1,"name":"Itaka-Escolapios","item":"https:\/\/www.itakaescolapios.org\/es\/"},{"@type":"ListItem","position":2,"name":"Qu\u00e9 puedes hacer t\u00fa","item":"https:\/\/www.itakaescolapios.org\/es\/que-puedes-hacer-tu\/"},{"@type":"ListItem","position":3,"name":"Mantente informado"}]},{"@type":"WebSite","@id":"https:\/\/www.itakaescolapios.org\/eu\/es\/#website","url":"https:\/\/www.itakaescolapios.org\/eu\/es\/","name":"Itaka-Escolapios","description":"Red de Itaka-Escolapios","publisher":{"@id":"https:\/\/www.itakaescolapios.org\/eu\/es\/#organization"},"potentialAction":[{"@type":"SearchAction","target":{"@type":"EntryPoint","urlTemplate":"https:\/\/www.itakaescolapios.org\/eu\/es\/?s={search_term_string}"},"query-input":{"@type":"PropertyValueSpecification","valueRequired":true,"valueName":"search_term_string"}}],"inLanguage":"eu"},{"@type":"Organization","@id":"https:\/\/www.itakaescolapios.org\/eu\/es\/#organization","name":"Fundaci\u00f3 Itaka-Escolapios","url":"https:\/\/www.itakaescolapios.org\/eu\/es\/","logo":{"@type":"ImageObject","inLanguage":"eu","@id":"https:\/\/www.itakaescolapios.org\/eu\/es\/#\/schema\/logo\/image\/","url":"https:\/\/www.itakaescolapios.org\/wp-content\/uploads\/2024\/04\/Logo-itakaescolapios-peque.png","contentUrl":"https:\/\/www.itakaescolapios.org\/wp-content\/uploads\/2024\/04\/Logo-itakaescolapios-peque.png","width":500,"height":199,"caption":"Fundaci\u00f3 Itaka-Escolapios"},"image":{"@id":"https:\/\/www.itakaescolapios.org\/eu\/es\/#\/schema\/logo\/image\/"}}]}},"_links":{"self":[{"href":"https:\/\/www.itakaescolapios.org\/eu\/wp-json\/wp\/v2\/pages\/41948","targetHints":{"allow":["GET"]}}],"collection":[{"href":"https:\/\/www.itakaescolapios.org\/eu\/wp-json\/wp\/v2\/pages"}],"about":[{"href":"https:\/\/www.itakaescolapios.org\/eu\/wp-json\/wp\/v2\/types\/page"}],"author":[{"embeddable":true,"href":"https:\/\/www.itakaescolapios.org\/eu\/wp-json\/wp\/v2\/users\/65"}],"replies":[{"embeddable":true,"href":"https:\/\/www.itakaescolapios.org\/eu\/wp-json\/wp\/v2\/comments?post=41948"}],"version-history":[{"count":12,"href":"https:\/\/www.itakaescolapios.org\/eu\/wp-json\/wp\/v2\/pages\/41948\/revisions"}],"predecessor-version":[{"id":43615,"href":"https:\/\/www.itakaescolapios.org\/eu\/wp-json\/wp\/v2\/pages\/41948\/revisions\/43615"}],"up":[{"embeddable":true,"href":"https:\/\/www.itakaescolapios.org\/eu\/wp-json\/wp\/v2\/pages\/9"}],"wp:attachment":[{"href":"https:\/\/www.itakaescolapios.org\/eu\/wp-json\/wp\/v2\/media?parent=41948"}],"curies":[{"name":"wp","href":"https:\/\/api.w.org\/{rel}","templated":true}]}}