{"id":5252,"date":"2013-01-10T17:54:00","date_gmt":"2013-01-10T16:54:00","guid":{"rendered":"https:\/\/www.itakaescolapios.org\/?page_id=5252"},"modified":"2023-11-28T12:39:30","modified_gmt":"2023-11-28T11:39:30","slug":"semana-de-la-paz","status":"publish","type":"page","link":"https:\/\/www.itakaescolapios.org\/eu\/semanas-de-la-paz\/semana-de-la-paz\/","title":{"rendered":"2012-2013 LA PAZ OS DEJO MI PAZ OS DOY"},"content":{"rendered":"<p><a href=\"https:\/\/www.itakaescolapios.org\/wp-content\/uploads\/2013\/01\/Ghandi.png\"><img decoding=\"async\" class=\"alignleft  wp-image-5306\" title=\"Ghandi\" alt=\"\" src=\"https:\/\/www.itakaescolapios.org\/wp-content\/uploads\/2013\/01\/Ghandi-667x1024.png\" width=\"268\" height=\"397\" \/><\/a><\/p>\n<p>Hay muchas metas\u00a0leg\u00edtimas\u00a0en nuestra sociedad. La paz es una de ellas. Pero, sobre todo, la paz y la no violencia son el camino digno para conseguirlas y son criterio para valorar las mismas metas. La existencia de v\u00edctimas mancha cualquier objetivo que pretenda ser bueno y digno.<\/p>\n<p>Desde que en 1964 se estableciera el <strong>30 de enero<\/strong> (aniversario de la muerte del Mahatma Gandhi) como <strong>D\u00eda escolar de la No Violencia y la Paz <\/strong>se recuerda\u00a0 en todo el mundo la necesidad de la educaci\u00f3n para la tolerancia, la solidaridad, el respeto a los Derechos\u00a0 humanos, la no violencia y la paz. El lema de este d\u00eda es: \u201c<em>amor universal, no-violencia y paz. El amor universal es mejor que el ego\u00edsmo, la no-violencia es mejor que la violencia y la paz es mejor que la guerra\u201d.<\/em><\/p>\n<p>La defensa del <strong>cumplimiento de los derechos humanos para todos los pueblos<\/strong> nos incumbe a todas y todos. En este sentido la sociedad civil se ha de concienciar cada vez m\u00e1s de la gran responsabilidad que tiene en la construcci\u00f3n de un mundo m\u00e1s justo. Por una parte, como ciudadan\u00eda estamos obligados a exigir ante los diferentes organismos pol\u00edticos y sociales nacionales e internacionales; pero por otro lado, como consumidores sustentamos muchas de las din\u00e1micas econ\u00f3micas y sociales que est\u00e1n produciendo en la actualidad la mayor\u00eda de los desequilibrios econ\u00f3micos y conflictos sociales de nuestro mundo.<\/p>\n<p>Muchas veces resulta dif\u00edcil ver nuestra parte de responsabilidad en todo esto, y sobre todo, ser conscientes que nuestra actuaci\u00f3n al respecto es importante, ya que s\u00ed tiene incidencia en la defensa de los derechos humanos y sociales.<\/p>\n<p>Es necesario buscar f\u00f3rmulas para trabajar una <a href=\"http:\/\/www.educa.itakaescolapios.org\/\" target=\"_blank\" rel=\"noopener\">EDUCACI\u00d3N EN VALORES<\/a> que, progresivamente y desde la infancia, lleve a planteamientos de compromiso y participaci\u00f3n de la sociedad civil en los problemas sociales que nos rodean e incumben a todos. La Escuela es un lugar privilegiado donde poder desarrollar este tipo de actividades, debido a su potencial transformador sobre la persona. La formaci\u00f3n para la paz, la cooperaci\u00f3n y la solidaridad entre los pueblos es, una de las principales finalidades que debe plantearse en nuestras escuelas.<\/p>\n<p>Desde que en 1984 se celebrase la primera semana escolar por la paz hemos venido aumentando su difusi\u00f3n. Os invitamos una vez m\u00e1s a cambiar el mundo desde nuestro d\u00eda a d\u00eda con cada paso de nuestro caminar por la vida.<\/p>\n<p style=\"padding-left: 60px;\"><em><span style=\"color: #808000;\">\u201cEn definitiva \u00bfd\u00f3nde empiezan los derechos humanos universales? Pues en peque\u00f1os lugares, cerca de nosotros; en lugares tan pr\u00f3ximos y peque\u00f1os que no aparecen en los mapas. Pero esos son los lugares que conforman el mundo del individuo: el barrio en el que vive, la escuela o la universidad en que estudia; la f\u00e1brica, el campo o la oficina en que trabaja. Esos son los lugares en los que cada hombre, mujer y ni\u00f1o busca ser igual ante la ley, en las oportunidades, en la dignidad sin discriminaci\u00f3n. Si esos derechos no significan nada en esos lugares tampoco significan nada en ninguna otra parte. Sin una acci\u00f3n decidida de los ciudadanos para defender esos derechos a su alrededor, no se har\u00e1n progresos en el resto del mundo\u201d <\/span><\/em><\/p>\n<p style=\"padding-left: 90px;\"><span style=\"color: #000000;\"><em>Eleanor Roosvelt.- \u201cEn nuestras manos\u201d, discurso pronunciado en Marzo de 1958, con \u00a0ocasi\u00f3n del X aniversario de la Declaraci\u00f3n Universal de Derechos Humanos.<\/em><\/span><\/p>\n<p><em><br clear=\"all\" \/> <\/em><\/p>\n<p><em>\u00a0<\/em><!--more--><\/p>\n","protected":false},"excerpt":{"rendered":"<p>Hay muchas metas\u00a0leg\u00edtimas\u00a0en nuestra sociedad. La paz es una de ellas. Pero, sobre todo, la paz y la no violencia son el camino digno para conseguirlas y son criterio para [&hellip;]<\/p>\n","protected":false},"author":1,"featured_media":0,"parent":13199,"menu_order":8,"comment_status":"closed","ping_status":"closed","template":"","meta":{"_et_pb_use_builder":"","_et_pb_old_content":"","_et_gb_content_width":"","footnotes":""},"class_list":["post-5252","page","type-page","status-publish","hentry"],"yoast_head":"<!-- This site is optimized with the Yoast SEO plugin v27.3 - https:\/\/yoast.com\/product\/yoast-seo-wordpress\/ -->\n<title>2012-2013 LA PAZ OS DEJO MI PAZ OS DOY<\/title>\n<meta name=\"description\" content=\"Hay muchas metas\u00a0leg\u00edtimas\u00a0en nuestra sociedad. La paz es una de ellas. Pero, sobre todo, la paz y la no violencia son el camino digno para conseguirlas y son criterio para valorar las mismas metas. La existencia de v\u00edctimas mancha cualquier objetivo que pretenda ser bueno y digno. Desde que en 1964 se estableciera el 30&hellip;\" \/>\n<meta name=\"robots\" content=\"index, follow, max-snippet:-1, max-image-preview:large, max-video-preview:-1\" \/>\n<link rel=\"canonical\" href=\"http:\/\/Hay%20muchas%20metas\u00a0leg\u00edtimas\u00a0en%20nuestra%20sociedad.%20La%20paz%20es%20una%20de%20ellas.%20Pero,%20sobre%20todo,%20la%20paz%20y%20la%20no%20violencia%20son%20el%20camino%20digno%20para%20conseguirlas%20y%20son%20criterio%20para%20valorar%20las%20mismas%20metas.%20La%20existencia%20de%20v\u00edctimas%20mancha%20cualquier%20objetivo%20que%20pretenda%20ser%20bueno%20y%20digno.%20Desde%20que%20en%201964%20se%20estableciera%20el%2030&hellip;\" \/>\n<meta property=\"og:locale\" content=\"en_US\" \/>\n<meta property=\"og:type\" content=\"article\" \/>\n<meta property=\"og:title\" content=\"2012-2013 LA PAZ OS DEJO MI PAZ OS DOY\" \/>\n<meta property=\"og:description\" content=\"Hay muchas metas\u00a0leg\u00edtimas\u00a0en nuestra sociedad. La paz es una de ellas. Pero, sobre todo, la paz y la no violencia son el camino digno para conseguirlas y son criterio para valorar las mismas metas. La existencia de v\u00edctimas mancha cualquier objetivo que pretenda ser bueno y digno. Desde que en 1964 se estableciera el 30&hellip;\" \/>\n<meta property=\"og:url\" content=\"https:\/\/www.itakaescolapios.org\/eu\/semanas-de-la-paz\/semana-de-la-paz\/\" \/>\n<meta property=\"og:site_name\" content=\"Itaka-Escolapios\" \/>\n<meta property=\"article:modified_time\" content=\"2023-11-28T11:39:30+00:00\" \/>\n<meta property=\"og:image\" content=\"https:\/\/www.itakaescolapios.org\/wp-content\/uploads\/2013\/01\/Ghandi.png\" \/>\n\t<meta property=\"og:image:width\" content=\"836\" \/>\n\t<meta property=\"og:image:height\" content=\"1282\" \/>\n\t<meta property=\"og:image:type\" content=\"image\/png\" \/>\n<meta name=\"twitter:card\" content=\"summary_large_image\" \/>\n<meta name=\"twitter:label1\" content=\"Est. reading time\" \/>\n\t<meta name=\"twitter:data1\" content=\"3 minutua\" \/>\n<script type=\"application\/ld+json\" class=\"yoast-schema-graph\">{\"@context\":\"https:\\\/\\\/schema.org\",\"@graph\":[{\"@type\":\"WebPage\",\"@id\":\"https:\\\/\\\/www.itakaescolapios.org\\\/eu\\\/semanas-de-la-paz\\\/semana-de-la-paz\\\/\",\"url\":\"https:\\\/\\\/www.itakaescolapios.org\\\/eu\\\/semanas-de-la-paz\\\/semana-de-la-paz\\\/\",\"name\":\"2012-2013 LA PAZ OS DEJO MI PAZ OS DOY - Itaka-Escolapios\",\"isPartOf\":{\"@id\":\"https:\\\/\\\/www.itakaescolapios.org\\\/es\\\/#website\"},\"primaryImageOfPage\":{\"@id\":\"https:\\\/\\\/www.itakaescolapios.org\\\/eu\\\/semanas-de-la-paz\\\/semana-de-la-paz\\\/#primaryimage\"},\"image\":{\"@id\":\"https:\\\/\\\/www.itakaescolapios.org\\\/eu\\\/semanas-de-la-paz\\\/semana-de-la-paz\\\/#primaryimage\"},\"thumbnailUrl\":\"https:\\\/\\\/www.itakaescolapios.org\\\/wp-content\\\/uploads\\\/2013\\\/01\\\/Ghandi-667x1024.png\",\"datePublished\":\"2013-01-10T16:54:00+00:00\",\"dateModified\":\"2023-11-28T11:39:30+00:00\",\"breadcrumb\":{\"@id\":\"https:\\\/\\\/www.itakaescolapios.org\\\/eu\\\/semanas-de-la-paz\\\/semana-de-la-paz\\\/#breadcrumb\"},\"inLanguage\":\"eu\",\"potentialAction\":[{\"@type\":\"ReadAction\",\"target\":[\"https:\\\/\\\/www.itakaescolapios.org\\\/eu\\\/semanas-de-la-paz\\\/semana-de-la-paz\\\/\"]}]},{\"@type\":\"ImageObject\",\"inLanguage\":\"eu\",\"@id\":\"https:\\\/\\\/www.itakaescolapios.org\\\/eu\\\/semanas-de-la-paz\\\/semana-de-la-paz\\\/#primaryimage\",\"url\":\"https:\\\/\\\/www.itakaescolapios.org\\\/wp-content\\\/uploads\\\/2013\\\/01\\\/Ghandi-667x1024.png\",\"contentUrl\":\"https:\\\/\\\/www.itakaescolapios.org\\\/wp-content\\\/uploads\\\/2013\\\/01\\\/Ghandi-667x1024.png\"},{\"@type\":\"BreadcrumbList\",\"@id\":\"https:\\\/\\\/www.itakaescolapios.org\\\/eu\\\/semanas-de-la-paz\\\/semana-de-la-paz\\\/#breadcrumb\",\"itemListElement\":[{\"@type\":\"ListItem\",\"position\":1,\"name\":\"Itaka-Escolapios\",\"item\":\"https:\\\/\\\/www.itakaescolapios.org\\\/es\\\/\"},{\"@type\":\"ListItem\",\"position\":2,\"name\":\"Semanas de la paz\",\"item\":\"https:\\\/\\\/www.itakaescolapios.org\\\/es\\\/semanas-de-la-paz\\\/\"},{\"@type\":\"ListItem\",\"position\":3,\"name\":\"2012-2013 LA PAZ OS DEJO MI PAZ OS DOY\"}]},{\"@type\":\"WebSite\",\"@id\":\"https:\\\/\\\/www.itakaescolapios.org\\\/eu\\\/es\\\/#website\",\"url\":\"https:\\\/\\\/www.itakaescolapios.org\\\/eu\\\/es\\\/\",\"name\":\"Itaka-Escolapios\",\"description\":\"Red de Itaka-Escolapios\",\"publisher\":{\"@id\":\"https:\\\/\\\/www.itakaescolapios.org\\\/eu\\\/es\\\/#organization\"},\"potentialAction\":[{\"@type\":\"SearchAction\",\"target\":{\"@type\":\"EntryPoint\",\"urlTemplate\":\"https:\\\/\\\/www.itakaescolapios.org\\\/eu\\\/es\\\/?s={search_term_string}\"},\"query-input\":{\"@type\":\"PropertyValueSpecification\",\"valueRequired\":true,\"valueName\":\"search_term_string\"}}],\"inLanguage\":\"eu\"},{\"@type\":\"Organization\",\"@id\":\"https:\\\/\\\/www.itakaescolapios.org\\\/eu\\\/es\\\/#organization\",\"name\":\"Fundaci\u00f3 Itaka-Escolapios\",\"url\":\"https:\\\/\\\/www.itakaescolapios.org\\\/eu\\\/es\\\/\",\"logo\":{\"@type\":\"ImageObject\",\"inLanguage\":\"eu\",\"@id\":\"https:\\\/\\\/www.itakaescolapios.org\\\/eu\\\/es\\\/#\\\/schema\\\/logo\\\/image\\\/\",\"url\":\"https:\\\/\\\/www.itakaescolapios.org\\\/wp-content\\\/uploads\\\/2024\\\/04\\\/Logo-itakaescolapios-peque.png\",\"contentUrl\":\"https:\\\/\\\/www.itakaescolapios.org\\\/wp-content\\\/uploads\\\/2024\\\/04\\\/Logo-itakaescolapios-peque.png\",\"width\":500,\"height\":199,\"caption\":\"Fundaci\u00f3 Itaka-Escolapios\"},\"image\":{\"@id\":\"https:\\\/\\\/www.itakaescolapios.org\\\/eu\\\/es\\\/#\\\/schema\\\/logo\\\/image\\\/\"}}]}<\/script>\n<!-- \/ Yoast SEO plugin. -->","yoast_head_json":{"title":"2012-2013 LA PAZ OS DEJO MI PAZ OS DOY","description":"Hay muchas metas\u00a0leg\u00edtimas\u00a0en nuestra sociedad. La paz es una de ellas. Pero, sobre todo, la paz y la no violencia son el camino digno para conseguirlas y son criterio para valorar las mismas metas. La existencia de v\u00edctimas mancha cualquier objetivo que pretenda ser bueno y digno. Desde que en 1964 se estableciera el 30&hellip;","robots":{"index":"index","follow":"follow","max-snippet":"max-snippet:-1","max-image-preview":"max-image-preview:large","max-video-preview":"max-video-preview:-1"},"canonical":"Hay muchas metas\u00a0leg\u00edtimas\u00a0en nuestra sociedad. La paz es una de ellas. Pero, sobre todo, la paz y la no violencia son el camino digno para conseguirlas y son criterio para valorar las mismas metas. La existencia de v\u00edctimas mancha cualquier objetivo que pretenda ser bueno y digno. Desde que en 1964 se estableciera el 30&hellip;","og_locale":"en_US","og_type":"article","og_title":"2012-2013 LA PAZ OS DEJO MI PAZ OS DOY","og_description":"Hay muchas metas\u00a0leg\u00edtimas\u00a0en nuestra sociedad. La paz es una de ellas. Pero, sobre todo, la paz y la no violencia son el camino digno para conseguirlas y son criterio para valorar las mismas metas. La existencia de v\u00edctimas mancha cualquier objetivo que pretenda ser bueno y digno. Desde que en 1964 se estableciera el 30&hellip;","og_url":"https:\/\/www.itakaescolapios.org\/eu\/semanas-de-la-paz\/semana-de-la-paz\/","og_site_name":"Itaka-Escolapios","article_modified_time":"2023-11-28T11:39:30+00:00","og_image":[{"width":836,"height":1282,"url":"https:\/\/www.itakaescolapios.org\/wp-content\/uploads\/2013\/01\/Ghandi.png","type":"image\/png"}],"twitter_card":"summary_large_image","twitter_misc":{"Est. reading time":"3 minutua"},"schema":{"@context":"https:\/\/schema.org","@graph":[{"@type":"WebPage","@id":"https:\/\/www.itakaescolapios.org\/eu\/semanas-de-la-paz\/semana-de-la-paz\/","url":"https:\/\/www.itakaescolapios.org\/eu\/semanas-de-la-paz\/semana-de-la-paz\/","name":"2012-2013 LA PAZ OS DEJO MI PAZ OS DOY - Itaka-Escolapios","isPartOf":{"@id":"https:\/\/www.itakaescolapios.org\/es\/#website"},"primaryImageOfPage":{"@id":"https:\/\/www.itakaescolapios.org\/eu\/semanas-de-la-paz\/semana-de-la-paz\/#primaryimage"},"image":{"@id":"https:\/\/www.itakaescolapios.org\/eu\/semanas-de-la-paz\/semana-de-la-paz\/#primaryimage"},"thumbnailUrl":"https:\/\/www.itakaescolapios.org\/wp-content\/uploads\/2013\/01\/Ghandi-667x1024.png","datePublished":"2013-01-10T16:54:00+00:00","dateModified":"2023-11-28T11:39:30+00:00","breadcrumb":{"@id":"https:\/\/www.itakaescolapios.org\/eu\/semanas-de-la-paz\/semana-de-la-paz\/#breadcrumb"},"inLanguage":"eu","potentialAction":[{"@type":"ReadAction","target":["https:\/\/www.itakaescolapios.org\/eu\/semanas-de-la-paz\/semana-de-la-paz\/"]}]},{"@type":"ImageObject","inLanguage":"eu","@id":"https:\/\/www.itakaescolapios.org\/eu\/semanas-de-la-paz\/semana-de-la-paz\/#primaryimage","url":"https:\/\/www.itakaescolapios.org\/wp-content\/uploads\/2013\/01\/Ghandi-667x1024.png","contentUrl":"https:\/\/www.itakaescolapios.org\/wp-content\/uploads\/2013\/01\/Ghandi-667x1024.png"},{"@type":"BreadcrumbList","@id":"https:\/\/www.itakaescolapios.org\/eu\/semanas-de-la-paz\/semana-de-la-paz\/#breadcrumb","itemListElement":[{"@type":"ListItem","position":1,"name":"Itaka-Escolapios","item":"https:\/\/www.itakaescolapios.org\/es\/"},{"@type":"ListItem","position":2,"name":"Semanas de la paz","item":"https:\/\/www.itakaescolapios.org\/es\/semanas-de-la-paz\/"},{"@type":"ListItem","position":3,"name":"2012-2013 LA PAZ OS DEJO MI PAZ OS DOY"}]},{"@type":"WebSite","@id":"https:\/\/www.itakaescolapios.org\/eu\/es\/#website","url":"https:\/\/www.itakaescolapios.org\/eu\/es\/","name":"Itaka-Escolapios","description":"Red de Itaka-Escolapios","publisher":{"@id":"https:\/\/www.itakaescolapios.org\/eu\/es\/#organization"},"potentialAction":[{"@type":"SearchAction","target":{"@type":"EntryPoint","urlTemplate":"https:\/\/www.itakaescolapios.org\/eu\/es\/?s={search_term_string}"},"query-input":{"@type":"PropertyValueSpecification","valueRequired":true,"valueName":"search_term_string"}}],"inLanguage":"eu"},{"@type":"Organization","@id":"https:\/\/www.itakaescolapios.org\/eu\/es\/#organization","name":"Fundaci\u00f3 Itaka-Escolapios","url":"https:\/\/www.itakaescolapios.org\/eu\/es\/","logo":{"@type":"ImageObject","inLanguage":"eu","@id":"https:\/\/www.itakaescolapios.org\/eu\/es\/#\/schema\/logo\/image\/","url":"https:\/\/www.itakaescolapios.org\/wp-content\/uploads\/2024\/04\/Logo-itakaescolapios-peque.png","contentUrl":"https:\/\/www.itakaescolapios.org\/wp-content\/uploads\/2024\/04\/Logo-itakaescolapios-peque.png","width":500,"height":199,"caption":"Fundaci\u00f3 Itaka-Escolapios"},"image":{"@id":"https:\/\/www.itakaescolapios.org\/eu\/es\/#\/schema\/logo\/image\/"}}]}},"_links":{"self":[{"href":"https:\/\/www.itakaescolapios.org\/eu\/wp-json\/wp\/v2\/pages\/5252","targetHints":{"allow":["GET"]}}],"collection":[{"href":"https:\/\/www.itakaescolapios.org\/eu\/wp-json\/wp\/v2\/pages"}],"about":[{"href":"https:\/\/www.itakaescolapios.org\/eu\/wp-json\/wp\/v2\/types\/page"}],"author":[{"embeddable":true,"href":"https:\/\/www.itakaescolapios.org\/eu\/wp-json\/wp\/v2\/users\/1"}],"replies":[{"embeddable":true,"href":"https:\/\/www.itakaescolapios.org\/eu\/wp-json\/wp\/v2\/comments?post=5252"}],"version-history":[{"count":28,"href":"https:\/\/www.itakaescolapios.org\/eu\/wp-json\/wp\/v2\/pages\/5252\/revisions"}],"predecessor-version":[{"id":49806,"href":"https:\/\/www.itakaescolapios.org\/eu\/wp-json\/wp\/v2\/pages\/5252\/revisions\/49806"}],"up":[{"embeddable":true,"href":"https:\/\/www.itakaescolapios.org\/eu\/wp-json\/wp\/v2\/pages\/13199"}],"wp:attachment":[{"href":"https:\/\/www.itakaescolapios.org\/eu\/wp-json\/wp\/v2\/media?parent=5252"}],"curies":[{"name":"wp","href":"https:\/\/api.w.org\/{rel}","templated":true}]}}