{"id":7399,"date":"2013-10-02T10:30:47","date_gmt":"2013-10-02T09:30:47","guid":{"rendered":"https:\/\/www.itakaescolapios.org\/?page_id=7399"},"modified":"2023-11-28T12:39:16","modified_gmt":"2023-11-28T11:39:16","slug":"centro-comunitario-calasanz-del-barrio-de-la-lucha","status":"publish","type":"page","link":"https:\/\/www.itakaescolapios.org\/eu\/zer-egiten-dugu\/centros-socio-educativos\/centro-comunitario-calasanz-del-barrio-de-la-lucha\/","title":{"rendered":"CENTRO COMUNITARIO CALASANZ CARORA (VENEZUELA)"},"content":{"rendered":"<p><em>El Barrio la Lucha, es uno de los sectores con mayores necesidades socioecon\u00f3micas de la Parroquia San Jos\u00e9 de Calasanz e inclusive de Carora, Estado Lara. La Comunidad La Lucha, est\u00e1 enmarcada en una zona carente de los servicios b\u00e1sicos, el 70% de las viviendas son construcciones de lata, inestables e inseguras donde viven hacinados, sin servicios p\u00fablicos gratuitos. Se encuentra alejado del centro parroquial, localiz\u00e1ndose en la periferia de la ciudad.<\/em><em> <\/em><\/p>\n<p><em>Son bastantes las adolescentes embarazadas, madres solteras y mujeres a cargo de familias monoparentales, las cuales no cuentan con una formaci\u00f3n acad\u00e9mica suficiente para acceder al mercado laboral.<\/em><\/p>\n<p><em>Para dar respuestas factibles a esta comunidad, nace el Centro Comunitario \u201cCalasanz\u201d,<strong> <\/strong>plataforma para realizar actividades de formaci\u00f3n dirigidas a los y las ni\u00f1as,\u00a0 j\u00f3venes, adolescentes embarazadas, madres solteras\u2026.; \u00e9stos ser\u00e1n espacios dedicados al bienestar de la comunidad en general.<\/em><\/p>\n<p>Los objetivos principales de proyecto son,<\/p>\n<ul>\n<li><em>Capacitar a trav\u00e9s de un CECAL, para la educaci\u00f3n<strong> <\/strong>de j\u00f3venes de ambos sexos, madres solteras, adolescentes embarazadas, y grupos que lo requieran.<\/em><\/li>\n<li><em>Fortalecer los valores familiares y sociales a trav\u00e9s de campa\u00f1as, talleres, charlas y celebraciones especiales, dirigidas a la comunidad en general.<\/em><\/li>\n<li><em>Motivar la integraci\u00f3n de la comunidad, brindando un Espacio adecuado para las reuniones de grupos juveniles, de oraci\u00f3n, asambleas familiares, madres del barrio, entre otros.<\/em><\/li>\n<li><em>Ofrecer un hogar de cuidados diarios, a futuro, para ni\u00f1os de 1 a 3 a\u00f1os, apoyando as\u00ed a madres trabajadoras y\/o estudiantes que viven en el barrio.<\/em><\/li>\n<\/ul>\n<p><!--more--><\/p>\n","protected":false},"excerpt":{"rendered":"<p>El Barrio la Lucha, es uno de los sectores con mayores necesidades socioecon\u00f3micas de la Parroquia San Jos\u00e9 de Calasanz e inclusive de Carora, Estado Lara. La Comunidad La Lucha, [&hellip;]<\/p>\n","protected":false},"author":46,"featured_media":7444,"parent":83,"menu_order":10,"comment_status":"closed","ping_status":"closed","template":"","meta":{"_et_pb_use_builder":"","_et_pb_old_content":"","_et_gb_content_width":"","footnotes":""},"class_list":["post-7399","page","type-page","status-publish","has-post-thumbnail","hentry"],"yoast_head":"<!-- This site is optimized with the Yoast SEO plugin v27.3 - https:\/\/yoast.com\/product\/yoast-seo-wordpress\/ -->\n<title>CENTRO COMUNITARIO CALASANZ CARORA (VENEZUELA)<\/title>\n<meta name=\"description\" content=\"El Barrio la Lucha, es uno de los sectores con mayores necesidades socioecon\u00f3micas de la Parroquia San Jos\u00e9 de Calasanz e inclusive de Carora, Estado Lara. La Comunidad La Lucha, est\u00e1 enmarcada en una zona carente de los servicios b\u00e1sicos, el 70% de las viviendas son construcciones de lata, inestables e inseguras donde viven hacinados,&hellip;\" \/>\n<meta name=\"robots\" content=\"index, follow, max-snippet:-1, max-image-preview:large, max-video-preview:-1\" \/>\n<link rel=\"canonical\" href=\"http:\/\/El%20Barrio%20la%20Lucha,%20es%20uno%20de%20los%20sectores%20con%20mayores%20necesidades%20socioecon\u00f3micas%20de%20la%20Parroquia%20San%20Jos\u00e9%20de%20Calasanz%20e%20inclusive%20de%20Carora,%20Estado%20Lara.%20La%20Comunidad%20La%20Lucha,%20est\u00e1%20enmarcada%20en%20una%20zona%20carente%20de%20los%20servicios%20b\u00e1sicos,%20el%2070%%20de%20las%20viviendas%20son%20construcciones%20de%20lata,%20inestables%20e%20inseguras%20donde%20viven%20hacinados,&hellip;\" \/>\n<meta property=\"og:locale\" content=\"en_US\" \/>\n<meta property=\"og:type\" content=\"article\" \/>\n<meta property=\"og:title\" content=\"CENTRO COMUNITARIO CALASANZ CARORA (VENEZUELA)\" \/>\n<meta property=\"og:description\" content=\"El Barrio la Lucha, es uno de los sectores con mayores necesidades socioecon\u00f3micas de la Parroquia San Jos\u00e9 de Calasanz e inclusive de Carora, Estado Lara. La Comunidad La Lucha, est\u00e1 enmarcada en una zona carente de los servicios b\u00e1sicos, el 70% de las viviendas son construcciones de lata, inestables e inseguras donde viven hacinados,&hellip;\" \/>\n<meta property=\"og:url\" content=\"https:\/\/www.itakaescolapios.org\/eu\/zer-egiten-dugu\/centros-socio-educativos\/centro-comunitario-calasanz-del-barrio-de-la-lucha\/\" \/>\n<meta property=\"og:site_name\" content=\"Itaka-Escolapios\" \/>\n<meta property=\"article:modified_time\" content=\"2023-11-28T11:39:16+00:00\" \/>\n<meta property=\"og:image\" content=\"https:\/\/www.itakaescolapios.org\/wp-content\/uploads\/2013\/10\/Carora-Centro.jpg\" \/>\n\t<meta property=\"og:image:width\" content=\"300\" \/>\n\t<meta property=\"og:image:height\" content=\"225\" \/>\n\t<meta property=\"og:image:type\" content=\"image\/jpeg\" \/>\n<meta name=\"twitter:card\" content=\"summary_large_image\" \/>\n<meta name=\"twitter:label1\" content=\"Est. reading time\" \/>\n\t<meta name=\"twitter:data1\" content=\"1 minutua\" \/>\n<script type=\"application\/ld+json\" class=\"yoast-schema-graph\">{\"@context\":\"https:\\\/\\\/schema.org\",\"@graph\":[{\"@type\":\"WebPage\",\"@id\":\"https:\\\/\\\/www.itakaescolapios.org\\\/eu\\\/zer-egiten-dugu\\\/centros-socio-educativos\\\/centro-comunitario-calasanz-del-barrio-de-la-lucha\\\/\",\"url\":\"https:\\\/\\\/www.itakaescolapios.org\\\/eu\\\/zer-egiten-dugu\\\/centros-socio-educativos\\\/centro-comunitario-calasanz-del-barrio-de-la-lucha\\\/\",\"name\":\"CENTRO COMUNITARIO CALASANZ CARORA (VENEZUELA) - Itaka-Escolapios\",\"isPartOf\":{\"@id\":\"https:\\\/\\\/www.itakaescolapios.org\\\/es\\\/#website\"},\"primaryImageOfPage\":{\"@id\":\"https:\\\/\\\/www.itakaescolapios.org\\\/eu\\\/zer-egiten-dugu\\\/centros-socio-educativos\\\/centro-comunitario-calasanz-del-barrio-de-la-lucha\\\/#primaryimage\"},\"image\":{\"@id\":\"https:\\\/\\\/www.itakaescolapios.org\\\/eu\\\/zer-egiten-dugu\\\/centros-socio-educativos\\\/centro-comunitario-calasanz-del-barrio-de-la-lucha\\\/#primaryimage\"},\"thumbnailUrl\":\"https:\\\/\\\/www.itakaescolapios.org\\\/wp-content\\\/uploads\\\/2013\\\/10\\\/Carora-Centro.jpg\",\"datePublished\":\"2013-10-02T09:30:47+00:00\",\"dateModified\":\"2023-11-28T11:39:16+00:00\",\"breadcrumb\":{\"@id\":\"https:\\\/\\\/www.itakaescolapios.org\\\/eu\\\/zer-egiten-dugu\\\/centros-socio-educativos\\\/centro-comunitario-calasanz-del-barrio-de-la-lucha\\\/#breadcrumb\"},\"inLanguage\":\"eu\",\"potentialAction\":[{\"@type\":\"ReadAction\",\"target\":[\"https:\\\/\\\/www.itakaescolapios.org\\\/eu\\\/zer-egiten-dugu\\\/centros-socio-educativos\\\/centro-comunitario-calasanz-del-barrio-de-la-lucha\\\/\"]}]},{\"@type\":\"ImageObject\",\"inLanguage\":\"eu\",\"@id\":\"https:\\\/\\\/www.itakaescolapios.org\\\/eu\\\/zer-egiten-dugu\\\/centros-socio-educativos\\\/centro-comunitario-calasanz-del-barrio-de-la-lucha\\\/#primaryimage\",\"url\":\"https:\\\/\\\/www.itakaescolapios.org\\\/wp-content\\\/uploads\\\/2013\\\/10\\\/Carora-Centro.jpg\",\"contentUrl\":\"https:\\\/\\\/www.itakaescolapios.org\\\/wp-content\\\/uploads\\\/2013\\\/10\\\/Carora-Centro.jpg\",\"width\":\"300\",\"height\":\"225\"},{\"@type\":\"BreadcrumbList\",\"@id\":\"https:\\\/\\\/www.itakaescolapios.org\\\/eu\\\/zer-egiten-dugu\\\/centros-socio-educativos\\\/centro-comunitario-calasanz-del-barrio-de-la-lucha\\\/#breadcrumb\",\"itemListElement\":[{\"@type\":\"ListItem\",\"position\":1,\"name\":\"Itaka-Escolapios\",\"item\":\"https:\\\/\\\/www.itakaescolapios.org\\\/es\\\/\"},{\"@type\":\"ListItem\",\"position\":2,\"name\":\"Zer egiten dugu\",\"item\":\"https:\\\/\\\/www.itakaescolapios.org\\\/es\\\/que-hacemos\\\/\"},{\"@type\":\"ListItem\",\"position\":3,\"name\":\"Centros Socio-Educativos\",\"item\":\"https:\\\/\\\/www.itakaescolapios.org\\\/es\\\/que-hacemos\\\/centros-socio-educativos\\\/\"},{\"@type\":\"ListItem\",\"position\":4,\"name\":\"CENTRO COMUNITARIO CALASANZ CARORA (VENEZUELA)\"}]},{\"@type\":\"WebSite\",\"@id\":\"https:\\\/\\\/www.itakaescolapios.org\\\/eu\\\/es\\\/#website\",\"url\":\"https:\\\/\\\/www.itakaescolapios.org\\\/eu\\\/es\\\/\",\"name\":\"Itaka-Escolapios\",\"description\":\"Red de Itaka-Escolapios\",\"publisher\":{\"@id\":\"https:\\\/\\\/www.itakaescolapios.org\\\/eu\\\/es\\\/#organization\"},\"potentialAction\":[{\"@type\":\"SearchAction\",\"target\":{\"@type\":\"EntryPoint\",\"urlTemplate\":\"https:\\\/\\\/www.itakaescolapios.org\\\/eu\\\/es\\\/?s={search_term_string}\"},\"query-input\":{\"@type\":\"PropertyValueSpecification\",\"valueRequired\":true,\"valueName\":\"search_term_string\"}}],\"inLanguage\":\"eu\"},{\"@type\":\"Organization\",\"@id\":\"https:\\\/\\\/www.itakaescolapios.org\\\/eu\\\/es\\\/#organization\",\"name\":\"Fundaci\u00f3 Itaka-Escolapios\",\"url\":\"https:\\\/\\\/www.itakaescolapios.org\\\/eu\\\/es\\\/\",\"logo\":{\"@type\":\"ImageObject\",\"inLanguage\":\"eu\",\"@id\":\"https:\\\/\\\/www.itakaescolapios.org\\\/eu\\\/es\\\/#\\\/schema\\\/logo\\\/image\\\/\",\"url\":\"https:\\\/\\\/www.itakaescolapios.org\\\/wp-content\\\/uploads\\\/2024\\\/04\\\/Logo-itakaescolapios-peque.png\",\"contentUrl\":\"https:\\\/\\\/www.itakaescolapios.org\\\/wp-content\\\/uploads\\\/2024\\\/04\\\/Logo-itakaescolapios-peque.png\",\"width\":500,\"height\":199,\"caption\":\"Fundaci\u00f3 Itaka-Escolapios\"},\"image\":{\"@id\":\"https:\\\/\\\/www.itakaescolapios.org\\\/eu\\\/es\\\/#\\\/schema\\\/logo\\\/image\\\/\"}}]}<\/script>\n<!-- \/ Yoast SEO plugin. -->","yoast_head_json":{"title":"CENTRO COMUNITARIO CALASANZ CARORA (VENEZUELA)","description":"El Barrio la Lucha, es uno de los sectores con mayores necesidades socioecon\u00f3micas de la Parroquia San Jos\u00e9 de Calasanz e inclusive de Carora, Estado Lara. La Comunidad La Lucha, est\u00e1 enmarcada en una zona carente de los servicios b\u00e1sicos, el 70% de las viviendas son construcciones de lata, inestables e inseguras donde viven hacinados,&hellip;","robots":{"index":"index","follow":"follow","max-snippet":"max-snippet:-1","max-image-preview":"max-image-preview:large","max-video-preview":"max-video-preview:-1"},"canonical":"El Barrio la Lucha, es uno de los sectores con mayores necesidades socioecon\u00f3micas de la Parroquia San Jos\u00e9 de Calasanz e inclusive de Carora, Estado Lara. La Comunidad La Lucha, est\u00e1 enmarcada en una zona carente de los servicios b\u00e1sicos, el 70% de las viviendas son construcciones de lata, inestables e inseguras donde viven hacinados,&hellip;","og_locale":"en_US","og_type":"article","og_title":"CENTRO COMUNITARIO CALASANZ CARORA (VENEZUELA)","og_description":"El Barrio la Lucha, es uno de los sectores con mayores necesidades socioecon\u00f3micas de la Parroquia San Jos\u00e9 de Calasanz e inclusive de Carora, Estado Lara. La Comunidad La Lucha, est\u00e1 enmarcada en una zona carente de los servicios b\u00e1sicos, el 70% de las viviendas son construcciones de lata, inestables e inseguras donde viven hacinados,&hellip;","og_url":"https:\/\/www.itakaescolapios.org\/eu\/zer-egiten-dugu\/centros-socio-educativos\/centro-comunitario-calasanz-del-barrio-de-la-lucha\/","og_site_name":"Itaka-Escolapios","article_modified_time":"2023-11-28T11:39:16+00:00","og_image":[{"width":300,"height":225,"url":"https:\/\/www.itakaescolapios.org\/wp-content\/uploads\/2013\/10\/Carora-Centro.jpg","type":"image\/jpeg"}],"twitter_card":"summary_large_image","twitter_misc":{"Est. reading time":"1 minutua"},"schema":{"@context":"https:\/\/schema.org","@graph":[{"@type":"WebPage","@id":"https:\/\/www.itakaescolapios.org\/eu\/zer-egiten-dugu\/centros-socio-educativos\/centro-comunitario-calasanz-del-barrio-de-la-lucha\/","url":"https:\/\/www.itakaescolapios.org\/eu\/zer-egiten-dugu\/centros-socio-educativos\/centro-comunitario-calasanz-del-barrio-de-la-lucha\/","name":"CENTRO COMUNITARIO CALASANZ CARORA (VENEZUELA) - Itaka-Escolapios","isPartOf":{"@id":"https:\/\/www.itakaescolapios.org\/es\/#website"},"primaryImageOfPage":{"@id":"https:\/\/www.itakaescolapios.org\/eu\/zer-egiten-dugu\/centros-socio-educativos\/centro-comunitario-calasanz-del-barrio-de-la-lucha\/#primaryimage"},"image":{"@id":"https:\/\/www.itakaescolapios.org\/eu\/zer-egiten-dugu\/centros-socio-educativos\/centro-comunitario-calasanz-del-barrio-de-la-lucha\/#primaryimage"},"thumbnailUrl":"https:\/\/www.itakaescolapios.org\/wp-content\/uploads\/2013\/10\/Carora-Centro.jpg","datePublished":"2013-10-02T09:30:47+00:00","dateModified":"2023-11-28T11:39:16+00:00","breadcrumb":{"@id":"https:\/\/www.itakaescolapios.org\/eu\/zer-egiten-dugu\/centros-socio-educativos\/centro-comunitario-calasanz-del-barrio-de-la-lucha\/#breadcrumb"},"inLanguage":"eu","potentialAction":[{"@type":"ReadAction","target":["https:\/\/www.itakaescolapios.org\/eu\/zer-egiten-dugu\/centros-socio-educativos\/centro-comunitario-calasanz-del-barrio-de-la-lucha\/"]}]},{"@type":"ImageObject","inLanguage":"eu","@id":"https:\/\/www.itakaescolapios.org\/eu\/zer-egiten-dugu\/centros-socio-educativos\/centro-comunitario-calasanz-del-barrio-de-la-lucha\/#primaryimage","url":"https:\/\/www.itakaescolapios.org\/wp-content\/uploads\/2013\/10\/Carora-Centro.jpg","contentUrl":"https:\/\/www.itakaescolapios.org\/wp-content\/uploads\/2013\/10\/Carora-Centro.jpg","width":"300","height":"225"},{"@type":"BreadcrumbList","@id":"https:\/\/www.itakaescolapios.org\/eu\/zer-egiten-dugu\/centros-socio-educativos\/centro-comunitario-calasanz-del-barrio-de-la-lucha\/#breadcrumb","itemListElement":[{"@type":"ListItem","position":1,"name":"Itaka-Escolapios","item":"https:\/\/www.itakaescolapios.org\/es\/"},{"@type":"ListItem","position":2,"name":"Zer egiten dugu","item":"https:\/\/www.itakaescolapios.org\/es\/que-hacemos\/"},{"@type":"ListItem","position":3,"name":"Centros Socio-Educativos","item":"https:\/\/www.itakaescolapios.org\/es\/que-hacemos\/centros-socio-educativos\/"},{"@type":"ListItem","position":4,"name":"CENTRO COMUNITARIO CALASANZ CARORA (VENEZUELA)"}]},{"@type":"WebSite","@id":"https:\/\/www.itakaescolapios.org\/eu\/es\/#website","url":"https:\/\/www.itakaescolapios.org\/eu\/es\/","name":"Itaka-Escolapios","description":"Red de Itaka-Escolapios","publisher":{"@id":"https:\/\/www.itakaescolapios.org\/eu\/es\/#organization"},"potentialAction":[{"@type":"SearchAction","target":{"@type":"EntryPoint","urlTemplate":"https:\/\/www.itakaescolapios.org\/eu\/es\/?s={search_term_string}"},"query-input":{"@type":"PropertyValueSpecification","valueRequired":true,"valueName":"search_term_string"}}],"inLanguage":"eu"},{"@type":"Organization","@id":"https:\/\/www.itakaescolapios.org\/eu\/es\/#organization","name":"Fundaci\u00f3 Itaka-Escolapios","url":"https:\/\/www.itakaescolapios.org\/eu\/es\/","logo":{"@type":"ImageObject","inLanguage":"eu","@id":"https:\/\/www.itakaescolapios.org\/eu\/es\/#\/schema\/logo\/image\/","url":"https:\/\/www.itakaescolapios.org\/wp-content\/uploads\/2024\/04\/Logo-itakaescolapios-peque.png","contentUrl":"https:\/\/www.itakaescolapios.org\/wp-content\/uploads\/2024\/04\/Logo-itakaescolapios-peque.png","width":500,"height":199,"caption":"Fundaci\u00f3 Itaka-Escolapios"},"image":{"@id":"https:\/\/www.itakaescolapios.org\/eu\/es\/#\/schema\/logo\/image\/"}}]}},"_links":{"self":[{"href":"https:\/\/www.itakaescolapios.org\/eu\/wp-json\/wp\/v2\/pages\/7399","targetHints":{"allow":["GET"]}}],"collection":[{"href":"https:\/\/www.itakaescolapios.org\/eu\/wp-json\/wp\/v2\/pages"}],"about":[{"href":"https:\/\/www.itakaescolapios.org\/eu\/wp-json\/wp\/v2\/types\/page"}],"author":[{"embeddable":true,"href":"https:\/\/www.itakaescolapios.org\/eu\/wp-json\/wp\/v2\/users\/46"}],"replies":[{"embeddable":true,"href":"https:\/\/www.itakaescolapios.org\/eu\/wp-json\/wp\/v2\/comments?post=7399"}],"version-history":[{"count":16,"href":"https:\/\/www.itakaescolapios.org\/eu\/wp-json\/wp\/v2\/pages\/7399\/revisions"}],"predecessor-version":[{"id":49424,"href":"https:\/\/www.itakaescolapios.org\/eu\/wp-json\/wp\/v2\/pages\/7399\/revisions\/49424"}],"up":[{"embeddable":true,"href":"https:\/\/www.itakaescolapios.org\/eu\/wp-json\/wp\/v2\/pages\/83"}],"wp:featuredmedia":[{"embeddable":true,"href":"https:\/\/www.itakaescolapios.org\/eu\/wp-json\/wp\/v2\/media\/7444"}],"wp:attachment":[{"href":"https:\/\/www.itakaescolapios.org\/eu\/wp-json\/wp\/v2\/media?parent=7399"}],"curies":[{"name":"wp","href":"https:\/\/api.w.org\/{rel}","templated":true}]}}