{"id":85,"date":"2012-05-24T17:05:45","date_gmt":"2012-05-24T16:05:45","guid":{"rendered":"https:\/\/www.itakaescolapios.org\/?page_id=85"},"modified":"2023-11-28T12:39:51","modified_gmt":"2023-11-28T11:39:51","slug":"centros-pastoral-jovenes","status":"publish","type":"page","link":"https:\/\/www.itakaescolapios.org\/eu\/zer-egiten-dugu\/centros-pastoral-jovenes\/","title":{"rendered":"Movimiento Calasanz"},"content":{"rendered":"<pre><code>[meteor_slideshow slideshow=\"movimiento-calasanz\"]<\/code><\/pre>\n<p>El Movimiento Calasanz es <strong><span style=\"color: #808000;\">la comuni\u00f3n de grupos <\/span><\/strong><span style=\"color: #808000;\"><span style=\"color: #000000;\">de distintas Demarcaciones <\/span><\/span><strong><span style=\"color: #808000;\">de toda la geograf\u00eda escolapia<\/span><\/strong>, que se unen en <strong><span style=\"color: #808000;\">una misma propuesta educativa y evangelizadora<\/span><\/strong>, inspirada en el esp\u00edritu y el estilo de Calasanz.<\/p>\n<p>Este Movimiento quiere reforzar las realidades ya existentes, poni\u00e9ndolas en conexi\u00f3n, para enriquecerse mutuamente, para <strong><span style=\"color: #808000;\">ganar en identidad escolapia<\/span> <\/strong>y para ofrecer horizonte pastoral a quienes lo necesiten en este momento.<\/p>\n<p>El Movimiento Calasanz supone un <strong><span style=\"color: #808000;\">itinerario continuo<\/span> <\/strong>de diferentes experiencias y para todas las edades que pretende posibilitar un proceso personal, vivido en grupo, de descubrimiento y maduraci\u00f3n de la propia vocaci\u00f3n as\u00ed como una clara inserci\u00f3n eclesial.<\/p>\n<p>A continuaci\u00f3n puedes descargarte <strong><span style=\"color: #808000;\"><a href=\"https:\/\/www.itakaescolapios.org\/wp-content\/uploads\/2012\/05\/PROYECTO-EDUCATIVO-MOVCALASANZEMAUSweb.pdf\"><span style=\"color: #808000;\">PROYECTO EDUCATIVO DEL MOVIMIENTO CALASANZ PARA EMA\u00daS<\/span><\/a><\/span><\/strong><\/p>\n<p>&nbsp;<\/p>\n<p>&nbsp;<\/p>\n<p>&nbsp;<\/p>\n<p>&nbsp;<\/p>\n<p>&nbsp;<\/p>\n<p>&nbsp;<\/p>\n<p>&nbsp;<\/p>\n<p>&nbsp;<\/p>\n<p>&nbsp;<\/p>\n<p>&nbsp;<\/p>\n<p>&nbsp;<\/p>\n<p>&nbsp;<\/p>\n<p>&nbsp;<\/p>\n<p>&nbsp;<\/p>\n<p>&nbsp;<\/p>\n<p>&nbsp;<\/p>\n<p>&nbsp;<\/p>\n<p>&nbsp;<\/p>\n<p>&nbsp;<\/p>\n<p>&nbsp;<\/p>\n<p>&nbsp;<\/p>\n<p>&nbsp;<\/p>\n<p>&nbsp;<\/p>\n<p>&nbsp;<\/p>\n<p>&nbsp;<\/p>\n<p>&nbsp;<\/p>\n<p>&nbsp;<\/p>\n<p>&nbsp;<\/p>\n<p>&nbsp;<\/p>\n<p>&nbsp;<\/p>\n<p>&nbsp;<\/p>\n<p>&nbsp;<\/p>\n<p>&nbsp;<\/p>\n<p>&nbsp;<\/p>\n<p>&nbsp;<\/p>\n<p>&nbsp;<\/p>\n<p>&nbsp;<\/p>\n<p>&nbsp;<\/p>\n<p>&nbsp;<\/p>\n<p>&nbsp;<\/p>\n<p>&nbsp;<\/p>\n<p>&nbsp;<\/p>\n<p>&nbsp;<\/p>\n<p>&nbsp;<\/p>\n<p>&nbsp;<\/p>\n<p>&nbsp;<\/p>\n<p>&nbsp;<\/p>\n<p>&nbsp;<\/p>\n<p>&nbsp;<\/p>\n<p>&nbsp;<\/p>\n<p>&nbsp;<\/p>\n<p>&nbsp;<\/p>\n<p>&nbsp;<\/p>\n<p>&nbsp;<\/p>\n<p>&nbsp;<\/p>\n<p>&nbsp;<\/p>\n<p>&nbsp;<\/p>\n<p>&nbsp;<\/p>\n<p>&nbsp;<\/p>\n<p>&nbsp;<\/p>\n<p>&nbsp;<\/p>\n<p>&nbsp;<\/p>\n<p>&nbsp;<\/p>\n<p>&nbsp;<\/p>\n<p>&nbsp;<\/p>\n<p>&nbsp;<\/p>\n<p>&nbsp;<\/p>\n<p>&nbsp;<\/p>\n<p>&nbsp;<\/p>\n<p>&nbsp;<\/p>\n<p>&nbsp;<\/p>\n<p>&nbsp;<\/p>\n<p>&nbsp;<\/p>\n<p>&nbsp;<\/p>\n<p>&nbsp;<\/p>\n<p>&nbsp;<\/p>\n<p>&nbsp;<\/p>\n<p>&nbsp;<\/p>\n<p>&nbsp;<\/p>\n<p>&nbsp;<\/p>\n<p>&nbsp;<\/p>\n<p>&nbsp;<\/p>\n<p>&nbsp;<\/p>\n<p>&nbsp;<\/p>\n<p>&nbsp;<\/p>\n<p>&nbsp;<\/p>\n<p>&nbsp;<\/p>\n<p>&nbsp;<\/p>\n<p>&nbsp;<\/p>\n<p>&nbsp;<\/p>\n<p>&nbsp;<\/p>\n<p>&nbsp;<\/p>\n<p>&nbsp;<\/p>\n<p>&nbsp;<\/p>\n<p>&nbsp;<\/p>\n<p>&nbsp;<\/p>\n<p>&nbsp;<\/p>\n<p>&nbsp;<\/p>\n<p>&nbsp;<\/p>\n<p>&nbsp;<\/p>\n<p>&nbsp;<\/p>\n<p>&nbsp;<\/p>\n<p>&nbsp;<\/p>\n<p>&nbsp;<\/p>\n<p>&nbsp;<\/p>\n<p>&nbsp;<\/p>\n<p>&nbsp;<\/p>\n<p>&nbsp;<\/p>\n<p>&nbsp;<\/p>\n<p>&nbsp;<\/p>\n<p>&nbsp;<!--more--><\/p>\n","protected":false},"excerpt":{"rendered":"<p>[meteor_slideshow slideshow=&#8221;movimiento-calasanz&#8221;] El Movimiento Calasanz es la comuni\u00f3n de grupos de distintas Demarcaciones de toda la geograf\u00eda escolapia, que se unen en una misma propuesta educativa y evangelizadora, inspirada en [&hellip;]<\/p>\n","protected":false},"author":1,"featured_media":0,"parent":5,"menu_order":5,"comment_status":"closed","ping_status":"closed","template":"","meta":{"_et_pb_use_builder":"","_et_pb_old_content":"","_et_gb_content_width":"","footnotes":""},"class_list":["post-85","page","type-page","status-publish","hentry"],"yoast_head":"<!-- This site is optimized with the Yoast SEO plugin v27.3 - https:\/\/yoast.com\/product\/yoast-seo-wordpress\/ -->\n<title>Movimiento Calasanz<\/title>\n<meta name=\"description\" content=\"[meteor_slideshow slideshow=&quot;movimiento-calasanz&quot;] El Movimiento Calasanz es la comuni\u00f3n de grupos de distintas Demarcaciones de toda la geograf\u00eda escolapia, que se unen en una misma propuesta educativa y evangelizadora, inspirada en el esp\u00edritu y el estilo de Calasanz. Este Movimiento quiere reforzar las realidades ya existentes, poni\u00e9ndolas en conexi\u00f3n, para enriquecerse mutuamente, para ganar en identidad&hellip;\" \/>\n<meta name=\"robots\" content=\"index, follow, max-snippet:-1, max-image-preview:large, max-video-preview:-1\" \/>\n<link rel=\"canonical\" href=\"http:\/\/[meteor_slideshow%20slideshow=movimiento-calasanz]%20El%20Movimiento%20Calasanz%20es%20la%20comuni\u00f3n%20de%20grupos%20de%20distintas%20Demarcaciones%20de%20toda%20la%20geograf\u00eda%20escolapia,%20que%20se%20unen%20en%20una%20misma%20propuesta%20educativa%20y%20evangelizadora,%20inspirada%20en%20el%20esp\u00edritu%20y%20el%20estilo%20de%20Calasanz.%20Este%20Movimiento%20quiere%20reforzar%20las%20realidades%20ya%20existentes,%20poni\u00e9ndolas%20en%20conexi\u00f3n,%20para%20enriquecerse%20mutuamente,%20para%20ganar%20en%20identidad&hellip;\" \/>\n<meta property=\"og:locale\" content=\"en_US\" \/>\n<meta property=\"og:type\" content=\"article\" \/>\n<meta property=\"og:title\" content=\"Movimiento Calasanz\" \/>\n<meta property=\"og:description\" content=\"[meteor_slideshow slideshow=&quot;movimiento-calasanz&quot;] El Movimiento Calasanz es la comuni\u00f3n de grupos de distintas Demarcaciones de toda la geograf\u00eda escolapia, que se unen en una misma propuesta educativa y evangelizadora, inspirada en el esp\u00edritu y el estilo de Calasanz. Este Movimiento quiere reforzar las realidades ya existentes, poni\u00e9ndolas en conexi\u00f3n, para enriquecerse mutuamente, para ganar en identidad&hellip;\" \/>\n<meta property=\"og:url\" content=\"https:\/\/www.itakaescolapios.org\/eu\/zer-egiten-dugu\/centros-pastoral-jovenes\/\" \/>\n<meta property=\"og:site_name\" content=\"Itaka-Escolapios\" \/>\n<meta property=\"article:modified_time\" content=\"2023-11-28T11:39:51+00:00\" \/>\n<meta name=\"twitter:card\" content=\"summary_large_image\" \/>\n<meta name=\"twitter:label1\" content=\"Est. reading time\" \/>\n\t<meta name=\"twitter:data1\" content=\"1 minutua\" \/>\n<script type=\"application\/ld+json\" class=\"yoast-schema-graph\">{\"@context\":\"https:\\\/\\\/schema.org\",\"@graph\":[{\"@type\":\"WebPage\",\"@id\":\"https:\\\/\\\/www.itakaescolapios.org\\\/eu\\\/zer-egiten-dugu\\\/centros-pastoral-jovenes\\\/\",\"url\":\"https:\\\/\\\/www.itakaescolapios.org\\\/eu\\\/zer-egiten-dugu\\\/centros-pastoral-jovenes\\\/\",\"name\":\"Movimiento Calasanz - Itaka-Escolapios\",\"isPartOf\":{\"@id\":\"https:\\\/\\\/www.itakaescolapios.org\\\/es\\\/#website\"},\"datePublished\":\"2012-05-24T16:05:45+00:00\",\"dateModified\":\"2023-11-28T11:39:51+00:00\",\"breadcrumb\":{\"@id\":\"https:\\\/\\\/www.itakaescolapios.org\\\/eu\\\/zer-egiten-dugu\\\/centros-pastoral-jovenes\\\/#breadcrumb\"},\"inLanguage\":\"eu\",\"potentialAction\":[{\"@type\":\"ReadAction\",\"target\":[\"https:\\\/\\\/www.itakaescolapios.org\\\/eu\\\/zer-egiten-dugu\\\/centros-pastoral-jovenes\\\/\"]}]},{\"@type\":\"BreadcrumbList\",\"@id\":\"https:\\\/\\\/www.itakaescolapios.org\\\/eu\\\/zer-egiten-dugu\\\/centros-pastoral-jovenes\\\/#breadcrumb\",\"itemListElement\":[{\"@type\":\"ListItem\",\"position\":1,\"name\":\"Itaka-Escolapios\",\"item\":\"https:\\\/\\\/www.itakaescolapios.org\\\/es\\\/\"},{\"@type\":\"ListItem\",\"position\":2,\"name\":\"Zer egiten dugu\",\"item\":\"https:\\\/\\\/www.itakaescolapios.org\\\/es\\\/que-hacemos\\\/\"},{\"@type\":\"ListItem\",\"position\":3,\"name\":\"Movimiento Calasanz\"}]},{\"@type\":\"WebSite\",\"@id\":\"https:\\\/\\\/www.itakaescolapios.org\\\/eu\\\/es\\\/#website\",\"url\":\"https:\\\/\\\/www.itakaescolapios.org\\\/eu\\\/es\\\/\",\"name\":\"Itaka-Escolapios\",\"description\":\"Red de Itaka-Escolapios\",\"publisher\":{\"@id\":\"https:\\\/\\\/www.itakaescolapios.org\\\/eu\\\/es\\\/#organization\"},\"potentialAction\":[{\"@type\":\"SearchAction\",\"target\":{\"@type\":\"EntryPoint\",\"urlTemplate\":\"https:\\\/\\\/www.itakaescolapios.org\\\/eu\\\/es\\\/?s={search_term_string}\"},\"query-input\":{\"@type\":\"PropertyValueSpecification\",\"valueRequired\":true,\"valueName\":\"search_term_string\"}}],\"inLanguage\":\"eu\"},{\"@type\":\"Organization\",\"@id\":\"https:\\\/\\\/www.itakaescolapios.org\\\/eu\\\/es\\\/#organization\",\"name\":\"Fundaci\u00f3 Itaka-Escolapios\",\"url\":\"https:\\\/\\\/www.itakaescolapios.org\\\/eu\\\/es\\\/\",\"logo\":{\"@type\":\"ImageObject\",\"inLanguage\":\"eu\",\"@id\":\"https:\\\/\\\/www.itakaescolapios.org\\\/eu\\\/es\\\/#\\\/schema\\\/logo\\\/image\\\/\",\"url\":\"https:\\\/\\\/www.itakaescolapios.org\\\/wp-content\\\/uploads\\\/2024\\\/04\\\/Logo-itakaescolapios-peque.png\",\"contentUrl\":\"https:\\\/\\\/www.itakaescolapios.org\\\/wp-content\\\/uploads\\\/2024\\\/04\\\/Logo-itakaescolapios-peque.png\",\"width\":500,\"height\":199,\"caption\":\"Fundaci\u00f3 Itaka-Escolapios\"},\"image\":{\"@id\":\"https:\\\/\\\/www.itakaescolapios.org\\\/eu\\\/es\\\/#\\\/schema\\\/logo\\\/image\\\/\"}}]}<\/script>\n<!-- \/ Yoast SEO plugin. -->","yoast_head_json":{"title":"Movimiento Calasanz","description":"[meteor_slideshow slideshow=\"movimiento-calasanz\"] El Movimiento Calasanz es la comuni\u00f3n de grupos de distintas Demarcaciones de toda la geograf\u00eda escolapia, que se unen en una misma propuesta educativa y evangelizadora, inspirada en el esp\u00edritu y el estilo de Calasanz. Este Movimiento quiere reforzar las realidades ya existentes, poni\u00e9ndolas en conexi\u00f3n, para enriquecerse mutuamente, para ganar en identidad&hellip;","robots":{"index":"index","follow":"follow","max-snippet":"max-snippet:-1","max-image-preview":"max-image-preview:large","max-video-preview":"max-video-preview:-1"},"canonical":"[meteor_slideshow slideshow=\"movimiento-calasanz\"] El Movimiento Calasanz es la comuni\u00f3n de grupos de distintas Demarcaciones de toda la geograf\u00eda escolapia, que se unen en una misma propuesta educativa y evangelizadora, inspirada en el esp\u00edritu y el estilo de Calasanz. Este Movimiento quiere reforzar las realidades ya existentes, poni\u00e9ndolas en conexi\u00f3n, para enriquecerse mutuamente, para ganar en identidad&hellip;","og_locale":"en_US","og_type":"article","og_title":"Movimiento Calasanz","og_description":"[meteor_slideshow slideshow=\"movimiento-calasanz\"] El Movimiento Calasanz es la comuni\u00f3n de grupos de distintas Demarcaciones de toda la geograf\u00eda escolapia, que se unen en una misma propuesta educativa y evangelizadora, inspirada en el esp\u00edritu y el estilo de Calasanz. Este Movimiento quiere reforzar las realidades ya existentes, poni\u00e9ndolas en conexi\u00f3n, para enriquecerse mutuamente, para ganar en identidad&hellip;","og_url":"https:\/\/www.itakaescolapios.org\/eu\/zer-egiten-dugu\/centros-pastoral-jovenes\/","og_site_name":"Itaka-Escolapios","article_modified_time":"2023-11-28T11:39:51+00:00","twitter_card":"summary_large_image","twitter_misc":{"Est. reading time":"1 minutua"},"schema":{"@context":"https:\/\/schema.org","@graph":[{"@type":"WebPage","@id":"https:\/\/www.itakaescolapios.org\/eu\/zer-egiten-dugu\/centros-pastoral-jovenes\/","url":"https:\/\/www.itakaescolapios.org\/eu\/zer-egiten-dugu\/centros-pastoral-jovenes\/","name":"Movimiento Calasanz - Itaka-Escolapios","isPartOf":{"@id":"https:\/\/www.itakaescolapios.org\/es\/#website"},"datePublished":"2012-05-24T16:05:45+00:00","dateModified":"2023-11-28T11:39:51+00:00","breadcrumb":{"@id":"https:\/\/www.itakaescolapios.org\/eu\/zer-egiten-dugu\/centros-pastoral-jovenes\/#breadcrumb"},"inLanguage":"eu","potentialAction":[{"@type":"ReadAction","target":["https:\/\/www.itakaescolapios.org\/eu\/zer-egiten-dugu\/centros-pastoral-jovenes\/"]}]},{"@type":"BreadcrumbList","@id":"https:\/\/www.itakaescolapios.org\/eu\/zer-egiten-dugu\/centros-pastoral-jovenes\/#breadcrumb","itemListElement":[{"@type":"ListItem","position":1,"name":"Itaka-Escolapios","item":"https:\/\/www.itakaescolapios.org\/es\/"},{"@type":"ListItem","position":2,"name":"Zer egiten dugu","item":"https:\/\/www.itakaescolapios.org\/es\/que-hacemos\/"},{"@type":"ListItem","position":3,"name":"Movimiento Calasanz"}]},{"@type":"WebSite","@id":"https:\/\/www.itakaescolapios.org\/eu\/es\/#website","url":"https:\/\/www.itakaescolapios.org\/eu\/es\/","name":"Itaka-Escolapios","description":"Red de Itaka-Escolapios","publisher":{"@id":"https:\/\/www.itakaescolapios.org\/eu\/es\/#organization"},"potentialAction":[{"@type":"SearchAction","target":{"@type":"EntryPoint","urlTemplate":"https:\/\/www.itakaescolapios.org\/eu\/es\/?s={search_term_string}"},"query-input":{"@type":"PropertyValueSpecification","valueRequired":true,"valueName":"search_term_string"}}],"inLanguage":"eu"},{"@type":"Organization","@id":"https:\/\/www.itakaescolapios.org\/eu\/es\/#organization","name":"Fundaci\u00f3 Itaka-Escolapios","url":"https:\/\/www.itakaescolapios.org\/eu\/es\/","logo":{"@type":"ImageObject","inLanguage":"eu","@id":"https:\/\/www.itakaescolapios.org\/eu\/es\/#\/schema\/logo\/image\/","url":"https:\/\/www.itakaescolapios.org\/wp-content\/uploads\/2024\/04\/Logo-itakaescolapios-peque.png","contentUrl":"https:\/\/www.itakaescolapios.org\/wp-content\/uploads\/2024\/04\/Logo-itakaescolapios-peque.png","width":500,"height":199,"caption":"Fundaci\u00f3 Itaka-Escolapios"},"image":{"@id":"https:\/\/www.itakaescolapios.org\/eu\/es\/#\/schema\/logo\/image\/"}}]}},"_links":{"self":[{"href":"https:\/\/www.itakaescolapios.org\/eu\/wp-json\/wp\/v2\/pages\/85","targetHints":{"allow":["GET"]}}],"collection":[{"href":"https:\/\/www.itakaescolapios.org\/eu\/wp-json\/wp\/v2\/pages"}],"about":[{"href":"https:\/\/www.itakaescolapios.org\/eu\/wp-json\/wp\/v2\/types\/page"}],"author":[{"embeddable":true,"href":"https:\/\/www.itakaescolapios.org\/eu\/wp-json\/wp\/v2\/users\/1"}],"replies":[{"embeddable":true,"href":"https:\/\/www.itakaescolapios.org\/eu\/wp-json\/wp\/v2\/comments?post=85"}],"version-history":[{"count":25,"href":"https:\/\/www.itakaescolapios.org\/eu\/wp-json\/wp\/v2\/pages\/85\/revisions"}],"predecessor-version":[{"id":50346,"href":"https:\/\/www.itakaescolapios.org\/eu\/wp-json\/wp\/v2\/pages\/85\/revisions\/50346"}],"up":[{"embeddable":true,"href":"https:\/\/www.itakaescolapios.org\/eu\/wp-json\/wp\/v2\/pages\/5"}],"wp:attachment":[{"href":"https:\/\/www.itakaescolapios.org\/eu\/wp-json\/wp\/v2\/media?parent=85"}],"curies":[{"name":"wp","href":"https:\/\/api.w.org\/{rel}","templated":true}]}}